{"id":102534,"date":"2020-06-30T15:56:51","date_gmt":"2020-06-30T13:56:51","guid":{"rendered":"https:\/\/www.vetorino.com\/boutique\/product\/spray-refrigerant-icecool-preparation-de-lecornage\/"},"modified":"2026-03-31T02:42:09","modified_gmt":"2026-03-31T00:42:09","slug":"spray-refrigerant-icecool-preparation-de-lecornage","status":"publish","type":"product","link":"https:\/\/www.vetorino.com\/veterinaire\/baumelesdames-25110\/boutique\/product\/spray-refrigerant-icecool-preparation-de-lecornage\/","title":{"rendered":"Spray r\u00e9frig\u00e9rant IceCool Pr\u00e9paration de l&#8217;\u00e9cornage"},"content":{"rendered":"<div class='hidden'>MATERIEL<\/div>\n<div class='hidden'>Bovins<\/div>\n<p>Pour traitement par choc thermique, les zones gel&eacute;es sont moins sensibles &agrave; la douleur.<\/p>\n<ul>\n<li>Pr&eacute;coniser pour la pr&eacute;paration de l&#039;&eacute;cornage.<\/li>\n<li>Utilisation facile.<\/li>\n<\/ul>\n","protected":false},"excerpt":{"rendered":"<p>MATERIEL Bovins Pour traitement par choc thermique, les zones gel&eacute;es sont moins sensibles &agrave; la douleur. Pr&eacute;coniser pour la pr&eacute;paration de l&#039;&eacute;cornage. Utilisation facile.<\/p>\n","protected":false},"featured_media":102533,"template":"","meta":[],"product_cat":[6864,6870],"product_tag":[],"class_list":{"0":"post-102534","1":"product","2":"type-product","3":"status-publish","4":"has-post-thumbnail","6":"product_cat-animaux-delevage","7":"product_cat-bovins","8":"pa_marque-materiel","10":"first","11":"instock","12":"taxable","13":"shipping-taxable","14":"purchasable","15":"product-type-simple"},"yoast_head":"<!-- This site is optimized with the Yoast SEO plugin v27.3 - https:\/\/yoast.com\/product\/yoast-seo-wordpress\/ -->\n<title>Spray r\u00e9frig\u00e9rant IceCool Pr\u00e9paration de l&#039;\u00e9cornage Mat\u00e9riel - V\u00e9torino<\/title>\n<meta name=\"description\" content=\"MATERIELBovinsPour traitement par choc thermique, les zones gel&eacute;es sont moins sensibles &agrave; la douleur. Pr&eacute;coniser pour la\" \/>\n<meta name=\"robots\" content=\"noindex, nofollow\" \/>\n<meta property=\"og:locale\" content=\"fr_FR\" \/>\n<meta property=\"og:type\" content=\"article\" \/>\n<meta property=\"og:title\" content=\"Spray r\u00e9frig\u00e9rant IceCool Pr\u00e9paration de l&#039;\u00e9cornage Mat\u00e9riel - V\u00e9torino\" \/>\n<meta property=\"og:description\" content=\"MATERIELBovinsPour traitement par choc thermique, les zones gel&eacute;es sont moins sensibles &agrave; la douleur. Pr&eacute;coniser pour la\" \/>\n<meta property=\"og:url\" content=\"https:\/\/www.vetorino.com\/veterinaire\/baumelesdames-25110\/boutique\/product\/spray-refrigerant-icecool-preparation-de-lecornage\/\" \/>\n<meta property=\"og:site_name\" content=\"V\u00e9torino\" \/>\n<meta property=\"article:publisher\" content=\"https:\/\/www.facebook.com\/Vetorino\/\" \/>\n<meta property=\"article:modified_time\" content=\"2026-03-31T00:42:09+00:00\" \/>\n<meta property=\"og:image\" content=\"https:\/\/www.vetorino.com\/boutique\/wp-content\/uploads\/2020\/06\/FilsSPR411FormatMediumTypeIM.jpg\" \/>\n\t<meta property=\"og:image:width\" content=\"400\" \/>\n\t<meta property=\"og:image:height\" content=\"400\" \/>\n\t<meta property=\"og:image:type\" content=\"image\/jpeg\" \/>\n<meta name=\"twitter:card\" content=\"summary_large_image\" \/>\n<meta name=\"twitter:label1\" content=\"Prix\" \/>\n\t<meta name=\"twitter:data1\" content=\"12,24&euro;\" \/>\n\t<meta name=\"twitter:label2\" content=\"Disponibilit\u00e9\" \/>\n\t<meta name=\"twitter:data2\" content=\"En stock\" \/>\n<script type=\"application\/ld+json\" class=\"yoast-schema-graph\">{\"@context\":\"https:\\\/\\\/schema.org\",\"@graph\":[{\"@type\":\"WebPage\",\"@id\":\"https:\\\/\\\/www.vetorino.com\\\/boutique\\\/product\\\/spray-refrigerant-icecool-preparation-de-lecornage\\\/\",\"url\":\"https:\\\/\\\/www.vetorino.com\\\/boutique\\\/product\\\/spray-refrigerant-icecool-preparation-de-lecornage\\\/\",\"name\":\"Spray r\u00e9frig\u00e9rant IceCool Pr\u00e9paration de l'\u00e9cornage Mat\u00e9riel - V\u00e9torino\",\"isPartOf\":{\"@id\":\"https:\\\/\\\/www.vetorino.com\\\/boutique\\\/#website\"},\"primaryImageOfPage\":{\"@id\":\"https:\\\/\\\/www.vetorino.com\\\/boutique\\\/product\\\/spray-refrigerant-icecool-preparation-de-lecornage\\\/#primaryimage\"},\"image\":{\"@id\":\"https:\\\/\\\/www.vetorino.com\\\/boutique\\\/product\\\/spray-refrigerant-icecool-preparation-de-lecornage\\\/#primaryimage\"},\"thumbnailUrl\":\"https:\\\/\\\/www.vetorino.com\\\/boutique\\\/wp-content\\\/uploads\\\/2020\\\/06\\\/FilsSPR411FormatMediumTypeIM.jpg\",\"datePublished\":\"2020-06-30T13:56:51+00:00\",\"dateModified\":\"2026-03-31T00:42:09+00:00\",\"description\":\"MATERIELBovinsPour traitement par choc thermique, les zones gel&eacute;es sont moins sensibles &agrave; la douleur. Pr&eacute;coniser pour la\",\"breadcrumb\":{\"@id\":\"https:\\\/\\\/www.vetorino.com\\\/boutique\\\/product\\\/spray-refrigerant-icecool-preparation-de-lecornage\\\/#breadcrumb\"},\"inLanguage\":\"fr-FR\",\"potentialAction\":[{\"@type\":\"ReadAction\",\"target\":[\"https:\\\/\\\/www.vetorino.com\\\/boutique\\\/product\\\/spray-refrigerant-icecool-preparation-de-lecornage\\\/\"]}]},{\"@type\":\"ImageObject\",\"inLanguage\":\"fr-FR\",\"@id\":\"https:\\\/\\\/www.vetorino.com\\\/boutique\\\/product\\\/spray-refrigerant-icecool-preparation-de-lecornage\\\/#primaryimage\",\"url\":\"https:\\\/\\\/www.vetorino.com\\\/boutique\\\/wp-content\\\/uploads\\\/2020\\\/06\\\/FilsSPR411FormatMediumTypeIM.jpg\",\"contentUrl\":\"https:\\\/\\\/www.vetorino.com\\\/boutique\\\/wp-content\\\/uploads\\\/2020\\\/06\\\/FilsSPR411FormatMediumTypeIM.jpg\",\"width\":400,\"height\":400},{\"@type\":\"BreadcrumbList\",\"@id\":\"https:\\\/\\\/www.vetorino.com\\\/boutique\\\/product\\\/spray-refrigerant-icecool-preparation-de-lecornage\\\/#breadcrumb\",\"itemListElement\":[{\"@type\":\"ListItem\",\"position\":1,\"name\":\"Accueil\",\"item\":\"https:\\\/\\\/www.vetorino.com\\\/boutique\\\/\"},{\"@type\":\"ListItem\",\"position\":2,\"name\":\"Produits\",\"item\":\"https:\\\/\\\/www.vetorino.com\\\/boutique\\\/\"},{\"@type\":\"ListItem\",\"position\":3,\"name\":\"Spray r\u00e9frig\u00e9rant IceCool Pr\u00e9paration de l&#8217;\u00e9cornage\"}]},{\"@type\":\"WebSite\",\"@id\":\"https:\\\/\\\/www.vetorino.com\\\/boutique\\\/#website\",\"url\":\"https:\\\/\\\/www.vetorino.com\\\/boutique\\\/\",\"name\":\"V\u00e9torino\",\"description\":\"\",\"publisher\":{\"@id\":\"https:\\\/\\\/www.vetorino.com\\\/boutique\\\/#organization\"},\"potentialAction\":[{\"@type\":\"SearchAction\",\"target\":{\"@type\":\"EntryPoint\",\"urlTemplate\":\"https:\\\/\\\/www.vetorino.com\\\/boutique\\\/?s={search_term_string}\"},\"query-input\":{\"@type\":\"PropertyValueSpecification\",\"valueRequired\":true,\"valueName\":\"search_term_string\"}}],\"inLanguage\":\"fr-FR\"},{\"@type\":\"Organization\",\"@id\":\"https:\\\/\\\/www.vetorino.com\\\/boutique\\\/#organization\",\"name\":\"V\u00e9torino\",\"url\":\"https:\\\/\\\/www.vetorino.com\\\/boutique\\\/\",\"logo\":{\"@type\":\"ImageObject\",\"inLanguage\":\"fr-FR\",\"@id\":\"https:\\\/\\\/www.vetorino.com\\\/boutique\\\/#\\\/schema\\\/logo\\\/image\\\/\",\"url\":\"https:\\\/\\\/www.vetorino.com\\\/boutique\\\/wp-content\\\/uploads\\\/2024\\\/10\\\/logo.jpg\",\"contentUrl\":\"https:\\\/\\\/www.vetorino.com\\\/boutique\\\/wp-content\\\/uploads\\\/2024\\\/10\\\/logo.jpg\",\"width\":1200,\"height\":610,\"caption\":\"V\u00e9torino\"},\"image\":{\"@id\":\"https:\\\/\\\/www.vetorino.com\\\/boutique\\\/#\\\/schema\\\/logo\\\/image\\\/\"},\"sameAs\":[\"https:\\\/\\\/www.facebook.com\\\/Vetorino\\\/\",\"https:\\\/\\\/www.instagram.com\\\/vetorino_off\\\/\",\"https:\\\/\\\/www.linkedin.com\\\/company\\\/vtorino\\\/\"]}]}<\/script>\n<meta property=\"product:brand\" content=\"Mat\u00e9riel\" \/>\n<meta property=\"product:price:amount\" content=\"12.24\" \/>\n<meta property=\"product:price:currency\" content=\"EUR\" \/>\n<meta property=\"og:availability\" content=\"instock\" \/>\n<meta property=\"product:availability\" content=\"instock\" \/>\n<meta property=\"product:retailer_item_id\" content=\"C-SPR411\" \/>\n<meta property=\"product:condition\" content=\"new\" \/>\n<!-- \/ Yoast SEO plugin. -->","yoast_head_json":{"title":"Spray r\u00e9frig\u00e9rant IceCool Pr\u00e9paration de l'\u00e9cornage Mat\u00e9riel - V\u00e9torino","description":"MATERIELBovinsPour traitement par choc thermique, les zones gel&eacute;es sont moins sensibles &agrave; la douleur. Pr&eacute;coniser pour la","robots":{"index":"noindex","follow":"nofollow"},"og_locale":"fr_FR","og_type":"article","og_title":"Spray r\u00e9frig\u00e9rant IceCool Pr\u00e9paration de l'\u00e9cornage Mat\u00e9riel - V\u00e9torino","og_description":"MATERIELBovinsPour traitement par choc thermique, les zones gel&eacute;es sont moins sensibles &agrave; la douleur. Pr&eacute;coniser pour la","og_url":"https:\/\/www.vetorino.com\/veterinaire\/baumelesdames-25110\/boutique\/product\/spray-refrigerant-icecool-preparation-de-lecornage\/","og_site_name":"V\u00e9torino","article_publisher":"https:\/\/www.facebook.com\/Vetorino\/","article_modified_time":"2026-03-31T00:42:09+00:00","og_image":[{"width":400,"height":400,"url":"https:\/\/www.vetorino.com\/boutique\/wp-content\/uploads\/2020\/06\/FilsSPR411FormatMediumTypeIM.jpg","type":"image\/jpeg"}],"twitter_card":"summary_large_image","twitter_misc":{"Prix":"12,24&euro;","Disponibilit\u00e9":"En stock"},"schema":{"@context":"https:\/\/schema.org","@graph":[{"@type":"WebPage","@id":"https:\/\/www.vetorino.com\/boutique\/product\/spray-refrigerant-icecool-preparation-de-lecornage\/","url":"https:\/\/www.vetorino.com\/boutique\/product\/spray-refrigerant-icecool-preparation-de-lecornage\/","name":"Spray r\u00e9frig\u00e9rant IceCool Pr\u00e9paration de l'\u00e9cornage Mat\u00e9riel - V\u00e9torino","isPartOf":{"@id":"https:\/\/www.vetorino.com\/boutique\/#website"},"primaryImageOfPage":{"@id":"https:\/\/www.vetorino.com\/boutique\/product\/spray-refrigerant-icecool-preparation-de-lecornage\/#primaryimage"},"image":{"@id":"https:\/\/www.vetorino.com\/boutique\/product\/spray-refrigerant-icecool-preparation-de-lecornage\/#primaryimage"},"thumbnailUrl":"https:\/\/www.vetorino.com\/boutique\/wp-content\/uploads\/2020\/06\/FilsSPR411FormatMediumTypeIM.jpg","datePublished":"2020-06-30T13:56:51+00:00","dateModified":"2026-03-31T00:42:09+00:00","description":"MATERIELBovinsPour traitement par choc thermique, les zones gel&eacute;es sont moins sensibles &agrave; la douleur. Pr&eacute;coniser pour la","breadcrumb":{"@id":"https:\/\/www.vetorino.com\/boutique\/product\/spray-refrigerant-icecool-preparation-de-lecornage\/#breadcrumb"},"inLanguage":"fr-FR","potentialAction":[{"@type":"ReadAction","target":["https:\/\/www.vetorino.com\/boutique\/product\/spray-refrigerant-icecool-preparation-de-lecornage\/"]}]},{"@type":"ImageObject","inLanguage":"fr-FR","@id":"https:\/\/www.vetorino.com\/boutique\/product\/spray-refrigerant-icecool-preparation-de-lecornage\/#primaryimage","url":"https:\/\/www.vetorino.com\/boutique\/wp-content\/uploads\/2020\/06\/FilsSPR411FormatMediumTypeIM.jpg","contentUrl":"https:\/\/www.vetorino.com\/boutique\/wp-content\/uploads\/2020\/06\/FilsSPR411FormatMediumTypeIM.jpg","width":400,"height":400},{"@type":"BreadcrumbList","@id":"https:\/\/www.vetorino.com\/boutique\/product\/spray-refrigerant-icecool-preparation-de-lecornage\/#breadcrumb","itemListElement":[{"@type":"ListItem","position":1,"name":"Accueil","item":"https:\/\/www.vetorino.com\/boutique\/"},{"@type":"ListItem","position":2,"name":"Produits","item":"https:\/\/www.vetorino.com\/boutique\/"},{"@type":"ListItem","position":3,"name":"Spray r\u00e9frig\u00e9rant IceCool Pr\u00e9paration de l&#8217;\u00e9cornage"}]},{"@type":"WebSite","@id":"https:\/\/www.vetorino.com\/boutique\/#website","url":"https:\/\/www.vetorino.com\/boutique\/","name":"V\u00e9torino","description":"","publisher":{"@id":"https:\/\/www.vetorino.com\/boutique\/#organization"},"potentialAction":[{"@type":"SearchAction","target":{"@type":"EntryPoint","urlTemplate":"https:\/\/www.vetorino.com\/boutique\/?s={search_term_string}"},"query-input":{"@type":"PropertyValueSpecification","valueRequired":true,"valueName":"search_term_string"}}],"inLanguage":"fr-FR"},{"@type":"Organization","@id":"https:\/\/www.vetorino.com\/boutique\/#organization","name":"V\u00e9torino","url":"https:\/\/www.vetorino.com\/boutique\/","logo":{"@type":"ImageObject","inLanguage":"fr-FR","@id":"https:\/\/www.vetorino.com\/boutique\/#\/schema\/logo\/image\/","url":"https:\/\/www.vetorino.com\/boutique\/wp-content\/uploads\/2024\/10\/logo.jpg","contentUrl":"https:\/\/www.vetorino.com\/boutique\/wp-content\/uploads\/2024\/10\/logo.jpg","width":1200,"height":610,"caption":"V\u00e9torino"},"image":{"@id":"https:\/\/www.vetorino.com\/boutique\/#\/schema\/logo\/image\/"},"sameAs":["https:\/\/www.facebook.com\/Vetorino\/","https:\/\/www.instagram.com\/vetorino_off\/","https:\/\/www.linkedin.com\/company\/vtorino\/"]}]},"product_brand":"Mat\u00e9riel","product_price_amount":"12.24","product_price_currency":"EUR","og_availability":"instock","product_availability":"instock","product_retailer_item_id":"C-SPR411","product_condition":"new"},"_links":{"self":[{"href":"https:\/\/www.vetorino.com\/veterinaire\/baumelesdames-25110\/boutique\/wp-json\/wp\/v2\/product\/102534","targetHints":{"allow":["GET"]}}],"collection":[{"href":"https:\/\/www.vetorino.com\/veterinaire\/baumelesdames-25110\/boutique\/wp-json\/wp\/v2\/product"}],"about":[{"href":"https:\/\/www.vetorino.com\/veterinaire\/baumelesdames-25110\/boutique\/wp-json\/wp\/v2\/types\/product"}],"wp:featuredmedia":[{"embeddable":true,"href":"https:\/\/www.vetorino.com\/veterinaire\/baumelesdames-25110\/boutique\/wp-json\/wp\/v2\/media\/102533"}],"wp:attachment":[{"href":"https:\/\/www.vetorino.com\/veterinaire\/baumelesdames-25110\/boutique\/wp-json\/wp\/v2\/media?parent=102534"}],"wp:term":[{"taxonomy":"product_cat","embeddable":true,"href":"https:\/\/www.vetorino.com\/veterinaire\/baumelesdames-25110\/boutique\/wp-json\/wp\/v2\/product_cat?post=102534"},{"taxonomy":"product_tag","embeddable":true,"href":"https:\/\/www.vetorino.com\/veterinaire\/baumelesdames-25110\/boutique\/wp-json\/wp\/v2\/product_tag?post=102534"}],"curies":[{"name":"wp","href":"https:\/\/api.w.org\/{rel}","templated":true}]}}