{"id":102646,"date":"2020-06-30T16:16:17","date_gmt":"2020-06-30T14:16:17","guid":{"rendered":"https:\/\/www.vetorino.com\/boutique\/product\/tapis-moquette-anti-escarres\/"},"modified":"2026-04-03T02:42:10","modified_gmt":"2026-04-03T00:42:10","slug":"tapis-moquette-anti-escarres","status":"publish","type":"product","link":"https:\/\/www.vetorino.com\/veterinaire\/baumelesdames-25110\/boutique\/product\/tapis-moquette-anti-escarres\/","title":{"rendered":"Tapis-moquette anti escarres"},"content":{"rendered":"<div class=\"hidden\">\n<p><strong>R\u00e9alis\u00e9 en fibre tubulaire anti-allergique tr\u00e8s douce au toucher.<\/strong><\/p>\n<ul>\n<li>Le gonflant du tissu (hauteur des poils 24 mm) permet au tapis de renfermer un important volume d&#8217;air, qui assure \u00e0 la fois le renouvellement de cet air, l&#8217;\u00e9vacuation de l&#8217;humidit\u00e9 du corps et le maintien d&#8217;une temp\u00e9rature constante.<\/li>\n<li>Ce gonflant favorise une r\u00e9partition homog\u00e8ne de la pression \u00e0 la surface du corps, supprime les probl\u00e8mes de circulation sanguine.<\/li>\n<li>Id\u00e9al pour la phase post-op\u00e9ratoire.<\/li>\n<li>Garde toutes ses qualit\u00e9 apr\u00e8s un lavage en machine \u00e0 haute temp\u00e9rature et st\u00e9rilisation \u00e0 l&#8217;autoclave \u00e0 130\u00b0 C.<\/li>\n<\/ul>\n<\/div>\n","protected":false},"excerpt":{"rendered":"<div class=\"hidden\">\n<p><strong>R\u00e9alis\u00e9 en fibre tubulaire anti-allergique tr\u00e8s douce au toucher.<\/strong><\/p>\n<ul>\n<li>Le gonflant du tissu (hauteur des poils 24 mm) permet au tapis de renfermer un important volume d&#8217;air, qui assure \u00e0 la fois le renouvellement de cet air, l&#8217;\u00e9vacuation de l&#8217;humidit\u00e9 du corps et le maintien d&#8217;une temp\u00e9rature constante.<\/li>\n<li>Ce gonflant favorise une r\u00e9partition homog\u00e8ne de la pression \u00e0 la surface du corps, supprime les probl\u00e8mes de circulation sanguine.<\/li>\n<li>Id\u00e9al pour la phase post-op\u00e9ratoire.<\/li>\n<li>Garde toutes ses qualit\u00e9 apr\u00e8s un lavage en machine \u00e0 haute temp\u00e9rature et st\u00e9rilisation \u00e0 l&#8217;autoclave \u00e0 130\u00b0 C.<\/li>\n<\/ul>\n<\/div>\n","protected":false},"featured_media":102643,"template":"","meta":[],"product_cat":[12548,12550,2697,2698],"product_tag":[],"class_list":{"0":"post-102646","1":"product","2":"type-product","3":"status-publish","4":"has-post-thumbnail","6":"product_cat-accessoire-du-chat","7":"product_cat-accessoires-du-chien","8":"product_cat-chat","9":"product_cat-chien","10":"pa_marque-materiel","12":"first","13":"outofstock","14":"taxable","15":"shipping-taxable","16":"purchasable","17":"product-type-variable"},"yoast_head":"<!-- This site is optimized with the Yoast SEO plugin v27.3 - https:\/\/yoast.com\/product\/yoast-seo-wordpress\/ -->\n<title>Tapis-moquette anti escarres Mat\u00e9riel - V\u00e9torino<\/title>\n<meta name=\"description\" content=\"R\u00e9alis\u00e9 en fibre tubulaire anti-allergique tr\u00e8s douce au toucher.   Le gonflant du tissu (hauteur des poils 24 mm) permet au tapis de renfermer un important volume d&#039;air, qui assure \u00e0 la fois le renouvellement de cet air, l&#039;\u00e9vacuation de l&#039;humidit\u00e9 du corps et le maintien d&#039;une temp\u00e9rature constante.  Ce gonflant favorise une r\u00e9partition homog\u00e8ne de la pression \u00e0 la surface du corps, supprime les probl\u00e8mes de circulation sanguine.  Id\u00e9al pour la phase post-op\u00e9ratoire.  Garde toutes ses qualit\u00e9 apr\u00e8s un lavage en machine \u00e0 haute temp\u00e9rature et st\u00e9rilisation \u00e0 l&#039;autoclave \u00e0 130\u00b0 C.\" \/>\n<meta name=\"robots\" content=\"noindex, nofollow\" \/>\n<meta property=\"og:locale\" content=\"fr_FR\" \/>\n<meta property=\"og:type\" content=\"article\" \/>\n<meta property=\"og:title\" content=\"Tapis-moquette anti escarres Mat\u00e9riel - V\u00e9torino\" \/>\n<meta property=\"og:description\" content=\"R\u00e9alis\u00e9 en fibre tubulaire anti-allergique tr\u00e8s douce au toucher.   Le gonflant du tissu (hauteur des poils 24 mm) permet au tapis de renfermer un important volume d&#039;air, qui assure \u00e0 la fois le renouvellement de cet air, l&#039;\u00e9vacuation de l&#039;humidit\u00e9 du corps et le maintien d&#039;une temp\u00e9rature constante.  Ce gonflant favorise une r\u00e9partition homog\u00e8ne de la pression \u00e0 la surface du corps, supprime les probl\u00e8mes de circulation sanguine.  Id\u00e9al pour la phase post-op\u00e9ratoire.  Garde toutes ses qualit\u00e9 apr\u00e8s un lavage en machine \u00e0 haute temp\u00e9rature et st\u00e9rilisation \u00e0 l&#039;autoclave \u00e0 130\u00b0 C.\" \/>\n<meta property=\"og:url\" content=\"https:\/\/www.vetorino.com\/veterinaire\/baumelesdames-25110\/boutique\/product\/tapis-moquette-anti-escarres\/\" \/>\n<meta property=\"og:site_name\" content=\"V\u00e9torino\" \/>\n<meta property=\"article:publisher\" content=\"https:\/\/www.facebook.com\/Vetorino\/\" \/>\n<meta property=\"article:modified_time\" content=\"2026-04-03T00:42:10+00:00\" \/>\n<meta property=\"og:image\" content=\"https:\/\/www.vetorino.com\/boutique\/wp-content\/uploads\/2020\/06\/FilsTAP005FormatMediumTypeIM.png\" \/>\n\t<meta property=\"og:image:width\" content=\"400\" \/>\n\t<meta property=\"og:image:height\" content=\"400\" \/>\n\t<meta property=\"og:image:type\" content=\"image\/png\" \/>\n<meta name=\"twitter:card\" content=\"summary_large_image\" \/>\n<meta name=\"twitter:label1\" content=\"Disponibilit\u00e9\" \/>\n\t<meta name=\"twitter:data1\" content=\"Rupture de stock\" \/>\n<script type=\"application\/ld+json\" class=\"yoast-schema-graph\">{\"@context\":\"https:\\\/\\\/schema.org\",\"@graph\":[{\"@type\":\"WebPage\",\"@id\":\"https:\\\/\\\/www.vetorino.com\\\/boutique\\\/product\\\/tapis-moquette-anti-escarres\\\/\",\"url\":\"https:\\\/\\\/www.vetorino.com\\\/boutique\\\/product\\\/tapis-moquette-anti-escarres\\\/\",\"name\":\"Tapis-moquette anti escarres Mat\u00e9riel - V\u00e9torino\",\"isPartOf\":{\"@id\":\"https:\\\/\\\/www.vetorino.com\\\/boutique\\\/#website\"},\"primaryImageOfPage\":{\"@id\":\"https:\\\/\\\/www.vetorino.com\\\/boutique\\\/product\\\/tapis-moquette-anti-escarres\\\/#primaryimage\"},\"image\":{\"@id\":\"https:\\\/\\\/www.vetorino.com\\\/boutique\\\/product\\\/tapis-moquette-anti-escarres\\\/#primaryimage\"},\"thumbnailUrl\":\"https:\\\/\\\/www.vetorino.com\\\/boutique\\\/wp-content\\\/uploads\\\/2020\\\/06\\\/FilsTAP005FormatMediumTypeIM.png\",\"datePublished\":\"2020-06-30T14:16:17+00:00\",\"dateModified\":\"2026-04-03T00:42:10+00:00\",\"description\":\"R\u00e9alis\u00e9 en fibre tubulaire anti-allergique tr\u00e8s douce au toucher. Le gonflant du tissu (hauteur des poils 24 mm) permet au tapis de renfermer un important volume d'air, qui assure \u00e0 la fois le renouvellement de cet air, l'\u00e9vacuation de l'humidit\u00e9 du corps et le maintien d'une temp\u00e9rature constante. Ce gonflant favorise une r\u00e9partition homog\u00e8ne de la pression \u00e0 la surface du corps, supprime les probl\u00e8mes de circulation sanguine. Id\u00e9al pour la phase post-op\u00e9ratoire. Garde toutes ses qualit\u00e9 apr\u00e8s un lavage en machine \u00e0 haute temp\u00e9rature et st\u00e9rilisation \u00e0 l'autoclave \u00e0 130\u00b0 C.\",\"breadcrumb\":{\"@id\":\"https:\\\/\\\/www.vetorino.com\\\/boutique\\\/product\\\/tapis-moquette-anti-escarres\\\/#breadcrumb\"},\"inLanguage\":\"fr-FR\",\"potentialAction\":[{\"@type\":\"ReadAction\",\"target\":[\"https:\\\/\\\/www.vetorino.com\\\/boutique\\\/product\\\/tapis-moquette-anti-escarres\\\/\"]}]},{\"@type\":\"ImageObject\",\"inLanguage\":\"fr-FR\",\"@id\":\"https:\\\/\\\/www.vetorino.com\\\/boutique\\\/product\\\/tapis-moquette-anti-escarres\\\/#primaryimage\",\"url\":\"https:\\\/\\\/www.vetorino.com\\\/boutique\\\/wp-content\\\/uploads\\\/2020\\\/06\\\/FilsTAP005FormatMediumTypeIM.png\",\"contentUrl\":\"https:\\\/\\\/www.vetorino.com\\\/boutique\\\/wp-content\\\/uploads\\\/2020\\\/06\\\/FilsTAP005FormatMediumTypeIM.png\",\"width\":400,\"height\":400},{\"@type\":\"BreadcrumbList\",\"@id\":\"https:\\\/\\\/www.vetorino.com\\\/boutique\\\/product\\\/tapis-moquette-anti-escarres\\\/#breadcrumb\",\"itemListElement\":[{\"@type\":\"ListItem\",\"position\":1,\"name\":\"Accueil\",\"item\":\"https:\\\/\\\/www.vetorino.com\\\/boutique\\\/\"},{\"@type\":\"ListItem\",\"position\":2,\"name\":\"Produits\",\"item\":\"https:\\\/\\\/www.vetorino.com\\\/boutique\\\/\"},{\"@type\":\"ListItem\",\"position\":3,\"name\":\"Tapis-moquette anti escarres\"}]},{\"@type\":\"WebSite\",\"@id\":\"https:\\\/\\\/www.vetorino.com\\\/boutique\\\/#website\",\"url\":\"https:\\\/\\\/www.vetorino.com\\\/boutique\\\/\",\"name\":\"V\u00e9torino\",\"description\":\"\",\"publisher\":{\"@id\":\"https:\\\/\\\/www.vetorino.com\\\/boutique\\\/#organization\"},\"potentialAction\":[{\"@type\":\"SearchAction\",\"target\":{\"@type\":\"EntryPoint\",\"urlTemplate\":\"https:\\\/\\\/www.vetorino.com\\\/boutique\\\/?s={search_term_string}\"},\"query-input\":{\"@type\":\"PropertyValueSpecification\",\"valueRequired\":true,\"valueName\":\"search_term_string\"}}],\"inLanguage\":\"fr-FR\"},{\"@type\":\"Organization\",\"@id\":\"https:\\\/\\\/www.vetorino.com\\\/boutique\\\/#organization\",\"name\":\"V\u00e9torino\",\"url\":\"https:\\\/\\\/www.vetorino.com\\\/boutique\\\/\",\"logo\":{\"@type\":\"ImageObject\",\"inLanguage\":\"fr-FR\",\"@id\":\"https:\\\/\\\/www.vetorino.com\\\/boutique\\\/#\\\/schema\\\/logo\\\/image\\\/\",\"url\":\"https:\\\/\\\/www.vetorino.com\\\/boutique\\\/wp-content\\\/uploads\\\/2024\\\/10\\\/logo.jpg\",\"contentUrl\":\"https:\\\/\\\/www.vetorino.com\\\/boutique\\\/wp-content\\\/uploads\\\/2024\\\/10\\\/logo.jpg\",\"width\":1200,\"height\":610,\"caption\":\"V\u00e9torino\"},\"image\":{\"@id\":\"https:\\\/\\\/www.vetorino.com\\\/boutique\\\/#\\\/schema\\\/logo\\\/image\\\/\"},\"sameAs\":[\"https:\\\/\\\/www.facebook.com\\\/Vetorino\\\/\",\"https:\\\/\\\/www.instagram.com\\\/vetorino_off\\\/\",\"https:\\\/\\\/www.linkedin.com\\\/company\\\/vtorino\\\/\"]}]}<\/script>\n<meta property=\"product:brand\" content=\"Mat\u00e9riel\" \/>\n<meta property=\"og:availability\" content=\"out of stock\" \/>\n<meta property=\"product:availability\" content=\"out of stock\" \/>\n<meta property=\"product:condition\" content=\"new\" \/>\n<!-- \/ Yoast SEO plugin. -->","yoast_head_json":{"title":"Tapis-moquette anti escarres Mat\u00e9riel - V\u00e9torino","description":"R\u00e9alis\u00e9 en fibre tubulaire anti-allergique tr\u00e8s douce au toucher.   Le gonflant du tissu (hauteur des poils 24 mm) permet au tapis de renfermer un important volume d'air, qui assure \u00e0 la fois le renouvellement de cet air, l'\u00e9vacuation de l'humidit\u00e9 du corps et le maintien d'une temp\u00e9rature constante.  Ce gonflant favorise une r\u00e9partition homog\u00e8ne de la pression \u00e0 la surface du corps, supprime les probl\u00e8mes de circulation sanguine.  Id\u00e9al pour la phase post-op\u00e9ratoire.  Garde toutes ses qualit\u00e9 apr\u00e8s un lavage en machine \u00e0 haute temp\u00e9rature et st\u00e9rilisation \u00e0 l'autoclave \u00e0 130\u00b0 C.","robots":{"index":"noindex","follow":"nofollow"},"og_locale":"fr_FR","og_type":"article","og_title":"Tapis-moquette anti escarres Mat\u00e9riel - V\u00e9torino","og_description":"R\u00e9alis\u00e9 en fibre tubulaire anti-allergique tr\u00e8s douce au toucher.   Le gonflant du tissu (hauteur des poils 24 mm) permet au tapis de renfermer un important volume d'air, qui assure \u00e0 la fois le renouvellement de cet air, l'\u00e9vacuation de l'humidit\u00e9 du corps et le maintien d'une temp\u00e9rature constante.  Ce gonflant favorise une r\u00e9partition homog\u00e8ne de la pression \u00e0 la surface du corps, supprime les probl\u00e8mes de circulation sanguine.  Id\u00e9al pour la phase post-op\u00e9ratoire.  Garde toutes ses qualit\u00e9 apr\u00e8s un lavage en machine \u00e0 haute temp\u00e9rature et st\u00e9rilisation \u00e0 l'autoclave \u00e0 130\u00b0 C.","og_url":"https:\/\/www.vetorino.com\/veterinaire\/baumelesdames-25110\/boutique\/product\/tapis-moquette-anti-escarres\/","og_site_name":"V\u00e9torino","article_publisher":"https:\/\/www.facebook.com\/Vetorino\/","article_modified_time":"2026-04-03T00:42:10+00:00","og_image":[{"width":400,"height":400,"url":"https:\/\/www.vetorino.com\/boutique\/wp-content\/uploads\/2020\/06\/FilsTAP005FormatMediumTypeIM.png","type":"image\/png"}],"twitter_card":"summary_large_image","twitter_misc":{"Disponibilit\u00e9":"Rupture de stock"},"schema":{"@context":"https:\/\/schema.org","@graph":[{"@type":"WebPage","@id":"https:\/\/www.vetorino.com\/boutique\/product\/tapis-moquette-anti-escarres\/","url":"https:\/\/www.vetorino.com\/boutique\/product\/tapis-moquette-anti-escarres\/","name":"Tapis-moquette anti escarres Mat\u00e9riel - V\u00e9torino","isPartOf":{"@id":"https:\/\/www.vetorino.com\/boutique\/#website"},"primaryImageOfPage":{"@id":"https:\/\/www.vetorino.com\/boutique\/product\/tapis-moquette-anti-escarres\/#primaryimage"},"image":{"@id":"https:\/\/www.vetorino.com\/boutique\/product\/tapis-moquette-anti-escarres\/#primaryimage"},"thumbnailUrl":"https:\/\/www.vetorino.com\/boutique\/wp-content\/uploads\/2020\/06\/FilsTAP005FormatMediumTypeIM.png","datePublished":"2020-06-30T14:16:17+00:00","dateModified":"2026-04-03T00:42:10+00:00","description":"R\u00e9alis\u00e9 en fibre tubulaire anti-allergique tr\u00e8s douce au toucher. Le gonflant du tissu (hauteur des poils 24 mm) permet au tapis de renfermer un important volume d'air, qui assure \u00e0 la fois le renouvellement de cet air, l'\u00e9vacuation de l'humidit\u00e9 du corps et le maintien d'une temp\u00e9rature constante. Ce gonflant favorise une r\u00e9partition homog\u00e8ne de la pression \u00e0 la surface du corps, supprime les probl\u00e8mes de circulation sanguine. Id\u00e9al pour la phase post-op\u00e9ratoire. Garde toutes ses qualit\u00e9 apr\u00e8s un lavage en machine \u00e0 haute temp\u00e9rature et st\u00e9rilisation \u00e0 l'autoclave \u00e0 130\u00b0 C.","breadcrumb":{"@id":"https:\/\/www.vetorino.com\/boutique\/product\/tapis-moquette-anti-escarres\/#breadcrumb"},"inLanguage":"fr-FR","potentialAction":[{"@type":"ReadAction","target":["https:\/\/www.vetorino.com\/boutique\/product\/tapis-moquette-anti-escarres\/"]}]},{"@type":"ImageObject","inLanguage":"fr-FR","@id":"https:\/\/www.vetorino.com\/boutique\/product\/tapis-moquette-anti-escarres\/#primaryimage","url":"https:\/\/www.vetorino.com\/boutique\/wp-content\/uploads\/2020\/06\/FilsTAP005FormatMediumTypeIM.png","contentUrl":"https:\/\/www.vetorino.com\/boutique\/wp-content\/uploads\/2020\/06\/FilsTAP005FormatMediumTypeIM.png","width":400,"height":400},{"@type":"BreadcrumbList","@id":"https:\/\/www.vetorino.com\/boutique\/product\/tapis-moquette-anti-escarres\/#breadcrumb","itemListElement":[{"@type":"ListItem","position":1,"name":"Accueil","item":"https:\/\/www.vetorino.com\/boutique\/"},{"@type":"ListItem","position":2,"name":"Produits","item":"https:\/\/www.vetorino.com\/boutique\/"},{"@type":"ListItem","position":3,"name":"Tapis-moquette anti escarres"}]},{"@type":"WebSite","@id":"https:\/\/www.vetorino.com\/boutique\/#website","url":"https:\/\/www.vetorino.com\/boutique\/","name":"V\u00e9torino","description":"","publisher":{"@id":"https:\/\/www.vetorino.com\/boutique\/#organization"},"potentialAction":[{"@type":"SearchAction","target":{"@type":"EntryPoint","urlTemplate":"https:\/\/www.vetorino.com\/boutique\/?s={search_term_string}"},"query-input":{"@type":"PropertyValueSpecification","valueRequired":true,"valueName":"search_term_string"}}],"inLanguage":"fr-FR"},{"@type":"Organization","@id":"https:\/\/www.vetorino.com\/boutique\/#organization","name":"V\u00e9torino","url":"https:\/\/www.vetorino.com\/boutique\/","logo":{"@type":"ImageObject","inLanguage":"fr-FR","@id":"https:\/\/www.vetorino.com\/boutique\/#\/schema\/logo\/image\/","url":"https:\/\/www.vetorino.com\/boutique\/wp-content\/uploads\/2024\/10\/logo.jpg","contentUrl":"https:\/\/www.vetorino.com\/boutique\/wp-content\/uploads\/2024\/10\/logo.jpg","width":1200,"height":610,"caption":"V\u00e9torino"},"image":{"@id":"https:\/\/www.vetorino.com\/boutique\/#\/schema\/logo\/image\/"},"sameAs":["https:\/\/www.facebook.com\/Vetorino\/","https:\/\/www.instagram.com\/vetorino_off\/","https:\/\/www.linkedin.com\/company\/vtorino\/"]}]},"product_brand":"Mat\u00e9riel","og_availability":"out of stock","product_availability":"out of stock","product_condition":"new"},"_links":{"self":[{"href":"https:\/\/www.vetorino.com\/veterinaire\/baumelesdames-25110\/boutique\/wp-json\/wp\/v2\/product\/102646","targetHints":{"allow":["GET"]}}],"collection":[{"href":"https:\/\/www.vetorino.com\/veterinaire\/baumelesdames-25110\/boutique\/wp-json\/wp\/v2\/product"}],"about":[{"href":"https:\/\/www.vetorino.com\/veterinaire\/baumelesdames-25110\/boutique\/wp-json\/wp\/v2\/types\/product"}],"wp:featuredmedia":[{"embeddable":true,"href":"https:\/\/www.vetorino.com\/veterinaire\/baumelesdames-25110\/boutique\/wp-json\/wp\/v2\/media\/102643"}],"wp:attachment":[{"href":"https:\/\/www.vetorino.com\/veterinaire\/baumelesdames-25110\/boutique\/wp-json\/wp\/v2\/media?parent=102646"}],"wp:term":[{"taxonomy":"product_cat","embeddable":true,"href":"https:\/\/www.vetorino.com\/veterinaire\/baumelesdames-25110\/boutique\/wp-json\/wp\/v2\/product_cat?post=102646"},{"taxonomy":"product_tag","embeddable":true,"href":"https:\/\/www.vetorino.com\/veterinaire\/baumelesdames-25110\/boutique\/wp-json\/wp\/v2\/product_tag?post=102646"}],"curies":[{"name":"wp","href":"https:\/\/api.w.org\/{rel}","templated":true}]}}