{"id":1443730,"date":"2025-08-07T15:00:33","date_gmt":"2025-08-07T13:00:33","guid":{"rendered":"https:\/\/www.vetorino.com\/boutique\/product\/brosse-double-en-bois-2\/"},"modified":"2025-11-07T17:49:14","modified_gmt":"2025-11-07T16:49:14","slug":"brosse-double-en-bois-2","status":"publish","type":"product","link":"https:\/\/www.vetorino.com\/veterinaire\/baumelesdames-25110\/boutique\/product\/brosse-double-en-bois-2\/","title":{"rendered":"Brosse Double en bois &#8211; chien"},"content":{"rendered":"<p><strong>Brosse Double en Bois \u2013 Accessoire de Toilettage pour Chiens<\/strong><\/p>\n<p>La\u00a0<strong>brosse double en bois<\/strong>\u00a0est un outil de toilettage pratique et polyvalent pour entretenir le pelage de vos animaux. Elle dispose :<\/p>\n<ul>\n<li><strong>D\u2019un c\u00f4t\u00e9<\/strong>\u00a0: des picots m\u00e9talliques souples pour d\u00e9m\u00ealer et travailler la base du pelage.<\/li>\n<li><strong>De l\u2019autre c\u00f4t\u00e9<\/strong>\u00a0: une brosse en poils synth\u00e9tiques de type sanglier pour lisser et entretenir le pelage ext\u00e9rieur.<\/li>\n<\/ul>\n<p><strong>Caract\u00e9ristiques :<\/strong><\/p>\n<ul>\n<li><strong>Poils en nylon et m\u00e9tal avec pointes<\/strong>\u00a0: Respectent la peau sensible de vos animaux tout en offrant un toilettage efficace.<\/li>\n<li><strong>Mati\u00e8re<\/strong>\u00a0: Bois naturel pour une prise en main confortable et durable.<\/li>\n<li><strong>Lg<\/strong> : 21 cm<\/li>\n<\/ul>\n<p>Id\u00e9ale pour un entretien quotidien.<\/p>\n","protected":false},"excerpt":{"rendered":"<p><strong>Brosse Double en Bois \u2013 Accessoire de Toilettage pour Chiens<\/strong><\/p>\n<p>La\u00a0<strong>brosse double en bois<\/strong>\u00a0est un outil de toilettage pratique et polyvalent pour entretenir le pelage de vos animaux. Elle dispose :<\/p>\n<ul>\n<li><strong>D\u2019un c\u00f4t\u00e9<\/strong>\u00a0: des picots m\u00e9talliques souples pour d\u00e9m\u00ealer et travailler la base du pelage.<\/li>\n<li><strong>De l\u2019autre c\u00f4t\u00e9<\/strong>\u00a0: une brosse en poils synth\u00e9tiques de type sanglier pour lisser et entretenir le pelage ext\u00e9rieur.<\/li>\n<\/ul>\n<p><strong>Caract\u00e9ristiques :<\/strong><\/p>\n<ul>\n<li><strong>Poils en nylon et m\u00e9tal avec pointes<\/strong>\u00a0: Respectent la peau sensible de vos animaux tout en offrant un toilettage efficace.<\/li>\n<li><strong>Mati\u00e8re<\/strong>\u00a0: Bois naturel pour une prise en main confortable et durable.<\/li>\n<\/ul>\n<p>Id\u00e9ale pour un entretien quotidien.<\/p>\n","protected":false},"featured_media":1443731,"template":"","meta":[],"product_cat":[12573,12550,2698],"product_tag":[],"class_list":{"0":"post-1443730","1":"product","2":"type-product","3":"status-publish","4":"has-post-thumbnail","6":"product_cat-accessoire-pour-lhygiene-du-chien","7":"product_cat-accessoires-du-chien","8":"product_cat-chien","9":"pa_marque-materiel","11":"first","12":"instock","13":"taxable","14":"shipping-taxable","15":"purchasable","16":"product-type-simple"},"yoast_head":"<!-- This site is optimized with the Yoast SEO plugin v27.3 - https:\/\/yoast.com\/product\/yoast-seo-wordpress\/ -->\n<title>Brosse Double en bois - chien Mat\u00e9riel - V\u00e9torino<\/title>\n<meta name=\"description\" content=\"Brosse Double en Bois \u2013 Accessoire de Toilettage pour Chiens  La\u00a0brosse double en bois\u00a0est un outil de toilettage pratique et polyvalent pour entretenir le pelage de vos animaux. Elle dispose :   D\u2019un c\u00f4t\u00e9\u00a0: des picots m\u00e9talliques souples pour d\u00e9m\u00ealer et travailler la base du pelage.  De l\u2019autre c\u00f4t\u00e9\u00a0: une brosse en poils synth\u00e9tiques de type sanglier pour lisser et entretenir le pelage ext\u00e9rieur.  Caract\u00e9ristiques :   Poils en nylon et m\u00e9tal avec pointes\u00a0: Respectent la peau sensible de vos animaux tout en offrant un toilettage efficace.  Mati\u00e8re\u00a0: Bois naturel pour une prise en main confortable et durable.  Id\u00e9ale pour un entretien quotidien.\" \/>\n<meta name=\"robots\" content=\"noindex, nofollow\" \/>\n<meta property=\"og:locale\" content=\"fr_FR\" \/>\n<meta property=\"og:type\" content=\"article\" \/>\n<meta property=\"og:title\" content=\"Brosse Double en bois - chien Mat\u00e9riel - V\u00e9torino\" \/>\n<meta property=\"og:description\" content=\"Brosse Double en Bois \u2013 Accessoire de Toilettage pour Chiens  La\u00a0brosse double en bois\u00a0est un outil de toilettage pratique et polyvalent pour entretenir le pelage de vos animaux. Elle dispose :   D\u2019un c\u00f4t\u00e9\u00a0: des picots m\u00e9talliques souples pour d\u00e9m\u00ealer et travailler la base du pelage.  De l\u2019autre c\u00f4t\u00e9\u00a0: une brosse en poils synth\u00e9tiques de type sanglier pour lisser et entretenir le pelage ext\u00e9rieur.  Caract\u00e9ristiques :   Poils en nylon et m\u00e9tal avec pointes\u00a0: Respectent la peau sensible de vos animaux tout en offrant un toilettage efficace.  Mati\u00e8re\u00a0: Bois naturel pour une prise en main confortable et durable.  Id\u00e9ale pour un entretien quotidien.\" \/>\n<meta property=\"og:url\" content=\"https:\/\/www.vetorino.com\/veterinaire\/baumelesdames-25110\/boutique\/product\/brosse-double-en-bois-2\/\" \/>\n<meta property=\"og:site_name\" content=\"V\u00e9torino\" \/>\n<meta property=\"article:publisher\" content=\"https:\/\/www.facebook.com\/Vetorino\/\" \/>\n<meta property=\"article:modified_time\" content=\"2025-11-07T16:49:14+00:00\" \/>\n<meta property=\"og:image\" content=\"https:\/\/www.vetorino.com\/boutique\/wp-content\/uploads\/2025\/08\/brosse-double-en-bois.jpg\" \/>\n\t<meta property=\"og:image:width\" content=\"555\" \/>\n\t<meta property=\"og:image:height\" content=\"555\" \/>\n\t<meta property=\"og:image:type\" content=\"image\/jpeg\" \/>\n<meta name=\"twitter:card\" content=\"summary_large_image\" \/>\n<meta name=\"twitter:label1\" content=\"Prix\" \/>\n\t<meta name=\"twitter:data1\" content=\"3,90&euro;\" \/>\n\t<meta name=\"twitter:label2\" content=\"Disponibilit\u00e9\" \/>\n\t<meta name=\"twitter:data2\" content=\"En stock\" \/>\n<script type=\"application\/ld+json\" class=\"yoast-schema-graph\">{\"@context\":\"https:\\\/\\\/schema.org\",\"@graph\":[{\"@type\":\"WebPage\",\"@id\":\"https:\\\/\\\/www.vetorino.com\\\/boutique\\\/product\\\/brosse-double-en-bois-2\\\/\",\"url\":\"https:\\\/\\\/www.vetorino.com\\\/boutique\\\/product\\\/brosse-double-en-bois-2\\\/\",\"name\":\"Brosse Double en bois - chien Mat\u00e9riel - V\u00e9torino\",\"isPartOf\":{\"@id\":\"https:\\\/\\\/www.vetorino.com\\\/boutique\\\/#website\"},\"primaryImageOfPage\":{\"@id\":\"https:\\\/\\\/www.vetorino.com\\\/boutique\\\/product\\\/brosse-double-en-bois-2\\\/#primaryimage\"},\"image\":{\"@id\":\"https:\\\/\\\/www.vetorino.com\\\/boutique\\\/product\\\/brosse-double-en-bois-2\\\/#primaryimage\"},\"thumbnailUrl\":\"https:\\\/\\\/www.vetorino.com\\\/boutique\\\/wp-content\\\/uploads\\\/2025\\\/08\\\/brosse-double-en-bois.jpg\",\"datePublished\":\"2025-08-07T13:00:33+00:00\",\"dateModified\":\"2025-11-07T16:49:14+00:00\",\"description\":\"Brosse Double en Bois \u2013 Accessoire de Toilettage pour Chiens La\u00a0brosse double en bois\u00a0est un outil de toilettage pratique et polyvalent pour entretenir le pelage de vos animaux. Elle dispose : D\u2019un c\u00f4t\u00e9\u00a0: des picots m\u00e9talliques souples pour d\u00e9m\u00ealer et travailler la base du pelage. De l\u2019autre c\u00f4t\u00e9\u00a0: une brosse en poils synth\u00e9tiques de type sanglier pour lisser et entretenir le pelage ext\u00e9rieur. Caract\u00e9ristiques : Poils en nylon et m\u00e9tal avec pointes\u00a0: Respectent la peau sensible de vos animaux tout en offrant un toilettage efficace. Mati\u00e8re\u00a0: Bois naturel pour une prise en main confortable et durable. Id\u00e9ale pour un entretien quotidien.\",\"breadcrumb\":{\"@id\":\"https:\\\/\\\/www.vetorino.com\\\/boutique\\\/product\\\/brosse-double-en-bois-2\\\/#breadcrumb\"},\"inLanguage\":\"fr-FR\",\"potentialAction\":[{\"@type\":\"ReadAction\",\"target\":[\"https:\\\/\\\/www.vetorino.com\\\/boutique\\\/product\\\/brosse-double-en-bois-2\\\/\"]}]},{\"@type\":\"ImageObject\",\"inLanguage\":\"fr-FR\",\"@id\":\"https:\\\/\\\/www.vetorino.com\\\/boutique\\\/product\\\/brosse-double-en-bois-2\\\/#primaryimage\",\"url\":\"https:\\\/\\\/www.vetorino.com\\\/boutique\\\/wp-content\\\/uploads\\\/2025\\\/08\\\/brosse-double-en-bois.jpg\",\"contentUrl\":\"https:\\\/\\\/www.vetorino.com\\\/boutique\\\/wp-content\\\/uploads\\\/2025\\\/08\\\/brosse-double-en-bois.jpg\",\"width\":555,\"height\":555},{\"@type\":\"BreadcrumbList\",\"@id\":\"https:\\\/\\\/www.vetorino.com\\\/boutique\\\/product\\\/brosse-double-en-bois-2\\\/#breadcrumb\",\"itemListElement\":[{\"@type\":\"ListItem\",\"position\":1,\"name\":\"Accueil\",\"item\":\"https:\\\/\\\/www.vetorino.com\\\/boutique\\\/\"},{\"@type\":\"ListItem\",\"position\":2,\"name\":\"Produits\",\"item\":\"https:\\\/\\\/www.vetorino.com\\\/boutique\\\/\"},{\"@type\":\"ListItem\",\"position\":3,\"name\":\"Brosse Double en bois &#8211; chien\"}]},{\"@type\":\"WebSite\",\"@id\":\"https:\\\/\\\/www.vetorino.com\\\/boutique\\\/#website\",\"url\":\"https:\\\/\\\/www.vetorino.com\\\/boutique\\\/\",\"name\":\"V\u00e9torino\",\"description\":\"\",\"publisher\":{\"@id\":\"https:\\\/\\\/www.vetorino.com\\\/boutique\\\/#organization\"},\"potentialAction\":[{\"@type\":\"SearchAction\",\"target\":{\"@type\":\"EntryPoint\",\"urlTemplate\":\"https:\\\/\\\/www.vetorino.com\\\/boutique\\\/?s={search_term_string}\"},\"query-input\":{\"@type\":\"PropertyValueSpecification\",\"valueRequired\":true,\"valueName\":\"search_term_string\"}}],\"inLanguage\":\"fr-FR\"},{\"@type\":\"Organization\",\"@id\":\"https:\\\/\\\/www.vetorino.com\\\/boutique\\\/#organization\",\"name\":\"V\u00e9torino\",\"url\":\"https:\\\/\\\/www.vetorino.com\\\/boutique\\\/\",\"logo\":{\"@type\":\"ImageObject\",\"inLanguage\":\"fr-FR\",\"@id\":\"https:\\\/\\\/www.vetorino.com\\\/boutique\\\/#\\\/schema\\\/logo\\\/image\\\/\",\"url\":\"https:\\\/\\\/www.vetorino.com\\\/boutique\\\/wp-content\\\/uploads\\\/2024\\\/10\\\/logo.jpg\",\"contentUrl\":\"https:\\\/\\\/www.vetorino.com\\\/boutique\\\/wp-content\\\/uploads\\\/2024\\\/10\\\/logo.jpg\",\"width\":1200,\"height\":610,\"caption\":\"V\u00e9torino\"},\"image\":{\"@id\":\"https:\\\/\\\/www.vetorino.com\\\/boutique\\\/#\\\/schema\\\/logo\\\/image\\\/\"},\"sameAs\":[\"https:\\\/\\\/www.facebook.com\\\/Vetorino\\\/\",\"https:\\\/\\\/www.instagram.com\\\/vetorino_off\\\/\",\"https:\\\/\\\/www.linkedin.com\\\/company\\\/vtorino\\\/\"]}]}<\/script>\n<meta property=\"product:brand\" content=\"Mat\u00e9riel\" \/>\n<meta property=\"product:price:amount\" content=\"3.90\" \/>\n<meta property=\"product:price:currency\" content=\"EUR\" \/>\n<meta property=\"og:availability\" content=\"instock\" \/>\n<meta property=\"product:availability\" content=\"instock\" \/>\n<meta property=\"product:retailer_item_id\" content=\"C-BRO723\" \/>\n<meta property=\"product:condition\" content=\"new\" \/>\n<!-- \/ Yoast SEO plugin. -->","yoast_head_json":{"title":"Brosse Double en bois - chien Mat\u00e9riel - V\u00e9torino","description":"Brosse Double en Bois \u2013 Accessoire de Toilettage pour Chiens  La\u00a0brosse double en bois\u00a0est un outil de toilettage pratique et polyvalent pour entretenir le pelage de vos animaux. Elle dispose :   D\u2019un c\u00f4t\u00e9\u00a0: des picots m\u00e9talliques souples pour d\u00e9m\u00ealer et travailler la base du pelage.  De l\u2019autre c\u00f4t\u00e9\u00a0: une brosse en poils synth\u00e9tiques de type sanglier pour lisser et entretenir le pelage ext\u00e9rieur.  Caract\u00e9ristiques :   Poils en nylon et m\u00e9tal avec pointes\u00a0: Respectent la peau sensible de vos animaux tout en offrant un toilettage efficace.  Mati\u00e8re\u00a0: Bois naturel pour une prise en main confortable et durable.  Id\u00e9ale pour un entretien quotidien.","robots":{"index":"noindex","follow":"nofollow"},"og_locale":"fr_FR","og_type":"article","og_title":"Brosse Double en bois - chien Mat\u00e9riel - V\u00e9torino","og_description":"Brosse Double en Bois \u2013 Accessoire de Toilettage pour Chiens  La\u00a0brosse double en bois\u00a0est un outil de toilettage pratique et polyvalent pour entretenir le pelage de vos animaux. Elle dispose :   D\u2019un c\u00f4t\u00e9\u00a0: des picots m\u00e9talliques souples pour d\u00e9m\u00ealer et travailler la base du pelage.  De l\u2019autre c\u00f4t\u00e9\u00a0: une brosse en poils synth\u00e9tiques de type sanglier pour lisser et entretenir le pelage ext\u00e9rieur.  Caract\u00e9ristiques :   Poils en nylon et m\u00e9tal avec pointes\u00a0: Respectent la peau sensible de vos animaux tout en offrant un toilettage efficace.  Mati\u00e8re\u00a0: Bois naturel pour une prise en main confortable et durable.  Id\u00e9ale pour un entretien quotidien.","og_url":"https:\/\/www.vetorino.com\/veterinaire\/baumelesdames-25110\/boutique\/product\/brosse-double-en-bois-2\/","og_site_name":"V\u00e9torino","article_publisher":"https:\/\/www.facebook.com\/Vetorino\/","article_modified_time":"2025-11-07T16:49:14+00:00","og_image":[{"width":555,"height":555,"url":"https:\/\/www.vetorino.com\/boutique\/wp-content\/uploads\/2025\/08\/brosse-double-en-bois.jpg","type":"image\/jpeg"}],"twitter_card":"summary_large_image","twitter_misc":{"Prix":"3,90&euro;","Disponibilit\u00e9":"En stock"},"schema":{"@context":"https:\/\/schema.org","@graph":[{"@type":"WebPage","@id":"https:\/\/www.vetorino.com\/boutique\/product\/brosse-double-en-bois-2\/","url":"https:\/\/www.vetorino.com\/boutique\/product\/brosse-double-en-bois-2\/","name":"Brosse Double en bois - chien Mat\u00e9riel - V\u00e9torino","isPartOf":{"@id":"https:\/\/www.vetorino.com\/boutique\/#website"},"primaryImageOfPage":{"@id":"https:\/\/www.vetorino.com\/boutique\/product\/brosse-double-en-bois-2\/#primaryimage"},"image":{"@id":"https:\/\/www.vetorino.com\/boutique\/product\/brosse-double-en-bois-2\/#primaryimage"},"thumbnailUrl":"https:\/\/www.vetorino.com\/boutique\/wp-content\/uploads\/2025\/08\/brosse-double-en-bois.jpg","datePublished":"2025-08-07T13:00:33+00:00","dateModified":"2025-11-07T16:49:14+00:00","description":"Brosse Double en Bois \u2013 Accessoire de Toilettage pour Chiens La\u00a0brosse double en bois\u00a0est un outil de toilettage pratique et polyvalent pour entretenir le pelage de vos animaux. Elle dispose : D\u2019un c\u00f4t\u00e9\u00a0: des picots m\u00e9talliques souples pour d\u00e9m\u00ealer et travailler la base du pelage. De l\u2019autre c\u00f4t\u00e9\u00a0: une brosse en poils synth\u00e9tiques de type sanglier pour lisser et entretenir le pelage ext\u00e9rieur. Caract\u00e9ristiques : Poils en nylon et m\u00e9tal avec pointes\u00a0: Respectent la peau sensible de vos animaux tout en offrant un toilettage efficace. Mati\u00e8re\u00a0: Bois naturel pour une prise en main confortable et durable. Id\u00e9ale pour un entretien quotidien.","breadcrumb":{"@id":"https:\/\/www.vetorino.com\/boutique\/product\/brosse-double-en-bois-2\/#breadcrumb"},"inLanguage":"fr-FR","potentialAction":[{"@type":"ReadAction","target":["https:\/\/www.vetorino.com\/boutique\/product\/brosse-double-en-bois-2\/"]}]},{"@type":"ImageObject","inLanguage":"fr-FR","@id":"https:\/\/www.vetorino.com\/boutique\/product\/brosse-double-en-bois-2\/#primaryimage","url":"https:\/\/www.vetorino.com\/boutique\/wp-content\/uploads\/2025\/08\/brosse-double-en-bois.jpg","contentUrl":"https:\/\/www.vetorino.com\/boutique\/wp-content\/uploads\/2025\/08\/brosse-double-en-bois.jpg","width":555,"height":555},{"@type":"BreadcrumbList","@id":"https:\/\/www.vetorino.com\/boutique\/product\/brosse-double-en-bois-2\/#breadcrumb","itemListElement":[{"@type":"ListItem","position":1,"name":"Accueil","item":"https:\/\/www.vetorino.com\/boutique\/"},{"@type":"ListItem","position":2,"name":"Produits","item":"https:\/\/www.vetorino.com\/boutique\/"},{"@type":"ListItem","position":3,"name":"Brosse Double en bois &#8211; chien"}]},{"@type":"WebSite","@id":"https:\/\/www.vetorino.com\/boutique\/#website","url":"https:\/\/www.vetorino.com\/boutique\/","name":"V\u00e9torino","description":"","publisher":{"@id":"https:\/\/www.vetorino.com\/boutique\/#organization"},"potentialAction":[{"@type":"SearchAction","target":{"@type":"EntryPoint","urlTemplate":"https:\/\/www.vetorino.com\/boutique\/?s={search_term_string}"},"query-input":{"@type":"PropertyValueSpecification","valueRequired":true,"valueName":"search_term_string"}}],"inLanguage":"fr-FR"},{"@type":"Organization","@id":"https:\/\/www.vetorino.com\/boutique\/#organization","name":"V\u00e9torino","url":"https:\/\/www.vetorino.com\/boutique\/","logo":{"@type":"ImageObject","inLanguage":"fr-FR","@id":"https:\/\/www.vetorino.com\/boutique\/#\/schema\/logo\/image\/","url":"https:\/\/www.vetorino.com\/boutique\/wp-content\/uploads\/2024\/10\/logo.jpg","contentUrl":"https:\/\/www.vetorino.com\/boutique\/wp-content\/uploads\/2024\/10\/logo.jpg","width":1200,"height":610,"caption":"V\u00e9torino"},"image":{"@id":"https:\/\/www.vetorino.com\/boutique\/#\/schema\/logo\/image\/"},"sameAs":["https:\/\/www.facebook.com\/Vetorino\/","https:\/\/www.instagram.com\/vetorino_off\/","https:\/\/www.linkedin.com\/company\/vtorino\/"]}]},"product_brand":"Mat\u00e9riel","product_price_amount":"3.90","product_price_currency":"EUR","og_availability":"instock","product_availability":"instock","product_retailer_item_id":"C-BRO723","product_condition":"new"},"_links":{"self":[{"href":"https:\/\/www.vetorino.com\/veterinaire\/baumelesdames-25110\/boutique\/wp-json\/wp\/v2\/product\/1443730","targetHints":{"allow":["GET"]}}],"collection":[{"href":"https:\/\/www.vetorino.com\/veterinaire\/baumelesdames-25110\/boutique\/wp-json\/wp\/v2\/product"}],"about":[{"href":"https:\/\/www.vetorino.com\/veterinaire\/baumelesdames-25110\/boutique\/wp-json\/wp\/v2\/types\/product"}],"wp:featuredmedia":[{"embeddable":true,"href":"https:\/\/www.vetorino.com\/veterinaire\/baumelesdames-25110\/boutique\/wp-json\/wp\/v2\/media\/1443731"}],"wp:attachment":[{"href":"https:\/\/www.vetorino.com\/veterinaire\/baumelesdames-25110\/boutique\/wp-json\/wp\/v2\/media?parent=1443730"}],"wp:term":[{"taxonomy":"product_cat","embeddable":true,"href":"https:\/\/www.vetorino.com\/veterinaire\/baumelesdames-25110\/boutique\/wp-json\/wp\/v2\/product_cat?post=1443730"},{"taxonomy":"product_tag","embeddable":true,"href":"https:\/\/www.vetorino.com\/veterinaire\/baumelesdames-25110\/boutique\/wp-json\/wp\/v2\/product_tag?post=1443730"}],"curies":[{"name":"wp","href":"https:\/\/api.w.org\/{rel}","templated":true}]}}