{"id":1444947,"date":"2025-08-08T16:31:40","date_gmt":"2025-08-08T14:31:40","guid":{"rendered":"https:\/\/www.vetorino.com\/boutique\/product\/tapis-rafraichissant-coolrelax\/"},"modified":"2026-04-01T09:41:23","modified_gmt":"2026-04-01T07:41:23","slug":"tapis-rafraichissant-coolrelax","status":"publish","type":"product","link":"https:\/\/www.vetorino.com\/veterinaire\/baumelesdames-25110\/boutique\/product\/tapis-rafraichissant-coolrelax\/","title":{"rendered":"Tapis Rafra\u00eechissant CoolRelax"},"content":{"rendered":"<p>Les fortes chaleurs arrivent proposez \u00e0 votre chien, chat, lapin ou cochon d&#8217;Inde <strong>un tapis rafra\u00eechissant.<\/strong><\/p>\n<p>Les animaux appr\u00e9cieront s\u2019y allonger afin de maintenir leur temp\u00e9rature les chaudes journ\u00e9es d\u2019\u00e9t\u00e9.<\/p>\n<div class=\"col-xl\">\n<div id=\"BodyContentPlaceHolder_BodyContentPlaceHolder_ctl00_ProductDescriptionCtrl\" class=\"item-desc has-mb\">\n<div class=\"smlMain\">\n<ul>\n<li class=\"smlP\">Avec gel rafra\u00eechissant (<em>l\u2019int\u00e9rieur ne doit pas \u00eatre ing\u00e9r\u00e9<\/em>, retirer le tapis si l\u2019animal l\u2019a endommag\u00e9).<\/li>\n<li class=\"smlP\">Fonctionne sans \u00e9lectricit\u00e9 et ne n\u00e9cessite aucun refroidissement pr\u00e9alable.<\/li>\n<li class=\"smlP\">S\u2019il fait vraiment tr\u00e8s chaud vous pouvez toujours le mettre un peu au frigo.<\/li>\n<li class=\"smlP\">Tissu polyester robuste et peu salissant<\/li>\n<li class=\"smlP\">Pour l\u2019int\u00e9rieur, l\u2019ext\u00e9rieur ou encore pendant les d\u00e9placements.<\/li>\n<\/ul>\n<p><em>Disponible en 2 dimensions :<\/em><\/p>\n<ul>\n<li><em>50 x 40 cm<\/em><\/li>\n<li><em>90 x 50 cm<\/em><\/li>\n<\/ul>\n<\/div>\n<\/div>\n<\/div>\n","protected":false},"excerpt":{"rendered":"<p>Les fortes chaleurs arrivent proposez \u00e0 votre chien, chat, lapin ou cochon d&#8217;Inde <strong>un tapis rafra\u00eechissant.<\/strong><\/p>\n<p>Les animaux appr\u00e9cieront s\u2019y allonger afin de maintenir leur temp\u00e9rature les chaudes journ\u00e9es d\u2019\u00e9t\u00e9.<\/p>\n<div class=\"col-xl\">\n<div id=\"BodyContentPlaceHolder_BodyContentPlaceHolder_ctl00_ProductDescriptionCtrl\" class=\"item-desc has-mb\">\n<div class=\"smlMain\">\n<ul>\n<li class=\"smlP\">Avec gel rafra\u00eechissant (<em>l\u2019int\u00e9rieur ne doit pas \u00eatre ing\u00e9r\u00e9<\/em>, retirer le tapis si l\u2019animal l\u2019a endommag\u00e9).<\/li>\n<li class=\"smlP\">Fonctionne sans \u00e9lectricit\u00e9 et ne n\u00e9cessite aucun refroidissement pr\u00e9alable.<\/li>\n<li class=\"smlP\">S\u2019il fait vraiment tr\u00e8s chaud vous pouvez toujours le mettre un peu au frigo.<\/li>\n<li class=\"smlP\">Tissu polyester robuste et peu salissant<\/li>\n<li class=\"smlP\">Pour l\u2019int\u00e9rieur, l\u2019ext\u00e9rieur ou encore pendant les d\u00e9placements.<\/li>\n<\/ul>\n<p><em>Disponible en 2 dimensions :<\/em><\/p>\n<ul>\n<li><em>50 x 40 cm<\/em><\/li>\n<li><em>90 x 50 cm<\/em><\/li>\n<\/ul>\n<\/div>\n<\/div>\n<\/div>\n","protected":false},"featured_media":1444950,"template":"","meta":[],"product_cat":[12548,12550,2697,2698,12595,12596],"product_tag":[],"class_list":{"0":"post-1444947","1":"product","2":"type-product","3":"status-publish","4":"has-post-thumbnail","6":"product_cat-accessoire-du-chat","7":"product_cat-accessoires-du-chien","8":"product_cat-chat","9":"product_cat-chien","10":"product_cat-confort-du-chat","11":"product_cat-confort-du-chien","12":"pa_marque-materiel","14":"first","15":"instock","16":"taxable","17":"shipping-taxable","18":"purchasable","19":"product-type-variable"},"yoast_head":"<!-- This site is optimized with the Yoast SEO plugin v27.3 - https:\/\/yoast.com\/product\/yoast-seo-wordpress\/ -->\n<title>Tapis Rafra\u00eechissant CoolRelax Mat\u00e9riel - V\u00e9torino<\/title>\n<meta name=\"description\" content=\"Les fortes chaleurs arrivent proposez \u00e0 votre chien, chat, lapin ou cochon d&#039;Inde un tapis rafra\u00eechissant.  Les animaux appr\u00e9cieront s\u2019y allonger afin de maintenir leur temp\u00e9rature les chaudes journ\u00e9es d\u2019\u00e9t\u00e9.      Avec gel rafra\u00eechissant (l\u2019int\u00e9rieur ne doit pas \u00eatre ing\u00e9r\u00e9, retirer le tapis si l\u2019animal l\u2019a endommag\u00e9).  Fonctionne sans \u00e9lectricit\u00e9 et ne n\u00e9cessite aucun refroidissement pr\u00e9alable.  S\u2019il fait vraiment tr\u00e8s chaud vous pouvez toujours le mettre un peu au frigo.  Tissu polyester robuste et peu salissant  Pour l\u2019int\u00e9rieur, l\u2019ext\u00e9rieur ou encore pendant les d\u00e9placements.  Disponible en 2 dimensions :   50 x 40 cm  90 x 50 cm\" \/>\n<meta name=\"robots\" content=\"noindex, nofollow\" \/>\n<meta property=\"og:locale\" content=\"fr_FR\" \/>\n<meta property=\"og:type\" content=\"article\" \/>\n<meta property=\"og:title\" content=\"Tapis Rafra\u00eechissant CoolRelax Mat\u00e9riel - V\u00e9torino\" \/>\n<meta property=\"og:description\" content=\"Les fortes chaleurs arrivent proposez \u00e0 votre chien, chat, lapin ou cochon d&#039;Inde un tapis rafra\u00eechissant.  Les animaux appr\u00e9cieront s\u2019y allonger afin de maintenir leur temp\u00e9rature les chaudes journ\u00e9es d\u2019\u00e9t\u00e9.      Avec gel rafra\u00eechissant (l\u2019int\u00e9rieur ne doit pas \u00eatre ing\u00e9r\u00e9, retirer le tapis si l\u2019animal l\u2019a endommag\u00e9).  Fonctionne sans \u00e9lectricit\u00e9 et ne n\u00e9cessite aucun refroidissement pr\u00e9alable.  S\u2019il fait vraiment tr\u00e8s chaud vous pouvez toujours le mettre un peu au frigo.  Tissu polyester robuste et peu salissant  Pour l\u2019int\u00e9rieur, l\u2019ext\u00e9rieur ou encore pendant les d\u00e9placements.  Disponible en 2 dimensions :   50 x 40 cm  90 x 50 cm\" \/>\n<meta property=\"og:url\" content=\"https:\/\/www.vetorino.com\/veterinaire\/baumelesdames-25110\/boutique\/product\/tapis-rafraichissant-coolrelax\/\" \/>\n<meta property=\"og:site_name\" content=\"V\u00e9torino\" \/>\n<meta property=\"article:publisher\" content=\"https:\/\/www.facebook.com\/Vetorino\/\" \/>\n<meta property=\"article:modified_time\" content=\"2026-04-01T07:41:23+00:00\" \/>\n<meta property=\"og:image\" content=\"https:\/\/www.vetorino.com\/boutique\/wp-content\/uploads\/2025\/08\/tapis_rafraichissant_cool_relax_kerbl_pour_chats__chiens__lapins_et_furets.png\" \/>\n\t<meta property=\"og:image:width\" content=\"668\" \/>\n\t<meta property=\"og:image:height\" content=\"236\" \/>\n\t<meta property=\"og:image:type\" content=\"image\/png\" \/>\n<meta name=\"twitter:card\" content=\"summary_large_image\" \/>\n<meta name=\"twitter:label1\" content=\"Disponibilit\u00e9\" \/>\n\t<meta name=\"twitter:data1\" content=\"En stock\" \/>\n<script type=\"application\/ld+json\" class=\"yoast-schema-graph\">{\"@context\":\"https:\\\/\\\/schema.org\",\"@graph\":[{\"@type\":\"WebPage\",\"@id\":\"https:\\\/\\\/www.vetorino.com\\\/boutique\\\/product\\\/tapis-rafraichissant-coolrelax\\\/\",\"url\":\"https:\\\/\\\/www.vetorino.com\\\/boutique\\\/product\\\/tapis-rafraichissant-coolrelax\\\/\",\"name\":\"Tapis Rafra\u00eechissant CoolRelax Mat\u00e9riel - V\u00e9torino\",\"isPartOf\":{\"@id\":\"https:\\\/\\\/www.vetorino.com\\\/boutique\\\/#website\"},\"primaryImageOfPage\":{\"@id\":\"https:\\\/\\\/www.vetorino.com\\\/boutique\\\/product\\\/tapis-rafraichissant-coolrelax\\\/#primaryimage\"},\"image\":{\"@id\":\"https:\\\/\\\/www.vetorino.com\\\/boutique\\\/product\\\/tapis-rafraichissant-coolrelax\\\/#primaryimage\"},\"thumbnailUrl\":\"https:\\\/\\\/www.vetorino.com\\\/boutique\\\/wp-content\\\/uploads\\\/2025\\\/08\\\/tapis_rafraichissant_cool_relax_kerbl_pour_chats__chiens__lapins_et_furets.png\",\"datePublished\":\"2025-08-08T14:31:40+00:00\",\"dateModified\":\"2026-04-01T07:41:23+00:00\",\"description\":\"Les fortes chaleurs arrivent proposez \u00e0 votre chien, chat, lapin ou cochon d'Inde un tapis rafra\u00eechissant. Les animaux appr\u00e9cieront s\u2019y allonger afin de maintenir leur temp\u00e9rature les chaudes journ\u00e9es d\u2019\u00e9t\u00e9. Avec gel rafra\u00eechissant (l\u2019int\u00e9rieur ne doit pas \u00eatre ing\u00e9r\u00e9, retirer le tapis si l\u2019animal l\u2019a endommag\u00e9). Fonctionne sans \u00e9lectricit\u00e9 et ne n\u00e9cessite aucun refroidissement pr\u00e9alable. S\u2019il fait vraiment tr\u00e8s chaud vous pouvez toujours le mettre un peu au frigo. Tissu polyester robuste et peu salissant Pour l\u2019int\u00e9rieur, l\u2019ext\u00e9rieur ou encore pendant les d\u00e9placements. Disponible en 2 dimensions : 50 x 40 cm 90 x 50 cm\",\"breadcrumb\":{\"@id\":\"https:\\\/\\\/www.vetorino.com\\\/boutique\\\/product\\\/tapis-rafraichissant-coolrelax\\\/#breadcrumb\"},\"inLanguage\":\"fr-FR\",\"potentialAction\":[{\"@type\":\"ReadAction\",\"target\":[\"https:\\\/\\\/www.vetorino.com\\\/boutique\\\/product\\\/tapis-rafraichissant-coolrelax\\\/\"]}]},{\"@type\":\"ImageObject\",\"inLanguage\":\"fr-FR\",\"@id\":\"https:\\\/\\\/www.vetorino.com\\\/boutique\\\/product\\\/tapis-rafraichissant-coolrelax\\\/#primaryimage\",\"url\":\"https:\\\/\\\/www.vetorino.com\\\/boutique\\\/wp-content\\\/uploads\\\/2025\\\/08\\\/tapis_rafraichissant_cool_relax_kerbl_pour_chats__chiens__lapins_et_furets.png\",\"contentUrl\":\"https:\\\/\\\/www.vetorino.com\\\/boutique\\\/wp-content\\\/uploads\\\/2025\\\/08\\\/tapis_rafraichissant_cool_relax_kerbl_pour_chats__chiens__lapins_et_furets.png\",\"width\":668,\"height\":236},{\"@type\":\"BreadcrumbList\",\"@id\":\"https:\\\/\\\/www.vetorino.com\\\/boutique\\\/product\\\/tapis-rafraichissant-coolrelax\\\/#breadcrumb\",\"itemListElement\":[{\"@type\":\"ListItem\",\"position\":1,\"name\":\"Accueil\",\"item\":\"https:\\\/\\\/www.vetorino.com\\\/boutique\\\/\"},{\"@type\":\"ListItem\",\"position\":2,\"name\":\"Produits\",\"item\":\"https:\\\/\\\/www.vetorino.com\\\/boutique\\\/\"},{\"@type\":\"ListItem\",\"position\":3,\"name\":\"Tapis Rafra\u00eechissant CoolRelax\"}]},{\"@type\":\"WebSite\",\"@id\":\"https:\\\/\\\/www.vetorino.com\\\/boutique\\\/#website\",\"url\":\"https:\\\/\\\/www.vetorino.com\\\/boutique\\\/\",\"name\":\"V\u00e9torino\",\"description\":\"\",\"publisher\":{\"@id\":\"https:\\\/\\\/www.vetorino.com\\\/boutique\\\/#organization\"},\"potentialAction\":[{\"@type\":\"SearchAction\",\"target\":{\"@type\":\"EntryPoint\",\"urlTemplate\":\"https:\\\/\\\/www.vetorino.com\\\/boutique\\\/?s={search_term_string}\"},\"query-input\":{\"@type\":\"PropertyValueSpecification\",\"valueRequired\":true,\"valueName\":\"search_term_string\"}}],\"inLanguage\":\"fr-FR\"},{\"@type\":\"Organization\",\"@id\":\"https:\\\/\\\/www.vetorino.com\\\/boutique\\\/#organization\",\"name\":\"V\u00e9torino\",\"url\":\"https:\\\/\\\/www.vetorino.com\\\/boutique\\\/\",\"logo\":{\"@type\":\"ImageObject\",\"inLanguage\":\"fr-FR\",\"@id\":\"https:\\\/\\\/www.vetorino.com\\\/boutique\\\/#\\\/schema\\\/logo\\\/image\\\/\",\"url\":\"https:\\\/\\\/www.vetorino.com\\\/boutique\\\/wp-content\\\/uploads\\\/2024\\\/10\\\/logo.jpg\",\"contentUrl\":\"https:\\\/\\\/www.vetorino.com\\\/boutique\\\/wp-content\\\/uploads\\\/2024\\\/10\\\/logo.jpg\",\"width\":1200,\"height\":610,\"caption\":\"V\u00e9torino\"},\"image\":{\"@id\":\"https:\\\/\\\/www.vetorino.com\\\/boutique\\\/#\\\/schema\\\/logo\\\/image\\\/\"},\"sameAs\":[\"https:\\\/\\\/www.facebook.com\\\/Vetorino\\\/\",\"https:\\\/\\\/www.instagram.com\\\/vetorino_off\\\/\",\"https:\\\/\\\/www.linkedin.com\\\/company\\\/vtorino\\\/\"]}]}<\/script>\n<meta property=\"product:brand\" content=\"Mat\u00e9riel\" \/>\n<meta property=\"og:availability\" content=\"instock\" \/>\n<meta property=\"product:availability\" content=\"instock\" \/>\n<meta property=\"product:condition\" content=\"new\" \/>\n<!-- \/ Yoast SEO plugin. -->","yoast_head_json":{"title":"Tapis Rafra\u00eechissant CoolRelax Mat\u00e9riel - V\u00e9torino","description":"Les fortes chaleurs arrivent proposez \u00e0 votre chien, chat, lapin ou cochon d'Inde un tapis rafra\u00eechissant.  Les animaux appr\u00e9cieront s\u2019y allonger afin de maintenir leur temp\u00e9rature les chaudes journ\u00e9es d\u2019\u00e9t\u00e9.      Avec gel rafra\u00eechissant (l\u2019int\u00e9rieur ne doit pas \u00eatre ing\u00e9r\u00e9, retirer le tapis si l\u2019animal l\u2019a endommag\u00e9).  Fonctionne sans \u00e9lectricit\u00e9 et ne n\u00e9cessite aucun refroidissement pr\u00e9alable.  S\u2019il fait vraiment tr\u00e8s chaud vous pouvez toujours le mettre un peu au frigo.  Tissu polyester robuste et peu salissant  Pour l\u2019int\u00e9rieur, l\u2019ext\u00e9rieur ou encore pendant les d\u00e9placements.  Disponible en 2 dimensions :   50 x 40 cm  90 x 50 cm","robots":{"index":"noindex","follow":"nofollow"},"og_locale":"fr_FR","og_type":"article","og_title":"Tapis Rafra\u00eechissant CoolRelax Mat\u00e9riel - V\u00e9torino","og_description":"Les fortes chaleurs arrivent proposez \u00e0 votre chien, chat, lapin ou cochon d'Inde un tapis rafra\u00eechissant.  Les animaux appr\u00e9cieront s\u2019y allonger afin de maintenir leur temp\u00e9rature les chaudes journ\u00e9es d\u2019\u00e9t\u00e9.      Avec gel rafra\u00eechissant (l\u2019int\u00e9rieur ne doit pas \u00eatre ing\u00e9r\u00e9, retirer le tapis si l\u2019animal l\u2019a endommag\u00e9).  Fonctionne sans \u00e9lectricit\u00e9 et ne n\u00e9cessite aucun refroidissement pr\u00e9alable.  S\u2019il fait vraiment tr\u00e8s chaud vous pouvez toujours le mettre un peu au frigo.  Tissu polyester robuste et peu salissant  Pour l\u2019int\u00e9rieur, l\u2019ext\u00e9rieur ou encore pendant les d\u00e9placements.  Disponible en 2 dimensions :   50 x 40 cm  90 x 50 cm","og_url":"https:\/\/www.vetorino.com\/veterinaire\/baumelesdames-25110\/boutique\/product\/tapis-rafraichissant-coolrelax\/","og_site_name":"V\u00e9torino","article_publisher":"https:\/\/www.facebook.com\/Vetorino\/","article_modified_time":"2026-04-01T07:41:23+00:00","og_image":[{"width":668,"height":236,"url":"https:\/\/www.vetorino.com\/boutique\/wp-content\/uploads\/2025\/08\/tapis_rafraichissant_cool_relax_kerbl_pour_chats__chiens__lapins_et_furets.png","type":"image\/png"}],"twitter_card":"summary_large_image","twitter_misc":{"Disponibilit\u00e9":"En stock"},"schema":{"@context":"https:\/\/schema.org","@graph":[{"@type":"WebPage","@id":"https:\/\/www.vetorino.com\/boutique\/product\/tapis-rafraichissant-coolrelax\/","url":"https:\/\/www.vetorino.com\/boutique\/product\/tapis-rafraichissant-coolrelax\/","name":"Tapis Rafra\u00eechissant CoolRelax Mat\u00e9riel - V\u00e9torino","isPartOf":{"@id":"https:\/\/www.vetorino.com\/boutique\/#website"},"primaryImageOfPage":{"@id":"https:\/\/www.vetorino.com\/boutique\/product\/tapis-rafraichissant-coolrelax\/#primaryimage"},"image":{"@id":"https:\/\/www.vetorino.com\/boutique\/product\/tapis-rafraichissant-coolrelax\/#primaryimage"},"thumbnailUrl":"https:\/\/www.vetorino.com\/boutique\/wp-content\/uploads\/2025\/08\/tapis_rafraichissant_cool_relax_kerbl_pour_chats__chiens__lapins_et_furets.png","datePublished":"2025-08-08T14:31:40+00:00","dateModified":"2026-04-01T07:41:23+00:00","description":"Les fortes chaleurs arrivent proposez \u00e0 votre chien, chat, lapin ou cochon d'Inde un tapis rafra\u00eechissant. Les animaux appr\u00e9cieront s\u2019y allonger afin de maintenir leur temp\u00e9rature les chaudes journ\u00e9es d\u2019\u00e9t\u00e9. Avec gel rafra\u00eechissant (l\u2019int\u00e9rieur ne doit pas \u00eatre ing\u00e9r\u00e9, retirer le tapis si l\u2019animal l\u2019a endommag\u00e9). Fonctionne sans \u00e9lectricit\u00e9 et ne n\u00e9cessite aucun refroidissement pr\u00e9alable. S\u2019il fait vraiment tr\u00e8s chaud vous pouvez toujours le mettre un peu au frigo. Tissu polyester robuste et peu salissant Pour l\u2019int\u00e9rieur, l\u2019ext\u00e9rieur ou encore pendant les d\u00e9placements. Disponible en 2 dimensions : 50 x 40 cm 90 x 50 cm","breadcrumb":{"@id":"https:\/\/www.vetorino.com\/boutique\/product\/tapis-rafraichissant-coolrelax\/#breadcrumb"},"inLanguage":"fr-FR","potentialAction":[{"@type":"ReadAction","target":["https:\/\/www.vetorino.com\/boutique\/product\/tapis-rafraichissant-coolrelax\/"]}]},{"@type":"ImageObject","inLanguage":"fr-FR","@id":"https:\/\/www.vetorino.com\/boutique\/product\/tapis-rafraichissant-coolrelax\/#primaryimage","url":"https:\/\/www.vetorino.com\/boutique\/wp-content\/uploads\/2025\/08\/tapis_rafraichissant_cool_relax_kerbl_pour_chats__chiens__lapins_et_furets.png","contentUrl":"https:\/\/www.vetorino.com\/boutique\/wp-content\/uploads\/2025\/08\/tapis_rafraichissant_cool_relax_kerbl_pour_chats__chiens__lapins_et_furets.png","width":668,"height":236},{"@type":"BreadcrumbList","@id":"https:\/\/www.vetorino.com\/boutique\/product\/tapis-rafraichissant-coolrelax\/#breadcrumb","itemListElement":[{"@type":"ListItem","position":1,"name":"Accueil","item":"https:\/\/www.vetorino.com\/boutique\/"},{"@type":"ListItem","position":2,"name":"Produits","item":"https:\/\/www.vetorino.com\/boutique\/"},{"@type":"ListItem","position":3,"name":"Tapis Rafra\u00eechissant CoolRelax"}]},{"@type":"WebSite","@id":"https:\/\/www.vetorino.com\/boutique\/#website","url":"https:\/\/www.vetorino.com\/boutique\/","name":"V\u00e9torino","description":"","publisher":{"@id":"https:\/\/www.vetorino.com\/boutique\/#organization"},"potentialAction":[{"@type":"SearchAction","target":{"@type":"EntryPoint","urlTemplate":"https:\/\/www.vetorino.com\/boutique\/?s={search_term_string}"},"query-input":{"@type":"PropertyValueSpecification","valueRequired":true,"valueName":"search_term_string"}}],"inLanguage":"fr-FR"},{"@type":"Organization","@id":"https:\/\/www.vetorino.com\/boutique\/#organization","name":"V\u00e9torino","url":"https:\/\/www.vetorino.com\/boutique\/","logo":{"@type":"ImageObject","inLanguage":"fr-FR","@id":"https:\/\/www.vetorino.com\/boutique\/#\/schema\/logo\/image\/","url":"https:\/\/www.vetorino.com\/boutique\/wp-content\/uploads\/2024\/10\/logo.jpg","contentUrl":"https:\/\/www.vetorino.com\/boutique\/wp-content\/uploads\/2024\/10\/logo.jpg","width":1200,"height":610,"caption":"V\u00e9torino"},"image":{"@id":"https:\/\/www.vetorino.com\/boutique\/#\/schema\/logo\/image\/"},"sameAs":["https:\/\/www.facebook.com\/Vetorino\/","https:\/\/www.instagram.com\/vetorino_off\/","https:\/\/www.linkedin.com\/company\/vtorino\/"]}]},"product_brand":"Mat\u00e9riel","og_availability":"instock","product_availability":"instock","product_condition":"new"},"_links":{"self":[{"href":"https:\/\/www.vetorino.com\/veterinaire\/baumelesdames-25110\/boutique\/wp-json\/wp\/v2\/product\/1444947","targetHints":{"allow":["GET"]}}],"collection":[{"href":"https:\/\/www.vetorino.com\/veterinaire\/baumelesdames-25110\/boutique\/wp-json\/wp\/v2\/product"}],"about":[{"href":"https:\/\/www.vetorino.com\/veterinaire\/baumelesdames-25110\/boutique\/wp-json\/wp\/v2\/types\/product"}],"wp:featuredmedia":[{"embeddable":true,"href":"https:\/\/www.vetorino.com\/veterinaire\/baumelesdames-25110\/boutique\/wp-json\/wp\/v2\/media\/1444950"}],"wp:attachment":[{"href":"https:\/\/www.vetorino.com\/veterinaire\/baumelesdames-25110\/boutique\/wp-json\/wp\/v2\/media?parent=1444947"}],"wp:term":[{"taxonomy":"product_cat","embeddable":true,"href":"https:\/\/www.vetorino.com\/veterinaire\/baumelesdames-25110\/boutique\/wp-json\/wp\/v2\/product_cat?post=1444947"},{"taxonomy":"product_tag","embeddable":true,"href":"https:\/\/www.vetorino.com\/veterinaire\/baumelesdames-25110\/boutique\/wp-json\/wp\/v2\/product_tag?post=1444947"}],"curies":[{"name":"wp","href":"https:\/\/api.w.org\/{rel}","templated":true}]}}