{"id":90727,"date":"2020-06-26T14:01:30","date_gmt":"2020-06-26T12:01:30","guid":{"rendered":"https:\/\/www.vetorino.com\/boutique\/product\/biberon-catac-pour-chat-et-chien-nain\/"},"modified":"2025-09-24T09:41:12","modified_gmt":"2025-09-24T07:41:12","slug":"biberon-catac-pour-chat-et-chien-nain","status":"publish","type":"product","link":"https:\/\/www.vetorino.com\/veterinaire\/baumelesdames-25110\/boutique\/product\/biberon-catac-pour-chat-et-chien-nain\/","title":{"rendered":"Biberon Catac pour chat et chien nain"},"content":{"rendered":"<div class='hidden'>MATERIEL<\/div>\n<div class='hidden'>Chiens<\/div>\n<p>Biberon en verre, incurv\u00e9, sp\u00e9cialement con\u00e7u pour l&#8217;allaitement artificiel et le sevrage des chatons. Utilisable \u00e0 partir de la naissance, \u00e0  st\u00e9riliser, alors, plus \u00e9conomiques !<br \/>Livr\u00e9 avec un biberon, trois t\u00e9tines caoutchouc et un goupillon pour le nettoyage.<\/p>\n","protected":false},"excerpt":{"rendered":"<p>MATERIEL Chiens Biberon en verre, incurv\u00e9, sp\u00e9cialement con\u00e7u pour l&#8217;allaitement artificiel et le sevrage des chatons. Utilisable \u00e0 partir de la naissance, \u00e0 st\u00e9riliser, alors, plus \u00e9conomiques !Livr\u00e9 avec un biberon, trois t\u00e9tines caoutchouc et un goupillon pour le nettoyage.<\/p>\n","protected":false},"featured_media":90726,"template":"","meta":[],"product_cat":[2697],"product_tag":[],"class_list":{"0":"post-90727","1":"product","2":"type-product","3":"status-publish","4":"has-post-thumbnail","6":"product_cat-chat","7":"pa_marque-materiel","9":"first","10":"instock","11":"taxable","12":"shipping-taxable","13":"purchasable","14":"product-type-simple"},"yoast_head":"<!-- This site is optimized with the Yoast SEO plugin v27.3 - https:\/\/yoast.com\/product\/yoast-seo-wordpress\/ -->\n<title>Biberon Catac pour chat et chien nain Mat\u00e9riel - V\u00e9torino<\/title>\n<meta name=\"description\" content=\"MATERIELChiensBiberon en verre, incurv\u00e9, sp\u00e9cialement con\u00e7u pour l&#039;allaitement artificiel et le sevrage des chatons. Utilisable \u00e0 partir de la naissance,\" \/>\n<meta name=\"robots\" content=\"noindex, nofollow\" \/>\n<meta property=\"og:locale\" content=\"fr_FR\" \/>\n<meta property=\"og:type\" content=\"article\" \/>\n<meta property=\"og:title\" content=\"Biberon Catac pour chat et chien nain Mat\u00e9riel - V\u00e9torino\" \/>\n<meta property=\"og:description\" content=\"MATERIELChiensBiberon en verre, incurv\u00e9, sp\u00e9cialement con\u00e7u pour l&#039;allaitement artificiel et le sevrage des chatons. Utilisable \u00e0 partir de la naissance,\" \/>\n<meta property=\"og:url\" content=\"https:\/\/www.vetorino.com\/veterinaire\/baumelesdames-25110\/boutique\/product\/biberon-catac-pour-chat-et-chien-nain\/\" \/>\n<meta property=\"og:site_name\" content=\"V\u00e9torino\" \/>\n<meta property=\"article:publisher\" content=\"https:\/\/www.facebook.com\/Vetorino\/\" \/>\n<meta property=\"article:modified_time\" content=\"2025-09-24T07:41:12+00:00\" \/>\n<meta property=\"og:image\" content=\"https:\/\/www.vetorino.com\/boutique\/wp-content\/uploads\/2020\/06\/FilsBIB002FormatMediumTypeIM-3.png\" \/>\n\t<meta property=\"og:image:width\" content=\"400\" \/>\n\t<meta property=\"og:image:height\" content=\"400\" \/>\n\t<meta property=\"og:image:type\" content=\"image\/png\" \/>\n<meta name=\"twitter:card\" content=\"summary_large_image\" \/>\n<meta name=\"twitter:label1\" content=\"Prix\" \/>\n\t<meta name=\"twitter:data1\" content=\"22,39&euro;\" \/>\n\t<meta name=\"twitter:label2\" content=\"Disponibilit\u00e9\" \/>\n\t<meta name=\"twitter:data2\" content=\"En stock\" \/>\n<script type=\"application\/ld+json\" class=\"yoast-schema-graph\">{\"@context\":\"https:\\\/\\\/schema.org\",\"@graph\":[{\"@type\":\"WebPage\",\"@id\":\"https:\\\/\\\/www.vetorino.com\\\/boutique\\\/product\\\/biberon-catac-pour-chat-et-chien-nain\\\/\",\"url\":\"https:\\\/\\\/www.vetorino.com\\\/boutique\\\/product\\\/biberon-catac-pour-chat-et-chien-nain\\\/\",\"name\":\"Biberon Catac pour chat et chien nain Mat\u00e9riel - V\u00e9torino\",\"isPartOf\":{\"@id\":\"https:\\\/\\\/www.vetorino.com\\\/boutique\\\/#website\"},\"primaryImageOfPage\":{\"@id\":\"https:\\\/\\\/www.vetorino.com\\\/boutique\\\/product\\\/biberon-catac-pour-chat-et-chien-nain\\\/#primaryimage\"},\"image\":{\"@id\":\"https:\\\/\\\/www.vetorino.com\\\/boutique\\\/product\\\/biberon-catac-pour-chat-et-chien-nain\\\/#primaryimage\"},\"thumbnailUrl\":\"https:\\\/\\\/www.vetorino.com\\\/boutique\\\/wp-content\\\/uploads\\\/2020\\\/06\\\/FilsBIB002FormatMediumTypeIM-3.png\",\"datePublished\":\"2020-06-26T12:01:30+00:00\",\"dateModified\":\"2025-09-24T07:41:12+00:00\",\"description\":\"MATERIELChiensBiberon en verre, incurv\u00e9, sp\u00e9cialement con\u00e7u pour l'allaitement artificiel et le sevrage des chatons. Utilisable \u00e0 partir de la naissance,\",\"breadcrumb\":{\"@id\":\"https:\\\/\\\/www.vetorino.com\\\/boutique\\\/product\\\/biberon-catac-pour-chat-et-chien-nain\\\/#breadcrumb\"},\"inLanguage\":\"fr-FR\",\"potentialAction\":[{\"@type\":\"ReadAction\",\"target\":[\"https:\\\/\\\/www.vetorino.com\\\/boutique\\\/product\\\/biberon-catac-pour-chat-et-chien-nain\\\/\"]}]},{\"@type\":\"ImageObject\",\"inLanguage\":\"fr-FR\",\"@id\":\"https:\\\/\\\/www.vetorino.com\\\/boutique\\\/product\\\/biberon-catac-pour-chat-et-chien-nain\\\/#primaryimage\",\"url\":\"https:\\\/\\\/www.vetorino.com\\\/boutique\\\/wp-content\\\/uploads\\\/2020\\\/06\\\/FilsBIB002FormatMediumTypeIM-3.png\",\"contentUrl\":\"https:\\\/\\\/www.vetorino.com\\\/boutique\\\/wp-content\\\/uploads\\\/2020\\\/06\\\/FilsBIB002FormatMediumTypeIM-3.png\",\"width\":400,\"height\":400},{\"@type\":\"BreadcrumbList\",\"@id\":\"https:\\\/\\\/www.vetorino.com\\\/boutique\\\/product\\\/biberon-catac-pour-chat-et-chien-nain\\\/#breadcrumb\",\"itemListElement\":[{\"@type\":\"ListItem\",\"position\":1,\"name\":\"Accueil\",\"item\":\"https:\\\/\\\/www.vetorino.com\\\/boutique\\\/\"},{\"@type\":\"ListItem\",\"position\":2,\"name\":\"Produits\",\"item\":\"https:\\\/\\\/www.vetorino.com\\\/boutique\\\/\"},{\"@type\":\"ListItem\",\"position\":3,\"name\":\"Biberon Catac pour chat et chien nain\"}]},{\"@type\":\"WebSite\",\"@id\":\"https:\\\/\\\/www.vetorino.com\\\/boutique\\\/#website\",\"url\":\"https:\\\/\\\/www.vetorino.com\\\/boutique\\\/\",\"name\":\"V\u00e9torino\",\"description\":\"\",\"publisher\":{\"@id\":\"https:\\\/\\\/www.vetorino.com\\\/boutique\\\/#organization\"},\"potentialAction\":[{\"@type\":\"SearchAction\",\"target\":{\"@type\":\"EntryPoint\",\"urlTemplate\":\"https:\\\/\\\/www.vetorino.com\\\/boutique\\\/?s={search_term_string}\"},\"query-input\":{\"@type\":\"PropertyValueSpecification\",\"valueRequired\":true,\"valueName\":\"search_term_string\"}}],\"inLanguage\":\"fr-FR\"},{\"@type\":\"Organization\",\"@id\":\"https:\\\/\\\/www.vetorino.com\\\/boutique\\\/#organization\",\"name\":\"V\u00e9torino\",\"url\":\"https:\\\/\\\/www.vetorino.com\\\/boutique\\\/\",\"logo\":{\"@type\":\"ImageObject\",\"inLanguage\":\"fr-FR\",\"@id\":\"https:\\\/\\\/www.vetorino.com\\\/boutique\\\/#\\\/schema\\\/logo\\\/image\\\/\",\"url\":\"https:\\\/\\\/www.vetorino.com\\\/boutique\\\/wp-content\\\/uploads\\\/2024\\\/10\\\/logo.jpg\",\"contentUrl\":\"https:\\\/\\\/www.vetorino.com\\\/boutique\\\/wp-content\\\/uploads\\\/2024\\\/10\\\/logo.jpg\",\"width\":1200,\"height\":610,\"caption\":\"V\u00e9torino\"},\"image\":{\"@id\":\"https:\\\/\\\/www.vetorino.com\\\/boutique\\\/#\\\/schema\\\/logo\\\/image\\\/\"},\"sameAs\":[\"https:\\\/\\\/www.facebook.com\\\/Vetorino\\\/\",\"https:\\\/\\\/www.instagram.com\\\/vetorino_off\\\/\",\"https:\\\/\\\/www.linkedin.com\\\/company\\\/vtorino\\\/\"]}]}<\/script>\n<meta property=\"product:brand\" content=\"Mat\u00e9riel\" \/>\n<meta property=\"product:price:amount\" content=\"22.39\" \/>\n<meta property=\"product:price:currency\" content=\"EUR\" \/>\n<meta property=\"og:availability\" content=\"instock\" \/>\n<meta property=\"product:availability\" content=\"instock\" \/>\n<meta property=\"product:retailer_item_id\" content=\"C-BIB002\" \/>\n<meta property=\"product:condition\" content=\"new\" \/>\n<!-- \/ Yoast SEO plugin. -->","yoast_head_json":{"title":"Biberon Catac pour chat et chien nain Mat\u00e9riel - V\u00e9torino","description":"MATERIELChiensBiberon en verre, incurv\u00e9, sp\u00e9cialement con\u00e7u pour l'allaitement artificiel et le sevrage des chatons. Utilisable \u00e0 partir de la naissance,","robots":{"index":"noindex","follow":"nofollow"},"og_locale":"fr_FR","og_type":"article","og_title":"Biberon Catac pour chat et chien nain Mat\u00e9riel - V\u00e9torino","og_description":"MATERIELChiensBiberon en verre, incurv\u00e9, sp\u00e9cialement con\u00e7u pour l'allaitement artificiel et le sevrage des chatons. Utilisable \u00e0 partir de la naissance,","og_url":"https:\/\/www.vetorino.com\/veterinaire\/baumelesdames-25110\/boutique\/product\/biberon-catac-pour-chat-et-chien-nain\/","og_site_name":"V\u00e9torino","article_publisher":"https:\/\/www.facebook.com\/Vetorino\/","article_modified_time":"2025-09-24T07:41:12+00:00","og_image":[{"width":400,"height":400,"url":"https:\/\/www.vetorino.com\/boutique\/wp-content\/uploads\/2020\/06\/FilsBIB002FormatMediumTypeIM-3.png","type":"image\/png"}],"twitter_card":"summary_large_image","twitter_misc":{"Prix":"22,39&euro;","Disponibilit\u00e9":"En stock"},"schema":{"@context":"https:\/\/schema.org","@graph":[{"@type":"WebPage","@id":"https:\/\/www.vetorino.com\/boutique\/product\/biberon-catac-pour-chat-et-chien-nain\/","url":"https:\/\/www.vetorino.com\/boutique\/product\/biberon-catac-pour-chat-et-chien-nain\/","name":"Biberon Catac pour chat et chien nain Mat\u00e9riel - V\u00e9torino","isPartOf":{"@id":"https:\/\/www.vetorino.com\/boutique\/#website"},"primaryImageOfPage":{"@id":"https:\/\/www.vetorino.com\/boutique\/product\/biberon-catac-pour-chat-et-chien-nain\/#primaryimage"},"image":{"@id":"https:\/\/www.vetorino.com\/boutique\/product\/biberon-catac-pour-chat-et-chien-nain\/#primaryimage"},"thumbnailUrl":"https:\/\/www.vetorino.com\/boutique\/wp-content\/uploads\/2020\/06\/FilsBIB002FormatMediumTypeIM-3.png","datePublished":"2020-06-26T12:01:30+00:00","dateModified":"2025-09-24T07:41:12+00:00","description":"MATERIELChiensBiberon en verre, incurv\u00e9, sp\u00e9cialement con\u00e7u pour l'allaitement artificiel et le sevrage des chatons. Utilisable \u00e0 partir de la naissance,","breadcrumb":{"@id":"https:\/\/www.vetorino.com\/boutique\/product\/biberon-catac-pour-chat-et-chien-nain\/#breadcrumb"},"inLanguage":"fr-FR","potentialAction":[{"@type":"ReadAction","target":["https:\/\/www.vetorino.com\/boutique\/product\/biberon-catac-pour-chat-et-chien-nain\/"]}]},{"@type":"ImageObject","inLanguage":"fr-FR","@id":"https:\/\/www.vetorino.com\/boutique\/product\/biberon-catac-pour-chat-et-chien-nain\/#primaryimage","url":"https:\/\/www.vetorino.com\/boutique\/wp-content\/uploads\/2020\/06\/FilsBIB002FormatMediumTypeIM-3.png","contentUrl":"https:\/\/www.vetorino.com\/boutique\/wp-content\/uploads\/2020\/06\/FilsBIB002FormatMediumTypeIM-3.png","width":400,"height":400},{"@type":"BreadcrumbList","@id":"https:\/\/www.vetorino.com\/boutique\/product\/biberon-catac-pour-chat-et-chien-nain\/#breadcrumb","itemListElement":[{"@type":"ListItem","position":1,"name":"Accueil","item":"https:\/\/www.vetorino.com\/boutique\/"},{"@type":"ListItem","position":2,"name":"Produits","item":"https:\/\/www.vetorino.com\/boutique\/"},{"@type":"ListItem","position":3,"name":"Biberon Catac pour chat et chien nain"}]},{"@type":"WebSite","@id":"https:\/\/www.vetorino.com\/boutique\/#website","url":"https:\/\/www.vetorino.com\/boutique\/","name":"V\u00e9torino","description":"","publisher":{"@id":"https:\/\/www.vetorino.com\/boutique\/#organization"},"potentialAction":[{"@type":"SearchAction","target":{"@type":"EntryPoint","urlTemplate":"https:\/\/www.vetorino.com\/boutique\/?s={search_term_string}"},"query-input":{"@type":"PropertyValueSpecification","valueRequired":true,"valueName":"search_term_string"}}],"inLanguage":"fr-FR"},{"@type":"Organization","@id":"https:\/\/www.vetorino.com\/boutique\/#organization","name":"V\u00e9torino","url":"https:\/\/www.vetorino.com\/boutique\/","logo":{"@type":"ImageObject","inLanguage":"fr-FR","@id":"https:\/\/www.vetorino.com\/boutique\/#\/schema\/logo\/image\/","url":"https:\/\/www.vetorino.com\/boutique\/wp-content\/uploads\/2024\/10\/logo.jpg","contentUrl":"https:\/\/www.vetorino.com\/boutique\/wp-content\/uploads\/2024\/10\/logo.jpg","width":1200,"height":610,"caption":"V\u00e9torino"},"image":{"@id":"https:\/\/www.vetorino.com\/boutique\/#\/schema\/logo\/image\/"},"sameAs":["https:\/\/www.facebook.com\/Vetorino\/","https:\/\/www.instagram.com\/vetorino_off\/","https:\/\/www.linkedin.com\/company\/vtorino\/"]}]},"product_brand":"Mat\u00e9riel","product_price_amount":"22.39","product_price_currency":"EUR","og_availability":"instock","product_availability":"instock","product_retailer_item_id":"C-BIB002","product_condition":"new"},"_links":{"self":[{"href":"https:\/\/www.vetorino.com\/veterinaire\/baumelesdames-25110\/boutique\/wp-json\/wp\/v2\/product\/90727","targetHints":{"allow":["GET"]}}],"collection":[{"href":"https:\/\/www.vetorino.com\/veterinaire\/baumelesdames-25110\/boutique\/wp-json\/wp\/v2\/product"}],"about":[{"href":"https:\/\/www.vetorino.com\/veterinaire\/baumelesdames-25110\/boutique\/wp-json\/wp\/v2\/types\/product"}],"wp:featuredmedia":[{"embeddable":true,"href":"https:\/\/www.vetorino.com\/veterinaire\/baumelesdames-25110\/boutique\/wp-json\/wp\/v2\/media\/90726"}],"wp:attachment":[{"href":"https:\/\/www.vetorino.com\/veterinaire\/baumelesdames-25110\/boutique\/wp-json\/wp\/v2\/media?parent=90727"}],"wp:term":[{"taxonomy":"product_cat","embeddable":true,"href":"https:\/\/www.vetorino.com\/veterinaire\/baumelesdames-25110\/boutique\/wp-json\/wp\/v2\/product_cat?post=90727"},{"taxonomy":"product_tag","embeddable":true,"href":"https:\/\/www.vetorino.com\/veterinaire\/baumelesdames-25110\/boutique\/wp-json\/wp\/v2\/product_tag?post=90727"}],"curies":[{"name":"wp","href":"https:\/\/api.w.org\/{rel}","templated":true}]}}