{"id":99608,"date":"2020-06-30T01:33:35","date_gmt":"2020-06-29T23:33:35","guid":{"rendered":"https:\/\/www.vetorino.com\/boutique\/product\/matelas-linen-clebard-concept\/"},"modified":"2022-01-06T03:42:13","modified_gmt":"2022-01-06T02:42:13","slug":"matelas-linen-clebard-concept","status":"publish","type":"product","link":"https:\/\/www.vetorino.com\/veterinaire\/baumelesdames-25110\/boutique\/product\/matelas-linen-clebard-concept\/","title":{"rendered":"Matelas Linen Cl\u00e9bard-Concept"},"content":{"rendered":"<div class='hidden'>MATERIEL<\/div>\n<div class='hidden'>Chiens<\/div>\n<p>Plus qu&rsquo;un panier pour chien design, la solution innovante Cl&eacute;bard-Concept Linen permet au chien de fa&ccedil;onner son couchage comme il le ferait dans la nature.<br \/>\nLa structure mol&eacute;culaire du coussin compos&eacute;e de li&egrave;ge et de c&egrave;dre lui conf&egrave;re une ergonomie exceptionnelle qui prot&egrave;ge le dos et les articulations du chien en lui apportant un confort optimal.<br \/>\nD&rsquo;un aspect lin tr&egrave;s &eacute;l&eacute;gant, la finition Linen est &eacute;galement un r&eacute;el atout pour la d&eacute;coration d&rsquo;espaces &eacute;pur&eacute;s et sobres.<\/p>\n<ul>\n<li>Le coussin Linen est antimicrobien, antibact&eacute;rien, antipuce, hygi&eacute;nique et anti-odeur. Gr&acirc;ce &agrave; sa composition unique et naturelle de li&egrave;ge et de c&egrave;dre, il tient &agrave; l&rsquo;&eacute;cart les parasites, les bact&eacute;ries, les moisissures et pr&eacute;sente en outre l&rsquo;avantage de neutraliser naturellement les odeurs d&eacute;sagr&eacute;ables au coeur du coussin pour une ambiance saine dans la maison.<\/li>\n<li>Le coussin design Cl&eacute;bard-Concept est con&ccedil;u pour &ecirc;tre facile d&rsquo;entretien gr&acirc;ce &agrave; un traitement nano-technologique de la housse ext&eacute;rieure qui permet au ma&icirc;tre d&rsquo;enlever, d&rsquo;un simple coup de chiffon humide, la plupart des taches et salissures &agrave; la surface du coussin.<\/li>\n<li>Ce coussin d&eacute;houssable conserve toute sa fra&icirc;cheur gr&acirc;ce &agrave; sa housse amovible lavable en machine. D&rsquo;une grande durabilit&eacute;, le coussin Cl&eacute;bard-Concept maintient ses propri&eacute;t&eacute;s sans limite dans le temps. Housse de rechange disponible sur commande sp&eacute;ciale, nous consulter. Fini les coussins jetables !<\/li>\n<\/ul>\n<p>Non seulement il est respectueux de l&rsquo;environnement, mais il contribue en plus &agrave; l&rsquo;&eacute;radication des gaz &agrave; effet de serre gr&acirc;ce &agrave; l&#039;utilisation de l&rsquo;&eacute;corce du ch&ecirc;ne-li&egrave;ge dans sa composition (plus de 90%).<br \/>\nLes for&ecirc;ts de cette esp&egrave;ce constituent en effet d&rsquo;excellents puits de carbone et l&rsquo;utilisation de la seule &eacute;corce (pas d&rsquo;abattage) participe &agrave; la pr&eacute;servation des arbres et &agrave; la sauvegarde de la biodiversit&eacute;.<\/p>\n<ul>\n<li>Housse ext&eacute;rieure : tissu 100% polyester water resistant, certifi&eacute; Oeko-Tex Standard 100 Classe I (garanti exempt de produits toxiques pour le corps et pour l&rsquo;environnement), test&eacute; pour une utilisation pour b&eacute;b&eacute;s et enfants.<\/li>\n<li>Coussin int&eacute;rieur constitu&eacute; : d&rsquo;une housse en tissu 100% polyamide certifi&eacute; Oeko-Tex Standard 100 Classe I et Classe II, de granul&eacute;s de li&egrave;ge, de billes de c&egrave;dre rouge.<\/li>\n<li>Entretien : housse ext&eacute;rieure lavable en machine jusqu&rsquo;&agrave; 30&deg;C, pas de javel ni d&rsquo;agents blanchissant, pas de s&egrave;che-linge, ne pas repasser. Le coussin int&eacute;rieur n&rsquo;a pas besoin d&rsquo;&ecirc;tre lav&eacute;. Si toutefois vous souhaitez le faire, videz le contenu du coussin dans un r&eacute;cipient et lavez la housse seule. Regarnir le coussin une fois la housse s&egrave;che.<\/li>\n<\/ul>\n","protected":false},"excerpt":{"rendered":"<p>MATERIEL Chiens Plus qu&rsquo;un panier pour chien design, la solution innovante Cl&eacute;bard-Concept Linen permet au chien de fa&ccedil;onner son couchage comme il le ferait dans la nature. La structure mol&eacute;culaire du coussin compos&eacute;e de li&egrave;ge et de c&egrave;dre lui conf&egrave;re une ergonomie exceptionnelle qui prot&egrave;ge le dos et les articulations du chien en lui apportant [&hellip;]<\/p>\n","protected":false},"featured_media":99604,"template":"","meta":[],"product_cat":[2698],"product_tag":[],"class_list":{"0":"post-99608","1":"product","2":"type-product","3":"status-publish","4":"has-post-thumbnail","6":"product_cat-chien","7":"pa_marque-materiel","9":"first","10":"instock","11":"taxable","12":"shipping-taxable","13":"purchasable","14":"product-type-variable"},"yoast_head":"<!-- This site is optimized with the Yoast SEO plugin v27.3 - https:\/\/yoast.com\/product\/yoast-seo-wordpress\/ -->\n<title>Matelas Linen Cl\u00e9bard-Concept Mat\u00e9riel - V\u00e9torino<\/title>\n<meta name=\"description\" content=\"MATERIELChiensPlus qu&rsquo;un panier pour chien design, la solution innovante Cl&eacute;bard-Concept Linen permet au chien de fa&ccedil;onner son\" \/>\n<meta name=\"robots\" content=\"noindex, nofollow\" \/>\n<meta property=\"og:locale\" content=\"fr_FR\" \/>\n<meta property=\"og:type\" content=\"article\" \/>\n<meta property=\"og:title\" content=\"Matelas Linen Cl\u00e9bard-Concept Mat\u00e9riel - V\u00e9torino\" \/>\n<meta property=\"og:description\" content=\"MATERIELChiensPlus qu&rsquo;un panier pour chien design, la solution innovante Cl&eacute;bard-Concept Linen permet au chien de fa&ccedil;onner son\" \/>\n<meta property=\"og:url\" content=\"https:\/\/www.vetorino.com\/veterinaire\/baumelesdames-25110\/boutique\/product\/matelas-linen-clebard-concept\/\" \/>\n<meta property=\"og:site_name\" content=\"V\u00e9torino\" \/>\n<meta property=\"article:publisher\" content=\"https:\/\/www.facebook.com\/Vetorino\/\" \/>\n<meta property=\"article:modified_time\" content=\"2022-01-06T02:42:13+00:00\" \/>\n<meta property=\"og:image\" content=\"https:\/\/www.vetorino.com\/boutique\/wp-content\/uploads\/2020\/06\/FilsMAT711FormatMediumTypeIM.png\" \/>\n\t<meta property=\"og:image:width\" content=\"400\" \/>\n\t<meta property=\"og:image:height\" content=\"400\" \/>\n\t<meta property=\"og:image:type\" content=\"image\/png\" \/>\n<meta name=\"twitter:card\" content=\"summary_large_image\" \/>\n<meta name=\"twitter:label1\" content=\"Disponibilit\u00e9\" \/>\n\t<meta name=\"twitter:data1\" content=\"En stock\" \/>\n<script type=\"application\/ld+json\" class=\"yoast-schema-graph\">{\"@context\":\"https:\\\/\\\/schema.org\",\"@graph\":[{\"@type\":\"WebPage\",\"@id\":\"https:\\\/\\\/www.vetorino.com\\\/boutique\\\/product\\\/matelas-linen-clebard-concept\\\/\",\"url\":\"https:\\\/\\\/www.vetorino.com\\\/boutique\\\/product\\\/matelas-linen-clebard-concept\\\/\",\"name\":\"Matelas Linen Cl\u00e9bard-Concept Mat\u00e9riel - V\u00e9torino\",\"isPartOf\":{\"@id\":\"https:\\\/\\\/www.vetorino.com\\\/boutique\\\/#website\"},\"primaryImageOfPage\":{\"@id\":\"https:\\\/\\\/www.vetorino.com\\\/boutique\\\/product\\\/matelas-linen-clebard-concept\\\/#primaryimage\"},\"image\":{\"@id\":\"https:\\\/\\\/www.vetorino.com\\\/boutique\\\/product\\\/matelas-linen-clebard-concept\\\/#primaryimage\"},\"thumbnailUrl\":\"https:\\\/\\\/www.vetorino.com\\\/boutique\\\/wp-content\\\/uploads\\\/2020\\\/06\\\/FilsMAT711FormatMediumTypeIM.png\",\"datePublished\":\"2020-06-29T23:33:35+00:00\",\"dateModified\":\"2022-01-06T02:42:13+00:00\",\"description\":\"MATERIELChiensPlus qu&rsquo;un panier pour chien design, la solution innovante Cl&eacute;bard-Concept Linen permet au chien de fa&ccedil;onner son\",\"breadcrumb\":{\"@id\":\"https:\\\/\\\/www.vetorino.com\\\/boutique\\\/product\\\/matelas-linen-clebard-concept\\\/#breadcrumb\"},\"inLanguage\":\"fr-FR\",\"potentialAction\":[{\"@type\":\"ReadAction\",\"target\":[\"https:\\\/\\\/www.vetorino.com\\\/boutique\\\/product\\\/matelas-linen-clebard-concept\\\/\"]}]},{\"@type\":\"ImageObject\",\"inLanguage\":\"fr-FR\",\"@id\":\"https:\\\/\\\/www.vetorino.com\\\/boutique\\\/product\\\/matelas-linen-clebard-concept\\\/#primaryimage\",\"url\":\"https:\\\/\\\/www.vetorino.com\\\/boutique\\\/wp-content\\\/uploads\\\/2020\\\/06\\\/FilsMAT711FormatMediumTypeIM.png\",\"contentUrl\":\"https:\\\/\\\/www.vetorino.com\\\/boutique\\\/wp-content\\\/uploads\\\/2020\\\/06\\\/FilsMAT711FormatMediumTypeIM.png\",\"width\":400,\"height\":400},{\"@type\":\"BreadcrumbList\",\"@id\":\"https:\\\/\\\/www.vetorino.com\\\/boutique\\\/product\\\/matelas-linen-clebard-concept\\\/#breadcrumb\",\"itemListElement\":[{\"@type\":\"ListItem\",\"position\":1,\"name\":\"Accueil\",\"item\":\"https:\\\/\\\/www.vetorino.com\\\/boutique\\\/\"},{\"@type\":\"ListItem\",\"position\":2,\"name\":\"Produits\",\"item\":\"https:\\\/\\\/www.vetorino.com\\\/boutique\\\/\"},{\"@type\":\"ListItem\",\"position\":3,\"name\":\"Matelas Linen Cl\u00e9bard-Concept\"}]},{\"@type\":\"WebSite\",\"@id\":\"https:\\\/\\\/www.vetorino.com\\\/boutique\\\/#website\",\"url\":\"https:\\\/\\\/www.vetorino.com\\\/boutique\\\/\",\"name\":\"V\u00e9torino\",\"description\":\"\",\"publisher\":{\"@id\":\"https:\\\/\\\/www.vetorino.com\\\/boutique\\\/#organization\"},\"potentialAction\":[{\"@type\":\"SearchAction\",\"target\":{\"@type\":\"EntryPoint\",\"urlTemplate\":\"https:\\\/\\\/www.vetorino.com\\\/boutique\\\/?s={search_term_string}\"},\"query-input\":{\"@type\":\"PropertyValueSpecification\",\"valueRequired\":true,\"valueName\":\"search_term_string\"}}],\"inLanguage\":\"fr-FR\"},{\"@type\":\"Organization\",\"@id\":\"https:\\\/\\\/www.vetorino.com\\\/boutique\\\/#organization\",\"name\":\"V\u00e9torino\",\"url\":\"https:\\\/\\\/www.vetorino.com\\\/boutique\\\/\",\"logo\":{\"@type\":\"ImageObject\",\"inLanguage\":\"fr-FR\",\"@id\":\"https:\\\/\\\/www.vetorino.com\\\/boutique\\\/#\\\/schema\\\/logo\\\/image\\\/\",\"url\":\"https:\\\/\\\/www.vetorino.com\\\/boutique\\\/wp-content\\\/uploads\\\/2024\\\/10\\\/logo.jpg\",\"contentUrl\":\"https:\\\/\\\/www.vetorino.com\\\/boutique\\\/wp-content\\\/uploads\\\/2024\\\/10\\\/logo.jpg\",\"width\":1200,\"height\":610,\"caption\":\"V\u00e9torino\"},\"image\":{\"@id\":\"https:\\\/\\\/www.vetorino.com\\\/boutique\\\/#\\\/schema\\\/logo\\\/image\\\/\"},\"sameAs\":[\"https:\\\/\\\/www.facebook.com\\\/Vetorino\\\/\",\"https:\\\/\\\/www.instagram.com\\\/vetorino_off\\\/\",\"https:\\\/\\\/www.linkedin.com\\\/company\\\/vtorino\\\/\"]}]}<\/script>\n<meta property=\"product:brand\" content=\"Mat\u00e9riel\" \/>\n<meta property=\"og:availability\" content=\"instock\" \/>\n<meta property=\"product:availability\" content=\"instock\" \/>\n<meta property=\"product:condition\" content=\"new\" \/>\n<!-- \/ Yoast SEO plugin. -->","yoast_head_json":{"title":"Matelas Linen Cl\u00e9bard-Concept Mat\u00e9riel - V\u00e9torino","description":"MATERIELChiensPlus qu&rsquo;un panier pour chien design, la solution innovante Cl&eacute;bard-Concept Linen permet au chien de fa&ccedil;onner son","robots":{"index":"noindex","follow":"nofollow"},"og_locale":"fr_FR","og_type":"article","og_title":"Matelas Linen Cl\u00e9bard-Concept Mat\u00e9riel - V\u00e9torino","og_description":"MATERIELChiensPlus qu&rsquo;un panier pour chien design, la solution innovante Cl&eacute;bard-Concept Linen permet au chien de fa&ccedil;onner son","og_url":"https:\/\/www.vetorino.com\/veterinaire\/baumelesdames-25110\/boutique\/product\/matelas-linen-clebard-concept\/","og_site_name":"V\u00e9torino","article_publisher":"https:\/\/www.facebook.com\/Vetorino\/","article_modified_time":"2022-01-06T02:42:13+00:00","og_image":[{"width":400,"height":400,"url":"https:\/\/www.vetorino.com\/boutique\/wp-content\/uploads\/2020\/06\/FilsMAT711FormatMediumTypeIM.png","type":"image\/png"}],"twitter_card":"summary_large_image","twitter_misc":{"Disponibilit\u00e9":"En stock"},"schema":{"@context":"https:\/\/schema.org","@graph":[{"@type":"WebPage","@id":"https:\/\/www.vetorino.com\/boutique\/product\/matelas-linen-clebard-concept\/","url":"https:\/\/www.vetorino.com\/boutique\/product\/matelas-linen-clebard-concept\/","name":"Matelas Linen Cl\u00e9bard-Concept Mat\u00e9riel - V\u00e9torino","isPartOf":{"@id":"https:\/\/www.vetorino.com\/boutique\/#website"},"primaryImageOfPage":{"@id":"https:\/\/www.vetorino.com\/boutique\/product\/matelas-linen-clebard-concept\/#primaryimage"},"image":{"@id":"https:\/\/www.vetorino.com\/boutique\/product\/matelas-linen-clebard-concept\/#primaryimage"},"thumbnailUrl":"https:\/\/www.vetorino.com\/boutique\/wp-content\/uploads\/2020\/06\/FilsMAT711FormatMediumTypeIM.png","datePublished":"2020-06-29T23:33:35+00:00","dateModified":"2022-01-06T02:42:13+00:00","description":"MATERIELChiensPlus qu&rsquo;un panier pour chien design, la solution innovante Cl&eacute;bard-Concept Linen permet au chien de fa&ccedil;onner son","breadcrumb":{"@id":"https:\/\/www.vetorino.com\/boutique\/product\/matelas-linen-clebard-concept\/#breadcrumb"},"inLanguage":"fr-FR","potentialAction":[{"@type":"ReadAction","target":["https:\/\/www.vetorino.com\/boutique\/product\/matelas-linen-clebard-concept\/"]}]},{"@type":"ImageObject","inLanguage":"fr-FR","@id":"https:\/\/www.vetorino.com\/boutique\/product\/matelas-linen-clebard-concept\/#primaryimage","url":"https:\/\/www.vetorino.com\/boutique\/wp-content\/uploads\/2020\/06\/FilsMAT711FormatMediumTypeIM.png","contentUrl":"https:\/\/www.vetorino.com\/boutique\/wp-content\/uploads\/2020\/06\/FilsMAT711FormatMediumTypeIM.png","width":400,"height":400},{"@type":"BreadcrumbList","@id":"https:\/\/www.vetorino.com\/boutique\/product\/matelas-linen-clebard-concept\/#breadcrumb","itemListElement":[{"@type":"ListItem","position":1,"name":"Accueil","item":"https:\/\/www.vetorino.com\/boutique\/"},{"@type":"ListItem","position":2,"name":"Produits","item":"https:\/\/www.vetorino.com\/boutique\/"},{"@type":"ListItem","position":3,"name":"Matelas Linen Cl\u00e9bard-Concept"}]},{"@type":"WebSite","@id":"https:\/\/www.vetorino.com\/boutique\/#website","url":"https:\/\/www.vetorino.com\/boutique\/","name":"V\u00e9torino","description":"","publisher":{"@id":"https:\/\/www.vetorino.com\/boutique\/#organization"},"potentialAction":[{"@type":"SearchAction","target":{"@type":"EntryPoint","urlTemplate":"https:\/\/www.vetorino.com\/boutique\/?s={search_term_string}"},"query-input":{"@type":"PropertyValueSpecification","valueRequired":true,"valueName":"search_term_string"}}],"inLanguage":"fr-FR"},{"@type":"Organization","@id":"https:\/\/www.vetorino.com\/boutique\/#organization","name":"V\u00e9torino","url":"https:\/\/www.vetorino.com\/boutique\/","logo":{"@type":"ImageObject","inLanguage":"fr-FR","@id":"https:\/\/www.vetorino.com\/boutique\/#\/schema\/logo\/image\/","url":"https:\/\/www.vetorino.com\/boutique\/wp-content\/uploads\/2024\/10\/logo.jpg","contentUrl":"https:\/\/www.vetorino.com\/boutique\/wp-content\/uploads\/2024\/10\/logo.jpg","width":1200,"height":610,"caption":"V\u00e9torino"},"image":{"@id":"https:\/\/www.vetorino.com\/boutique\/#\/schema\/logo\/image\/"},"sameAs":["https:\/\/www.facebook.com\/Vetorino\/","https:\/\/www.instagram.com\/vetorino_off\/","https:\/\/www.linkedin.com\/company\/vtorino\/"]}]},"product_brand":"Mat\u00e9riel","og_availability":"instock","product_availability":"instock","product_condition":"new"},"_links":{"self":[{"href":"https:\/\/www.vetorino.com\/veterinaire\/baumelesdames-25110\/boutique\/wp-json\/wp\/v2\/product\/99608","targetHints":{"allow":["GET"]}}],"collection":[{"href":"https:\/\/www.vetorino.com\/veterinaire\/baumelesdames-25110\/boutique\/wp-json\/wp\/v2\/product"}],"about":[{"href":"https:\/\/www.vetorino.com\/veterinaire\/baumelesdames-25110\/boutique\/wp-json\/wp\/v2\/types\/product"}],"wp:featuredmedia":[{"embeddable":true,"href":"https:\/\/www.vetorino.com\/veterinaire\/baumelesdames-25110\/boutique\/wp-json\/wp\/v2\/media\/99604"}],"wp:attachment":[{"href":"https:\/\/www.vetorino.com\/veterinaire\/baumelesdames-25110\/boutique\/wp-json\/wp\/v2\/media?parent=99608"}],"wp:term":[{"taxonomy":"product_cat","embeddable":true,"href":"https:\/\/www.vetorino.com\/veterinaire\/baumelesdames-25110\/boutique\/wp-json\/wp\/v2\/product_cat?post=99608"},{"taxonomy":"product_tag","embeddable":true,"href":"https:\/\/www.vetorino.com\/veterinaire\/baumelesdames-25110\/boutique\/wp-json\/wp\/v2\/product_tag?post=99608"}],"curies":[{"name":"wp","href":"https:\/\/api.w.org\/{rel}","templated":true}]}}