{"id":99659,"date":"2020-06-30T01:34:07","date_gmt":"2020-06-29T23:34:07","guid":{"rendered":"https:\/\/www.vetorino.com\/boutique\/product\/medaille-intelligente\/"},"modified":"2022-01-04T15:36:42","modified_gmt":"2022-01-04T14:36:42","slug":"medaille-intelligente","status":"publish","type":"product","link":"https:\/\/www.vetorino.com\/veterinaire\/baumelesdames-25110\/boutique\/product\/medaille-intelligente\/","title":{"rendered":"M\u00e9daille intelligente"},"content":{"rendered":"<div class='hidden'>MATERIEL<\/div>\n<div class='hidden'>Chiens<\/div>\n<p>Gr\u00e2ce \u00e0 la m\u00e9daille cod\u00e9e, tout animal perdu ou \u00e9gar\u00e9 est rapidement retrouv\u00e9.<br \/>En effet, les informations le concernant ne seront plus jamais p\u00e9rim\u00e9es ou incompl\u00e8tes.<br \/>Ainsi bon nombre de mises en fourri\u00e8re seront \u00e9vit\u00e9es et vous serez rassur\u00e9.<br \/>Comment \u00e7a marche ?<br \/>Chaque m\u00e9daille est unique, elle est reli\u00e9e par sa gravure \u00e0 une base de donn\u00e9es s\u00e9curis\u00e9e renseign\u00e9e exclusivement par le propri\u00e9taire de l&#8217;animal.<br \/>Toute personne qui trouve un animal portant cette m\u00e9daille est invit\u00e9e :<br \/>&#8211; \u00e0 se connecter sur le site www.FlashTag.eu et \u00e0 saisir le code grav\u00e9 sur la m\u00e9daille. (lettres et\/ou chiffres) ou<br \/>&#8211; \u00e0 flasher le QR code \u00e0 l&#8217;aide d&#8217;un smartphone.<br \/>Le dossier de l&#8217;animal appara\u00eet \u00e0 l&#8217;\u00e9cran permettant ainsi de contacter son propri\u00e9taire.<br \/>Cette m\u00e9daille peut \u00eatre lue partout dans le monde.<\/p>\n","protected":false},"excerpt":{"rendered":"<p>MATERIEL Chiens Gr\u00e2ce \u00e0 la m\u00e9daille cod\u00e9e, tout animal perdu ou \u00e9gar\u00e9 est rapidement retrouv\u00e9.En effet, les informations le concernant ne seront plus jamais p\u00e9rim\u00e9es ou incompl\u00e8tes.Ainsi bon nombre de mises en fourri\u00e8re seront \u00e9vit\u00e9es et vous serez rassur\u00e9.Comment \u00e7a marche ?Chaque m\u00e9daille est unique, elle est reli\u00e9e par sa gravure \u00e0 une base de [&hellip;]<\/p>\n","protected":false},"featured_media":99656,"template":"","meta":[],"product_cat":[2698],"product_tag":[],"class_list":{"0":"post-99659","1":"product","2":"type-product","3":"status-publish","4":"has-post-thumbnail","6":"product_cat-chien","7":"pa_marque-materiel","9":"first","10":"outofstock","11":"taxable","12":"shipping-taxable","13":"purchasable","14":"product-type-variable"},"yoast_head":"<!-- This site is optimized with the Yoast SEO plugin v27.3 - https:\/\/yoast.com\/product\/yoast-seo-wordpress\/ -->\n<title>M\u00e9daille intelligente Mat\u00e9riel - V\u00e9torino<\/title>\n<meta name=\"description\" content=\"MATERIELChiensGr\u00e2ce \u00e0 la m\u00e9daille cod\u00e9e, tout animal perdu ou \u00e9gar\u00e9 est rapidement retrouv\u00e9.En effet, les informations le concernant ne seront plus jamais\" \/>\n<meta name=\"robots\" content=\"noindex, nofollow\" \/>\n<meta property=\"og:locale\" content=\"fr_FR\" \/>\n<meta property=\"og:type\" content=\"article\" \/>\n<meta property=\"og:title\" content=\"M\u00e9daille intelligente Mat\u00e9riel - V\u00e9torino\" \/>\n<meta property=\"og:description\" content=\"MATERIELChiensGr\u00e2ce \u00e0 la m\u00e9daille cod\u00e9e, tout animal perdu ou \u00e9gar\u00e9 est rapidement retrouv\u00e9.En effet, les informations le concernant ne seront plus jamais\" \/>\n<meta property=\"og:url\" content=\"https:\/\/www.vetorino.com\/veterinaire\/baumelesdames-25110\/boutique\/product\/medaille-intelligente\/\" \/>\n<meta property=\"og:site_name\" content=\"V\u00e9torino\" \/>\n<meta property=\"article:publisher\" content=\"https:\/\/www.facebook.com\/Vetorino\/\" \/>\n<meta property=\"article:modified_time\" content=\"2022-01-04T14:36:42+00:00\" \/>\n<meta property=\"og:image\" content=\"https:\/\/www.vetorino.com\/boutique\/wp-content\/uploads\/2020\/06\/FilsMED704FormatMediumTypeIM.png\" \/>\n\t<meta property=\"og:image:width\" content=\"400\" \/>\n\t<meta property=\"og:image:height\" content=\"400\" \/>\n\t<meta property=\"og:image:type\" content=\"image\/png\" \/>\n<meta name=\"twitter:card\" content=\"summary_large_image\" \/>\n<meta name=\"twitter:label1\" content=\"Disponibilit\u00e9\" \/>\n\t<meta name=\"twitter:data1\" content=\"Rupture de stock\" \/>\n<script type=\"application\/ld+json\" class=\"yoast-schema-graph\">{\"@context\":\"https:\\\/\\\/schema.org\",\"@graph\":[{\"@type\":\"WebPage\",\"@id\":\"https:\\\/\\\/www.vetorino.com\\\/boutique\\\/product\\\/medaille-intelligente\\\/\",\"url\":\"https:\\\/\\\/www.vetorino.com\\\/boutique\\\/product\\\/medaille-intelligente\\\/\",\"name\":\"M\u00e9daille intelligente Mat\u00e9riel - V\u00e9torino\",\"isPartOf\":{\"@id\":\"https:\\\/\\\/www.vetorino.com\\\/boutique\\\/#website\"},\"primaryImageOfPage\":{\"@id\":\"https:\\\/\\\/www.vetorino.com\\\/boutique\\\/product\\\/medaille-intelligente\\\/#primaryimage\"},\"image\":{\"@id\":\"https:\\\/\\\/www.vetorino.com\\\/boutique\\\/product\\\/medaille-intelligente\\\/#primaryimage\"},\"thumbnailUrl\":\"https:\\\/\\\/www.vetorino.com\\\/boutique\\\/wp-content\\\/uploads\\\/2020\\\/06\\\/FilsMED704FormatMediumTypeIM.png\",\"datePublished\":\"2020-06-29T23:34:07+00:00\",\"dateModified\":\"2022-01-04T14:36:42+00:00\",\"description\":\"MATERIELChiensGr\u00e2ce \u00e0 la m\u00e9daille cod\u00e9e, tout animal perdu ou \u00e9gar\u00e9 est rapidement retrouv\u00e9.En effet, les informations le concernant ne seront plus jamais\",\"breadcrumb\":{\"@id\":\"https:\\\/\\\/www.vetorino.com\\\/boutique\\\/product\\\/medaille-intelligente\\\/#breadcrumb\"},\"inLanguage\":\"fr-FR\",\"potentialAction\":[{\"@type\":\"ReadAction\",\"target\":[\"https:\\\/\\\/www.vetorino.com\\\/boutique\\\/product\\\/medaille-intelligente\\\/\"]}]},{\"@type\":\"ImageObject\",\"inLanguage\":\"fr-FR\",\"@id\":\"https:\\\/\\\/www.vetorino.com\\\/boutique\\\/product\\\/medaille-intelligente\\\/#primaryimage\",\"url\":\"https:\\\/\\\/www.vetorino.com\\\/boutique\\\/wp-content\\\/uploads\\\/2020\\\/06\\\/FilsMED704FormatMediumTypeIM.png\",\"contentUrl\":\"https:\\\/\\\/www.vetorino.com\\\/boutique\\\/wp-content\\\/uploads\\\/2020\\\/06\\\/FilsMED704FormatMediumTypeIM.png\",\"width\":400,\"height\":400},{\"@type\":\"BreadcrumbList\",\"@id\":\"https:\\\/\\\/www.vetorino.com\\\/boutique\\\/product\\\/medaille-intelligente\\\/#breadcrumb\",\"itemListElement\":[{\"@type\":\"ListItem\",\"position\":1,\"name\":\"Accueil\",\"item\":\"https:\\\/\\\/www.vetorino.com\\\/boutique\\\/\"},{\"@type\":\"ListItem\",\"position\":2,\"name\":\"Produits\",\"item\":\"https:\\\/\\\/www.vetorino.com\\\/boutique\\\/\"},{\"@type\":\"ListItem\",\"position\":3,\"name\":\"M\u00e9daille intelligente\"}]},{\"@type\":\"WebSite\",\"@id\":\"https:\\\/\\\/www.vetorino.com\\\/boutique\\\/#website\",\"url\":\"https:\\\/\\\/www.vetorino.com\\\/boutique\\\/\",\"name\":\"V\u00e9torino\",\"description\":\"\",\"publisher\":{\"@id\":\"https:\\\/\\\/www.vetorino.com\\\/boutique\\\/#organization\"},\"potentialAction\":[{\"@type\":\"SearchAction\",\"target\":{\"@type\":\"EntryPoint\",\"urlTemplate\":\"https:\\\/\\\/www.vetorino.com\\\/boutique\\\/?s={search_term_string}\"},\"query-input\":{\"@type\":\"PropertyValueSpecification\",\"valueRequired\":true,\"valueName\":\"search_term_string\"}}],\"inLanguage\":\"fr-FR\"},{\"@type\":\"Organization\",\"@id\":\"https:\\\/\\\/www.vetorino.com\\\/boutique\\\/#organization\",\"name\":\"V\u00e9torino\",\"url\":\"https:\\\/\\\/www.vetorino.com\\\/boutique\\\/\",\"logo\":{\"@type\":\"ImageObject\",\"inLanguage\":\"fr-FR\",\"@id\":\"https:\\\/\\\/www.vetorino.com\\\/boutique\\\/#\\\/schema\\\/logo\\\/image\\\/\",\"url\":\"https:\\\/\\\/www.vetorino.com\\\/boutique\\\/wp-content\\\/uploads\\\/2024\\\/10\\\/logo.jpg\",\"contentUrl\":\"https:\\\/\\\/www.vetorino.com\\\/boutique\\\/wp-content\\\/uploads\\\/2024\\\/10\\\/logo.jpg\",\"width\":1200,\"height\":610,\"caption\":\"V\u00e9torino\"},\"image\":{\"@id\":\"https:\\\/\\\/www.vetorino.com\\\/boutique\\\/#\\\/schema\\\/logo\\\/image\\\/\"},\"sameAs\":[\"https:\\\/\\\/www.facebook.com\\\/Vetorino\\\/\",\"https:\\\/\\\/www.instagram.com\\\/vetorino_off\\\/\",\"https:\\\/\\\/www.linkedin.com\\\/company\\\/vtorino\\\/\"]}]}<\/script>\n<meta property=\"product:brand\" content=\"Mat\u00e9riel\" \/>\n<meta property=\"og:availability\" content=\"out of stock\" \/>\n<meta property=\"product:availability\" content=\"out of stock\" \/>\n<meta property=\"product:condition\" content=\"new\" \/>\n<!-- \/ Yoast SEO plugin. -->","yoast_head_json":{"title":"M\u00e9daille intelligente Mat\u00e9riel - V\u00e9torino","description":"MATERIELChiensGr\u00e2ce \u00e0 la m\u00e9daille cod\u00e9e, tout animal perdu ou \u00e9gar\u00e9 est rapidement retrouv\u00e9.En effet, les informations le concernant ne seront plus jamais","robots":{"index":"noindex","follow":"nofollow"},"og_locale":"fr_FR","og_type":"article","og_title":"M\u00e9daille intelligente Mat\u00e9riel - V\u00e9torino","og_description":"MATERIELChiensGr\u00e2ce \u00e0 la m\u00e9daille cod\u00e9e, tout animal perdu ou \u00e9gar\u00e9 est rapidement retrouv\u00e9.En effet, les informations le concernant ne seront plus jamais","og_url":"https:\/\/www.vetorino.com\/veterinaire\/baumelesdames-25110\/boutique\/product\/medaille-intelligente\/","og_site_name":"V\u00e9torino","article_publisher":"https:\/\/www.facebook.com\/Vetorino\/","article_modified_time":"2022-01-04T14:36:42+00:00","og_image":[{"width":400,"height":400,"url":"https:\/\/www.vetorino.com\/boutique\/wp-content\/uploads\/2020\/06\/FilsMED704FormatMediumTypeIM.png","type":"image\/png"}],"twitter_card":"summary_large_image","twitter_misc":{"Disponibilit\u00e9":"Rupture de stock"},"schema":{"@context":"https:\/\/schema.org","@graph":[{"@type":"WebPage","@id":"https:\/\/www.vetorino.com\/boutique\/product\/medaille-intelligente\/","url":"https:\/\/www.vetorino.com\/boutique\/product\/medaille-intelligente\/","name":"M\u00e9daille intelligente Mat\u00e9riel - V\u00e9torino","isPartOf":{"@id":"https:\/\/www.vetorino.com\/boutique\/#website"},"primaryImageOfPage":{"@id":"https:\/\/www.vetorino.com\/boutique\/product\/medaille-intelligente\/#primaryimage"},"image":{"@id":"https:\/\/www.vetorino.com\/boutique\/product\/medaille-intelligente\/#primaryimage"},"thumbnailUrl":"https:\/\/www.vetorino.com\/boutique\/wp-content\/uploads\/2020\/06\/FilsMED704FormatMediumTypeIM.png","datePublished":"2020-06-29T23:34:07+00:00","dateModified":"2022-01-04T14:36:42+00:00","description":"MATERIELChiensGr\u00e2ce \u00e0 la m\u00e9daille cod\u00e9e, tout animal perdu ou \u00e9gar\u00e9 est rapidement retrouv\u00e9.En effet, les informations le concernant ne seront plus jamais","breadcrumb":{"@id":"https:\/\/www.vetorino.com\/boutique\/product\/medaille-intelligente\/#breadcrumb"},"inLanguage":"fr-FR","potentialAction":[{"@type":"ReadAction","target":["https:\/\/www.vetorino.com\/boutique\/product\/medaille-intelligente\/"]}]},{"@type":"ImageObject","inLanguage":"fr-FR","@id":"https:\/\/www.vetorino.com\/boutique\/product\/medaille-intelligente\/#primaryimage","url":"https:\/\/www.vetorino.com\/boutique\/wp-content\/uploads\/2020\/06\/FilsMED704FormatMediumTypeIM.png","contentUrl":"https:\/\/www.vetorino.com\/boutique\/wp-content\/uploads\/2020\/06\/FilsMED704FormatMediumTypeIM.png","width":400,"height":400},{"@type":"BreadcrumbList","@id":"https:\/\/www.vetorino.com\/boutique\/product\/medaille-intelligente\/#breadcrumb","itemListElement":[{"@type":"ListItem","position":1,"name":"Accueil","item":"https:\/\/www.vetorino.com\/boutique\/"},{"@type":"ListItem","position":2,"name":"Produits","item":"https:\/\/www.vetorino.com\/boutique\/"},{"@type":"ListItem","position":3,"name":"M\u00e9daille intelligente"}]},{"@type":"WebSite","@id":"https:\/\/www.vetorino.com\/boutique\/#website","url":"https:\/\/www.vetorino.com\/boutique\/","name":"V\u00e9torino","description":"","publisher":{"@id":"https:\/\/www.vetorino.com\/boutique\/#organization"},"potentialAction":[{"@type":"SearchAction","target":{"@type":"EntryPoint","urlTemplate":"https:\/\/www.vetorino.com\/boutique\/?s={search_term_string}"},"query-input":{"@type":"PropertyValueSpecification","valueRequired":true,"valueName":"search_term_string"}}],"inLanguage":"fr-FR"},{"@type":"Organization","@id":"https:\/\/www.vetorino.com\/boutique\/#organization","name":"V\u00e9torino","url":"https:\/\/www.vetorino.com\/boutique\/","logo":{"@type":"ImageObject","inLanguage":"fr-FR","@id":"https:\/\/www.vetorino.com\/boutique\/#\/schema\/logo\/image\/","url":"https:\/\/www.vetorino.com\/boutique\/wp-content\/uploads\/2024\/10\/logo.jpg","contentUrl":"https:\/\/www.vetorino.com\/boutique\/wp-content\/uploads\/2024\/10\/logo.jpg","width":1200,"height":610,"caption":"V\u00e9torino"},"image":{"@id":"https:\/\/www.vetorino.com\/boutique\/#\/schema\/logo\/image\/"},"sameAs":["https:\/\/www.facebook.com\/Vetorino\/","https:\/\/www.instagram.com\/vetorino_off\/","https:\/\/www.linkedin.com\/company\/vtorino\/"]}]},"product_brand":"Mat\u00e9riel","og_availability":"out of stock","product_availability":"out of stock","product_condition":"new"},"_links":{"self":[{"href":"https:\/\/www.vetorino.com\/veterinaire\/baumelesdames-25110\/boutique\/wp-json\/wp\/v2\/product\/99659","targetHints":{"allow":["GET"]}}],"collection":[{"href":"https:\/\/www.vetorino.com\/veterinaire\/baumelesdames-25110\/boutique\/wp-json\/wp\/v2\/product"}],"about":[{"href":"https:\/\/www.vetorino.com\/veterinaire\/baumelesdames-25110\/boutique\/wp-json\/wp\/v2\/types\/product"}],"wp:featuredmedia":[{"embeddable":true,"href":"https:\/\/www.vetorino.com\/veterinaire\/baumelesdames-25110\/boutique\/wp-json\/wp\/v2\/media\/99656"}],"wp:attachment":[{"href":"https:\/\/www.vetorino.com\/veterinaire\/baumelesdames-25110\/boutique\/wp-json\/wp\/v2\/media?parent=99659"}],"wp:term":[{"taxonomy":"product_cat","embeddable":true,"href":"https:\/\/www.vetorino.com\/veterinaire\/baumelesdames-25110\/boutique\/wp-json\/wp\/v2\/product_cat?post=99659"},{"taxonomy":"product_tag","embeddable":true,"href":"https:\/\/www.vetorino.com\/veterinaire\/baumelesdames-25110\/boutique\/wp-json\/wp\/v2\/product_tag?post=99659"}],"curies":[{"name":"wp","href":"https:\/\/api.w.org\/{rel}","templated":true}]}}