{"id":793557,"date":"2024-01-03T10:29:22","date_gmt":"2024-01-03T09:29:22","guid":{"rendered":"https:\/\/www.vetorino.com\/boutique\/product\/chat-c-d-urinary-stress-multicare-mijotes-thon-leg-boite\/"},"modified":"2026-04-20T15:24:20","modified_gmt":"2026-04-20T13:24:20","slug":"chat-c-d-urinary-stress-multicare-mijotes-thon-leg-boite","status":"publish","type":"product","link":"https:\/\/www.vetorino.com\/veterinaire\/bellac-87300\/boutique\/product\/chat-c-d-urinary-stress-multicare-mijotes-thon-leg-boite\/","title":{"rendered":"Chat C\/D Urinary Stress mijot\u00e9s Thon et L\u00e9gumes"},"content":{"rendered":"<p><strong>Les bo\u00eetes c\/d Urinary Stress Multicare Mijot\u00e9s Thon &amp; L\u00e9gumes sont formul\u00e9es pour limiter les risques de probl\u00e8mes urinaires chez votre f\u00e9lin. <\/strong><\/p>\n<p><strong>Cette recette humide contient une saveur au thon de haute app\u00e9tence.<\/strong><\/p>\n<p><strong>Les bienfaits des Bo\u00eetes Chat c\/d Urinary Stress Multicare Mijot\u00e9s Thon &amp; L\u00e9gumes :<\/strong><\/p>\n<ul>\n<li>D\u00e9velopp\u00e9es sp\u00e9cialement pour r\u00e9duire le risque de r\u00e9cidive des calculs de struvite chez le chat adulte<\/li>\n<li>Cette recette dispose d\u2019une faible teneur en phosphore pour ralentir le d\u00e9clin de la fonction r\u00e9nale et augmenter leur esp\u00e9rance de vie.<\/li>\n<li>Contient \u00e9galement une teneur r\u00e9duite en prot\u00e9ines de qualit\u00e9 afin de r\u00e9duire la charge sur les reins, pr\u00e9venir la formation de cristaux et maintenir un pH urinaire optimal chez les chats atteints de probl\u00e8mes urinaires.<\/li>\n<\/ul>\n<p>Cet aliment est destin\u00e9 \u00e0 la prise en charge nutritionnelle <strong>des probl\u00e8mes urinaires chez le chat<\/strong>. Veuillez consulter votre v\u00e9t\u00e9rinaire avant utilisation.<\/p>\n<p><strong>Demander conseil \u00e0 votre v\u00e9t\u00e9rinaire.<\/strong><\/p>\n","protected":false},"excerpt":{"rendered":"<p><strong>Mijot\u00e9 pour chats au thon et aux l\u00e9gumes<\/strong>\u00a0formul\u00e9e pour soutenir la<strong>\u00a0sant\u00e9 urinaire\u00a0<\/strong>et r\u00e9duire les r\u00e9cidives li\u00e9es au\u00a0<strong>stress<\/strong>.<\/p>\n<p><strong>Demander conseil \u00e0 votre v\u00e9t\u00e9rinaire.<\/strong><\/p>\n","protected":false},"featured_media":794091,"template":"","meta":[],"product_cat":[12551,12581,2697],"product_tag":[],"class_list":{"0":"post-793557","1":"product","2":"type-product","3":"status-publish","4":"has-post-thumbnail","6":"product_cat-alimentation-du-chat","7":"product_cat-alimentation-medicalisee-pour-chat","8":"product_cat-chat","9":"pa_marque-hills-pet-nutrition","11":"first","12":"instock","13":"taxable","14":"shipping-taxable","15":"purchasable","16":"product-type-simple"},"yoast_head":"<!-- This site is optimized with the Yoast SEO plugin v26.7 - https:\/\/yoast.com\/wordpress\/plugins\/seo\/ -->\n<title>Prescription Diet (Hill&#039;s) Chat C\/D Urinary Stress mijot\u00e9s Thon et L\u00e9gumes Hill&#039;s - V\u00e9torino<\/title>\n<meta name=\"description\" content=\"Mijot\u00e9 pour chats au thon et aux l\u00e9gumes\u00a0formul\u00e9e pour soutenir la\u00a0sant\u00e9 urinaire\u00a0et r\u00e9duire les r\u00e9cidives li\u00e9es au\u00a0stress.  Demander conseil \u00e0 votre v\u00e9t\u00e9rinaire.\" \/>\n<meta name=\"robots\" content=\"noindex, nofollow\" \/>\n<meta property=\"og:locale\" content=\"fr_FR\" \/>\n<meta property=\"og:type\" content=\"article\" \/>\n<meta property=\"og:title\" content=\"Prescription Diet (Hill&#039;s) Chat C\/D Urinary Stress mijot\u00e9s Thon et L\u00e9gumes Hill&#039;s - V\u00e9torino\" \/>\n<meta property=\"og:description\" content=\"Mijot\u00e9 pour chats au thon et aux l\u00e9gumes\u00a0formul\u00e9e pour soutenir la\u00a0sant\u00e9 urinaire\u00a0et r\u00e9duire les r\u00e9cidives li\u00e9es au\u00a0stress.  Demander conseil \u00e0 votre v\u00e9t\u00e9rinaire.\" \/>\n<meta property=\"og:url\" content=\"https:\/\/www.vetorino.com\/veterinaire\/bellac-87300\/boutique\/product\/chat-c-d-urinary-stress-multicare-mijotes-thon-leg-boite\/\" \/>\n<meta property=\"og:site_name\" content=\"V\u00e9torino\" \/>\n<meta property=\"article:publisher\" content=\"https:\/\/www.facebook.com\/Vetorino\/\" \/>\n<meta property=\"article:modified_time\" content=\"2026-04-20T13:24:20+00:00\" \/>\n<meta property=\"og:image\" content=\"https:\/\/www.vetorino.com\/boutique\/wp-content\/uploads\/2023\/11\/HILLS-1879650-1.png\" \/>\n\t<meta property=\"og:image:width\" content=\"512\" \/>\n\t<meta property=\"og:image:height\" content=\"512\" \/>\n\t<meta property=\"og:image:type\" content=\"image\/png\" \/>\n<meta name=\"twitter:card\" content=\"summary_large_image\" \/>\n<meta name=\"twitter:label1\" content=\"Prix\" \/>\n\t<meta name=\"twitter:data1\" content=\"55,09&euro;\" \/>\n\t<meta name=\"twitter:label2\" content=\"Disponibilit\u00e9\" \/>\n\t<meta name=\"twitter:data2\" content=\"En stock\" \/>\n<script type=\"application\/ld+json\" class=\"yoast-schema-graph\">{\"@context\":\"https:\/\/schema.org\",\"@graph\":[{\"@type\":\"WebPage\",\"@id\":\"https:\/\/www.vetorino.com\/boutique\/product\/chat-c-d-urinary-stress-multicare-mijotes-thon-leg-boite\/\",\"url\":\"https:\/\/www.vetorino.com\/boutique\/product\/chat-c-d-urinary-stress-multicare-mijotes-thon-leg-boite\/\",\"name\":\"Prescription Diet (Hill's) Chat C\/D Urinary Stress mijot\u00e9s Thon et L\u00e9gumes Hill's - V\u00e9torino\",\"isPartOf\":{\"@id\":\"https:\/\/www.vetorino.com\/boutique\/#website\"},\"primaryImageOfPage\":{\"@id\":\"https:\/\/www.vetorino.com\/boutique\/product\/chat-c-d-urinary-stress-multicare-mijotes-thon-leg-boite\/#primaryimage\"},\"image\":{\"@id\":\"https:\/\/www.vetorino.com\/boutique\/product\/chat-c-d-urinary-stress-multicare-mijotes-thon-leg-boite\/#primaryimage\"},\"thumbnailUrl\":\"https:\/\/www.vetorino.com\/boutique\/wp-content\/uploads\/2023\/11\/HILLS-1879650-1.png\",\"datePublished\":\"2024-01-03T09:29:22+00:00\",\"dateModified\":\"2026-04-20T13:24:20+00:00\",\"description\":\"Mijot\u00e9 pour chats au thon et aux l\u00e9gumes\u00a0formul\u00e9e pour soutenir la\u00a0sant\u00e9 urinaire\u00a0et r\u00e9duire les r\u00e9cidives li\u00e9es au\u00a0stress. Demander conseil \u00e0 votre v\u00e9t\u00e9rinaire.\",\"breadcrumb\":{\"@id\":\"https:\/\/www.vetorino.com\/boutique\/product\/chat-c-d-urinary-stress-multicare-mijotes-thon-leg-boite\/#breadcrumb\"},\"inLanguage\":\"fr-FR\",\"potentialAction\":[{\"@type\":\"ReadAction\",\"target\":[\"https:\/\/www.vetorino.com\/boutique\/product\/chat-c-d-urinary-stress-multicare-mijotes-thon-leg-boite\/\"]}]},{\"@type\":\"ImageObject\",\"inLanguage\":\"fr-FR\",\"@id\":\"https:\/\/www.vetorino.com\/boutique\/product\/chat-c-d-urinary-stress-multicare-mijotes-thon-leg-boite\/#primaryimage\",\"url\":\"https:\/\/www.vetorino.com\/boutique\/wp-content\/uploads\/2023\/11\/HILLS-1879650-1.png\",\"contentUrl\":\"https:\/\/www.vetorino.com\/boutique\/wp-content\/uploads\/2023\/11\/HILLS-1879650-1.png\",\"width\":512,\"height\":512},{\"@type\":\"BreadcrumbList\",\"@id\":\"https:\/\/www.vetorino.com\/boutique\/product\/chat-c-d-urinary-stress-multicare-mijotes-thon-leg-boite\/#breadcrumb\",\"itemListElement\":[{\"@type\":\"ListItem\",\"position\":1,\"name\":\"Accueil\",\"item\":\"https:\/\/www.vetorino.com\/boutique\/\"},{\"@type\":\"ListItem\",\"position\":2,\"name\":\"Produits\",\"item\":\"https:\/\/www.vetorino.com\/boutique\/\"},{\"@type\":\"ListItem\",\"position\":3,\"name\":\"Chat C\/D Urinary Stress mijot\u00e9s Thon et L\u00e9gumes\"}]},{\"@type\":\"WebSite\",\"@id\":\"https:\/\/www.vetorino.com\/boutique\/#website\",\"url\":\"https:\/\/www.vetorino.com\/boutique\/\",\"name\":\"V\u00e9torino\",\"description\":\"\",\"publisher\":{\"@id\":\"https:\/\/www.vetorino.com\/boutique\/#organization\"},\"potentialAction\":[{\"@type\":\"SearchAction\",\"target\":{\"@type\":\"EntryPoint\",\"urlTemplate\":\"https:\/\/www.vetorino.com\/boutique\/?s={search_term_string}\"},\"query-input\":{\"@type\":\"PropertyValueSpecification\",\"valueRequired\":true,\"valueName\":\"search_term_string\"}}],\"inLanguage\":\"fr-FR\"},{\"@type\":\"Organization\",\"@id\":\"https:\/\/www.vetorino.com\/boutique\/#organization\",\"name\":\"V\u00e9torino\",\"url\":\"https:\/\/www.vetorino.com\/boutique\/\",\"logo\":{\"@type\":\"ImageObject\",\"inLanguage\":\"fr-FR\",\"@id\":\"https:\/\/www.vetorino.com\/boutique\/#\/schema\/logo\/image\/\",\"url\":\"https:\/\/www.vetorino.com\/boutique\/wp-content\/uploads\/2024\/10\/logo.jpg\",\"contentUrl\":\"https:\/\/www.vetorino.com\/boutique\/wp-content\/uploads\/2024\/10\/logo.jpg\",\"width\":1200,\"height\":610,\"caption\":\"V\u00e9torino\"},\"image\":{\"@id\":\"https:\/\/www.vetorino.com\/boutique\/#\/schema\/logo\/image\/\"},\"sameAs\":[\"https:\/\/www.facebook.com\/Vetorino\/\",\"https:\/\/www.instagram.com\/vetorino_off\/\",\"https:\/\/www.linkedin.com\/company\/vtorino\/\"]}]}<\/script>\n<meta property=\"product:brand\" content=\"Hill&#039;s\" \/>\n<meta property=\"product:price:amount\" content=\"55.09\" \/>\n<meta property=\"product:price:currency\" content=\"EUR\" \/>\n<meta property=\"og:availability\" content=\"instock\" \/>\n<meta property=\"product:availability\" content=\"instock\" \/>\n<meta property=\"product:retailer_item_id\" content=\"C-HCT059\" \/>\n<meta property=\"product:condition\" content=\"new\" \/>\n<!-- \/ Yoast SEO plugin. -->","yoast_head_json":{"title":"Prescription Diet (Hill's) Chat C\/D Urinary Stress mijot\u00e9s Thon et L\u00e9gumes Hill's - V\u00e9torino","description":"Mijot\u00e9 pour chats au thon et aux l\u00e9gumes\u00a0formul\u00e9e pour soutenir la\u00a0sant\u00e9 urinaire\u00a0et r\u00e9duire les r\u00e9cidives li\u00e9es au\u00a0stress.  Demander conseil \u00e0 votre v\u00e9t\u00e9rinaire.","robots":{"index":"noindex","follow":"nofollow"},"og_locale":"fr_FR","og_type":"article","og_title":"Prescription Diet (Hill's) Chat C\/D Urinary Stress mijot\u00e9s Thon et L\u00e9gumes Hill's - V\u00e9torino","og_description":"Mijot\u00e9 pour chats au thon et aux l\u00e9gumes\u00a0formul\u00e9e pour soutenir la\u00a0sant\u00e9 urinaire\u00a0et r\u00e9duire les r\u00e9cidives li\u00e9es au\u00a0stress.  Demander conseil \u00e0 votre v\u00e9t\u00e9rinaire.","og_url":"https:\/\/www.vetorino.com\/veterinaire\/bellac-87300\/boutique\/product\/chat-c-d-urinary-stress-multicare-mijotes-thon-leg-boite\/","og_site_name":"V\u00e9torino","article_publisher":"https:\/\/www.facebook.com\/Vetorino\/","article_modified_time":"2026-04-20T13:24:20+00:00","og_image":[{"width":512,"height":512,"url":"https:\/\/www.vetorino.com\/boutique\/wp-content\/uploads\/2023\/11\/HILLS-1879650-1.png","type":"image\/png"}],"twitter_card":"summary_large_image","twitter_misc":{"Prix":"55,09&euro;","Disponibilit\u00e9":"En stock"},"schema":{"@context":"https:\/\/schema.org","@graph":[{"@type":"WebPage","@id":"https:\/\/www.vetorino.com\/boutique\/product\/chat-c-d-urinary-stress-multicare-mijotes-thon-leg-boite\/","url":"https:\/\/www.vetorino.com\/boutique\/product\/chat-c-d-urinary-stress-multicare-mijotes-thon-leg-boite\/","name":"Prescription Diet (Hill's) Chat C\/D Urinary Stress mijot\u00e9s Thon et L\u00e9gumes Hill's - V\u00e9torino","isPartOf":{"@id":"https:\/\/www.vetorino.com\/boutique\/#website"},"primaryImageOfPage":{"@id":"https:\/\/www.vetorino.com\/boutique\/product\/chat-c-d-urinary-stress-multicare-mijotes-thon-leg-boite\/#primaryimage"},"image":{"@id":"https:\/\/www.vetorino.com\/boutique\/product\/chat-c-d-urinary-stress-multicare-mijotes-thon-leg-boite\/#primaryimage"},"thumbnailUrl":"https:\/\/www.vetorino.com\/boutique\/wp-content\/uploads\/2023\/11\/HILLS-1879650-1.png","datePublished":"2024-01-03T09:29:22+00:00","dateModified":"2026-04-20T13:24:20+00:00","description":"Mijot\u00e9 pour chats au thon et aux l\u00e9gumes\u00a0formul\u00e9e pour soutenir la\u00a0sant\u00e9 urinaire\u00a0et r\u00e9duire les r\u00e9cidives li\u00e9es au\u00a0stress. Demander conseil \u00e0 votre v\u00e9t\u00e9rinaire.","breadcrumb":{"@id":"https:\/\/www.vetorino.com\/boutique\/product\/chat-c-d-urinary-stress-multicare-mijotes-thon-leg-boite\/#breadcrumb"},"inLanguage":"fr-FR","potentialAction":[{"@type":"ReadAction","target":["https:\/\/www.vetorino.com\/boutique\/product\/chat-c-d-urinary-stress-multicare-mijotes-thon-leg-boite\/"]}]},{"@type":"ImageObject","inLanguage":"fr-FR","@id":"https:\/\/www.vetorino.com\/boutique\/product\/chat-c-d-urinary-stress-multicare-mijotes-thon-leg-boite\/#primaryimage","url":"https:\/\/www.vetorino.com\/boutique\/wp-content\/uploads\/2023\/11\/HILLS-1879650-1.png","contentUrl":"https:\/\/www.vetorino.com\/boutique\/wp-content\/uploads\/2023\/11\/HILLS-1879650-1.png","width":512,"height":512},{"@type":"BreadcrumbList","@id":"https:\/\/www.vetorino.com\/boutique\/product\/chat-c-d-urinary-stress-multicare-mijotes-thon-leg-boite\/#breadcrumb","itemListElement":[{"@type":"ListItem","position":1,"name":"Accueil","item":"https:\/\/www.vetorino.com\/boutique\/"},{"@type":"ListItem","position":2,"name":"Produits","item":"https:\/\/www.vetorino.com\/boutique\/"},{"@type":"ListItem","position":3,"name":"Chat C\/D Urinary Stress mijot\u00e9s Thon et L\u00e9gumes"}]},{"@type":"WebSite","@id":"https:\/\/www.vetorino.com\/boutique\/#website","url":"https:\/\/www.vetorino.com\/boutique\/","name":"V\u00e9torino","description":"","publisher":{"@id":"https:\/\/www.vetorino.com\/boutique\/#organization"},"potentialAction":[{"@type":"SearchAction","target":{"@type":"EntryPoint","urlTemplate":"https:\/\/www.vetorino.com\/boutique\/?s={search_term_string}"},"query-input":{"@type":"PropertyValueSpecification","valueRequired":true,"valueName":"search_term_string"}}],"inLanguage":"fr-FR"},{"@type":"Organization","@id":"https:\/\/www.vetorino.com\/boutique\/#organization","name":"V\u00e9torino","url":"https:\/\/www.vetorino.com\/boutique\/","logo":{"@type":"ImageObject","inLanguage":"fr-FR","@id":"https:\/\/www.vetorino.com\/boutique\/#\/schema\/logo\/image\/","url":"https:\/\/www.vetorino.com\/boutique\/wp-content\/uploads\/2024\/10\/logo.jpg","contentUrl":"https:\/\/www.vetorino.com\/boutique\/wp-content\/uploads\/2024\/10\/logo.jpg","width":1200,"height":610,"caption":"V\u00e9torino"},"image":{"@id":"https:\/\/www.vetorino.com\/boutique\/#\/schema\/logo\/image\/"},"sameAs":["https:\/\/www.facebook.com\/Vetorino\/","https:\/\/www.instagram.com\/vetorino_off\/","https:\/\/www.linkedin.com\/company\/vtorino\/"]}]},"product_brand":"Hill's","product_price_amount":"55.09","product_price_currency":"EUR","og_availability":"instock","product_availability":"instock","product_retailer_item_id":"C-HCT059","product_condition":"new"},"_links":{"self":[{"href":"https:\/\/www.vetorino.com\/veterinaire\/bellac-87300\/boutique\/wp-json\/wp\/v2\/product\/793557","targetHints":{"allow":["GET"]}}],"collection":[{"href":"https:\/\/www.vetorino.com\/veterinaire\/bellac-87300\/boutique\/wp-json\/wp\/v2\/product"}],"about":[{"href":"https:\/\/www.vetorino.com\/veterinaire\/bellac-87300\/boutique\/wp-json\/wp\/v2\/types\/product"}],"wp:featuredmedia":[{"embeddable":true,"href":"https:\/\/www.vetorino.com\/veterinaire\/bellac-87300\/boutique\/wp-json\/wp\/v2\/media\/794091"}],"wp:attachment":[{"href":"https:\/\/www.vetorino.com\/veterinaire\/bellac-87300\/boutique\/wp-json\/wp\/v2\/media?parent=793557"}],"wp:term":[{"taxonomy":"product_cat","embeddable":true,"href":"https:\/\/www.vetorino.com\/veterinaire\/bellac-87300\/boutique\/wp-json\/wp\/v2\/product_cat?post=793557"},{"taxonomy":"product_tag","embeddable":true,"href":"https:\/\/www.vetorino.com\/veterinaire\/bellac-87300\/boutique\/wp-json\/wp\/v2\/product_tag?post=793557"}],"curies":[{"name":"wp","href":"https:\/\/api.w.org\/{rel}","templated":true}]}}