{"id":93004,"date":"2020-06-29T12:18:35","date_gmt":"2020-06-29T10:18:35","guid":{"rendered":"https:\/\/www.vetorino.com\/boutique\/product\/canine-t-d-mini-2\/"},"modified":"2026-04-20T12:14:36","modified_gmt":"2026-04-20T10:14:36","slug":"canine-t-d-mini-2","status":"publish","type":"product","link":"https:\/\/www.vetorino.com\/veterinaire\/bellac-87300\/boutique\/product\/canine-t-d-mini-2\/","title":{"rendered":"t\/d Dental Care Mini poulet &#8211; chien"},"content":{"rendered":"<p><strong>Prescription Diet Canine t\/d Mini aide au maintien d&#8217;une bonne sant\u00e9 bucco-dentaire.<\/strong><\/p>\n<p><strong>Utilisation :<\/strong><\/p>\n<ul>\n<li>Chien de moins de 15 kg ayant des probl\u00e8mes dentaires.<\/li>\n<\/ul>\n<p><strong>Bienfaits essentiels :<\/strong><\/p>\n<ul>\n<li>Aide \u00e0\u00a0<strong>r\u00e9duire la formation de tartre<\/strong>, de plaque dentaire et de taches.<\/li>\n<li>Une matrice fibreuse sp\u00e9cifique avec un alignement des fibres. De ce fait, la croquette enveloppe la dent avant de se briser et les fibres qu&#8217;elle renferme exercent un effet nettoyant \u00e0 la surface de la dent, contribuant ainsi \u00e0\u00a0<strong>r\u00e9duire la formation de tartre, de plaque dentaire et de taches<\/strong>.<\/li>\n<li>Une\u00a0<strong>Formule Sup\u00e9rieure<\/strong>\u00a0enrichie en Antioxydants pour r\u00e9duire les l\u00e9sions oxydatives des cellules.<\/li>\n<li>Avec des\u00a0<strong>croquettes plus petites<\/strong>\u00a0pour les chiens pesant moins de 15 kg.<\/li>\n<\/ul>\n<p><strong>Ce produit est destin\u00e9 \u00e0 la prise en charge d&#8217;une maladie. Il est conseill\u00e9 de demander conseil \u00e0 votre v\u00e9t\u00e9rinaire avant utilisation.<\/strong><\/p>\n","protected":false},"excerpt":{"rendered":"<p><strong>Prescription Diet Canine t\/d Mini aide au maintien d&#8217;une bonne sant\u00e9 bucco-dentaire.<br \/>\n<\/strong><\/p>\n<p><strong>Utilisation :<\/strong><\/p>\n<ul>\n<li>Chien de moins de 15 kg ayant des probl\u00e8mes dentaires.<\/li>\n<\/ul>\n<p><strong>Ce produit est destin\u00e9 \u00e0 la prise en charge d&#8217;une maladie. Il est conseill\u00e9 de demander conseil \u00e0 votre v\u00e9t\u00e9rinaire avant utilisation.<\/strong><\/p>\n","protected":false},"featured_media":1800220,"template":"","meta":[],"product_cat":[12552,12582,2698,12610],"product_tag":[],"class_list":{"0":"post-93004","1":"product","2":"type-product","3":"status-publish","4":"has-post-thumbnail","6":"product_cat-alimentation-du-chien","7":"product_cat-alimentation-medicalisee-pour-chien","8":"product_cat-chien","9":"product_cat-hygiene-bucco-dentaire-du-chien","10":"pa_marque-hills-pet-nutrition","12":"first","13":"instock","14":"taxable","15":"shipping-taxable","16":"purchasable","17":"product-type-simple"},"yoast_head":"<!-- This site is optimized with the Yoast SEO plugin v27.4 - https:\/\/yoast.com\/product\/yoast-seo-wordpress\/ -->\n<title>Prescription Diet (Hill&#039;s) t\/d Dental Care Mini poulet - chien Hill&#039;s - V\u00e9torino<\/title>\n<meta name=\"description\" content=\"Prescription Diet Canine t\/d Mini aide au maintien d&#039;une bonne sant\u00e9 bucco-dentaire.   Utilisation :   Chien de moins de 15 kg ayant des probl\u00e8mes dentaires.  Ce produit est destin\u00e9 \u00e0 la prise en charge d&#039;une maladie. Il est conseill\u00e9 de demander conseil \u00e0 votre v\u00e9t\u00e9rinaire avant utilisation.\" \/>\n<meta name=\"robots\" content=\"noindex, nofollow\" \/>\n<meta property=\"og:locale\" content=\"fr_FR\" \/>\n<meta property=\"og:type\" content=\"article\" \/>\n<meta property=\"og:title\" content=\"Prescription Diet (Hill&#039;s) t\/d Dental Care Mini poulet - chien Hill&#039;s - V\u00e9torino\" \/>\n<meta property=\"og:description\" content=\"Prescription Diet Canine t\/d Mini aide au maintien d&#039;une bonne sant\u00e9 bucco-dentaire.   Utilisation :   Chien de moins de 15 kg ayant des probl\u00e8mes dentaires.  Ce produit est destin\u00e9 \u00e0 la prise en charge d&#039;une maladie. Il est conseill\u00e9 de demander conseil \u00e0 votre v\u00e9t\u00e9rinaire avant utilisation.\" \/>\n<meta property=\"og:url\" content=\"https:\/\/www.vetorino.com\/veterinaire\/bellac-87300\/boutique\/product\/canine-t-d-mini-2\/\" \/>\n<meta property=\"og:site_name\" content=\"V\u00e9torino\" \/>\n<meta property=\"article:publisher\" content=\"https:\/\/www.facebook.com\/Vetorino\/\" \/>\n<meta property=\"article:modified_time\" content=\"2026-04-20T10:14:36+00:00\" \/>\n<meta property=\"og:image\" content=\"https:\/\/www.vetorino.com\/boutique\/wp-content\/uploads\/2020\/03\/chien-td-mini.webp\" \/>\n\t<meta property=\"og:image:width\" content=\"800\" \/>\n\t<meta property=\"og:image:height\" content=\"800\" \/>\n\t<meta property=\"og:image:type\" content=\"image\/webp\" \/>\n<meta name=\"twitter:card\" content=\"summary_large_image\" \/>\n<meta name=\"twitter:label1\" content=\"Prix\" \/>\n\t<meta name=\"twitter:data1\" content=\"42,98&euro;\" \/>\n\t<meta name=\"twitter:label2\" content=\"Disponibilit\u00e9\" \/>\n\t<meta name=\"twitter:data2\" content=\"En stock\" \/>\n<script type=\"application\/ld+json\" class=\"yoast-schema-graph\">{\"@context\":\"https:\\\/\\\/schema.org\",\"@graph\":[{\"@type\":\"WebPage\",\"@id\":\"https:\\\/\\\/www.vetorino.com\\\/boutique\\\/product\\\/canine-t-d-mini-2\\\/\",\"url\":\"https:\\\/\\\/www.vetorino.com\\\/boutique\\\/product\\\/canine-t-d-mini-2\\\/\",\"name\":\"Prescription Diet (Hill's) t\\\/d Dental Care Mini poulet - chien Hill's - V\u00e9torino\",\"isPartOf\":{\"@id\":\"https:\\\/\\\/www.vetorino.com\\\/boutique\\\/#website\"},\"primaryImageOfPage\":{\"@id\":\"https:\\\/\\\/www.vetorino.com\\\/boutique\\\/product\\\/canine-t-d-mini-2\\\/#primaryimage\"},\"image\":{\"@id\":\"https:\\\/\\\/www.vetorino.com\\\/boutique\\\/product\\\/canine-t-d-mini-2\\\/#primaryimage\"},\"thumbnailUrl\":\"https:\\\/\\\/www.vetorino.com\\\/boutique\\\/wp-content\\\/uploads\\\/2020\\\/03\\\/chien-td-mini.webp\",\"datePublished\":\"2020-06-29T10:18:35+00:00\",\"dateModified\":\"2026-04-20T10:14:36+00:00\",\"description\":\"Prescription Diet Canine t\\\/d Mini aide au maintien d'une bonne sant\u00e9 bucco-dentaire. Utilisation : Chien de moins de 15 kg ayant des probl\u00e8mes dentaires. Ce produit est destin\u00e9 \u00e0 la prise en charge d'une maladie. Il est conseill\u00e9 de demander conseil \u00e0 votre v\u00e9t\u00e9rinaire avant utilisation.\",\"breadcrumb\":{\"@id\":\"https:\\\/\\\/www.vetorino.com\\\/boutique\\\/product\\\/canine-t-d-mini-2\\\/#breadcrumb\"},\"inLanguage\":\"fr-FR\",\"potentialAction\":[{\"@type\":\"ReadAction\",\"target\":[\"https:\\\/\\\/www.vetorino.com\\\/boutique\\\/product\\\/canine-t-d-mini-2\\\/\"]}]},{\"@type\":\"ImageObject\",\"inLanguage\":\"fr-FR\",\"@id\":\"https:\\\/\\\/www.vetorino.com\\\/boutique\\\/product\\\/canine-t-d-mini-2\\\/#primaryimage\",\"url\":\"https:\\\/\\\/www.vetorino.com\\\/boutique\\\/wp-content\\\/uploads\\\/2020\\\/03\\\/chien-td-mini.webp\",\"contentUrl\":\"https:\\\/\\\/www.vetorino.com\\\/boutique\\\/wp-content\\\/uploads\\\/2020\\\/03\\\/chien-td-mini.webp\",\"width\":800,\"height\":800},{\"@type\":\"BreadcrumbList\",\"@id\":\"https:\\\/\\\/www.vetorino.com\\\/boutique\\\/product\\\/canine-t-d-mini-2\\\/#breadcrumb\",\"itemListElement\":[{\"@type\":\"ListItem\",\"position\":1,\"name\":\"Accueil\",\"item\":\"https:\\\/\\\/www.vetorino.com\\\/boutique\\\/\"},{\"@type\":\"ListItem\",\"position\":2,\"name\":\"Produits\",\"item\":\"https:\\\/\\\/www.vetorino.com\\\/boutique\\\/\"},{\"@type\":\"ListItem\",\"position\":3,\"name\":\"t\\\/d Dental Care Mini poulet &#8211; chien\"}]},{\"@type\":\"WebSite\",\"@id\":\"https:\\\/\\\/www.vetorino.com\\\/boutique\\\/#website\",\"url\":\"https:\\\/\\\/www.vetorino.com\\\/boutique\\\/\",\"name\":\"V\u00e9torino\",\"description\":\"\",\"publisher\":{\"@id\":\"https:\\\/\\\/www.vetorino.com\\\/boutique\\\/#organization\"},\"potentialAction\":[{\"@type\":\"SearchAction\",\"target\":{\"@type\":\"EntryPoint\",\"urlTemplate\":\"https:\\\/\\\/www.vetorino.com\\\/boutique\\\/?s={search_term_string}\"},\"query-input\":{\"@type\":\"PropertyValueSpecification\",\"valueRequired\":true,\"valueName\":\"search_term_string\"}}],\"inLanguage\":\"fr-FR\"},{\"@type\":\"Organization\",\"@id\":\"https:\\\/\\\/www.vetorino.com\\\/boutique\\\/#organization\",\"name\":\"V\u00e9torino\",\"url\":\"https:\\\/\\\/www.vetorino.com\\\/boutique\\\/\",\"logo\":{\"@type\":\"ImageObject\",\"inLanguage\":\"fr-FR\",\"@id\":\"https:\\\/\\\/www.vetorino.com\\\/boutique\\\/#\\\/schema\\\/logo\\\/image\\\/\",\"url\":\"https:\\\/\\\/www.vetorino.com\\\/boutique\\\/wp-content\\\/uploads\\\/2024\\\/10\\\/logo.jpg\",\"contentUrl\":\"https:\\\/\\\/www.vetorino.com\\\/boutique\\\/wp-content\\\/uploads\\\/2024\\\/10\\\/logo.jpg\",\"width\":1200,\"height\":610,\"caption\":\"V\u00e9torino\"},\"image\":{\"@id\":\"https:\\\/\\\/www.vetorino.com\\\/boutique\\\/#\\\/schema\\\/logo\\\/image\\\/\"},\"sameAs\":[\"https:\\\/\\\/www.facebook.com\\\/Vetorino\\\/\",\"https:\\\/\\\/www.instagram.com\\\/vetorino_off\\\/\",\"https:\\\/\\\/www.linkedin.com\\\/company\\\/vtorino\\\/\"]}]}<\/script>\n<meta property=\"product:brand\" content=\"Hill&#039;s\" \/>\n<meta property=\"product:price:amount\" content=\"42.98\" \/>\n<meta property=\"product:price:currency\" content=\"EUR\" \/>\n<meta property=\"og:availability\" content=\"instock\" \/>\n<meta property=\"product:availability\" content=\"instock\" \/>\n<meta property=\"product:retailer_item_id\" content=\"C-CHI093\" \/>\n<meta property=\"product:condition\" content=\"new\" \/>\n<!-- \/ Yoast SEO plugin. -->","yoast_head_json":{"title":"Prescription Diet (Hill's) t\/d Dental Care Mini poulet - chien Hill's - V\u00e9torino","description":"Prescription Diet Canine t\/d Mini aide au maintien d'une bonne sant\u00e9 bucco-dentaire.   Utilisation :   Chien de moins de 15 kg ayant des probl\u00e8mes dentaires.  Ce produit est destin\u00e9 \u00e0 la prise en charge d'une maladie. Il est conseill\u00e9 de demander conseil \u00e0 votre v\u00e9t\u00e9rinaire avant utilisation.","robots":{"index":"noindex","follow":"nofollow"},"og_locale":"fr_FR","og_type":"article","og_title":"Prescription Diet (Hill's) t\/d Dental Care Mini poulet - chien Hill's - V\u00e9torino","og_description":"Prescription Diet Canine t\/d Mini aide au maintien d'une bonne sant\u00e9 bucco-dentaire.   Utilisation :   Chien de moins de 15 kg ayant des probl\u00e8mes dentaires.  Ce produit est destin\u00e9 \u00e0 la prise en charge d'une maladie. Il est conseill\u00e9 de demander conseil \u00e0 votre v\u00e9t\u00e9rinaire avant utilisation.","og_url":"https:\/\/www.vetorino.com\/veterinaire\/bellac-87300\/boutique\/product\/canine-t-d-mini-2\/","og_site_name":"V\u00e9torino","article_publisher":"https:\/\/www.facebook.com\/Vetorino\/","article_modified_time":"2026-04-20T10:14:36+00:00","og_image":[{"width":800,"height":800,"url":"https:\/\/www.vetorino.com\/boutique\/wp-content\/uploads\/2020\/03\/chien-td-mini.webp","type":"image\/webp"}],"twitter_card":"summary_large_image","twitter_misc":{"Prix":"42,98&euro;","Disponibilit\u00e9":"En stock"},"schema":{"@context":"https:\/\/schema.org","@graph":[{"@type":"WebPage","@id":"https:\/\/www.vetorino.com\/boutique\/product\/canine-t-d-mini-2\/","url":"https:\/\/www.vetorino.com\/boutique\/product\/canine-t-d-mini-2\/","name":"Prescription Diet (Hill's) t\/d Dental Care Mini poulet - chien Hill's - V\u00e9torino","isPartOf":{"@id":"https:\/\/www.vetorino.com\/boutique\/#website"},"primaryImageOfPage":{"@id":"https:\/\/www.vetorino.com\/boutique\/product\/canine-t-d-mini-2\/#primaryimage"},"image":{"@id":"https:\/\/www.vetorino.com\/boutique\/product\/canine-t-d-mini-2\/#primaryimage"},"thumbnailUrl":"https:\/\/www.vetorino.com\/boutique\/wp-content\/uploads\/2020\/03\/chien-td-mini.webp","datePublished":"2020-06-29T10:18:35+00:00","dateModified":"2026-04-20T10:14:36+00:00","description":"Prescription Diet Canine t\/d Mini aide au maintien d'une bonne sant\u00e9 bucco-dentaire. Utilisation : Chien de moins de 15 kg ayant des probl\u00e8mes dentaires. Ce produit est destin\u00e9 \u00e0 la prise en charge d'une maladie. Il est conseill\u00e9 de demander conseil \u00e0 votre v\u00e9t\u00e9rinaire avant utilisation.","breadcrumb":{"@id":"https:\/\/www.vetorino.com\/boutique\/product\/canine-t-d-mini-2\/#breadcrumb"},"inLanguage":"fr-FR","potentialAction":[{"@type":"ReadAction","target":["https:\/\/www.vetorino.com\/boutique\/product\/canine-t-d-mini-2\/"]}]},{"@type":"ImageObject","inLanguage":"fr-FR","@id":"https:\/\/www.vetorino.com\/boutique\/product\/canine-t-d-mini-2\/#primaryimage","url":"https:\/\/www.vetorino.com\/boutique\/wp-content\/uploads\/2020\/03\/chien-td-mini.webp","contentUrl":"https:\/\/www.vetorino.com\/boutique\/wp-content\/uploads\/2020\/03\/chien-td-mini.webp","width":800,"height":800},{"@type":"BreadcrumbList","@id":"https:\/\/www.vetorino.com\/boutique\/product\/canine-t-d-mini-2\/#breadcrumb","itemListElement":[{"@type":"ListItem","position":1,"name":"Accueil","item":"https:\/\/www.vetorino.com\/boutique\/"},{"@type":"ListItem","position":2,"name":"Produits","item":"https:\/\/www.vetorino.com\/boutique\/"},{"@type":"ListItem","position":3,"name":"t\/d Dental Care Mini poulet &#8211; chien"}]},{"@type":"WebSite","@id":"https:\/\/www.vetorino.com\/boutique\/#website","url":"https:\/\/www.vetorino.com\/boutique\/","name":"V\u00e9torino","description":"","publisher":{"@id":"https:\/\/www.vetorino.com\/boutique\/#organization"},"potentialAction":[{"@type":"SearchAction","target":{"@type":"EntryPoint","urlTemplate":"https:\/\/www.vetorino.com\/boutique\/?s={search_term_string}"},"query-input":{"@type":"PropertyValueSpecification","valueRequired":true,"valueName":"search_term_string"}}],"inLanguage":"fr-FR"},{"@type":"Organization","@id":"https:\/\/www.vetorino.com\/boutique\/#organization","name":"V\u00e9torino","url":"https:\/\/www.vetorino.com\/boutique\/","logo":{"@type":"ImageObject","inLanguage":"fr-FR","@id":"https:\/\/www.vetorino.com\/boutique\/#\/schema\/logo\/image\/","url":"https:\/\/www.vetorino.com\/boutique\/wp-content\/uploads\/2024\/10\/logo.jpg","contentUrl":"https:\/\/www.vetorino.com\/boutique\/wp-content\/uploads\/2024\/10\/logo.jpg","width":1200,"height":610,"caption":"V\u00e9torino"},"image":{"@id":"https:\/\/www.vetorino.com\/boutique\/#\/schema\/logo\/image\/"},"sameAs":["https:\/\/www.facebook.com\/Vetorino\/","https:\/\/www.instagram.com\/vetorino_off\/","https:\/\/www.linkedin.com\/company\/vtorino\/"]}]},"product_brand":"Hill's","product_price_amount":"42.98","product_price_currency":"EUR","og_availability":"instock","product_availability":"instock","product_retailer_item_id":"C-CHI093","product_condition":"new"},"_links":{"self":[{"href":"https:\/\/www.vetorino.com\/veterinaire\/bellac-87300\/boutique\/wp-json\/wp\/v2\/product\/93004","targetHints":{"allow":["GET"]}}],"collection":[{"href":"https:\/\/www.vetorino.com\/veterinaire\/bellac-87300\/boutique\/wp-json\/wp\/v2\/product"}],"about":[{"href":"https:\/\/www.vetorino.com\/veterinaire\/bellac-87300\/boutique\/wp-json\/wp\/v2\/types\/product"}],"wp:featuredmedia":[{"embeddable":true,"href":"https:\/\/www.vetorino.com\/veterinaire\/bellac-87300\/boutique\/wp-json\/wp\/v2\/media\/1800220"}],"wp:attachment":[{"href":"https:\/\/www.vetorino.com\/veterinaire\/bellac-87300\/boutique\/wp-json\/wp\/v2\/media?parent=93004"}],"wp:term":[{"taxonomy":"product_cat","embeddable":true,"href":"https:\/\/www.vetorino.com\/veterinaire\/bellac-87300\/boutique\/wp-json\/wp\/v2\/product_cat?post=93004"},{"taxonomy":"product_tag","embeddable":true,"href":"https:\/\/www.vetorino.com\/veterinaire\/bellac-87300\/boutique\/wp-json\/wp\/v2\/product_tag?post=93004"}],"curies":[{"name":"wp","href":"https:\/\/api.w.org\/{rel}","templated":true}]}}