{"id":35804,"date":"2020-03-04T22:57:44","date_gmt":"2020-03-04T21:57:44","guid":{"rendered":"https:\/\/www.vetorino.com\/boutique\/product\/adaptil-comprimes\/"},"modified":"2022-01-04T15:39:22","modified_gmt":"2022-01-04T14:39:22","slug":"adaptil-comprimes","status":"publish","type":"product","link":"https:\/\/www.vetorino.com\/veterinaire\/bergues-59380\/boutique\/product\/adaptil-comprimes\/","title":{"rendered":"Adaptil Comprimes"},"content":{"rendered":"<div class='hidden'> Ceva <\/div>\n<p><b>Caract\u00e9risiques<\/b><br \/> Formul\u00e9s avec des ingr\u00e9dients naturels et sans ph\u00e9romones, ces comprim\u00e9s procurent un effet d\u00e9stressant rapide et aident \u00e0 r\u00e9duire les signes de peur. Ils sont conseill\u00e9s\u00a0en cas de situation stressante ponctuelle : feux d?artifices, orages, transport et voyages, consultation v\u00e9t\u00e9rinaire, adoption, d\u00e9m\u00e9nagement, nouvel arrivant. Conditionnement : Bo\u00eete de 10 comprim\u00e9s.<br \/><b>Bon \u00e0 savoir<\/b><br \/> Demandez conseil \u00e0 votre v\u00e9t\u00e9rinaire. Lire la notice du produit. De l?eau fra\u00eeche et propre doit \u00eatre disponible \u00e0 tout moment de la journ\u00e9e.COMPOSITION Huile et graisses v\u00e9g\u00e9tales, Dextrine de malt, Levure, Sels de magn\u00e9sium d&#8217;acides organiques, GABA (acide gamma-aminobutyrique), Acides amin\u00e9s (L-Tryptophane, L-Th\u00e9anine), Vitamine B (B1, B3, B6, B12), Inositol, Extrait de foie de porc<\/p>\n","protected":false},"excerpt":{"rendered":"<p>Les comprim\u00e9s ADAPTIL, pour chien,\u00a0sont un produit calmant qui peut \u00eatre utilis\u00e9 pour aider les chiens \u00e0 faire face \u00e0 des situations stressantes et \u00e0 se d\u00e9tendre.<\/p>\n","protected":false},"featured_media":77829,"template":"","meta":[],"product_cat":[2738,2786,2698,12568],"product_tag":[],"class_list":{"0":"post-35804","1":"product","2":"type-product","3":"status-publish","4":"has-post-thumbnail","6":"product_cat-aliments-complementaires-pour-chien","7":"product_cat-anti-stress-et-anxiete-du-chien","8":"product_cat-chien","9":"product_cat-produit-veterinaire-du-chien","10":"pa_marque-adaptil","12":"first","13":"outofstock","14":"taxable","15":"shipping-taxable","16":"purchasable","17":"product-type-variable"},"yoast_head":"<!-- This site is optimized with the Yoast SEO plugin v27.3 - https:\/\/yoast.com\/product\/yoast-seo-wordpress\/ -->\n<title>Adaptil Adaptil Comprimes Adaptil - V\u00e9torino<\/title>\n<meta name=\"description\" content=\"Les comprim\u00e9s ADAPTIL, pour chien,\u00a0sont un produit calmant qui peut \u00eatre utilis\u00e9 pour aider les chiens \u00e0 faire face \u00e0 des situations stressantes et \u00e0 se d\u00e9tendre.\" \/>\n<meta name=\"robots\" content=\"noindex, nofollow\" \/>\n<meta property=\"og:locale\" content=\"fr_FR\" \/>\n<meta property=\"og:type\" content=\"article\" \/>\n<meta property=\"og:title\" content=\"Adaptil Adaptil Comprimes Adaptil - V\u00e9torino\" \/>\n<meta property=\"og:description\" content=\"Les comprim\u00e9s ADAPTIL, pour chien,\u00a0sont un produit calmant qui peut \u00eatre utilis\u00e9 pour aider les chiens \u00e0 faire face \u00e0 des situations stressantes et \u00e0 se d\u00e9tendre.\" \/>\n<meta property=\"og:url\" content=\"https:\/\/www.vetorino.com\/veterinaire\/bergues-59380\/boutique\/product\/adaptil-comprimes\/\" \/>\n<meta property=\"og:site_name\" content=\"V\u00e9torino\" \/>\n<meta property=\"article:publisher\" content=\"https:\/\/www.facebook.com\/Vetorino\/\" \/>\n<meta property=\"article:modified_time\" content=\"2022-01-04T14:39:22+00:00\" \/>\n<meta property=\"og:image\" content=\"https:\/\/www.vetorino.com\/boutique\/wp-content\/uploads\/2020\/03\/comprimes-anti-stress-chien-adaptil-boite-10-unites-12.jpg\" \/>\n\t<meta property=\"og:image:width\" content=\"800\" \/>\n\t<meta property=\"og:image:height\" content=\"800\" \/>\n\t<meta property=\"og:image:type\" content=\"image\/jpeg\" \/>\n<meta name=\"twitter:card\" content=\"summary_large_image\" \/>\n<meta name=\"twitter:label1\" content=\"Disponibilit\u00e9\" \/>\n\t<meta name=\"twitter:data1\" content=\"Rupture de stock\" \/>\n<script type=\"application\/ld+json\" class=\"yoast-schema-graph\">{\"@context\":\"https:\\\/\\\/schema.org\",\"@graph\":[{\"@type\":\"WebPage\",\"@id\":\"https:\\\/\\\/www.vetorino.com\\\/boutique\\\/product\\\/adaptil-comprimes\\\/\",\"url\":\"https:\\\/\\\/www.vetorino.com\\\/boutique\\\/product\\\/adaptil-comprimes\\\/\",\"name\":\"Adaptil Adaptil Comprimes Adaptil - V\u00e9torino\",\"isPartOf\":{\"@id\":\"https:\\\/\\\/www.vetorino.com\\\/boutique\\\/#website\"},\"primaryImageOfPage\":{\"@id\":\"https:\\\/\\\/www.vetorino.com\\\/boutique\\\/product\\\/adaptil-comprimes\\\/#primaryimage\"},\"image\":{\"@id\":\"https:\\\/\\\/www.vetorino.com\\\/boutique\\\/product\\\/adaptil-comprimes\\\/#primaryimage\"},\"thumbnailUrl\":\"https:\\\/\\\/www.vetorino.com\\\/boutique\\\/wp-content\\\/uploads\\\/2020\\\/03\\\/comprimes-anti-stress-chien-adaptil-boite-10-unites-12.jpg\",\"datePublished\":\"2020-03-04T21:57:44+00:00\",\"dateModified\":\"2022-01-04T14:39:22+00:00\",\"description\":\"Les comprim\u00e9s ADAPTIL, pour chien,\u00a0sont un produit calmant qui peut \u00eatre utilis\u00e9 pour aider les chiens \u00e0 faire face \u00e0 des situations stressantes et \u00e0 se d\u00e9tendre.\",\"breadcrumb\":{\"@id\":\"https:\\\/\\\/www.vetorino.com\\\/boutique\\\/product\\\/adaptil-comprimes\\\/#breadcrumb\"},\"inLanguage\":\"fr-FR\",\"potentialAction\":[{\"@type\":\"ReadAction\",\"target\":[\"https:\\\/\\\/www.vetorino.com\\\/boutique\\\/product\\\/adaptil-comprimes\\\/\"]}]},{\"@type\":\"ImageObject\",\"inLanguage\":\"fr-FR\",\"@id\":\"https:\\\/\\\/www.vetorino.com\\\/boutique\\\/product\\\/adaptil-comprimes\\\/#primaryimage\",\"url\":\"https:\\\/\\\/www.vetorino.com\\\/boutique\\\/wp-content\\\/uploads\\\/2020\\\/03\\\/comprimes-anti-stress-chien-adaptil-boite-10-unites-12.jpg\",\"contentUrl\":\"https:\\\/\\\/www.vetorino.com\\\/boutique\\\/wp-content\\\/uploads\\\/2020\\\/03\\\/comprimes-anti-stress-chien-adaptil-boite-10-unites-12.jpg\",\"width\":800,\"height\":800},{\"@type\":\"BreadcrumbList\",\"@id\":\"https:\\\/\\\/www.vetorino.com\\\/boutique\\\/product\\\/adaptil-comprimes\\\/#breadcrumb\",\"itemListElement\":[{\"@type\":\"ListItem\",\"position\":1,\"name\":\"Accueil\",\"item\":\"https:\\\/\\\/www.vetorino.com\\\/boutique\\\/\"},{\"@type\":\"ListItem\",\"position\":2,\"name\":\"Produits\",\"item\":\"https:\\\/\\\/www.vetorino.com\\\/boutique\\\/\"},{\"@type\":\"ListItem\",\"position\":3,\"name\":\"Adaptil Comprimes\"}]},{\"@type\":\"WebSite\",\"@id\":\"https:\\\/\\\/www.vetorino.com\\\/boutique\\\/#website\",\"url\":\"https:\\\/\\\/www.vetorino.com\\\/boutique\\\/\",\"name\":\"V\u00e9torino\",\"description\":\"\",\"publisher\":{\"@id\":\"https:\\\/\\\/www.vetorino.com\\\/boutique\\\/#organization\"},\"potentialAction\":[{\"@type\":\"SearchAction\",\"target\":{\"@type\":\"EntryPoint\",\"urlTemplate\":\"https:\\\/\\\/www.vetorino.com\\\/boutique\\\/?s={search_term_string}\"},\"query-input\":{\"@type\":\"PropertyValueSpecification\",\"valueRequired\":true,\"valueName\":\"search_term_string\"}}],\"inLanguage\":\"fr-FR\"},{\"@type\":\"Organization\",\"@id\":\"https:\\\/\\\/www.vetorino.com\\\/boutique\\\/#organization\",\"name\":\"V\u00e9torino\",\"url\":\"https:\\\/\\\/www.vetorino.com\\\/boutique\\\/\",\"logo\":{\"@type\":\"ImageObject\",\"inLanguage\":\"fr-FR\",\"@id\":\"https:\\\/\\\/www.vetorino.com\\\/boutique\\\/#\\\/schema\\\/logo\\\/image\\\/\",\"url\":\"https:\\\/\\\/www.vetorino.com\\\/boutique\\\/wp-content\\\/uploads\\\/2024\\\/10\\\/logo.jpg\",\"contentUrl\":\"https:\\\/\\\/www.vetorino.com\\\/boutique\\\/wp-content\\\/uploads\\\/2024\\\/10\\\/logo.jpg\",\"width\":1200,\"height\":610,\"caption\":\"V\u00e9torino\"},\"image\":{\"@id\":\"https:\\\/\\\/www.vetorino.com\\\/boutique\\\/#\\\/schema\\\/logo\\\/image\\\/\"},\"sameAs\":[\"https:\\\/\\\/www.facebook.com\\\/Vetorino\\\/\",\"https:\\\/\\\/www.instagram.com\\\/vetorino_off\\\/\",\"https:\\\/\\\/www.linkedin.com\\\/company\\\/vtorino\\\/\"]}]}<\/script>\n<meta property=\"product:brand\" content=\"Adaptil\" \/>\n<meta property=\"og:availability\" content=\"out of stock\" \/>\n<meta property=\"product:availability\" content=\"out of stock\" \/>\n<meta property=\"product:condition\" content=\"new\" \/>\n<!-- \/ Yoast SEO plugin. -->","yoast_head_json":{"title":"Adaptil Adaptil Comprimes Adaptil - V\u00e9torino","description":"Les comprim\u00e9s ADAPTIL, pour chien,\u00a0sont un produit calmant qui peut \u00eatre utilis\u00e9 pour aider les chiens \u00e0 faire face \u00e0 des situations stressantes et \u00e0 se d\u00e9tendre.","robots":{"index":"noindex","follow":"nofollow"},"og_locale":"fr_FR","og_type":"article","og_title":"Adaptil Adaptil Comprimes Adaptil - V\u00e9torino","og_description":"Les comprim\u00e9s ADAPTIL, pour chien,\u00a0sont un produit calmant qui peut \u00eatre utilis\u00e9 pour aider les chiens \u00e0 faire face \u00e0 des situations stressantes et \u00e0 se d\u00e9tendre.","og_url":"https:\/\/www.vetorino.com\/veterinaire\/bergues-59380\/boutique\/product\/adaptil-comprimes\/","og_site_name":"V\u00e9torino","article_publisher":"https:\/\/www.facebook.com\/Vetorino\/","article_modified_time":"2022-01-04T14:39:22+00:00","og_image":[{"width":800,"height":800,"url":"https:\/\/www.vetorino.com\/boutique\/wp-content\/uploads\/2020\/03\/comprimes-anti-stress-chien-adaptil-boite-10-unites-12.jpg","type":"image\/jpeg"}],"twitter_card":"summary_large_image","twitter_misc":{"Disponibilit\u00e9":"Rupture de stock"},"schema":{"@context":"https:\/\/schema.org","@graph":[{"@type":"WebPage","@id":"https:\/\/www.vetorino.com\/boutique\/product\/adaptil-comprimes\/","url":"https:\/\/www.vetorino.com\/boutique\/product\/adaptil-comprimes\/","name":"Adaptil Adaptil Comprimes Adaptil - V\u00e9torino","isPartOf":{"@id":"https:\/\/www.vetorino.com\/boutique\/#website"},"primaryImageOfPage":{"@id":"https:\/\/www.vetorino.com\/boutique\/product\/adaptil-comprimes\/#primaryimage"},"image":{"@id":"https:\/\/www.vetorino.com\/boutique\/product\/adaptil-comprimes\/#primaryimage"},"thumbnailUrl":"https:\/\/www.vetorino.com\/boutique\/wp-content\/uploads\/2020\/03\/comprimes-anti-stress-chien-adaptil-boite-10-unites-12.jpg","datePublished":"2020-03-04T21:57:44+00:00","dateModified":"2022-01-04T14:39:22+00:00","description":"Les comprim\u00e9s ADAPTIL, pour chien,\u00a0sont un produit calmant qui peut \u00eatre utilis\u00e9 pour aider les chiens \u00e0 faire face \u00e0 des situations stressantes et \u00e0 se d\u00e9tendre.","breadcrumb":{"@id":"https:\/\/www.vetorino.com\/boutique\/product\/adaptil-comprimes\/#breadcrumb"},"inLanguage":"fr-FR","potentialAction":[{"@type":"ReadAction","target":["https:\/\/www.vetorino.com\/boutique\/product\/adaptil-comprimes\/"]}]},{"@type":"ImageObject","inLanguage":"fr-FR","@id":"https:\/\/www.vetorino.com\/boutique\/product\/adaptil-comprimes\/#primaryimage","url":"https:\/\/www.vetorino.com\/boutique\/wp-content\/uploads\/2020\/03\/comprimes-anti-stress-chien-adaptil-boite-10-unites-12.jpg","contentUrl":"https:\/\/www.vetorino.com\/boutique\/wp-content\/uploads\/2020\/03\/comprimes-anti-stress-chien-adaptil-boite-10-unites-12.jpg","width":800,"height":800},{"@type":"BreadcrumbList","@id":"https:\/\/www.vetorino.com\/boutique\/product\/adaptil-comprimes\/#breadcrumb","itemListElement":[{"@type":"ListItem","position":1,"name":"Accueil","item":"https:\/\/www.vetorino.com\/boutique\/"},{"@type":"ListItem","position":2,"name":"Produits","item":"https:\/\/www.vetorino.com\/boutique\/"},{"@type":"ListItem","position":3,"name":"Adaptil Comprimes"}]},{"@type":"WebSite","@id":"https:\/\/www.vetorino.com\/boutique\/#website","url":"https:\/\/www.vetorino.com\/boutique\/","name":"V\u00e9torino","description":"","publisher":{"@id":"https:\/\/www.vetorino.com\/boutique\/#organization"},"potentialAction":[{"@type":"SearchAction","target":{"@type":"EntryPoint","urlTemplate":"https:\/\/www.vetorino.com\/boutique\/?s={search_term_string}"},"query-input":{"@type":"PropertyValueSpecification","valueRequired":true,"valueName":"search_term_string"}}],"inLanguage":"fr-FR"},{"@type":"Organization","@id":"https:\/\/www.vetorino.com\/boutique\/#organization","name":"V\u00e9torino","url":"https:\/\/www.vetorino.com\/boutique\/","logo":{"@type":"ImageObject","inLanguage":"fr-FR","@id":"https:\/\/www.vetorino.com\/boutique\/#\/schema\/logo\/image\/","url":"https:\/\/www.vetorino.com\/boutique\/wp-content\/uploads\/2024\/10\/logo.jpg","contentUrl":"https:\/\/www.vetorino.com\/boutique\/wp-content\/uploads\/2024\/10\/logo.jpg","width":1200,"height":610,"caption":"V\u00e9torino"},"image":{"@id":"https:\/\/www.vetorino.com\/boutique\/#\/schema\/logo\/image\/"},"sameAs":["https:\/\/www.facebook.com\/Vetorino\/","https:\/\/www.instagram.com\/vetorino_off\/","https:\/\/www.linkedin.com\/company\/vtorino\/"]}]},"product_brand":"Adaptil","og_availability":"out of stock","product_availability":"out of stock","product_condition":"new"},"_links":{"self":[{"href":"https:\/\/www.vetorino.com\/veterinaire\/bergues-59380\/boutique\/wp-json\/wp\/v2\/product\/35804","targetHints":{"allow":["GET"]}}],"collection":[{"href":"https:\/\/www.vetorino.com\/veterinaire\/bergues-59380\/boutique\/wp-json\/wp\/v2\/product"}],"about":[{"href":"https:\/\/www.vetorino.com\/veterinaire\/bergues-59380\/boutique\/wp-json\/wp\/v2\/types\/product"}],"wp:featuredmedia":[{"embeddable":true,"href":"https:\/\/www.vetorino.com\/veterinaire\/bergues-59380\/boutique\/wp-json\/wp\/v2\/media\/77829"}],"wp:attachment":[{"href":"https:\/\/www.vetorino.com\/veterinaire\/bergues-59380\/boutique\/wp-json\/wp\/v2\/media?parent=35804"}],"wp:term":[{"taxonomy":"product_cat","embeddable":true,"href":"https:\/\/www.vetorino.com\/veterinaire\/bergues-59380\/boutique\/wp-json\/wp\/v2\/product_cat?post=35804"},{"taxonomy":"product_tag","embeddable":true,"href":"https:\/\/www.vetorino.com\/veterinaire\/bergues-59380\/boutique\/wp-json\/wp\/v2\/product_tag?post=35804"}],"curies":[{"name":"wp","href":"https:\/\/api.w.org\/{rel}","templated":true}]}}