{"id":1020504,"date":"2024-09-15T05:35:07","date_gmt":"2024-09-15T03:35:07","guid":{"rendered":"https:\/\/www.vetorino.com\/boutique\/product\/ziggy-croquettes-maine-coon-adulte-poulet\/"},"modified":"2024-09-20T11:50:19","modified_gmt":"2024-09-20T09:50:19","slug":"ziggy-croquettes-maine-coon-adulte-poulet","status":"publish","type":"product","link":"https:\/\/www.vetorino.com\/veterinaire\/beugnies-59216\/boutique\/product\/ziggy-croquettes-maine-coon-adulte-poulet\/","title":{"rendered":"Croquettes Maine Coon Adulte Poulet"},"content":{"rendered":"<p><strong>NOUVEAUT\u00c9 !<\/strong> Les d\u00e9licieuses croquettes Ziggy pour Maine Coons et grands chats qui r\u00e9pondent parfaitement\u00a0\u00e0 leurs besoins nutritionnels\u00a0et qui sont adapt\u00e9es sp\u00e9cifiquement \u00e0 la morphologie de ces f\u00e9lins \u00e0 la\u00a0m\u00e2choire large et puissante.<\/p>\n<p>Toujours aussi saine que d\u00e9licieuse,\u00a0notre recette est riche en prot\u00e9ines animales et acides gras essentiels d\u2019une excellente qualit\u00e9 pour les chats de grande taille aux articulations fragiles et aux poils longs.<\/p>\n<p>Aliment complet pour chat adulte, <strong>80% de prot\u00e9ines d\u2019origine animale<\/strong><\/p>\n<p><strong>Composition :<\/strong><\/p>\n<p>Poulet frais (26%), Prot\u00e9ines de porc d\u00e9shydrat\u00e9es (20%), Prot\u00e9ines de poulet d\u00e9shydrat\u00e9es (11%), Amidon de pomme de terre, Patate douce d\u00e9shydrat\u00e9e, Prot\u00e9ines de pomme de terre d\u00e9shydrat\u00e9es, Fibre v\u00e9g\u00e9tale, Pois, Prot\u00e9ines de poulet hydrolys\u00e9es (1.5%), Huile de tournesol (1.5%), Graine de lin (1.5%), Graisse de volaille (1%), Huile de saumon (0.8%), Citrate de potassium, Min\u00e9raux, Levure de bi\u00e8re s\u00e9ch\u00e9e, Pommes d\u00e9shydrat\u00e9es, Chlorure de sodium, Chlorure de potassium, <em>Yucca schidigera<\/em><\/p>\n","protected":false},"excerpt":{"rendered":"<p><strong>NOUVEAUT\u00c9 !<\/strong> Les d\u00e9licieuses croquettes Ziggy pour Maine Coons et grands chats qui r\u00e9pondent parfaitement\u00a0\u00e0 leurs besoins nutritionnels\u00a0et qui sont adapt\u00e9es sp\u00e9cifiquement \u00e0 la morphologie de ces f\u00e9lins \u00e0 la\u00a0m\u00e2choire large et puissante.<\/p>\n","protected":false},"featured_media":1024818,"template":"","meta":[],"product_cat":[12551,2697],"product_tag":[],"class_list":{"0":"post-1020504","1":"product","2":"type-product","3":"status-publish","4":"has-post-thumbnail","6":"product_cat-alimentation-du-chat","7":"product_cat-chat","8":"pa_marque-s-a-s-ziggy","10":"first","11":"instock","12":"taxable","13":"shipping-taxable","14":"purchasable","15":"product-type-simple"},"yoast_head":"<!-- This site is optimized with the Yoast SEO plugin v27.3 - https:\/\/yoast.com\/product\/yoast-seo-wordpress\/ -->\n<title>Croquettes Maine Coon Adulte Poulet Ziggy - V\u00e9torino<\/title>\n<meta name=\"description\" content=\"NOUVEAUT\u00c9 ! Les d\u00e9licieuses croquettes Ziggy pour Maine Coons et grands chats qui r\u00e9pondent parfaitement\u00a0\u00e0 leurs besoins nutritionnels\u00a0et qui sont adapt\u00e9es sp\u00e9cifiquement \u00e0 la morphologie de ces f\u00e9lins \u00e0 la\u00a0m\u00e2choire large et puissante.\" \/>\n<meta name=\"robots\" content=\"noindex, nofollow\" \/>\n<meta property=\"og:locale\" content=\"fr_FR\" \/>\n<meta property=\"og:type\" content=\"article\" \/>\n<meta property=\"og:title\" content=\"Croquettes Maine Coon Adulte Poulet Ziggy - V\u00e9torino\" \/>\n<meta property=\"og:description\" content=\"NOUVEAUT\u00c9 ! Les d\u00e9licieuses croquettes Ziggy pour Maine Coons et grands chats qui r\u00e9pondent parfaitement\u00a0\u00e0 leurs besoins nutritionnels\u00a0et qui sont adapt\u00e9es sp\u00e9cifiquement \u00e0 la morphologie de ces f\u00e9lins \u00e0 la\u00a0m\u00e2choire large et puissante.\" \/>\n<meta property=\"og:url\" content=\"https:\/\/www.vetorino.com\/veterinaire\/beugnies-59216\/boutique\/product\/ziggy-croquettes-maine-coon-adulte-poulet\/\" \/>\n<meta property=\"og:site_name\" content=\"V\u00e9torino\" \/>\n<meta property=\"article:publisher\" content=\"https:\/\/www.facebook.com\/Vetorino\/\" \/>\n<meta property=\"article:modified_time\" content=\"2024-09-20T09:50:19+00:00\" \/>\n<meta property=\"og:image\" content=\"https:\/\/www.vetorino.com\/boutique\/wp-content\/uploads\/2024\/09\/croquettesMaineCoon-poulet2_5kg1.webp\" \/>\n\t<meta property=\"og:image:width\" content=\"840\" \/>\n\t<meta property=\"og:image:height\" content=\"840\" \/>\n\t<meta property=\"og:image:type\" content=\"image\/webp\" \/>\n<meta name=\"twitter:card\" content=\"summary_large_image\" \/>\n<meta name=\"twitter:label1\" content=\"Prix\" \/>\n\t<meta name=\"twitter:data1\" content=\"36,45&euro;\" \/>\n\t<meta name=\"twitter:label2\" content=\"Disponibilit\u00e9\" \/>\n\t<meta name=\"twitter:data2\" content=\"En stock\" \/>\n<script type=\"application\/ld+json\" class=\"yoast-schema-graph\">{\"@context\":\"https:\\\/\\\/schema.org\",\"@graph\":[{\"@type\":\"WebPage\",\"@id\":\"https:\\\/\\\/www.vetorino.com\\\/boutique\\\/product\\\/ziggy-croquettes-maine-coon-adulte-poulet\\\/\",\"url\":\"https:\\\/\\\/www.vetorino.com\\\/boutique\\\/product\\\/ziggy-croquettes-maine-coon-adulte-poulet\\\/\",\"name\":\"Croquettes Maine Coon Adulte Poulet Ziggy - V\u00e9torino\",\"isPartOf\":{\"@id\":\"https:\\\/\\\/www.vetorino.com\\\/boutique\\\/#website\"},\"primaryImageOfPage\":{\"@id\":\"https:\\\/\\\/www.vetorino.com\\\/boutique\\\/product\\\/ziggy-croquettes-maine-coon-adulte-poulet\\\/#primaryimage\"},\"image\":{\"@id\":\"https:\\\/\\\/www.vetorino.com\\\/boutique\\\/product\\\/ziggy-croquettes-maine-coon-adulte-poulet\\\/#primaryimage\"},\"thumbnailUrl\":\"https:\\\/\\\/www.vetorino.com\\\/boutique\\\/wp-content\\\/uploads\\\/2024\\\/09\\\/croquettesMaineCoon-poulet2_5kg1.webp\",\"datePublished\":\"2024-09-15T03:35:07+00:00\",\"dateModified\":\"2024-09-20T09:50:19+00:00\",\"description\":\"NOUVEAUT\u00c9 ! Les d\u00e9licieuses croquettes Ziggy pour Maine Coons et grands chats qui r\u00e9pondent parfaitement\u00a0\u00e0 leurs besoins nutritionnels\u00a0et qui sont adapt\u00e9es sp\u00e9cifiquement \u00e0 la morphologie de ces f\u00e9lins \u00e0 la\u00a0m\u00e2choire large et puissante.\",\"breadcrumb\":{\"@id\":\"https:\\\/\\\/www.vetorino.com\\\/boutique\\\/product\\\/ziggy-croquettes-maine-coon-adulte-poulet\\\/#breadcrumb\"},\"inLanguage\":\"fr-FR\",\"potentialAction\":[{\"@type\":\"ReadAction\",\"target\":[\"https:\\\/\\\/www.vetorino.com\\\/boutique\\\/product\\\/ziggy-croquettes-maine-coon-adulte-poulet\\\/\"]}]},{\"@type\":\"ImageObject\",\"inLanguage\":\"fr-FR\",\"@id\":\"https:\\\/\\\/www.vetorino.com\\\/boutique\\\/product\\\/ziggy-croquettes-maine-coon-adulte-poulet\\\/#primaryimage\",\"url\":\"https:\\\/\\\/www.vetorino.com\\\/boutique\\\/wp-content\\\/uploads\\\/2024\\\/09\\\/croquettesMaineCoon-poulet2_5kg1.webp\",\"contentUrl\":\"https:\\\/\\\/www.vetorino.com\\\/boutique\\\/wp-content\\\/uploads\\\/2024\\\/09\\\/croquettesMaineCoon-poulet2_5kg1.webp\",\"width\":840,\"height\":840},{\"@type\":\"BreadcrumbList\",\"@id\":\"https:\\\/\\\/www.vetorino.com\\\/boutique\\\/product\\\/ziggy-croquettes-maine-coon-adulte-poulet\\\/#breadcrumb\",\"itemListElement\":[{\"@type\":\"ListItem\",\"position\":1,\"name\":\"Accueil\",\"item\":\"https:\\\/\\\/www.vetorino.com\\\/boutique\\\/\"},{\"@type\":\"ListItem\",\"position\":2,\"name\":\"Produits\",\"item\":\"https:\\\/\\\/www.vetorino.com\\\/boutique\\\/\"},{\"@type\":\"ListItem\",\"position\":3,\"name\":\"Croquettes Maine Coon Adulte Poulet\"}]},{\"@type\":\"WebSite\",\"@id\":\"https:\\\/\\\/www.vetorino.com\\\/boutique\\\/#website\",\"url\":\"https:\\\/\\\/www.vetorino.com\\\/boutique\\\/\",\"name\":\"V\u00e9torino\",\"description\":\"\",\"publisher\":{\"@id\":\"https:\\\/\\\/www.vetorino.com\\\/boutique\\\/#organization\"},\"potentialAction\":[{\"@type\":\"SearchAction\",\"target\":{\"@type\":\"EntryPoint\",\"urlTemplate\":\"https:\\\/\\\/www.vetorino.com\\\/boutique\\\/?s={search_term_string}\"},\"query-input\":{\"@type\":\"PropertyValueSpecification\",\"valueRequired\":true,\"valueName\":\"search_term_string\"}}],\"inLanguage\":\"fr-FR\"},{\"@type\":\"Organization\",\"@id\":\"https:\\\/\\\/www.vetorino.com\\\/boutique\\\/#organization\",\"name\":\"V\u00e9torino\",\"url\":\"https:\\\/\\\/www.vetorino.com\\\/boutique\\\/\",\"logo\":{\"@type\":\"ImageObject\",\"inLanguage\":\"fr-FR\",\"@id\":\"https:\\\/\\\/www.vetorino.com\\\/boutique\\\/#\\\/schema\\\/logo\\\/image\\\/\",\"url\":\"https:\\\/\\\/www.vetorino.com\\\/boutique\\\/wp-content\\\/uploads\\\/2024\\\/10\\\/logo.jpg\",\"contentUrl\":\"https:\\\/\\\/www.vetorino.com\\\/boutique\\\/wp-content\\\/uploads\\\/2024\\\/10\\\/logo.jpg\",\"width\":1200,\"height\":610,\"caption\":\"V\u00e9torino\"},\"image\":{\"@id\":\"https:\\\/\\\/www.vetorino.com\\\/boutique\\\/#\\\/schema\\\/logo\\\/image\\\/\"},\"sameAs\":[\"https:\\\/\\\/www.facebook.com\\\/Vetorino\\\/\",\"https:\\\/\\\/www.instagram.com\\\/vetorino_off\\\/\",\"https:\\\/\\\/www.linkedin.com\\\/company\\\/vtorino\\\/\"]}]}<\/script>\n<meta property=\"product:brand\" content=\"Ziggy\" \/>\n<meta property=\"product:price:amount\" content=\"36.45\" \/>\n<meta property=\"product:price:currency\" content=\"EUR\" \/>\n<meta property=\"og:availability\" content=\"instock\" \/>\n<meta property=\"product:availability\" content=\"instock\" \/>\n<meta property=\"product:retailer_item_id\" content=\"A-1887570\" \/>\n<meta property=\"product:condition\" content=\"new\" \/>\n<!-- \/ Yoast SEO plugin. -->","yoast_head_json":{"title":"Croquettes Maine Coon Adulte Poulet Ziggy - V\u00e9torino","description":"NOUVEAUT\u00c9 ! Les d\u00e9licieuses croquettes Ziggy pour Maine Coons et grands chats qui r\u00e9pondent parfaitement\u00a0\u00e0 leurs besoins nutritionnels\u00a0et qui sont adapt\u00e9es sp\u00e9cifiquement \u00e0 la morphologie de ces f\u00e9lins \u00e0 la\u00a0m\u00e2choire large et puissante.","robots":{"index":"noindex","follow":"nofollow"},"og_locale":"fr_FR","og_type":"article","og_title":"Croquettes Maine Coon Adulte Poulet Ziggy - V\u00e9torino","og_description":"NOUVEAUT\u00c9 ! Les d\u00e9licieuses croquettes Ziggy pour Maine Coons et grands chats qui r\u00e9pondent parfaitement\u00a0\u00e0 leurs besoins nutritionnels\u00a0et qui sont adapt\u00e9es sp\u00e9cifiquement \u00e0 la morphologie de ces f\u00e9lins \u00e0 la\u00a0m\u00e2choire large et puissante.","og_url":"https:\/\/www.vetorino.com\/veterinaire\/beugnies-59216\/boutique\/product\/ziggy-croquettes-maine-coon-adulte-poulet\/","og_site_name":"V\u00e9torino","article_publisher":"https:\/\/www.facebook.com\/Vetorino\/","article_modified_time":"2024-09-20T09:50:19+00:00","og_image":[{"width":840,"height":840,"url":"https:\/\/www.vetorino.com\/boutique\/wp-content\/uploads\/2024\/09\/croquettesMaineCoon-poulet2_5kg1.webp","type":"image\/webp"}],"twitter_card":"summary_large_image","twitter_misc":{"Prix":"36,45&euro;","Disponibilit\u00e9":"En stock"},"schema":{"@context":"https:\/\/schema.org","@graph":[{"@type":"WebPage","@id":"https:\/\/www.vetorino.com\/boutique\/product\/ziggy-croquettes-maine-coon-adulte-poulet\/","url":"https:\/\/www.vetorino.com\/boutique\/product\/ziggy-croquettes-maine-coon-adulte-poulet\/","name":"Croquettes Maine Coon Adulte Poulet Ziggy - V\u00e9torino","isPartOf":{"@id":"https:\/\/www.vetorino.com\/boutique\/#website"},"primaryImageOfPage":{"@id":"https:\/\/www.vetorino.com\/boutique\/product\/ziggy-croquettes-maine-coon-adulte-poulet\/#primaryimage"},"image":{"@id":"https:\/\/www.vetorino.com\/boutique\/product\/ziggy-croquettes-maine-coon-adulte-poulet\/#primaryimage"},"thumbnailUrl":"https:\/\/www.vetorino.com\/boutique\/wp-content\/uploads\/2024\/09\/croquettesMaineCoon-poulet2_5kg1.webp","datePublished":"2024-09-15T03:35:07+00:00","dateModified":"2024-09-20T09:50:19+00:00","description":"NOUVEAUT\u00c9 ! Les d\u00e9licieuses croquettes Ziggy pour Maine Coons et grands chats qui r\u00e9pondent parfaitement\u00a0\u00e0 leurs besoins nutritionnels\u00a0et qui sont adapt\u00e9es sp\u00e9cifiquement \u00e0 la morphologie de ces f\u00e9lins \u00e0 la\u00a0m\u00e2choire large et puissante.","breadcrumb":{"@id":"https:\/\/www.vetorino.com\/boutique\/product\/ziggy-croquettes-maine-coon-adulte-poulet\/#breadcrumb"},"inLanguage":"fr-FR","potentialAction":[{"@type":"ReadAction","target":["https:\/\/www.vetorino.com\/boutique\/product\/ziggy-croquettes-maine-coon-adulte-poulet\/"]}]},{"@type":"ImageObject","inLanguage":"fr-FR","@id":"https:\/\/www.vetorino.com\/boutique\/product\/ziggy-croquettes-maine-coon-adulte-poulet\/#primaryimage","url":"https:\/\/www.vetorino.com\/boutique\/wp-content\/uploads\/2024\/09\/croquettesMaineCoon-poulet2_5kg1.webp","contentUrl":"https:\/\/www.vetorino.com\/boutique\/wp-content\/uploads\/2024\/09\/croquettesMaineCoon-poulet2_5kg1.webp","width":840,"height":840},{"@type":"BreadcrumbList","@id":"https:\/\/www.vetorino.com\/boutique\/product\/ziggy-croquettes-maine-coon-adulte-poulet\/#breadcrumb","itemListElement":[{"@type":"ListItem","position":1,"name":"Accueil","item":"https:\/\/www.vetorino.com\/boutique\/"},{"@type":"ListItem","position":2,"name":"Produits","item":"https:\/\/www.vetorino.com\/boutique\/"},{"@type":"ListItem","position":3,"name":"Croquettes Maine Coon Adulte Poulet"}]},{"@type":"WebSite","@id":"https:\/\/www.vetorino.com\/boutique\/#website","url":"https:\/\/www.vetorino.com\/boutique\/","name":"V\u00e9torino","description":"","publisher":{"@id":"https:\/\/www.vetorino.com\/boutique\/#organization"},"potentialAction":[{"@type":"SearchAction","target":{"@type":"EntryPoint","urlTemplate":"https:\/\/www.vetorino.com\/boutique\/?s={search_term_string}"},"query-input":{"@type":"PropertyValueSpecification","valueRequired":true,"valueName":"search_term_string"}}],"inLanguage":"fr-FR"},{"@type":"Organization","@id":"https:\/\/www.vetorino.com\/boutique\/#organization","name":"V\u00e9torino","url":"https:\/\/www.vetorino.com\/boutique\/","logo":{"@type":"ImageObject","inLanguage":"fr-FR","@id":"https:\/\/www.vetorino.com\/boutique\/#\/schema\/logo\/image\/","url":"https:\/\/www.vetorino.com\/boutique\/wp-content\/uploads\/2024\/10\/logo.jpg","contentUrl":"https:\/\/www.vetorino.com\/boutique\/wp-content\/uploads\/2024\/10\/logo.jpg","width":1200,"height":610,"caption":"V\u00e9torino"},"image":{"@id":"https:\/\/www.vetorino.com\/boutique\/#\/schema\/logo\/image\/"},"sameAs":["https:\/\/www.facebook.com\/Vetorino\/","https:\/\/www.instagram.com\/vetorino_off\/","https:\/\/www.linkedin.com\/company\/vtorino\/"]}]},"product_brand":"Ziggy","product_price_amount":"36.45","product_price_currency":"EUR","og_availability":"instock","product_availability":"instock","product_retailer_item_id":"A-1887570","product_condition":"new"},"_links":{"self":[{"href":"https:\/\/www.vetorino.com\/veterinaire\/beugnies-59216\/boutique\/wp-json\/wp\/v2\/product\/1020504","targetHints":{"allow":["GET"]}}],"collection":[{"href":"https:\/\/www.vetorino.com\/veterinaire\/beugnies-59216\/boutique\/wp-json\/wp\/v2\/product"}],"about":[{"href":"https:\/\/www.vetorino.com\/veterinaire\/beugnies-59216\/boutique\/wp-json\/wp\/v2\/types\/product"}],"wp:featuredmedia":[{"embeddable":true,"href":"https:\/\/www.vetorino.com\/veterinaire\/beugnies-59216\/boutique\/wp-json\/wp\/v2\/media\/1024818"}],"wp:attachment":[{"href":"https:\/\/www.vetorino.com\/veterinaire\/beugnies-59216\/boutique\/wp-json\/wp\/v2\/media?parent=1020504"}],"wp:term":[{"taxonomy":"product_cat","embeddable":true,"href":"https:\/\/www.vetorino.com\/veterinaire\/beugnies-59216\/boutique\/wp-json\/wp\/v2\/product_cat?post=1020504"},{"taxonomy":"product_tag","embeddable":true,"href":"https:\/\/www.vetorino.com\/veterinaire\/beugnies-59216\/boutique\/wp-json\/wp\/v2\/product_tag?post=1020504"}],"curies":[{"name":"wp","href":"https:\/\/api.w.org\/{rel}","templated":true}]}}