{"id":1024060,"date":"2024-09-19T11:38:32","date_gmt":"2024-09-19T09:38:32","guid":{"rendered":"https:\/\/www.vetorino.com\/boutique\/product\/anxivet-500-mg-en-gelules\/"},"modified":"2024-09-20T09:57:19","modified_gmt":"2024-09-20T07:57:19","slug":"anxivet-500-mg-en-gelules","status":"publish","type":"product","link":"https:\/\/www.vetorino.com\/veterinaire\/beugnies-59216\/boutique\/product\/anxivet-500-mg-en-gelules\/","title":{"rendered":"Anxivet 500 mg en g\u00e9lules"},"content":{"rendered":"<p><strong>Favorise le bien-\u00eatre \u00e9motionnel face aux stimuli du quotidien et facilite les apprentissages des chiens et chats.<br \/>\n<\/strong><\/p>\n<p><strong>Utilisation :<\/strong><\/p>\n<ul>\n<li>En pr\u00e9vention de situations inhabituelles : transport, d\u00e9m\u00e9nagement, travaux, feux d\u2019artifice, visite chez le v\u00e9t\u00e9rinaire \u2026<\/li>\n<li>En situation d\u2019adaptation ou d\u2019apprentissage, en compl\u00e9ment des conseils du v\u00e9t\u00e9rinaire : absence, arriv\u00e9e d\u2019une nouvelle personne ou d\u2019un nouvel animal, adoption \u200b\u200b\u2026<\/li>\n<\/ul>\n<p><strong>Avantages :<\/strong><\/p>\n<ul>\n<li>Les prot\u00e9ines de poisson hydrolys\u00e9es ont une action apaisante sans effet sur l\u2019\u00e9veil, le superoxyde dismutase de melon (SOD) contribue \u00e0 limiter les effets des radicaux libres impliqu\u00e9s dans les troubles de l\u2019\u00e9quilibre \u00e9motionnel.<\/li>\n<li>Anxivet\u00ae favorise le bien-\u00eatre \u00e9motionnel face aux stimuli du quotidien et facilite les apprentissages.<\/li>\n<li>Fonctionne aussi bien chez le jeune que chez les adultes ou les seniors.<\/li>\n<li>Peut \u00eatre utilis\u00e9 seul (troubles mod\u00e9r\u00e9s) ou en accompagnement d\u2019une th\u00e9rapie comportementale suivant les indications du v\u00e9t\u00e9rinaire.<\/li>\n<\/ul>\n","protected":false},"excerpt":{"rendered":"<p><strong>Favorise le bien-\u00eatre \u00e9motionnel face aux stimuli du quotidien et facilite les apprentissages des chiens et chats.<br \/>\n<\/strong><\/p>\n<p><strong>Utilisation :<\/strong><\/p>\n<ul>\n<li>En pr\u00e9vention de situations inhabituelles : transport, d\u00e9m\u00e9nagement, travaux, feux d\u2019artifice, visite chez le v\u00e9t\u00e9rinaire \u2026<\/li>\n<li>En situation d\u2019adaptation ou d\u2019apprentissage, en compl\u00e9ment des conseils du v\u00e9t\u00e9rinaire : absence, arriv\u00e9e d\u2019une nouvelle personne ou d\u2019un nouvel animal, adoption \u200b\u200b\u2026<\/li>\n<\/ul>\n","protected":false},"featured_media":1024065,"template":"","meta":[],"product_cat":[2759,2786,2697,2698],"product_tag":[],"class_list":{"0":"post-1024060","1":"product","2":"type-product","3":"status-publish","4":"has-post-thumbnail","6":"product_cat-anti-stress-et-anxiete-pour-chat","7":"product_cat-anti-stress-et-anxiete-du-chien","8":"product_cat-chat","9":"product_cat-chien","10":"pa_marque-mp-labo","12":"first","13":"instock","14":"taxable","15":"shipping-taxable","16":"purchasable","17":"product-type-simple"},"yoast_head":"<!-- This site is optimized with the Yoast SEO plugin v27.3 - https:\/\/yoast.com\/product\/yoast-seo-wordpress\/ -->\n<title>Anxivet 500 mg en g\u00e9lules Mp Labo - V\u00e9torino<\/title>\n<meta name=\"description\" content=\"Favorise le bien-\u00eatre \u00e9motionnel face aux stimuli du quotidien et facilite les apprentissages des chiens et chats.   Utilisation :   En pr\u00e9vention de situations inhabituelles : transport, d\u00e9m\u00e9nagement, travaux, feux d\u2019artifice, visite chez le v\u00e9t\u00e9rinaire \u2026  En situation d\u2019adaptation ou d\u2019apprentissage, en compl\u00e9ment des conseils du v\u00e9t\u00e9rinaire : absence, arriv\u00e9e d\u2019une nouvelle personne ou d\u2019un nouvel animal, adoption \u200b\u200b\u2026\" \/>\n<meta name=\"robots\" content=\"noindex, nofollow\" \/>\n<meta property=\"og:locale\" content=\"fr_FR\" \/>\n<meta property=\"og:type\" content=\"article\" \/>\n<meta property=\"og:title\" content=\"Anxivet 500 mg en g\u00e9lules Mp Labo - V\u00e9torino\" \/>\n<meta property=\"og:description\" content=\"Favorise le bien-\u00eatre \u00e9motionnel face aux stimuli du quotidien et facilite les apprentissages des chiens et chats.   Utilisation :   En pr\u00e9vention de situations inhabituelles : transport, d\u00e9m\u00e9nagement, travaux, feux d\u2019artifice, visite chez le v\u00e9t\u00e9rinaire \u2026  En situation d\u2019adaptation ou d\u2019apprentissage, en compl\u00e9ment des conseils du v\u00e9t\u00e9rinaire : absence, arriv\u00e9e d\u2019une nouvelle personne ou d\u2019un nouvel animal, adoption \u200b\u200b\u2026\" \/>\n<meta property=\"og:url\" content=\"https:\/\/www.vetorino.com\/veterinaire\/beugnies-59216\/boutique\/product\/anxivet-500-mg-en-gelules\/\" \/>\n<meta property=\"og:site_name\" content=\"V\u00e9torino\" \/>\n<meta property=\"article:publisher\" content=\"https:\/\/www.facebook.com\/Vetorino\/\" \/>\n<meta property=\"article:modified_time\" content=\"2024-09-20T07:57:19+00:00\" \/>\n<meta property=\"og:image\" content=\"https:\/\/www.vetorino.com\/boutique\/wp-content\/uploads\/2024\/09\/anxivet-500-mg56-ui.webp\" \/>\n\t<meta property=\"og:image:width\" content=\"540\" \/>\n\t<meta property=\"og:image:height\" content=\"540\" \/>\n\t<meta property=\"og:image:type\" content=\"image\/webp\" \/>\n<meta name=\"twitter:card\" content=\"summary_large_image\" \/>\n<meta name=\"twitter:label1\" content=\"Prix\" \/>\n\t<meta name=\"twitter:data1\" content=\"24,49&euro;\" \/>\n\t<meta name=\"twitter:label2\" content=\"Disponibilit\u00e9\" \/>\n\t<meta name=\"twitter:data2\" content=\"En stock\" \/>\n<script type=\"application\/ld+json\" class=\"yoast-schema-graph\">{\"@context\":\"https:\\\/\\\/schema.org\",\"@graph\":[{\"@type\":\"WebPage\",\"@id\":\"https:\\\/\\\/www.vetorino.com\\\/boutique\\\/product\\\/anxivet-500-mg-en-gelules\\\/\",\"url\":\"https:\\\/\\\/www.vetorino.com\\\/boutique\\\/product\\\/anxivet-500-mg-en-gelules\\\/\",\"name\":\"Anxivet 500 mg en g\u00e9lules Mp Labo - V\u00e9torino\",\"isPartOf\":{\"@id\":\"https:\\\/\\\/www.vetorino.com\\\/boutique\\\/#website\"},\"primaryImageOfPage\":{\"@id\":\"https:\\\/\\\/www.vetorino.com\\\/boutique\\\/product\\\/anxivet-500-mg-en-gelules\\\/#primaryimage\"},\"image\":{\"@id\":\"https:\\\/\\\/www.vetorino.com\\\/boutique\\\/product\\\/anxivet-500-mg-en-gelules\\\/#primaryimage\"},\"thumbnailUrl\":\"https:\\\/\\\/www.vetorino.com\\\/boutique\\\/wp-content\\\/uploads\\\/2024\\\/09\\\/anxivet-500-mg56-ui.webp\",\"datePublished\":\"2024-09-19T09:38:32+00:00\",\"dateModified\":\"2024-09-20T07:57:19+00:00\",\"description\":\"Favorise le bien-\u00eatre \u00e9motionnel face aux stimuli du quotidien et facilite les apprentissages des chiens et chats. Utilisation : En pr\u00e9vention de situations inhabituelles : transport, d\u00e9m\u00e9nagement, travaux, feux d\u2019artifice, visite chez le v\u00e9t\u00e9rinaire \u2026 En situation d\u2019adaptation ou d\u2019apprentissage, en compl\u00e9ment des conseils du v\u00e9t\u00e9rinaire : absence, arriv\u00e9e d\u2019une nouvelle personne ou d\u2019un nouvel animal, adoption \u200b\u200b\u2026\",\"breadcrumb\":{\"@id\":\"https:\\\/\\\/www.vetorino.com\\\/boutique\\\/product\\\/anxivet-500-mg-en-gelules\\\/#breadcrumb\"},\"inLanguage\":\"fr-FR\",\"potentialAction\":[{\"@type\":\"ReadAction\",\"target\":[\"https:\\\/\\\/www.vetorino.com\\\/boutique\\\/product\\\/anxivet-500-mg-en-gelules\\\/\"]}]},{\"@type\":\"ImageObject\",\"inLanguage\":\"fr-FR\",\"@id\":\"https:\\\/\\\/www.vetorino.com\\\/boutique\\\/product\\\/anxivet-500-mg-en-gelules\\\/#primaryimage\",\"url\":\"https:\\\/\\\/www.vetorino.com\\\/boutique\\\/wp-content\\\/uploads\\\/2024\\\/09\\\/anxivet-500-mg56-ui.webp\",\"contentUrl\":\"https:\\\/\\\/www.vetorino.com\\\/boutique\\\/wp-content\\\/uploads\\\/2024\\\/09\\\/anxivet-500-mg56-ui.webp\",\"width\":540,\"height\":540},{\"@type\":\"BreadcrumbList\",\"@id\":\"https:\\\/\\\/www.vetorino.com\\\/boutique\\\/product\\\/anxivet-500-mg-en-gelules\\\/#breadcrumb\",\"itemListElement\":[{\"@type\":\"ListItem\",\"position\":1,\"name\":\"Accueil\",\"item\":\"https:\\\/\\\/www.vetorino.com\\\/boutique\\\/\"},{\"@type\":\"ListItem\",\"position\":2,\"name\":\"Produits\",\"item\":\"https:\\\/\\\/www.vetorino.com\\\/boutique\\\/\"},{\"@type\":\"ListItem\",\"position\":3,\"name\":\"Anxivet 500 mg en g\u00e9lules\"}]},{\"@type\":\"WebSite\",\"@id\":\"https:\\\/\\\/www.vetorino.com\\\/boutique\\\/#website\",\"url\":\"https:\\\/\\\/www.vetorino.com\\\/boutique\\\/\",\"name\":\"V\u00e9torino\",\"description\":\"\",\"publisher\":{\"@id\":\"https:\\\/\\\/www.vetorino.com\\\/boutique\\\/#organization\"},\"potentialAction\":[{\"@type\":\"SearchAction\",\"target\":{\"@type\":\"EntryPoint\",\"urlTemplate\":\"https:\\\/\\\/www.vetorino.com\\\/boutique\\\/?s={search_term_string}\"},\"query-input\":{\"@type\":\"PropertyValueSpecification\",\"valueRequired\":true,\"valueName\":\"search_term_string\"}}],\"inLanguage\":\"fr-FR\"},{\"@type\":\"Organization\",\"@id\":\"https:\\\/\\\/www.vetorino.com\\\/boutique\\\/#organization\",\"name\":\"V\u00e9torino\",\"url\":\"https:\\\/\\\/www.vetorino.com\\\/boutique\\\/\",\"logo\":{\"@type\":\"ImageObject\",\"inLanguage\":\"fr-FR\",\"@id\":\"https:\\\/\\\/www.vetorino.com\\\/boutique\\\/#\\\/schema\\\/logo\\\/image\\\/\",\"url\":\"https:\\\/\\\/www.vetorino.com\\\/boutique\\\/wp-content\\\/uploads\\\/2024\\\/10\\\/logo.jpg\",\"contentUrl\":\"https:\\\/\\\/www.vetorino.com\\\/boutique\\\/wp-content\\\/uploads\\\/2024\\\/10\\\/logo.jpg\",\"width\":1200,\"height\":610,\"caption\":\"V\u00e9torino\"},\"image\":{\"@id\":\"https:\\\/\\\/www.vetorino.com\\\/boutique\\\/#\\\/schema\\\/logo\\\/image\\\/\"},\"sameAs\":[\"https:\\\/\\\/www.facebook.com\\\/Vetorino\\\/\",\"https:\\\/\\\/www.instagram.com\\\/vetorino_off\\\/\",\"https:\\\/\\\/www.linkedin.com\\\/company\\\/vtorino\\\/\"]}]}<\/script>\n<meta property=\"product:brand\" content=\"Mp Labo\" \/>\n<meta property=\"product:price:amount\" content=\"24.49\" \/>\n<meta property=\"product:price:currency\" content=\"EUR\" \/>\n<meta property=\"og:availability\" content=\"instock\" \/>\n<meta property=\"product:availability\" content=\"instock\" \/>\n<meta property=\"product:retailer_item_id\" content=\"A-1885170\" \/>\n<meta property=\"product:condition\" content=\"new\" \/>\n<!-- \/ Yoast SEO plugin. -->","yoast_head_json":{"title":"Anxivet 500 mg en g\u00e9lules Mp Labo - V\u00e9torino","description":"Favorise le bien-\u00eatre \u00e9motionnel face aux stimuli du quotidien et facilite les apprentissages des chiens et chats.   Utilisation :   En pr\u00e9vention de situations inhabituelles : transport, d\u00e9m\u00e9nagement, travaux, feux d\u2019artifice, visite chez le v\u00e9t\u00e9rinaire \u2026  En situation d\u2019adaptation ou d\u2019apprentissage, en compl\u00e9ment des conseils du v\u00e9t\u00e9rinaire : absence, arriv\u00e9e d\u2019une nouvelle personne ou d\u2019un nouvel animal, adoption \u200b\u200b\u2026","robots":{"index":"noindex","follow":"nofollow"},"og_locale":"fr_FR","og_type":"article","og_title":"Anxivet 500 mg en g\u00e9lules Mp Labo - V\u00e9torino","og_description":"Favorise le bien-\u00eatre \u00e9motionnel face aux stimuli du quotidien et facilite les apprentissages des chiens et chats.   Utilisation :   En pr\u00e9vention de situations inhabituelles : transport, d\u00e9m\u00e9nagement, travaux, feux d\u2019artifice, visite chez le v\u00e9t\u00e9rinaire \u2026  En situation d\u2019adaptation ou d\u2019apprentissage, en compl\u00e9ment des conseils du v\u00e9t\u00e9rinaire : absence, arriv\u00e9e d\u2019une nouvelle personne ou d\u2019un nouvel animal, adoption \u200b\u200b\u2026","og_url":"https:\/\/www.vetorino.com\/veterinaire\/beugnies-59216\/boutique\/product\/anxivet-500-mg-en-gelules\/","og_site_name":"V\u00e9torino","article_publisher":"https:\/\/www.facebook.com\/Vetorino\/","article_modified_time":"2024-09-20T07:57:19+00:00","og_image":[{"width":540,"height":540,"url":"https:\/\/www.vetorino.com\/boutique\/wp-content\/uploads\/2024\/09\/anxivet-500-mg56-ui.webp","type":"image\/webp"}],"twitter_card":"summary_large_image","twitter_misc":{"Prix":"24,49&euro;","Disponibilit\u00e9":"En stock"},"schema":{"@context":"https:\/\/schema.org","@graph":[{"@type":"WebPage","@id":"https:\/\/www.vetorino.com\/boutique\/product\/anxivet-500-mg-en-gelules\/","url":"https:\/\/www.vetorino.com\/boutique\/product\/anxivet-500-mg-en-gelules\/","name":"Anxivet 500 mg en g\u00e9lules Mp Labo - V\u00e9torino","isPartOf":{"@id":"https:\/\/www.vetorino.com\/boutique\/#website"},"primaryImageOfPage":{"@id":"https:\/\/www.vetorino.com\/boutique\/product\/anxivet-500-mg-en-gelules\/#primaryimage"},"image":{"@id":"https:\/\/www.vetorino.com\/boutique\/product\/anxivet-500-mg-en-gelules\/#primaryimage"},"thumbnailUrl":"https:\/\/www.vetorino.com\/boutique\/wp-content\/uploads\/2024\/09\/anxivet-500-mg56-ui.webp","datePublished":"2024-09-19T09:38:32+00:00","dateModified":"2024-09-20T07:57:19+00:00","description":"Favorise le bien-\u00eatre \u00e9motionnel face aux stimuli du quotidien et facilite les apprentissages des chiens et chats. Utilisation : En pr\u00e9vention de situations inhabituelles : transport, d\u00e9m\u00e9nagement, travaux, feux d\u2019artifice, visite chez le v\u00e9t\u00e9rinaire \u2026 En situation d\u2019adaptation ou d\u2019apprentissage, en compl\u00e9ment des conseils du v\u00e9t\u00e9rinaire : absence, arriv\u00e9e d\u2019une nouvelle personne ou d\u2019un nouvel animal, adoption \u200b\u200b\u2026","breadcrumb":{"@id":"https:\/\/www.vetorino.com\/boutique\/product\/anxivet-500-mg-en-gelules\/#breadcrumb"},"inLanguage":"fr-FR","potentialAction":[{"@type":"ReadAction","target":["https:\/\/www.vetorino.com\/boutique\/product\/anxivet-500-mg-en-gelules\/"]}]},{"@type":"ImageObject","inLanguage":"fr-FR","@id":"https:\/\/www.vetorino.com\/boutique\/product\/anxivet-500-mg-en-gelules\/#primaryimage","url":"https:\/\/www.vetorino.com\/boutique\/wp-content\/uploads\/2024\/09\/anxivet-500-mg56-ui.webp","contentUrl":"https:\/\/www.vetorino.com\/boutique\/wp-content\/uploads\/2024\/09\/anxivet-500-mg56-ui.webp","width":540,"height":540},{"@type":"BreadcrumbList","@id":"https:\/\/www.vetorino.com\/boutique\/product\/anxivet-500-mg-en-gelules\/#breadcrumb","itemListElement":[{"@type":"ListItem","position":1,"name":"Accueil","item":"https:\/\/www.vetorino.com\/boutique\/"},{"@type":"ListItem","position":2,"name":"Produits","item":"https:\/\/www.vetorino.com\/boutique\/"},{"@type":"ListItem","position":3,"name":"Anxivet 500 mg en g\u00e9lules"}]},{"@type":"WebSite","@id":"https:\/\/www.vetorino.com\/boutique\/#website","url":"https:\/\/www.vetorino.com\/boutique\/","name":"V\u00e9torino","description":"","publisher":{"@id":"https:\/\/www.vetorino.com\/boutique\/#organization"},"potentialAction":[{"@type":"SearchAction","target":{"@type":"EntryPoint","urlTemplate":"https:\/\/www.vetorino.com\/boutique\/?s={search_term_string}"},"query-input":{"@type":"PropertyValueSpecification","valueRequired":true,"valueName":"search_term_string"}}],"inLanguage":"fr-FR"},{"@type":"Organization","@id":"https:\/\/www.vetorino.com\/boutique\/#organization","name":"V\u00e9torino","url":"https:\/\/www.vetorino.com\/boutique\/","logo":{"@type":"ImageObject","inLanguage":"fr-FR","@id":"https:\/\/www.vetorino.com\/boutique\/#\/schema\/logo\/image\/","url":"https:\/\/www.vetorino.com\/boutique\/wp-content\/uploads\/2024\/10\/logo.jpg","contentUrl":"https:\/\/www.vetorino.com\/boutique\/wp-content\/uploads\/2024\/10\/logo.jpg","width":1200,"height":610,"caption":"V\u00e9torino"},"image":{"@id":"https:\/\/www.vetorino.com\/boutique\/#\/schema\/logo\/image\/"},"sameAs":["https:\/\/www.facebook.com\/Vetorino\/","https:\/\/www.instagram.com\/vetorino_off\/","https:\/\/www.linkedin.com\/company\/vtorino\/"]}]},"product_brand":"Mp Labo","product_price_amount":"24.49","product_price_currency":"EUR","og_availability":"instock","product_availability":"instock","product_retailer_item_id":"A-1885170","product_condition":"new"},"_links":{"self":[{"href":"https:\/\/www.vetorino.com\/veterinaire\/beugnies-59216\/boutique\/wp-json\/wp\/v2\/product\/1024060","targetHints":{"allow":["GET"]}}],"collection":[{"href":"https:\/\/www.vetorino.com\/veterinaire\/beugnies-59216\/boutique\/wp-json\/wp\/v2\/product"}],"about":[{"href":"https:\/\/www.vetorino.com\/veterinaire\/beugnies-59216\/boutique\/wp-json\/wp\/v2\/types\/product"}],"wp:featuredmedia":[{"embeddable":true,"href":"https:\/\/www.vetorino.com\/veterinaire\/beugnies-59216\/boutique\/wp-json\/wp\/v2\/media\/1024065"}],"wp:attachment":[{"href":"https:\/\/www.vetorino.com\/veterinaire\/beugnies-59216\/boutique\/wp-json\/wp\/v2\/media?parent=1024060"}],"wp:term":[{"taxonomy":"product_cat","embeddable":true,"href":"https:\/\/www.vetorino.com\/veterinaire\/beugnies-59216\/boutique\/wp-json\/wp\/v2\/product_cat?post=1024060"},{"taxonomy":"product_tag","embeddable":true,"href":"https:\/\/www.vetorino.com\/veterinaire\/beugnies-59216\/boutique\/wp-json\/wp\/v2\/product_tag?post=1024060"}],"curies":[{"name":"wp","href":"https:\/\/api.w.org\/{rel}","templated":true}]}}