{"id":1280762,"date":"2025-04-07T21:48:41","date_gmt":"2025-04-07T19:48:41","guid":{"rendered":"https:\/\/www.vetorino.com\/boutique\/product\/pro-fibre-advanced\/"},"modified":"2025-04-08T09:20:53","modified_gmt":"2025-04-08T07:20:53","slug":"pro-fibre-advanced","status":"publish","type":"product","link":"https:\/\/www.vetorino.com\/veterinaire\/beugnies-59216\/boutique\/product\/pro-fibre-advanced\/","title":{"rendered":"Pro-Fibre Advanced Chien"},"content":{"rendered":"<p><strong>Chez le chien,\u00a0Pro-Fibre Advanced\u00a0est un aliment compl\u00e9mentaire sous forme de granul\u00e9 qui contribue \u00e0 une fonction digestive physiologique optimale.<\/strong><br \/>\n<strong>Pro-Fibre Advanced\u00a0permet \u00e9galement une consistance des selles optimales pour favoriser la vidange naturelle des glandes anales.<\/strong><\/p>\n<p>Les avantages de\u00a0<strong>Pro Fibre\u00a0Advanced\u00a0<\/strong>:<\/p>\n<ul>\n<li>Riche en fibres.<\/li>\n<li>Pr\u00e9biotiques et probiotiques.<\/li>\n<li>Soutient la fonction digestive.<\/li>\n<li>Consistance des selles optimales.<\/li>\n<li>Sous forme de granul\u00e9s.<\/li>\n<\/ul>\n","protected":false},"excerpt":{"rendered":"<p><strong>Chez le chien,\u00a0Pro-Fibre Advanced\u00a0est un aliment compl\u00e9mentaire sous forme de granul\u00e9 qui contribue \u00e0 une fonction digestive physiologique optimale.<\/strong><br \/>\n<strong>Pro-Fibre Advanced\u00a0permet \u00e9galement une consistance des selles optimales pour favoriser la vidange naturelle des glandes anales.<\/strong><\/p>\n<p>Les avantages de\u00a0<strong>Pro Fibre\u00a0Advanced\u00a0<\/strong>:<\/p>\n<ul>\n<li>Riche en fibres.<\/li>\n<li>Pr\u00e9biotiques et probiotiques.<\/li>\n<li>Soutient la fonction digestive.<\/li>\n<li>Consistance des selles optimales.<\/li>\n<li>Sous forme de granul\u00e9s.<\/li>\n<\/ul>\n","protected":false},"featured_media":1280761,"template":"","meta":[],"product_cat":[2698,12568],"product_tag":[],"class_list":{"0":"post-1280762","1":"product","2":"type-product","3":"status-publish","4":"has-post-thumbnail","6":"product_cat-chien","7":"product_cat-produit-veterinaire-du-chien","8":"pa_marque-tvm","10":"first","11":"instock","12":"taxable","13":"shipping-taxable","14":"purchasable","15":"product-type-simple"},"yoast_head":"<!-- This site is optimized with the Yoast SEO plugin v27.3 - https:\/\/yoast.com\/product\/yoast-seo-wordpress\/ -->\n<title>Pro-Fibre Advanced Chien D\u00f4mes Pharma TVM - V\u00e9torino<\/title>\n<meta name=\"description\" content=\"Chez le chien,\u00a0Pro-Fibre Advanced\u00a0est un aliment compl\u00e9mentaire sous forme de granul\u00e9 qui contribue \u00e0 une fonction digestive physiologique optimale. Pro-Fibre Advanced\u00a0permet \u00e9galement une consistance des selles optimales pour favoriser la vidange naturelle des glandes anales.  Les avantages de\u00a0Pro Fibre\u00a0Advanced\u00a0:   Riche en fibres.  Pr\u00e9biotiques et probiotiques.  Soutient la fonction digestive.  Consistance des selles optimales.  Sous forme de granul\u00e9s.\" \/>\n<meta name=\"robots\" content=\"noindex, nofollow\" \/>\n<meta property=\"og:locale\" content=\"fr_FR\" \/>\n<meta property=\"og:type\" content=\"article\" \/>\n<meta property=\"og:title\" content=\"Pro-Fibre Advanced Chien D\u00f4mes Pharma TVM - V\u00e9torino\" \/>\n<meta property=\"og:description\" content=\"Chez le chien,\u00a0Pro-Fibre Advanced\u00a0est un aliment compl\u00e9mentaire sous forme de granul\u00e9 qui contribue \u00e0 une fonction digestive physiologique optimale. Pro-Fibre Advanced\u00a0permet \u00e9galement une consistance des selles optimales pour favoriser la vidange naturelle des glandes anales.  Les avantages de\u00a0Pro Fibre\u00a0Advanced\u00a0:   Riche en fibres.  Pr\u00e9biotiques et probiotiques.  Soutient la fonction digestive.  Consistance des selles optimales.  Sous forme de granul\u00e9s.\" \/>\n<meta property=\"og:url\" content=\"https:\/\/www.vetorino.com\/veterinaire\/beugnies-59216\/boutique\/product\/pro-fibre-advanced\/\" \/>\n<meta property=\"og:site_name\" content=\"V\u00e9torino\" \/>\n<meta property=\"article:publisher\" content=\"https:\/\/www.facebook.com\/Vetorino\/\" \/>\n<meta property=\"article:modified_time\" content=\"2025-04-08T07:20:53+00:00\" \/>\n<meta property=\"og:image\" content=\"https:\/\/www.vetorino.com\/boutique\/wp-content\/uploads\/2025\/04\/DPHARMA-1883270-1024x1024.png\" \/>\n\t<meta property=\"og:image:width\" content=\"1024\" \/>\n\t<meta property=\"og:image:height\" content=\"1024\" \/>\n\t<meta property=\"og:image:type\" content=\"image\/png\" \/>\n<meta name=\"twitter:card\" content=\"summary_large_image\" \/>\n<meta name=\"twitter:label1\" content=\"Prix\" \/>\n\t<meta name=\"twitter:data1\" content=\"31,71&euro;\" \/>\n\t<meta name=\"twitter:label2\" content=\"Disponibilit\u00e9\" \/>\n\t<meta name=\"twitter:data2\" content=\"En stock\" \/>\n<script type=\"application\/ld+json\" class=\"yoast-schema-graph\">{\"@context\":\"https:\\\/\\\/schema.org\",\"@graph\":[{\"@type\":\"WebPage\",\"@id\":\"https:\\\/\\\/www.vetorino.com\\\/boutique\\\/product\\\/pro-fibre-advanced\\\/\",\"url\":\"https:\\\/\\\/www.vetorino.com\\\/boutique\\\/product\\\/pro-fibre-advanced\\\/\",\"name\":\"Pro-Fibre Advanced Chien D\u00f4mes Pharma TVM - V\u00e9torino\",\"isPartOf\":{\"@id\":\"https:\\\/\\\/www.vetorino.com\\\/boutique\\\/#website\"},\"primaryImageOfPage\":{\"@id\":\"https:\\\/\\\/www.vetorino.com\\\/boutique\\\/product\\\/pro-fibre-advanced\\\/#primaryimage\"},\"image\":{\"@id\":\"https:\\\/\\\/www.vetorino.com\\\/boutique\\\/product\\\/pro-fibre-advanced\\\/#primaryimage\"},\"thumbnailUrl\":\"https:\\\/\\\/www.vetorino.com\\\/boutique\\\/wp-content\\\/uploads\\\/2025\\\/04\\\/DPHARMA-1883270.png\",\"datePublished\":\"2025-04-07T19:48:41+00:00\",\"dateModified\":\"2025-04-08T07:20:53+00:00\",\"description\":\"Chez le chien,\u00a0Pro-Fibre Advanced\u00a0est un aliment compl\u00e9mentaire sous forme de granul\u00e9 qui contribue \u00e0 une fonction digestive physiologique optimale. Pro-Fibre Advanced\u00a0permet \u00e9galement une consistance des selles optimales pour favoriser la vidange naturelle des glandes anales. Les avantages de\u00a0Pro Fibre\u00a0Advanced\u00a0: Riche en fibres. Pr\u00e9biotiques et probiotiques. Soutient la fonction digestive. Consistance des selles optimales. Sous forme de granul\u00e9s.\",\"breadcrumb\":{\"@id\":\"https:\\\/\\\/www.vetorino.com\\\/boutique\\\/product\\\/pro-fibre-advanced\\\/#breadcrumb\"},\"inLanguage\":\"fr-FR\",\"potentialAction\":[{\"@type\":\"ReadAction\",\"target\":[\"https:\\\/\\\/www.vetorino.com\\\/boutique\\\/product\\\/pro-fibre-advanced\\\/\"]}]},{\"@type\":\"ImageObject\",\"inLanguage\":\"fr-FR\",\"@id\":\"https:\\\/\\\/www.vetorino.com\\\/boutique\\\/product\\\/pro-fibre-advanced\\\/#primaryimage\",\"url\":\"https:\\\/\\\/www.vetorino.com\\\/boutique\\\/wp-content\\\/uploads\\\/2025\\\/04\\\/DPHARMA-1883270.png\",\"contentUrl\":\"https:\\\/\\\/www.vetorino.com\\\/boutique\\\/wp-content\\\/uploads\\\/2025\\\/04\\\/DPHARMA-1883270.png\",\"width\":2900,\"height\":2900},{\"@type\":\"BreadcrumbList\",\"@id\":\"https:\\\/\\\/www.vetorino.com\\\/boutique\\\/product\\\/pro-fibre-advanced\\\/#breadcrumb\",\"itemListElement\":[{\"@type\":\"ListItem\",\"position\":1,\"name\":\"Accueil\",\"item\":\"https:\\\/\\\/www.vetorino.com\\\/boutique\\\/\"},{\"@type\":\"ListItem\",\"position\":2,\"name\":\"Produits\",\"item\":\"https:\\\/\\\/www.vetorino.com\\\/boutique\\\/\"},{\"@type\":\"ListItem\",\"position\":3,\"name\":\"Pro-Fibre Advanced Chien\"}]},{\"@type\":\"WebSite\",\"@id\":\"https:\\\/\\\/www.vetorino.com\\\/boutique\\\/#website\",\"url\":\"https:\\\/\\\/www.vetorino.com\\\/boutique\\\/\",\"name\":\"V\u00e9torino\",\"description\":\"\",\"publisher\":{\"@id\":\"https:\\\/\\\/www.vetorino.com\\\/boutique\\\/#organization\"},\"potentialAction\":[{\"@type\":\"SearchAction\",\"target\":{\"@type\":\"EntryPoint\",\"urlTemplate\":\"https:\\\/\\\/www.vetorino.com\\\/boutique\\\/?s={search_term_string}\"},\"query-input\":{\"@type\":\"PropertyValueSpecification\",\"valueRequired\":true,\"valueName\":\"search_term_string\"}}],\"inLanguage\":\"fr-FR\"},{\"@type\":\"Organization\",\"@id\":\"https:\\\/\\\/www.vetorino.com\\\/boutique\\\/#organization\",\"name\":\"V\u00e9torino\",\"url\":\"https:\\\/\\\/www.vetorino.com\\\/boutique\\\/\",\"logo\":{\"@type\":\"ImageObject\",\"inLanguage\":\"fr-FR\",\"@id\":\"https:\\\/\\\/www.vetorino.com\\\/boutique\\\/#\\\/schema\\\/logo\\\/image\\\/\",\"url\":\"https:\\\/\\\/www.vetorino.com\\\/boutique\\\/wp-content\\\/uploads\\\/2024\\\/10\\\/logo.jpg\",\"contentUrl\":\"https:\\\/\\\/www.vetorino.com\\\/boutique\\\/wp-content\\\/uploads\\\/2024\\\/10\\\/logo.jpg\",\"width\":1200,\"height\":610,\"caption\":\"V\u00e9torino\"},\"image\":{\"@id\":\"https:\\\/\\\/www.vetorino.com\\\/boutique\\\/#\\\/schema\\\/logo\\\/image\\\/\"},\"sameAs\":[\"https:\\\/\\\/www.facebook.com\\\/Vetorino\\\/\",\"https:\\\/\\\/www.instagram.com\\\/vetorino_off\\\/\",\"https:\\\/\\\/www.linkedin.com\\\/company\\\/vtorino\\\/\"]}]}<\/script>\n<meta property=\"product:brand\" content=\"D\u00f4mes Pharma TVM\" \/>\n<meta property=\"product:price:amount\" content=\"31.71\" \/>\n<meta property=\"product:price:currency\" content=\"EUR\" \/>\n<meta property=\"og:availability\" content=\"instock\" \/>\n<meta property=\"product:availability\" content=\"instock\" \/>\n<meta property=\"product:retailer_item_id\" content=\"A-1883270\" \/>\n<meta property=\"product:condition\" content=\"new\" \/>\n<!-- \/ Yoast SEO plugin. -->","yoast_head_json":{"title":"Pro-Fibre Advanced Chien D\u00f4mes Pharma TVM - V\u00e9torino","description":"Chez le chien,\u00a0Pro-Fibre Advanced\u00a0est un aliment compl\u00e9mentaire sous forme de granul\u00e9 qui contribue \u00e0 une fonction digestive physiologique optimale. Pro-Fibre Advanced\u00a0permet \u00e9galement une consistance des selles optimales pour favoriser la vidange naturelle des glandes anales.  Les avantages de\u00a0Pro Fibre\u00a0Advanced\u00a0:   Riche en fibres.  Pr\u00e9biotiques et probiotiques.  Soutient la fonction digestive.  Consistance des selles optimales.  Sous forme de granul\u00e9s.","robots":{"index":"noindex","follow":"nofollow"},"og_locale":"fr_FR","og_type":"article","og_title":"Pro-Fibre Advanced Chien D\u00f4mes Pharma TVM - V\u00e9torino","og_description":"Chez le chien,\u00a0Pro-Fibre Advanced\u00a0est un aliment compl\u00e9mentaire sous forme de granul\u00e9 qui contribue \u00e0 une fonction digestive physiologique optimale. Pro-Fibre Advanced\u00a0permet \u00e9galement une consistance des selles optimales pour favoriser la vidange naturelle des glandes anales.  Les avantages de\u00a0Pro Fibre\u00a0Advanced\u00a0:   Riche en fibres.  Pr\u00e9biotiques et probiotiques.  Soutient la fonction digestive.  Consistance des selles optimales.  Sous forme de granul\u00e9s.","og_url":"https:\/\/www.vetorino.com\/veterinaire\/beugnies-59216\/boutique\/product\/pro-fibre-advanced\/","og_site_name":"V\u00e9torino","article_publisher":"https:\/\/www.facebook.com\/Vetorino\/","article_modified_time":"2025-04-08T07:20:53+00:00","og_image":[{"width":1024,"height":1024,"url":"https:\/\/www.vetorino.com\/boutique\/wp-content\/uploads\/2025\/04\/DPHARMA-1883270-1024x1024.png","type":"image\/png"}],"twitter_card":"summary_large_image","twitter_misc":{"Prix":"31,71&euro;","Disponibilit\u00e9":"En stock"},"schema":{"@context":"https:\/\/schema.org","@graph":[{"@type":"WebPage","@id":"https:\/\/www.vetorino.com\/boutique\/product\/pro-fibre-advanced\/","url":"https:\/\/www.vetorino.com\/boutique\/product\/pro-fibre-advanced\/","name":"Pro-Fibre Advanced Chien D\u00f4mes Pharma TVM - V\u00e9torino","isPartOf":{"@id":"https:\/\/www.vetorino.com\/boutique\/#website"},"primaryImageOfPage":{"@id":"https:\/\/www.vetorino.com\/boutique\/product\/pro-fibre-advanced\/#primaryimage"},"image":{"@id":"https:\/\/www.vetorino.com\/boutique\/product\/pro-fibre-advanced\/#primaryimage"},"thumbnailUrl":"https:\/\/www.vetorino.com\/boutique\/wp-content\/uploads\/2025\/04\/DPHARMA-1883270.png","datePublished":"2025-04-07T19:48:41+00:00","dateModified":"2025-04-08T07:20:53+00:00","description":"Chez le chien,\u00a0Pro-Fibre Advanced\u00a0est un aliment compl\u00e9mentaire sous forme de granul\u00e9 qui contribue \u00e0 une fonction digestive physiologique optimale. Pro-Fibre Advanced\u00a0permet \u00e9galement une consistance des selles optimales pour favoriser la vidange naturelle des glandes anales. Les avantages de\u00a0Pro Fibre\u00a0Advanced\u00a0: Riche en fibres. Pr\u00e9biotiques et probiotiques. Soutient la fonction digestive. Consistance des selles optimales. Sous forme de granul\u00e9s.","breadcrumb":{"@id":"https:\/\/www.vetorino.com\/boutique\/product\/pro-fibre-advanced\/#breadcrumb"},"inLanguage":"fr-FR","potentialAction":[{"@type":"ReadAction","target":["https:\/\/www.vetorino.com\/boutique\/product\/pro-fibre-advanced\/"]}]},{"@type":"ImageObject","inLanguage":"fr-FR","@id":"https:\/\/www.vetorino.com\/boutique\/product\/pro-fibre-advanced\/#primaryimage","url":"https:\/\/www.vetorino.com\/boutique\/wp-content\/uploads\/2025\/04\/DPHARMA-1883270.png","contentUrl":"https:\/\/www.vetorino.com\/boutique\/wp-content\/uploads\/2025\/04\/DPHARMA-1883270.png","width":2900,"height":2900},{"@type":"BreadcrumbList","@id":"https:\/\/www.vetorino.com\/boutique\/product\/pro-fibre-advanced\/#breadcrumb","itemListElement":[{"@type":"ListItem","position":1,"name":"Accueil","item":"https:\/\/www.vetorino.com\/boutique\/"},{"@type":"ListItem","position":2,"name":"Produits","item":"https:\/\/www.vetorino.com\/boutique\/"},{"@type":"ListItem","position":3,"name":"Pro-Fibre Advanced Chien"}]},{"@type":"WebSite","@id":"https:\/\/www.vetorino.com\/boutique\/#website","url":"https:\/\/www.vetorino.com\/boutique\/","name":"V\u00e9torino","description":"","publisher":{"@id":"https:\/\/www.vetorino.com\/boutique\/#organization"},"potentialAction":[{"@type":"SearchAction","target":{"@type":"EntryPoint","urlTemplate":"https:\/\/www.vetorino.com\/boutique\/?s={search_term_string}"},"query-input":{"@type":"PropertyValueSpecification","valueRequired":true,"valueName":"search_term_string"}}],"inLanguage":"fr-FR"},{"@type":"Organization","@id":"https:\/\/www.vetorino.com\/boutique\/#organization","name":"V\u00e9torino","url":"https:\/\/www.vetorino.com\/boutique\/","logo":{"@type":"ImageObject","inLanguage":"fr-FR","@id":"https:\/\/www.vetorino.com\/boutique\/#\/schema\/logo\/image\/","url":"https:\/\/www.vetorino.com\/boutique\/wp-content\/uploads\/2024\/10\/logo.jpg","contentUrl":"https:\/\/www.vetorino.com\/boutique\/wp-content\/uploads\/2024\/10\/logo.jpg","width":1200,"height":610,"caption":"V\u00e9torino"},"image":{"@id":"https:\/\/www.vetorino.com\/boutique\/#\/schema\/logo\/image\/"},"sameAs":["https:\/\/www.facebook.com\/Vetorino\/","https:\/\/www.instagram.com\/vetorino_off\/","https:\/\/www.linkedin.com\/company\/vtorino\/"]}]},"product_brand":"D\u00f4mes Pharma TVM","product_price_amount":"31.71","product_price_currency":"EUR","og_availability":"instock","product_availability":"instock","product_retailer_item_id":"A-1883270","product_condition":"new"},"_links":{"self":[{"href":"https:\/\/www.vetorino.com\/veterinaire\/beugnies-59216\/boutique\/wp-json\/wp\/v2\/product\/1280762","targetHints":{"allow":["GET"]}}],"collection":[{"href":"https:\/\/www.vetorino.com\/veterinaire\/beugnies-59216\/boutique\/wp-json\/wp\/v2\/product"}],"about":[{"href":"https:\/\/www.vetorino.com\/veterinaire\/beugnies-59216\/boutique\/wp-json\/wp\/v2\/types\/product"}],"wp:featuredmedia":[{"embeddable":true,"href":"https:\/\/www.vetorino.com\/veterinaire\/beugnies-59216\/boutique\/wp-json\/wp\/v2\/media\/1280761"}],"wp:attachment":[{"href":"https:\/\/www.vetorino.com\/veterinaire\/beugnies-59216\/boutique\/wp-json\/wp\/v2\/media?parent=1280762"}],"wp:term":[{"taxonomy":"product_cat","embeddable":true,"href":"https:\/\/www.vetorino.com\/veterinaire\/beugnies-59216\/boutique\/wp-json\/wp\/v2\/product_cat?post=1280762"},{"taxonomy":"product_tag","embeddable":true,"href":"https:\/\/www.vetorino.com\/veterinaire\/beugnies-59216\/boutique\/wp-json\/wp\/v2\/product_tag?post=1280762"}],"curies":[{"name":"wp","href":"https:\/\/api.w.org\/{rel}","templated":true}]}}