{"id":1362663,"date":"2025-06-07T05:35:13","date_gmt":"2025-06-07T03:35:13","guid":{"rendered":"https:\/\/www.vetorino.com\/boutique\/product\/advance-chien-light-medium-poulet\/"},"modified":"2025-10-29T17:34:46","modified_gmt":"2025-10-29T16:34:46","slug":"advance-chien-light-medium-poulet","status":"publish","type":"product","link":"https:\/\/www.vetorino.com\/veterinaire\/beugnies-59216\/boutique\/product\/advance-chien-light-medium-poulet\/","title":{"rendered":"Chien Light Medium Poulet"},"content":{"rendered":"<p>Advance Adult Medium Light est un<strong> aliment adapt\u00e9 aux chiens ayant tendance \u00e0 \u00eatre en surpoids. <\/strong><\/p>\n<p>Gr\u00e2ce \u00e0 sa formule faible en mati\u00e8res grasses, il <strong>aide \u00e0 r\u00e9guler le poids. <\/strong><\/p>\n<p>Sa haute teneur en fibres et en prot\u00e9ines<strong> contribue \u00e0 la sensation de sati\u00e9t\u00e9<\/strong> et au <strong>maintien de la masse musculaire.<\/strong><\/p>\n<p><b>Caract\u00e9ristiques des croquettes pour chien\u00a0<\/b><strong>Advance Medium Light poulet :<\/strong><\/p>\n<ul>\n<li>Croquettes pour chiens adultes de taille moyenne (10 &#8211; 30 kg) \u00e2g\u00e9s de 1 an ou plus<\/li>\n<li><strong>Contribuent \u00e0 la gestion du poids<\/strong>\u00a0: valeur \u00e9nerg\u00e9tique r\u00e9duite, pauvres en mati\u00e8re grasses<\/li>\n<li><b>Teneur \u00e9lev\u00e9e en prot\u00e9ines :<\/b>\u00a0le poulet est\u00a0une source digeste de prot\u00e9ines de qualit\u00e9, essentielles pour pr\u00e9server la masse musculaire<\/li>\n<li><strong>Riches en fibres <\/strong>: effet rassasiant<\/li>\n<li><b>Acides gras essentiels :<\/b>\u00a0avec des om\u00e9ga-3 et des om\u00e9ga-6 issus de l&#8217;huile de poisson et pouvant avoir un effet b\u00e9n\u00e9fique sur la peau et le pelage<\/li>\n<li><strong>Formule Active Defense <\/strong>: contribue aux d\u00e9fenses immunitaires naturelles<\/li>\n<li><b>Croquettes \u00e0 la forme et \u00e0 la taille sp\u00e9cialement adapt\u00e9es<\/b>\u00a0\u00e0 la dentition des chiens de taille moyenne<\/li>\n<li><b>Formule compl\u00e8te et \u00e9quilibr\u00e9e : <\/b>contient tous les min\u00e9raux et vitamines essentiels<\/li>\n<li><b>Sans<\/b><strong>\u00a0colorants ni conservateurs artificiels<\/strong><\/li>\n<\/ul>\n","protected":false},"excerpt":{"rendered":"<p>Advance Adult Medium Light est un aliment <strong>adapt\u00e9 aux chiens ayant tendance \u00e0 \u00eatre en surpoids. <\/strong><\/p>\n<p>Gr\u00e2ce \u00e0 sa formule faible en mati\u00e8res grasses, il <strong>aide \u00e0 r\u00e9guler le poids. <\/strong><\/p>\n<p>Sa haute teneur en fibres et en prot\u00e9ines <strong>contribue \u00e0 la sensation de sati\u00e9t\u00e9<\/strong> et au <strong>maintien de la masse musculaire.<\/strong><\/p>\n","protected":false},"featured_media":1370467,"template":"","meta":[],"product_cat":[12552,12584,2698],"product_tag":[],"class_list":{"0":"post-1362663","1":"product","2":"type-product","3":"status-publish","4":"has-post-thumbnail","6":"product_cat-alimentation-du-chien","7":"product_cat-alimentation-premium-pour-chien","8":"product_cat-chien","9":"pa_marque-advance","11":"first","12":"instock","13":"taxable","14":"shipping-taxable","15":"purchasable","16":"product-type-simple"},"yoast_head":"<!-- This site is optimized with the Yoast SEO plugin v27.3 - https:\/\/yoast.com\/product\/yoast-seo-wordpress\/ -->\n<title>Chien Light Medium Poulet Advance - V\u00e9torino<\/title>\n<meta name=\"description\" content=\"Advance Adult Medium Light est un aliment adapt\u00e9 aux chiens ayant tendance \u00e0 \u00eatre en surpoids.   Gr\u00e2ce \u00e0 sa formule faible en mati\u00e8res grasses, il aide \u00e0 r\u00e9guler le poids.   Sa haute teneur en fibres et en prot\u00e9ines contribue \u00e0 la sensation de sati\u00e9t\u00e9 et au maintien de la masse musculaire.\" \/>\n<meta name=\"robots\" content=\"noindex, nofollow\" \/>\n<meta property=\"og:locale\" content=\"fr_FR\" \/>\n<meta property=\"og:type\" content=\"article\" \/>\n<meta property=\"og:title\" content=\"Chien Light Medium Poulet Advance - V\u00e9torino\" \/>\n<meta property=\"og:description\" content=\"Advance Adult Medium Light est un aliment adapt\u00e9 aux chiens ayant tendance \u00e0 \u00eatre en surpoids.   Gr\u00e2ce \u00e0 sa formule faible en mati\u00e8res grasses, il aide \u00e0 r\u00e9guler le poids.   Sa haute teneur en fibres et en prot\u00e9ines contribue \u00e0 la sensation de sati\u00e9t\u00e9 et au maintien de la masse musculaire.\" \/>\n<meta property=\"og:url\" content=\"https:\/\/www.vetorino.com\/veterinaire\/beugnies-59216\/boutique\/product\/advance-chien-light-medium-poulet\/\" \/>\n<meta property=\"og:site_name\" content=\"V\u00e9torino\" \/>\n<meta property=\"article:publisher\" content=\"https:\/\/www.facebook.com\/Vetorino\/\" \/>\n<meta property=\"article:modified_time\" content=\"2025-10-29T16:34:46+00:00\" \/>\n<meta property=\"og:image\" content=\"https:\/\/www.vetorino.com\/boutique\/wp-content\/uploads\/2025\/06\/advance-light-medium-chien-poulet-croquette.jpg\" \/>\n\t<meta property=\"og:image:width\" content=\"1208\" \/>\n\t<meta property=\"og:image:height\" content=\"1280\" \/>\n\t<meta property=\"og:image:type\" content=\"image\/jpeg\" \/>\n<meta name=\"twitter:card\" content=\"summary_large_image\" \/>\n<meta name=\"twitter:label1\" content=\"Prix\" \/>\n\t<meta name=\"twitter:data1\" content=\"23,76&euro;\" \/>\n\t<meta name=\"twitter:label2\" content=\"Disponibilit\u00e9\" \/>\n\t<meta name=\"twitter:data2\" content=\"En stock\" \/>\n<script type=\"application\/ld+json\" class=\"yoast-schema-graph\">{\"@context\":\"https:\\\/\\\/schema.org\",\"@graph\":[{\"@type\":\"WebPage\",\"@id\":\"https:\\\/\\\/www.vetorino.com\\\/veterinaire\\\/briancon-05100\\\/boutique\\\/product\\\/advance-chien-light-medium-poulet\\\/\",\"url\":\"https:\\\/\\\/www.vetorino.com\\\/veterinaire\\\/briancon-05100\\\/boutique\\\/product\\\/advance-chien-light-medium-poulet\\\/\",\"name\":\"Chien Light Medium Poulet Advance - V\u00e9torino\",\"isPartOf\":{\"@id\":\"https:\\\/\\\/www.vetorino.com\\\/boutique\\\/#website\"},\"primaryImageOfPage\":{\"@id\":\"https:\\\/\\\/www.vetorino.com\\\/veterinaire\\\/briancon-05100\\\/boutique\\\/product\\\/advance-chien-light-medium-poulet\\\/#primaryimage\"},\"image\":{\"@id\":\"https:\\\/\\\/www.vetorino.com\\\/veterinaire\\\/briancon-05100\\\/boutique\\\/product\\\/advance-chien-light-medium-poulet\\\/#primaryimage\"},\"thumbnailUrl\":\"https:\\\/\\\/www.vetorino.com\\\/boutique\\\/wp-content\\\/uploads\\\/2025\\\/06\\\/advance-light-medium-chien-poulet-croquette.jpg\",\"datePublished\":\"2025-06-07T03:35:13+00:00\",\"dateModified\":\"2025-10-29T16:34:46+00:00\",\"description\":\"Advance Adult Medium Light est un aliment adapt\u00e9 aux chiens ayant tendance \u00e0 \u00eatre en surpoids. Gr\u00e2ce \u00e0 sa formule faible en mati\u00e8res grasses, il aide \u00e0 r\u00e9guler le poids. Sa haute teneur en fibres et en prot\u00e9ines contribue \u00e0 la sensation de sati\u00e9t\u00e9 et au maintien de la masse musculaire.\",\"breadcrumb\":{\"@id\":\"https:\\\/\\\/www.vetorino.com\\\/veterinaire\\\/briancon-05100\\\/boutique\\\/product\\\/advance-chien-light-medium-poulet\\\/#breadcrumb\"},\"inLanguage\":\"fr-FR\",\"potentialAction\":[{\"@type\":\"ReadAction\",\"target\":[\"https:\\\/\\\/www.vetorino.com\\\/veterinaire\\\/briancon-05100\\\/boutique\\\/product\\\/advance-chien-light-medium-poulet\\\/\"]}]},{\"@type\":\"ImageObject\",\"inLanguage\":\"fr-FR\",\"@id\":\"https:\\\/\\\/www.vetorino.com\\\/veterinaire\\\/briancon-05100\\\/boutique\\\/product\\\/advance-chien-light-medium-poulet\\\/#primaryimage\",\"url\":\"https:\\\/\\\/www.vetorino.com\\\/boutique\\\/wp-content\\\/uploads\\\/2025\\\/06\\\/advance-light-medium-chien-poulet-croquette.jpg\",\"contentUrl\":\"https:\\\/\\\/www.vetorino.com\\\/boutique\\\/wp-content\\\/uploads\\\/2025\\\/06\\\/advance-light-medium-chien-poulet-croquette.jpg\",\"width\":1208,\"height\":1280},{\"@type\":\"BreadcrumbList\",\"@id\":\"https:\\\/\\\/www.vetorino.com\\\/veterinaire\\\/briancon-05100\\\/boutique\\\/product\\\/advance-chien-light-medium-poulet\\\/#breadcrumb\",\"itemListElement\":[{\"@type\":\"ListItem\",\"position\":1,\"name\":\"Accueil\",\"item\":\"https:\\\/\\\/www.vetorino.com\\\/boutique\\\/\"},{\"@type\":\"ListItem\",\"position\":2,\"name\":\"Produits\",\"item\":\"https:\\\/\\\/www.vetorino.com\\\/boutique\\\/\"},{\"@type\":\"ListItem\",\"position\":3,\"name\":\"Chien Light Medium Poulet\"}]},{\"@type\":\"WebSite\",\"@id\":\"https:\\\/\\\/www.vetorino.com\\\/boutique\\\/#website\",\"url\":\"https:\\\/\\\/www.vetorino.com\\\/boutique\\\/\",\"name\":\"V\u00e9torino\",\"description\":\"\",\"publisher\":{\"@id\":\"https:\\\/\\\/www.vetorino.com\\\/boutique\\\/#organization\"},\"potentialAction\":[{\"@type\":\"SearchAction\",\"target\":{\"@type\":\"EntryPoint\",\"urlTemplate\":\"https:\\\/\\\/www.vetorino.com\\\/boutique\\\/?s={search_term_string}\"},\"query-input\":{\"@type\":\"PropertyValueSpecification\",\"valueRequired\":true,\"valueName\":\"search_term_string\"}}],\"inLanguage\":\"fr-FR\"},{\"@type\":\"Organization\",\"@id\":\"https:\\\/\\\/www.vetorino.com\\\/boutique\\\/#organization\",\"name\":\"V\u00e9torino\",\"url\":\"https:\\\/\\\/www.vetorino.com\\\/boutique\\\/\",\"logo\":{\"@type\":\"ImageObject\",\"inLanguage\":\"fr-FR\",\"@id\":\"https:\\\/\\\/www.vetorino.com\\\/boutique\\\/#\\\/schema\\\/logo\\\/image\\\/\",\"url\":\"https:\\\/\\\/www.vetorino.com\\\/boutique\\\/wp-content\\\/uploads\\\/2024\\\/10\\\/logo.jpg\",\"contentUrl\":\"https:\\\/\\\/www.vetorino.com\\\/boutique\\\/wp-content\\\/uploads\\\/2024\\\/10\\\/logo.jpg\",\"width\":1200,\"height\":610,\"caption\":\"V\u00e9torino\"},\"image\":{\"@id\":\"https:\\\/\\\/www.vetorino.com\\\/boutique\\\/#\\\/schema\\\/logo\\\/image\\\/\"},\"sameAs\":[\"https:\\\/\\\/www.facebook.com\\\/Vetorino\\\/\",\"https:\\\/\\\/www.instagram.com\\\/vetorino_off\\\/\",\"https:\\\/\\\/www.linkedin.com\\\/company\\\/vtorino\\\/\"]}]}<\/script>\n<meta property=\"product:brand\" content=\"Advance\" \/>\n<meta property=\"product:price:amount\" content=\"23.76\" \/>\n<meta property=\"product:price:currency\" content=\"EUR\" \/>\n<meta property=\"og:availability\" content=\"instock\" \/>\n<meta property=\"product:availability\" content=\"instock\" \/>\n<meta property=\"product:retailer_item_id\" content=\"A-1891990\" \/>\n<meta property=\"product:condition\" content=\"new\" \/>\n<!-- \/ Yoast SEO plugin. -->","yoast_head_json":{"title":"Chien Light Medium Poulet Advance - V\u00e9torino","description":"Advance Adult Medium Light est un aliment adapt\u00e9 aux chiens ayant tendance \u00e0 \u00eatre en surpoids.   Gr\u00e2ce \u00e0 sa formule faible en mati\u00e8res grasses, il aide \u00e0 r\u00e9guler le poids.   Sa haute teneur en fibres et en prot\u00e9ines contribue \u00e0 la sensation de sati\u00e9t\u00e9 et au maintien de la masse musculaire.","robots":{"index":"noindex","follow":"nofollow"},"og_locale":"fr_FR","og_type":"article","og_title":"Chien Light Medium Poulet Advance - V\u00e9torino","og_description":"Advance Adult Medium Light est un aliment adapt\u00e9 aux chiens ayant tendance \u00e0 \u00eatre en surpoids.   Gr\u00e2ce \u00e0 sa formule faible en mati\u00e8res grasses, il aide \u00e0 r\u00e9guler le poids.   Sa haute teneur en fibres et en prot\u00e9ines contribue \u00e0 la sensation de sati\u00e9t\u00e9 et au maintien de la masse musculaire.","og_url":"https:\/\/www.vetorino.com\/veterinaire\/beugnies-59216\/boutique\/product\/advance-chien-light-medium-poulet\/","og_site_name":"V\u00e9torino","article_publisher":"https:\/\/www.facebook.com\/Vetorino\/","article_modified_time":"2025-10-29T16:34:46+00:00","og_image":[{"width":1208,"height":1280,"url":"https:\/\/www.vetorino.com\/boutique\/wp-content\/uploads\/2025\/06\/advance-light-medium-chien-poulet-croquette.jpg","type":"image\/jpeg"}],"twitter_card":"summary_large_image","twitter_misc":{"Prix":"23,76&euro;","Disponibilit\u00e9":"En stock"},"schema":{"@context":"https:\/\/schema.org","@graph":[{"@type":"WebPage","@id":"https:\/\/www.vetorino.com\/veterinaire\/briancon-05100\/boutique\/product\/advance-chien-light-medium-poulet\/","url":"https:\/\/www.vetorino.com\/veterinaire\/briancon-05100\/boutique\/product\/advance-chien-light-medium-poulet\/","name":"Chien Light Medium Poulet Advance - V\u00e9torino","isPartOf":{"@id":"https:\/\/www.vetorino.com\/boutique\/#website"},"primaryImageOfPage":{"@id":"https:\/\/www.vetorino.com\/veterinaire\/briancon-05100\/boutique\/product\/advance-chien-light-medium-poulet\/#primaryimage"},"image":{"@id":"https:\/\/www.vetorino.com\/veterinaire\/briancon-05100\/boutique\/product\/advance-chien-light-medium-poulet\/#primaryimage"},"thumbnailUrl":"https:\/\/www.vetorino.com\/boutique\/wp-content\/uploads\/2025\/06\/advance-light-medium-chien-poulet-croquette.jpg","datePublished":"2025-06-07T03:35:13+00:00","dateModified":"2025-10-29T16:34:46+00:00","description":"Advance Adult Medium Light est un aliment adapt\u00e9 aux chiens ayant tendance \u00e0 \u00eatre en surpoids. Gr\u00e2ce \u00e0 sa formule faible en mati\u00e8res grasses, il aide \u00e0 r\u00e9guler le poids. Sa haute teneur en fibres et en prot\u00e9ines contribue \u00e0 la sensation de sati\u00e9t\u00e9 et au maintien de la masse musculaire.","breadcrumb":{"@id":"https:\/\/www.vetorino.com\/veterinaire\/briancon-05100\/boutique\/product\/advance-chien-light-medium-poulet\/#breadcrumb"},"inLanguage":"fr-FR","potentialAction":[{"@type":"ReadAction","target":["https:\/\/www.vetorino.com\/veterinaire\/briancon-05100\/boutique\/product\/advance-chien-light-medium-poulet\/"]}]},{"@type":"ImageObject","inLanguage":"fr-FR","@id":"https:\/\/www.vetorino.com\/veterinaire\/briancon-05100\/boutique\/product\/advance-chien-light-medium-poulet\/#primaryimage","url":"https:\/\/www.vetorino.com\/boutique\/wp-content\/uploads\/2025\/06\/advance-light-medium-chien-poulet-croquette.jpg","contentUrl":"https:\/\/www.vetorino.com\/boutique\/wp-content\/uploads\/2025\/06\/advance-light-medium-chien-poulet-croquette.jpg","width":1208,"height":1280},{"@type":"BreadcrumbList","@id":"https:\/\/www.vetorino.com\/veterinaire\/briancon-05100\/boutique\/product\/advance-chien-light-medium-poulet\/#breadcrumb","itemListElement":[{"@type":"ListItem","position":1,"name":"Accueil","item":"https:\/\/www.vetorino.com\/boutique\/"},{"@type":"ListItem","position":2,"name":"Produits","item":"https:\/\/www.vetorino.com\/boutique\/"},{"@type":"ListItem","position":3,"name":"Chien Light Medium Poulet"}]},{"@type":"WebSite","@id":"https:\/\/www.vetorino.com\/boutique\/#website","url":"https:\/\/www.vetorino.com\/boutique\/","name":"V\u00e9torino","description":"","publisher":{"@id":"https:\/\/www.vetorino.com\/boutique\/#organization"},"potentialAction":[{"@type":"SearchAction","target":{"@type":"EntryPoint","urlTemplate":"https:\/\/www.vetorino.com\/boutique\/?s={search_term_string}"},"query-input":{"@type":"PropertyValueSpecification","valueRequired":true,"valueName":"search_term_string"}}],"inLanguage":"fr-FR"},{"@type":"Organization","@id":"https:\/\/www.vetorino.com\/boutique\/#organization","name":"V\u00e9torino","url":"https:\/\/www.vetorino.com\/boutique\/","logo":{"@type":"ImageObject","inLanguage":"fr-FR","@id":"https:\/\/www.vetorino.com\/boutique\/#\/schema\/logo\/image\/","url":"https:\/\/www.vetorino.com\/boutique\/wp-content\/uploads\/2024\/10\/logo.jpg","contentUrl":"https:\/\/www.vetorino.com\/boutique\/wp-content\/uploads\/2024\/10\/logo.jpg","width":1200,"height":610,"caption":"V\u00e9torino"},"image":{"@id":"https:\/\/www.vetorino.com\/boutique\/#\/schema\/logo\/image\/"},"sameAs":["https:\/\/www.facebook.com\/Vetorino\/","https:\/\/www.instagram.com\/vetorino_off\/","https:\/\/www.linkedin.com\/company\/vtorino\/"]}]},"product_brand":"Advance","product_price_amount":"23.76","product_price_currency":"EUR","og_availability":"instock","product_availability":"instock","product_retailer_item_id":"A-1891990","product_condition":"new"},"_links":{"self":[{"href":"https:\/\/www.vetorino.com\/veterinaire\/beugnies-59216\/boutique\/wp-json\/wp\/v2\/product\/1362663","targetHints":{"allow":["GET"]}}],"collection":[{"href":"https:\/\/www.vetorino.com\/veterinaire\/beugnies-59216\/boutique\/wp-json\/wp\/v2\/product"}],"about":[{"href":"https:\/\/www.vetorino.com\/veterinaire\/beugnies-59216\/boutique\/wp-json\/wp\/v2\/types\/product"}],"wp:featuredmedia":[{"embeddable":true,"href":"https:\/\/www.vetorino.com\/veterinaire\/beugnies-59216\/boutique\/wp-json\/wp\/v2\/media\/1370467"}],"wp:attachment":[{"href":"https:\/\/www.vetorino.com\/veterinaire\/beugnies-59216\/boutique\/wp-json\/wp\/v2\/media?parent=1362663"}],"wp:term":[{"taxonomy":"product_cat","embeddable":true,"href":"https:\/\/www.vetorino.com\/veterinaire\/beugnies-59216\/boutique\/wp-json\/wp\/v2\/product_cat?post=1362663"},{"taxonomy":"product_tag","embeddable":true,"href":"https:\/\/www.vetorino.com\/veterinaire\/beugnies-59216\/boutique\/wp-json\/wp\/v2\/product_tag?post=1362663"}],"curies":[{"name":"wp","href":"https:\/\/api.w.org\/{rel}","templated":true}]}}