{"id":1371352,"date":"2025-06-13T05:35:07","date_gmt":"2025-06-13T03:35:07","guid":{"rendered":"https:\/\/www.vetorino.com\/boutique\/product\/advance-chat-kitten-poulet-sachets\/"},"modified":"2026-01-06T10:05:38","modified_gmt":"2026-01-06T09:05:38","slug":"advance-chat-kitten-poulet-sachets","status":"publish","type":"product","link":"https:\/\/www.vetorino.com\/veterinaire\/beugnies-59216\/boutique\/product\/advance-chat-kitten-poulet-sachets\/","title":{"rendered":"Chat Kitten Poulet"},"content":{"rendered":"<p>ADVANCE Wet Kitten est une <strong>recette humide compl\u00e8te et \u00e9quilibr\u00e9e<\/strong>, sp\u00e9cialement<strong> formul\u00e9e pour couvrir les besoins des chatons.<\/strong><\/p>\n<p>Si votre chaton est \u00e2g\u00e9 de moins d&#8217;un an, il est dans la<strong> phase au cours de laquelle les changements physiques et comportementaux sont les plus importants.<\/strong><\/p>\n<p>Il lui faut donc une nourriture sp\u00e9cifique qui contribuera<strong> \u00e0 une croissance \u00e0 la fois robuste et saine.<\/strong><\/p>\n<p>Sa formule a \u00e9t<strong>\u00e9 \u00e9labor\u00e9e par des experts en nutrition<\/strong> et vise \u00e0 <strong>contribuer au d\u00e9veloppement musculaire et osseux de votre chaton<\/strong>, ainsi qu\u2019\u00e0<strong> favoriser une croissance saine.<\/strong><\/p>\n<p>La gamme ADVANCE Wet est compos\u00e9e d<strong>&#8216;ingr\u00e9dients de haute qualit\u00e9<\/strong> cuits \u00e0 la vapeur, et est pr\u00e9sent\u00e9e sous la forme de bouch\u00e9es en sauce plus <strong>faciles \u00e0 d\u00e9guster par les chatons.<\/strong><\/p>\n<p>Vous pouvez les servir soit en compl\u00e9ment des croquettes de votre chaton ou soit comme nourriture humide exclusive.<\/p>\n<p>La gamme ADVANCE Wet Kitten est particuli\u00e8rement recommand\u00e9e <strong>pour les chatons \u00e2g\u00e9s de 2\u00a0\u00e0\u00a012\u00a0mois et les chattes gestantes et en lactation<\/strong>.<\/p>\n","protected":false},"excerpt":{"rendered":"<p>ADVANCE Wet Kitten est une <strong>recette humide compl\u00e8te et \u00e9quilibr\u00e9e<\/strong>, sp\u00e9cialement<strong> formul\u00e9e pour couvrir les besoins des chatons.<\/strong><\/p>\n<p>Si votre chaton est \u00e2g\u00e9 de moins d&#8217;un an, il est dans la<strong> phase au cours de laquelle les changements physiques et comportementaux sont les plus importants.<\/strong><\/p>\n<p>Il lui faut donc une nourriture sp\u00e9cifique qui contribuera<strong> \u00e0 une croissance \u00e0 la fois robuste et saine.<\/strong><\/p>\n<p>&nbsp;<\/p>\n","protected":false},"featured_media":1371825,"template":"","meta":[],"product_cat":[12551,12583,2697],"product_tag":[],"class_list":{"0":"post-1371352","1":"product","2":"type-product","3":"status-publish","4":"has-post-thumbnail","6":"product_cat-alimentation-du-chat","7":"product_cat-alimentation-premium-pour-chat","8":"product_cat-chat","9":"pa_marque-advance","11":"first","12":"instock","13":"taxable","14":"shipping-taxable","15":"purchasable","16":"product-type-variable"},"yoast_head":"<!-- This site is optimized with the Yoast SEO plugin v27.3 - https:\/\/yoast.com\/product\/yoast-seo-wordpress\/ -->\n<title>Chat Kitten Poulet Advance - V\u00e9torino<\/title>\n<meta name=\"description\" content=\"ADVANCE Wet Kitten est une recette humide compl\u00e8te et \u00e9quilibr\u00e9e, sp\u00e9cialement formul\u00e9e pour couvrir les besoins des chatons.  Si votre chaton est \u00e2g\u00e9 de moins d&#039;un an, il est dans la phase au cours de laquelle les changements physiques et comportementaux sont les plus importants.  Il lui faut donc une nourriture sp\u00e9cifique qui contribuera \u00e0 une croissance \u00e0 la fois robuste et saine.  &nbsp;\" \/>\n<meta name=\"robots\" content=\"noindex, nofollow\" \/>\n<meta property=\"og:locale\" content=\"fr_FR\" \/>\n<meta property=\"og:type\" content=\"article\" \/>\n<meta property=\"og:title\" content=\"Chat Kitten Poulet Advance - V\u00e9torino\" \/>\n<meta property=\"og:description\" content=\"ADVANCE Wet Kitten est une recette humide compl\u00e8te et \u00e9quilibr\u00e9e, sp\u00e9cialement formul\u00e9e pour couvrir les besoins des chatons.  Si votre chaton est \u00e2g\u00e9 de moins d&#039;un an, il est dans la phase au cours de laquelle les changements physiques et comportementaux sont les plus importants.  Il lui faut donc une nourriture sp\u00e9cifique qui contribuera \u00e0 une croissance \u00e0 la fois robuste et saine.  &nbsp;\" \/>\n<meta property=\"og:url\" content=\"https:\/\/www.vetorino.com\/veterinaire\/beugnies-59216\/boutique\/product\/advance-chat-kitten-poulet-sachets\/\" \/>\n<meta property=\"og:site_name\" content=\"V\u00e9torino\" \/>\n<meta property=\"article:publisher\" content=\"https:\/\/www.facebook.com\/Vetorino\/\" \/>\n<meta property=\"article:modified_time\" content=\"2026-01-06T09:05:38+00:00\" \/>\n<meta property=\"og:image\" content=\"https:\/\/www.vetorino.com\/boutique\/wp-content\/uploads\/2025\/06\/advance-sachet-chat-kitten-poulet1-1.jpg\" \/>\n\t<meta property=\"og:image:width\" content=\"1024\" \/>\n\t<meta property=\"og:image:height\" content=\"1024\" \/>\n\t<meta property=\"og:image:type\" content=\"image\/jpeg\" \/>\n<meta name=\"twitter:card\" content=\"summary_large_image\" \/>\n<meta name=\"twitter:label1\" content=\"Disponibilit\u00e9\" \/>\n\t<meta name=\"twitter:data1\" content=\"En stock\" \/>\n<script type=\"application\/ld+json\" class=\"yoast-schema-graph\">{\"@context\":\"https:\\\/\\\/schema.org\",\"@graph\":[{\"@type\":\"WebPage\",\"@id\":\"https:\\\/\\\/www.vetorino.com\\\/veterinaire\\\/briancon-05100\\\/boutique\\\/product\\\/advance-chat-kitten-poulet-sachets\\\/\",\"url\":\"https:\\\/\\\/www.vetorino.com\\\/veterinaire\\\/briancon-05100\\\/boutique\\\/product\\\/advance-chat-kitten-poulet-sachets\\\/\",\"name\":\"Chat Kitten Poulet Advance - V\u00e9torino\",\"isPartOf\":{\"@id\":\"https:\\\/\\\/www.vetorino.com\\\/boutique\\\/#website\"},\"primaryImageOfPage\":{\"@id\":\"https:\\\/\\\/www.vetorino.com\\\/veterinaire\\\/briancon-05100\\\/boutique\\\/product\\\/advance-chat-kitten-poulet-sachets\\\/#primaryimage\"},\"image\":{\"@id\":\"https:\\\/\\\/www.vetorino.com\\\/veterinaire\\\/briancon-05100\\\/boutique\\\/product\\\/advance-chat-kitten-poulet-sachets\\\/#primaryimage\"},\"thumbnailUrl\":\"https:\\\/\\\/www.vetorino.com\\\/boutique\\\/wp-content\\\/uploads\\\/2025\\\/06\\\/advance-sachet-chat-kitten-poulet1-1.jpg\",\"datePublished\":\"2025-06-13T03:35:07+00:00\",\"dateModified\":\"2026-01-06T09:05:38+00:00\",\"description\":\"ADVANCE Wet Kitten est une recette humide compl\u00e8te et \u00e9quilibr\u00e9e, sp\u00e9cialement formul\u00e9e pour couvrir les besoins des chatons. Si votre chaton est \u00e2g\u00e9 de moins d'un an, il est dans la phase au cours de laquelle les changements physiques et comportementaux sont les plus importants. Il lui faut donc une nourriture sp\u00e9cifique qui contribuera \u00e0 une croissance \u00e0 la fois robuste et saine. &nbsp;\",\"breadcrumb\":{\"@id\":\"https:\\\/\\\/www.vetorino.com\\\/veterinaire\\\/briancon-05100\\\/boutique\\\/product\\\/advance-chat-kitten-poulet-sachets\\\/#breadcrumb\"},\"inLanguage\":\"fr-FR\",\"potentialAction\":[{\"@type\":\"ReadAction\",\"target\":[\"https:\\\/\\\/www.vetorino.com\\\/veterinaire\\\/briancon-05100\\\/boutique\\\/product\\\/advance-chat-kitten-poulet-sachets\\\/\"]}]},{\"@type\":\"ImageObject\",\"inLanguage\":\"fr-FR\",\"@id\":\"https:\\\/\\\/www.vetorino.com\\\/veterinaire\\\/briancon-05100\\\/boutique\\\/product\\\/advance-chat-kitten-poulet-sachets\\\/#primaryimage\",\"url\":\"https:\\\/\\\/www.vetorino.com\\\/boutique\\\/wp-content\\\/uploads\\\/2025\\\/06\\\/advance-sachet-chat-kitten-poulet1-1.jpg\",\"contentUrl\":\"https:\\\/\\\/www.vetorino.com\\\/boutique\\\/wp-content\\\/uploads\\\/2025\\\/06\\\/advance-sachet-chat-kitten-poulet1-1.jpg\",\"width\":1024,\"height\":1024},{\"@type\":\"BreadcrumbList\",\"@id\":\"https:\\\/\\\/www.vetorino.com\\\/veterinaire\\\/briancon-05100\\\/boutique\\\/product\\\/advance-chat-kitten-poulet-sachets\\\/#breadcrumb\",\"itemListElement\":[{\"@type\":\"ListItem\",\"position\":1,\"name\":\"Accueil\",\"item\":\"https:\\\/\\\/www.vetorino.com\\\/boutique\\\/\"},{\"@type\":\"ListItem\",\"position\":2,\"name\":\"Produits\",\"item\":\"https:\\\/\\\/www.vetorino.com\\\/boutique\\\/\"},{\"@type\":\"ListItem\",\"position\":3,\"name\":\"Chat Kitten Poulet\"}]},{\"@type\":\"WebSite\",\"@id\":\"https:\\\/\\\/www.vetorino.com\\\/boutique\\\/#website\",\"url\":\"https:\\\/\\\/www.vetorino.com\\\/boutique\\\/\",\"name\":\"V\u00e9torino\",\"description\":\"\",\"publisher\":{\"@id\":\"https:\\\/\\\/www.vetorino.com\\\/boutique\\\/#organization\"},\"potentialAction\":[{\"@type\":\"SearchAction\",\"target\":{\"@type\":\"EntryPoint\",\"urlTemplate\":\"https:\\\/\\\/www.vetorino.com\\\/boutique\\\/?s={search_term_string}\"},\"query-input\":{\"@type\":\"PropertyValueSpecification\",\"valueRequired\":true,\"valueName\":\"search_term_string\"}}],\"inLanguage\":\"fr-FR\"},{\"@type\":\"Organization\",\"@id\":\"https:\\\/\\\/www.vetorino.com\\\/boutique\\\/#organization\",\"name\":\"V\u00e9torino\",\"url\":\"https:\\\/\\\/www.vetorino.com\\\/boutique\\\/\",\"logo\":{\"@type\":\"ImageObject\",\"inLanguage\":\"fr-FR\",\"@id\":\"https:\\\/\\\/www.vetorino.com\\\/boutique\\\/#\\\/schema\\\/logo\\\/image\\\/\",\"url\":\"https:\\\/\\\/www.vetorino.com\\\/boutique\\\/wp-content\\\/uploads\\\/2024\\\/10\\\/logo.jpg\",\"contentUrl\":\"https:\\\/\\\/www.vetorino.com\\\/boutique\\\/wp-content\\\/uploads\\\/2024\\\/10\\\/logo.jpg\",\"width\":1200,\"height\":610,\"caption\":\"V\u00e9torino\"},\"image\":{\"@id\":\"https:\\\/\\\/www.vetorino.com\\\/boutique\\\/#\\\/schema\\\/logo\\\/image\\\/\"},\"sameAs\":[\"https:\\\/\\\/www.facebook.com\\\/Vetorino\\\/\",\"https:\\\/\\\/www.instagram.com\\\/vetorino_off\\\/\",\"https:\\\/\\\/www.linkedin.com\\\/company\\\/vtorino\\\/\"]}]}<\/script>\n<meta property=\"product:brand\" content=\"Advance\" \/>\n<meta property=\"og:availability\" content=\"instock\" \/>\n<meta property=\"product:availability\" content=\"instock\" \/>\n<meta property=\"product:condition\" content=\"new\" \/>\n<!-- \/ Yoast SEO plugin. -->","yoast_head_json":{"title":"Chat Kitten Poulet Advance - V\u00e9torino","description":"ADVANCE Wet Kitten est une recette humide compl\u00e8te et \u00e9quilibr\u00e9e, sp\u00e9cialement formul\u00e9e pour couvrir les besoins des chatons.  Si votre chaton est \u00e2g\u00e9 de moins d'un an, il est dans la phase au cours de laquelle les changements physiques et comportementaux sont les plus importants.  Il lui faut donc une nourriture sp\u00e9cifique qui contribuera \u00e0 une croissance \u00e0 la fois robuste et saine.  &nbsp;","robots":{"index":"noindex","follow":"nofollow"},"og_locale":"fr_FR","og_type":"article","og_title":"Chat Kitten Poulet Advance - V\u00e9torino","og_description":"ADVANCE Wet Kitten est une recette humide compl\u00e8te et \u00e9quilibr\u00e9e, sp\u00e9cialement formul\u00e9e pour couvrir les besoins des chatons.  Si votre chaton est \u00e2g\u00e9 de moins d'un an, il est dans la phase au cours de laquelle les changements physiques et comportementaux sont les plus importants.  Il lui faut donc une nourriture sp\u00e9cifique qui contribuera \u00e0 une croissance \u00e0 la fois robuste et saine.  &nbsp;","og_url":"https:\/\/www.vetorino.com\/veterinaire\/beugnies-59216\/boutique\/product\/advance-chat-kitten-poulet-sachets\/","og_site_name":"V\u00e9torino","article_publisher":"https:\/\/www.facebook.com\/Vetorino\/","article_modified_time":"2026-01-06T09:05:38+00:00","og_image":[{"width":1024,"height":1024,"url":"https:\/\/www.vetorino.com\/boutique\/wp-content\/uploads\/2025\/06\/advance-sachet-chat-kitten-poulet1-1.jpg","type":"image\/jpeg"}],"twitter_card":"summary_large_image","twitter_misc":{"Disponibilit\u00e9":"En stock"},"schema":{"@context":"https:\/\/schema.org","@graph":[{"@type":"WebPage","@id":"https:\/\/www.vetorino.com\/veterinaire\/briancon-05100\/boutique\/product\/advance-chat-kitten-poulet-sachets\/","url":"https:\/\/www.vetorino.com\/veterinaire\/briancon-05100\/boutique\/product\/advance-chat-kitten-poulet-sachets\/","name":"Chat Kitten Poulet Advance - V\u00e9torino","isPartOf":{"@id":"https:\/\/www.vetorino.com\/boutique\/#website"},"primaryImageOfPage":{"@id":"https:\/\/www.vetorino.com\/veterinaire\/briancon-05100\/boutique\/product\/advance-chat-kitten-poulet-sachets\/#primaryimage"},"image":{"@id":"https:\/\/www.vetorino.com\/veterinaire\/briancon-05100\/boutique\/product\/advance-chat-kitten-poulet-sachets\/#primaryimage"},"thumbnailUrl":"https:\/\/www.vetorino.com\/boutique\/wp-content\/uploads\/2025\/06\/advance-sachet-chat-kitten-poulet1-1.jpg","datePublished":"2025-06-13T03:35:07+00:00","dateModified":"2026-01-06T09:05:38+00:00","description":"ADVANCE Wet Kitten est une recette humide compl\u00e8te et \u00e9quilibr\u00e9e, sp\u00e9cialement formul\u00e9e pour couvrir les besoins des chatons. Si votre chaton est \u00e2g\u00e9 de moins d'un an, il est dans la phase au cours de laquelle les changements physiques et comportementaux sont les plus importants. Il lui faut donc une nourriture sp\u00e9cifique qui contribuera \u00e0 une croissance \u00e0 la fois robuste et saine. &nbsp;","breadcrumb":{"@id":"https:\/\/www.vetorino.com\/veterinaire\/briancon-05100\/boutique\/product\/advance-chat-kitten-poulet-sachets\/#breadcrumb"},"inLanguage":"fr-FR","potentialAction":[{"@type":"ReadAction","target":["https:\/\/www.vetorino.com\/veterinaire\/briancon-05100\/boutique\/product\/advance-chat-kitten-poulet-sachets\/"]}]},{"@type":"ImageObject","inLanguage":"fr-FR","@id":"https:\/\/www.vetorino.com\/veterinaire\/briancon-05100\/boutique\/product\/advance-chat-kitten-poulet-sachets\/#primaryimage","url":"https:\/\/www.vetorino.com\/boutique\/wp-content\/uploads\/2025\/06\/advance-sachet-chat-kitten-poulet1-1.jpg","contentUrl":"https:\/\/www.vetorino.com\/boutique\/wp-content\/uploads\/2025\/06\/advance-sachet-chat-kitten-poulet1-1.jpg","width":1024,"height":1024},{"@type":"BreadcrumbList","@id":"https:\/\/www.vetorino.com\/veterinaire\/briancon-05100\/boutique\/product\/advance-chat-kitten-poulet-sachets\/#breadcrumb","itemListElement":[{"@type":"ListItem","position":1,"name":"Accueil","item":"https:\/\/www.vetorino.com\/boutique\/"},{"@type":"ListItem","position":2,"name":"Produits","item":"https:\/\/www.vetorino.com\/boutique\/"},{"@type":"ListItem","position":3,"name":"Chat Kitten Poulet"}]},{"@type":"WebSite","@id":"https:\/\/www.vetorino.com\/boutique\/#website","url":"https:\/\/www.vetorino.com\/boutique\/","name":"V\u00e9torino","description":"","publisher":{"@id":"https:\/\/www.vetorino.com\/boutique\/#organization"},"potentialAction":[{"@type":"SearchAction","target":{"@type":"EntryPoint","urlTemplate":"https:\/\/www.vetorino.com\/boutique\/?s={search_term_string}"},"query-input":{"@type":"PropertyValueSpecification","valueRequired":true,"valueName":"search_term_string"}}],"inLanguage":"fr-FR"},{"@type":"Organization","@id":"https:\/\/www.vetorino.com\/boutique\/#organization","name":"V\u00e9torino","url":"https:\/\/www.vetorino.com\/boutique\/","logo":{"@type":"ImageObject","inLanguage":"fr-FR","@id":"https:\/\/www.vetorino.com\/boutique\/#\/schema\/logo\/image\/","url":"https:\/\/www.vetorino.com\/boutique\/wp-content\/uploads\/2024\/10\/logo.jpg","contentUrl":"https:\/\/www.vetorino.com\/boutique\/wp-content\/uploads\/2024\/10\/logo.jpg","width":1200,"height":610,"caption":"V\u00e9torino"},"image":{"@id":"https:\/\/www.vetorino.com\/boutique\/#\/schema\/logo\/image\/"},"sameAs":["https:\/\/www.facebook.com\/Vetorino\/","https:\/\/www.instagram.com\/vetorino_off\/","https:\/\/www.linkedin.com\/company\/vtorino\/"]}]},"product_brand":"Advance","og_availability":"instock","product_availability":"instock","product_condition":"new"},"_links":{"self":[{"href":"https:\/\/www.vetorino.com\/veterinaire\/beugnies-59216\/boutique\/wp-json\/wp\/v2\/product\/1371352","targetHints":{"allow":["GET"]}}],"collection":[{"href":"https:\/\/www.vetorino.com\/veterinaire\/beugnies-59216\/boutique\/wp-json\/wp\/v2\/product"}],"about":[{"href":"https:\/\/www.vetorino.com\/veterinaire\/beugnies-59216\/boutique\/wp-json\/wp\/v2\/types\/product"}],"wp:featuredmedia":[{"embeddable":true,"href":"https:\/\/www.vetorino.com\/veterinaire\/beugnies-59216\/boutique\/wp-json\/wp\/v2\/media\/1371825"}],"wp:attachment":[{"href":"https:\/\/www.vetorino.com\/veterinaire\/beugnies-59216\/boutique\/wp-json\/wp\/v2\/media?parent=1371352"}],"wp:term":[{"taxonomy":"product_cat","embeddable":true,"href":"https:\/\/www.vetorino.com\/veterinaire\/beugnies-59216\/boutique\/wp-json\/wp\/v2\/product_cat?post=1371352"},{"taxonomy":"product_tag","embeddable":true,"href":"https:\/\/www.vetorino.com\/veterinaire\/beugnies-59216\/boutique\/wp-json\/wp\/v2\/product_tag?post=1371352"}],"curies":[{"name":"wp","href":"https:\/\/api.w.org\/{rel}","templated":true}]}}