{"id":1373916,"date":"2025-06-15T05:35:05","date_gmt":"2025-06-15T03:35:05","guid":{"rendered":"https:\/\/www.vetorino.com\/boutique\/product\/tonivet-chien-adulte-maxi-2\/"},"modified":"2025-07-01T17:18:44","modified_gmt":"2025-07-01T15:18:44","slug":"tonivet-chien-adulte-maxi-2","status":"publish","type":"product","link":"https:\/\/www.vetorino.com\/veterinaire\/beugnies-59216\/boutique\/product\/tonivet-chien-adulte-maxi-2\/","title":{"rendered":"Chien Adulte Maxi Poulet"},"content":{"rendered":"<p>Tonivet Chien Adulte Maxi pr\u00e9sente des<strong> croquettes adapt\u00e9es \u00e0 la morphologie des chiens de grande taille<\/strong> permettant une meilleure mastication et limitant d\u2019\u00e9ventuels probl\u00e8mes gastriques.<\/p>\n<p>Parfaitement \u00e9quilibr\u00e9es, elles<strong> contribuent \u00e0 une digestion optimale<\/strong> et aide au bon \u00e9quilibre de la flore intestinale. Elles<strong> favorisent un pelage et une peau saine<\/strong> (\u03a96, \u03a93, acides amin\u00e9s soufr\u00e9s, vitamine B) et le<strong> soutien articulaire<\/strong> (chondroprotecteurs).<\/p>\n<p>Cette recette est une formulation unique faible en glucides assimilables et \u00e9labor\u00e9e pour r\u00e9pondre au mieux au statut carnivore du chien. Les croquettes Tonivet Chien Adulte Maxi sont <strong>riches en prot\u00e9ines animales faciles \u00e0 dig\u00e9rer<\/strong> et avec une teneur en cendres raisonn\u00e9e.<\/p>\n<p><strong>Les avantages des croquettes Tonivet Chien Adulte Maxi :<\/strong><\/p>\n<ul>\n<li>Pour chien adulte de grande taille<\/li>\n<li>Chien de 15 mois jusqu&#8217;\u00e0 6 ans : &gt; 25 kg<\/li>\n<li>Riches en prot\u00e9ines<\/li>\n<li>Pauvre en glucides<\/li>\n<li>Immunit\u00e9 digestive gr\u00e2ce aux pr\u00e9biotiques<\/li>\n<li>Articulations : Glucosamine et Chondro\u00eftine<\/li>\n<li>Taille de la croquette adapt\u00e9e \u00e0 la morphologie<\/li>\n<li>Antioxydants d&#8217;origine naturelle sans colorants ni ar\u00f4mes synth\u00e9tiques<\/li>\n<li>Taille des croquettes : 24 mm<\/li>\n<\/ul>\n","protected":false},"excerpt":{"rendered":"<p>Tonivet Chien Adulte Maxi est <strong>adapt\u00e9 aux chiens de grande taille<\/strong> gr\u00e2ce \u00e0 des croquettes con\u00e7ues pour leur morphologie.<\/p>\n<p>Il <strong>favorise la digestion<\/strong>, \u00e9quilibre la flore intestinale et s\u00e9duit les app\u00e9tits difficiles par son excellente app\u00e9tence.<\/p>\n<p>Sa formule <strong>soutient la sant\u00e9 de la peau, du pelage et des articulations.<\/strong><\/p>\n","protected":false},"featured_media":1397678,"template":"","meta":[],"product_cat":[12552,12584,2698],"product_tag":[],"class_list":{"0":"post-1373916","1":"product","2":"type-product","3":"status-publish","4":"has-post-thumbnail","6":"product_cat-alimentation-du-chien","7":"product_cat-alimentation-premium-pour-chien","8":"product_cat-chien","9":"pa_marque-tonivet","11":"first","12":"instock","13":"taxable","14":"shipping-taxable","15":"purchasable","16":"product-type-variable"},"yoast_head":"<!-- This site is optimized with the Yoast SEO plugin v27.3 - https:\/\/yoast.com\/product\/yoast-seo-wordpress\/ -->\n<title>Chien Adulte Maxi Poulet Tonivet - V\u00e9torino<\/title>\n<meta name=\"description\" content=\"Tonivet Chien Adulte Maxi est adapt\u00e9 aux chiens de grande taille gr\u00e2ce \u00e0 des croquettes con\u00e7ues pour leur morphologie.  Il favorise la digestion, \u00e9quilibre la flore intestinale et s\u00e9duit les app\u00e9tits difficiles par son excellente app\u00e9tence.  Sa formule soutient la sant\u00e9 de la peau, du pelage et des articulations.\" \/>\n<meta name=\"robots\" content=\"noindex, nofollow\" \/>\n<meta property=\"og:locale\" content=\"fr_FR\" \/>\n<meta property=\"og:type\" content=\"article\" \/>\n<meta property=\"og:title\" content=\"Chien Adulte Maxi Poulet Tonivet - V\u00e9torino\" \/>\n<meta property=\"og:description\" content=\"Tonivet Chien Adulte Maxi est adapt\u00e9 aux chiens de grande taille gr\u00e2ce \u00e0 des croquettes con\u00e7ues pour leur morphologie.  Il favorise la digestion, \u00e9quilibre la flore intestinale et s\u00e9duit les app\u00e9tits difficiles par son excellente app\u00e9tence.  Sa formule soutient la sant\u00e9 de la peau, du pelage et des articulations.\" \/>\n<meta property=\"og:url\" content=\"https:\/\/www.vetorino.com\/veterinaire\/beugnies-59216\/boutique\/product\/tonivet-chien-adulte-maxi-2\/\" \/>\n<meta property=\"og:site_name\" content=\"V\u00e9torino\" \/>\n<meta property=\"article:publisher\" content=\"https:\/\/www.facebook.com\/Vetorino\/\" \/>\n<meta property=\"article:modified_time\" content=\"2025-07-01T15:18:44+00:00\" \/>\n<meta property=\"og:image\" content=\"https:\/\/www.vetorino.com\/boutique\/wp-content\/uploads\/2025\/06\/tonivet-chien-adulte-maxi-poulet-4.webp\" \/>\n\t<meta property=\"og:image:width\" content=\"800\" \/>\n\t<meta property=\"og:image:height\" content=\"800\" \/>\n\t<meta property=\"og:image:type\" content=\"image\/webp\" \/>\n<meta name=\"twitter:card\" content=\"summary_large_image\" \/>\n<meta name=\"twitter:label1\" content=\"Disponibilit\u00e9\" \/>\n\t<meta name=\"twitter:data1\" content=\"En stock\" \/>\n<script type=\"application\/ld+json\" class=\"yoast-schema-graph\">{\"@context\":\"https:\\\/\\\/schema.org\",\"@graph\":[{\"@type\":\"WebPage\",\"@id\":\"https:\\\/\\\/www.vetorino.com\\\/boutique\\\/product\\\/tonivet-chien-adulte-maxi-2\\\/\",\"url\":\"https:\\\/\\\/www.vetorino.com\\\/boutique\\\/product\\\/tonivet-chien-adulte-maxi-2\\\/\",\"name\":\"Chien Adulte Maxi Poulet Tonivet - V\u00e9torino\",\"isPartOf\":{\"@id\":\"https:\\\/\\\/www.vetorino.com\\\/boutique\\\/#website\"},\"primaryImageOfPage\":{\"@id\":\"https:\\\/\\\/www.vetorino.com\\\/boutique\\\/product\\\/tonivet-chien-adulte-maxi-2\\\/#primaryimage\"},\"image\":{\"@id\":\"https:\\\/\\\/www.vetorino.com\\\/boutique\\\/product\\\/tonivet-chien-adulte-maxi-2\\\/#primaryimage\"},\"thumbnailUrl\":\"https:\\\/\\\/www.vetorino.com\\\/boutique\\\/wp-content\\\/uploads\\\/2025\\\/06\\\/tonivet-chien-adulte-maxi-poulet-4.webp\",\"datePublished\":\"2025-06-15T03:35:05+00:00\",\"dateModified\":\"2025-07-01T15:18:44+00:00\",\"description\":\"Tonivet Chien Adulte Maxi est adapt\u00e9 aux chiens de grande taille gr\u00e2ce \u00e0 des croquettes con\u00e7ues pour leur morphologie. Il favorise la digestion, \u00e9quilibre la flore intestinale et s\u00e9duit les app\u00e9tits difficiles par son excellente app\u00e9tence. Sa formule soutient la sant\u00e9 de la peau, du pelage et des articulations.\",\"breadcrumb\":{\"@id\":\"https:\\\/\\\/www.vetorino.com\\\/boutique\\\/product\\\/tonivet-chien-adulte-maxi-2\\\/#breadcrumb\"},\"inLanguage\":\"fr-FR\",\"potentialAction\":[{\"@type\":\"ReadAction\",\"target\":[\"https:\\\/\\\/www.vetorino.com\\\/boutique\\\/product\\\/tonivet-chien-adulte-maxi-2\\\/\"]}]},{\"@type\":\"ImageObject\",\"inLanguage\":\"fr-FR\",\"@id\":\"https:\\\/\\\/www.vetorino.com\\\/boutique\\\/product\\\/tonivet-chien-adulte-maxi-2\\\/#primaryimage\",\"url\":\"https:\\\/\\\/www.vetorino.com\\\/boutique\\\/wp-content\\\/uploads\\\/2025\\\/06\\\/tonivet-chien-adulte-maxi-poulet-4.webp\",\"contentUrl\":\"https:\\\/\\\/www.vetorino.com\\\/boutique\\\/wp-content\\\/uploads\\\/2025\\\/06\\\/tonivet-chien-adulte-maxi-poulet-4.webp\",\"width\":800,\"height\":800},{\"@type\":\"BreadcrumbList\",\"@id\":\"https:\\\/\\\/www.vetorino.com\\\/boutique\\\/product\\\/tonivet-chien-adulte-maxi-2\\\/#breadcrumb\",\"itemListElement\":[{\"@type\":\"ListItem\",\"position\":1,\"name\":\"Accueil\",\"item\":\"https:\\\/\\\/www.vetorino.com\\\/boutique\\\/\"},{\"@type\":\"ListItem\",\"position\":2,\"name\":\"Produits\",\"item\":\"https:\\\/\\\/www.vetorino.com\\\/boutique\\\/\"},{\"@type\":\"ListItem\",\"position\":3,\"name\":\"Chien Adulte Maxi Poulet\"}]},{\"@type\":\"WebSite\",\"@id\":\"https:\\\/\\\/www.vetorino.com\\\/boutique\\\/#website\",\"url\":\"https:\\\/\\\/www.vetorino.com\\\/boutique\\\/\",\"name\":\"V\u00e9torino\",\"description\":\"\",\"publisher\":{\"@id\":\"https:\\\/\\\/www.vetorino.com\\\/boutique\\\/#organization\"},\"potentialAction\":[{\"@type\":\"SearchAction\",\"target\":{\"@type\":\"EntryPoint\",\"urlTemplate\":\"https:\\\/\\\/www.vetorino.com\\\/boutique\\\/?s={search_term_string}\"},\"query-input\":{\"@type\":\"PropertyValueSpecification\",\"valueRequired\":true,\"valueName\":\"search_term_string\"}}],\"inLanguage\":\"fr-FR\"},{\"@type\":\"Organization\",\"@id\":\"https:\\\/\\\/www.vetorino.com\\\/boutique\\\/#organization\",\"name\":\"V\u00e9torino\",\"url\":\"https:\\\/\\\/www.vetorino.com\\\/boutique\\\/\",\"logo\":{\"@type\":\"ImageObject\",\"inLanguage\":\"fr-FR\",\"@id\":\"https:\\\/\\\/www.vetorino.com\\\/boutique\\\/#\\\/schema\\\/logo\\\/image\\\/\",\"url\":\"https:\\\/\\\/www.vetorino.com\\\/boutique\\\/wp-content\\\/uploads\\\/2024\\\/10\\\/logo.jpg\",\"contentUrl\":\"https:\\\/\\\/www.vetorino.com\\\/boutique\\\/wp-content\\\/uploads\\\/2024\\\/10\\\/logo.jpg\",\"width\":1200,\"height\":610,\"caption\":\"V\u00e9torino\"},\"image\":{\"@id\":\"https:\\\/\\\/www.vetorino.com\\\/boutique\\\/#\\\/schema\\\/logo\\\/image\\\/\"},\"sameAs\":[\"https:\\\/\\\/www.facebook.com\\\/Vetorino\\\/\",\"https:\\\/\\\/www.instagram.com\\\/vetorino_off\\\/\",\"https:\\\/\\\/www.linkedin.com\\\/company\\\/vtorino\\\/\"]}]}<\/script>\n<meta property=\"product:brand\" content=\"Tonivet\" \/>\n<meta property=\"og:availability\" content=\"instock\" \/>\n<meta property=\"product:availability\" content=\"instock\" \/>\n<meta property=\"product:condition\" content=\"new\" \/>\n<!-- \/ Yoast SEO plugin. -->","yoast_head_json":{"title":"Chien Adulte Maxi Poulet Tonivet - V\u00e9torino","description":"Tonivet Chien Adulte Maxi est adapt\u00e9 aux chiens de grande taille gr\u00e2ce \u00e0 des croquettes con\u00e7ues pour leur morphologie.  Il favorise la digestion, \u00e9quilibre la flore intestinale et s\u00e9duit les app\u00e9tits difficiles par son excellente app\u00e9tence.  Sa formule soutient la sant\u00e9 de la peau, du pelage et des articulations.","robots":{"index":"noindex","follow":"nofollow"},"og_locale":"fr_FR","og_type":"article","og_title":"Chien Adulte Maxi Poulet Tonivet - V\u00e9torino","og_description":"Tonivet Chien Adulte Maxi est adapt\u00e9 aux chiens de grande taille gr\u00e2ce \u00e0 des croquettes con\u00e7ues pour leur morphologie.  Il favorise la digestion, \u00e9quilibre la flore intestinale et s\u00e9duit les app\u00e9tits difficiles par son excellente app\u00e9tence.  Sa formule soutient la sant\u00e9 de la peau, du pelage et des articulations.","og_url":"https:\/\/www.vetorino.com\/veterinaire\/beugnies-59216\/boutique\/product\/tonivet-chien-adulte-maxi-2\/","og_site_name":"V\u00e9torino","article_publisher":"https:\/\/www.facebook.com\/Vetorino\/","article_modified_time":"2025-07-01T15:18:44+00:00","og_image":[{"width":800,"height":800,"url":"https:\/\/www.vetorino.com\/boutique\/wp-content\/uploads\/2025\/06\/tonivet-chien-adulte-maxi-poulet-4.webp","type":"image\/webp"}],"twitter_card":"summary_large_image","twitter_misc":{"Disponibilit\u00e9":"En stock"},"schema":{"@context":"https:\/\/schema.org","@graph":[{"@type":"WebPage","@id":"https:\/\/www.vetorino.com\/boutique\/product\/tonivet-chien-adulte-maxi-2\/","url":"https:\/\/www.vetorino.com\/boutique\/product\/tonivet-chien-adulte-maxi-2\/","name":"Chien Adulte Maxi Poulet Tonivet - V\u00e9torino","isPartOf":{"@id":"https:\/\/www.vetorino.com\/boutique\/#website"},"primaryImageOfPage":{"@id":"https:\/\/www.vetorino.com\/boutique\/product\/tonivet-chien-adulte-maxi-2\/#primaryimage"},"image":{"@id":"https:\/\/www.vetorino.com\/boutique\/product\/tonivet-chien-adulte-maxi-2\/#primaryimage"},"thumbnailUrl":"https:\/\/www.vetorino.com\/boutique\/wp-content\/uploads\/2025\/06\/tonivet-chien-adulte-maxi-poulet-4.webp","datePublished":"2025-06-15T03:35:05+00:00","dateModified":"2025-07-01T15:18:44+00:00","description":"Tonivet Chien Adulte Maxi est adapt\u00e9 aux chiens de grande taille gr\u00e2ce \u00e0 des croquettes con\u00e7ues pour leur morphologie. Il favorise la digestion, \u00e9quilibre la flore intestinale et s\u00e9duit les app\u00e9tits difficiles par son excellente app\u00e9tence. Sa formule soutient la sant\u00e9 de la peau, du pelage et des articulations.","breadcrumb":{"@id":"https:\/\/www.vetorino.com\/boutique\/product\/tonivet-chien-adulte-maxi-2\/#breadcrumb"},"inLanguage":"fr-FR","potentialAction":[{"@type":"ReadAction","target":["https:\/\/www.vetorino.com\/boutique\/product\/tonivet-chien-adulte-maxi-2\/"]}]},{"@type":"ImageObject","inLanguage":"fr-FR","@id":"https:\/\/www.vetorino.com\/boutique\/product\/tonivet-chien-adulte-maxi-2\/#primaryimage","url":"https:\/\/www.vetorino.com\/boutique\/wp-content\/uploads\/2025\/06\/tonivet-chien-adulte-maxi-poulet-4.webp","contentUrl":"https:\/\/www.vetorino.com\/boutique\/wp-content\/uploads\/2025\/06\/tonivet-chien-adulte-maxi-poulet-4.webp","width":800,"height":800},{"@type":"BreadcrumbList","@id":"https:\/\/www.vetorino.com\/boutique\/product\/tonivet-chien-adulte-maxi-2\/#breadcrumb","itemListElement":[{"@type":"ListItem","position":1,"name":"Accueil","item":"https:\/\/www.vetorino.com\/boutique\/"},{"@type":"ListItem","position":2,"name":"Produits","item":"https:\/\/www.vetorino.com\/boutique\/"},{"@type":"ListItem","position":3,"name":"Chien Adulte Maxi Poulet"}]},{"@type":"WebSite","@id":"https:\/\/www.vetorino.com\/boutique\/#website","url":"https:\/\/www.vetorino.com\/boutique\/","name":"V\u00e9torino","description":"","publisher":{"@id":"https:\/\/www.vetorino.com\/boutique\/#organization"},"potentialAction":[{"@type":"SearchAction","target":{"@type":"EntryPoint","urlTemplate":"https:\/\/www.vetorino.com\/boutique\/?s={search_term_string}"},"query-input":{"@type":"PropertyValueSpecification","valueRequired":true,"valueName":"search_term_string"}}],"inLanguage":"fr-FR"},{"@type":"Organization","@id":"https:\/\/www.vetorino.com\/boutique\/#organization","name":"V\u00e9torino","url":"https:\/\/www.vetorino.com\/boutique\/","logo":{"@type":"ImageObject","inLanguage":"fr-FR","@id":"https:\/\/www.vetorino.com\/boutique\/#\/schema\/logo\/image\/","url":"https:\/\/www.vetorino.com\/boutique\/wp-content\/uploads\/2024\/10\/logo.jpg","contentUrl":"https:\/\/www.vetorino.com\/boutique\/wp-content\/uploads\/2024\/10\/logo.jpg","width":1200,"height":610,"caption":"V\u00e9torino"},"image":{"@id":"https:\/\/www.vetorino.com\/boutique\/#\/schema\/logo\/image\/"},"sameAs":["https:\/\/www.facebook.com\/Vetorino\/","https:\/\/www.instagram.com\/vetorino_off\/","https:\/\/www.linkedin.com\/company\/vtorino\/"]}]},"product_brand":"Tonivet","og_availability":"instock","product_availability":"instock","product_condition":"new"},"_links":{"self":[{"href":"https:\/\/www.vetorino.com\/veterinaire\/beugnies-59216\/boutique\/wp-json\/wp\/v2\/product\/1373916","targetHints":{"allow":["GET"]}}],"collection":[{"href":"https:\/\/www.vetorino.com\/veterinaire\/beugnies-59216\/boutique\/wp-json\/wp\/v2\/product"}],"about":[{"href":"https:\/\/www.vetorino.com\/veterinaire\/beugnies-59216\/boutique\/wp-json\/wp\/v2\/types\/product"}],"wp:featuredmedia":[{"embeddable":true,"href":"https:\/\/www.vetorino.com\/veterinaire\/beugnies-59216\/boutique\/wp-json\/wp\/v2\/media\/1397678"}],"wp:attachment":[{"href":"https:\/\/www.vetorino.com\/veterinaire\/beugnies-59216\/boutique\/wp-json\/wp\/v2\/media?parent=1373916"}],"wp:term":[{"taxonomy":"product_cat","embeddable":true,"href":"https:\/\/www.vetorino.com\/veterinaire\/beugnies-59216\/boutique\/wp-json\/wp\/v2\/product_cat?post=1373916"},{"taxonomy":"product_tag","embeddable":true,"href":"https:\/\/www.vetorino.com\/veterinaire\/beugnies-59216\/boutique\/wp-json\/wp\/v2\/product_tag?post=1373916"}],"curies":[{"name":"wp","href":"https:\/\/api.w.org\/{rel}","templated":true}]}}