{"id":1466891,"date":"2025-08-27T17:18:51","date_gmt":"2025-08-27T15:18:51","guid":{"rendered":"https:\/\/www.vetorino.com\/boutique\/product\/harnais-vetopop-chat-noir-orange\/"},"modified":"2025-08-29T11:47:40","modified_gmt":"2025-08-29T09:47:40","slug":"harnais-vetopop-chat-noir-orange","status":"publish","type":"product","link":"https:\/\/www.vetorino.com\/veterinaire\/beugnies-59216\/boutique\/product\/harnais-vetopop-chat-noir-orange\/","title":{"rendered":"Harnais Pop Orange \u2013 chat, lapin"},"content":{"rendered":"<div class=\"woocommerce-product-details__short-description\">\n<p><strong>Harnais r\u00e9glable pour chat de couleur vive orange, en H, pour une pose rapide et un grand confort de votre animal.<\/strong><\/p>\n<p><strong>Caract\u00e9ristiques :\u00a0<\/strong><\/p>\n<ul>\n<li>Confortable, r\u00e9sistant et l\u00e9ger.<\/li>\n<li>Longueur r\u00e9glable de 30 \u00e0 40 cm<\/li>\n<li>Mati\u00e8re en nylon tress\u00e9, boucle plastique et anneau D en nickel.<\/li>\n<li>Propos\u00e9 en 3 coloris.<\/li>\n<\/ul>\n<\/div>\n<div class=\"d-flex my-4 align-items-center\"><\/div>\n","protected":false},"excerpt":{"rendered":"<div class=\"woocommerce-product-details__short-description\">\n<p><strong>Harnais r\u00e9glable pour chat de couleur vive orange, en H, pour une pose rapide et un grand confort de votre animal.<\/strong><\/p>\n<p><strong>Caract\u00e9ristiques :\u00a0<\/strong><\/p>\n<ul>\n<li>Confortable, r\u00e9sistant et l\u00e9ger.<\/li>\n<li>Longueur r\u00e9glable de 30 \u00e0 40 cm<\/li>\n<li>Mati\u00e8re en nylon tress\u00e9, boucle plastique et anneau D en nickel.<\/li>\n<li>Propos\u00e9 en 3 coloris.<\/li>\n<\/ul>\n<\/div>\n","protected":false},"featured_media":1469321,"template":"","meta":[],"product_cat":[12548,12574,2697,12563,15841,12631],"product_tag":[],"class_list":{"0":"post-1466891","1":"product","2":"type-product","3":"status-publish","4":"has-post-thumbnail","6":"product_cat-accessoire-du-chat","7":"product_cat-accessoire-pour-lapin","8":"product_cat-chat","9":"product_cat-lapin","10":"product_cat-lapins","11":"product_cat-sortie-du-chat","12":"pa_marque-vetopop","14":"first","15":"instock","16":"taxable","17":"shipping-taxable","18":"purchasable","19":"product-type-simple"},"yoast_head":"<!-- This site is optimized with the Yoast SEO plugin v27.3 - https:\/\/yoast.com\/product\/yoast-seo-wordpress\/ -->\n<title>Harnais Pop Orange \u2013 chat, lapin V\u00e9topop - V\u00e9torino<\/title>\n<meta name=\"description\" content=\"Harnais r\u00e9glable pour chat de couleur vive orange, en H, pour une pose rapide et un grand confort de votre animal.  Caract\u00e9ristiques :\u00a0   Confortable, r\u00e9sistant et l\u00e9ger.  Longueur r\u00e9glable de 30 \u00e0 40 cm  Mati\u00e8re en nylon tress\u00e9, boucle plastique et anneau D en nickel.  Propos\u00e9 en 3 coloris.\" \/>\n<meta name=\"robots\" content=\"noindex, nofollow\" \/>\n<meta property=\"og:locale\" content=\"fr_FR\" \/>\n<meta property=\"og:type\" content=\"article\" \/>\n<meta property=\"og:title\" content=\"Harnais Pop Orange \u2013 chat, lapin V\u00e9topop - V\u00e9torino\" \/>\n<meta property=\"og:description\" content=\"Harnais r\u00e9glable pour chat de couleur vive orange, en H, pour une pose rapide et un grand confort de votre animal.  Caract\u00e9ristiques :\u00a0   Confortable, r\u00e9sistant et l\u00e9ger.  Longueur r\u00e9glable de 30 \u00e0 40 cm  Mati\u00e8re en nylon tress\u00e9, boucle plastique et anneau D en nickel.  Propos\u00e9 en 3 coloris.\" \/>\n<meta property=\"og:url\" content=\"https:\/\/www.vetorino.com\/veterinaire\/beugnies-59216\/boutique\/product\/harnais-vetopop-chat-noir-orange\/\" \/>\n<meta property=\"og:site_name\" content=\"V\u00e9torino\" \/>\n<meta property=\"article:publisher\" content=\"https:\/\/www.facebook.com\/Vetorino\/\" \/>\n<meta property=\"article:modified_time\" content=\"2025-08-29T09:47:40+00:00\" \/>\n<meta property=\"og:image\" content=\"https:\/\/www.vetorino.com\/boutique\/wp-content\/uploads\/2025\/08\/harnais-pop-cat-copie-2-1.jpg\" \/>\n\t<meta property=\"og:image:width\" content=\"700\" \/>\n\t<meta property=\"og:image:height\" content=\"700\" \/>\n\t<meta property=\"og:image:type\" content=\"image\/jpeg\" \/>\n<meta name=\"twitter:card\" content=\"summary_large_image\" \/>\n<meta name=\"twitter:label1\" content=\"Prix\" \/>\n\t<meta name=\"twitter:data1\" content=\"8,33&euro;\" \/>\n\t<meta name=\"twitter:label2\" content=\"Disponibilit\u00e9\" \/>\n\t<meta name=\"twitter:data2\" content=\"En stock\" \/>\n<script type=\"application\/ld+json\" class=\"yoast-schema-graph\">{\"@context\":\"https:\\\/\\\/schema.org\",\"@graph\":[{\"@type\":\"WebPage\",\"@id\":\"https:\\\/\\\/www.vetorino.com\\\/veterinaire\\\/pontarlier-25300\\\/boutique\\\/product\\\/harnais-vetopop-chat-noir-orange\\\/\",\"url\":\"https:\\\/\\\/www.vetorino.com\\\/veterinaire\\\/pontarlier-25300\\\/boutique\\\/product\\\/harnais-vetopop-chat-noir-orange\\\/\",\"name\":\"Harnais Pop Orange \u2013 chat, lapin V\u00e9topop - V\u00e9torino\",\"isPartOf\":{\"@id\":\"https:\\\/\\\/www.vetorino.com\\\/boutique\\\/#website\"},\"primaryImageOfPage\":{\"@id\":\"https:\\\/\\\/www.vetorino.com\\\/veterinaire\\\/pontarlier-25300\\\/boutique\\\/product\\\/harnais-vetopop-chat-noir-orange\\\/#primaryimage\"},\"image\":{\"@id\":\"https:\\\/\\\/www.vetorino.com\\\/veterinaire\\\/pontarlier-25300\\\/boutique\\\/product\\\/harnais-vetopop-chat-noir-orange\\\/#primaryimage\"},\"thumbnailUrl\":\"https:\\\/\\\/www.vetorino.com\\\/boutique\\\/wp-content\\\/uploads\\\/2025\\\/08\\\/harnais-pop-cat-copie-2-1.jpg\",\"datePublished\":\"2025-08-27T15:18:51+00:00\",\"dateModified\":\"2025-08-29T09:47:40+00:00\",\"description\":\"Harnais r\u00e9glable pour chat de couleur vive orange, en H, pour une pose rapide et un grand confort de votre animal. Caract\u00e9ristiques :\u00a0 Confortable, r\u00e9sistant et l\u00e9ger. Longueur r\u00e9glable de 30 \u00e0 40 cm Mati\u00e8re en nylon tress\u00e9, boucle plastique et anneau D en nickel. Propos\u00e9 en 3 coloris.\",\"breadcrumb\":{\"@id\":\"https:\\\/\\\/www.vetorino.com\\\/veterinaire\\\/pontarlier-25300\\\/boutique\\\/product\\\/harnais-vetopop-chat-noir-orange\\\/#breadcrumb\"},\"inLanguage\":\"fr-FR\",\"potentialAction\":[{\"@type\":\"ReadAction\",\"target\":[\"https:\\\/\\\/www.vetorino.com\\\/veterinaire\\\/pontarlier-25300\\\/boutique\\\/product\\\/harnais-vetopop-chat-noir-orange\\\/\"]}]},{\"@type\":\"ImageObject\",\"inLanguage\":\"fr-FR\",\"@id\":\"https:\\\/\\\/www.vetorino.com\\\/veterinaire\\\/pontarlier-25300\\\/boutique\\\/product\\\/harnais-vetopop-chat-noir-orange\\\/#primaryimage\",\"url\":\"https:\\\/\\\/www.vetorino.com\\\/boutique\\\/wp-content\\\/uploads\\\/2025\\\/08\\\/harnais-pop-cat-copie-2-1.jpg\",\"contentUrl\":\"https:\\\/\\\/www.vetorino.com\\\/boutique\\\/wp-content\\\/uploads\\\/2025\\\/08\\\/harnais-pop-cat-copie-2-1.jpg\",\"width\":700,\"height\":700},{\"@type\":\"BreadcrumbList\",\"@id\":\"https:\\\/\\\/www.vetorino.com\\\/veterinaire\\\/pontarlier-25300\\\/boutique\\\/product\\\/harnais-vetopop-chat-noir-orange\\\/#breadcrumb\",\"itemListElement\":[{\"@type\":\"ListItem\",\"position\":1,\"name\":\"Accueil\",\"item\":\"https:\\\/\\\/www.vetorino.com\\\/boutique\\\/\"},{\"@type\":\"ListItem\",\"position\":2,\"name\":\"Produits\",\"item\":\"https:\\\/\\\/www.vetorino.com\\\/boutique\\\/\"},{\"@type\":\"ListItem\",\"position\":3,\"name\":\"Harnais Pop Orange \u2013 chat, lapin\"}]},{\"@type\":\"WebSite\",\"@id\":\"https:\\\/\\\/www.vetorino.com\\\/boutique\\\/#website\",\"url\":\"https:\\\/\\\/www.vetorino.com\\\/boutique\\\/\",\"name\":\"V\u00e9torino\",\"description\":\"\",\"publisher\":{\"@id\":\"https:\\\/\\\/www.vetorino.com\\\/boutique\\\/#organization\"},\"potentialAction\":[{\"@type\":\"SearchAction\",\"target\":{\"@type\":\"EntryPoint\",\"urlTemplate\":\"https:\\\/\\\/www.vetorino.com\\\/boutique\\\/?s={search_term_string}\"},\"query-input\":{\"@type\":\"PropertyValueSpecification\",\"valueRequired\":true,\"valueName\":\"search_term_string\"}}],\"inLanguage\":\"fr-FR\"},{\"@type\":\"Organization\",\"@id\":\"https:\\\/\\\/www.vetorino.com\\\/boutique\\\/#organization\",\"name\":\"V\u00e9torino\",\"url\":\"https:\\\/\\\/www.vetorino.com\\\/boutique\\\/\",\"logo\":{\"@type\":\"ImageObject\",\"inLanguage\":\"fr-FR\",\"@id\":\"https:\\\/\\\/www.vetorino.com\\\/boutique\\\/#\\\/schema\\\/logo\\\/image\\\/\",\"url\":\"https:\\\/\\\/www.vetorino.com\\\/boutique\\\/wp-content\\\/uploads\\\/2024\\\/10\\\/logo.jpg\",\"contentUrl\":\"https:\\\/\\\/www.vetorino.com\\\/boutique\\\/wp-content\\\/uploads\\\/2024\\\/10\\\/logo.jpg\",\"width\":1200,\"height\":610,\"caption\":\"V\u00e9torino\"},\"image\":{\"@id\":\"https:\\\/\\\/www.vetorino.com\\\/boutique\\\/#\\\/schema\\\/logo\\\/image\\\/\"},\"sameAs\":[\"https:\\\/\\\/www.facebook.com\\\/Vetorino\\\/\",\"https:\\\/\\\/www.instagram.com\\\/vetorino_off\\\/\",\"https:\\\/\\\/www.linkedin.com\\\/company\\\/vtorino\\\/\"]}]}<\/script>\n<meta property=\"product:brand\" content=\"V\u00e9topop\" \/>\n<meta property=\"product:price:amount\" content=\"8.33\" \/>\n<meta property=\"product:price:currency\" content=\"EUR\" \/>\n<meta property=\"og:availability\" content=\"instock\" \/>\n<meta property=\"product:availability\" content=\"instock\" \/>\n<meta property=\"product:retailer_item_id\" content=\"A-1112160\" \/>\n<meta property=\"product:condition\" content=\"new\" \/>\n<!-- \/ Yoast SEO plugin. -->","yoast_head_json":{"title":"Harnais Pop Orange \u2013 chat, lapin V\u00e9topop - V\u00e9torino","description":"Harnais r\u00e9glable pour chat de couleur vive orange, en H, pour une pose rapide et un grand confort de votre animal.  Caract\u00e9ristiques :\u00a0   Confortable, r\u00e9sistant et l\u00e9ger.  Longueur r\u00e9glable de 30 \u00e0 40 cm  Mati\u00e8re en nylon tress\u00e9, boucle plastique et anneau D en nickel.  Propos\u00e9 en 3 coloris.","robots":{"index":"noindex","follow":"nofollow"},"og_locale":"fr_FR","og_type":"article","og_title":"Harnais Pop Orange \u2013 chat, lapin V\u00e9topop - V\u00e9torino","og_description":"Harnais r\u00e9glable pour chat de couleur vive orange, en H, pour une pose rapide et un grand confort de votre animal.  Caract\u00e9ristiques :\u00a0   Confortable, r\u00e9sistant et l\u00e9ger.  Longueur r\u00e9glable de 30 \u00e0 40 cm  Mati\u00e8re en nylon tress\u00e9, boucle plastique et anneau D en nickel.  Propos\u00e9 en 3 coloris.","og_url":"https:\/\/www.vetorino.com\/veterinaire\/beugnies-59216\/boutique\/product\/harnais-vetopop-chat-noir-orange\/","og_site_name":"V\u00e9torino","article_publisher":"https:\/\/www.facebook.com\/Vetorino\/","article_modified_time":"2025-08-29T09:47:40+00:00","og_image":[{"width":700,"height":700,"url":"https:\/\/www.vetorino.com\/boutique\/wp-content\/uploads\/2025\/08\/harnais-pop-cat-copie-2-1.jpg","type":"image\/jpeg"}],"twitter_card":"summary_large_image","twitter_misc":{"Prix":"8,33&euro;","Disponibilit\u00e9":"En stock"},"schema":{"@context":"https:\/\/schema.org","@graph":[{"@type":"WebPage","@id":"https:\/\/www.vetorino.com\/veterinaire\/pontarlier-25300\/boutique\/product\/harnais-vetopop-chat-noir-orange\/","url":"https:\/\/www.vetorino.com\/veterinaire\/pontarlier-25300\/boutique\/product\/harnais-vetopop-chat-noir-orange\/","name":"Harnais Pop Orange \u2013 chat, lapin V\u00e9topop - V\u00e9torino","isPartOf":{"@id":"https:\/\/www.vetorino.com\/boutique\/#website"},"primaryImageOfPage":{"@id":"https:\/\/www.vetorino.com\/veterinaire\/pontarlier-25300\/boutique\/product\/harnais-vetopop-chat-noir-orange\/#primaryimage"},"image":{"@id":"https:\/\/www.vetorino.com\/veterinaire\/pontarlier-25300\/boutique\/product\/harnais-vetopop-chat-noir-orange\/#primaryimage"},"thumbnailUrl":"https:\/\/www.vetorino.com\/boutique\/wp-content\/uploads\/2025\/08\/harnais-pop-cat-copie-2-1.jpg","datePublished":"2025-08-27T15:18:51+00:00","dateModified":"2025-08-29T09:47:40+00:00","description":"Harnais r\u00e9glable pour chat de couleur vive orange, en H, pour une pose rapide et un grand confort de votre animal. Caract\u00e9ristiques :\u00a0 Confortable, r\u00e9sistant et l\u00e9ger. Longueur r\u00e9glable de 30 \u00e0 40 cm Mati\u00e8re en nylon tress\u00e9, boucle plastique et anneau D en nickel. Propos\u00e9 en 3 coloris.","breadcrumb":{"@id":"https:\/\/www.vetorino.com\/veterinaire\/pontarlier-25300\/boutique\/product\/harnais-vetopop-chat-noir-orange\/#breadcrumb"},"inLanguage":"fr-FR","potentialAction":[{"@type":"ReadAction","target":["https:\/\/www.vetorino.com\/veterinaire\/pontarlier-25300\/boutique\/product\/harnais-vetopop-chat-noir-orange\/"]}]},{"@type":"ImageObject","inLanguage":"fr-FR","@id":"https:\/\/www.vetorino.com\/veterinaire\/pontarlier-25300\/boutique\/product\/harnais-vetopop-chat-noir-orange\/#primaryimage","url":"https:\/\/www.vetorino.com\/boutique\/wp-content\/uploads\/2025\/08\/harnais-pop-cat-copie-2-1.jpg","contentUrl":"https:\/\/www.vetorino.com\/boutique\/wp-content\/uploads\/2025\/08\/harnais-pop-cat-copie-2-1.jpg","width":700,"height":700},{"@type":"BreadcrumbList","@id":"https:\/\/www.vetorino.com\/veterinaire\/pontarlier-25300\/boutique\/product\/harnais-vetopop-chat-noir-orange\/#breadcrumb","itemListElement":[{"@type":"ListItem","position":1,"name":"Accueil","item":"https:\/\/www.vetorino.com\/boutique\/"},{"@type":"ListItem","position":2,"name":"Produits","item":"https:\/\/www.vetorino.com\/boutique\/"},{"@type":"ListItem","position":3,"name":"Harnais Pop Orange \u2013 chat, lapin"}]},{"@type":"WebSite","@id":"https:\/\/www.vetorino.com\/boutique\/#website","url":"https:\/\/www.vetorino.com\/boutique\/","name":"V\u00e9torino","description":"","publisher":{"@id":"https:\/\/www.vetorino.com\/boutique\/#organization"},"potentialAction":[{"@type":"SearchAction","target":{"@type":"EntryPoint","urlTemplate":"https:\/\/www.vetorino.com\/boutique\/?s={search_term_string}"},"query-input":{"@type":"PropertyValueSpecification","valueRequired":true,"valueName":"search_term_string"}}],"inLanguage":"fr-FR"},{"@type":"Organization","@id":"https:\/\/www.vetorino.com\/boutique\/#organization","name":"V\u00e9torino","url":"https:\/\/www.vetorino.com\/boutique\/","logo":{"@type":"ImageObject","inLanguage":"fr-FR","@id":"https:\/\/www.vetorino.com\/boutique\/#\/schema\/logo\/image\/","url":"https:\/\/www.vetorino.com\/boutique\/wp-content\/uploads\/2024\/10\/logo.jpg","contentUrl":"https:\/\/www.vetorino.com\/boutique\/wp-content\/uploads\/2024\/10\/logo.jpg","width":1200,"height":610,"caption":"V\u00e9torino"},"image":{"@id":"https:\/\/www.vetorino.com\/boutique\/#\/schema\/logo\/image\/"},"sameAs":["https:\/\/www.facebook.com\/Vetorino\/","https:\/\/www.instagram.com\/vetorino_off\/","https:\/\/www.linkedin.com\/company\/vtorino\/"]}]},"product_brand":"V\u00e9topop","product_price_amount":"8.33","product_price_currency":"EUR","og_availability":"instock","product_availability":"instock","product_retailer_item_id":"A-1112160","product_condition":"new"},"_links":{"self":[{"href":"https:\/\/www.vetorino.com\/veterinaire\/beugnies-59216\/boutique\/wp-json\/wp\/v2\/product\/1466891","targetHints":{"allow":["GET"]}}],"collection":[{"href":"https:\/\/www.vetorino.com\/veterinaire\/beugnies-59216\/boutique\/wp-json\/wp\/v2\/product"}],"about":[{"href":"https:\/\/www.vetorino.com\/veterinaire\/beugnies-59216\/boutique\/wp-json\/wp\/v2\/types\/product"}],"wp:featuredmedia":[{"embeddable":true,"href":"https:\/\/www.vetorino.com\/veterinaire\/beugnies-59216\/boutique\/wp-json\/wp\/v2\/media\/1469321"}],"wp:attachment":[{"href":"https:\/\/www.vetorino.com\/veterinaire\/beugnies-59216\/boutique\/wp-json\/wp\/v2\/media?parent=1466891"}],"wp:term":[{"taxonomy":"product_cat","embeddable":true,"href":"https:\/\/www.vetorino.com\/veterinaire\/beugnies-59216\/boutique\/wp-json\/wp\/v2\/product_cat?post=1466891"},{"taxonomy":"product_tag","embeddable":true,"href":"https:\/\/www.vetorino.com\/veterinaire\/beugnies-59216\/boutique\/wp-json\/wp\/v2\/product_tag?post=1466891"}],"curies":[{"name":"wp","href":"https:\/\/api.w.org\/{rel}","templated":true}]}}