{"id":1467965,"date":"2025-08-28T11:19:31","date_gmt":"2025-08-28T09:19:31","guid":{"rendered":"https:\/\/www.vetorino.com\/boutique\/product\/prevexto-grand-chien\/"},"modified":"2025-09-03T14:31:08","modified_gmt":"2025-09-03T12:31:08","slug":"prevexto-grand-chien","status":"publish","type":"product","link":"https:\/\/www.vetorino.com\/veterinaire\/beugnies-59216\/boutique\/product\/prevexto-grand-chien\/","title":{"rendered":"Prevexto \u2013 grand chien"},"content":{"rendered":"<p><strong>Prevexto<sup>\u00ae<\/sup>\u00a0prot\u00e8ge les chiens et les chats contre les puces et les tiques.\u00a0<\/strong><\/p>\n<p>Les parasites sont de plus en plus pr\u00e9sents dans l\u2019environnement et exposent davantage nos animaux de compagnie. Ils peuvent transmettre des maladies dangereuses \u00e0 vos animaux et \u00e0 vous. Le r\u00e9chauffement climatique favorise leur prolif\u00e9ration tout au long de l\u2019ann\u00e9e.<\/p>\n<ul>\n<li><strong>Puces :<\/strong>\u00a0Elles causent des\u00a0<strong>d\u00e9mangeaisons, des infections cutan\u00e9es<\/strong>\u00a0et peuvent transmettre d\u2019autres agents pathog\u00e8nes.<\/li>\n<li><strong>Tiques :<\/strong>\u00a0Elles peuvent\u00a0<strong>transmettre des maladies graves<\/strong>\u00a0(comme la piroplasmose, l\u2019ehrlichiose ou la borr\u00e9liose) qui provoquent fi\u00e8vre, an\u00e9mie et d\u00e9faillance d\u2019organes pouvant \u00eatre mortelles.<\/li>\n<\/ul>\n<p><strong>Utilisation :\u00a0<\/strong><\/p>\n<ul>\n<li>Chiens de plus de 8 kg infest\u00e9s ou \u00e0 risque d\u2019infestations mixtes par des puces et des tiques.<\/li>\n<li>Le m\u00e9dicament v\u00e9t\u00e9rinaire est uniquement indiqu\u00e9 en cas de pr\u00e9sence simultan\u00e9e des parasites.<\/li>\n<li role=\"presentation\"><strong>Les chiots \u00e0 partir de 7 semaines.<\/strong><\/li>\n<\/ul>\n<p><strong>Avantages :\u00a0<\/strong><\/p>\n<ul>\n<li role=\"presentation\">Doux et l\u00e9ger : votre animal ne remarquera m\u00eame pas qu\u2019il le porte !<\/li>\n<li>Application rapide et facile.<\/li>\n<li>Protection compl\u00e8te du corps pendant \u00a07 \u00e0 8 mois contre les puces et 8 mois contre les tiques.<\/li>\n<li role=\"presentation\">Flexible : peut \u00eatre adapt\u00e9 autour du cou, pour un ajustement confortable et s\u00fbr.<\/li>\n<li role=\"presentation\">Non gras : pas de r\u00e9sidus sur le pelage de votre animal.<\/li>\n<li role=\"presentation\">M\u00e9canisme d\u2019expansion contr\u00f4l\u00e9e \u00e9largit le collier si votre animal se retrouve pi\u00e9g\u00e9.<\/li>\n<li role=\"presentation\"><span class=\"gmail-C9DxTc\">Fabriqu\u00e9 en France.<\/span><\/li>\n<\/ul>\n","protected":false},"excerpt":{"rendered":"<p><strong>Prevexto<sup>\u00ae<\/sup>\u00a0prot\u00e8ge les chiens et les chats contre les puces et les tiques.\u00a0<\/strong><\/p>\n<p><strong>Utilisation :\u00a0<\/strong><\/p>\n<ul>\n<li>Chiens de plus de 8 kg infest\u00e9s ou \u00e0 risque d\u2019infestations mixtes par des puces et des tiques.<\/li>\n<li>Le m\u00e9dicament v\u00e9t\u00e9rinaire est uniquement indiqu\u00e9 en cas de pr\u00e9sence simultan\u00e9e des parasites.<\/li>\n<li><strong>Les chiots \u00e0 partir de 7 semaines.<\/strong><\/li>\n<\/ul>\n<p><strong>Avantages :\u00a0<\/strong><\/p>\n<ul>\n<li role=\"presentation\">Doux et l\u00e9ger : votre animal ne remarquera m\u00eame pas qu\u2019il le porte !<\/li>\n<li>Application rapide et facile.<\/li>\n<li>Protection compl\u00e8te du corps pendant \u00a07 \u00e0 8 mois contre les puces et 8 mois contre les tiques.<\/li>\n<li role=\"presentation\">Flexible : peut \u00eatre adapt\u00e9 autour du cou, pour un ajustement confortable et s\u00fbr.<\/li>\n<li role=\"presentation\">Non gras : pas de r\u00e9sidus sur le pelage de votre animal.<\/li>\n<li role=\"presentation\">M\u00e9canisme d\u2019expansion contr\u00f4l\u00e9e \u00e9largit le collier si votre animal se retrouve pi\u00e9g\u00e9.<\/li>\n<\/ul>\n","protected":false},"featured_media":1468030,"template":"","meta":[],"product_cat":[2698],"product_tag":[],"class_list":{"0":"post-1467965","1":"product","2":"type-product","3":"status-publish","4":"has-post-thumbnail","6":"product_cat-chien","7":"pa_marque-virbac","9":"first","10":"instock","11":"taxable","12":"shipping-taxable","13":"purchasable","14":"product-type-variable"},"yoast_head":"<!-- This site is optimized with the Yoast SEO plugin v27.3 - https:\/\/yoast.com\/product\/yoast-seo-wordpress\/ -->\n<title>Prevexto \u2013 grand chien Virbac - V\u00e9torino<\/title>\n<meta name=\"description\" content=\"Prevexto\u00ae\u00a0prot\u00e8ge les chiens et les chats contre les puces et les tiques.\u00a0  Utilisation :\u00a0   Chiens de plus de 8 kg infest\u00e9s ou \u00e0 risque d\u2019infestations mixtes par des puces et des tiques.  Le m\u00e9dicament v\u00e9t\u00e9rinaire est uniquement indiqu\u00e9 en cas de pr\u00e9sence simultan\u00e9e des parasites.  Les chiots \u00e0 partir de 7 semaines.  Avantages :\u00a0   Doux et l\u00e9ger : votre animal ne remarquera m\u00eame pas qu\u2019il le porte !  Application rapide et facile.  Protection compl\u00e8te du corps pendant \u00a07 \u00e0 8 mois contre les puces et 8 mois contre les tiques.  Flexible : peut \u00eatre adapt\u00e9 autour du cou, pour un ajustement confortable et s\u00fbr.  Non gras : pas de r\u00e9sidus sur le pelage de votre animal.  M\u00e9canisme d\u2019expansion contr\u00f4l\u00e9e \u00e9largit le collier si votre animal se retrouve pi\u00e9g\u00e9.\" \/>\n<meta name=\"robots\" content=\"noindex, nofollow\" \/>\n<meta property=\"og:locale\" content=\"fr_FR\" \/>\n<meta property=\"og:type\" content=\"article\" \/>\n<meta property=\"og:title\" content=\"Prevexto \u2013 grand chien Virbac - V\u00e9torino\" \/>\n<meta property=\"og:description\" content=\"Prevexto\u00ae\u00a0prot\u00e8ge les chiens et les chats contre les puces et les tiques.\u00a0  Utilisation :\u00a0   Chiens de plus de 8 kg infest\u00e9s ou \u00e0 risque d\u2019infestations mixtes par des puces et des tiques.  Le m\u00e9dicament v\u00e9t\u00e9rinaire est uniquement indiqu\u00e9 en cas de pr\u00e9sence simultan\u00e9e des parasites.  Les chiots \u00e0 partir de 7 semaines.  Avantages :\u00a0   Doux et l\u00e9ger : votre animal ne remarquera m\u00eame pas qu\u2019il le porte !  Application rapide et facile.  Protection compl\u00e8te du corps pendant \u00a07 \u00e0 8 mois contre les puces et 8 mois contre les tiques.  Flexible : peut \u00eatre adapt\u00e9 autour du cou, pour un ajustement confortable et s\u00fbr.  Non gras : pas de r\u00e9sidus sur le pelage de votre animal.  M\u00e9canisme d\u2019expansion contr\u00f4l\u00e9e \u00e9largit le collier si votre animal se retrouve pi\u00e9g\u00e9.\" \/>\n<meta property=\"og:url\" content=\"https:\/\/www.vetorino.com\/veterinaire\/beugnies-59216\/boutique\/product\/prevexto-grand-chien\/\" \/>\n<meta property=\"og:site_name\" content=\"V\u00e9torino\" \/>\n<meta property=\"article:publisher\" content=\"https:\/\/www.facebook.com\/Vetorino\/\" \/>\n<meta property=\"article:modified_time\" content=\"2025-09-03T12:31:08+00:00\" \/>\n<meta property=\"og:image\" content=\"https:\/\/www.vetorino.com\/boutique\/wp-content\/uploads\/2025\/08\/prevexto-grand-chien-virbac-anti-parasitaire3.webp\" \/>\n\t<meta property=\"og:image:width\" content=\"2000\" \/>\n\t<meta property=\"og:image:height\" content=\"2000\" \/>\n\t<meta property=\"og:image:type\" content=\"image\/webp\" \/>\n<meta name=\"twitter:card\" content=\"summary_large_image\" \/>\n<meta name=\"twitter:label1\" content=\"Disponibilit\u00e9\" \/>\n\t<meta name=\"twitter:data1\" content=\"En stock\" \/>\n<script type=\"application\/ld+json\" class=\"yoast-schema-graph\">{\"@context\":\"https:\\\/\\\/schema.org\",\"@graph\":[{\"@type\":\"WebPage\",\"@id\":\"https:\\\/\\\/www.vetorino.com\\\/veterinaire\\\/pontarlier-25300\\\/boutique\\\/product\\\/prevexto-grand-chien\\\/\",\"url\":\"https:\\\/\\\/www.vetorino.com\\\/veterinaire\\\/pontarlier-25300\\\/boutique\\\/product\\\/prevexto-grand-chien\\\/\",\"name\":\"Prevexto \u2013 grand chien Virbac - V\u00e9torino\",\"isPartOf\":{\"@id\":\"https:\\\/\\\/www.vetorino.com\\\/boutique\\\/#website\"},\"primaryImageOfPage\":{\"@id\":\"https:\\\/\\\/www.vetorino.com\\\/veterinaire\\\/pontarlier-25300\\\/boutique\\\/product\\\/prevexto-grand-chien\\\/#primaryimage\"},\"image\":{\"@id\":\"https:\\\/\\\/www.vetorino.com\\\/veterinaire\\\/pontarlier-25300\\\/boutique\\\/product\\\/prevexto-grand-chien\\\/#primaryimage\"},\"thumbnailUrl\":\"https:\\\/\\\/www.vetorino.com\\\/boutique\\\/wp-content\\\/uploads\\\/2025\\\/08\\\/prevexto-grand-chien-virbac-anti-parasitaire3.webp\",\"datePublished\":\"2025-08-28T09:19:31+00:00\",\"dateModified\":\"2025-09-03T12:31:08+00:00\",\"description\":\"Prevexto\u00ae\u00a0prot\u00e8ge les chiens et les chats contre les puces et les tiques.\u00a0 Utilisation :\u00a0 Chiens de plus de 8 kg infest\u00e9s ou \u00e0 risque d\u2019infestations mixtes par des puces et des tiques. Le m\u00e9dicament v\u00e9t\u00e9rinaire est uniquement indiqu\u00e9 en cas de pr\u00e9sence simultan\u00e9e des parasites. Les chiots \u00e0 partir de 7 semaines. Avantages :\u00a0 Doux et l\u00e9ger : votre animal ne remarquera m\u00eame pas qu\u2019il le porte ! Application rapide et facile. Protection compl\u00e8te du corps pendant \u00a07 \u00e0 8 mois contre les puces et 8 mois contre les tiques. Flexible : peut \u00eatre adapt\u00e9 autour du cou, pour un ajustement confortable et s\u00fbr. Non gras : pas de r\u00e9sidus sur le pelage de votre animal. M\u00e9canisme d\u2019expansion contr\u00f4l\u00e9e \u00e9largit le collier si votre animal se retrouve pi\u00e9g\u00e9.\",\"breadcrumb\":{\"@id\":\"https:\\\/\\\/www.vetorino.com\\\/veterinaire\\\/pontarlier-25300\\\/boutique\\\/product\\\/prevexto-grand-chien\\\/#breadcrumb\"},\"inLanguage\":\"fr-FR\",\"potentialAction\":[{\"@type\":\"ReadAction\",\"target\":[\"https:\\\/\\\/www.vetorino.com\\\/veterinaire\\\/pontarlier-25300\\\/boutique\\\/product\\\/prevexto-grand-chien\\\/\"]}]},{\"@type\":\"ImageObject\",\"inLanguage\":\"fr-FR\",\"@id\":\"https:\\\/\\\/www.vetorino.com\\\/veterinaire\\\/pontarlier-25300\\\/boutique\\\/product\\\/prevexto-grand-chien\\\/#primaryimage\",\"url\":\"https:\\\/\\\/www.vetorino.com\\\/boutique\\\/wp-content\\\/uploads\\\/2025\\\/08\\\/prevexto-grand-chien-virbac-anti-parasitaire3.webp\",\"contentUrl\":\"https:\\\/\\\/www.vetorino.com\\\/boutique\\\/wp-content\\\/uploads\\\/2025\\\/08\\\/prevexto-grand-chien-virbac-anti-parasitaire3.webp\",\"width\":2000,\"height\":2000},{\"@type\":\"BreadcrumbList\",\"@id\":\"https:\\\/\\\/www.vetorino.com\\\/veterinaire\\\/pontarlier-25300\\\/boutique\\\/product\\\/prevexto-grand-chien\\\/#breadcrumb\",\"itemListElement\":[{\"@type\":\"ListItem\",\"position\":1,\"name\":\"Accueil\",\"item\":\"https:\\\/\\\/www.vetorino.com\\\/boutique\\\/\"},{\"@type\":\"ListItem\",\"position\":2,\"name\":\"Produits\",\"item\":\"https:\\\/\\\/www.vetorino.com\\\/boutique\\\/\"},{\"@type\":\"ListItem\",\"position\":3,\"name\":\"Prevexto \u2013 grand chien\"}]},{\"@type\":\"WebSite\",\"@id\":\"https:\\\/\\\/www.vetorino.com\\\/boutique\\\/#website\",\"url\":\"https:\\\/\\\/www.vetorino.com\\\/boutique\\\/\",\"name\":\"V\u00e9torino\",\"description\":\"\",\"publisher\":{\"@id\":\"https:\\\/\\\/www.vetorino.com\\\/boutique\\\/#organization\"},\"potentialAction\":[{\"@type\":\"SearchAction\",\"target\":{\"@type\":\"EntryPoint\",\"urlTemplate\":\"https:\\\/\\\/www.vetorino.com\\\/boutique\\\/?s={search_term_string}\"},\"query-input\":{\"@type\":\"PropertyValueSpecification\",\"valueRequired\":true,\"valueName\":\"search_term_string\"}}],\"inLanguage\":\"fr-FR\"},{\"@type\":\"Organization\",\"@id\":\"https:\\\/\\\/www.vetorino.com\\\/boutique\\\/#organization\",\"name\":\"V\u00e9torino\",\"url\":\"https:\\\/\\\/www.vetorino.com\\\/boutique\\\/\",\"logo\":{\"@type\":\"ImageObject\",\"inLanguage\":\"fr-FR\",\"@id\":\"https:\\\/\\\/www.vetorino.com\\\/boutique\\\/#\\\/schema\\\/logo\\\/image\\\/\",\"url\":\"https:\\\/\\\/www.vetorino.com\\\/boutique\\\/wp-content\\\/uploads\\\/2024\\\/10\\\/logo.jpg\",\"contentUrl\":\"https:\\\/\\\/www.vetorino.com\\\/boutique\\\/wp-content\\\/uploads\\\/2024\\\/10\\\/logo.jpg\",\"width\":1200,\"height\":610,\"caption\":\"V\u00e9torino\"},\"image\":{\"@id\":\"https:\\\/\\\/www.vetorino.com\\\/boutique\\\/#\\\/schema\\\/logo\\\/image\\\/\"},\"sameAs\":[\"https:\\\/\\\/www.facebook.com\\\/Vetorino\\\/\",\"https:\\\/\\\/www.instagram.com\\\/vetorino_off\\\/\",\"https:\\\/\\\/www.linkedin.com\\\/company\\\/vtorino\\\/\"]}]}<\/script>\n<meta property=\"product:brand\" content=\"Virbac\" \/>\n<meta property=\"og:availability\" content=\"instock\" \/>\n<meta property=\"product:availability\" content=\"instock\" \/>\n<meta property=\"product:condition\" content=\"new\" \/>\n<!-- \/ Yoast SEO plugin. -->","yoast_head_json":{"title":"Prevexto \u2013 grand chien Virbac - V\u00e9torino","description":"Prevexto\u00ae\u00a0prot\u00e8ge les chiens et les chats contre les puces et les tiques.\u00a0  Utilisation :\u00a0   Chiens de plus de 8 kg infest\u00e9s ou \u00e0 risque d\u2019infestations mixtes par des puces et des tiques.  Le m\u00e9dicament v\u00e9t\u00e9rinaire est uniquement indiqu\u00e9 en cas de pr\u00e9sence simultan\u00e9e des parasites.  Les chiots \u00e0 partir de 7 semaines.  Avantages :\u00a0   Doux et l\u00e9ger : votre animal ne remarquera m\u00eame pas qu\u2019il le porte !  Application rapide et facile.  Protection compl\u00e8te du corps pendant \u00a07 \u00e0 8 mois contre les puces et 8 mois contre les tiques.  Flexible : peut \u00eatre adapt\u00e9 autour du cou, pour un ajustement confortable et s\u00fbr.  Non gras : pas de r\u00e9sidus sur le pelage de votre animal.  M\u00e9canisme d\u2019expansion contr\u00f4l\u00e9e \u00e9largit le collier si votre animal se retrouve pi\u00e9g\u00e9.","robots":{"index":"noindex","follow":"nofollow"},"og_locale":"fr_FR","og_type":"article","og_title":"Prevexto \u2013 grand chien Virbac - V\u00e9torino","og_description":"Prevexto\u00ae\u00a0prot\u00e8ge les chiens et les chats contre les puces et les tiques.\u00a0  Utilisation :\u00a0   Chiens de plus de 8 kg infest\u00e9s ou \u00e0 risque d\u2019infestations mixtes par des puces et des tiques.  Le m\u00e9dicament v\u00e9t\u00e9rinaire est uniquement indiqu\u00e9 en cas de pr\u00e9sence simultan\u00e9e des parasites.  Les chiots \u00e0 partir de 7 semaines.  Avantages :\u00a0   Doux et l\u00e9ger : votre animal ne remarquera m\u00eame pas qu\u2019il le porte !  Application rapide et facile.  Protection compl\u00e8te du corps pendant \u00a07 \u00e0 8 mois contre les puces et 8 mois contre les tiques.  Flexible : peut \u00eatre adapt\u00e9 autour du cou, pour un ajustement confortable et s\u00fbr.  Non gras : pas de r\u00e9sidus sur le pelage de votre animal.  M\u00e9canisme d\u2019expansion contr\u00f4l\u00e9e \u00e9largit le collier si votre animal se retrouve pi\u00e9g\u00e9.","og_url":"https:\/\/www.vetorino.com\/veterinaire\/beugnies-59216\/boutique\/product\/prevexto-grand-chien\/","og_site_name":"V\u00e9torino","article_publisher":"https:\/\/www.facebook.com\/Vetorino\/","article_modified_time":"2025-09-03T12:31:08+00:00","og_image":[{"width":2000,"height":2000,"url":"https:\/\/www.vetorino.com\/boutique\/wp-content\/uploads\/2025\/08\/prevexto-grand-chien-virbac-anti-parasitaire3.webp","type":"image\/webp"}],"twitter_card":"summary_large_image","twitter_misc":{"Disponibilit\u00e9":"En stock"},"schema":{"@context":"https:\/\/schema.org","@graph":[{"@type":"WebPage","@id":"https:\/\/www.vetorino.com\/veterinaire\/pontarlier-25300\/boutique\/product\/prevexto-grand-chien\/","url":"https:\/\/www.vetorino.com\/veterinaire\/pontarlier-25300\/boutique\/product\/prevexto-grand-chien\/","name":"Prevexto \u2013 grand chien Virbac - V\u00e9torino","isPartOf":{"@id":"https:\/\/www.vetorino.com\/boutique\/#website"},"primaryImageOfPage":{"@id":"https:\/\/www.vetorino.com\/veterinaire\/pontarlier-25300\/boutique\/product\/prevexto-grand-chien\/#primaryimage"},"image":{"@id":"https:\/\/www.vetorino.com\/veterinaire\/pontarlier-25300\/boutique\/product\/prevexto-grand-chien\/#primaryimage"},"thumbnailUrl":"https:\/\/www.vetorino.com\/boutique\/wp-content\/uploads\/2025\/08\/prevexto-grand-chien-virbac-anti-parasitaire3.webp","datePublished":"2025-08-28T09:19:31+00:00","dateModified":"2025-09-03T12:31:08+00:00","description":"Prevexto\u00ae\u00a0prot\u00e8ge les chiens et les chats contre les puces et les tiques.\u00a0 Utilisation :\u00a0 Chiens de plus de 8 kg infest\u00e9s ou \u00e0 risque d\u2019infestations mixtes par des puces et des tiques. Le m\u00e9dicament v\u00e9t\u00e9rinaire est uniquement indiqu\u00e9 en cas de pr\u00e9sence simultan\u00e9e des parasites. Les chiots \u00e0 partir de 7 semaines. Avantages :\u00a0 Doux et l\u00e9ger : votre animal ne remarquera m\u00eame pas qu\u2019il le porte ! Application rapide et facile. Protection compl\u00e8te du corps pendant \u00a07 \u00e0 8 mois contre les puces et 8 mois contre les tiques. Flexible : peut \u00eatre adapt\u00e9 autour du cou, pour un ajustement confortable et s\u00fbr. Non gras : pas de r\u00e9sidus sur le pelage de votre animal. M\u00e9canisme d\u2019expansion contr\u00f4l\u00e9e \u00e9largit le collier si votre animal se retrouve pi\u00e9g\u00e9.","breadcrumb":{"@id":"https:\/\/www.vetorino.com\/veterinaire\/pontarlier-25300\/boutique\/product\/prevexto-grand-chien\/#breadcrumb"},"inLanguage":"fr-FR","potentialAction":[{"@type":"ReadAction","target":["https:\/\/www.vetorino.com\/veterinaire\/pontarlier-25300\/boutique\/product\/prevexto-grand-chien\/"]}]},{"@type":"ImageObject","inLanguage":"fr-FR","@id":"https:\/\/www.vetorino.com\/veterinaire\/pontarlier-25300\/boutique\/product\/prevexto-grand-chien\/#primaryimage","url":"https:\/\/www.vetorino.com\/boutique\/wp-content\/uploads\/2025\/08\/prevexto-grand-chien-virbac-anti-parasitaire3.webp","contentUrl":"https:\/\/www.vetorino.com\/boutique\/wp-content\/uploads\/2025\/08\/prevexto-grand-chien-virbac-anti-parasitaire3.webp","width":2000,"height":2000},{"@type":"BreadcrumbList","@id":"https:\/\/www.vetorino.com\/veterinaire\/pontarlier-25300\/boutique\/product\/prevexto-grand-chien\/#breadcrumb","itemListElement":[{"@type":"ListItem","position":1,"name":"Accueil","item":"https:\/\/www.vetorino.com\/boutique\/"},{"@type":"ListItem","position":2,"name":"Produits","item":"https:\/\/www.vetorino.com\/boutique\/"},{"@type":"ListItem","position":3,"name":"Prevexto \u2013 grand chien"}]},{"@type":"WebSite","@id":"https:\/\/www.vetorino.com\/boutique\/#website","url":"https:\/\/www.vetorino.com\/boutique\/","name":"V\u00e9torino","description":"","publisher":{"@id":"https:\/\/www.vetorino.com\/boutique\/#organization"},"potentialAction":[{"@type":"SearchAction","target":{"@type":"EntryPoint","urlTemplate":"https:\/\/www.vetorino.com\/boutique\/?s={search_term_string}"},"query-input":{"@type":"PropertyValueSpecification","valueRequired":true,"valueName":"search_term_string"}}],"inLanguage":"fr-FR"},{"@type":"Organization","@id":"https:\/\/www.vetorino.com\/boutique\/#organization","name":"V\u00e9torino","url":"https:\/\/www.vetorino.com\/boutique\/","logo":{"@type":"ImageObject","inLanguage":"fr-FR","@id":"https:\/\/www.vetorino.com\/boutique\/#\/schema\/logo\/image\/","url":"https:\/\/www.vetorino.com\/boutique\/wp-content\/uploads\/2024\/10\/logo.jpg","contentUrl":"https:\/\/www.vetorino.com\/boutique\/wp-content\/uploads\/2024\/10\/logo.jpg","width":1200,"height":610,"caption":"V\u00e9torino"},"image":{"@id":"https:\/\/www.vetorino.com\/boutique\/#\/schema\/logo\/image\/"},"sameAs":["https:\/\/www.facebook.com\/Vetorino\/","https:\/\/www.instagram.com\/vetorino_off\/","https:\/\/www.linkedin.com\/company\/vtorino\/"]}]},"product_brand":"Virbac","og_availability":"instock","product_availability":"instock","product_condition":"new"},"_links":{"self":[{"href":"https:\/\/www.vetorino.com\/veterinaire\/beugnies-59216\/boutique\/wp-json\/wp\/v2\/product\/1467965","targetHints":{"allow":["GET"]}}],"collection":[{"href":"https:\/\/www.vetorino.com\/veterinaire\/beugnies-59216\/boutique\/wp-json\/wp\/v2\/product"}],"about":[{"href":"https:\/\/www.vetorino.com\/veterinaire\/beugnies-59216\/boutique\/wp-json\/wp\/v2\/types\/product"}],"wp:featuredmedia":[{"embeddable":true,"href":"https:\/\/www.vetorino.com\/veterinaire\/beugnies-59216\/boutique\/wp-json\/wp\/v2\/media\/1468030"}],"wp:attachment":[{"href":"https:\/\/www.vetorino.com\/veterinaire\/beugnies-59216\/boutique\/wp-json\/wp\/v2\/media?parent=1467965"}],"wp:term":[{"taxonomy":"product_cat","embeddable":true,"href":"https:\/\/www.vetorino.com\/veterinaire\/beugnies-59216\/boutique\/wp-json\/wp\/v2\/product_cat?post=1467965"},{"taxonomy":"product_tag","embeddable":true,"href":"https:\/\/www.vetorino.com\/veterinaire\/beugnies-59216\/boutique\/wp-json\/wp\/v2\/product_tag?post=1467965"}],"curies":[{"name":"wp","href":"https:\/\/api.w.org\/{rel}","templated":true}]}}