{"id":1499234,"date":"2025-09-22T15:16:29","date_gmt":"2025-09-22T13:16:29","guid":{"rendered":"https:\/\/www.vetorino.com\/boutique\/product\/vetexpert-canituss\/"},"modified":"2026-02-23T11:11:52","modified_gmt":"2026-02-23T10:11:52","slug":"vetexpert-canituss","status":"publish","type":"product","link":"https:\/\/www.vetorino.com\/veterinaire\/beugnies-59216\/boutique\/product\/vetexpert-canituss\/","title":{"rendered":"Canituss &#8211; chien"},"content":{"rendered":"<p><strong>Canituss<\/strong>\u00a0est un aliment compl\u00e9mentaire sous forme de sirop sp\u00e9cialement formul\u00e9 pour\u00a0<strong>soutenir la fonction respiratoire chez le chien,\u00a0<\/strong>en contribuant \u00e0 la dissolution<strong>\u00a0du mucus des voies respiratoires<\/strong>\u00a0et \u00e0 la\u00a0<strong>relaxation des muscles lisses des bronches et de la trach\u00e9e<\/strong>.<\/p>\n<p>Gr\u00e2ce \u00e0 sa <strong>composition enrichie en plantes et en vitamines<\/strong>, il accompagne le traitement m\u00e9dical des troubles respiratoires chez le chien et am\u00e9liore son confort :<\/p>\n<ul>\n<li><strong>Eucalyptus<\/strong> : fluidifie le mucus, soutient le syst\u00e8me respiratoire et aide \u00e0 l\u2019expectoration.<\/li>\n<li><strong>Lierre \/ Thym<\/strong> : d\u00e9tendent les muscles lisses des bronches, facilitent l\u2019expectoration et apaisent la toux.<\/li>\n<li><strong>Anis<\/strong> : apaise et prot\u00e8ge les muqueuses du syst\u00e8me respiratoire ; stimule la s\u00e9cr\u00e9tion des muqueuses des voies respiratoires.<\/li>\n<li><strong>Vitamines<\/strong> <strong>A, C, E<\/strong> : am\u00e9liorent les d\u00e9fenses naturelles.<\/li>\n<\/ul>\n<p><strong>Produit d\u00e9conseill\u00e9 chez le chat.<\/strong><\/p>\n","protected":false},"excerpt":{"rendered":"<p><strong>Canituss<\/strong>\u00a0est un aliment compl\u00e9mentaire sous forme de sirop sp\u00e9cialement formul\u00e9 pour\u00a0<strong>soutenir la fonction respiratoire chez le chien,\u00a0<\/strong>en contribuant \u00e0 la dissolution<strong>\u00a0du mucus des voies respiratoires<\/strong>\u00a0et \u00e0 la\u00a0<strong>relaxation des muscles lisses des bronches et de la trach\u00e9e<\/strong>.<\/p>\n<p>Gr\u00e2ce \u00e0 sa <strong>composition enrichie en plantes et en vitamines<\/strong>, il accompagne le traitement m\u00e9dical des troubles respiratoires chez le chien et am\u00e9liore son confort.<\/p>\n<p><strong>Produit d\u00e9conseill\u00e9 chez le chat.<\/strong><\/p>\n","protected":false},"featured_media":1708564,"template":"","meta":[],"product_cat":[2738,2698,12644],"product_tag":[],"class_list":{"0":"post-1499234","1":"product","2":"type-product","3":"status-publish","4":"has-post-thumbnail","6":"product_cat-aliments-complementaires-pour-chien","7":"product_cat-chien","8":"product_cat-systeme-respiratoire-du-chien","9":"pa_marque-vetexpert","11":"first","12":"instock","13":"taxable","14":"shipping-taxable","15":"purchasable","16":"product-type-simple"},"yoast_head":"<!-- This site is optimized with the Yoast SEO plugin v27.3 - https:\/\/yoast.com\/product\/yoast-seo-wordpress\/ -->\n<title>Canituss - chien Vetexpert - V\u00e9torino<\/title>\n<meta name=\"description\" content=\"Canituss\u00a0est un aliment compl\u00e9mentaire sous forme de sirop sp\u00e9cialement formul\u00e9 pour\u00a0soutenir la fonction respiratoire chez le chien,\u00a0en contribuant \u00e0 la dissolution\u00a0du mucus des voies respiratoires\u00a0et \u00e0 la\u00a0relaxation des muscles lisses des bronches et de la trach\u00e9e.  Gr\u00e2ce \u00e0 sa composition enrichie en plantes et en vitamines, il accompagne le traitement m\u00e9dical des troubles respiratoires chez le chien et am\u00e9liore son confort.  Produit d\u00e9conseill\u00e9 chez le chat.\" \/>\n<meta name=\"robots\" content=\"noindex, nofollow\" \/>\n<meta property=\"og:locale\" content=\"fr_FR\" \/>\n<meta property=\"og:type\" content=\"article\" \/>\n<meta property=\"og:title\" content=\"Canituss - chien Vetexpert - V\u00e9torino\" \/>\n<meta property=\"og:description\" content=\"Canituss\u00a0est un aliment compl\u00e9mentaire sous forme de sirop sp\u00e9cialement formul\u00e9 pour\u00a0soutenir la fonction respiratoire chez le chien,\u00a0en contribuant \u00e0 la dissolution\u00a0du mucus des voies respiratoires\u00a0et \u00e0 la\u00a0relaxation des muscles lisses des bronches et de la trach\u00e9e.  Gr\u00e2ce \u00e0 sa composition enrichie en plantes et en vitamines, il accompagne le traitement m\u00e9dical des troubles respiratoires chez le chien et am\u00e9liore son confort.  Produit d\u00e9conseill\u00e9 chez le chat.\" \/>\n<meta property=\"og:url\" content=\"https:\/\/www.vetorino.com\/veterinaire\/beugnies-59216\/boutique\/product\/vetexpert-canituss\/\" \/>\n<meta property=\"og:site_name\" content=\"V\u00e9torino\" \/>\n<meta property=\"article:publisher\" content=\"https:\/\/www.facebook.com\/Vetorino\/\" \/>\n<meta property=\"article:modified_time\" content=\"2026-02-23T10:11:52+00:00\" \/>\n<meta property=\"og:image\" content=\"https:\/\/www.vetorino.com\/boutique\/wp-content\/uploads\/2025\/09\/vetxpert-canituss-complement-troubles-respiratoires-chien-1.webp\" \/>\n\t<meta property=\"og:image:width\" content=\"800\" \/>\n\t<meta property=\"og:image:height\" content=\"800\" \/>\n\t<meta property=\"og:image:type\" content=\"image\/webp\" \/>\n<meta name=\"twitter:card\" content=\"summary_large_image\" \/>\n<meta name=\"twitter:label1\" content=\"Prix\" \/>\n\t<meta name=\"twitter:data1\" content=\"24,31&euro;\" \/>\n\t<meta name=\"twitter:label2\" content=\"Disponibilit\u00e9\" \/>\n\t<meta name=\"twitter:data2\" content=\"En stock\" \/>\n<script type=\"application\/ld+json\" class=\"yoast-schema-graph\">{\"@context\":\"https:\\\/\\\/schema.org\",\"@graph\":[{\"@type\":\"WebPage\",\"@id\":\"https:\\\/\\\/www.vetorino.com\\\/boutique\\\/product\\\/vetexpert-canituss\\\/\",\"url\":\"https:\\\/\\\/www.vetorino.com\\\/boutique\\\/product\\\/vetexpert-canituss\\\/\",\"name\":\"Canituss - chien Vetexpert - V\u00e9torino\",\"isPartOf\":{\"@id\":\"https:\\\/\\\/www.vetorino.com\\\/boutique\\\/#website\"},\"primaryImageOfPage\":{\"@id\":\"https:\\\/\\\/www.vetorino.com\\\/boutique\\\/product\\\/vetexpert-canituss\\\/#primaryimage\"},\"image\":{\"@id\":\"https:\\\/\\\/www.vetorino.com\\\/boutique\\\/product\\\/vetexpert-canituss\\\/#primaryimage\"},\"thumbnailUrl\":\"https:\\\/\\\/www.vetorino.com\\\/boutique\\\/wp-content\\\/uploads\\\/2025\\\/09\\\/vetxpert-canituss-complement-troubles-respiratoires-chien-1.webp\",\"datePublished\":\"2025-09-22T13:16:29+00:00\",\"dateModified\":\"2026-02-23T10:11:52+00:00\",\"description\":\"Canituss\u00a0est un aliment compl\u00e9mentaire sous forme de sirop sp\u00e9cialement formul\u00e9 pour\u00a0soutenir la fonction respiratoire chez le chien,\u00a0en contribuant \u00e0 la dissolution\u00a0du mucus des voies respiratoires\u00a0et \u00e0 la\u00a0relaxation des muscles lisses des bronches et de la trach\u00e9e. Gr\u00e2ce \u00e0 sa composition enrichie en plantes et en vitamines, il accompagne le traitement m\u00e9dical des troubles respiratoires chez le chien et am\u00e9liore son confort. Produit d\u00e9conseill\u00e9 chez le chat.\",\"breadcrumb\":{\"@id\":\"https:\\\/\\\/www.vetorino.com\\\/boutique\\\/product\\\/vetexpert-canituss\\\/#breadcrumb\"},\"inLanguage\":\"fr-FR\",\"potentialAction\":[{\"@type\":\"ReadAction\",\"target\":[\"https:\\\/\\\/www.vetorino.com\\\/boutique\\\/product\\\/vetexpert-canituss\\\/\"]}]},{\"@type\":\"ImageObject\",\"inLanguage\":\"fr-FR\",\"@id\":\"https:\\\/\\\/www.vetorino.com\\\/boutique\\\/product\\\/vetexpert-canituss\\\/#primaryimage\",\"url\":\"https:\\\/\\\/www.vetorino.com\\\/boutique\\\/wp-content\\\/uploads\\\/2025\\\/09\\\/vetxpert-canituss-complement-troubles-respiratoires-chien-1.webp\",\"contentUrl\":\"https:\\\/\\\/www.vetorino.com\\\/boutique\\\/wp-content\\\/uploads\\\/2025\\\/09\\\/vetxpert-canituss-complement-troubles-respiratoires-chien-1.webp\",\"width\":800,\"height\":800},{\"@type\":\"BreadcrumbList\",\"@id\":\"https:\\\/\\\/www.vetorino.com\\\/boutique\\\/product\\\/vetexpert-canituss\\\/#breadcrumb\",\"itemListElement\":[{\"@type\":\"ListItem\",\"position\":1,\"name\":\"Accueil\",\"item\":\"https:\\\/\\\/www.vetorino.com\\\/boutique\\\/\"},{\"@type\":\"ListItem\",\"position\":2,\"name\":\"Produits\",\"item\":\"https:\\\/\\\/www.vetorino.com\\\/boutique\\\/\"},{\"@type\":\"ListItem\",\"position\":3,\"name\":\"Canituss &#8211; chien\"}]},{\"@type\":\"WebSite\",\"@id\":\"https:\\\/\\\/www.vetorino.com\\\/boutique\\\/#website\",\"url\":\"https:\\\/\\\/www.vetorino.com\\\/boutique\\\/\",\"name\":\"V\u00e9torino\",\"description\":\"\",\"publisher\":{\"@id\":\"https:\\\/\\\/www.vetorino.com\\\/boutique\\\/#organization\"},\"potentialAction\":[{\"@type\":\"SearchAction\",\"target\":{\"@type\":\"EntryPoint\",\"urlTemplate\":\"https:\\\/\\\/www.vetorino.com\\\/boutique\\\/?s={search_term_string}\"},\"query-input\":{\"@type\":\"PropertyValueSpecification\",\"valueRequired\":true,\"valueName\":\"search_term_string\"}}],\"inLanguage\":\"fr-FR\"},{\"@type\":\"Organization\",\"@id\":\"https:\\\/\\\/www.vetorino.com\\\/boutique\\\/#organization\",\"name\":\"V\u00e9torino\",\"url\":\"https:\\\/\\\/www.vetorino.com\\\/boutique\\\/\",\"logo\":{\"@type\":\"ImageObject\",\"inLanguage\":\"fr-FR\",\"@id\":\"https:\\\/\\\/www.vetorino.com\\\/boutique\\\/#\\\/schema\\\/logo\\\/image\\\/\",\"url\":\"https:\\\/\\\/www.vetorino.com\\\/boutique\\\/wp-content\\\/uploads\\\/2024\\\/10\\\/logo.jpg\",\"contentUrl\":\"https:\\\/\\\/www.vetorino.com\\\/boutique\\\/wp-content\\\/uploads\\\/2024\\\/10\\\/logo.jpg\",\"width\":1200,\"height\":610,\"caption\":\"V\u00e9torino\"},\"image\":{\"@id\":\"https:\\\/\\\/www.vetorino.com\\\/boutique\\\/#\\\/schema\\\/logo\\\/image\\\/\"},\"sameAs\":[\"https:\\\/\\\/www.facebook.com\\\/Vetorino\\\/\",\"https:\\\/\\\/www.instagram.com\\\/vetorino_off\\\/\",\"https:\\\/\\\/www.linkedin.com\\\/company\\\/vtorino\\\/\"]}]}<\/script>\n<meta property=\"product:brand\" content=\"Vetexpert\" \/>\n<meta property=\"product:price:amount\" content=\"24.31\" \/>\n<meta property=\"product:price:currency\" content=\"EUR\" \/>\n<meta property=\"og:availability\" content=\"instock\" \/>\n<meta property=\"product:availability\" content=\"instock\" \/>\n<meta property=\"product:retailer_item_id\" content=\"A-1893250\" \/>\n<meta property=\"product:condition\" content=\"new\" \/>\n<!-- \/ Yoast SEO plugin. -->","yoast_head_json":{"title":"Canituss - chien Vetexpert - V\u00e9torino","description":"Canituss\u00a0est un aliment compl\u00e9mentaire sous forme de sirop sp\u00e9cialement formul\u00e9 pour\u00a0soutenir la fonction respiratoire chez le chien,\u00a0en contribuant \u00e0 la dissolution\u00a0du mucus des voies respiratoires\u00a0et \u00e0 la\u00a0relaxation des muscles lisses des bronches et de la trach\u00e9e.  Gr\u00e2ce \u00e0 sa composition enrichie en plantes et en vitamines, il accompagne le traitement m\u00e9dical des troubles respiratoires chez le chien et am\u00e9liore son confort.  Produit d\u00e9conseill\u00e9 chez le chat.","robots":{"index":"noindex","follow":"nofollow"},"og_locale":"fr_FR","og_type":"article","og_title":"Canituss - chien Vetexpert - V\u00e9torino","og_description":"Canituss\u00a0est un aliment compl\u00e9mentaire sous forme de sirop sp\u00e9cialement formul\u00e9 pour\u00a0soutenir la fonction respiratoire chez le chien,\u00a0en contribuant \u00e0 la dissolution\u00a0du mucus des voies respiratoires\u00a0et \u00e0 la\u00a0relaxation des muscles lisses des bronches et de la trach\u00e9e.  Gr\u00e2ce \u00e0 sa composition enrichie en plantes et en vitamines, il accompagne le traitement m\u00e9dical des troubles respiratoires chez le chien et am\u00e9liore son confort.  Produit d\u00e9conseill\u00e9 chez le chat.","og_url":"https:\/\/www.vetorino.com\/veterinaire\/beugnies-59216\/boutique\/product\/vetexpert-canituss\/","og_site_name":"V\u00e9torino","article_publisher":"https:\/\/www.facebook.com\/Vetorino\/","article_modified_time":"2026-02-23T10:11:52+00:00","og_image":[{"width":800,"height":800,"url":"https:\/\/www.vetorino.com\/boutique\/wp-content\/uploads\/2025\/09\/vetxpert-canituss-complement-troubles-respiratoires-chien-1.webp","type":"image\/webp"}],"twitter_card":"summary_large_image","twitter_misc":{"Prix":"24,31&euro;","Disponibilit\u00e9":"En stock"},"schema":{"@context":"https:\/\/schema.org","@graph":[{"@type":"WebPage","@id":"https:\/\/www.vetorino.com\/boutique\/product\/vetexpert-canituss\/","url":"https:\/\/www.vetorino.com\/boutique\/product\/vetexpert-canituss\/","name":"Canituss - chien Vetexpert - V\u00e9torino","isPartOf":{"@id":"https:\/\/www.vetorino.com\/boutique\/#website"},"primaryImageOfPage":{"@id":"https:\/\/www.vetorino.com\/boutique\/product\/vetexpert-canituss\/#primaryimage"},"image":{"@id":"https:\/\/www.vetorino.com\/boutique\/product\/vetexpert-canituss\/#primaryimage"},"thumbnailUrl":"https:\/\/www.vetorino.com\/boutique\/wp-content\/uploads\/2025\/09\/vetxpert-canituss-complement-troubles-respiratoires-chien-1.webp","datePublished":"2025-09-22T13:16:29+00:00","dateModified":"2026-02-23T10:11:52+00:00","description":"Canituss\u00a0est un aliment compl\u00e9mentaire sous forme de sirop sp\u00e9cialement formul\u00e9 pour\u00a0soutenir la fonction respiratoire chez le chien,\u00a0en contribuant \u00e0 la dissolution\u00a0du mucus des voies respiratoires\u00a0et \u00e0 la\u00a0relaxation des muscles lisses des bronches et de la trach\u00e9e. Gr\u00e2ce \u00e0 sa composition enrichie en plantes et en vitamines, il accompagne le traitement m\u00e9dical des troubles respiratoires chez le chien et am\u00e9liore son confort. Produit d\u00e9conseill\u00e9 chez le chat.","breadcrumb":{"@id":"https:\/\/www.vetorino.com\/boutique\/product\/vetexpert-canituss\/#breadcrumb"},"inLanguage":"fr-FR","potentialAction":[{"@type":"ReadAction","target":["https:\/\/www.vetorino.com\/boutique\/product\/vetexpert-canituss\/"]}]},{"@type":"ImageObject","inLanguage":"fr-FR","@id":"https:\/\/www.vetorino.com\/boutique\/product\/vetexpert-canituss\/#primaryimage","url":"https:\/\/www.vetorino.com\/boutique\/wp-content\/uploads\/2025\/09\/vetxpert-canituss-complement-troubles-respiratoires-chien-1.webp","contentUrl":"https:\/\/www.vetorino.com\/boutique\/wp-content\/uploads\/2025\/09\/vetxpert-canituss-complement-troubles-respiratoires-chien-1.webp","width":800,"height":800},{"@type":"BreadcrumbList","@id":"https:\/\/www.vetorino.com\/boutique\/product\/vetexpert-canituss\/#breadcrumb","itemListElement":[{"@type":"ListItem","position":1,"name":"Accueil","item":"https:\/\/www.vetorino.com\/boutique\/"},{"@type":"ListItem","position":2,"name":"Produits","item":"https:\/\/www.vetorino.com\/boutique\/"},{"@type":"ListItem","position":3,"name":"Canituss &#8211; chien"}]},{"@type":"WebSite","@id":"https:\/\/www.vetorino.com\/boutique\/#website","url":"https:\/\/www.vetorino.com\/boutique\/","name":"V\u00e9torino","description":"","publisher":{"@id":"https:\/\/www.vetorino.com\/boutique\/#organization"},"potentialAction":[{"@type":"SearchAction","target":{"@type":"EntryPoint","urlTemplate":"https:\/\/www.vetorino.com\/boutique\/?s={search_term_string}"},"query-input":{"@type":"PropertyValueSpecification","valueRequired":true,"valueName":"search_term_string"}}],"inLanguage":"fr-FR"},{"@type":"Organization","@id":"https:\/\/www.vetorino.com\/boutique\/#organization","name":"V\u00e9torino","url":"https:\/\/www.vetorino.com\/boutique\/","logo":{"@type":"ImageObject","inLanguage":"fr-FR","@id":"https:\/\/www.vetorino.com\/boutique\/#\/schema\/logo\/image\/","url":"https:\/\/www.vetorino.com\/boutique\/wp-content\/uploads\/2024\/10\/logo.jpg","contentUrl":"https:\/\/www.vetorino.com\/boutique\/wp-content\/uploads\/2024\/10\/logo.jpg","width":1200,"height":610,"caption":"V\u00e9torino"},"image":{"@id":"https:\/\/www.vetorino.com\/boutique\/#\/schema\/logo\/image\/"},"sameAs":["https:\/\/www.facebook.com\/Vetorino\/","https:\/\/www.instagram.com\/vetorino_off\/","https:\/\/www.linkedin.com\/company\/vtorino\/"]}]},"product_brand":"Vetexpert","product_price_amount":"24.31","product_price_currency":"EUR","og_availability":"instock","product_availability":"instock","product_retailer_item_id":"A-1893250","product_condition":"new"},"_links":{"self":[{"href":"https:\/\/www.vetorino.com\/veterinaire\/beugnies-59216\/boutique\/wp-json\/wp\/v2\/product\/1499234","targetHints":{"allow":["GET"]}}],"collection":[{"href":"https:\/\/www.vetorino.com\/veterinaire\/beugnies-59216\/boutique\/wp-json\/wp\/v2\/product"}],"about":[{"href":"https:\/\/www.vetorino.com\/veterinaire\/beugnies-59216\/boutique\/wp-json\/wp\/v2\/types\/product"}],"wp:featuredmedia":[{"embeddable":true,"href":"https:\/\/www.vetorino.com\/veterinaire\/beugnies-59216\/boutique\/wp-json\/wp\/v2\/media\/1708564"}],"wp:attachment":[{"href":"https:\/\/www.vetorino.com\/veterinaire\/beugnies-59216\/boutique\/wp-json\/wp\/v2\/media?parent=1499234"}],"wp:term":[{"taxonomy":"product_cat","embeddable":true,"href":"https:\/\/www.vetorino.com\/veterinaire\/beugnies-59216\/boutique\/wp-json\/wp\/v2\/product_cat?post=1499234"},{"taxonomy":"product_tag","embeddable":true,"href":"https:\/\/www.vetorino.com\/veterinaire\/beugnies-59216\/boutique\/wp-json\/wp\/v2\/product_tag?post=1499234"}],"curies":[{"name":"wp","href":"https:\/\/api.w.org\/{rel}","templated":true}]}}