{"id":1529418,"date":"2025-10-15T12:32:52","date_gmt":"2025-10-15T10:32:52","guid":{"rendered":"https:\/\/www.vetorino.com\/boutique\/product\/ppvd-canine-om-obesity-management-small-mini\/"},"modified":"2025-10-22T15:54:38","modified_gmt":"2025-10-22T13:54:38","slug":"ppvd-canine-om-obesity-management-small-mini","status":"publish","type":"product","link":"https:\/\/www.vetorino.com\/veterinaire\/beugnies-59216\/boutique\/product\/ppvd-canine-om-obesity-management-small-mini\/","title":{"rendered":"OM Obesity Management Small\/Mini &#8211; chien"},"content":{"rendered":"<div id=\"product-description\" class=\"block md-bottom product-description-block \">\n<div class=\"block-content\">\n<div class=\"product-description typo\">\n<p>Aliment di\u00e9t\u00e9tique sec complet pour chiens con\u00e7u pour<strong> favoriser une perte de poids efficace et r\u00e9guli\u00e8re<\/strong> chez les<strong> chiens adultes de petite et tr\u00e8s petite taille<\/strong> <strong>en surpoids. <\/strong><\/p>\n<p><strong>Caract\u00e9ristiques :\u00a0<\/strong><\/p>\n<ul>\n<li>Teneur \u00e9lev\u00e9e en prot\u00e9ine pour aider \u00e0 la perte de masse graisseuse tout en maintenant la masse musculaire.<\/li>\n<li>R\u00e9gime hypocalorique pour aider \u00e0 la perte de poids.<\/li>\n<li>Sources de glucides \u00e0 index glyc\u00e9mique bas pour aider \u00e0 la gestion nutritionnelle du diab\u00e8te sucr\u00e9.<\/li>\n<li>Aide \u00e0 r\u00e9duire le risque d&#8217;effet rebond.<\/li>\n<li>Petites croquettes et recette adapt\u00e9e pour soutenir les besoins nutritionnels des petits chiens &lt;10 kg.<\/li>\n<li>D\u00e9velopp\u00e9 par les v\u00e9t\u00e9rinaires et les nutritionnistes.<\/li>\n<\/ul>\n<p><strong>Demander conseil \u00e0 un v\u00e9t\u00e9rinaire avant utilisation.<\/strong><\/p>\n<\/div>\n<\/div>\n<\/div>\n<div class=\"block md-bottom product-features-block \"><\/div>\n","protected":false},"excerpt":{"rendered":"<p>Aliment di\u00e9t\u00e9tique sec complet pour chiens con\u00e7u pour<strong> favoriser une perte de poids efficace et r\u00e9guli\u00e8re<\/strong> chez les<strong> chiens adultes de petite et tr\u00e8s petite taille<\/strong> <strong>en surpoids.<\/strong><\/p>\n<p><strong>Caract\u00e9ristiques :\u00a0<\/strong><\/p>\n<ul>\n<li>Teneur \u00e9lev\u00e9e en prot\u00e9ine pour aider \u00e0 la perte de masse graisseuse tout en maintenant la masse musculaire.<\/li>\n<li>R\u00e9gime hypocalorique pour aider \u00e0 la perte de poids.<\/li>\n<li>Sources de glucides \u00e0 index glyc\u00e9mique bas pour aider \u00e0 la gestion nutritionnelle du diab\u00e8te sucr\u00e9.<\/li>\n<li>D\u00e9velopp\u00e9 par les v\u00e9t\u00e9rinaires et les nutritionnistes.<\/li>\n<\/ul>\n<p><strong>Demander conseil \u00e0 un v\u00e9t\u00e9rinaire avant utilisation.<\/strong><\/p>\n","protected":false},"featured_media":1538663,"template":"","meta":[],"product_cat":[12552,12582,2698],"product_tag":[],"class_list":{"0":"post-1529418","1":"product","2":"type-product","3":"status-publish","4":"has-post-thumbnail","6":"product_cat-alimentation-du-chien","7":"product_cat-alimentation-medicalisee-pour-chien","8":"product_cat-chien","9":"pa_marque-purina","11":"first","12":"instock","13":"taxable","14":"shipping-taxable","15":"purchasable","16":"product-type-simple"},"yoast_head":"<!-- This site is optimized with the Yoast SEO plugin v27.3 - https:\/\/yoast.com\/product\/yoast-seo-wordpress\/ -->\n<title>Proplan OM Obesity Management Small\/Mini - chien Purina Pro Plan - V\u00e9torino<\/title>\n<meta name=\"description\" content=\"Aliment di\u00e9t\u00e9tique sec complet pour chiens con\u00e7u pour favoriser une perte de poids efficace et r\u00e9guli\u00e8re chez les chiens adultes de petite et tr\u00e8s petite taille en surpoids.  Caract\u00e9ristiques :\u00a0   Teneur \u00e9lev\u00e9e en prot\u00e9ine pour aider \u00e0 la perte de masse graisseuse tout en maintenant la masse musculaire.  R\u00e9gime hypocalorique pour aider \u00e0 la perte de poids.  Sources de glucides \u00e0 index glyc\u00e9mique bas pour aider \u00e0 la gestion nutritionnelle du diab\u00e8te sucr\u00e9.  D\u00e9velopp\u00e9 par les v\u00e9t\u00e9rinaires et les nutritionnistes.  Demander conseil \u00e0 un v\u00e9t\u00e9rinaire avant utilisation.\" \/>\n<meta name=\"robots\" content=\"noindex, nofollow\" \/>\n<meta property=\"og:locale\" content=\"fr_FR\" \/>\n<meta property=\"og:type\" content=\"article\" \/>\n<meta property=\"og:title\" content=\"Proplan OM Obesity Management Small\/Mini - chien Purina Pro Plan - V\u00e9torino\" \/>\n<meta property=\"og:description\" content=\"Aliment di\u00e9t\u00e9tique sec complet pour chiens con\u00e7u pour favoriser une perte de poids efficace et r\u00e9guli\u00e8re chez les chiens adultes de petite et tr\u00e8s petite taille en surpoids.  Caract\u00e9ristiques :\u00a0   Teneur \u00e9lev\u00e9e en prot\u00e9ine pour aider \u00e0 la perte de masse graisseuse tout en maintenant la masse musculaire.  R\u00e9gime hypocalorique pour aider \u00e0 la perte de poids.  Sources de glucides \u00e0 index glyc\u00e9mique bas pour aider \u00e0 la gestion nutritionnelle du diab\u00e8te sucr\u00e9.  D\u00e9velopp\u00e9 par les v\u00e9t\u00e9rinaires et les nutritionnistes.  Demander conseil \u00e0 un v\u00e9t\u00e9rinaire avant utilisation.\" \/>\n<meta property=\"og:url\" content=\"https:\/\/www.vetorino.com\/veterinaire\/beugnies-59216\/boutique\/product\/ppvd-canine-om-obesity-management-small-mini\/\" \/>\n<meta property=\"og:site_name\" content=\"V\u00e9torino\" \/>\n<meta property=\"article:publisher\" content=\"https:\/\/www.facebook.com\/Vetorino\/\" \/>\n<meta property=\"article:modified_time\" content=\"2025-10-22T13:54:38+00:00\" \/>\n<meta property=\"og:image\" content=\"https:\/\/www.vetorino.com\/boutique\/wp-content\/uploads\/2025\/10\/20250327_155115_147_3UZD4LXEEA.jpg\" \/>\n\t<meta property=\"og:image:width\" content=\"2000\" \/>\n\t<meta property=\"og:image:height\" content=\"2000\" \/>\n\t<meta property=\"og:image:type\" content=\"image\/jpeg\" \/>\n<meta name=\"twitter:card\" content=\"summary_large_image\" \/>\n<meta name=\"twitter:label1\" content=\"Prix\" \/>\n\t<meta name=\"twitter:data1\" content=\"18,77&euro;\" \/>\n\t<meta name=\"twitter:label2\" content=\"Disponibilit\u00e9\" \/>\n\t<meta name=\"twitter:data2\" content=\"En stock\" \/>\n<script type=\"application\/ld+json\" class=\"yoast-schema-graph\">{\"@context\":\"https:\\\/\\\/schema.org\",\"@graph\":[{\"@type\":\"WebPage\",\"@id\":\"https:\\\/\\\/www.vetorino.com\\\/veterinaire\\\/briancon-05100\\\/boutique\\\/product\\\/ppvd-canine-om-obesity-management-small-mini\\\/\",\"url\":\"https:\\\/\\\/www.vetorino.com\\\/veterinaire\\\/briancon-05100\\\/boutique\\\/product\\\/ppvd-canine-om-obesity-management-small-mini\\\/\",\"name\":\"Proplan OM Obesity Management Small\\\/Mini - chien Purina Pro Plan - V\u00e9torino\",\"isPartOf\":{\"@id\":\"https:\\\/\\\/www.vetorino.com\\\/boutique\\\/#website\"},\"primaryImageOfPage\":{\"@id\":\"https:\\\/\\\/www.vetorino.com\\\/veterinaire\\\/briancon-05100\\\/boutique\\\/product\\\/ppvd-canine-om-obesity-management-small-mini\\\/#primaryimage\"},\"image\":{\"@id\":\"https:\\\/\\\/www.vetorino.com\\\/veterinaire\\\/briancon-05100\\\/boutique\\\/product\\\/ppvd-canine-om-obesity-management-small-mini\\\/#primaryimage\"},\"thumbnailUrl\":\"https:\\\/\\\/www.vetorino.com\\\/boutique\\\/wp-content\\\/uploads\\\/2025\\\/10\\\/20250327_155115_147_3UZD4LXEEA.jpg\",\"datePublished\":\"2025-10-15T10:32:52+00:00\",\"dateModified\":\"2025-10-22T13:54:38+00:00\",\"description\":\"Aliment di\u00e9t\u00e9tique sec complet pour chiens con\u00e7u pour favoriser une perte de poids efficace et r\u00e9guli\u00e8re chez les chiens adultes de petite et tr\u00e8s petite taille en surpoids. Caract\u00e9ristiques :\u00a0 Teneur \u00e9lev\u00e9e en prot\u00e9ine pour aider \u00e0 la perte de masse graisseuse tout en maintenant la masse musculaire. R\u00e9gime hypocalorique pour aider \u00e0 la perte de poids. Sources de glucides \u00e0 index glyc\u00e9mique bas pour aider \u00e0 la gestion nutritionnelle du diab\u00e8te sucr\u00e9. D\u00e9velopp\u00e9 par les v\u00e9t\u00e9rinaires et les nutritionnistes. Demander conseil \u00e0 un v\u00e9t\u00e9rinaire avant utilisation.\",\"breadcrumb\":{\"@id\":\"https:\\\/\\\/www.vetorino.com\\\/veterinaire\\\/briancon-05100\\\/boutique\\\/product\\\/ppvd-canine-om-obesity-management-small-mini\\\/#breadcrumb\"},\"inLanguage\":\"fr-FR\",\"potentialAction\":[{\"@type\":\"ReadAction\",\"target\":[\"https:\\\/\\\/www.vetorino.com\\\/veterinaire\\\/briancon-05100\\\/boutique\\\/product\\\/ppvd-canine-om-obesity-management-small-mini\\\/\"]}]},{\"@type\":\"ImageObject\",\"inLanguage\":\"fr-FR\",\"@id\":\"https:\\\/\\\/www.vetorino.com\\\/veterinaire\\\/briancon-05100\\\/boutique\\\/product\\\/ppvd-canine-om-obesity-management-small-mini\\\/#primaryimage\",\"url\":\"https:\\\/\\\/www.vetorino.com\\\/boutique\\\/wp-content\\\/uploads\\\/2025\\\/10\\\/20250327_155115_147_3UZD4LXEEA.jpg\",\"contentUrl\":\"https:\\\/\\\/www.vetorino.com\\\/boutique\\\/wp-content\\\/uploads\\\/2025\\\/10\\\/20250327_155115_147_3UZD4LXEEA.jpg\",\"width\":2000,\"height\":2000},{\"@type\":\"BreadcrumbList\",\"@id\":\"https:\\\/\\\/www.vetorino.com\\\/veterinaire\\\/briancon-05100\\\/boutique\\\/product\\\/ppvd-canine-om-obesity-management-small-mini\\\/#breadcrumb\",\"itemListElement\":[{\"@type\":\"ListItem\",\"position\":1,\"name\":\"Accueil\",\"item\":\"https:\\\/\\\/www.vetorino.com\\\/boutique\\\/\"},{\"@type\":\"ListItem\",\"position\":2,\"name\":\"Produits\",\"item\":\"https:\\\/\\\/www.vetorino.com\\\/boutique\\\/\"},{\"@type\":\"ListItem\",\"position\":3,\"name\":\"OM Obesity Management Small\\\/Mini &#8211; chien\"}]},{\"@type\":\"WebSite\",\"@id\":\"https:\\\/\\\/www.vetorino.com\\\/boutique\\\/#website\",\"url\":\"https:\\\/\\\/www.vetorino.com\\\/boutique\\\/\",\"name\":\"V\u00e9torino\",\"description\":\"\",\"publisher\":{\"@id\":\"https:\\\/\\\/www.vetorino.com\\\/boutique\\\/#organization\"},\"potentialAction\":[{\"@type\":\"SearchAction\",\"target\":{\"@type\":\"EntryPoint\",\"urlTemplate\":\"https:\\\/\\\/www.vetorino.com\\\/boutique\\\/?s={search_term_string}\"},\"query-input\":{\"@type\":\"PropertyValueSpecification\",\"valueRequired\":true,\"valueName\":\"search_term_string\"}}],\"inLanguage\":\"fr-FR\"},{\"@type\":\"Organization\",\"@id\":\"https:\\\/\\\/www.vetorino.com\\\/boutique\\\/#organization\",\"name\":\"V\u00e9torino\",\"url\":\"https:\\\/\\\/www.vetorino.com\\\/boutique\\\/\",\"logo\":{\"@type\":\"ImageObject\",\"inLanguage\":\"fr-FR\",\"@id\":\"https:\\\/\\\/www.vetorino.com\\\/boutique\\\/#\\\/schema\\\/logo\\\/image\\\/\",\"url\":\"https:\\\/\\\/www.vetorino.com\\\/boutique\\\/wp-content\\\/uploads\\\/2024\\\/10\\\/logo.jpg\",\"contentUrl\":\"https:\\\/\\\/www.vetorino.com\\\/boutique\\\/wp-content\\\/uploads\\\/2024\\\/10\\\/logo.jpg\",\"width\":1200,\"height\":610,\"caption\":\"V\u00e9torino\"},\"image\":{\"@id\":\"https:\\\/\\\/www.vetorino.com\\\/boutique\\\/#\\\/schema\\\/logo\\\/image\\\/\"},\"sameAs\":[\"https:\\\/\\\/www.facebook.com\\\/Vetorino\\\/\",\"https:\\\/\\\/www.instagram.com\\\/vetorino_off\\\/\",\"https:\\\/\\\/www.linkedin.com\\\/company\\\/vtorino\\\/\"]}]}<\/script>\n<meta property=\"product:brand\" content=\"Purina Pro Plan\" \/>\n<meta property=\"product:price:amount\" content=\"18.77\" \/>\n<meta property=\"product:price:currency\" content=\"EUR\" \/>\n<meta property=\"og:availability\" content=\"instock\" \/>\n<meta property=\"product:availability\" content=\"instock\" \/>\n<meta property=\"product:retailer_item_id\" content=\"A-1898420\" \/>\n<meta property=\"product:condition\" content=\"new\" \/>\n<!-- \/ Yoast SEO plugin. -->","yoast_head_json":{"title":"Proplan OM Obesity Management Small\/Mini - chien Purina Pro Plan - V\u00e9torino","description":"Aliment di\u00e9t\u00e9tique sec complet pour chiens con\u00e7u pour favoriser une perte de poids efficace et r\u00e9guli\u00e8re chez les chiens adultes de petite et tr\u00e8s petite taille en surpoids.  Caract\u00e9ristiques :\u00a0   Teneur \u00e9lev\u00e9e en prot\u00e9ine pour aider \u00e0 la perte de masse graisseuse tout en maintenant la masse musculaire.  R\u00e9gime hypocalorique pour aider \u00e0 la perte de poids.  Sources de glucides \u00e0 index glyc\u00e9mique bas pour aider \u00e0 la gestion nutritionnelle du diab\u00e8te sucr\u00e9.  D\u00e9velopp\u00e9 par les v\u00e9t\u00e9rinaires et les nutritionnistes.  Demander conseil \u00e0 un v\u00e9t\u00e9rinaire avant utilisation.","robots":{"index":"noindex","follow":"nofollow"},"og_locale":"fr_FR","og_type":"article","og_title":"Proplan OM Obesity Management Small\/Mini - chien Purina Pro Plan - V\u00e9torino","og_description":"Aliment di\u00e9t\u00e9tique sec complet pour chiens con\u00e7u pour favoriser une perte de poids efficace et r\u00e9guli\u00e8re chez les chiens adultes de petite et tr\u00e8s petite taille en surpoids.  Caract\u00e9ristiques :\u00a0   Teneur \u00e9lev\u00e9e en prot\u00e9ine pour aider \u00e0 la perte de masse graisseuse tout en maintenant la masse musculaire.  R\u00e9gime hypocalorique pour aider \u00e0 la perte de poids.  Sources de glucides \u00e0 index glyc\u00e9mique bas pour aider \u00e0 la gestion nutritionnelle du diab\u00e8te sucr\u00e9.  D\u00e9velopp\u00e9 par les v\u00e9t\u00e9rinaires et les nutritionnistes.  Demander conseil \u00e0 un v\u00e9t\u00e9rinaire avant utilisation.","og_url":"https:\/\/www.vetorino.com\/veterinaire\/beugnies-59216\/boutique\/product\/ppvd-canine-om-obesity-management-small-mini\/","og_site_name":"V\u00e9torino","article_publisher":"https:\/\/www.facebook.com\/Vetorino\/","article_modified_time":"2025-10-22T13:54:38+00:00","og_image":[{"width":2000,"height":2000,"url":"https:\/\/www.vetorino.com\/boutique\/wp-content\/uploads\/2025\/10\/20250327_155115_147_3UZD4LXEEA.jpg","type":"image\/jpeg"}],"twitter_card":"summary_large_image","twitter_misc":{"Prix":"18,77&euro;","Disponibilit\u00e9":"En stock"},"schema":{"@context":"https:\/\/schema.org","@graph":[{"@type":"WebPage","@id":"https:\/\/www.vetorino.com\/veterinaire\/briancon-05100\/boutique\/product\/ppvd-canine-om-obesity-management-small-mini\/","url":"https:\/\/www.vetorino.com\/veterinaire\/briancon-05100\/boutique\/product\/ppvd-canine-om-obesity-management-small-mini\/","name":"Proplan OM Obesity Management Small\/Mini - chien Purina Pro Plan - V\u00e9torino","isPartOf":{"@id":"https:\/\/www.vetorino.com\/boutique\/#website"},"primaryImageOfPage":{"@id":"https:\/\/www.vetorino.com\/veterinaire\/briancon-05100\/boutique\/product\/ppvd-canine-om-obesity-management-small-mini\/#primaryimage"},"image":{"@id":"https:\/\/www.vetorino.com\/veterinaire\/briancon-05100\/boutique\/product\/ppvd-canine-om-obesity-management-small-mini\/#primaryimage"},"thumbnailUrl":"https:\/\/www.vetorino.com\/boutique\/wp-content\/uploads\/2025\/10\/20250327_155115_147_3UZD4LXEEA.jpg","datePublished":"2025-10-15T10:32:52+00:00","dateModified":"2025-10-22T13:54:38+00:00","description":"Aliment di\u00e9t\u00e9tique sec complet pour chiens con\u00e7u pour favoriser une perte de poids efficace et r\u00e9guli\u00e8re chez les chiens adultes de petite et tr\u00e8s petite taille en surpoids. Caract\u00e9ristiques :\u00a0 Teneur \u00e9lev\u00e9e en prot\u00e9ine pour aider \u00e0 la perte de masse graisseuse tout en maintenant la masse musculaire. R\u00e9gime hypocalorique pour aider \u00e0 la perte de poids. Sources de glucides \u00e0 index glyc\u00e9mique bas pour aider \u00e0 la gestion nutritionnelle du diab\u00e8te sucr\u00e9. D\u00e9velopp\u00e9 par les v\u00e9t\u00e9rinaires et les nutritionnistes. Demander conseil \u00e0 un v\u00e9t\u00e9rinaire avant utilisation.","breadcrumb":{"@id":"https:\/\/www.vetorino.com\/veterinaire\/briancon-05100\/boutique\/product\/ppvd-canine-om-obesity-management-small-mini\/#breadcrumb"},"inLanguage":"fr-FR","potentialAction":[{"@type":"ReadAction","target":["https:\/\/www.vetorino.com\/veterinaire\/briancon-05100\/boutique\/product\/ppvd-canine-om-obesity-management-small-mini\/"]}]},{"@type":"ImageObject","inLanguage":"fr-FR","@id":"https:\/\/www.vetorino.com\/veterinaire\/briancon-05100\/boutique\/product\/ppvd-canine-om-obesity-management-small-mini\/#primaryimage","url":"https:\/\/www.vetorino.com\/boutique\/wp-content\/uploads\/2025\/10\/20250327_155115_147_3UZD4LXEEA.jpg","contentUrl":"https:\/\/www.vetorino.com\/boutique\/wp-content\/uploads\/2025\/10\/20250327_155115_147_3UZD4LXEEA.jpg","width":2000,"height":2000},{"@type":"BreadcrumbList","@id":"https:\/\/www.vetorino.com\/veterinaire\/briancon-05100\/boutique\/product\/ppvd-canine-om-obesity-management-small-mini\/#breadcrumb","itemListElement":[{"@type":"ListItem","position":1,"name":"Accueil","item":"https:\/\/www.vetorino.com\/boutique\/"},{"@type":"ListItem","position":2,"name":"Produits","item":"https:\/\/www.vetorino.com\/boutique\/"},{"@type":"ListItem","position":3,"name":"OM Obesity Management Small\/Mini &#8211; chien"}]},{"@type":"WebSite","@id":"https:\/\/www.vetorino.com\/boutique\/#website","url":"https:\/\/www.vetorino.com\/boutique\/","name":"V\u00e9torino","description":"","publisher":{"@id":"https:\/\/www.vetorino.com\/boutique\/#organization"},"potentialAction":[{"@type":"SearchAction","target":{"@type":"EntryPoint","urlTemplate":"https:\/\/www.vetorino.com\/boutique\/?s={search_term_string}"},"query-input":{"@type":"PropertyValueSpecification","valueRequired":true,"valueName":"search_term_string"}}],"inLanguage":"fr-FR"},{"@type":"Organization","@id":"https:\/\/www.vetorino.com\/boutique\/#organization","name":"V\u00e9torino","url":"https:\/\/www.vetorino.com\/boutique\/","logo":{"@type":"ImageObject","inLanguage":"fr-FR","@id":"https:\/\/www.vetorino.com\/boutique\/#\/schema\/logo\/image\/","url":"https:\/\/www.vetorino.com\/boutique\/wp-content\/uploads\/2024\/10\/logo.jpg","contentUrl":"https:\/\/www.vetorino.com\/boutique\/wp-content\/uploads\/2024\/10\/logo.jpg","width":1200,"height":610,"caption":"V\u00e9torino"},"image":{"@id":"https:\/\/www.vetorino.com\/boutique\/#\/schema\/logo\/image\/"},"sameAs":["https:\/\/www.facebook.com\/Vetorino\/","https:\/\/www.instagram.com\/vetorino_off\/","https:\/\/www.linkedin.com\/company\/vtorino\/"]}]},"product_brand":"Purina Pro Plan","product_price_amount":"18.77","product_price_currency":"EUR","og_availability":"instock","product_availability":"instock","product_retailer_item_id":"A-1898420","product_condition":"new"},"_links":{"self":[{"href":"https:\/\/www.vetorino.com\/veterinaire\/beugnies-59216\/boutique\/wp-json\/wp\/v2\/product\/1529418","targetHints":{"allow":["GET"]}}],"collection":[{"href":"https:\/\/www.vetorino.com\/veterinaire\/beugnies-59216\/boutique\/wp-json\/wp\/v2\/product"}],"about":[{"href":"https:\/\/www.vetorino.com\/veterinaire\/beugnies-59216\/boutique\/wp-json\/wp\/v2\/types\/product"}],"wp:featuredmedia":[{"embeddable":true,"href":"https:\/\/www.vetorino.com\/veterinaire\/beugnies-59216\/boutique\/wp-json\/wp\/v2\/media\/1538663"}],"wp:attachment":[{"href":"https:\/\/www.vetorino.com\/veterinaire\/beugnies-59216\/boutique\/wp-json\/wp\/v2\/media?parent=1529418"}],"wp:term":[{"taxonomy":"product_cat","embeddable":true,"href":"https:\/\/www.vetorino.com\/veterinaire\/beugnies-59216\/boutique\/wp-json\/wp\/v2\/product_cat?post=1529418"},{"taxonomy":"product_tag","embeddable":true,"href":"https:\/\/www.vetorino.com\/veterinaire\/beugnies-59216\/boutique\/wp-json\/wp\/v2\/product_tag?post=1529418"}],"curies":[{"name":"wp","href":"https:\/\/api.w.org\/{rel}","templated":true}]}}