{"id":1572551,"date":"2025-11-17T10:25:56","date_gmt":"2025-11-17T09:25:56","guid":{"rendered":"https:\/\/www.vetorino.com\/boutique\/product\/zenidog-gel-diffuseur-2\/"},"modified":"2025-11-17T10:35:17","modified_gmt":"2025-11-17T09:35:17","slug":"zenidog-gel-diffuseur-2","status":"publish","type":"product","link":"https:\/\/www.vetorino.com\/veterinaire\/beugnies-59216\/boutique\/product\/zenidog-gel-diffuseur-2\/","title":{"rendered":"Zenidog Gel Diffuseur &#8211; chien"},"content":{"rendered":"<p class=\"p1\"><strong>Zenidog\u00ae Gel diffuseur est un diffuseur de ph\u00e9romones maternelles canines.<\/strong><\/p>\n<p class=\"p1\">Zenidog\u00ae Gel diffuseur b\u00e9n\u00e9ficie d&#8217;une <strong>nouvelle technologie brevet\u00e9e<\/strong> qui lib\u00e8re progressivement les ph\u00e9romones.<\/p>\n<p class=\"p1\">Sans \u00e9lectricit\u00e9 :<strong> aucune prise \u00e9lectrique n\u00e9cessaire, aucune consommation d&#8217;\u00e9nergie<\/strong>. Un seul diffuseur <strong>couvre jusqu&#8217;\u00e0 70 m\u00b2<\/strong>.<\/p>\n<p class=\"p1\">Son action dure jusqu&#8217;\u00e0 2 mois et <strong>permet de r\u00e9duire les signes de stress jusqu&#8217;\u00e0 89%.<\/strong><\/p>\n<p class=\"p1\">Son<strong> format compact et portable<\/strong> le rend facile \u00e0 utiliser. C\u2019est une solution simple et efficace pour r\u00e9duire le stress o\u00f9 que vous soyez.<\/p>\n","protected":false},"excerpt":{"rendered":"<p class=\"p1\"><strong>Gel diffuseur apaisant pour chien<\/strong>, con\u00e7u pour am\u00e9liorer le comportement de votre animal.<\/p>\n<p class=\"p1\">Zenidog\u00ae Gel diffuseur est un <strong>diffuseur de ph\u00e9romones apaisantes pour chien qui fonctionne sans \u00e9lectricit\u00e9. <\/strong><\/p>\n<p class=\"p1\">Son action <strong>dure jusqu&#8217;\u00e0 2 mois<\/strong> et permet de<strong> r\u00e9duire les signes de stress jusqu&#8217;\u00e0 89 %.<\/strong><\/p>\n","protected":false},"featured_media":1572557,"template":"","meta":[],"product_cat":[2786,2698],"product_tag":[],"class_list":{"0":"post-1572551","1":"product","2":"type-product","3":"status-publish","4":"has-post-thumbnail","6":"product_cat-anti-stress-et-anxiete-du-chien","7":"product_cat-chien","8":"pa_marque-virbac","10":"first","11":"instock","12":"taxable","13":"shipping-taxable","14":"purchasable","15":"product-type-simple"},"yoast_head":"<!-- This site is optimized with the Yoast SEO plugin v27.3 - https:\/\/yoast.com\/product\/yoast-seo-wordpress\/ -->\n<title>Zenidog Gel Diffuseur - chien Virbac - V\u00e9torino<\/title>\n<meta name=\"description\" content=\"Gel diffuseur apaisant pour chien, con\u00e7u pour am\u00e9liorer le comportement de votre animal. Zenidog\u00ae Gel diffuseur est un diffuseur de ph\u00e9romones apaisantes pour chien qui fonctionne sans \u00e9lectricit\u00e9.  Son action dure jusqu&#039;\u00e0 2 mois et permet de r\u00e9duire les signes de stress jusqu&#039;\u00e0 89 %.\" \/>\n<meta name=\"robots\" content=\"noindex, nofollow\" \/>\n<meta property=\"og:locale\" content=\"fr_FR\" \/>\n<meta property=\"og:type\" content=\"article\" \/>\n<meta property=\"og:title\" content=\"Zenidog Gel Diffuseur - chien Virbac - V\u00e9torino\" \/>\n<meta property=\"og:description\" content=\"Gel diffuseur apaisant pour chien, con\u00e7u pour am\u00e9liorer le comportement de votre animal. Zenidog\u00ae Gel diffuseur est un diffuseur de ph\u00e9romones apaisantes pour chien qui fonctionne sans \u00e9lectricit\u00e9.  Son action dure jusqu&#039;\u00e0 2 mois et permet de r\u00e9duire les signes de stress jusqu&#039;\u00e0 89 %.\" \/>\n<meta property=\"og:url\" content=\"https:\/\/www.vetorino.com\/veterinaire\/beugnies-59216\/boutique\/product\/zenidog-gel-diffuseur-2\/\" \/>\n<meta property=\"og:site_name\" content=\"V\u00e9torino\" \/>\n<meta property=\"article:publisher\" content=\"https:\/\/www.facebook.com\/Vetorino\/\" \/>\n<meta property=\"article:modified_time\" content=\"2025-11-17T09:35:17+00:00\" \/>\n<meta property=\"og:image\" content=\"https:\/\/www.vetorino.com\/boutique\/wp-content\/uploads\/2025\/11\/eyJ3IjoyMDQ4LCJoIjoyMDQ4LCJzY29wZSI6ImFwcCJ9.webp\" \/>\n\t<meta property=\"og:image:width\" content=\"2048\" \/>\n\t<meta property=\"og:image:height\" content=\"2048\" \/>\n\t<meta property=\"og:image:type\" content=\"image\/webp\" \/>\n<meta name=\"twitter:card\" content=\"summary_large_image\" \/>\n<meta name=\"twitter:label1\" content=\"Prix\" \/>\n\t<meta name=\"twitter:data1\" content=\"35,83&euro;\" \/>\n\t<meta name=\"twitter:label2\" content=\"Disponibilit\u00e9\" \/>\n\t<meta name=\"twitter:data2\" content=\"En stock\" \/>\n<script type=\"application\/ld+json\" class=\"yoast-schema-graph\">{\"@context\":\"https:\\\/\\\/schema.org\",\"@graph\":[{\"@type\":\"WebPage\",\"@id\":\"https:\\\/\\\/www.vetorino.com\\\/boutique\\\/product\\\/zenidog-gel-diffuseur-2\\\/\",\"url\":\"https:\\\/\\\/www.vetorino.com\\\/boutique\\\/product\\\/zenidog-gel-diffuseur-2\\\/\",\"name\":\"Zenidog Gel Diffuseur - chien Virbac - V\u00e9torino\",\"isPartOf\":{\"@id\":\"https:\\\/\\\/www.vetorino.com\\\/boutique\\\/#website\"},\"primaryImageOfPage\":{\"@id\":\"https:\\\/\\\/www.vetorino.com\\\/boutique\\\/product\\\/zenidog-gel-diffuseur-2\\\/#primaryimage\"},\"image\":{\"@id\":\"https:\\\/\\\/www.vetorino.com\\\/boutique\\\/product\\\/zenidog-gel-diffuseur-2\\\/#primaryimage\"},\"thumbnailUrl\":\"https:\\\/\\\/www.vetorino.com\\\/boutique\\\/wp-content\\\/uploads\\\/2025\\\/11\\\/eyJ3IjoyMDQ4LCJoIjoyMDQ4LCJzY29wZSI6ImFwcCJ9.webp\",\"datePublished\":\"2025-11-17T09:25:56+00:00\",\"dateModified\":\"2025-11-17T09:35:17+00:00\",\"description\":\"Gel diffuseur apaisant pour chien, con\u00e7u pour am\u00e9liorer le comportement de votre animal. Zenidog\u00ae Gel diffuseur est un diffuseur de ph\u00e9romones apaisantes pour chien qui fonctionne sans \u00e9lectricit\u00e9. Son action dure jusqu'\u00e0 2 mois et permet de r\u00e9duire les signes de stress jusqu'\u00e0 89 %.\",\"breadcrumb\":{\"@id\":\"https:\\\/\\\/www.vetorino.com\\\/boutique\\\/product\\\/zenidog-gel-diffuseur-2\\\/#breadcrumb\"},\"inLanguage\":\"fr-FR\",\"potentialAction\":[{\"@type\":\"ReadAction\",\"target\":[\"https:\\\/\\\/www.vetorino.com\\\/boutique\\\/product\\\/zenidog-gel-diffuseur-2\\\/\"]}]},{\"@type\":\"ImageObject\",\"inLanguage\":\"fr-FR\",\"@id\":\"https:\\\/\\\/www.vetorino.com\\\/boutique\\\/product\\\/zenidog-gel-diffuseur-2\\\/#primaryimage\",\"url\":\"https:\\\/\\\/www.vetorino.com\\\/boutique\\\/wp-content\\\/uploads\\\/2025\\\/11\\\/eyJ3IjoyMDQ4LCJoIjoyMDQ4LCJzY29wZSI6ImFwcCJ9.webp\",\"contentUrl\":\"https:\\\/\\\/www.vetorino.com\\\/boutique\\\/wp-content\\\/uploads\\\/2025\\\/11\\\/eyJ3IjoyMDQ4LCJoIjoyMDQ4LCJzY29wZSI6ImFwcCJ9.webp\",\"width\":2048,\"height\":2048},{\"@type\":\"BreadcrumbList\",\"@id\":\"https:\\\/\\\/www.vetorino.com\\\/boutique\\\/product\\\/zenidog-gel-diffuseur-2\\\/#breadcrumb\",\"itemListElement\":[{\"@type\":\"ListItem\",\"position\":1,\"name\":\"Accueil\",\"item\":\"https:\\\/\\\/www.vetorino.com\\\/boutique\\\/\"},{\"@type\":\"ListItem\",\"position\":2,\"name\":\"Produits\",\"item\":\"https:\\\/\\\/www.vetorino.com\\\/boutique\\\/\"},{\"@type\":\"ListItem\",\"position\":3,\"name\":\"Zenidog Gel Diffuseur &#8211; chien\"}]},{\"@type\":\"WebSite\",\"@id\":\"https:\\\/\\\/www.vetorino.com\\\/boutique\\\/#website\",\"url\":\"https:\\\/\\\/www.vetorino.com\\\/boutique\\\/\",\"name\":\"V\u00e9torino\",\"description\":\"\",\"publisher\":{\"@id\":\"https:\\\/\\\/www.vetorino.com\\\/boutique\\\/#organization\"},\"potentialAction\":[{\"@type\":\"SearchAction\",\"target\":{\"@type\":\"EntryPoint\",\"urlTemplate\":\"https:\\\/\\\/www.vetorino.com\\\/boutique\\\/?s={search_term_string}\"},\"query-input\":{\"@type\":\"PropertyValueSpecification\",\"valueRequired\":true,\"valueName\":\"search_term_string\"}}],\"inLanguage\":\"fr-FR\"},{\"@type\":\"Organization\",\"@id\":\"https:\\\/\\\/www.vetorino.com\\\/boutique\\\/#organization\",\"name\":\"V\u00e9torino\",\"url\":\"https:\\\/\\\/www.vetorino.com\\\/boutique\\\/\",\"logo\":{\"@type\":\"ImageObject\",\"inLanguage\":\"fr-FR\",\"@id\":\"https:\\\/\\\/www.vetorino.com\\\/boutique\\\/#\\\/schema\\\/logo\\\/image\\\/\",\"url\":\"https:\\\/\\\/www.vetorino.com\\\/boutique\\\/wp-content\\\/uploads\\\/2024\\\/10\\\/logo.jpg\",\"contentUrl\":\"https:\\\/\\\/www.vetorino.com\\\/boutique\\\/wp-content\\\/uploads\\\/2024\\\/10\\\/logo.jpg\",\"width\":1200,\"height\":610,\"caption\":\"V\u00e9torino\"},\"image\":{\"@id\":\"https:\\\/\\\/www.vetorino.com\\\/boutique\\\/#\\\/schema\\\/logo\\\/image\\\/\"},\"sameAs\":[\"https:\\\/\\\/www.facebook.com\\\/Vetorino\\\/\",\"https:\\\/\\\/www.instagram.com\\\/vetorino_off\\\/\",\"https:\\\/\\\/www.linkedin.com\\\/company\\\/vtorino\\\/\"]}]}<\/script>\n<meta property=\"product:brand\" content=\"Virbac\" \/>\n<meta property=\"product:price:amount\" content=\"35.83\" \/>\n<meta property=\"product:price:currency\" content=\"EUR\" \/>\n<meta property=\"og:availability\" content=\"instock\" \/>\n<meta property=\"product:availability\" content=\"instock\" \/>\n<meta property=\"product:retailer_item_id\" content=\"A-1898930\" \/>\n<meta property=\"product:condition\" content=\"new\" \/>\n<!-- \/ Yoast SEO plugin. -->","yoast_head_json":{"title":"Zenidog Gel Diffuseur - chien Virbac - V\u00e9torino","description":"Gel diffuseur apaisant pour chien, con\u00e7u pour am\u00e9liorer le comportement de votre animal. Zenidog\u00ae Gel diffuseur est un diffuseur de ph\u00e9romones apaisantes pour chien qui fonctionne sans \u00e9lectricit\u00e9.  Son action dure jusqu'\u00e0 2 mois et permet de r\u00e9duire les signes de stress jusqu'\u00e0 89 %.","robots":{"index":"noindex","follow":"nofollow"},"og_locale":"fr_FR","og_type":"article","og_title":"Zenidog Gel Diffuseur - chien Virbac - V\u00e9torino","og_description":"Gel diffuseur apaisant pour chien, con\u00e7u pour am\u00e9liorer le comportement de votre animal. Zenidog\u00ae Gel diffuseur est un diffuseur de ph\u00e9romones apaisantes pour chien qui fonctionne sans \u00e9lectricit\u00e9.  Son action dure jusqu'\u00e0 2 mois et permet de r\u00e9duire les signes de stress jusqu'\u00e0 89 %.","og_url":"https:\/\/www.vetorino.com\/veterinaire\/beugnies-59216\/boutique\/product\/zenidog-gel-diffuseur-2\/","og_site_name":"V\u00e9torino","article_publisher":"https:\/\/www.facebook.com\/Vetorino\/","article_modified_time":"2025-11-17T09:35:17+00:00","og_image":[{"width":2048,"height":2048,"url":"https:\/\/www.vetorino.com\/boutique\/wp-content\/uploads\/2025\/11\/eyJ3IjoyMDQ4LCJoIjoyMDQ4LCJzY29wZSI6ImFwcCJ9.webp","type":"image\/webp"}],"twitter_card":"summary_large_image","twitter_misc":{"Prix":"35,83&euro;","Disponibilit\u00e9":"En stock"},"schema":{"@context":"https:\/\/schema.org","@graph":[{"@type":"WebPage","@id":"https:\/\/www.vetorino.com\/boutique\/product\/zenidog-gel-diffuseur-2\/","url":"https:\/\/www.vetorino.com\/boutique\/product\/zenidog-gel-diffuseur-2\/","name":"Zenidog Gel Diffuseur - chien Virbac - V\u00e9torino","isPartOf":{"@id":"https:\/\/www.vetorino.com\/boutique\/#website"},"primaryImageOfPage":{"@id":"https:\/\/www.vetorino.com\/boutique\/product\/zenidog-gel-diffuseur-2\/#primaryimage"},"image":{"@id":"https:\/\/www.vetorino.com\/boutique\/product\/zenidog-gel-diffuseur-2\/#primaryimage"},"thumbnailUrl":"https:\/\/www.vetorino.com\/boutique\/wp-content\/uploads\/2025\/11\/eyJ3IjoyMDQ4LCJoIjoyMDQ4LCJzY29wZSI6ImFwcCJ9.webp","datePublished":"2025-11-17T09:25:56+00:00","dateModified":"2025-11-17T09:35:17+00:00","description":"Gel diffuseur apaisant pour chien, con\u00e7u pour am\u00e9liorer le comportement de votre animal. Zenidog\u00ae Gel diffuseur est un diffuseur de ph\u00e9romones apaisantes pour chien qui fonctionne sans \u00e9lectricit\u00e9. Son action dure jusqu'\u00e0 2 mois et permet de r\u00e9duire les signes de stress jusqu'\u00e0 89 %.","breadcrumb":{"@id":"https:\/\/www.vetorino.com\/boutique\/product\/zenidog-gel-diffuseur-2\/#breadcrumb"},"inLanguage":"fr-FR","potentialAction":[{"@type":"ReadAction","target":["https:\/\/www.vetorino.com\/boutique\/product\/zenidog-gel-diffuseur-2\/"]}]},{"@type":"ImageObject","inLanguage":"fr-FR","@id":"https:\/\/www.vetorino.com\/boutique\/product\/zenidog-gel-diffuseur-2\/#primaryimage","url":"https:\/\/www.vetorino.com\/boutique\/wp-content\/uploads\/2025\/11\/eyJ3IjoyMDQ4LCJoIjoyMDQ4LCJzY29wZSI6ImFwcCJ9.webp","contentUrl":"https:\/\/www.vetorino.com\/boutique\/wp-content\/uploads\/2025\/11\/eyJ3IjoyMDQ4LCJoIjoyMDQ4LCJzY29wZSI6ImFwcCJ9.webp","width":2048,"height":2048},{"@type":"BreadcrumbList","@id":"https:\/\/www.vetorino.com\/boutique\/product\/zenidog-gel-diffuseur-2\/#breadcrumb","itemListElement":[{"@type":"ListItem","position":1,"name":"Accueil","item":"https:\/\/www.vetorino.com\/boutique\/"},{"@type":"ListItem","position":2,"name":"Produits","item":"https:\/\/www.vetorino.com\/boutique\/"},{"@type":"ListItem","position":3,"name":"Zenidog Gel Diffuseur &#8211; chien"}]},{"@type":"WebSite","@id":"https:\/\/www.vetorino.com\/boutique\/#website","url":"https:\/\/www.vetorino.com\/boutique\/","name":"V\u00e9torino","description":"","publisher":{"@id":"https:\/\/www.vetorino.com\/boutique\/#organization"},"potentialAction":[{"@type":"SearchAction","target":{"@type":"EntryPoint","urlTemplate":"https:\/\/www.vetorino.com\/boutique\/?s={search_term_string}"},"query-input":{"@type":"PropertyValueSpecification","valueRequired":true,"valueName":"search_term_string"}}],"inLanguage":"fr-FR"},{"@type":"Organization","@id":"https:\/\/www.vetorino.com\/boutique\/#organization","name":"V\u00e9torino","url":"https:\/\/www.vetorino.com\/boutique\/","logo":{"@type":"ImageObject","inLanguage":"fr-FR","@id":"https:\/\/www.vetorino.com\/boutique\/#\/schema\/logo\/image\/","url":"https:\/\/www.vetorino.com\/boutique\/wp-content\/uploads\/2024\/10\/logo.jpg","contentUrl":"https:\/\/www.vetorino.com\/boutique\/wp-content\/uploads\/2024\/10\/logo.jpg","width":1200,"height":610,"caption":"V\u00e9torino"},"image":{"@id":"https:\/\/www.vetorino.com\/boutique\/#\/schema\/logo\/image\/"},"sameAs":["https:\/\/www.facebook.com\/Vetorino\/","https:\/\/www.instagram.com\/vetorino_off\/","https:\/\/www.linkedin.com\/company\/vtorino\/"]}]},"product_brand":"Virbac","product_price_amount":"35.83","product_price_currency":"EUR","og_availability":"instock","product_availability":"instock","product_retailer_item_id":"A-1898930","product_condition":"new"},"_links":{"self":[{"href":"https:\/\/www.vetorino.com\/veterinaire\/beugnies-59216\/boutique\/wp-json\/wp\/v2\/product\/1572551","targetHints":{"allow":["GET"]}}],"collection":[{"href":"https:\/\/www.vetorino.com\/veterinaire\/beugnies-59216\/boutique\/wp-json\/wp\/v2\/product"}],"about":[{"href":"https:\/\/www.vetorino.com\/veterinaire\/beugnies-59216\/boutique\/wp-json\/wp\/v2\/types\/product"}],"wp:featuredmedia":[{"embeddable":true,"href":"https:\/\/www.vetorino.com\/veterinaire\/beugnies-59216\/boutique\/wp-json\/wp\/v2\/media\/1572557"}],"wp:attachment":[{"href":"https:\/\/www.vetorino.com\/veterinaire\/beugnies-59216\/boutique\/wp-json\/wp\/v2\/media?parent=1572551"}],"wp:term":[{"taxonomy":"product_cat","embeddable":true,"href":"https:\/\/www.vetorino.com\/veterinaire\/beugnies-59216\/boutique\/wp-json\/wp\/v2\/product_cat?post=1572551"},{"taxonomy":"product_tag","embeddable":true,"href":"https:\/\/www.vetorino.com\/veterinaire\/beugnies-59216\/boutique\/wp-json\/wp\/v2\/product_tag?post=1572551"}],"curies":[{"name":"wp","href":"https:\/\/api.w.org\/{rel}","templated":true}]}}