{"id":1605542,"date":"2025-12-10T11:18:29","date_gmt":"2025-12-10T10:18:29","guid":{"rendered":"https:\/\/www.vetorino.com\/boutique\/product\/cazomag-90\/"},"modified":"2026-01-05T14:26:42","modified_gmt":"2026-01-05T13:26:42","slug":"cazomag-90","status":"publish","type":"product","link":"https:\/\/www.vetorino.com\/veterinaire\/beugnies-59216\/boutique\/product\/cazomag-90\/","title":{"rendered":"Cazomag 90 &#8211; chien, chat"},"content":{"rendered":"<p><strong>Aliment compl\u00e9mentaire<\/strong> en comprim\u00e9s qui vise \u00e0 <strong>soutenir le bien-\u00eatre \u00e9motionnel des animaux dans la vie quotidienne.<\/strong><\/p>\n<p><strong>Utilisation :<\/strong><\/p>\n<ul>\n<li>Apaise les chiens et les chats lors de situations difficiles ponctuelles ou de longue dur\u00e9e.<\/li>\n<li>Am\u00e9liore la concentration lors d\u2019apprentissage ou d\u2019\u00e9ducation.<\/li>\n<\/ul>\n<p><strong>Dur\u00e9e d\u2019utilisation :<\/strong><\/p>\n<ul>\n<li>\u00c9v\u00e9nement difficile ponctuel : 5 \u00e0 7 jours avant l\u2019\u00e9v\u00e9nement.<\/li>\n<li>\u00c9v\u00e9nement difficile de longue dur\u00e9e : utiliser pendant 1 \u00e0 2 mois \u00e0 renouveler ou prolonger si n\u00e9cessaire.<\/li>\n<\/ul>\n<p>Avant utilisation ou avant prolongation de la dur\u00e9e d\u2019utilisation, il est recommand\u00e9 de <strong>demander l\u2019avis d\u2019un v\u00e9t\u00e9rinaire.<\/strong><\/p>\n<p><strong>\u00a0Mode d&#8217;emploi :<\/strong><\/p>\n<p><em>Voie orale. La dose conseill\u00e9e \u00e0 administrer est la suivante : 1 comprim\u00e9 pour un animal de 6 kg. Administrer Cazomag en une seule prise par jour, pendant ou en dehors des repas.\u00a0<\/em><\/p>\n<ul>\n<li><em>Les comprim\u00e9s sont s\u00e9cables en 2 ou en 4 parties \u00e9gales et peuvent \u00eatre administr\u00e9s comme une friandise ou \u00e9cras\u00e9s dans de la nourriture.\u00a0<\/em><\/li>\n<li><em>Moiti\u00e9s : appuyer avec les doigts sur les deux c\u00f4t\u00e9s du comprim\u00e9.<\/em><\/li>\n<li><em>Quartiers : appuyer avec un doigt sur le milieu du comprim\u00e9.<\/em><\/li>\n<\/ul>\n<p>Laisser en permanence un acc\u00e8s libre \u00e0 l\u2019eau.<\/p>\n<p><strong>\u00a0Avantages :<\/strong><\/p>\n<p>Cazomag est formul\u00e9 \u00e0 partir d\u2019ingr\u00e9dients aux propri\u00e9t\u00e9s compl\u00e9mentaires pour renforcer le syst\u00e8me cognitif des chiens et des chats :<\/p>\n<ul>\n<li>L\u2019hydrolysat trypsique de cas\u00e9ine, qui contient de l\u2019\u03b1-casoz\u00e9pine, un peptide aux propri\u00e9t\u00e9s relaxantes,<\/li>\n<li>Le Bisglycinate de Magn\u00e9sium, sel hautement biodisponible de Magn\u00e9sium, participe au bon \u00e9quilibre \u00e9motionnel,<\/li>\n<li>Le Tryptophane participe \u00e0 la synth\u00e8se de mol\u00e9cules impliqu\u00e9es dans la r\u00e9gulation de l\u2019humeur, du sommeil et de l\u2019app\u00e9tit.<\/li>\n<\/ul>\n<p>Sa composition enrichie participe \u00e0 la r\u00e9gulation des \u00e9motions chez le chien et le chat et soutient le bien-\u00eatre \u00e9motionnel des animaux dans la vie quotidienne.<\/p>\n<p>Cazomag est <strong>formul\u00e9 avec des compos\u00e9s naturels<\/strong> pour<strong> favoriser le calme et la s\u00e9r\u00e9nit\u00e9 chez le chien et le chat.<\/strong><\/p>\n","protected":false},"excerpt":{"rendered":"<p><strong>Aliment compl\u00e9mentaire<\/strong> en comprim\u00e9s qui vise \u00e0 <strong>soutenir le bien-\u00eatre \u00e9motionnel des animaux dans la vie quotidienne.\u00a0<\/strong><\/p>\n<p><strong>\u00a0Utilisation :\u00a0<\/strong><\/p>\n<ul>\n<li>Apaise les chiens et les chats lors de situations difficiles ponctuelles ou de longue dur\u00e9e.<\/li>\n<li>Am\u00e9liore la concentration lors d\u2019apprentissage ou d\u2019\u00e9ducation.<\/li>\n<\/ul>\n","protected":false},"featured_media":1642048,"template":"","meta":[],"product_cat":[2730,2738,2697,2698],"product_tag":[],"class_list":{"0":"post-1605542","1":"product","2":"type-product","3":"status-publish","4":"has-post-thumbnail","6":"product_cat-aliments-complementaires-pour-chat","7":"product_cat-aliments-complementaires-pour-chien","8":"product_cat-chat","9":"product_cat-chien","10":"pa_marque-animal-nutrition","12":"first","13":"instock","14":"taxable","15":"shipping-taxable","16":"purchasable","17":"product-type-variable"},"yoast_head":"<!-- This site is optimized with the Yoast SEO plugin v27.3 - https:\/\/yoast.com\/product\/yoast-seo-wordpress\/ -->\n<title>Cazomag 90 - chien, chat Anidev - V\u00e9torino<\/title>\n<meta name=\"description\" content=\"Aliment compl\u00e9mentaire en comprim\u00e9s qui vise \u00e0 soutenir le bien-\u00eatre \u00e9motionnel des animaux dans la vie quotidienne.\u00a0  \u00a0Utilisation :\u00a0   Apaise les chiens et les chats lors de situations difficiles ponctuelles ou de longue dur\u00e9e.  Am\u00e9liore la concentration lors d\u2019apprentissage ou d\u2019\u00e9ducation.\" \/>\n<meta name=\"robots\" content=\"noindex, nofollow\" \/>\n<meta property=\"og:locale\" content=\"fr_FR\" \/>\n<meta property=\"og:type\" content=\"article\" \/>\n<meta property=\"og:title\" content=\"Cazomag 90 - chien, chat Anidev - V\u00e9torino\" \/>\n<meta property=\"og:description\" content=\"Aliment compl\u00e9mentaire en comprim\u00e9s qui vise \u00e0 soutenir le bien-\u00eatre \u00e9motionnel des animaux dans la vie quotidienne.\u00a0  \u00a0Utilisation :\u00a0   Apaise les chiens et les chats lors de situations difficiles ponctuelles ou de longue dur\u00e9e.  Am\u00e9liore la concentration lors d\u2019apprentissage ou d\u2019\u00e9ducation.\" \/>\n<meta property=\"og:url\" content=\"https:\/\/www.vetorino.com\/veterinaire\/beugnies-59216\/boutique\/product\/cazomag-90\/\" \/>\n<meta property=\"og:site_name\" content=\"V\u00e9torino\" \/>\n<meta property=\"article:publisher\" content=\"https:\/\/www.facebook.com\/Vetorino\/\" \/>\n<meta property=\"article:modified_time\" content=\"2026-01-05T13:26:42+00:00\" \/>\n<meta property=\"og:image\" content=\"https:\/\/www.vetorino.com\/boutique\/wp-content\/uploads\/2025\/12\/cazomag-90-mg.webp\" \/>\n\t<meta property=\"og:image:width\" content=\"800\" \/>\n\t<meta property=\"og:image:height\" content=\"800\" \/>\n\t<meta property=\"og:image:type\" content=\"image\/webp\" \/>\n<meta name=\"twitter:card\" content=\"summary_large_image\" \/>\n<meta name=\"twitter:label1\" content=\"Disponibilit\u00e9\" \/>\n\t<meta name=\"twitter:data1\" content=\"En stock\" \/>\n<script type=\"application\/ld+json\" class=\"yoast-schema-graph\">{\"@context\":\"https:\\\/\\\/schema.org\",\"@graph\":[{\"@type\":\"WebPage\",\"@id\":\"https:\\\/\\\/www.vetorino.com\\\/boutique\\\/product\\\/cazomag-90\\\/\",\"url\":\"https:\\\/\\\/www.vetorino.com\\\/boutique\\\/product\\\/cazomag-90\\\/\",\"name\":\"Cazomag 90 - chien, chat Anidev - V\u00e9torino\",\"isPartOf\":{\"@id\":\"https:\\\/\\\/www.vetorino.com\\\/boutique\\\/#website\"},\"primaryImageOfPage\":{\"@id\":\"https:\\\/\\\/www.vetorino.com\\\/boutique\\\/product\\\/cazomag-90\\\/#primaryimage\"},\"image\":{\"@id\":\"https:\\\/\\\/www.vetorino.com\\\/boutique\\\/product\\\/cazomag-90\\\/#primaryimage\"},\"thumbnailUrl\":\"https:\\\/\\\/www.vetorino.com\\\/boutique\\\/wp-content\\\/uploads\\\/2025\\\/12\\\/cazomag-90-mg.webp\",\"datePublished\":\"2025-12-10T10:18:29+00:00\",\"dateModified\":\"2026-01-05T13:26:42+00:00\",\"description\":\"Aliment compl\u00e9mentaire en comprim\u00e9s qui vise \u00e0 soutenir le bien-\u00eatre \u00e9motionnel des animaux dans la vie quotidienne.\u00a0 \u00a0Utilisation :\u00a0 Apaise les chiens et les chats lors de situations difficiles ponctuelles ou de longue dur\u00e9e. Am\u00e9liore la concentration lors d\u2019apprentissage ou d\u2019\u00e9ducation.\",\"breadcrumb\":{\"@id\":\"https:\\\/\\\/www.vetorino.com\\\/boutique\\\/product\\\/cazomag-90\\\/#breadcrumb\"},\"inLanguage\":\"fr-FR\",\"potentialAction\":[{\"@type\":\"ReadAction\",\"target\":[\"https:\\\/\\\/www.vetorino.com\\\/boutique\\\/product\\\/cazomag-90\\\/\"]}]},{\"@type\":\"ImageObject\",\"inLanguage\":\"fr-FR\",\"@id\":\"https:\\\/\\\/www.vetorino.com\\\/boutique\\\/product\\\/cazomag-90\\\/#primaryimage\",\"url\":\"https:\\\/\\\/www.vetorino.com\\\/boutique\\\/wp-content\\\/uploads\\\/2025\\\/12\\\/cazomag-90-mg.webp\",\"contentUrl\":\"https:\\\/\\\/www.vetorino.com\\\/boutique\\\/wp-content\\\/uploads\\\/2025\\\/12\\\/cazomag-90-mg.webp\",\"width\":800,\"height\":800},{\"@type\":\"BreadcrumbList\",\"@id\":\"https:\\\/\\\/www.vetorino.com\\\/boutique\\\/product\\\/cazomag-90\\\/#breadcrumb\",\"itemListElement\":[{\"@type\":\"ListItem\",\"position\":1,\"name\":\"Accueil\",\"item\":\"https:\\\/\\\/www.vetorino.com\\\/boutique\\\/\"},{\"@type\":\"ListItem\",\"position\":2,\"name\":\"Produits\",\"item\":\"https:\\\/\\\/www.vetorino.com\\\/boutique\\\/\"},{\"@type\":\"ListItem\",\"position\":3,\"name\":\"Cazomag 90 &#8211; chien, chat\"}]},{\"@type\":\"WebSite\",\"@id\":\"https:\\\/\\\/www.vetorino.com\\\/boutique\\\/#website\",\"url\":\"https:\\\/\\\/www.vetorino.com\\\/boutique\\\/\",\"name\":\"V\u00e9torino\",\"description\":\"\",\"publisher\":{\"@id\":\"https:\\\/\\\/www.vetorino.com\\\/boutique\\\/#organization\"},\"potentialAction\":[{\"@type\":\"SearchAction\",\"target\":{\"@type\":\"EntryPoint\",\"urlTemplate\":\"https:\\\/\\\/www.vetorino.com\\\/boutique\\\/?s={search_term_string}\"},\"query-input\":{\"@type\":\"PropertyValueSpecification\",\"valueRequired\":true,\"valueName\":\"search_term_string\"}}],\"inLanguage\":\"fr-FR\"},{\"@type\":\"Organization\",\"@id\":\"https:\\\/\\\/www.vetorino.com\\\/boutique\\\/#organization\",\"name\":\"V\u00e9torino\",\"url\":\"https:\\\/\\\/www.vetorino.com\\\/boutique\\\/\",\"logo\":{\"@type\":\"ImageObject\",\"inLanguage\":\"fr-FR\",\"@id\":\"https:\\\/\\\/www.vetorino.com\\\/boutique\\\/#\\\/schema\\\/logo\\\/image\\\/\",\"url\":\"https:\\\/\\\/www.vetorino.com\\\/boutique\\\/wp-content\\\/uploads\\\/2024\\\/10\\\/logo.jpg\",\"contentUrl\":\"https:\\\/\\\/www.vetorino.com\\\/boutique\\\/wp-content\\\/uploads\\\/2024\\\/10\\\/logo.jpg\",\"width\":1200,\"height\":610,\"caption\":\"V\u00e9torino\"},\"image\":{\"@id\":\"https:\\\/\\\/www.vetorino.com\\\/boutique\\\/#\\\/schema\\\/logo\\\/image\\\/\"},\"sameAs\":[\"https:\\\/\\\/www.facebook.com\\\/Vetorino\\\/\",\"https:\\\/\\\/www.instagram.com\\\/vetorino_off\\\/\",\"https:\\\/\\\/www.linkedin.com\\\/company\\\/vtorino\\\/\"]}]}<\/script>\n<meta property=\"product:brand\" content=\"Anidev\" \/>\n<meta property=\"og:availability\" content=\"instock\" \/>\n<meta property=\"product:availability\" content=\"instock\" \/>\n<meta property=\"product:condition\" content=\"new\" \/>\n<!-- \/ Yoast SEO plugin. -->","yoast_head_json":{"title":"Cazomag 90 - chien, chat Anidev - V\u00e9torino","description":"Aliment compl\u00e9mentaire en comprim\u00e9s qui vise \u00e0 soutenir le bien-\u00eatre \u00e9motionnel des animaux dans la vie quotidienne.\u00a0  \u00a0Utilisation :\u00a0   Apaise les chiens et les chats lors de situations difficiles ponctuelles ou de longue dur\u00e9e.  Am\u00e9liore la concentration lors d\u2019apprentissage ou d\u2019\u00e9ducation.","robots":{"index":"noindex","follow":"nofollow"},"og_locale":"fr_FR","og_type":"article","og_title":"Cazomag 90 - chien, chat Anidev - V\u00e9torino","og_description":"Aliment compl\u00e9mentaire en comprim\u00e9s qui vise \u00e0 soutenir le bien-\u00eatre \u00e9motionnel des animaux dans la vie quotidienne.\u00a0  \u00a0Utilisation :\u00a0   Apaise les chiens et les chats lors de situations difficiles ponctuelles ou de longue dur\u00e9e.  Am\u00e9liore la concentration lors d\u2019apprentissage ou d\u2019\u00e9ducation.","og_url":"https:\/\/www.vetorino.com\/veterinaire\/beugnies-59216\/boutique\/product\/cazomag-90\/","og_site_name":"V\u00e9torino","article_publisher":"https:\/\/www.facebook.com\/Vetorino\/","article_modified_time":"2026-01-05T13:26:42+00:00","og_image":[{"width":800,"height":800,"url":"https:\/\/www.vetorino.com\/boutique\/wp-content\/uploads\/2025\/12\/cazomag-90-mg.webp","type":"image\/webp"}],"twitter_card":"summary_large_image","twitter_misc":{"Disponibilit\u00e9":"En stock"},"schema":{"@context":"https:\/\/schema.org","@graph":[{"@type":"WebPage","@id":"https:\/\/www.vetorino.com\/boutique\/product\/cazomag-90\/","url":"https:\/\/www.vetorino.com\/boutique\/product\/cazomag-90\/","name":"Cazomag 90 - chien, chat Anidev - V\u00e9torino","isPartOf":{"@id":"https:\/\/www.vetorino.com\/boutique\/#website"},"primaryImageOfPage":{"@id":"https:\/\/www.vetorino.com\/boutique\/product\/cazomag-90\/#primaryimage"},"image":{"@id":"https:\/\/www.vetorino.com\/boutique\/product\/cazomag-90\/#primaryimage"},"thumbnailUrl":"https:\/\/www.vetorino.com\/boutique\/wp-content\/uploads\/2025\/12\/cazomag-90-mg.webp","datePublished":"2025-12-10T10:18:29+00:00","dateModified":"2026-01-05T13:26:42+00:00","description":"Aliment compl\u00e9mentaire en comprim\u00e9s qui vise \u00e0 soutenir le bien-\u00eatre \u00e9motionnel des animaux dans la vie quotidienne.\u00a0 \u00a0Utilisation :\u00a0 Apaise les chiens et les chats lors de situations difficiles ponctuelles ou de longue dur\u00e9e. Am\u00e9liore la concentration lors d\u2019apprentissage ou d\u2019\u00e9ducation.","breadcrumb":{"@id":"https:\/\/www.vetorino.com\/boutique\/product\/cazomag-90\/#breadcrumb"},"inLanguage":"fr-FR","potentialAction":[{"@type":"ReadAction","target":["https:\/\/www.vetorino.com\/boutique\/product\/cazomag-90\/"]}]},{"@type":"ImageObject","inLanguage":"fr-FR","@id":"https:\/\/www.vetorino.com\/boutique\/product\/cazomag-90\/#primaryimage","url":"https:\/\/www.vetorino.com\/boutique\/wp-content\/uploads\/2025\/12\/cazomag-90-mg.webp","contentUrl":"https:\/\/www.vetorino.com\/boutique\/wp-content\/uploads\/2025\/12\/cazomag-90-mg.webp","width":800,"height":800},{"@type":"BreadcrumbList","@id":"https:\/\/www.vetorino.com\/boutique\/product\/cazomag-90\/#breadcrumb","itemListElement":[{"@type":"ListItem","position":1,"name":"Accueil","item":"https:\/\/www.vetorino.com\/boutique\/"},{"@type":"ListItem","position":2,"name":"Produits","item":"https:\/\/www.vetorino.com\/boutique\/"},{"@type":"ListItem","position":3,"name":"Cazomag 90 &#8211; chien, chat"}]},{"@type":"WebSite","@id":"https:\/\/www.vetorino.com\/boutique\/#website","url":"https:\/\/www.vetorino.com\/boutique\/","name":"V\u00e9torino","description":"","publisher":{"@id":"https:\/\/www.vetorino.com\/boutique\/#organization"},"potentialAction":[{"@type":"SearchAction","target":{"@type":"EntryPoint","urlTemplate":"https:\/\/www.vetorino.com\/boutique\/?s={search_term_string}"},"query-input":{"@type":"PropertyValueSpecification","valueRequired":true,"valueName":"search_term_string"}}],"inLanguage":"fr-FR"},{"@type":"Organization","@id":"https:\/\/www.vetorino.com\/boutique\/#organization","name":"V\u00e9torino","url":"https:\/\/www.vetorino.com\/boutique\/","logo":{"@type":"ImageObject","inLanguage":"fr-FR","@id":"https:\/\/www.vetorino.com\/boutique\/#\/schema\/logo\/image\/","url":"https:\/\/www.vetorino.com\/boutique\/wp-content\/uploads\/2024\/10\/logo.jpg","contentUrl":"https:\/\/www.vetorino.com\/boutique\/wp-content\/uploads\/2024\/10\/logo.jpg","width":1200,"height":610,"caption":"V\u00e9torino"},"image":{"@id":"https:\/\/www.vetorino.com\/boutique\/#\/schema\/logo\/image\/"},"sameAs":["https:\/\/www.facebook.com\/Vetorino\/","https:\/\/www.instagram.com\/vetorino_off\/","https:\/\/www.linkedin.com\/company\/vtorino\/"]}]},"product_brand":"Anidev","og_availability":"instock","product_availability":"instock","product_condition":"new"},"_links":{"self":[{"href":"https:\/\/www.vetorino.com\/veterinaire\/beugnies-59216\/boutique\/wp-json\/wp\/v2\/product\/1605542","targetHints":{"allow":["GET"]}}],"collection":[{"href":"https:\/\/www.vetorino.com\/veterinaire\/beugnies-59216\/boutique\/wp-json\/wp\/v2\/product"}],"about":[{"href":"https:\/\/www.vetorino.com\/veterinaire\/beugnies-59216\/boutique\/wp-json\/wp\/v2\/types\/product"}],"wp:featuredmedia":[{"embeddable":true,"href":"https:\/\/www.vetorino.com\/veterinaire\/beugnies-59216\/boutique\/wp-json\/wp\/v2\/media\/1642048"}],"wp:attachment":[{"href":"https:\/\/www.vetorino.com\/veterinaire\/beugnies-59216\/boutique\/wp-json\/wp\/v2\/media?parent=1605542"}],"wp:term":[{"taxonomy":"product_cat","embeddable":true,"href":"https:\/\/www.vetorino.com\/veterinaire\/beugnies-59216\/boutique\/wp-json\/wp\/v2\/product_cat?post=1605542"},{"taxonomy":"product_tag","embeddable":true,"href":"https:\/\/www.vetorino.com\/veterinaire\/beugnies-59216\/boutique\/wp-json\/wp\/v2\/product_tag?post=1605542"}],"curies":[{"name":"wp","href":"https:\/\/api.w.org\/{rel}","templated":true}]}}