{"id":1675389,"date":"2026-01-27T16:03:50","date_gmt":"2026-01-27T15:03:50","guid":{"rendered":"https:\/\/www.vetorino.com\/boutique\/product\/lessive-odor-eliminator\/"},"modified":"2026-01-29T15:42:09","modified_gmt":"2026-01-29T14:42:09","slug":"lessive-odor-eliminator","status":"publish","type":"product","link":"https:\/\/www.vetorino.com\/veterinaire\/beugnies-59216\/boutique\/product\/lessive-odor-eliminator\/","title":{"rendered":"Lessive Odor Eliminator"},"content":{"rendered":"<p><strong>VetExpert Lessive Odor Eliminator\u00a0<\/strong>en flacon de 950 ml est un produit uniquement pour la machine \u00e0 laver.<\/p>\n<p>S\u2019utilise comme un\u00a0<strong>additif<\/strong>\u00a0aux agents de lavage.<\/p>\n<p>Il<strong>\u00a0permet d\u2019\u00e9liminer les odeurs<\/strong>\u00a0d\u00e9sagr\u00e9ables et persistantes de vos animaux de compagnie.<\/p>\n<p><strong>Bienfaits essentiels :<\/strong><\/p>\n<ul>\n<li>D\u00e9truire les odeurs les plus fortes (couvertures, serviettes, blouses et v\u00eatements..)<\/li>\n<li>Avec ce flacon de 950 ml il est possible de traiter\u00a064 cycles de lavage.<\/li>\n<\/ul>\n","protected":false},"excerpt":{"rendered":"<p><strong>VetExpert Lessive Odor Eliminator\u00a0<\/strong>en flacon de 950 ml est un produit uniquement pour la machine \u00e0 laver.<\/p>\n<p>S\u2019utilise comme un\u00a0<strong>additif<\/strong>\u00a0aux agents de lavage.<\/p>\n<p>Il<strong>\u00a0permet d\u2019\u00e9liminer les odeurs<\/strong>\u00a0d\u00e9sagr\u00e9ables et persistantes de vos animaux de compagnie.<\/p>\n<p><strong>Bienfaits essentiels :<\/strong><\/p>\n<ul>\n<li>D\u00e9truire les odeurs les plus fortes (couvertures, serviettes, blouses et v\u00eatements..)<\/li>\n<li>Avec ce flacon de 950 ml il est possible de traiter\u00a064 cycles de lavage.<\/li>\n<\/ul>\n","protected":false},"featured_media":1678541,"template":"","meta":[],"product_cat":[2697,2698,2816,12648,12649],"product_tag":[],"class_list":{"0":"post-1675389","1":"product","2":"type-product","3":"status-publish","4":"has-post-thumbnail","6":"product_cat-chat","7":"product_cat-chien","8":"product_cat-habitat-du-lapin-et-du-rongeur","9":"product_cat-traitement-de-lhabitat-du-chat","10":"product_cat-traitement-de-lhabitat-du-chien","11":"pa_marque-vetexpert","13":"first","14":"instock","15":"taxable","16":"shipping-taxable","17":"purchasable","18":"product-type-simple"},"yoast_head":"<!-- This site is optimized with the Yoast SEO plugin v27.3 - https:\/\/yoast.com\/product\/yoast-seo-wordpress\/ -->\n<title>Lessive Odor Eliminator Vetexpert - V\u00e9torino<\/title>\n<meta name=\"description\" content=\"VetExpert Lessive Odor Eliminator\u00a0en flacon de 950 ml est un produit uniquement pour la machine \u00e0 laver.  S\u2019utilise comme un\u00a0additif\u00a0aux agents de lavage.  Il\u00a0permet d\u2019\u00e9liminer les odeurs\u00a0d\u00e9sagr\u00e9ables et persistantes de vos animaux de compagnie.  Bienfaits essentiels :   D\u00e9truire les odeurs les plus fortes (couvertures, serviettes, blouses et v\u00eatements..)  Avec ce flacon de 950 ml il est possible de traiter\u00a064 cycles de lavage.\" \/>\n<meta name=\"robots\" content=\"noindex, nofollow\" \/>\n<meta property=\"og:locale\" content=\"fr_FR\" \/>\n<meta property=\"og:type\" content=\"article\" \/>\n<meta property=\"og:title\" content=\"Lessive Odor Eliminator Vetexpert - V\u00e9torino\" \/>\n<meta property=\"og:description\" content=\"VetExpert Lessive Odor Eliminator\u00a0en flacon de 950 ml est un produit uniquement pour la machine \u00e0 laver.  S\u2019utilise comme un\u00a0additif\u00a0aux agents de lavage.  Il\u00a0permet d\u2019\u00e9liminer les odeurs\u00a0d\u00e9sagr\u00e9ables et persistantes de vos animaux de compagnie.  Bienfaits essentiels :   D\u00e9truire les odeurs les plus fortes (couvertures, serviettes, blouses et v\u00eatements..)  Avec ce flacon de 950 ml il est possible de traiter\u00a064 cycles de lavage.\" \/>\n<meta property=\"og:url\" content=\"https:\/\/www.vetorino.com\/veterinaire\/beugnies-59216\/boutique\/product\/lessive-odor-eliminator\/\" \/>\n<meta property=\"og:site_name\" content=\"V\u00e9torino\" \/>\n<meta property=\"article:publisher\" content=\"https:\/\/www.facebook.com\/Vetorino\/\" \/>\n<meta property=\"article:modified_time\" content=\"2026-01-29T14:42:09+00:00\" \/>\n<meta property=\"og:image\" content=\"https:\/\/www.vetorino.com\/boutique\/wp-content\/uploads\/2020\/06\/vetexpert-lessive-odor-eliminator-anti-odeurs.webp\" \/>\n\t<meta property=\"og:image:width\" content=\"800\" \/>\n\t<meta property=\"og:image:height\" content=\"800\" \/>\n\t<meta property=\"og:image:type\" content=\"image\/webp\" \/>\n<meta name=\"twitter:card\" content=\"summary_large_image\" \/>\n<meta name=\"twitter:label1\" content=\"Prix\" \/>\n\t<meta name=\"twitter:data1\" content=\"78,65&euro;\" \/>\n\t<meta name=\"twitter:label2\" content=\"Disponibilit\u00e9\" \/>\n\t<meta name=\"twitter:data2\" content=\"En stock\" \/>\n<script type=\"application\/ld+json\" class=\"yoast-schema-graph\">{\"@context\":\"https:\\\/\\\/schema.org\",\"@graph\":[{\"@type\":\"WebPage\",\"@id\":\"https:\\\/\\\/www.vetorino.com\\\/boutique\\\/product\\\/lessive-odor-eliminator\\\/\",\"url\":\"https:\\\/\\\/www.vetorino.com\\\/boutique\\\/product\\\/lessive-odor-eliminator\\\/\",\"name\":\"Lessive Odor Eliminator Vetexpert - V\u00e9torino\",\"isPartOf\":{\"@id\":\"https:\\\/\\\/www.vetorino.com\\\/boutique\\\/#website\"},\"primaryImageOfPage\":{\"@id\":\"https:\\\/\\\/www.vetorino.com\\\/boutique\\\/product\\\/lessive-odor-eliminator\\\/#primaryimage\"},\"image\":{\"@id\":\"https:\\\/\\\/www.vetorino.com\\\/boutique\\\/product\\\/lessive-odor-eliminator\\\/#primaryimage\"},\"thumbnailUrl\":\"https:\\\/\\\/www.vetorino.com\\\/boutique\\\/wp-content\\\/uploads\\\/2020\\\/06\\\/vetexpert-lessive-odor-eliminator-anti-odeurs.webp\",\"datePublished\":\"2026-01-27T15:03:50+00:00\",\"dateModified\":\"2026-01-29T14:42:09+00:00\",\"description\":\"VetExpert Lessive Odor Eliminator\u00a0en flacon de 950 ml est un produit uniquement pour la machine \u00e0 laver. S\u2019utilise comme un\u00a0additif\u00a0aux agents de lavage. Il\u00a0permet d\u2019\u00e9liminer les odeurs\u00a0d\u00e9sagr\u00e9ables et persistantes de vos animaux de compagnie. Bienfaits essentiels : D\u00e9truire les odeurs les plus fortes (couvertures, serviettes, blouses et v\u00eatements..) Avec ce flacon de 950 ml il est possible de traiter\u00a064 cycles de lavage.\",\"breadcrumb\":{\"@id\":\"https:\\\/\\\/www.vetorino.com\\\/boutique\\\/product\\\/lessive-odor-eliminator\\\/#breadcrumb\"},\"inLanguage\":\"fr-FR\",\"potentialAction\":[{\"@type\":\"ReadAction\",\"target\":[\"https:\\\/\\\/www.vetorino.com\\\/boutique\\\/product\\\/lessive-odor-eliminator\\\/\"]}]},{\"@type\":\"ImageObject\",\"inLanguage\":\"fr-FR\",\"@id\":\"https:\\\/\\\/www.vetorino.com\\\/boutique\\\/product\\\/lessive-odor-eliminator\\\/#primaryimage\",\"url\":\"https:\\\/\\\/www.vetorino.com\\\/boutique\\\/wp-content\\\/uploads\\\/2020\\\/06\\\/vetexpert-lessive-odor-eliminator-anti-odeurs.webp\",\"contentUrl\":\"https:\\\/\\\/www.vetorino.com\\\/boutique\\\/wp-content\\\/uploads\\\/2020\\\/06\\\/vetexpert-lessive-odor-eliminator-anti-odeurs.webp\",\"width\":800,\"height\":800},{\"@type\":\"BreadcrumbList\",\"@id\":\"https:\\\/\\\/www.vetorino.com\\\/boutique\\\/product\\\/lessive-odor-eliminator\\\/#breadcrumb\",\"itemListElement\":[{\"@type\":\"ListItem\",\"position\":1,\"name\":\"Accueil\",\"item\":\"https:\\\/\\\/www.vetorino.com\\\/boutique\\\/\"},{\"@type\":\"ListItem\",\"position\":2,\"name\":\"Produits\",\"item\":\"https:\\\/\\\/www.vetorino.com\\\/boutique\\\/\"},{\"@type\":\"ListItem\",\"position\":3,\"name\":\"Lessive Odor Eliminator\"}]},{\"@type\":\"WebSite\",\"@id\":\"https:\\\/\\\/www.vetorino.com\\\/boutique\\\/#website\",\"url\":\"https:\\\/\\\/www.vetorino.com\\\/boutique\\\/\",\"name\":\"V\u00e9torino\",\"description\":\"\",\"publisher\":{\"@id\":\"https:\\\/\\\/www.vetorino.com\\\/boutique\\\/#organization\"},\"potentialAction\":[{\"@type\":\"SearchAction\",\"target\":{\"@type\":\"EntryPoint\",\"urlTemplate\":\"https:\\\/\\\/www.vetorino.com\\\/boutique\\\/?s={search_term_string}\"},\"query-input\":{\"@type\":\"PropertyValueSpecification\",\"valueRequired\":true,\"valueName\":\"search_term_string\"}}],\"inLanguage\":\"fr-FR\"},{\"@type\":\"Organization\",\"@id\":\"https:\\\/\\\/www.vetorino.com\\\/boutique\\\/#organization\",\"name\":\"V\u00e9torino\",\"url\":\"https:\\\/\\\/www.vetorino.com\\\/boutique\\\/\",\"logo\":{\"@type\":\"ImageObject\",\"inLanguage\":\"fr-FR\",\"@id\":\"https:\\\/\\\/www.vetorino.com\\\/boutique\\\/#\\\/schema\\\/logo\\\/image\\\/\",\"url\":\"https:\\\/\\\/www.vetorino.com\\\/boutique\\\/wp-content\\\/uploads\\\/2024\\\/10\\\/logo.jpg\",\"contentUrl\":\"https:\\\/\\\/www.vetorino.com\\\/boutique\\\/wp-content\\\/uploads\\\/2024\\\/10\\\/logo.jpg\",\"width\":1200,\"height\":610,\"caption\":\"V\u00e9torino\"},\"image\":{\"@id\":\"https:\\\/\\\/www.vetorino.com\\\/boutique\\\/#\\\/schema\\\/logo\\\/image\\\/\"},\"sameAs\":[\"https:\\\/\\\/www.facebook.com\\\/Vetorino\\\/\",\"https:\\\/\\\/www.instagram.com\\\/vetorino_off\\\/\",\"https:\\\/\\\/www.linkedin.com\\\/company\\\/vtorino\\\/\"]}]}<\/script>\n<meta property=\"product:brand\" content=\"Vetexpert\" \/>\n<meta property=\"product:price:amount\" content=\"78.65\" \/>\n<meta property=\"product:price:currency\" content=\"EUR\" \/>\n<meta property=\"og:availability\" content=\"instock\" \/>\n<meta property=\"product:availability\" content=\"instock\" \/>\n<meta property=\"product:retailer_item_id\" content=\"A-1830600\" \/>\n<meta property=\"product:condition\" content=\"new\" \/>\n<!-- \/ Yoast SEO plugin. -->","yoast_head_json":{"title":"Lessive Odor Eliminator Vetexpert - V\u00e9torino","description":"VetExpert Lessive Odor Eliminator\u00a0en flacon de 950 ml est un produit uniquement pour la machine \u00e0 laver.  S\u2019utilise comme un\u00a0additif\u00a0aux agents de lavage.  Il\u00a0permet d\u2019\u00e9liminer les odeurs\u00a0d\u00e9sagr\u00e9ables et persistantes de vos animaux de compagnie.  Bienfaits essentiels :   D\u00e9truire les odeurs les plus fortes (couvertures, serviettes, blouses et v\u00eatements..)  Avec ce flacon de 950 ml il est possible de traiter\u00a064 cycles de lavage.","robots":{"index":"noindex","follow":"nofollow"},"og_locale":"fr_FR","og_type":"article","og_title":"Lessive Odor Eliminator Vetexpert - V\u00e9torino","og_description":"VetExpert Lessive Odor Eliminator\u00a0en flacon de 950 ml est un produit uniquement pour la machine \u00e0 laver.  S\u2019utilise comme un\u00a0additif\u00a0aux agents de lavage.  Il\u00a0permet d\u2019\u00e9liminer les odeurs\u00a0d\u00e9sagr\u00e9ables et persistantes de vos animaux de compagnie.  Bienfaits essentiels :   D\u00e9truire les odeurs les plus fortes (couvertures, serviettes, blouses et v\u00eatements..)  Avec ce flacon de 950 ml il est possible de traiter\u00a064 cycles de lavage.","og_url":"https:\/\/www.vetorino.com\/veterinaire\/beugnies-59216\/boutique\/product\/lessive-odor-eliminator\/","og_site_name":"V\u00e9torino","article_publisher":"https:\/\/www.facebook.com\/Vetorino\/","article_modified_time":"2026-01-29T14:42:09+00:00","og_image":[{"width":800,"height":800,"url":"https:\/\/www.vetorino.com\/boutique\/wp-content\/uploads\/2020\/06\/vetexpert-lessive-odor-eliminator-anti-odeurs.webp","type":"image\/webp"}],"twitter_card":"summary_large_image","twitter_misc":{"Prix":"78,65&euro;","Disponibilit\u00e9":"En stock"},"schema":{"@context":"https:\/\/schema.org","@graph":[{"@type":"WebPage","@id":"https:\/\/www.vetorino.com\/boutique\/product\/lessive-odor-eliminator\/","url":"https:\/\/www.vetorino.com\/boutique\/product\/lessive-odor-eliminator\/","name":"Lessive Odor Eliminator Vetexpert - V\u00e9torino","isPartOf":{"@id":"https:\/\/www.vetorino.com\/boutique\/#website"},"primaryImageOfPage":{"@id":"https:\/\/www.vetorino.com\/boutique\/product\/lessive-odor-eliminator\/#primaryimage"},"image":{"@id":"https:\/\/www.vetorino.com\/boutique\/product\/lessive-odor-eliminator\/#primaryimage"},"thumbnailUrl":"https:\/\/www.vetorino.com\/boutique\/wp-content\/uploads\/2020\/06\/vetexpert-lessive-odor-eliminator-anti-odeurs.webp","datePublished":"2026-01-27T15:03:50+00:00","dateModified":"2026-01-29T14:42:09+00:00","description":"VetExpert Lessive Odor Eliminator\u00a0en flacon de 950 ml est un produit uniquement pour la machine \u00e0 laver. S\u2019utilise comme un\u00a0additif\u00a0aux agents de lavage. Il\u00a0permet d\u2019\u00e9liminer les odeurs\u00a0d\u00e9sagr\u00e9ables et persistantes de vos animaux de compagnie. Bienfaits essentiels : D\u00e9truire les odeurs les plus fortes (couvertures, serviettes, blouses et v\u00eatements..) Avec ce flacon de 950 ml il est possible de traiter\u00a064 cycles de lavage.","breadcrumb":{"@id":"https:\/\/www.vetorino.com\/boutique\/product\/lessive-odor-eliminator\/#breadcrumb"},"inLanguage":"fr-FR","potentialAction":[{"@type":"ReadAction","target":["https:\/\/www.vetorino.com\/boutique\/product\/lessive-odor-eliminator\/"]}]},{"@type":"ImageObject","inLanguage":"fr-FR","@id":"https:\/\/www.vetorino.com\/boutique\/product\/lessive-odor-eliminator\/#primaryimage","url":"https:\/\/www.vetorino.com\/boutique\/wp-content\/uploads\/2020\/06\/vetexpert-lessive-odor-eliminator-anti-odeurs.webp","contentUrl":"https:\/\/www.vetorino.com\/boutique\/wp-content\/uploads\/2020\/06\/vetexpert-lessive-odor-eliminator-anti-odeurs.webp","width":800,"height":800},{"@type":"BreadcrumbList","@id":"https:\/\/www.vetorino.com\/boutique\/product\/lessive-odor-eliminator\/#breadcrumb","itemListElement":[{"@type":"ListItem","position":1,"name":"Accueil","item":"https:\/\/www.vetorino.com\/boutique\/"},{"@type":"ListItem","position":2,"name":"Produits","item":"https:\/\/www.vetorino.com\/boutique\/"},{"@type":"ListItem","position":3,"name":"Lessive Odor Eliminator"}]},{"@type":"WebSite","@id":"https:\/\/www.vetorino.com\/boutique\/#website","url":"https:\/\/www.vetorino.com\/boutique\/","name":"V\u00e9torino","description":"","publisher":{"@id":"https:\/\/www.vetorino.com\/boutique\/#organization"},"potentialAction":[{"@type":"SearchAction","target":{"@type":"EntryPoint","urlTemplate":"https:\/\/www.vetorino.com\/boutique\/?s={search_term_string}"},"query-input":{"@type":"PropertyValueSpecification","valueRequired":true,"valueName":"search_term_string"}}],"inLanguage":"fr-FR"},{"@type":"Organization","@id":"https:\/\/www.vetorino.com\/boutique\/#organization","name":"V\u00e9torino","url":"https:\/\/www.vetorino.com\/boutique\/","logo":{"@type":"ImageObject","inLanguage":"fr-FR","@id":"https:\/\/www.vetorino.com\/boutique\/#\/schema\/logo\/image\/","url":"https:\/\/www.vetorino.com\/boutique\/wp-content\/uploads\/2024\/10\/logo.jpg","contentUrl":"https:\/\/www.vetorino.com\/boutique\/wp-content\/uploads\/2024\/10\/logo.jpg","width":1200,"height":610,"caption":"V\u00e9torino"},"image":{"@id":"https:\/\/www.vetorino.com\/boutique\/#\/schema\/logo\/image\/"},"sameAs":["https:\/\/www.facebook.com\/Vetorino\/","https:\/\/www.instagram.com\/vetorino_off\/","https:\/\/www.linkedin.com\/company\/vtorino\/"]}]},"product_brand":"Vetexpert","product_price_amount":"78.65","product_price_currency":"EUR","og_availability":"instock","product_availability":"instock","product_retailer_item_id":"A-1830600","product_condition":"new"},"_links":{"self":[{"href":"https:\/\/www.vetorino.com\/veterinaire\/beugnies-59216\/boutique\/wp-json\/wp\/v2\/product\/1675389","targetHints":{"allow":["GET"]}}],"collection":[{"href":"https:\/\/www.vetorino.com\/veterinaire\/beugnies-59216\/boutique\/wp-json\/wp\/v2\/product"}],"about":[{"href":"https:\/\/www.vetorino.com\/veterinaire\/beugnies-59216\/boutique\/wp-json\/wp\/v2\/types\/product"}],"wp:featuredmedia":[{"embeddable":true,"href":"https:\/\/www.vetorino.com\/veterinaire\/beugnies-59216\/boutique\/wp-json\/wp\/v2\/media\/1678541"}],"wp:attachment":[{"href":"https:\/\/www.vetorino.com\/veterinaire\/beugnies-59216\/boutique\/wp-json\/wp\/v2\/media?parent=1675389"}],"wp:term":[{"taxonomy":"product_cat","embeddable":true,"href":"https:\/\/www.vetorino.com\/veterinaire\/beugnies-59216\/boutique\/wp-json\/wp\/v2\/product_cat?post=1675389"},{"taxonomy":"product_tag","embeddable":true,"href":"https:\/\/www.vetorino.com\/veterinaire\/beugnies-59216\/boutique\/wp-json\/wp\/v2\/product_tag?post=1675389"}],"curies":[{"name":"wp","href":"https:\/\/api.w.org\/{rel}","templated":true}]}}