{"id":169793,"date":"2021-04-13T11:52:17","date_gmt":"2021-04-13T09:52:17","guid":{"rendered":"https:\/\/www.vetorino.com\/boutique\/product\/rehydion-eco\/"},"modified":"2025-08-06T15:07:20","modified_gmt":"2025-08-06T13:07:20","slug":"rehydion-eco","status":"publish","type":"product","link":"https:\/\/www.vetorino.com\/veterinaire\/beugnies-59216\/boutique\/product\/rehydion-eco\/","title":{"rendered":"Rehydion Eco"},"content":{"rendered":"<p><strong>R\u00e9hydratant nutritionnel en gel recommand\u00e9 chez les veaux pour la stabilisation du bilan des \u00e9lectrolytes et de l&#8217;eau, notamment en cas de risques de troubles digestifs (diarrh\u00e9es), pendant et apr\u00e8s ceux-ci.<\/strong><\/p>\n<ul>\n<li>Compos\u00e9 d&#8217;agents alcalinisants, d&#8217;\u00e9lectrolytes et de compos\u00e9s \u00e9nerg\u00e9tiques.<\/li>\n<li>Pratique d&#8217;emploi, et sp\u00e9cifiquement <strong>\u00e9tudi\u00e9 pour favoriser la buv\u00e9e<\/strong>, ce produit est tr\u00e8s app\u00e9tent et peut \u00eatre dilu\u00e9 dans l&#8217;eau ou dans le lait.<\/li>\n<li>Un pH bas pour garantir la formation rapide du caillot de lait dans la caillette.<\/li>\n<\/ul>\n","protected":false},"excerpt":{"rendered":"<p><strong>R\u00e9hydratant nutritionnel en gel recommand\u00e9 chez les veaux pour la stabilisation du bilan des \u00e9lectrolytes et de l&#8217;eau, notamment en cas de risques de troubles digestifs (diarrh\u00e9es), pendant et apr\u00e8s ceux-ci.<\/strong><\/p>\n<ul>\n<li>Compos\u00e9 d&#8217;agents alcalinisants, d&#8217;\u00e9lectrolytes et de compos\u00e9s \u00e9nerg\u00e9tiques.<\/li>\n<li>Pratique d&#8217;emploi, et sp\u00e9cifiquement <strong>\u00e9tudi\u00e9 pour favoriser la buv\u00e9e<\/strong>, ce produit est tr\u00e8s app\u00e9tent et peut \u00eatre dilu\u00e9 dans l&#8217;eau ou dans le lait.<\/li>\n<li>Un pH bas pour garantir la formation rapide du caillot de lait dans la caillette.<\/li>\n<\/ul>\n","protected":false},"featured_media":1442518,"template":"","meta":[],"product_cat":[6864,6870],"product_tag":[],"class_list":{"0":"post-169793","1":"product","2":"type-product","3":"status-publish","4":"has-post-thumbnail","6":"product_cat-animaux-delevage","7":"product_cat-bovins","8":"pa_marque-ceva","10":"first","11":"instock","12":"taxable","13":"shipping-taxable","14":"purchasable","15":"product-type-simple"},"yoast_head":"<!-- This site is optimized with the Yoast SEO plugin v27.3 - https:\/\/yoast.com\/product\/yoast-seo-wordpress\/ -->\n<title>Rehydion Eco Ceva - V\u00e9torino<\/title>\n<meta name=\"description\" content=\"R\u00e9hydratant nutritionnel en gel recommand\u00e9 chez les veaux pour la stabilisation du bilan des \u00e9lectrolytes et de l&#039;eau, notamment en cas de risques de troubles digestifs (diarrh\u00e9es), pendant et apr\u00e8s ceux-ci.   Compos\u00e9 d&#039;agents alcalinisants, d&#039;\u00e9lectrolytes et de compos\u00e9s \u00e9nerg\u00e9tiques.  Pratique d&#039;emploi, et sp\u00e9cifiquement \u00e9tudi\u00e9 pour favoriser la buv\u00e9e, ce produit est tr\u00e8s app\u00e9tent et peut \u00eatre dilu\u00e9 dans l&#039;eau ou dans le lait.  Un pH bas pour garantir la formation rapide du caillot de lait dans la caillette.\" \/>\n<meta name=\"robots\" content=\"noindex, nofollow\" \/>\n<meta property=\"og:locale\" content=\"fr_FR\" \/>\n<meta property=\"og:type\" content=\"article\" \/>\n<meta property=\"og:title\" content=\"Rehydion Eco Ceva - V\u00e9torino\" \/>\n<meta property=\"og:description\" content=\"R\u00e9hydratant nutritionnel en gel recommand\u00e9 chez les veaux pour la stabilisation du bilan des \u00e9lectrolytes et de l&#039;eau, notamment en cas de risques de troubles digestifs (diarrh\u00e9es), pendant et apr\u00e8s ceux-ci.   Compos\u00e9 d&#039;agents alcalinisants, d&#039;\u00e9lectrolytes et de compos\u00e9s \u00e9nerg\u00e9tiques.  Pratique d&#039;emploi, et sp\u00e9cifiquement \u00e9tudi\u00e9 pour favoriser la buv\u00e9e, ce produit est tr\u00e8s app\u00e9tent et peut \u00eatre dilu\u00e9 dans l&#039;eau ou dans le lait.  Un pH bas pour garantir la formation rapide du caillot de lait dans la caillette.\" \/>\n<meta property=\"og:url\" content=\"https:\/\/www.vetorino.com\/veterinaire\/beugnies-59216\/boutique\/product\/rehydion-eco\/\" \/>\n<meta property=\"og:site_name\" content=\"V\u00e9torino\" \/>\n<meta property=\"article:publisher\" content=\"https:\/\/www.facebook.com\/Vetorino\/\" \/>\n<meta property=\"article:modified_time\" content=\"2025-08-06T13:07:20+00:00\" \/>\n<meta property=\"og:image\" content=\"https:\/\/www.vetorino.com\/boutique\/wp-content\/uploads\/2021\/04\/re_hydion_960_ml.jpg\" \/>\n\t<meta property=\"og:image:width\" content=\"292\" \/>\n\t<meta property=\"og:image:height\" content=\"510\" \/>\n\t<meta property=\"og:image:type\" content=\"image\/jpeg\" \/>\n<meta name=\"twitter:card\" content=\"summary_large_image\" \/>\n<meta name=\"twitter:label1\" content=\"Prix\" \/>\n\t<meta name=\"twitter:data1\" content=\"111,18&euro;\" \/>\n\t<meta name=\"twitter:label2\" content=\"Disponibilit\u00e9\" \/>\n\t<meta name=\"twitter:data2\" content=\"En stock\" \/>\n<script type=\"application\/ld+json\" class=\"yoast-schema-graph\">{\"@context\":\"https:\\\/\\\/schema.org\",\"@graph\":[{\"@type\":\"WebPage\",\"@id\":\"https:\\\/\\\/www.vetorino.com\\\/boutique\\\/product\\\/rehydion-eco\\\/\",\"url\":\"https:\\\/\\\/www.vetorino.com\\\/boutique\\\/product\\\/rehydion-eco\\\/\",\"name\":\"Rehydion Eco Ceva - V\u00e9torino\",\"isPartOf\":{\"@id\":\"https:\\\/\\\/www.vetorino.com\\\/boutique\\\/#website\"},\"primaryImageOfPage\":{\"@id\":\"https:\\\/\\\/www.vetorino.com\\\/boutique\\\/product\\\/rehydion-eco\\\/#primaryimage\"},\"image\":{\"@id\":\"https:\\\/\\\/www.vetorino.com\\\/boutique\\\/product\\\/rehydion-eco\\\/#primaryimage\"},\"thumbnailUrl\":\"https:\\\/\\\/www.vetorino.com\\\/boutique\\\/wp-content\\\/uploads\\\/2021\\\/04\\\/re_hydion_960_ml.jpg\",\"datePublished\":\"2021-04-13T09:52:17+00:00\",\"dateModified\":\"2025-08-06T13:07:20+00:00\",\"description\":\"R\u00e9hydratant nutritionnel en gel recommand\u00e9 chez les veaux pour la stabilisation du bilan des \u00e9lectrolytes et de l'eau, notamment en cas de risques de troubles digestifs (diarrh\u00e9es), pendant et apr\u00e8s ceux-ci. Compos\u00e9 d'agents alcalinisants, d'\u00e9lectrolytes et de compos\u00e9s \u00e9nerg\u00e9tiques. Pratique d'emploi, et sp\u00e9cifiquement \u00e9tudi\u00e9 pour favoriser la buv\u00e9e, ce produit est tr\u00e8s app\u00e9tent et peut \u00eatre dilu\u00e9 dans l'eau ou dans le lait. Un pH bas pour garantir la formation rapide du caillot de lait dans la caillette.\",\"breadcrumb\":{\"@id\":\"https:\\\/\\\/www.vetorino.com\\\/boutique\\\/product\\\/rehydion-eco\\\/#breadcrumb\"},\"inLanguage\":\"fr-FR\",\"potentialAction\":[{\"@type\":\"ReadAction\",\"target\":[\"https:\\\/\\\/www.vetorino.com\\\/boutique\\\/product\\\/rehydion-eco\\\/\"]}]},{\"@type\":\"ImageObject\",\"inLanguage\":\"fr-FR\",\"@id\":\"https:\\\/\\\/www.vetorino.com\\\/boutique\\\/product\\\/rehydion-eco\\\/#primaryimage\",\"url\":\"https:\\\/\\\/www.vetorino.com\\\/boutique\\\/wp-content\\\/uploads\\\/2021\\\/04\\\/re_hydion_960_ml.jpg\",\"contentUrl\":\"https:\\\/\\\/www.vetorino.com\\\/boutique\\\/wp-content\\\/uploads\\\/2021\\\/04\\\/re_hydion_960_ml.jpg\",\"width\":292,\"height\":510},{\"@type\":\"BreadcrumbList\",\"@id\":\"https:\\\/\\\/www.vetorino.com\\\/boutique\\\/product\\\/rehydion-eco\\\/#breadcrumb\",\"itemListElement\":[{\"@type\":\"ListItem\",\"position\":1,\"name\":\"Accueil\",\"item\":\"https:\\\/\\\/www.vetorino.com\\\/boutique\\\/\"},{\"@type\":\"ListItem\",\"position\":2,\"name\":\"Produits\",\"item\":\"https:\\\/\\\/www.vetorino.com\\\/boutique\\\/\"},{\"@type\":\"ListItem\",\"position\":3,\"name\":\"Rehydion Eco\"}]},{\"@type\":\"WebSite\",\"@id\":\"https:\\\/\\\/www.vetorino.com\\\/boutique\\\/#website\",\"url\":\"https:\\\/\\\/www.vetorino.com\\\/boutique\\\/\",\"name\":\"V\u00e9torino\",\"description\":\"\",\"publisher\":{\"@id\":\"https:\\\/\\\/www.vetorino.com\\\/boutique\\\/#organization\"},\"potentialAction\":[{\"@type\":\"SearchAction\",\"target\":{\"@type\":\"EntryPoint\",\"urlTemplate\":\"https:\\\/\\\/www.vetorino.com\\\/boutique\\\/?s={search_term_string}\"},\"query-input\":{\"@type\":\"PropertyValueSpecification\",\"valueRequired\":true,\"valueName\":\"search_term_string\"}}],\"inLanguage\":\"fr-FR\"},{\"@type\":\"Organization\",\"@id\":\"https:\\\/\\\/www.vetorino.com\\\/boutique\\\/#organization\",\"name\":\"V\u00e9torino\",\"url\":\"https:\\\/\\\/www.vetorino.com\\\/boutique\\\/\",\"logo\":{\"@type\":\"ImageObject\",\"inLanguage\":\"fr-FR\",\"@id\":\"https:\\\/\\\/www.vetorino.com\\\/boutique\\\/#\\\/schema\\\/logo\\\/image\\\/\",\"url\":\"https:\\\/\\\/www.vetorino.com\\\/boutique\\\/wp-content\\\/uploads\\\/2024\\\/10\\\/logo.jpg\",\"contentUrl\":\"https:\\\/\\\/www.vetorino.com\\\/boutique\\\/wp-content\\\/uploads\\\/2024\\\/10\\\/logo.jpg\",\"width\":1200,\"height\":610,\"caption\":\"V\u00e9torino\"},\"image\":{\"@id\":\"https:\\\/\\\/www.vetorino.com\\\/boutique\\\/#\\\/schema\\\/logo\\\/image\\\/\"},\"sameAs\":[\"https:\\\/\\\/www.facebook.com\\\/Vetorino\\\/\",\"https:\\\/\\\/www.instagram.com\\\/vetorino_off\\\/\",\"https:\\\/\\\/www.linkedin.com\\\/company\\\/vtorino\\\/\"]}]}<\/script>\n<meta property=\"product:brand\" content=\"Ceva\" \/>\n<meta property=\"product:price:amount\" content=\"111.18\" \/>\n<meta property=\"product:price:currency\" content=\"EUR\" \/>\n<meta property=\"og:availability\" content=\"instock\" \/>\n<meta property=\"product:availability\" content=\"instock\" \/>\n<meta property=\"product:retailer_item_id\" content=\"A-1832900\" \/>\n<meta property=\"product:condition\" content=\"new\" \/>\n<!-- \/ Yoast SEO plugin. -->","yoast_head_json":{"title":"Rehydion Eco Ceva - V\u00e9torino","description":"R\u00e9hydratant nutritionnel en gel recommand\u00e9 chez les veaux pour la stabilisation du bilan des \u00e9lectrolytes et de l'eau, notamment en cas de risques de troubles digestifs (diarrh\u00e9es), pendant et apr\u00e8s ceux-ci.   Compos\u00e9 d'agents alcalinisants, d'\u00e9lectrolytes et de compos\u00e9s \u00e9nerg\u00e9tiques.  Pratique d'emploi, et sp\u00e9cifiquement \u00e9tudi\u00e9 pour favoriser la buv\u00e9e, ce produit est tr\u00e8s app\u00e9tent et peut \u00eatre dilu\u00e9 dans l'eau ou dans le lait.  Un pH bas pour garantir la formation rapide du caillot de lait dans la caillette.","robots":{"index":"noindex","follow":"nofollow"},"og_locale":"fr_FR","og_type":"article","og_title":"Rehydion Eco Ceva - V\u00e9torino","og_description":"R\u00e9hydratant nutritionnel en gel recommand\u00e9 chez les veaux pour la stabilisation du bilan des \u00e9lectrolytes et de l'eau, notamment en cas de risques de troubles digestifs (diarrh\u00e9es), pendant et apr\u00e8s ceux-ci.   Compos\u00e9 d'agents alcalinisants, d'\u00e9lectrolytes et de compos\u00e9s \u00e9nerg\u00e9tiques.  Pratique d'emploi, et sp\u00e9cifiquement \u00e9tudi\u00e9 pour favoriser la buv\u00e9e, ce produit est tr\u00e8s app\u00e9tent et peut \u00eatre dilu\u00e9 dans l'eau ou dans le lait.  Un pH bas pour garantir la formation rapide du caillot de lait dans la caillette.","og_url":"https:\/\/www.vetorino.com\/veterinaire\/beugnies-59216\/boutique\/product\/rehydion-eco\/","og_site_name":"V\u00e9torino","article_publisher":"https:\/\/www.facebook.com\/Vetorino\/","article_modified_time":"2025-08-06T13:07:20+00:00","og_image":[{"width":292,"height":510,"url":"https:\/\/www.vetorino.com\/boutique\/wp-content\/uploads\/2021\/04\/re_hydion_960_ml.jpg","type":"image\/jpeg"}],"twitter_card":"summary_large_image","twitter_misc":{"Prix":"111,18&euro;","Disponibilit\u00e9":"En stock"},"schema":{"@context":"https:\/\/schema.org","@graph":[{"@type":"WebPage","@id":"https:\/\/www.vetorino.com\/boutique\/product\/rehydion-eco\/","url":"https:\/\/www.vetorino.com\/boutique\/product\/rehydion-eco\/","name":"Rehydion Eco Ceva - V\u00e9torino","isPartOf":{"@id":"https:\/\/www.vetorino.com\/boutique\/#website"},"primaryImageOfPage":{"@id":"https:\/\/www.vetorino.com\/boutique\/product\/rehydion-eco\/#primaryimage"},"image":{"@id":"https:\/\/www.vetorino.com\/boutique\/product\/rehydion-eco\/#primaryimage"},"thumbnailUrl":"https:\/\/www.vetorino.com\/boutique\/wp-content\/uploads\/2021\/04\/re_hydion_960_ml.jpg","datePublished":"2021-04-13T09:52:17+00:00","dateModified":"2025-08-06T13:07:20+00:00","description":"R\u00e9hydratant nutritionnel en gel recommand\u00e9 chez les veaux pour la stabilisation du bilan des \u00e9lectrolytes et de l'eau, notamment en cas de risques de troubles digestifs (diarrh\u00e9es), pendant et apr\u00e8s ceux-ci. Compos\u00e9 d'agents alcalinisants, d'\u00e9lectrolytes et de compos\u00e9s \u00e9nerg\u00e9tiques. Pratique d'emploi, et sp\u00e9cifiquement \u00e9tudi\u00e9 pour favoriser la buv\u00e9e, ce produit est tr\u00e8s app\u00e9tent et peut \u00eatre dilu\u00e9 dans l'eau ou dans le lait. Un pH bas pour garantir la formation rapide du caillot de lait dans la caillette.","breadcrumb":{"@id":"https:\/\/www.vetorino.com\/boutique\/product\/rehydion-eco\/#breadcrumb"},"inLanguage":"fr-FR","potentialAction":[{"@type":"ReadAction","target":["https:\/\/www.vetorino.com\/boutique\/product\/rehydion-eco\/"]}]},{"@type":"ImageObject","inLanguage":"fr-FR","@id":"https:\/\/www.vetorino.com\/boutique\/product\/rehydion-eco\/#primaryimage","url":"https:\/\/www.vetorino.com\/boutique\/wp-content\/uploads\/2021\/04\/re_hydion_960_ml.jpg","contentUrl":"https:\/\/www.vetorino.com\/boutique\/wp-content\/uploads\/2021\/04\/re_hydion_960_ml.jpg","width":292,"height":510},{"@type":"BreadcrumbList","@id":"https:\/\/www.vetorino.com\/boutique\/product\/rehydion-eco\/#breadcrumb","itemListElement":[{"@type":"ListItem","position":1,"name":"Accueil","item":"https:\/\/www.vetorino.com\/boutique\/"},{"@type":"ListItem","position":2,"name":"Produits","item":"https:\/\/www.vetorino.com\/boutique\/"},{"@type":"ListItem","position":3,"name":"Rehydion Eco"}]},{"@type":"WebSite","@id":"https:\/\/www.vetorino.com\/boutique\/#website","url":"https:\/\/www.vetorino.com\/boutique\/","name":"V\u00e9torino","description":"","publisher":{"@id":"https:\/\/www.vetorino.com\/boutique\/#organization"},"potentialAction":[{"@type":"SearchAction","target":{"@type":"EntryPoint","urlTemplate":"https:\/\/www.vetorino.com\/boutique\/?s={search_term_string}"},"query-input":{"@type":"PropertyValueSpecification","valueRequired":true,"valueName":"search_term_string"}}],"inLanguage":"fr-FR"},{"@type":"Organization","@id":"https:\/\/www.vetorino.com\/boutique\/#organization","name":"V\u00e9torino","url":"https:\/\/www.vetorino.com\/boutique\/","logo":{"@type":"ImageObject","inLanguage":"fr-FR","@id":"https:\/\/www.vetorino.com\/boutique\/#\/schema\/logo\/image\/","url":"https:\/\/www.vetorino.com\/boutique\/wp-content\/uploads\/2024\/10\/logo.jpg","contentUrl":"https:\/\/www.vetorino.com\/boutique\/wp-content\/uploads\/2024\/10\/logo.jpg","width":1200,"height":610,"caption":"V\u00e9torino"},"image":{"@id":"https:\/\/www.vetorino.com\/boutique\/#\/schema\/logo\/image\/"},"sameAs":["https:\/\/www.facebook.com\/Vetorino\/","https:\/\/www.instagram.com\/vetorino_off\/","https:\/\/www.linkedin.com\/company\/vtorino\/"]}]},"product_brand":"Ceva","product_price_amount":"111.18","product_price_currency":"EUR","og_availability":"instock","product_availability":"instock","product_retailer_item_id":"A-1832900","product_condition":"new"},"_links":{"self":[{"href":"https:\/\/www.vetorino.com\/veterinaire\/beugnies-59216\/boutique\/wp-json\/wp\/v2\/product\/169793","targetHints":{"allow":["GET"]}}],"collection":[{"href":"https:\/\/www.vetorino.com\/veterinaire\/beugnies-59216\/boutique\/wp-json\/wp\/v2\/product"}],"about":[{"href":"https:\/\/www.vetorino.com\/veterinaire\/beugnies-59216\/boutique\/wp-json\/wp\/v2\/types\/product"}],"wp:featuredmedia":[{"embeddable":true,"href":"https:\/\/www.vetorino.com\/veterinaire\/beugnies-59216\/boutique\/wp-json\/wp\/v2\/media\/1442518"}],"wp:attachment":[{"href":"https:\/\/www.vetorino.com\/veterinaire\/beugnies-59216\/boutique\/wp-json\/wp\/v2\/media?parent=169793"}],"wp:term":[{"taxonomy":"product_cat","embeddable":true,"href":"https:\/\/www.vetorino.com\/veterinaire\/beugnies-59216\/boutique\/wp-json\/wp\/v2\/product_cat?post=169793"},{"taxonomy":"product_tag","embeddable":true,"href":"https:\/\/www.vetorino.com\/veterinaire\/beugnies-59216\/boutique\/wp-json\/wp\/v2\/product_tag?post=169793"}],"curies":[{"name":"wp","href":"https:\/\/api.w.org\/{rel}","templated":true}]}}