{"id":174586,"date":"2021-04-29T20:22:23","date_gmt":"2021-04-29T18:22:23","guid":{"rendered":"https:\/\/www.vetorino.com\/boutique\/product\/omega-supp-2\/"},"modified":"2024-06-17T14:21:14","modified_gmt":"2024-06-17T12:21:14","slug":"omega-supp-2","status":"publish","type":"product","link":"https:\/\/www.vetorino.com\/veterinaire\/beugnies-59216\/boutique\/product\/omega-supp-2\/","title":{"rendered":"Omega Supp"},"content":{"rendered":"<p><strong>Compl\u00e9ment alimentaire riche en om\u00e9ga 3 et en EPA\/DHA pour chien et chat.<\/strong><\/p>\n<p><strong>Utilisation :<\/strong><\/p>\n<ul>\n<li>En compl\u00e9ment de l&#8217;alimentation quotidienne<\/li>\n<li>Chien et chat<\/li>\n<\/ul>\n<p><strong>Avantages :<\/strong><\/p>\n<ul>\n<li>L\u2019EPA et le DHA sont essentiels pour les fonctions cutan\u00e9es, cardiaques, r\u00e9nales, articulaires, h\u00e9patiques, c\u00e9r\u00e9brales et immunitaires.<\/li>\n<li>L\u2019EPA et le DHA sont des constituants indispensables de toutes les membranes cellulaires. Ils interviennent dans les m\u00e9canismes de l\u2019inflammation en diminuant les m\u00e9diateurs pro-inflammatoires.<\/li>\n<li>Les Om\u00e9ga 3 sont des acides gras essentiels polyinsatur\u00e9s. Ils sont essentiels parce qu\u2019ils sont indispensables au bon fonctionnement de l\u2019organisme qui est incapable de les produire lui-m\u00eame. Par cons\u00e9quent, ils doivent \u00eatre apport\u00e9s par l\u2019alimentation.<\/li>\n<li>Les Om\u00e9ga 3 remplissent diff\u00e9rentes fonctions vitales dans l\u2019immunit\u00e9, l\u2019inflammation, la reproduction, la croissance, la sant\u00e9 de la peau et du poil, du c\u0153ur, des reins, des articulations etc\u2026 Ils sont n\u00e9cessaires depuis le d\u00e9veloppement f\u0153tal jusqu\u2019au vieillissement des animaux seniors.<\/li>\n<li>Les Om\u00e9ga 3 et les Om\u00e9ga 6 sont des pr\u00e9curseurs des m\u00e9diateurs de l\u2019inflammation et de l\u2019immunit\u00e9, les eicosano\u00efdes. Les Omega 3 sont anti-inflammatoires et les Om\u00e9ga 6 sont pro-inflammatoires. La chaine de production des Om\u00e9ga 6 utilise les m\u00eames enzymes que celle des Omega 3. Il a donc une comp\u00e9tition pour l\u2019utilisation des enzymes entre les Om\u00e9ga 3 et les Om\u00e9ga 6.<\/li>\n<\/ul>\n<p><strong>Mode d&#8217;emploi :<\/strong><\/p>\n<ul>\n<li>Chiens de moins de 10 kg et chats : 1 capsule\u00a0par jour.<\/li>\n<li>Chiens pesant entre 10\u00a0et 20 kg\u00a0: 2 capsules\u00a0par\u00a0jour.<\/li>\n<li>Chiens pesant entre 20\u00a0et 30 kg\u00a0: 3 capsules\u00a0par\u00a0jour.<\/li>\n<li>Chiens\u00a0de plus\u00a0de 30 kg\u00a0: 4 capsules\u00a0par\u00a0jour.<\/li>\n<\/ul>\n","protected":false},"excerpt":{"rendered":"<p><strong>Compl\u00e9ment alimentaire riche en om\u00e9ga 3 et en EPA\/DHA pour chien et chat.<\/strong><\/p>\n<p><strong>Utilisation :<\/strong><\/p>\n<ul>\n<li>En compl\u00e9ment de l&#8217;alimentation quotidienne<\/li>\n<li>Chien et chat<\/li>\n<\/ul>\n","protected":false},"featured_media":949832,"template":"","meta":[],"product_cat":[12551,12552,2730,2738,2697,2698,12611,12612,12560,12561],"product_tag":[],"class_list":{"0":"post-174586","1":"product","2":"type-product","3":"status-publish","4":"has-post-thumbnail","6":"product_cat-alimentation-du-chat","7":"product_cat-alimentation-du-chien","8":"product_cat-aliments-complementaires-pour-chat","9":"product_cat-aliments-complementaires-pour-chien","10":"product_cat-chat","11":"product_cat-chien","12":"product_cat-hygiene-de-la-peau-et-du-pelage-du-chat","13":"product_cat-hygiene-de-la-peau-et-du-pelage-du-chien","14":"product_cat-hygiene-du-chat","15":"product_cat-hygiene-du-chien","16":"pa_marque-miloa","18":"first","19":"instock","20":"taxable","21":"shipping-taxable","22":"purchasable","23":"product-type-variable"},"yoast_head":"<!-- This site is optimized with the Yoast SEO plugin v27.3 - https:\/\/yoast.com\/product\/yoast-seo-wordpress\/ -->\n<title>Omega Supp Miloa - V\u00e9torino<\/title>\n<meta name=\"description\" content=\"Compl\u00e9ment alimentaire riche en om\u00e9ga 3 et en EPA\/DHA pour chien et chat.  Utilisation :   En compl\u00e9ment de l&#039;alimentation quotidienne  Chien et chat\" \/>\n<meta name=\"robots\" content=\"noindex, nofollow\" \/>\n<meta property=\"og:locale\" content=\"fr_FR\" \/>\n<meta property=\"og:type\" content=\"article\" \/>\n<meta property=\"og:title\" content=\"Omega Supp Miloa - V\u00e9torino\" \/>\n<meta property=\"og:description\" content=\"Compl\u00e9ment alimentaire riche en om\u00e9ga 3 et en EPA\/DHA pour chien et chat.  Utilisation :   En compl\u00e9ment de l&#039;alimentation quotidienne  Chien et chat\" \/>\n<meta property=\"og:url\" content=\"https:\/\/www.vetorino.com\/veterinaire\/beugnies-59216\/boutique\/product\/omega-supp-2\/\" \/>\n<meta property=\"og:site_name\" content=\"V\u00e9torino\" \/>\n<meta property=\"article:publisher\" content=\"https:\/\/www.facebook.com\/Vetorino\/\" \/>\n<meta property=\"article:modified_time\" content=\"2024-06-17T12:21:14+00:00\" \/>\n<meta property=\"og:image\" content=\"https:\/\/www.vetorino.com\/boutique\/wp-content\/uploads\/2021\/04\/omega-supp1.jpg\" \/>\n\t<meta property=\"og:image:width\" content=\"540\" \/>\n\t<meta property=\"og:image:height\" content=\"540\" \/>\n\t<meta property=\"og:image:type\" content=\"image\/jpeg\" \/>\n<meta name=\"twitter:card\" content=\"summary_large_image\" \/>\n<meta name=\"twitter:label1\" content=\"Disponibilit\u00e9\" \/>\n\t<meta name=\"twitter:data1\" content=\"En stock\" \/>\n<script type=\"application\/ld+json\" class=\"yoast-schema-graph\">{\"@context\":\"https:\\\/\\\/schema.org\",\"@graph\":[{\"@type\":\"WebPage\",\"@id\":\"https:\\\/\\\/www.vetorino.com\\\/boutique\\\/product\\\/omega-supp-2\\\/\",\"url\":\"https:\\\/\\\/www.vetorino.com\\\/boutique\\\/product\\\/omega-supp-2\\\/\",\"name\":\"Omega Supp Miloa - V\u00e9torino\",\"isPartOf\":{\"@id\":\"https:\\\/\\\/www.vetorino.com\\\/boutique\\\/#website\"},\"primaryImageOfPage\":{\"@id\":\"https:\\\/\\\/www.vetorino.com\\\/boutique\\\/product\\\/omega-supp-2\\\/#primaryimage\"},\"image\":{\"@id\":\"https:\\\/\\\/www.vetorino.com\\\/boutique\\\/product\\\/omega-supp-2\\\/#primaryimage\"},\"thumbnailUrl\":\"https:\\\/\\\/www.vetorino.com\\\/boutique\\\/wp-content\\\/uploads\\\/2021\\\/04\\\/omega-supp1.jpg\",\"datePublished\":\"2021-04-29T18:22:23+00:00\",\"dateModified\":\"2024-06-17T12:21:14+00:00\",\"description\":\"Compl\u00e9ment alimentaire riche en om\u00e9ga 3 et en EPA\\\/DHA pour chien et chat. Utilisation : En compl\u00e9ment de l'alimentation quotidienne Chien et chat\",\"breadcrumb\":{\"@id\":\"https:\\\/\\\/www.vetorino.com\\\/boutique\\\/product\\\/omega-supp-2\\\/#breadcrumb\"},\"inLanguage\":\"fr-FR\",\"potentialAction\":[{\"@type\":\"ReadAction\",\"target\":[\"https:\\\/\\\/www.vetorino.com\\\/boutique\\\/product\\\/omega-supp-2\\\/\"]}]},{\"@type\":\"ImageObject\",\"inLanguage\":\"fr-FR\",\"@id\":\"https:\\\/\\\/www.vetorino.com\\\/boutique\\\/product\\\/omega-supp-2\\\/#primaryimage\",\"url\":\"https:\\\/\\\/www.vetorino.com\\\/boutique\\\/wp-content\\\/uploads\\\/2021\\\/04\\\/omega-supp1.jpg\",\"contentUrl\":\"https:\\\/\\\/www.vetorino.com\\\/boutique\\\/wp-content\\\/uploads\\\/2021\\\/04\\\/omega-supp1.jpg\",\"width\":540,\"height\":540},{\"@type\":\"BreadcrumbList\",\"@id\":\"https:\\\/\\\/www.vetorino.com\\\/boutique\\\/product\\\/omega-supp-2\\\/#breadcrumb\",\"itemListElement\":[{\"@type\":\"ListItem\",\"position\":1,\"name\":\"Accueil\",\"item\":\"https:\\\/\\\/www.vetorino.com\\\/boutique\\\/\"},{\"@type\":\"ListItem\",\"position\":2,\"name\":\"Produits\",\"item\":\"https:\\\/\\\/www.vetorino.com\\\/boutique\\\/\"},{\"@type\":\"ListItem\",\"position\":3,\"name\":\"Omega Supp\"}]},{\"@type\":\"WebSite\",\"@id\":\"https:\\\/\\\/www.vetorino.com\\\/boutique\\\/#website\",\"url\":\"https:\\\/\\\/www.vetorino.com\\\/boutique\\\/\",\"name\":\"V\u00e9torino\",\"description\":\"\",\"publisher\":{\"@id\":\"https:\\\/\\\/www.vetorino.com\\\/boutique\\\/#organization\"},\"potentialAction\":[{\"@type\":\"SearchAction\",\"target\":{\"@type\":\"EntryPoint\",\"urlTemplate\":\"https:\\\/\\\/www.vetorino.com\\\/boutique\\\/?s={search_term_string}\"},\"query-input\":{\"@type\":\"PropertyValueSpecification\",\"valueRequired\":true,\"valueName\":\"search_term_string\"}}],\"inLanguage\":\"fr-FR\"},{\"@type\":\"Organization\",\"@id\":\"https:\\\/\\\/www.vetorino.com\\\/boutique\\\/#organization\",\"name\":\"V\u00e9torino\",\"url\":\"https:\\\/\\\/www.vetorino.com\\\/boutique\\\/\",\"logo\":{\"@type\":\"ImageObject\",\"inLanguage\":\"fr-FR\",\"@id\":\"https:\\\/\\\/www.vetorino.com\\\/boutique\\\/#\\\/schema\\\/logo\\\/image\\\/\",\"url\":\"https:\\\/\\\/www.vetorino.com\\\/boutique\\\/wp-content\\\/uploads\\\/2024\\\/10\\\/logo.jpg\",\"contentUrl\":\"https:\\\/\\\/www.vetorino.com\\\/boutique\\\/wp-content\\\/uploads\\\/2024\\\/10\\\/logo.jpg\",\"width\":1200,\"height\":610,\"caption\":\"V\u00e9torino\"},\"image\":{\"@id\":\"https:\\\/\\\/www.vetorino.com\\\/boutique\\\/#\\\/schema\\\/logo\\\/image\\\/\"},\"sameAs\":[\"https:\\\/\\\/www.facebook.com\\\/Vetorino\\\/\",\"https:\\\/\\\/www.instagram.com\\\/vetorino_off\\\/\",\"https:\\\/\\\/www.linkedin.com\\\/company\\\/vtorino\\\/\"]}]}<\/script>\n<meta property=\"product:brand\" content=\"Miloa\" \/>\n<meta property=\"og:availability\" content=\"instock\" \/>\n<meta property=\"product:availability\" content=\"instock\" \/>\n<meta property=\"product:condition\" content=\"new\" \/>\n<!-- \/ Yoast SEO plugin. -->","yoast_head_json":{"title":"Omega Supp Miloa - V\u00e9torino","description":"Compl\u00e9ment alimentaire riche en om\u00e9ga 3 et en EPA\/DHA pour chien et chat.  Utilisation :   En compl\u00e9ment de l'alimentation quotidienne  Chien et chat","robots":{"index":"noindex","follow":"nofollow"},"og_locale":"fr_FR","og_type":"article","og_title":"Omega Supp Miloa - V\u00e9torino","og_description":"Compl\u00e9ment alimentaire riche en om\u00e9ga 3 et en EPA\/DHA pour chien et chat.  Utilisation :   En compl\u00e9ment de l'alimentation quotidienne  Chien et chat","og_url":"https:\/\/www.vetorino.com\/veterinaire\/beugnies-59216\/boutique\/product\/omega-supp-2\/","og_site_name":"V\u00e9torino","article_publisher":"https:\/\/www.facebook.com\/Vetorino\/","article_modified_time":"2024-06-17T12:21:14+00:00","og_image":[{"width":540,"height":540,"url":"https:\/\/www.vetorino.com\/boutique\/wp-content\/uploads\/2021\/04\/omega-supp1.jpg","type":"image\/jpeg"}],"twitter_card":"summary_large_image","twitter_misc":{"Disponibilit\u00e9":"En stock"},"schema":{"@context":"https:\/\/schema.org","@graph":[{"@type":"WebPage","@id":"https:\/\/www.vetorino.com\/boutique\/product\/omega-supp-2\/","url":"https:\/\/www.vetorino.com\/boutique\/product\/omega-supp-2\/","name":"Omega Supp Miloa - V\u00e9torino","isPartOf":{"@id":"https:\/\/www.vetorino.com\/boutique\/#website"},"primaryImageOfPage":{"@id":"https:\/\/www.vetorino.com\/boutique\/product\/omega-supp-2\/#primaryimage"},"image":{"@id":"https:\/\/www.vetorino.com\/boutique\/product\/omega-supp-2\/#primaryimage"},"thumbnailUrl":"https:\/\/www.vetorino.com\/boutique\/wp-content\/uploads\/2021\/04\/omega-supp1.jpg","datePublished":"2021-04-29T18:22:23+00:00","dateModified":"2024-06-17T12:21:14+00:00","description":"Compl\u00e9ment alimentaire riche en om\u00e9ga 3 et en EPA\/DHA pour chien et chat. Utilisation : En compl\u00e9ment de l'alimentation quotidienne Chien et chat","breadcrumb":{"@id":"https:\/\/www.vetorino.com\/boutique\/product\/omega-supp-2\/#breadcrumb"},"inLanguage":"fr-FR","potentialAction":[{"@type":"ReadAction","target":["https:\/\/www.vetorino.com\/boutique\/product\/omega-supp-2\/"]}]},{"@type":"ImageObject","inLanguage":"fr-FR","@id":"https:\/\/www.vetorino.com\/boutique\/product\/omega-supp-2\/#primaryimage","url":"https:\/\/www.vetorino.com\/boutique\/wp-content\/uploads\/2021\/04\/omega-supp1.jpg","contentUrl":"https:\/\/www.vetorino.com\/boutique\/wp-content\/uploads\/2021\/04\/omega-supp1.jpg","width":540,"height":540},{"@type":"BreadcrumbList","@id":"https:\/\/www.vetorino.com\/boutique\/product\/omega-supp-2\/#breadcrumb","itemListElement":[{"@type":"ListItem","position":1,"name":"Accueil","item":"https:\/\/www.vetorino.com\/boutique\/"},{"@type":"ListItem","position":2,"name":"Produits","item":"https:\/\/www.vetorino.com\/boutique\/"},{"@type":"ListItem","position":3,"name":"Omega Supp"}]},{"@type":"WebSite","@id":"https:\/\/www.vetorino.com\/boutique\/#website","url":"https:\/\/www.vetorino.com\/boutique\/","name":"V\u00e9torino","description":"","publisher":{"@id":"https:\/\/www.vetorino.com\/boutique\/#organization"},"potentialAction":[{"@type":"SearchAction","target":{"@type":"EntryPoint","urlTemplate":"https:\/\/www.vetorino.com\/boutique\/?s={search_term_string}"},"query-input":{"@type":"PropertyValueSpecification","valueRequired":true,"valueName":"search_term_string"}}],"inLanguage":"fr-FR"},{"@type":"Organization","@id":"https:\/\/www.vetorino.com\/boutique\/#organization","name":"V\u00e9torino","url":"https:\/\/www.vetorino.com\/boutique\/","logo":{"@type":"ImageObject","inLanguage":"fr-FR","@id":"https:\/\/www.vetorino.com\/boutique\/#\/schema\/logo\/image\/","url":"https:\/\/www.vetorino.com\/boutique\/wp-content\/uploads\/2024\/10\/logo.jpg","contentUrl":"https:\/\/www.vetorino.com\/boutique\/wp-content\/uploads\/2024\/10\/logo.jpg","width":1200,"height":610,"caption":"V\u00e9torino"},"image":{"@id":"https:\/\/www.vetorino.com\/boutique\/#\/schema\/logo\/image\/"},"sameAs":["https:\/\/www.facebook.com\/Vetorino\/","https:\/\/www.instagram.com\/vetorino_off\/","https:\/\/www.linkedin.com\/company\/vtorino\/"]}]},"product_brand":"Miloa","og_availability":"instock","product_availability":"instock","product_condition":"new"},"_links":{"self":[{"href":"https:\/\/www.vetorino.com\/veterinaire\/beugnies-59216\/boutique\/wp-json\/wp\/v2\/product\/174586","targetHints":{"allow":["GET"]}}],"collection":[{"href":"https:\/\/www.vetorino.com\/veterinaire\/beugnies-59216\/boutique\/wp-json\/wp\/v2\/product"}],"about":[{"href":"https:\/\/www.vetorino.com\/veterinaire\/beugnies-59216\/boutique\/wp-json\/wp\/v2\/types\/product"}],"wp:featuredmedia":[{"embeddable":true,"href":"https:\/\/www.vetorino.com\/veterinaire\/beugnies-59216\/boutique\/wp-json\/wp\/v2\/media\/949832"}],"wp:attachment":[{"href":"https:\/\/www.vetorino.com\/veterinaire\/beugnies-59216\/boutique\/wp-json\/wp\/v2\/media?parent=174586"}],"wp:term":[{"taxonomy":"product_cat","embeddable":true,"href":"https:\/\/www.vetorino.com\/veterinaire\/beugnies-59216\/boutique\/wp-json\/wp\/v2\/product_cat?post=174586"},{"taxonomy":"product_tag","embeddable":true,"href":"https:\/\/www.vetorino.com\/veterinaire\/beugnies-59216\/boutique\/wp-json\/wp\/v2\/product_tag?post=174586"}],"curies":[{"name":"wp","href":"https:\/\/api.w.org\/{rel}","templated":true}]}}