{"id":177059,"date":"2021-05-04T18:38:08","date_gmt":"2021-05-04T16:38:08","guid":{"rendered":"https:\/\/www.vetorino.com\/boutique\/product\/flatazor-dynavena-senior-sac-20-kg\/"},"modified":"2024-06-07T14:32:20","modified_gmt":"2024-06-07T12:32:20","slug":"flatazor-dynavena-senior-sac-20-kg","status":"publish","type":"product","link":"https:\/\/www.vetorino.com\/veterinaire\/beugnies-59216\/boutique\/product\/flatazor-dynavena-senior-sac-20-kg\/","title":{"rendered":"FLATAZOR DYNAVENA SENIOR       SAC 20 KG"},"content":{"rendered":"<ul>\n<li><strong>S\u00e9curit\u00e9 digestive<\/strong><br \/>\nFibres de luzerne en l\u2019\u00e9tat, sources vari\u00e9es d&#8217;\u00e9nergie, flocons, pr\u00e9biotiques (FOS &amp; MOS), fibres solubles (pectines de pomme et pulpes de betterave)<\/li>\n<li><strong>Maintien du poids corporel<\/strong><br \/>\nTeneurs adapt\u00e9es en prot\u00e9ines et mati\u00e8res grasses, gamma-oryzanol (son de riz)<\/li>\n<li><strong>Syst\u00e8me immunitaire renforc\u00e9<\/strong><br \/>\nVitamines E et C, s\u00e9l\u00e9nium, om\u00e9ga 3 (graines de lin floconn\u00e9es), polyph\u00e9nols (pomme)<\/li>\n<li><strong>Soutien articulaire<\/strong><br \/>\nPeptides marins (collag\u00e8ne marin hydrolys\u00e9 de type II)<\/li>\n<\/ul>\n","protected":false},"excerpt":{"rendered":"<p>Aliment floconn\u00e9 pour chevaux et poneys \u00e2g\u00e9s et sensibles. Compl\u00e9mentaire de foin ou d&#8217;herbe. Particuli\u00e8rement adapt\u00e9 aux chevaux qui pr\u00e9sentent des troubles de l&#8217;app\u00e9tit, digestifs et dentaires.<\/p>\n","protected":false},"featured_media":311967,"template":"","meta":[],"product_cat":[12757,12547],"product_tag":[],"class_list":{"0":"post-177059","1":"product","2":"type-product","3":"status-publish","4":"has-post-thumbnail","6":"product_cat-alimentation-du-cheval","7":"product_cat-cheval","8":"pa_marque-sopral","10":"first","11":"instock","12":"taxable","13":"shipping-taxable","14":"purchasable","15":"product-type-simple"},"yoast_head":"<!-- This site is optimized with the Yoast SEO plugin v27.3 - https:\/\/yoast.com\/product\/yoast-seo-wordpress\/ -->\n<title>FLATAZOR DYNAVENA SENIOR    SAC 20 KG Sopral - V\u00e9torino<\/title>\n<meta name=\"description\" content=\"Aliment floconn\u00e9 pour chevaux et poneys \u00e2g\u00e9s et sensibles. Compl\u00e9mentaire de foin ou d&#039;herbe. Particuli\u00e8rement adapt\u00e9 aux chevaux qui pr\u00e9sentent des troubles de l&#039;app\u00e9tit, digestifs et dentaires.\" \/>\n<meta name=\"robots\" content=\"noindex, nofollow\" \/>\n<meta property=\"og:locale\" content=\"fr_FR\" \/>\n<meta property=\"og:type\" content=\"article\" \/>\n<meta property=\"og:title\" content=\"FLATAZOR DYNAVENA SENIOR    SAC 20 KG Sopral - V\u00e9torino\" \/>\n<meta property=\"og:description\" content=\"Aliment floconn\u00e9 pour chevaux et poneys \u00e2g\u00e9s et sensibles. Compl\u00e9mentaire de foin ou d&#039;herbe. Particuli\u00e8rement adapt\u00e9 aux chevaux qui pr\u00e9sentent des troubles de l&#039;app\u00e9tit, digestifs et dentaires.\" \/>\n<meta property=\"og:url\" content=\"https:\/\/www.vetorino.com\/veterinaire\/beugnies-59216\/boutique\/product\/flatazor-dynavena-senior-sac-20-kg\/\" \/>\n<meta property=\"og:site_name\" content=\"V\u00e9torino\" \/>\n<meta property=\"article:publisher\" content=\"https:\/\/www.facebook.com\/Vetorino\/\" \/>\n<meta property=\"article:modified_time\" content=\"2024-06-07T12:32:20+00:00\" \/>\n<meta property=\"og:image\" content=\"https:\/\/www.vetorino.com\/boutique\/wp-content\/uploads\/2021\/05\/flatazor_dynavena_senior_20kg_-_la_compagnie_des_animaux.jpeg\" \/>\n\t<meta property=\"og:image:width\" content=\"1178\" \/>\n\t<meta property=\"og:image:height\" content=\"1024\" \/>\n\t<meta property=\"og:image:type\" content=\"image\/jpeg\" \/>\n<meta name=\"twitter:card\" content=\"summary_large_image\" \/>\n<meta name=\"twitter:label1\" content=\"Prix\" \/>\n\t<meta name=\"twitter:data1\" content=\"38,08&euro;\" \/>\n\t<meta name=\"twitter:label2\" content=\"Disponibilit\u00e9\" \/>\n\t<meta name=\"twitter:data2\" content=\"En stock\" \/>\n<script type=\"application\/ld+json\" class=\"yoast-schema-graph\">{\"@context\":\"https:\\\/\\\/schema.org\",\"@graph\":[{\"@type\":\"WebPage\",\"@id\":\"https:\\\/\\\/www.vetorino.com\\\/boutique\\\/product\\\/flatazor-dynavena-senior-sac-20-kg\\\/\",\"url\":\"https:\\\/\\\/www.vetorino.com\\\/boutique\\\/product\\\/flatazor-dynavena-senior-sac-20-kg\\\/\",\"name\":\"FLATAZOR DYNAVENA SENIOR SAC 20 KG Sopral - V\u00e9torino\",\"isPartOf\":{\"@id\":\"https:\\\/\\\/www.vetorino.com\\\/boutique\\\/#website\"},\"primaryImageOfPage\":{\"@id\":\"https:\\\/\\\/www.vetorino.com\\\/boutique\\\/product\\\/flatazor-dynavena-senior-sac-20-kg\\\/#primaryimage\"},\"image\":{\"@id\":\"https:\\\/\\\/www.vetorino.com\\\/boutique\\\/product\\\/flatazor-dynavena-senior-sac-20-kg\\\/#primaryimage\"},\"thumbnailUrl\":\"https:\\\/\\\/www.vetorino.com\\\/boutique\\\/wp-content\\\/uploads\\\/2021\\\/05\\\/flatazor_dynavena_senior_20kg_-_la_compagnie_des_animaux.jpeg\",\"datePublished\":\"2021-05-04T16:38:08+00:00\",\"dateModified\":\"2024-06-07T12:32:20+00:00\",\"description\":\"Aliment floconn\u00e9 pour chevaux et poneys \u00e2g\u00e9s et sensibles. Compl\u00e9mentaire de foin ou d'herbe. Particuli\u00e8rement adapt\u00e9 aux chevaux qui pr\u00e9sentent des troubles de l'app\u00e9tit, digestifs et dentaires.\",\"breadcrumb\":{\"@id\":\"https:\\\/\\\/www.vetorino.com\\\/boutique\\\/product\\\/flatazor-dynavena-senior-sac-20-kg\\\/#breadcrumb\"},\"inLanguage\":\"fr-FR\",\"potentialAction\":[{\"@type\":\"ReadAction\",\"target\":[\"https:\\\/\\\/www.vetorino.com\\\/boutique\\\/product\\\/flatazor-dynavena-senior-sac-20-kg\\\/\"]}]},{\"@type\":\"ImageObject\",\"inLanguage\":\"fr-FR\",\"@id\":\"https:\\\/\\\/www.vetorino.com\\\/boutique\\\/product\\\/flatazor-dynavena-senior-sac-20-kg\\\/#primaryimage\",\"url\":\"https:\\\/\\\/www.vetorino.com\\\/boutique\\\/wp-content\\\/uploads\\\/2021\\\/05\\\/flatazor_dynavena_senior_20kg_-_la_compagnie_des_animaux.jpeg\",\"contentUrl\":\"https:\\\/\\\/www.vetorino.com\\\/boutique\\\/wp-content\\\/uploads\\\/2021\\\/05\\\/flatazor_dynavena_senior_20kg_-_la_compagnie_des_animaux.jpeg\",\"width\":1178,\"height\":1024},{\"@type\":\"BreadcrumbList\",\"@id\":\"https:\\\/\\\/www.vetorino.com\\\/boutique\\\/product\\\/flatazor-dynavena-senior-sac-20-kg\\\/#breadcrumb\",\"itemListElement\":[{\"@type\":\"ListItem\",\"position\":1,\"name\":\"Accueil\",\"item\":\"https:\\\/\\\/www.vetorino.com\\\/boutique\\\/\"},{\"@type\":\"ListItem\",\"position\":2,\"name\":\"Produits\",\"item\":\"https:\\\/\\\/www.vetorino.com\\\/boutique\\\/\"},{\"@type\":\"ListItem\",\"position\":3,\"name\":\"FLATAZOR DYNAVENA SENIOR SAC 20 KG\"}]},{\"@type\":\"WebSite\",\"@id\":\"https:\\\/\\\/www.vetorino.com\\\/boutique\\\/#website\",\"url\":\"https:\\\/\\\/www.vetorino.com\\\/boutique\\\/\",\"name\":\"V\u00e9torino\",\"description\":\"\",\"publisher\":{\"@id\":\"https:\\\/\\\/www.vetorino.com\\\/boutique\\\/#organization\"},\"potentialAction\":[{\"@type\":\"SearchAction\",\"target\":{\"@type\":\"EntryPoint\",\"urlTemplate\":\"https:\\\/\\\/www.vetorino.com\\\/boutique\\\/?s={search_term_string}\"},\"query-input\":{\"@type\":\"PropertyValueSpecification\",\"valueRequired\":true,\"valueName\":\"search_term_string\"}}],\"inLanguage\":\"fr-FR\"},{\"@type\":\"Organization\",\"@id\":\"https:\\\/\\\/www.vetorino.com\\\/boutique\\\/#organization\",\"name\":\"V\u00e9torino\",\"url\":\"https:\\\/\\\/www.vetorino.com\\\/boutique\\\/\",\"logo\":{\"@type\":\"ImageObject\",\"inLanguage\":\"fr-FR\",\"@id\":\"https:\\\/\\\/www.vetorino.com\\\/boutique\\\/#\\\/schema\\\/logo\\\/image\\\/\",\"url\":\"https:\\\/\\\/www.vetorino.com\\\/boutique\\\/wp-content\\\/uploads\\\/2024\\\/10\\\/logo.jpg\",\"contentUrl\":\"https:\\\/\\\/www.vetorino.com\\\/boutique\\\/wp-content\\\/uploads\\\/2024\\\/10\\\/logo.jpg\",\"width\":1200,\"height\":610,\"caption\":\"V\u00e9torino\"},\"image\":{\"@id\":\"https:\\\/\\\/www.vetorino.com\\\/boutique\\\/#\\\/schema\\\/logo\\\/image\\\/\"},\"sameAs\":[\"https:\\\/\\\/www.facebook.com\\\/Vetorino\\\/\",\"https:\\\/\\\/www.instagram.com\\\/vetorino_off\\\/\",\"https:\\\/\\\/www.linkedin.com\\\/company\\\/vtorino\\\/\"]}]}<\/script>\n<meta property=\"product:brand\" content=\"Sopral\" \/>\n<meta property=\"product:price:amount\" content=\"38.08\" \/>\n<meta property=\"product:price:currency\" content=\"EUR\" \/>\n<meta property=\"og:availability\" content=\"instock\" \/>\n<meta property=\"product:availability\" content=\"instock\" \/>\n<meta property=\"product:retailer_item_id\" content=\"A-8091893\" \/>\n<meta property=\"product:condition\" content=\"new\" \/>\n<!-- \/ Yoast SEO plugin. -->","yoast_head_json":{"title":"FLATAZOR DYNAVENA SENIOR    SAC 20 KG Sopral - V\u00e9torino","description":"Aliment floconn\u00e9 pour chevaux et poneys \u00e2g\u00e9s et sensibles. Compl\u00e9mentaire de foin ou d'herbe. Particuli\u00e8rement adapt\u00e9 aux chevaux qui pr\u00e9sentent des troubles de l'app\u00e9tit, digestifs et dentaires.","robots":{"index":"noindex","follow":"nofollow"},"og_locale":"fr_FR","og_type":"article","og_title":"FLATAZOR DYNAVENA SENIOR    SAC 20 KG Sopral - V\u00e9torino","og_description":"Aliment floconn\u00e9 pour chevaux et poneys \u00e2g\u00e9s et sensibles. Compl\u00e9mentaire de foin ou d'herbe. Particuli\u00e8rement adapt\u00e9 aux chevaux qui pr\u00e9sentent des troubles de l'app\u00e9tit, digestifs et dentaires.","og_url":"https:\/\/www.vetorino.com\/veterinaire\/beugnies-59216\/boutique\/product\/flatazor-dynavena-senior-sac-20-kg\/","og_site_name":"V\u00e9torino","article_publisher":"https:\/\/www.facebook.com\/Vetorino\/","article_modified_time":"2024-06-07T12:32:20+00:00","og_image":[{"width":1178,"height":1024,"url":"https:\/\/www.vetorino.com\/boutique\/wp-content\/uploads\/2021\/05\/flatazor_dynavena_senior_20kg_-_la_compagnie_des_animaux.jpeg","type":"image\/jpeg"}],"twitter_card":"summary_large_image","twitter_misc":{"Prix":"38,08&euro;","Disponibilit\u00e9":"En stock"},"schema":{"@context":"https:\/\/schema.org","@graph":[{"@type":"WebPage","@id":"https:\/\/www.vetorino.com\/boutique\/product\/flatazor-dynavena-senior-sac-20-kg\/","url":"https:\/\/www.vetorino.com\/boutique\/product\/flatazor-dynavena-senior-sac-20-kg\/","name":"FLATAZOR DYNAVENA SENIOR SAC 20 KG Sopral - V\u00e9torino","isPartOf":{"@id":"https:\/\/www.vetorino.com\/boutique\/#website"},"primaryImageOfPage":{"@id":"https:\/\/www.vetorino.com\/boutique\/product\/flatazor-dynavena-senior-sac-20-kg\/#primaryimage"},"image":{"@id":"https:\/\/www.vetorino.com\/boutique\/product\/flatazor-dynavena-senior-sac-20-kg\/#primaryimage"},"thumbnailUrl":"https:\/\/www.vetorino.com\/boutique\/wp-content\/uploads\/2021\/05\/flatazor_dynavena_senior_20kg_-_la_compagnie_des_animaux.jpeg","datePublished":"2021-05-04T16:38:08+00:00","dateModified":"2024-06-07T12:32:20+00:00","description":"Aliment floconn\u00e9 pour chevaux et poneys \u00e2g\u00e9s et sensibles. Compl\u00e9mentaire de foin ou d'herbe. Particuli\u00e8rement adapt\u00e9 aux chevaux qui pr\u00e9sentent des troubles de l'app\u00e9tit, digestifs et dentaires.","breadcrumb":{"@id":"https:\/\/www.vetorino.com\/boutique\/product\/flatazor-dynavena-senior-sac-20-kg\/#breadcrumb"},"inLanguage":"fr-FR","potentialAction":[{"@type":"ReadAction","target":["https:\/\/www.vetorino.com\/boutique\/product\/flatazor-dynavena-senior-sac-20-kg\/"]}]},{"@type":"ImageObject","inLanguage":"fr-FR","@id":"https:\/\/www.vetorino.com\/boutique\/product\/flatazor-dynavena-senior-sac-20-kg\/#primaryimage","url":"https:\/\/www.vetorino.com\/boutique\/wp-content\/uploads\/2021\/05\/flatazor_dynavena_senior_20kg_-_la_compagnie_des_animaux.jpeg","contentUrl":"https:\/\/www.vetorino.com\/boutique\/wp-content\/uploads\/2021\/05\/flatazor_dynavena_senior_20kg_-_la_compagnie_des_animaux.jpeg","width":1178,"height":1024},{"@type":"BreadcrumbList","@id":"https:\/\/www.vetorino.com\/boutique\/product\/flatazor-dynavena-senior-sac-20-kg\/#breadcrumb","itemListElement":[{"@type":"ListItem","position":1,"name":"Accueil","item":"https:\/\/www.vetorino.com\/boutique\/"},{"@type":"ListItem","position":2,"name":"Produits","item":"https:\/\/www.vetorino.com\/boutique\/"},{"@type":"ListItem","position":3,"name":"FLATAZOR DYNAVENA SENIOR SAC 20 KG"}]},{"@type":"WebSite","@id":"https:\/\/www.vetorino.com\/boutique\/#website","url":"https:\/\/www.vetorino.com\/boutique\/","name":"V\u00e9torino","description":"","publisher":{"@id":"https:\/\/www.vetorino.com\/boutique\/#organization"},"potentialAction":[{"@type":"SearchAction","target":{"@type":"EntryPoint","urlTemplate":"https:\/\/www.vetorino.com\/boutique\/?s={search_term_string}"},"query-input":{"@type":"PropertyValueSpecification","valueRequired":true,"valueName":"search_term_string"}}],"inLanguage":"fr-FR"},{"@type":"Organization","@id":"https:\/\/www.vetorino.com\/boutique\/#organization","name":"V\u00e9torino","url":"https:\/\/www.vetorino.com\/boutique\/","logo":{"@type":"ImageObject","inLanguage":"fr-FR","@id":"https:\/\/www.vetorino.com\/boutique\/#\/schema\/logo\/image\/","url":"https:\/\/www.vetorino.com\/boutique\/wp-content\/uploads\/2024\/10\/logo.jpg","contentUrl":"https:\/\/www.vetorino.com\/boutique\/wp-content\/uploads\/2024\/10\/logo.jpg","width":1200,"height":610,"caption":"V\u00e9torino"},"image":{"@id":"https:\/\/www.vetorino.com\/boutique\/#\/schema\/logo\/image\/"},"sameAs":["https:\/\/www.facebook.com\/Vetorino\/","https:\/\/www.instagram.com\/vetorino_off\/","https:\/\/www.linkedin.com\/company\/vtorino\/"]}]},"product_brand":"Sopral","product_price_amount":"38.08","product_price_currency":"EUR","og_availability":"instock","product_availability":"instock","product_retailer_item_id":"A-8091893","product_condition":"new"},"_links":{"self":[{"href":"https:\/\/www.vetorino.com\/veterinaire\/beugnies-59216\/boutique\/wp-json\/wp\/v2\/product\/177059","targetHints":{"allow":["GET"]}}],"collection":[{"href":"https:\/\/www.vetorino.com\/veterinaire\/beugnies-59216\/boutique\/wp-json\/wp\/v2\/product"}],"about":[{"href":"https:\/\/www.vetorino.com\/veterinaire\/beugnies-59216\/boutique\/wp-json\/wp\/v2\/types\/product"}],"wp:featuredmedia":[{"embeddable":true,"href":"https:\/\/www.vetorino.com\/veterinaire\/beugnies-59216\/boutique\/wp-json\/wp\/v2\/media\/311967"}],"wp:attachment":[{"href":"https:\/\/www.vetorino.com\/veterinaire\/beugnies-59216\/boutique\/wp-json\/wp\/v2\/media?parent=177059"}],"wp:term":[{"taxonomy":"product_cat","embeddable":true,"href":"https:\/\/www.vetorino.com\/veterinaire\/beugnies-59216\/boutique\/wp-json\/wp\/v2\/product_cat?post=177059"},{"taxonomy":"product_tag","embeddable":true,"href":"https:\/\/www.vetorino.com\/veterinaire\/beugnies-59216\/boutique\/wp-json\/wp\/v2\/product_tag?post=177059"}],"curies":[{"name":"wp","href":"https:\/\/api.w.org\/{rel}","templated":true}]}}