{"id":177236,"date":"2021-05-04T18:45:13","date_gmt":"2021-05-04T16:45:13","guid":{"rendered":"https:\/\/www.vetorino.com\/boutique\/product\/twydil-twyblid-2\/"},"modified":"2025-05-16T16:58:02","modified_gmt":"2025-05-16T14:58:02","slug":"twydil-twyblid-2","status":"publish","type":"product","link":"https:\/\/www.vetorino.com\/veterinaire\/beugnies-59216\/boutique\/product\/twydil-twyblid-2\/","title":{"rendered":"Twydil Twyblid"},"content":{"rendered":"<p>Compl\u00e9ment alimentaire riche en vitamines et bioflavono\u00efdes, <strong>destin\u00e9 \u00e0 soutenir les capillaires sanguins de l&#8217;appareil respiratoire du cheval athl\u00e8te.<\/strong><\/p>\n<ul>\n<li>Pour les <strong>chevaux sensibles des voies respiratoires<\/strong> durant l\u2019effort.<\/li>\n<li>Pour <strong>renforcer les d\u00e9fenses naturelles<\/strong> antivirales.<\/li>\n<li>Apporte un<strong> contr\u00f4le significatif du stress m\u00e9tabolique<\/strong> <strong>pulmonaire<\/strong>.<\/li>\n<li>En <strong>pr\u00e9paration finale des chevaux de course<\/strong> sujets \u00e0 des probl\u00e8mes respiratoires.<\/li>\n<\/ul>\n<p>Chez les chevaux \u00e0 probl\u00e8me les effets seront ressentis par le cavalier et l\u2019entra\u00eeneur d\u00e8s le 7e jour de compl\u00e9mentation.<\/p>\n<p>L\u2019efficacit\u00e9 sera culminante apr\u00e8s 10 jours, pour la plupart des chevaux.<\/p>\n<p>Trois semaines seront par contre n\u00e9cessaires en cas de stress m\u00e9tabolique pulmonaire.<\/p>\n","protected":false},"excerpt":{"rendered":"<p>Compl\u00e9ment alimentaire riche en vitamines et bioflavono\u00efdes, <strong>destin\u00e9 \u00e0 soutenir les capillaires sanguins de l&#8217;appareil respiratoire du cheval athl\u00e8te.<\/strong><\/p>\n<ul>\n<li>Pour les <strong>chevaux sensibles des voies respiratoires<\/strong> durant l\u2019effort.<\/li>\n<li>Pour <strong>renforcer les d\u00e9fenses naturelles<\/strong> antivirales.<\/li>\n<li>Apporte un<strong> contr\u00f4le significatif du stress m\u00e9tabolique<\/strong> <strong>pulmonaire<\/strong>.<\/li>\n<li>En <strong>pr\u00e9paration finale des chevaux de course<\/strong> sujets \u00e0 des probl\u00e8mes respiratoires.<\/li>\n<\/ul>\n<p>Chez les chevaux \u00e0 probl\u00e8me les effets seront ressentis par le cavalier et l\u2019entra\u00eeneur d\u00e8s le 7e jour de compl\u00e9mentation.<\/p>\n<p>L\u2019efficacit\u00e9 sera culminante apr\u00e8s 10 jours, pour la plupart des chevaux.<\/p>\n<p>Trois semaines seront par contre n\u00e9cessaires en cas de stress m\u00e9tabolique pulmonaire.<\/p>\n","protected":false},"featured_media":1331812,"template":"","meta":[],"product_cat":[12569,12547,14072],"product_tag":[],"class_list":{"0":"post-177236","1":"product","2":"type-product","3":"status-publish","4":"has-post-thumbnail","6":"product_cat-respiration-du-cheval","7":"product_cat-cheval","8":"product_cat-dietetique-et-complements-alimentaires-du-cheval","9":"pa_marque-pavesco","11":"first","12":"outofstock","13":"taxable","14":"shipping-taxable","15":"purchasable","16":"product-type-simple"},"yoast_head":"<!-- This site is optimized with the Yoast SEO plugin v27.3 - https:\/\/yoast.com\/product\/yoast-seo-wordpress\/ -->\n<title>Twydil Twyblid Pavesco - V\u00e9torino<\/title>\n<meta name=\"description\" content=\"Compl\u00e9ment alimentaire riche en vitamines et bioflavono\u00efdes, destin\u00e9 \u00e0 soutenir les capillaires sanguins de l&#039;appareil respiratoire du cheval athl\u00e8te.   Pour les chevaux sensibles des voies respiratoires durant l\u2019effort.  Pour renforcer les d\u00e9fenses naturelles antivirales.  Apporte un contr\u00f4le significatif du stress m\u00e9tabolique pulmonaire.  En pr\u00e9paration finale des chevaux de course sujets \u00e0 des probl\u00e8mes respiratoires.  Chez les chevaux \u00e0 probl\u00e8me les effets seront ressentis par le cavalier et l\u2019entra\u00eeneur d\u00e8s le 7e jour de compl\u00e9mentation.  L\u2019efficacit\u00e9 sera culminante apr\u00e8s 10 jours, pour la plupart des chevaux.  Trois semaines seront par contre n\u00e9cessaires en cas de stress m\u00e9tabolique pulmonaire.\" \/>\n<meta name=\"robots\" content=\"noindex, nofollow\" \/>\n<meta property=\"og:locale\" content=\"fr_FR\" \/>\n<meta property=\"og:type\" content=\"article\" \/>\n<meta property=\"og:title\" content=\"Twydil Twyblid Pavesco - V\u00e9torino\" \/>\n<meta property=\"og:description\" content=\"Compl\u00e9ment alimentaire riche en vitamines et bioflavono\u00efdes, destin\u00e9 \u00e0 soutenir les capillaires sanguins de l&#039;appareil respiratoire du cheval athl\u00e8te.   Pour les chevaux sensibles des voies respiratoires durant l\u2019effort.  Pour renforcer les d\u00e9fenses naturelles antivirales.  Apporte un contr\u00f4le significatif du stress m\u00e9tabolique pulmonaire.  En pr\u00e9paration finale des chevaux de course sujets \u00e0 des probl\u00e8mes respiratoires.  Chez les chevaux \u00e0 probl\u00e8me les effets seront ressentis par le cavalier et l\u2019entra\u00eeneur d\u00e8s le 7e jour de compl\u00e9mentation.  L\u2019efficacit\u00e9 sera culminante apr\u00e8s 10 jours, pour la plupart des chevaux.  Trois semaines seront par contre n\u00e9cessaires en cas de stress m\u00e9tabolique pulmonaire.\" \/>\n<meta property=\"og:url\" content=\"https:\/\/www.vetorino.com\/veterinaire\/beugnies-59216\/boutique\/product\/twydil-twyblid-2\/\" \/>\n<meta property=\"og:site_name\" content=\"V\u00e9torino\" \/>\n<meta property=\"article:publisher\" content=\"https:\/\/www.facebook.com\/Vetorino\/\" \/>\n<meta property=\"article:modified_time\" content=\"2025-05-16T14:58:02+00:00\" \/>\n<meta property=\"og:image\" content=\"https:\/\/www.vetorino.com\/boutique\/wp-content\/uploads\/2021\/05\/twydil-twyblid.png\" \/>\n\t<meta property=\"og:image:width\" content=\"555\" \/>\n\t<meta property=\"og:image:height\" content=\"555\" \/>\n\t<meta property=\"og:image:type\" content=\"image\/png\" \/>\n<meta name=\"twitter:card\" content=\"summary_large_image\" \/>\n<meta name=\"twitter:label1\" content=\"Prix\" \/>\n\t<meta name=\"twitter:data1\" content=\"64,34&euro;\" \/>\n\t<meta name=\"twitter:label2\" content=\"Disponibilit\u00e9\" \/>\n\t<meta name=\"twitter:data2\" content=\"Rupture de stock\" \/>\n<script type=\"application\/ld+json\" class=\"yoast-schema-graph\">{\"@context\":\"https:\\\/\\\/schema.org\",\"@graph\":[{\"@type\":\"WebPage\",\"@id\":\"https:\\\/\\\/www.vetorino.com\\\/boutique\\\/product\\\/twydil-twyblid-2\\\/\",\"url\":\"https:\\\/\\\/www.vetorino.com\\\/boutique\\\/product\\\/twydil-twyblid-2\\\/\",\"name\":\"Twydil Twyblid Pavesco - V\u00e9torino\",\"isPartOf\":{\"@id\":\"https:\\\/\\\/www.vetorino.com\\\/boutique\\\/#website\"},\"primaryImageOfPage\":{\"@id\":\"https:\\\/\\\/www.vetorino.com\\\/boutique\\\/product\\\/twydil-twyblid-2\\\/#primaryimage\"},\"image\":{\"@id\":\"https:\\\/\\\/www.vetorino.com\\\/boutique\\\/product\\\/twydil-twyblid-2\\\/#primaryimage\"},\"thumbnailUrl\":\"https:\\\/\\\/www.vetorino.com\\\/boutique\\\/wp-content\\\/uploads\\\/2021\\\/05\\\/twydil-twyblid.png\",\"datePublished\":\"2021-05-04T16:45:13+00:00\",\"dateModified\":\"2025-05-16T14:58:02+00:00\",\"description\":\"Compl\u00e9ment alimentaire riche en vitamines et bioflavono\u00efdes, destin\u00e9 \u00e0 soutenir les capillaires sanguins de l'appareil respiratoire du cheval athl\u00e8te. Pour les chevaux sensibles des voies respiratoires durant l\u2019effort. Pour renforcer les d\u00e9fenses naturelles antivirales. Apporte un contr\u00f4le significatif du stress m\u00e9tabolique pulmonaire. En pr\u00e9paration finale des chevaux de course sujets \u00e0 des probl\u00e8mes respiratoires. Chez les chevaux \u00e0 probl\u00e8me les effets seront ressentis par le cavalier et l\u2019entra\u00eeneur d\u00e8s le 7e jour de compl\u00e9mentation. L\u2019efficacit\u00e9 sera culminante apr\u00e8s 10 jours, pour la plupart des chevaux. Trois semaines seront par contre n\u00e9cessaires en cas de stress m\u00e9tabolique pulmonaire.\",\"breadcrumb\":{\"@id\":\"https:\\\/\\\/www.vetorino.com\\\/boutique\\\/product\\\/twydil-twyblid-2\\\/#breadcrumb\"},\"inLanguage\":\"fr-FR\",\"potentialAction\":[{\"@type\":\"ReadAction\",\"target\":[\"https:\\\/\\\/www.vetorino.com\\\/boutique\\\/product\\\/twydil-twyblid-2\\\/\"]}]},{\"@type\":\"ImageObject\",\"inLanguage\":\"fr-FR\",\"@id\":\"https:\\\/\\\/www.vetorino.com\\\/boutique\\\/product\\\/twydil-twyblid-2\\\/#primaryimage\",\"url\":\"https:\\\/\\\/www.vetorino.com\\\/boutique\\\/wp-content\\\/uploads\\\/2021\\\/05\\\/twydil-twyblid.png\",\"contentUrl\":\"https:\\\/\\\/www.vetorino.com\\\/boutique\\\/wp-content\\\/uploads\\\/2021\\\/05\\\/twydil-twyblid.png\",\"width\":555,\"height\":555},{\"@type\":\"BreadcrumbList\",\"@id\":\"https:\\\/\\\/www.vetorino.com\\\/boutique\\\/product\\\/twydil-twyblid-2\\\/#breadcrumb\",\"itemListElement\":[{\"@type\":\"ListItem\",\"position\":1,\"name\":\"Accueil\",\"item\":\"https:\\\/\\\/www.vetorino.com\\\/boutique\\\/\"},{\"@type\":\"ListItem\",\"position\":2,\"name\":\"Produits\",\"item\":\"https:\\\/\\\/www.vetorino.com\\\/boutique\\\/\"},{\"@type\":\"ListItem\",\"position\":3,\"name\":\"Twydil Twyblid\"}]},{\"@type\":\"WebSite\",\"@id\":\"https:\\\/\\\/www.vetorino.com\\\/boutique\\\/#website\",\"url\":\"https:\\\/\\\/www.vetorino.com\\\/boutique\\\/\",\"name\":\"V\u00e9torino\",\"description\":\"\",\"publisher\":{\"@id\":\"https:\\\/\\\/www.vetorino.com\\\/boutique\\\/#organization\"},\"potentialAction\":[{\"@type\":\"SearchAction\",\"target\":{\"@type\":\"EntryPoint\",\"urlTemplate\":\"https:\\\/\\\/www.vetorino.com\\\/boutique\\\/?s={search_term_string}\"},\"query-input\":{\"@type\":\"PropertyValueSpecification\",\"valueRequired\":true,\"valueName\":\"search_term_string\"}}],\"inLanguage\":\"fr-FR\"},{\"@type\":\"Organization\",\"@id\":\"https:\\\/\\\/www.vetorino.com\\\/boutique\\\/#organization\",\"name\":\"V\u00e9torino\",\"url\":\"https:\\\/\\\/www.vetorino.com\\\/boutique\\\/\",\"logo\":{\"@type\":\"ImageObject\",\"inLanguage\":\"fr-FR\",\"@id\":\"https:\\\/\\\/www.vetorino.com\\\/boutique\\\/#\\\/schema\\\/logo\\\/image\\\/\",\"url\":\"https:\\\/\\\/www.vetorino.com\\\/boutique\\\/wp-content\\\/uploads\\\/2024\\\/10\\\/logo.jpg\",\"contentUrl\":\"https:\\\/\\\/www.vetorino.com\\\/boutique\\\/wp-content\\\/uploads\\\/2024\\\/10\\\/logo.jpg\",\"width\":1200,\"height\":610,\"caption\":\"V\u00e9torino\"},\"image\":{\"@id\":\"https:\\\/\\\/www.vetorino.com\\\/boutique\\\/#\\\/schema\\\/logo\\\/image\\\/\"},\"sameAs\":[\"https:\\\/\\\/www.facebook.com\\\/Vetorino\\\/\",\"https:\\\/\\\/www.instagram.com\\\/vetorino_off\\\/\",\"https:\\\/\\\/www.linkedin.com\\\/company\\\/vtorino\\\/\"]}]}<\/script>\n<meta property=\"product:brand\" content=\"Pavesco\" \/>\n<meta property=\"product:price:amount\" content=\"64.34\" \/>\n<meta property=\"product:price:currency\" content=\"EUR\" \/>\n<meta property=\"og:availability\" content=\"out of stock\" \/>\n<meta property=\"product:availability\" content=\"out of stock\" \/>\n<meta property=\"product:retailer_item_id\" content=\"A-4635221\" \/>\n<meta property=\"product:condition\" content=\"new\" \/>\n<!-- \/ Yoast SEO plugin. -->","yoast_head_json":{"title":"Twydil Twyblid Pavesco - V\u00e9torino","description":"Compl\u00e9ment alimentaire riche en vitamines et bioflavono\u00efdes, destin\u00e9 \u00e0 soutenir les capillaires sanguins de l'appareil respiratoire du cheval athl\u00e8te.   Pour les chevaux sensibles des voies respiratoires durant l\u2019effort.  Pour renforcer les d\u00e9fenses naturelles antivirales.  Apporte un contr\u00f4le significatif du stress m\u00e9tabolique pulmonaire.  En pr\u00e9paration finale des chevaux de course sujets \u00e0 des probl\u00e8mes respiratoires.  Chez les chevaux \u00e0 probl\u00e8me les effets seront ressentis par le cavalier et l\u2019entra\u00eeneur d\u00e8s le 7e jour de compl\u00e9mentation.  L\u2019efficacit\u00e9 sera culminante apr\u00e8s 10 jours, pour la plupart des chevaux.  Trois semaines seront par contre n\u00e9cessaires en cas de stress m\u00e9tabolique pulmonaire.","robots":{"index":"noindex","follow":"nofollow"},"og_locale":"fr_FR","og_type":"article","og_title":"Twydil Twyblid Pavesco - V\u00e9torino","og_description":"Compl\u00e9ment alimentaire riche en vitamines et bioflavono\u00efdes, destin\u00e9 \u00e0 soutenir les capillaires sanguins de l'appareil respiratoire du cheval athl\u00e8te.   Pour les chevaux sensibles des voies respiratoires durant l\u2019effort.  Pour renforcer les d\u00e9fenses naturelles antivirales.  Apporte un contr\u00f4le significatif du stress m\u00e9tabolique pulmonaire.  En pr\u00e9paration finale des chevaux de course sujets \u00e0 des probl\u00e8mes respiratoires.  Chez les chevaux \u00e0 probl\u00e8me les effets seront ressentis par le cavalier et l\u2019entra\u00eeneur d\u00e8s le 7e jour de compl\u00e9mentation.  L\u2019efficacit\u00e9 sera culminante apr\u00e8s 10 jours, pour la plupart des chevaux.  Trois semaines seront par contre n\u00e9cessaires en cas de stress m\u00e9tabolique pulmonaire.","og_url":"https:\/\/www.vetorino.com\/veterinaire\/beugnies-59216\/boutique\/product\/twydil-twyblid-2\/","og_site_name":"V\u00e9torino","article_publisher":"https:\/\/www.facebook.com\/Vetorino\/","article_modified_time":"2025-05-16T14:58:02+00:00","og_image":[{"width":555,"height":555,"url":"https:\/\/www.vetorino.com\/boutique\/wp-content\/uploads\/2021\/05\/twydil-twyblid.png","type":"image\/png"}],"twitter_card":"summary_large_image","twitter_misc":{"Prix":"64,34&euro;","Disponibilit\u00e9":"Rupture de stock"},"schema":{"@context":"https:\/\/schema.org","@graph":[{"@type":"WebPage","@id":"https:\/\/www.vetorino.com\/boutique\/product\/twydil-twyblid-2\/","url":"https:\/\/www.vetorino.com\/boutique\/product\/twydil-twyblid-2\/","name":"Twydil Twyblid Pavesco - V\u00e9torino","isPartOf":{"@id":"https:\/\/www.vetorino.com\/boutique\/#website"},"primaryImageOfPage":{"@id":"https:\/\/www.vetorino.com\/boutique\/product\/twydil-twyblid-2\/#primaryimage"},"image":{"@id":"https:\/\/www.vetorino.com\/boutique\/product\/twydil-twyblid-2\/#primaryimage"},"thumbnailUrl":"https:\/\/www.vetorino.com\/boutique\/wp-content\/uploads\/2021\/05\/twydil-twyblid.png","datePublished":"2021-05-04T16:45:13+00:00","dateModified":"2025-05-16T14:58:02+00:00","description":"Compl\u00e9ment alimentaire riche en vitamines et bioflavono\u00efdes, destin\u00e9 \u00e0 soutenir les capillaires sanguins de l'appareil respiratoire du cheval athl\u00e8te. Pour les chevaux sensibles des voies respiratoires durant l\u2019effort. Pour renforcer les d\u00e9fenses naturelles antivirales. Apporte un contr\u00f4le significatif du stress m\u00e9tabolique pulmonaire. En pr\u00e9paration finale des chevaux de course sujets \u00e0 des probl\u00e8mes respiratoires. Chez les chevaux \u00e0 probl\u00e8me les effets seront ressentis par le cavalier et l\u2019entra\u00eeneur d\u00e8s le 7e jour de compl\u00e9mentation. L\u2019efficacit\u00e9 sera culminante apr\u00e8s 10 jours, pour la plupart des chevaux. Trois semaines seront par contre n\u00e9cessaires en cas de stress m\u00e9tabolique pulmonaire.","breadcrumb":{"@id":"https:\/\/www.vetorino.com\/boutique\/product\/twydil-twyblid-2\/#breadcrumb"},"inLanguage":"fr-FR","potentialAction":[{"@type":"ReadAction","target":["https:\/\/www.vetorino.com\/boutique\/product\/twydil-twyblid-2\/"]}]},{"@type":"ImageObject","inLanguage":"fr-FR","@id":"https:\/\/www.vetorino.com\/boutique\/product\/twydil-twyblid-2\/#primaryimage","url":"https:\/\/www.vetorino.com\/boutique\/wp-content\/uploads\/2021\/05\/twydil-twyblid.png","contentUrl":"https:\/\/www.vetorino.com\/boutique\/wp-content\/uploads\/2021\/05\/twydil-twyblid.png","width":555,"height":555},{"@type":"BreadcrumbList","@id":"https:\/\/www.vetorino.com\/boutique\/product\/twydil-twyblid-2\/#breadcrumb","itemListElement":[{"@type":"ListItem","position":1,"name":"Accueil","item":"https:\/\/www.vetorino.com\/boutique\/"},{"@type":"ListItem","position":2,"name":"Produits","item":"https:\/\/www.vetorino.com\/boutique\/"},{"@type":"ListItem","position":3,"name":"Twydil Twyblid"}]},{"@type":"WebSite","@id":"https:\/\/www.vetorino.com\/boutique\/#website","url":"https:\/\/www.vetorino.com\/boutique\/","name":"V\u00e9torino","description":"","publisher":{"@id":"https:\/\/www.vetorino.com\/boutique\/#organization"},"potentialAction":[{"@type":"SearchAction","target":{"@type":"EntryPoint","urlTemplate":"https:\/\/www.vetorino.com\/boutique\/?s={search_term_string}"},"query-input":{"@type":"PropertyValueSpecification","valueRequired":true,"valueName":"search_term_string"}}],"inLanguage":"fr-FR"},{"@type":"Organization","@id":"https:\/\/www.vetorino.com\/boutique\/#organization","name":"V\u00e9torino","url":"https:\/\/www.vetorino.com\/boutique\/","logo":{"@type":"ImageObject","inLanguage":"fr-FR","@id":"https:\/\/www.vetorino.com\/boutique\/#\/schema\/logo\/image\/","url":"https:\/\/www.vetorino.com\/boutique\/wp-content\/uploads\/2024\/10\/logo.jpg","contentUrl":"https:\/\/www.vetorino.com\/boutique\/wp-content\/uploads\/2024\/10\/logo.jpg","width":1200,"height":610,"caption":"V\u00e9torino"},"image":{"@id":"https:\/\/www.vetorino.com\/boutique\/#\/schema\/logo\/image\/"},"sameAs":["https:\/\/www.facebook.com\/Vetorino\/","https:\/\/www.instagram.com\/vetorino_off\/","https:\/\/www.linkedin.com\/company\/vtorino\/"]}]},"product_brand":"Pavesco","product_price_amount":"64.34","product_price_currency":"EUR","og_availability":"out of stock","product_availability":"out of stock","product_retailer_item_id":"A-4635221","product_condition":"new"},"_links":{"self":[{"href":"https:\/\/www.vetorino.com\/veterinaire\/beugnies-59216\/boutique\/wp-json\/wp\/v2\/product\/177236","targetHints":{"allow":["GET"]}}],"collection":[{"href":"https:\/\/www.vetorino.com\/veterinaire\/beugnies-59216\/boutique\/wp-json\/wp\/v2\/product"}],"about":[{"href":"https:\/\/www.vetorino.com\/veterinaire\/beugnies-59216\/boutique\/wp-json\/wp\/v2\/types\/product"}],"wp:featuredmedia":[{"embeddable":true,"href":"https:\/\/www.vetorino.com\/veterinaire\/beugnies-59216\/boutique\/wp-json\/wp\/v2\/media\/1331812"}],"wp:attachment":[{"href":"https:\/\/www.vetorino.com\/veterinaire\/beugnies-59216\/boutique\/wp-json\/wp\/v2\/media?parent=177236"}],"wp:term":[{"taxonomy":"product_cat","embeddable":true,"href":"https:\/\/www.vetorino.com\/veterinaire\/beugnies-59216\/boutique\/wp-json\/wp\/v2\/product_cat?post=177236"},{"taxonomy":"product_tag","embeddable":true,"href":"https:\/\/www.vetorino.com\/veterinaire\/beugnies-59216\/boutique\/wp-json\/wp\/v2\/product_tag?post=177236"}],"curies":[{"name":"wp","href":"https:\/\/api.w.org\/{rel}","templated":true}]}}