{"id":179292,"date":"2021-05-07T12:11:15","date_gmt":"2021-05-07T10:11:15","guid":{"rendered":"https:\/\/www.vetorino.com\/boutique\/product\/stable-boots-royale-back-on-track\/"},"modified":"2024-07-16T11:24:25","modified_gmt":"2024-07-16T09:24:25","slug":"stable-boots-royale-back-on-track","status":"publish","type":"product","link":"https:\/\/www.vetorino.com\/veterinaire\/beugnies-59216\/boutique\/product\/stable-boots-royale-back-on-track\/","title":{"rendered":"Stable Boots Royal"},"content":{"rendered":"<p>Les <strong>Stable Boots Royal<\/strong> <strong>cheval<\/strong> <strong>Back on Track<\/strong> ont des sous bandes en coton avec de la c\u00e9ramique dans les fibres. Tr\u00e8s facile \u00e0 mettre et est ainsi une alternative efficace et pratique aux bandes de repos. Excellent ajustement et bandage optimal.<\/p>\n<p>Les <strong>protections<\/strong> <strong>articulaires<\/strong> et <strong>musculaires<\/strong> <strong>Back on Track<\/strong> sont toutes fabriqu\u00e9es \u00e0 partir de tissu dont les fibres contiennent de la <strong>c\u00e9ramique,<\/strong> connue pour ses qualit\u00e9s thermo-r\u00e9fl\u00e9chissantes. Ce tissu innovant est le r\u00e9sultat d&#8217;une combinaison entre les enseignements tir\u00e9s de la m\u00e9decine traditionnelle Chinoise et la technologie textile moderne s&#8217;appuyant sur la recherche scientifique. Les particules de c\u00e9ramiques sont fondues pendant la fabrication du polyester d&#8217;o\u00f9 sont tir\u00e9es les fibres servant \u00e0 la constitution du tissu. Lorsqu&#8217;elles sont stimul\u00e9es, les particules c\u00e9ramiques irradient en retour la chaleur vers le corps. Cette chaleur est r\u00e9fl\u00e9chie sous la forme de rayonnement \u00e0 ondes longues, connue aussi sous le nom de rayonnement infrarouge \u00e0 ondes longues. Radiation de chaleur : il est bien \u00e9tabli et certifi\u00e9 que les rayonnements infrarouges \u00e0 ondes longues augmentent la circulation sanguine.<\/p>\n<p>Cette <strong>augmentation<\/strong> de la <strong>circulation sanguine<\/strong> dans les tissus aide \u00e0 <strong>soulager<\/strong> les <strong>tensions musculaires du cheval,<\/strong> am\u00e9liore les performances et lui apporte du <strong>bien \u00eatre au quotidien.<\/strong> Une importante propri\u00e9t\u00e9 de ce ph\u00e9nom\u00e8ne est l&#8217;effet pr\u00e9ventif sur les blessures.<\/p>\n","protected":false},"excerpt":{"rendered":"<p>Les <strong>Stable Boots Royal<\/strong> <strong>cheval<\/strong> <strong>Back on Track<\/strong> ont des sous bandes en coton avec de la c\u00e9ramique dans les fibres. Tr\u00e8s facile \u00e0 mettre et est ainsi une alternative efficace et pratique aux bandes de repos. Excellent ajustement et bandage optimal.<\/p>\n","protected":false},"featured_media":974754,"template":"","meta":[],"product_cat":[12547,13395,12760],"product_tag":[],"class_list":{"0":"post-179292","1":"product","2":"type-product","3":"status-publish","4":"has-post-thumbnail","6":"product_cat-cheval","7":"product_cat-couverture-et-protection-du-cheval","8":"product_cat-materiel-et-equipement-du-cheval","9":"pa_marque-back-on-track","11":"first","12":"instock","13":"taxable","14":"shipping-taxable","15":"purchasable","16":"product-type-variable"},"yoast_head":"<!-- This site is optimized with the Yoast SEO plugin v27.3 - https:\/\/yoast.com\/product\/yoast-seo-wordpress\/ -->\n<title>Stable Boots Royal Back on Track - V\u00e9torino<\/title>\n<meta name=\"description\" content=\"Les Stable Boots Royal cheval Back on Track ont des sous bandes en coton avec de la c\u00e9ramique dans les fibres. Tr\u00e8s facile \u00e0 mettre et est ainsi une alternative efficace et pratique aux bandes de repos. Excellent ajustement et bandage optimal.\" \/>\n<meta name=\"robots\" content=\"noindex, nofollow\" \/>\n<meta property=\"og:locale\" content=\"fr_FR\" \/>\n<meta property=\"og:type\" content=\"article\" \/>\n<meta property=\"og:title\" content=\"Stable Boots Royal Back on Track - V\u00e9torino\" \/>\n<meta property=\"og:description\" content=\"Les Stable Boots Royal cheval Back on Track ont des sous bandes en coton avec de la c\u00e9ramique dans les fibres. Tr\u00e8s facile \u00e0 mettre et est ainsi une alternative efficace et pratique aux bandes de repos. Excellent ajustement et bandage optimal.\" \/>\n<meta property=\"og:url\" content=\"https:\/\/www.vetorino.com\/veterinaire\/beugnies-59216\/boutique\/product\/stable-boots-royale-back-on-track\/\" \/>\n<meta property=\"og:site_name\" content=\"V\u00e9torino\" \/>\n<meta property=\"article:publisher\" content=\"https:\/\/www.facebook.com\/Vetorino\/\" \/>\n<meta property=\"article:modified_time\" content=\"2024-07-16T09:24:25+00:00\" \/>\n<meta property=\"og:image\" content=\"https:\/\/www.vetorino.com\/boutique\/wp-content\/uploads\/2021\/05\/2031RoyalQuickWrapsBLACKWEB01_2000x.jpg\" \/>\n\t<meta property=\"og:image:width\" content=\"2000\" \/>\n\t<meta property=\"og:image:height\" content=\"2000\" \/>\n\t<meta property=\"og:image:type\" content=\"image\/jpeg\" \/>\n<meta name=\"twitter:card\" content=\"summary_large_image\" \/>\n<meta name=\"twitter:label1\" content=\"Disponibilit\u00e9\" \/>\n\t<meta name=\"twitter:data1\" content=\"En stock\" \/>\n<script type=\"application\/ld+json\" class=\"yoast-schema-graph\">{\"@context\":\"https:\\\/\\\/schema.org\",\"@graph\":[{\"@type\":\"WebPage\",\"@id\":\"https:\\\/\\\/www.vetorino.com\\\/boutique\\\/product\\\/stable-boots-royale-back-on-track\\\/\",\"url\":\"https:\\\/\\\/www.vetorino.com\\\/boutique\\\/product\\\/stable-boots-royale-back-on-track\\\/\",\"name\":\"Stable Boots Royal Back on Track - V\u00e9torino\",\"isPartOf\":{\"@id\":\"https:\\\/\\\/www.vetorino.com\\\/boutique\\\/#website\"},\"primaryImageOfPage\":{\"@id\":\"https:\\\/\\\/www.vetorino.com\\\/boutique\\\/product\\\/stable-boots-royale-back-on-track\\\/#primaryimage\"},\"image\":{\"@id\":\"https:\\\/\\\/www.vetorino.com\\\/boutique\\\/product\\\/stable-boots-royale-back-on-track\\\/#primaryimage\"},\"thumbnailUrl\":\"https:\\\/\\\/www.vetorino.com\\\/boutique\\\/wp-content\\\/uploads\\\/2021\\\/05\\\/2031RoyalQuickWrapsBLACKWEB01_2000x.jpg\",\"datePublished\":\"2021-05-07T10:11:15+00:00\",\"dateModified\":\"2024-07-16T09:24:25+00:00\",\"description\":\"Les Stable Boots Royal cheval Back on Track ont des sous bandes en coton avec de la c\u00e9ramique dans les fibres. Tr\u00e8s facile \u00e0 mettre et est ainsi une alternative efficace et pratique aux bandes de repos. Excellent ajustement et bandage optimal.\",\"breadcrumb\":{\"@id\":\"https:\\\/\\\/www.vetorino.com\\\/boutique\\\/product\\\/stable-boots-royale-back-on-track\\\/#breadcrumb\"},\"inLanguage\":\"fr-FR\",\"potentialAction\":[{\"@type\":\"ReadAction\",\"target\":[\"https:\\\/\\\/www.vetorino.com\\\/boutique\\\/product\\\/stable-boots-royale-back-on-track\\\/\"]}]},{\"@type\":\"ImageObject\",\"inLanguage\":\"fr-FR\",\"@id\":\"https:\\\/\\\/www.vetorino.com\\\/boutique\\\/product\\\/stable-boots-royale-back-on-track\\\/#primaryimage\",\"url\":\"https:\\\/\\\/www.vetorino.com\\\/boutique\\\/wp-content\\\/uploads\\\/2021\\\/05\\\/2031RoyalQuickWrapsBLACKWEB01_2000x.jpg\",\"contentUrl\":\"https:\\\/\\\/www.vetorino.com\\\/boutique\\\/wp-content\\\/uploads\\\/2021\\\/05\\\/2031RoyalQuickWrapsBLACKWEB01_2000x.jpg\",\"width\":2000,\"height\":2000},{\"@type\":\"BreadcrumbList\",\"@id\":\"https:\\\/\\\/www.vetorino.com\\\/boutique\\\/product\\\/stable-boots-royale-back-on-track\\\/#breadcrumb\",\"itemListElement\":[{\"@type\":\"ListItem\",\"position\":1,\"name\":\"Accueil\",\"item\":\"https:\\\/\\\/www.vetorino.com\\\/boutique\\\/\"},{\"@type\":\"ListItem\",\"position\":2,\"name\":\"Produits\",\"item\":\"https:\\\/\\\/www.vetorino.com\\\/boutique\\\/\"},{\"@type\":\"ListItem\",\"position\":3,\"name\":\"Stable Boots Royal\"}]},{\"@type\":\"WebSite\",\"@id\":\"https:\\\/\\\/www.vetorino.com\\\/boutique\\\/#website\",\"url\":\"https:\\\/\\\/www.vetorino.com\\\/boutique\\\/\",\"name\":\"V\u00e9torino\",\"description\":\"\",\"publisher\":{\"@id\":\"https:\\\/\\\/www.vetorino.com\\\/boutique\\\/#organization\"},\"potentialAction\":[{\"@type\":\"SearchAction\",\"target\":{\"@type\":\"EntryPoint\",\"urlTemplate\":\"https:\\\/\\\/www.vetorino.com\\\/boutique\\\/?s={search_term_string}\"},\"query-input\":{\"@type\":\"PropertyValueSpecification\",\"valueRequired\":true,\"valueName\":\"search_term_string\"}}],\"inLanguage\":\"fr-FR\"},{\"@type\":\"Organization\",\"@id\":\"https:\\\/\\\/www.vetorino.com\\\/boutique\\\/#organization\",\"name\":\"V\u00e9torino\",\"url\":\"https:\\\/\\\/www.vetorino.com\\\/boutique\\\/\",\"logo\":{\"@type\":\"ImageObject\",\"inLanguage\":\"fr-FR\",\"@id\":\"https:\\\/\\\/www.vetorino.com\\\/boutique\\\/#\\\/schema\\\/logo\\\/image\\\/\",\"url\":\"https:\\\/\\\/www.vetorino.com\\\/boutique\\\/wp-content\\\/uploads\\\/2024\\\/10\\\/logo.jpg\",\"contentUrl\":\"https:\\\/\\\/www.vetorino.com\\\/boutique\\\/wp-content\\\/uploads\\\/2024\\\/10\\\/logo.jpg\",\"width\":1200,\"height\":610,\"caption\":\"V\u00e9torino\"},\"image\":{\"@id\":\"https:\\\/\\\/www.vetorino.com\\\/boutique\\\/#\\\/schema\\\/logo\\\/image\\\/\"},\"sameAs\":[\"https:\\\/\\\/www.facebook.com\\\/Vetorino\\\/\",\"https:\\\/\\\/www.instagram.com\\\/vetorino_off\\\/\",\"https:\\\/\\\/www.linkedin.com\\\/company\\\/vtorino\\\/\"]}]}<\/script>\n<meta property=\"product:brand\" content=\"Back on Track\" \/>\n<meta property=\"og:availability\" content=\"instock\" \/>\n<meta property=\"product:availability\" content=\"instock\" \/>\n<meta property=\"product:condition\" content=\"new\" \/>\n<!-- \/ Yoast SEO plugin. -->","yoast_head_json":{"title":"Stable Boots Royal Back on Track - V\u00e9torino","description":"Les Stable Boots Royal cheval Back on Track ont des sous bandes en coton avec de la c\u00e9ramique dans les fibres. Tr\u00e8s facile \u00e0 mettre et est ainsi une alternative efficace et pratique aux bandes de repos. Excellent ajustement et bandage optimal.","robots":{"index":"noindex","follow":"nofollow"},"og_locale":"fr_FR","og_type":"article","og_title":"Stable Boots Royal Back on Track - V\u00e9torino","og_description":"Les Stable Boots Royal cheval Back on Track ont des sous bandes en coton avec de la c\u00e9ramique dans les fibres. Tr\u00e8s facile \u00e0 mettre et est ainsi une alternative efficace et pratique aux bandes de repos. Excellent ajustement et bandage optimal.","og_url":"https:\/\/www.vetorino.com\/veterinaire\/beugnies-59216\/boutique\/product\/stable-boots-royale-back-on-track\/","og_site_name":"V\u00e9torino","article_publisher":"https:\/\/www.facebook.com\/Vetorino\/","article_modified_time":"2024-07-16T09:24:25+00:00","og_image":[{"width":2000,"height":2000,"url":"https:\/\/www.vetorino.com\/boutique\/wp-content\/uploads\/2021\/05\/2031RoyalQuickWrapsBLACKWEB01_2000x.jpg","type":"image\/jpeg"}],"twitter_card":"summary_large_image","twitter_misc":{"Disponibilit\u00e9":"En stock"},"schema":{"@context":"https:\/\/schema.org","@graph":[{"@type":"WebPage","@id":"https:\/\/www.vetorino.com\/boutique\/product\/stable-boots-royale-back-on-track\/","url":"https:\/\/www.vetorino.com\/boutique\/product\/stable-boots-royale-back-on-track\/","name":"Stable Boots Royal Back on Track - V\u00e9torino","isPartOf":{"@id":"https:\/\/www.vetorino.com\/boutique\/#website"},"primaryImageOfPage":{"@id":"https:\/\/www.vetorino.com\/boutique\/product\/stable-boots-royale-back-on-track\/#primaryimage"},"image":{"@id":"https:\/\/www.vetorino.com\/boutique\/product\/stable-boots-royale-back-on-track\/#primaryimage"},"thumbnailUrl":"https:\/\/www.vetorino.com\/boutique\/wp-content\/uploads\/2021\/05\/2031RoyalQuickWrapsBLACKWEB01_2000x.jpg","datePublished":"2021-05-07T10:11:15+00:00","dateModified":"2024-07-16T09:24:25+00:00","description":"Les Stable Boots Royal cheval Back on Track ont des sous bandes en coton avec de la c\u00e9ramique dans les fibres. Tr\u00e8s facile \u00e0 mettre et est ainsi une alternative efficace et pratique aux bandes de repos. Excellent ajustement et bandage optimal.","breadcrumb":{"@id":"https:\/\/www.vetorino.com\/boutique\/product\/stable-boots-royale-back-on-track\/#breadcrumb"},"inLanguage":"fr-FR","potentialAction":[{"@type":"ReadAction","target":["https:\/\/www.vetorino.com\/boutique\/product\/stable-boots-royale-back-on-track\/"]}]},{"@type":"ImageObject","inLanguage":"fr-FR","@id":"https:\/\/www.vetorino.com\/boutique\/product\/stable-boots-royale-back-on-track\/#primaryimage","url":"https:\/\/www.vetorino.com\/boutique\/wp-content\/uploads\/2021\/05\/2031RoyalQuickWrapsBLACKWEB01_2000x.jpg","contentUrl":"https:\/\/www.vetorino.com\/boutique\/wp-content\/uploads\/2021\/05\/2031RoyalQuickWrapsBLACKWEB01_2000x.jpg","width":2000,"height":2000},{"@type":"BreadcrumbList","@id":"https:\/\/www.vetorino.com\/boutique\/product\/stable-boots-royale-back-on-track\/#breadcrumb","itemListElement":[{"@type":"ListItem","position":1,"name":"Accueil","item":"https:\/\/www.vetorino.com\/boutique\/"},{"@type":"ListItem","position":2,"name":"Produits","item":"https:\/\/www.vetorino.com\/boutique\/"},{"@type":"ListItem","position":3,"name":"Stable Boots Royal"}]},{"@type":"WebSite","@id":"https:\/\/www.vetorino.com\/boutique\/#website","url":"https:\/\/www.vetorino.com\/boutique\/","name":"V\u00e9torino","description":"","publisher":{"@id":"https:\/\/www.vetorino.com\/boutique\/#organization"},"potentialAction":[{"@type":"SearchAction","target":{"@type":"EntryPoint","urlTemplate":"https:\/\/www.vetorino.com\/boutique\/?s={search_term_string}"},"query-input":{"@type":"PropertyValueSpecification","valueRequired":true,"valueName":"search_term_string"}}],"inLanguage":"fr-FR"},{"@type":"Organization","@id":"https:\/\/www.vetorino.com\/boutique\/#organization","name":"V\u00e9torino","url":"https:\/\/www.vetorino.com\/boutique\/","logo":{"@type":"ImageObject","inLanguage":"fr-FR","@id":"https:\/\/www.vetorino.com\/boutique\/#\/schema\/logo\/image\/","url":"https:\/\/www.vetorino.com\/boutique\/wp-content\/uploads\/2024\/10\/logo.jpg","contentUrl":"https:\/\/www.vetorino.com\/boutique\/wp-content\/uploads\/2024\/10\/logo.jpg","width":1200,"height":610,"caption":"V\u00e9torino"},"image":{"@id":"https:\/\/www.vetorino.com\/boutique\/#\/schema\/logo\/image\/"},"sameAs":["https:\/\/www.facebook.com\/Vetorino\/","https:\/\/www.instagram.com\/vetorino_off\/","https:\/\/www.linkedin.com\/company\/vtorino\/"]}]},"product_brand":"Back on Track","og_availability":"instock","product_availability":"instock","product_condition":"new"},"_links":{"self":[{"href":"https:\/\/www.vetorino.com\/veterinaire\/beugnies-59216\/boutique\/wp-json\/wp\/v2\/product\/179292","targetHints":{"allow":["GET"]}}],"collection":[{"href":"https:\/\/www.vetorino.com\/veterinaire\/beugnies-59216\/boutique\/wp-json\/wp\/v2\/product"}],"about":[{"href":"https:\/\/www.vetorino.com\/veterinaire\/beugnies-59216\/boutique\/wp-json\/wp\/v2\/types\/product"}],"wp:featuredmedia":[{"embeddable":true,"href":"https:\/\/www.vetorino.com\/veterinaire\/beugnies-59216\/boutique\/wp-json\/wp\/v2\/media\/974754"}],"wp:attachment":[{"href":"https:\/\/www.vetorino.com\/veterinaire\/beugnies-59216\/boutique\/wp-json\/wp\/v2\/media?parent=179292"}],"wp:term":[{"taxonomy":"product_cat","embeddable":true,"href":"https:\/\/www.vetorino.com\/veterinaire\/beugnies-59216\/boutique\/wp-json\/wp\/v2\/product_cat?post=179292"},{"taxonomy":"product_tag","embeddable":true,"href":"https:\/\/www.vetorino.com\/veterinaire\/beugnies-59216\/boutique\/wp-json\/wp\/v2\/product_tag?post=179292"}],"curies":[{"name":"wp","href":"https:\/\/api.w.org\/{rel}","templated":true}]}}