{"id":179397,"date":"2021-05-07T17:11:41","date_gmt":"2021-05-07T15:11:41","guid":{"rendered":"https:\/\/www.vetorino.com\/boutique\/product\/toniphyt-2\/"},"modified":"2025-07-30T11:01:01","modified_gmt":"2025-07-30T09:01:01","slug":"toniphyt-2","status":"publish","type":"product","link":"https:\/\/www.vetorino.com\/veterinaire\/beugnies-59216\/boutique\/product\/toniphyt-2\/","title":{"rendered":"ToniPhyt"},"content":{"rendered":"<p><strong>Aliment compl\u00e9mentaire pour soutenir les fonctions digestives et m\u00e9taboliques des veaux, agneaux et chevreaux.<\/strong><\/p>\n<p>Une solution sp\u00e9cifiquement adapt\u00e9e pour r\u00e9pondre aux besoins des veaux, agneaux et chevreaux <strong>\u00e0 la naissance, en convalescence et lors de phases critiques de croissance<\/strong> :<\/p>\n<ul>\n<li>Favorise l\u2019app\u00e9tit, la digestion et la tonicit\u00e9<\/li>\n<li>Stimule les fonctions \u00e9monctoires h\u00e9patique et r\u00e9nale<\/li>\n<li>Limite le stress oxydatif et le processus inflammatoire<\/li>\n<li>Aide les d\u00e9fenses naturelles de l\u2019organisme.<\/li>\n<\/ul>\n","protected":false},"excerpt":{"rendered":"<p><strong>Aliment compl\u00e9mentaire pour soutenir les fonctions digestives et m\u00e9taboliques des veaux, agneaux et chevreaux.<\/strong><\/p>\n<p>Une solution sp\u00e9cifiquement adapt\u00e9e pour r\u00e9pondre aux besoins des veaux, agneaux et chevreaux <strong>\u00e0 la naissance, en convalescence et lors de phases critiques de croissance<\/strong> :<\/p>\n<ul>\n<li>Favorise l\u2019app\u00e9tit, la digestion et la tonicit\u00e9<\/li>\n<li>Stimule les fonctions \u00e9monctoires h\u00e9patique et r\u00e9nale<\/li>\n<li>Limite le stress oxydatif et le processus inflammatoire<\/li>\n<li>Aide les d\u00e9fenses naturelles de l\u2019organisme.<\/li>\n<\/ul>\n","protected":false},"featured_media":1433819,"template":"","meta":[],"product_cat":[6864,12556,6870,6871,12547,14072,6873],"product_tag":[],"class_list":{"0":"post-179397","1":"product","2":"type-product","3":"status-publish","4":"has-post-thumbnail","6":"product_cat-animaux-delevage","7":"product_cat-digestion-du-cheval","8":"product_cat-bovins","9":"product_cat-caprins","10":"product_cat-cheval","11":"product_cat-dietetique-et-complements-alimentaires-du-cheval","12":"product_cat-ovins","13":"pa_marque-savetis","15":"first","16":"outofstock","17":"taxable","18":"shipping-taxable","19":"purchasable","20":"product-type-simple"},"yoast_head":"<!-- This site is optimized with the Yoast SEO plugin v27.3 - https:\/\/yoast.com\/product\/yoast-seo-wordpress\/ -->\n<title>ToniPhyt Savetis - V\u00e9torino<\/title>\n<meta name=\"description\" content=\"Aliment compl\u00e9mentaire pour soutenir les fonctions digestives et m\u00e9taboliques des veaux, agneaux et chevreaux.  Une solution sp\u00e9cifiquement adapt\u00e9e pour r\u00e9pondre aux besoins des veaux, agneaux et chevreaux \u00e0 la naissance, en convalescence et lors de phases critiques de croissance :   Favorise l\u2019app\u00e9tit, la digestion et la tonicit\u00e9  Stimule les fonctions \u00e9monctoires h\u00e9patique et r\u00e9nale  Limite le stress oxydatif et le processus inflammatoire  Aide les d\u00e9fenses naturelles de l\u2019organisme.\" \/>\n<meta name=\"robots\" content=\"noindex, nofollow\" \/>\n<meta property=\"og:locale\" content=\"fr_FR\" \/>\n<meta property=\"og:type\" content=\"article\" \/>\n<meta property=\"og:title\" content=\"ToniPhyt Savetis - V\u00e9torino\" \/>\n<meta property=\"og:description\" content=\"Aliment compl\u00e9mentaire pour soutenir les fonctions digestives et m\u00e9taboliques des veaux, agneaux et chevreaux.  Une solution sp\u00e9cifiquement adapt\u00e9e pour r\u00e9pondre aux besoins des veaux, agneaux et chevreaux \u00e0 la naissance, en convalescence et lors de phases critiques de croissance :   Favorise l\u2019app\u00e9tit, la digestion et la tonicit\u00e9  Stimule les fonctions \u00e9monctoires h\u00e9patique et r\u00e9nale  Limite le stress oxydatif et le processus inflammatoire  Aide les d\u00e9fenses naturelles de l\u2019organisme.\" \/>\n<meta property=\"og:url\" content=\"https:\/\/www.vetorino.com\/veterinaire\/beugnies-59216\/boutique\/product\/toniphyt-2\/\" \/>\n<meta property=\"og:site_name\" content=\"V\u00e9torino\" \/>\n<meta property=\"article:publisher\" content=\"https:\/\/www.facebook.com\/Vetorino\/\" \/>\n<meta property=\"article:modified_time\" content=\"2025-07-30T09:01:01+00:00\" \/>\n<meta property=\"og:image\" content=\"https:\/\/www.vetorino.com\/boutique\/wp-content\/uploads\/2021\/05\/savetis-toniphyt.png\" \/>\n\t<meta property=\"og:image:width\" content=\"700\" \/>\n\t<meta property=\"og:image:height\" content=\"719\" \/>\n\t<meta property=\"og:image:type\" content=\"image\/png\" \/>\n<meta name=\"twitter:card\" content=\"summary_large_image\" \/>\n<meta name=\"twitter:label1\" content=\"Prix\" \/>\n\t<meta name=\"twitter:data1\" content=\"20,56&euro;\" \/>\n\t<meta name=\"twitter:label2\" content=\"Disponibilit\u00e9\" \/>\n\t<meta name=\"twitter:data2\" content=\"Rupture de stock\" \/>\n<script type=\"application\/ld+json\" class=\"yoast-schema-graph\">{\"@context\":\"https:\\\/\\\/schema.org\",\"@graph\":[{\"@type\":\"WebPage\",\"@id\":\"https:\\\/\\\/www.vetorino.com\\\/boutique\\\/product\\\/toniphyt-2\\\/\",\"url\":\"https:\\\/\\\/www.vetorino.com\\\/boutique\\\/product\\\/toniphyt-2\\\/\",\"name\":\"ToniPhyt Savetis - V\u00e9torino\",\"isPartOf\":{\"@id\":\"https:\\\/\\\/www.vetorino.com\\\/boutique\\\/#website\"},\"primaryImageOfPage\":{\"@id\":\"https:\\\/\\\/www.vetorino.com\\\/boutique\\\/product\\\/toniphyt-2\\\/#primaryimage\"},\"image\":{\"@id\":\"https:\\\/\\\/www.vetorino.com\\\/boutique\\\/product\\\/toniphyt-2\\\/#primaryimage\"},\"thumbnailUrl\":\"https:\\\/\\\/www.vetorino.com\\\/boutique\\\/wp-content\\\/uploads\\\/2021\\\/05\\\/savetis-toniphyt.png\",\"datePublished\":\"2021-05-07T15:11:41+00:00\",\"dateModified\":\"2025-07-30T09:01:01+00:00\",\"description\":\"Aliment compl\u00e9mentaire pour soutenir les fonctions digestives et m\u00e9taboliques des veaux, agneaux et chevreaux. Une solution sp\u00e9cifiquement adapt\u00e9e pour r\u00e9pondre aux besoins des veaux, agneaux et chevreaux \u00e0 la naissance, en convalescence et lors de phases critiques de croissance : Favorise l\u2019app\u00e9tit, la digestion et la tonicit\u00e9 Stimule les fonctions \u00e9monctoires h\u00e9patique et r\u00e9nale Limite le stress oxydatif et le processus inflammatoire Aide les d\u00e9fenses naturelles de l\u2019organisme.\",\"breadcrumb\":{\"@id\":\"https:\\\/\\\/www.vetorino.com\\\/boutique\\\/product\\\/toniphyt-2\\\/#breadcrumb\"},\"inLanguage\":\"fr-FR\",\"potentialAction\":[{\"@type\":\"ReadAction\",\"target\":[\"https:\\\/\\\/www.vetorino.com\\\/boutique\\\/product\\\/toniphyt-2\\\/\"]}]},{\"@type\":\"ImageObject\",\"inLanguage\":\"fr-FR\",\"@id\":\"https:\\\/\\\/www.vetorino.com\\\/boutique\\\/product\\\/toniphyt-2\\\/#primaryimage\",\"url\":\"https:\\\/\\\/www.vetorino.com\\\/boutique\\\/wp-content\\\/uploads\\\/2021\\\/05\\\/savetis-toniphyt.png\",\"contentUrl\":\"https:\\\/\\\/www.vetorino.com\\\/boutique\\\/wp-content\\\/uploads\\\/2021\\\/05\\\/savetis-toniphyt.png\",\"width\":700,\"height\":719},{\"@type\":\"BreadcrumbList\",\"@id\":\"https:\\\/\\\/www.vetorino.com\\\/boutique\\\/product\\\/toniphyt-2\\\/#breadcrumb\",\"itemListElement\":[{\"@type\":\"ListItem\",\"position\":1,\"name\":\"Accueil\",\"item\":\"https:\\\/\\\/www.vetorino.com\\\/boutique\\\/\"},{\"@type\":\"ListItem\",\"position\":2,\"name\":\"Produits\",\"item\":\"https:\\\/\\\/www.vetorino.com\\\/boutique\\\/\"},{\"@type\":\"ListItem\",\"position\":3,\"name\":\"ToniPhyt\"}]},{\"@type\":\"WebSite\",\"@id\":\"https:\\\/\\\/www.vetorino.com\\\/boutique\\\/#website\",\"url\":\"https:\\\/\\\/www.vetorino.com\\\/boutique\\\/\",\"name\":\"V\u00e9torino\",\"description\":\"\",\"publisher\":{\"@id\":\"https:\\\/\\\/www.vetorino.com\\\/boutique\\\/#organization\"},\"potentialAction\":[{\"@type\":\"SearchAction\",\"target\":{\"@type\":\"EntryPoint\",\"urlTemplate\":\"https:\\\/\\\/www.vetorino.com\\\/boutique\\\/?s={search_term_string}\"},\"query-input\":{\"@type\":\"PropertyValueSpecification\",\"valueRequired\":true,\"valueName\":\"search_term_string\"}}],\"inLanguage\":\"fr-FR\"},{\"@type\":\"Organization\",\"@id\":\"https:\\\/\\\/www.vetorino.com\\\/boutique\\\/#organization\",\"name\":\"V\u00e9torino\",\"url\":\"https:\\\/\\\/www.vetorino.com\\\/boutique\\\/\",\"logo\":{\"@type\":\"ImageObject\",\"inLanguage\":\"fr-FR\",\"@id\":\"https:\\\/\\\/www.vetorino.com\\\/boutique\\\/#\\\/schema\\\/logo\\\/image\\\/\",\"url\":\"https:\\\/\\\/www.vetorino.com\\\/boutique\\\/wp-content\\\/uploads\\\/2024\\\/10\\\/logo.jpg\",\"contentUrl\":\"https:\\\/\\\/www.vetorino.com\\\/boutique\\\/wp-content\\\/uploads\\\/2024\\\/10\\\/logo.jpg\",\"width\":1200,\"height\":610,\"caption\":\"V\u00e9torino\"},\"image\":{\"@id\":\"https:\\\/\\\/www.vetorino.com\\\/boutique\\\/#\\\/schema\\\/logo\\\/image\\\/\"},\"sameAs\":[\"https:\\\/\\\/www.facebook.com\\\/Vetorino\\\/\",\"https:\\\/\\\/www.instagram.com\\\/vetorino_off\\\/\",\"https:\\\/\\\/www.linkedin.com\\\/company\\\/vtorino\\\/\"]}]}<\/script>\n<meta property=\"product:brand\" content=\"Savetis\" \/>\n<meta property=\"product:price:amount\" content=\"20.56\" \/>\n<meta property=\"product:price:currency\" content=\"EUR\" \/>\n<meta property=\"og:availability\" content=\"out of stock\" \/>\n<meta property=\"product:availability\" content=\"out of stock\" \/>\n<meta property=\"product:retailer_item_id\" content=\"A-1835950\" \/>\n<meta property=\"product:condition\" content=\"new\" \/>\n<!-- \/ Yoast SEO plugin. -->","yoast_head_json":{"title":"ToniPhyt Savetis - V\u00e9torino","description":"Aliment compl\u00e9mentaire pour soutenir les fonctions digestives et m\u00e9taboliques des veaux, agneaux et chevreaux.  Une solution sp\u00e9cifiquement adapt\u00e9e pour r\u00e9pondre aux besoins des veaux, agneaux et chevreaux \u00e0 la naissance, en convalescence et lors de phases critiques de croissance :   Favorise l\u2019app\u00e9tit, la digestion et la tonicit\u00e9  Stimule les fonctions \u00e9monctoires h\u00e9patique et r\u00e9nale  Limite le stress oxydatif et le processus inflammatoire  Aide les d\u00e9fenses naturelles de l\u2019organisme.","robots":{"index":"noindex","follow":"nofollow"},"og_locale":"fr_FR","og_type":"article","og_title":"ToniPhyt Savetis - V\u00e9torino","og_description":"Aliment compl\u00e9mentaire pour soutenir les fonctions digestives et m\u00e9taboliques des veaux, agneaux et chevreaux.  Une solution sp\u00e9cifiquement adapt\u00e9e pour r\u00e9pondre aux besoins des veaux, agneaux et chevreaux \u00e0 la naissance, en convalescence et lors de phases critiques de croissance :   Favorise l\u2019app\u00e9tit, la digestion et la tonicit\u00e9  Stimule les fonctions \u00e9monctoires h\u00e9patique et r\u00e9nale  Limite le stress oxydatif et le processus inflammatoire  Aide les d\u00e9fenses naturelles de l\u2019organisme.","og_url":"https:\/\/www.vetorino.com\/veterinaire\/beugnies-59216\/boutique\/product\/toniphyt-2\/","og_site_name":"V\u00e9torino","article_publisher":"https:\/\/www.facebook.com\/Vetorino\/","article_modified_time":"2025-07-30T09:01:01+00:00","og_image":[{"width":700,"height":719,"url":"https:\/\/www.vetorino.com\/boutique\/wp-content\/uploads\/2021\/05\/savetis-toniphyt.png","type":"image\/png"}],"twitter_card":"summary_large_image","twitter_misc":{"Prix":"20,56&euro;","Disponibilit\u00e9":"Rupture de stock"},"schema":{"@context":"https:\/\/schema.org","@graph":[{"@type":"WebPage","@id":"https:\/\/www.vetorino.com\/boutique\/product\/toniphyt-2\/","url":"https:\/\/www.vetorino.com\/boutique\/product\/toniphyt-2\/","name":"ToniPhyt Savetis - V\u00e9torino","isPartOf":{"@id":"https:\/\/www.vetorino.com\/boutique\/#website"},"primaryImageOfPage":{"@id":"https:\/\/www.vetorino.com\/boutique\/product\/toniphyt-2\/#primaryimage"},"image":{"@id":"https:\/\/www.vetorino.com\/boutique\/product\/toniphyt-2\/#primaryimage"},"thumbnailUrl":"https:\/\/www.vetorino.com\/boutique\/wp-content\/uploads\/2021\/05\/savetis-toniphyt.png","datePublished":"2021-05-07T15:11:41+00:00","dateModified":"2025-07-30T09:01:01+00:00","description":"Aliment compl\u00e9mentaire pour soutenir les fonctions digestives et m\u00e9taboliques des veaux, agneaux et chevreaux. Une solution sp\u00e9cifiquement adapt\u00e9e pour r\u00e9pondre aux besoins des veaux, agneaux et chevreaux \u00e0 la naissance, en convalescence et lors de phases critiques de croissance : Favorise l\u2019app\u00e9tit, la digestion et la tonicit\u00e9 Stimule les fonctions \u00e9monctoires h\u00e9patique et r\u00e9nale Limite le stress oxydatif et le processus inflammatoire Aide les d\u00e9fenses naturelles de l\u2019organisme.","breadcrumb":{"@id":"https:\/\/www.vetorino.com\/boutique\/product\/toniphyt-2\/#breadcrumb"},"inLanguage":"fr-FR","potentialAction":[{"@type":"ReadAction","target":["https:\/\/www.vetorino.com\/boutique\/product\/toniphyt-2\/"]}]},{"@type":"ImageObject","inLanguage":"fr-FR","@id":"https:\/\/www.vetorino.com\/boutique\/product\/toniphyt-2\/#primaryimage","url":"https:\/\/www.vetorino.com\/boutique\/wp-content\/uploads\/2021\/05\/savetis-toniphyt.png","contentUrl":"https:\/\/www.vetorino.com\/boutique\/wp-content\/uploads\/2021\/05\/savetis-toniphyt.png","width":700,"height":719},{"@type":"BreadcrumbList","@id":"https:\/\/www.vetorino.com\/boutique\/product\/toniphyt-2\/#breadcrumb","itemListElement":[{"@type":"ListItem","position":1,"name":"Accueil","item":"https:\/\/www.vetorino.com\/boutique\/"},{"@type":"ListItem","position":2,"name":"Produits","item":"https:\/\/www.vetorino.com\/boutique\/"},{"@type":"ListItem","position":3,"name":"ToniPhyt"}]},{"@type":"WebSite","@id":"https:\/\/www.vetorino.com\/boutique\/#website","url":"https:\/\/www.vetorino.com\/boutique\/","name":"V\u00e9torino","description":"","publisher":{"@id":"https:\/\/www.vetorino.com\/boutique\/#organization"},"potentialAction":[{"@type":"SearchAction","target":{"@type":"EntryPoint","urlTemplate":"https:\/\/www.vetorino.com\/boutique\/?s={search_term_string}"},"query-input":{"@type":"PropertyValueSpecification","valueRequired":true,"valueName":"search_term_string"}}],"inLanguage":"fr-FR"},{"@type":"Organization","@id":"https:\/\/www.vetorino.com\/boutique\/#organization","name":"V\u00e9torino","url":"https:\/\/www.vetorino.com\/boutique\/","logo":{"@type":"ImageObject","inLanguage":"fr-FR","@id":"https:\/\/www.vetorino.com\/boutique\/#\/schema\/logo\/image\/","url":"https:\/\/www.vetorino.com\/boutique\/wp-content\/uploads\/2024\/10\/logo.jpg","contentUrl":"https:\/\/www.vetorino.com\/boutique\/wp-content\/uploads\/2024\/10\/logo.jpg","width":1200,"height":610,"caption":"V\u00e9torino"},"image":{"@id":"https:\/\/www.vetorino.com\/boutique\/#\/schema\/logo\/image\/"},"sameAs":["https:\/\/www.facebook.com\/Vetorino\/","https:\/\/www.instagram.com\/vetorino_off\/","https:\/\/www.linkedin.com\/company\/vtorino\/"]}]},"product_brand":"Savetis","product_price_amount":"20.56","product_price_currency":"EUR","og_availability":"out of stock","product_availability":"out of stock","product_retailer_item_id":"A-1835950","product_condition":"new"},"_links":{"self":[{"href":"https:\/\/www.vetorino.com\/veterinaire\/beugnies-59216\/boutique\/wp-json\/wp\/v2\/product\/179397","targetHints":{"allow":["GET"]}}],"collection":[{"href":"https:\/\/www.vetorino.com\/veterinaire\/beugnies-59216\/boutique\/wp-json\/wp\/v2\/product"}],"about":[{"href":"https:\/\/www.vetorino.com\/veterinaire\/beugnies-59216\/boutique\/wp-json\/wp\/v2\/types\/product"}],"wp:featuredmedia":[{"embeddable":true,"href":"https:\/\/www.vetorino.com\/veterinaire\/beugnies-59216\/boutique\/wp-json\/wp\/v2\/media\/1433819"}],"wp:attachment":[{"href":"https:\/\/www.vetorino.com\/veterinaire\/beugnies-59216\/boutique\/wp-json\/wp\/v2\/media?parent=179397"}],"wp:term":[{"taxonomy":"product_cat","embeddable":true,"href":"https:\/\/www.vetorino.com\/veterinaire\/beugnies-59216\/boutique\/wp-json\/wp\/v2\/product_cat?post=179397"},{"taxonomy":"product_tag","embeddable":true,"href":"https:\/\/www.vetorino.com\/veterinaire\/beugnies-59216\/boutique\/wp-json\/wp\/v2\/product_tag?post=179397"}],"curies":[{"name":"wp","href":"https:\/\/api.w.org\/{rel}","templated":true}]}}