{"id":186935,"date":"2021-05-31T20:26:42","date_gmt":"2021-05-31T18:26:42","guid":{"rendered":"https:\/\/www.vetorino.com\/boutique\/product\/electropidolate-max-2\/"},"modified":"2025-08-07T14:08:52","modified_gmt":"2025-08-07T12:08:52","slug":"electropidolate-max-2","status":"publish","type":"product","link":"https:\/\/www.vetorino.com\/veterinaire\/beugnies-59216\/boutique\/product\/electropidolate-max-2\/","title":{"rendered":"Electropidolate Max"},"content":{"rendered":"<p><strong>Solution sous forme de bolus pour r\u00e9duire le risque de fi\u00e8vre de lait.<\/strong><\/p>\n<p><strong>Caract\u00e9ristiques :\u00a0<\/strong><\/p>\n<ul>\n<li>Destin\u00e9e \u00e0 am\u00e9liorer le d\u00e9marrage de la lactation et les performances de la production laiti\u00e8re.<\/li>\n<li>Un produit naturel extrait de la m\u00e9lasse de betterave.<\/li>\n<li>Maintien du calcium dans le sang pour pr\u00e9venir la fi\u00e8vre de lait.<\/li>\n<li>Effet positif sur le taux de phosphore sanguin sans en apporter.<\/li>\n<\/ul>\n<p><strong>MODE D&#8217;EMPLOI :<\/strong><\/p>\n<p><em>&#8211; Une seule application de 2 bolus d\u00e8s les premiers signes de v\u00ealage, aux animaux \u00e0 risques.<\/em><br \/>\n<em>&#8211; Peut \u00eatre utilis\u00e9 en compl\u00e9ment d&#8217;une perfusion intra-veineuse de calcium.<\/em><br \/>\n<em>&#8211; Administrer uniquement avec le lance bolus adapt\u00e9.<\/em><br \/>\n<em>&#8211; Dur\u00e9e d&#8217;action 30 heures environ.<\/em><\/p>\n","protected":false},"excerpt":{"rendered":"<p><strong>Solution sous forme de bolus pour r\u00e9duire le risque de fi\u00e8vre de lait.<\/strong><\/p>\n<p><strong>Caract\u00e9ristiques :\u00a0<\/strong><\/p>\n<ul>\n<li>Destin\u00e9e \u00e0 am\u00e9liorer le d\u00e9marrage de la lactation et les performances de la production laiti\u00e8re.<\/li>\n<li>Un produit naturel extrait de la m\u00e9lasse de betterave.<\/li>\n<li>Maintien du calcium dans le sang pour pr\u00e9venir la fi\u00e8vre de lait.<\/li>\n<li>Effet positif sur le taux de phosphore sanguin sans en apporter.<\/li>\n<\/ul>\n","protected":false},"featured_media":1443636,"template":"","meta":[],"product_cat":[6864,6870],"product_tag":[],"class_list":{"0":"post-186935","1":"product","2":"type-product","3":"status-publish","4":"has-post-thumbnail","6":"product_cat-animaux-delevage","7":"product_cat-bovins","8":"pa_marque-vetalis","10":"first","11":"instock","12":"taxable","13":"shipping-taxable","14":"purchasable","15":"product-type-variable"},"yoast_head":"<!-- This site is optimized with the Yoast SEO plugin v27.3 - https:\/\/yoast.com\/product\/yoast-seo-wordpress\/ -->\n<title>Electropidolate Max Vetalis - V\u00e9torino<\/title>\n<meta name=\"description\" content=\"Solution sous forme de bolus pour r\u00e9duire le risque de fi\u00e8vre de lait.  Caract\u00e9ristiques :\u00a0   Destin\u00e9e \u00e0 am\u00e9liorer le d\u00e9marrage de la lactation et les performances de la production laiti\u00e8re.  Un produit naturel extrait de la m\u00e9lasse de betterave.  Maintien du calcium dans le sang pour pr\u00e9venir la fi\u00e8vre de lait.  Effet positif sur le taux de phosphore sanguin sans en apporter.\" \/>\n<meta name=\"robots\" content=\"noindex, nofollow\" \/>\n<meta property=\"og:locale\" content=\"fr_FR\" \/>\n<meta property=\"og:type\" content=\"article\" \/>\n<meta property=\"og:title\" content=\"Electropidolate Max Vetalis - V\u00e9torino\" \/>\n<meta property=\"og:description\" content=\"Solution sous forme de bolus pour r\u00e9duire le risque de fi\u00e8vre de lait.  Caract\u00e9ristiques :\u00a0   Destin\u00e9e \u00e0 am\u00e9liorer le d\u00e9marrage de la lactation et les performances de la production laiti\u00e8re.  Un produit naturel extrait de la m\u00e9lasse de betterave.  Maintien du calcium dans le sang pour pr\u00e9venir la fi\u00e8vre de lait.  Effet positif sur le taux de phosphore sanguin sans en apporter.\" \/>\n<meta property=\"og:url\" content=\"https:\/\/www.vetorino.com\/veterinaire\/beugnies-59216\/boutique\/product\/electropidolate-max-2\/\" \/>\n<meta property=\"og:site_name\" content=\"V\u00e9torino\" \/>\n<meta property=\"article:publisher\" content=\"https:\/\/www.facebook.com\/Vetorino\/\" \/>\n<meta property=\"article:modified_time\" content=\"2025-08-07T12:08:52+00:00\" \/>\n<meta property=\"og:image\" content=\"https:\/\/www.vetorino.com\/boutique\/wp-content\/uploads\/2021\/05\/ELECTROPIDOLATE_MAX_PACK_50_BOLUS.jpg\" \/>\n\t<meta property=\"og:image:width\" content=\"1024\" \/>\n\t<meta property=\"og:image:height\" content=\"1024\" \/>\n\t<meta property=\"og:image:type\" content=\"image\/jpeg\" \/>\n<meta name=\"twitter:card\" content=\"summary_large_image\" \/>\n<meta name=\"twitter:label1\" content=\"Disponibilit\u00e9\" \/>\n\t<meta name=\"twitter:data1\" content=\"En stock\" \/>\n<script type=\"application\/ld+json\" class=\"yoast-schema-graph\">{\"@context\":\"https:\\\/\\\/schema.org\",\"@graph\":[{\"@type\":\"WebPage\",\"@id\":\"https:\\\/\\\/www.vetorino.com\\\/boutique\\\/product\\\/electropidolate-max-2\\\/\",\"url\":\"https:\\\/\\\/www.vetorino.com\\\/boutique\\\/product\\\/electropidolate-max-2\\\/\",\"name\":\"Electropidolate Max Vetalis - V\u00e9torino\",\"isPartOf\":{\"@id\":\"https:\\\/\\\/www.vetorino.com\\\/boutique\\\/#website\"},\"primaryImageOfPage\":{\"@id\":\"https:\\\/\\\/www.vetorino.com\\\/boutique\\\/product\\\/electropidolate-max-2\\\/#primaryimage\"},\"image\":{\"@id\":\"https:\\\/\\\/www.vetorino.com\\\/boutique\\\/product\\\/electropidolate-max-2\\\/#primaryimage\"},\"thumbnailUrl\":\"https:\\\/\\\/www.vetorino.com\\\/boutique\\\/wp-content\\\/uploads\\\/2021\\\/05\\\/ELECTROPIDOLATE_MAX_PACK_50_BOLUS.jpg\",\"datePublished\":\"2021-05-31T18:26:42+00:00\",\"dateModified\":\"2025-08-07T12:08:52+00:00\",\"description\":\"Solution sous forme de bolus pour r\u00e9duire le risque de fi\u00e8vre de lait. Caract\u00e9ristiques :\u00a0 Destin\u00e9e \u00e0 am\u00e9liorer le d\u00e9marrage de la lactation et les performances de la production laiti\u00e8re. Un produit naturel extrait de la m\u00e9lasse de betterave. Maintien du calcium dans le sang pour pr\u00e9venir la fi\u00e8vre de lait. Effet positif sur le taux de phosphore sanguin sans en apporter.\",\"breadcrumb\":{\"@id\":\"https:\\\/\\\/www.vetorino.com\\\/boutique\\\/product\\\/electropidolate-max-2\\\/#breadcrumb\"},\"inLanguage\":\"fr-FR\",\"potentialAction\":[{\"@type\":\"ReadAction\",\"target\":[\"https:\\\/\\\/www.vetorino.com\\\/boutique\\\/product\\\/electropidolate-max-2\\\/\"]}]},{\"@type\":\"ImageObject\",\"inLanguage\":\"fr-FR\",\"@id\":\"https:\\\/\\\/www.vetorino.com\\\/boutique\\\/product\\\/electropidolate-max-2\\\/#primaryimage\",\"url\":\"https:\\\/\\\/www.vetorino.com\\\/boutique\\\/wp-content\\\/uploads\\\/2021\\\/05\\\/ELECTROPIDOLATE_MAX_PACK_50_BOLUS.jpg\",\"contentUrl\":\"https:\\\/\\\/www.vetorino.com\\\/boutique\\\/wp-content\\\/uploads\\\/2021\\\/05\\\/ELECTROPIDOLATE_MAX_PACK_50_BOLUS.jpg\",\"width\":1024,\"height\":1024},{\"@type\":\"BreadcrumbList\",\"@id\":\"https:\\\/\\\/www.vetorino.com\\\/boutique\\\/product\\\/electropidolate-max-2\\\/#breadcrumb\",\"itemListElement\":[{\"@type\":\"ListItem\",\"position\":1,\"name\":\"Accueil\",\"item\":\"https:\\\/\\\/www.vetorino.com\\\/boutique\\\/\"},{\"@type\":\"ListItem\",\"position\":2,\"name\":\"Produits\",\"item\":\"https:\\\/\\\/www.vetorino.com\\\/boutique\\\/\"},{\"@type\":\"ListItem\",\"position\":3,\"name\":\"Electropidolate Max\"}]},{\"@type\":\"WebSite\",\"@id\":\"https:\\\/\\\/www.vetorino.com\\\/boutique\\\/#website\",\"url\":\"https:\\\/\\\/www.vetorino.com\\\/boutique\\\/\",\"name\":\"V\u00e9torino\",\"description\":\"\",\"publisher\":{\"@id\":\"https:\\\/\\\/www.vetorino.com\\\/boutique\\\/#organization\"},\"potentialAction\":[{\"@type\":\"SearchAction\",\"target\":{\"@type\":\"EntryPoint\",\"urlTemplate\":\"https:\\\/\\\/www.vetorino.com\\\/boutique\\\/?s={search_term_string}\"},\"query-input\":{\"@type\":\"PropertyValueSpecification\",\"valueRequired\":true,\"valueName\":\"search_term_string\"}}],\"inLanguage\":\"fr-FR\"},{\"@type\":\"Organization\",\"@id\":\"https:\\\/\\\/www.vetorino.com\\\/boutique\\\/#organization\",\"name\":\"V\u00e9torino\",\"url\":\"https:\\\/\\\/www.vetorino.com\\\/boutique\\\/\",\"logo\":{\"@type\":\"ImageObject\",\"inLanguage\":\"fr-FR\",\"@id\":\"https:\\\/\\\/www.vetorino.com\\\/boutique\\\/#\\\/schema\\\/logo\\\/image\\\/\",\"url\":\"https:\\\/\\\/www.vetorino.com\\\/boutique\\\/wp-content\\\/uploads\\\/2024\\\/10\\\/logo.jpg\",\"contentUrl\":\"https:\\\/\\\/www.vetorino.com\\\/boutique\\\/wp-content\\\/uploads\\\/2024\\\/10\\\/logo.jpg\",\"width\":1200,\"height\":610,\"caption\":\"V\u00e9torino\"},\"image\":{\"@id\":\"https:\\\/\\\/www.vetorino.com\\\/boutique\\\/#\\\/schema\\\/logo\\\/image\\\/\"},\"sameAs\":[\"https:\\\/\\\/www.facebook.com\\\/Vetorino\\\/\",\"https:\\\/\\\/www.instagram.com\\\/vetorino_off\\\/\",\"https:\\\/\\\/www.linkedin.com\\\/company\\\/vtorino\\\/\"]}]}<\/script>\n<meta property=\"product:brand\" content=\"Vetalis\" \/>\n<meta property=\"og:availability\" content=\"instock\" \/>\n<meta property=\"product:availability\" content=\"instock\" \/>\n<meta property=\"product:condition\" content=\"new\" \/>\n<!-- \/ Yoast SEO plugin. -->","yoast_head_json":{"title":"Electropidolate Max Vetalis - V\u00e9torino","description":"Solution sous forme de bolus pour r\u00e9duire le risque de fi\u00e8vre de lait.  Caract\u00e9ristiques :\u00a0   Destin\u00e9e \u00e0 am\u00e9liorer le d\u00e9marrage de la lactation et les performances de la production laiti\u00e8re.  Un produit naturel extrait de la m\u00e9lasse de betterave.  Maintien du calcium dans le sang pour pr\u00e9venir la fi\u00e8vre de lait.  Effet positif sur le taux de phosphore sanguin sans en apporter.","robots":{"index":"noindex","follow":"nofollow"},"og_locale":"fr_FR","og_type":"article","og_title":"Electropidolate Max Vetalis - V\u00e9torino","og_description":"Solution sous forme de bolus pour r\u00e9duire le risque de fi\u00e8vre de lait.  Caract\u00e9ristiques :\u00a0   Destin\u00e9e \u00e0 am\u00e9liorer le d\u00e9marrage de la lactation et les performances de la production laiti\u00e8re.  Un produit naturel extrait de la m\u00e9lasse de betterave.  Maintien du calcium dans le sang pour pr\u00e9venir la fi\u00e8vre de lait.  Effet positif sur le taux de phosphore sanguin sans en apporter.","og_url":"https:\/\/www.vetorino.com\/veterinaire\/beugnies-59216\/boutique\/product\/electropidolate-max-2\/","og_site_name":"V\u00e9torino","article_publisher":"https:\/\/www.facebook.com\/Vetorino\/","article_modified_time":"2025-08-07T12:08:52+00:00","og_image":[{"width":1024,"height":1024,"url":"https:\/\/www.vetorino.com\/boutique\/wp-content\/uploads\/2021\/05\/ELECTROPIDOLATE_MAX_PACK_50_BOLUS.jpg","type":"image\/jpeg"}],"twitter_card":"summary_large_image","twitter_misc":{"Disponibilit\u00e9":"En stock"},"schema":{"@context":"https:\/\/schema.org","@graph":[{"@type":"WebPage","@id":"https:\/\/www.vetorino.com\/boutique\/product\/electropidolate-max-2\/","url":"https:\/\/www.vetorino.com\/boutique\/product\/electropidolate-max-2\/","name":"Electropidolate Max Vetalis - V\u00e9torino","isPartOf":{"@id":"https:\/\/www.vetorino.com\/boutique\/#website"},"primaryImageOfPage":{"@id":"https:\/\/www.vetorino.com\/boutique\/product\/electropidolate-max-2\/#primaryimage"},"image":{"@id":"https:\/\/www.vetorino.com\/boutique\/product\/electropidolate-max-2\/#primaryimage"},"thumbnailUrl":"https:\/\/www.vetorino.com\/boutique\/wp-content\/uploads\/2021\/05\/ELECTROPIDOLATE_MAX_PACK_50_BOLUS.jpg","datePublished":"2021-05-31T18:26:42+00:00","dateModified":"2025-08-07T12:08:52+00:00","description":"Solution sous forme de bolus pour r\u00e9duire le risque de fi\u00e8vre de lait. Caract\u00e9ristiques :\u00a0 Destin\u00e9e \u00e0 am\u00e9liorer le d\u00e9marrage de la lactation et les performances de la production laiti\u00e8re. Un produit naturel extrait de la m\u00e9lasse de betterave. Maintien du calcium dans le sang pour pr\u00e9venir la fi\u00e8vre de lait. Effet positif sur le taux de phosphore sanguin sans en apporter.","breadcrumb":{"@id":"https:\/\/www.vetorino.com\/boutique\/product\/electropidolate-max-2\/#breadcrumb"},"inLanguage":"fr-FR","potentialAction":[{"@type":"ReadAction","target":["https:\/\/www.vetorino.com\/boutique\/product\/electropidolate-max-2\/"]}]},{"@type":"ImageObject","inLanguage":"fr-FR","@id":"https:\/\/www.vetorino.com\/boutique\/product\/electropidolate-max-2\/#primaryimage","url":"https:\/\/www.vetorino.com\/boutique\/wp-content\/uploads\/2021\/05\/ELECTROPIDOLATE_MAX_PACK_50_BOLUS.jpg","contentUrl":"https:\/\/www.vetorino.com\/boutique\/wp-content\/uploads\/2021\/05\/ELECTROPIDOLATE_MAX_PACK_50_BOLUS.jpg","width":1024,"height":1024},{"@type":"BreadcrumbList","@id":"https:\/\/www.vetorino.com\/boutique\/product\/electropidolate-max-2\/#breadcrumb","itemListElement":[{"@type":"ListItem","position":1,"name":"Accueil","item":"https:\/\/www.vetorino.com\/boutique\/"},{"@type":"ListItem","position":2,"name":"Produits","item":"https:\/\/www.vetorino.com\/boutique\/"},{"@type":"ListItem","position":3,"name":"Electropidolate Max"}]},{"@type":"WebSite","@id":"https:\/\/www.vetorino.com\/boutique\/#website","url":"https:\/\/www.vetorino.com\/boutique\/","name":"V\u00e9torino","description":"","publisher":{"@id":"https:\/\/www.vetorino.com\/boutique\/#organization"},"potentialAction":[{"@type":"SearchAction","target":{"@type":"EntryPoint","urlTemplate":"https:\/\/www.vetorino.com\/boutique\/?s={search_term_string}"},"query-input":{"@type":"PropertyValueSpecification","valueRequired":true,"valueName":"search_term_string"}}],"inLanguage":"fr-FR"},{"@type":"Organization","@id":"https:\/\/www.vetorino.com\/boutique\/#organization","name":"V\u00e9torino","url":"https:\/\/www.vetorino.com\/boutique\/","logo":{"@type":"ImageObject","inLanguage":"fr-FR","@id":"https:\/\/www.vetorino.com\/boutique\/#\/schema\/logo\/image\/","url":"https:\/\/www.vetorino.com\/boutique\/wp-content\/uploads\/2024\/10\/logo.jpg","contentUrl":"https:\/\/www.vetorino.com\/boutique\/wp-content\/uploads\/2024\/10\/logo.jpg","width":1200,"height":610,"caption":"V\u00e9torino"},"image":{"@id":"https:\/\/www.vetorino.com\/boutique\/#\/schema\/logo\/image\/"},"sameAs":["https:\/\/www.facebook.com\/Vetorino\/","https:\/\/www.instagram.com\/vetorino_off\/","https:\/\/www.linkedin.com\/company\/vtorino\/"]}]},"product_brand":"Vetalis","og_availability":"instock","product_availability":"instock","product_condition":"new"},"_links":{"self":[{"href":"https:\/\/www.vetorino.com\/veterinaire\/beugnies-59216\/boutique\/wp-json\/wp\/v2\/product\/186935","targetHints":{"allow":["GET"]}}],"collection":[{"href":"https:\/\/www.vetorino.com\/veterinaire\/beugnies-59216\/boutique\/wp-json\/wp\/v2\/product"}],"about":[{"href":"https:\/\/www.vetorino.com\/veterinaire\/beugnies-59216\/boutique\/wp-json\/wp\/v2\/types\/product"}],"wp:featuredmedia":[{"embeddable":true,"href":"https:\/\/www.vetorino.com\/veterinaire\/beugnies-59216\/boutique\/wp-json\/wp\/v2\/media\/1443636"}],"wp:attachment":[{"href":"https:\/\/www.vetorino.com\/veterinaire\/beugnies-59216\/boutique\/wp-json\/wp\/v2\/media?parent=186935"}],"wp:term":[{"taxonomy":"product_cat","embeddable":true,"href":"https:\/\/www.vetorino.com\/veterinaire\/beugnies-59216\/boutique\/wp-json\/wp\/v2\/product_cat?post=186935"},{"taxonomy":"product_tag","embeddable":true,"href":"https:\/\/www.vetorino.com\/veterinaire\/beugnies-59216\/boutique\/wp-json\/wp\/v2\/product_tag?post=186935"}],"curies":[{"name":"wp","href":"https:\/\/api.w.org\/{rel}","templated":true}]}}