{"id":187164,"date":"2021-05-31T20:32:56","date_gmt":"2021-05-31T18:32:56","guid":{"rendered":"https:\/\/www.vetorino.com\/boutique\/product\/c-for-hepa-b12\/"},"modified":"2025-07-30T10:53:18","modified_gmt":"2025-07-30T08:53:18","slug":"c-for-hepa-b12","status":"publish","type":"product","link":"https:\/\/www.vetorino.com\/veterinaire\/beugnies-59216\/boutique\/product\/c-for-hepa-b12\/","title":{"rendered":"C for Hepa B12 +"},"content":{"rendered":"<p><strong>Pour vaches laiti\u00e8res : Dans les situations de c\u00e9tose de type II ou de troubles h\u00e9patiques.<\/strong><\/p>\n<p>Assurer un bon<strong> d\u00e9marrage en lactation des vaches grasses<\/strong> avec la praticit\u00e9 de la gal\u00e9nique bolus. La m\u00e9thionine, la chlorure de choline et la niacine favorisent la synth\u00e8se des VLD, lipoprot\u00e9ines v\u00e9hiculant les triglyc\u00e9rides hors du foie.<\/p>\n<p>Ils contribuent \u00e9galement \u00e0<strong> r\u00e9duire la mobilisation des r\u00e9serves adipeuses<\/strong> par effet anti-lipolytique et limite l&#8217;afflux d&#8217;AGNE (acide gras non est\u00e9rifi\u00e9) vers le foie.<\/p>\n<p class=\"title\"><strong>Conseils et Recommandations<\/strong><\/p>\n<p><em>Vaches laiti\u00e8res : En p\u00e9ri-partum, administrer \u00e0 l&#8217;aide d&#8217;un lance bolus universel Savetis, 2 bolus en une application par jour, pendant 1 \u00e0 3 jours D\u00e9litement inf\u00e9rieur \u00e0 24 heures.<\/em><\/p>\n<p><em>Ne pas administrer \u00e0 un animal couch\u00e9. L&#8217;administration simultan\u00e9e de vitamine D2 est interdite.<\/em><\/p>\n","protected":false},"excerpt":{"rendered":"<p><strong>Pour vaches laiti\u00e8res : Dans les situations de c\u00e9tose de type II ou de troubles h\u00e9patiques.<\/strong><\/p>\n<p>Assurer un bon<strong> d\u00e9marrage en lactation des vaches grasses<\/strong> avec la praticit\u00e9 de la gal\u00e9nique bolus. La m\u00e9thionine, la chlorure de choline et la niacine favorisent la synth\u00e8se des VLD, lipoprot\u00e9ines v\u00e9hiculant les triglyc\u00e9rides hors du foie.<\/p>\n<p>Ils contribuent \u00e9galement \u00e0<strong> r\u00e9duire la mobilisation des r\u00e9serves adipeuses<\/strong> par effet anti-lipolytique et limite l&#8217;afflux d&#8217;AGNE (acide gras non est\u00e9rifi\u00e9) vers le foie.<\/p>\n","protected":false},"featured_media":904092,"template":"","meta":[],"product_cat":[6864,6870],"product_tag":[],"class_list":{"0":"post-187164","1":"product","2":"type-product","3":"status-publish","4":"has-post-thumbnail","6":"product_cat-animaux-delevage","7":"product_cat-bovins","8":"pa_marque-savetis","10":"first","11":"instock","12":"taxable","13":"shipping-taxable","14":"purchasable","15":"product-type-simple"},"yoast_head":"<!-- This site is optimized with the Yoast SEO plugin v27.3 - https:\/\/yoast.com\/product\/yoast-seo-wordpress\/ -->\n<title>C for Hepa B12 + Savetis - V\u00e9torino<\/title>\n<meta name=\"description\" content=\"Pour vaches laiti\u00e8res : Dans les situations de c\u00e9tose de type II ou de troubles h\u00e9patiques.  Assurer un bon d\u00e9marrage en lactation des vaches grasses avec la praticit\u00e9 de la gal\u00e9nique bolus. La m\u00e9thionine, la chlorure de choline et la niacine favorisent la synth\u00e8se des VLD, lipoprot\u00e9ines v\u00e9hiculant les triglyc\u00e9rides hors du foie.  Ils contribuent \u00e9galement \u00e0 r\u00e9duire la mobilisation des r\u00e9serves adipeuses par effet anti-lipolytique et limite l&#039;afflux d&#039;AGNE (acide gras non est\u00e9rifi\u00e9) vers le foie.\" \/>\n<meta name=\"robots\" content=\"noindex, nofollow\" \/>\n<meta property=\"og:locale\" content=\"fr_FR\" \/>\n<meta property=\"og:type\" content=\"article\" \/>\n<meta property=\"og:title\" content=\"C for Hepa B12 + Savetis - V\u00e9torino\" \/>\n<meta property=\"og:description\" content=\"Pour vaches laiti\u00e8res : Dans les situations de c\u00e9tose de type II ou de troubles h\u00e9patiques.  Assurer un bon d\u00e9marrage en lactation des vaches grasses avec la praticit\u00e9 de la gal\u00e9nique bolus. La m\u00e9thionine, la chlorure de choline et la niacine favorisent la synth\u00e8se des VLD, lipoprot\u00e9ines v\u00e9hiculant les triglyc\u00e9rides hors du foie.  Ils contribuent \u00e9galement \u00e0 r\u00e9duire la mobilisation des r\u00e9serves adipeuses par effet anti-lipolytique et limite l&#039;afflux d&#039;AGNE (acide gras non est\u00e9rifi\u00e9) vers le foie.\" \/>\n<meta property=\"og:url\" content=\"https:\/\/www.vetorino.com\/veterinaire\/beugnies-59216\/boutique\/product\/c-for-hepa-b12\/\" \/>\n<meta property=\"og:site_name\" content=\"V\u00e9torino\" \/>\n<meta property=\"article:publisher\" content=\"https:\/\/www.facebook.com\/Vetorino\/\" \/>\n<meta property=\"article:modified_time\" content=\"2025-07-30T08:53:18+00:00\" \/>\n<meta property=\"og:image\" content=\"https:\/\/www.vetorino.com\/boutique\/wp-content\/uploads\/2021\/05\/SAVETIS-1850940-2.png\" \/>\n\t<meta property=\"og:image:width\" content=\"619\" \/>\n\t<meta property=\"og:image:height\" content=\"403\" \/>\n\t<meta property=\"og:image:type\" content=\"image\/png\" \/>\n<meta name=\"twitter:card\" content=\"summary_large_image\" \/>\n<meta name=\"twitter:label1\" content=\"Prix\" \/>\n\t<meta name=\"twitter:data1\" content=\"64,46&euro;\" \/>\n\t<meta name=\"twitter:label2\" content=\"Disponibilit\u00e9\" \/>\n\t<meta name=\"twitter:data2\" content=\"En stock\" \/>\n<script type=\"application\/ld+json\" class=\"yoast-schema-graph\">{\"@context\":\"https:\\\/\\\/schema.org\",\"@graph\":[{\"@type\":\"WebPage\",\"@id\":\"https:\\\/\\\/www.vetorino.com\\\/boutique\\\/product\\\/c-for-hepa-b12\\\/\",\"url\":\"https:\\\/\\\/www.vetorino.com\\\/boutique\\\/product\\\/c-for-hepa-b12\\\/\",\"name\":\"C for Hepa B12 + Savetis - V\u00e9torino\",\"isPartOf\":{\"@id\":\"https:\\\/\\\/www.vetorino.com\\\/boutique\\\/#website\"},\"primaryImageOfPage\":{\"@id\":\"https:\\\/\\\/www.vetorino.com\\\/boutique\\\/product\\\/c-for-hepa-b12\\\/#primaryimage\"},\"image\":{\"@id\":\"https:\\\/\\\/www.vetorino.com\\\/boutique\\\/product\\\/c-for-hepa-b12\\\/#primaryimage\"},\"thumbnailUrl\":\"https:\\\/\\\/www.vetorino.com\\\/boutique\\\/wp-content\\\/uploads\\\/2021\\\/05\\\/SAVETIS-1850940-2.png\",\"datePublished\":\"2021-05-31T18:32:56+00:00\",\"dateModified\":\"2025-07-30T08:53:18+00:00\",\"description\":\"Pour vaches laiti\u00e8res : Dans les situations de c\u00e9tose de type II ou de troubles h\u00e9patiques. Assurer un bon d\u00e9marrage en lactation des vaches grasses avec la praticit\u00e9 de la gal\u00e9nique bolus. La m\u00e9thionine, la chlorure de choline et la niacine favorisent la synth\u00e8se des VLD, lipoprot\u00e9ines v\u00e9hiculant les triglyc\u00e9rides hors du foie. Ils contribuent \u00e9galement \u00e0 r\u00e9duire la mobilisation des r\u00e9serves adipeuses par effet anti-lipolytique et limite l'afflux d'AGNE (acide gras non est\u00e9rifi\u00e9) vers le foie.\",\"breadcrumb\":{\"@id\":\"https:\\\/\\\/www.vetorino.com\\\/boutique\\\/product\\\/c-for-hepa-b12\\\/#breadcrumb\"},\"inLanguage\":\"fr-FR\",\"potentialAction\":[{\"@type\":\"ReadAction\",\"target\":[\"https:\\\/\\\/www.vetorino.com\\\/boutique\\\/product\\\/c-for-hepa-b12\\\/\"]}]},{\"@type\":\"ImageObject\",\"inLanguage\":\"fr-FR\",\"@id\":\"https:\\\/\\\/www.vetorino.com\\\/boutique\\\/product\\\/c-for-hepa-b12\\\/#primaryimage\",\"url\":\"https:\\\/\\\/www.vetorino.com\\\/boutique\\\/wp-content\\\/uploads\\\/2021\\\/05\\\/SAVETIS-1850940-2.png\",\"contentUrl\":\"https:\\\/\\\/www.vetorino.com\\\/boutique\\\/wp-content\\\/uploads\\\/2021\\\/05\\\/SAVETIS-1850940-2.png\",\"width\":619,\"height\":403},{\"@type\":\"BreadcrumbList\",\"@id\":\"https:\\\/\\\/www.vetorino.com\\\/boutique\\\/product\\\/c-for-hepa-b12\\\/#breadcrumb\",\"itemListElement\":[{\"@type\":\"ListItem\",\"position\":1,\"name\":\"Accueil\",\"item\":\"https:\\\/\\\/www.vetorino.com\\\/boutique\\\/\"},{\"@type\":\"ListItem\",\"position\":2,\"name\":\"Produits\",\"item\":\"https:\\\/\\\/www.vetorino.com\\\/boutique\\\/\"},{\"@type\":\"ListItem\",\"position\":3,\"name\":\"C for Hepa B12 +\"}]},{\"@type\":\"WebSite\",\"@id\":\"https:\\\/\\\/www.vetorino.com\\\/boutique\\\/#website\",\"url\":\"https:\\\/\\\/www.vetorino.com\\\/boutique\\\/\",\"name\":\"V\u00e9torino\",\"description\":\"\",\"publisher\":{\"@id\":\"https:\\\/\\\/www.vetorino.com\\\/boutique\\\/#organization\"},\"potentialAction\":[{\"@type\":\"SearchAction\",\"target\":{\"@type\":\"EntryPoint\",\"urlTemplate\":\"https:\\\/\\\/www.vetorino.com\\\/boutique\\\/?s={search_term_string}\"},\"query-input\":{\"@type\":\"PropertyValueSpecification\",\"valueRequired\":true,\"valueName\":\"search_term_string\"}}],\"inLanguage\":\"fr-FR\"},{\"@type\":\"Organization\",\"@id\":\"https:\\\/\\\/www.vetorino.com\\\/boutique\\\/#organization\",\"name\":\"V\u00e9torino\",\"url\":\"https:\\\/\\\/www.vetorino.com\\\/boutique\\\/\",\"logo\":{\"@type\":\"ImageObject\",\"inLanguage\":\"fr-FR\",\"@id\":\"https:\\\/\\\/www.vetorino.com\\\/boutique\\\/#\\\/schema\\\/logo\\\/image\\\/\",\"url\":\"https:\\\/\\\/www.vetorino.com\\\/boutique\\\/wp-content\\\/uploads\\\/2024\\\/10\\\/logo.jpg\",\"contentUrl\":\"https:\\\/\\\/www.vetorino.com\\\/boutique\\\/wp-content\\\/uploads\\\/2024\\\/10\\\/logo.jpg\",\"width\":1200,\"height\":610,\"caption\":\"V\u00e9torino\"},\"image\":{\"@id\":\"https:\\\/\\\/www.vetorino.com\\\/boutique\\\/#\\\/schema\\\/logo\\\/image\\\/\"},\"sameAs\":[\"https:\\\/\\\/www.facebook.com\\\/Vetorino\\\/\",\"https:\\\/\\\/www.instagram.com\\\/vetorino_off\\\/\",\"https:\\\/\\\/www.linkedin.com\\\/company\\\/vtorino\\\/\"]}]}<\/script>\n<meta property=\"product:brand\" content=\"Savetis\" \/>\n<meta property=\"product:price:amount\" content=\"64.46\" \/>\n<meta property=\"product:price:currency\" content=\"EUR\" \/>\n<meta property=\"og:availability\" content=\"instock\" \/>\n<meta property=\"product:availability\" content=\"instock\" \/>\n<meta property=\"product:retailer_item_id\" content=\"A-1850940\" \/>\n<meta property=\"product:condition\" content=\"new\" \/>\n<!-- \/ Yoast SEO plugin. -->","yoast_head_json":{"title":"C for Hepa B12 + Savetis - V\u00e9torino","description":"Pour vaches laiti\u00e8res : Dans les situations de c\u00e9tose de type II ou de troubles h\u00e9patiques.  Assurer un bon d\u00e9marrage en lactation des vaches grasses avec la praticit\u00e9 de la gal\u00e9nique bolus. La m\u00e9thionine, la chlorure de choline et la niacine favorisent la synth\u00e8se des VLD, lipoprot\u00e9ines v\u00e9hiculant les triglyc\u00e9rides hors du foie.  Ils contribuent \u00e9galement \u00e0 r\u00e9duire la mobilisation des r\u00e9serves adipeuses par effet anti-lipolytique et limite l'afflux d'AGNE (acide gras non est\u00e9rifi\u00e9) vers le foie.","robots":{"index":"noindex","follow":"nofollow"},"og_locale":"fr_FR","og_type":"article","og_title":"C for Hepa B12 + Savetis - V\u00e9torino","og_description":"Pour vaches laiti\u00e8res : Dans les situations de c\u00e9tose de type II ou de troubles h\u00e9patiques.  Assurer un bon d\u00e9marrage en lactation des vaches grasses avec la praticit\u00e9 de la gal\u00e9nique bolus. La m\u00e9thionine, la chlorure de choline et la niacine favorisent la synth\u00e8se des VLD, lipoprot\u00e9ines v\u00e9hiculant les triglyc\u00e9rides hors du foie.  Ils contribuent \u00e9galement \u00e0 r\u00e9duire la mobilisation des r\u00e9serves adipeuses par effet anti-lipolytique et limite l'afflux d'AGNE (acide gras non est\u00e9rifi\u00e9) vers le foie.","og_url":"https:\/\/www.vetorino.com\/veterinaire\/beugnies-59216\/boutique\/product\/c-for-hepa-b12\/","og_site_name":"V\u00e9torino","article_publisher":"https:\/\/www.facebook.com\/Vetorino\/","article_modified_time":"2025-07-30T08:53:18+00:00","og_image":[{"width":619,"height":403,"url":"https:\/\/www.vetorino.com\/boutique\/wp-content\/uploads\/2021\/05\/SAVETIS-1850940-2.png","type":"image\/png"}],"twitter_card":"summary_large_image","twitter_misc":{"Prix":"64,46&euro;","Disponibilit\u00e9":"En stock"},"schema":{"@context":"https:\/\/schema.org","@graph":[{"@type":"WebPage","@id":"https:\/\/www.vetorino.com\/boutique\/product\/c-for-hepa-b12\/","url":"https:\/\/www.vetorino.com\/boutique\/product\/c-for-hepa-b12\/","name":"C for Hepa B12 + Savetis - V\u00e9torino","isPartOf":{"@id":"https:\/\/www.vetorino.com\/boutique\/#website"},"primaryImageOfPage":{"@id":"https:\/\/www.vetorino.com\/boutique\/product\/c-for-hepa-b12\/#primaryimage"},"image":{"@id":"https:\/\/www.vetorino.com\/boutique\/product\/c-for-hepa-b12\/#primaryimage"},"thumbnailUrl":"https:\/\/www.vetorino.com\/boutique\/wp-content\/uploads\/2021\/05\/SAVETIS-1850940-2.png","datePublished":"2021-05-31T18:32:56+00:00","dateModified":"2025-07-30T08:53:18+00:00","description":"Pour vaches laiti\u00e8res : Dans les situations de c\u00e9tose de type II ou de troubles h\u00e9patiques. Assurer un bon d\u00e9marrage en lactation des vaches grasses avec la praticit\u00e9 de la gal\u00e9nique bolus. La m\u00e9thionine, la chlorure de choline et la niacine favorisent la synth\u00e8se des VLD, lipoprot\u00e9ines v\u00e9hiculant les triglyc\u00e9rides hors du foie. Ils contribuent \u00e9galement \u00e0 r\u00e9duire la mobilisation des r\u00e9serves adipeuses par effet anti-lipolytique et limite l'afflux d'AGNE (acide gras non est\u00e9rifi\u00e9) vers le foie.","breadcrumb":{"@id":"https:\/\/www.vetorino.com\/boutique\/product\/c-for-hepa-b12\/#breadcrumb"},"inLanguage":"fr-FR","potentialAction":[{"@type":"ReadAction","target":["https:\/\/www.vetorino.com\/boutique\/product\/c-for-hepa-b12\/"]}]},{"@type":"ImageObject","inLanguage":"fr-FR","@id":"https:\/\/www.vetorino.com\/boutique\/product\/c-for-hepa-b12\/#primaryimage","url":"https:\/\/www.vetorino.com\/boutique\/wp-content\/uploads\/2021\/05\/SAVETIS-1850940-2.png","contentUrl":"https:\/\/www.vetorino.com\/boutique\/wp-content\/uploads\/2021\/05\/SAVETIS-1850940-2.png","width":619,"height":403},{"@type":"BreadcrumbList","@id":"https:\/\/www.vetorino.com\/boutique\/product\/c-for-hepa-b12\/#breadcrumb","itemListElement":[{"@type":"ListItem","position":1,"name":"Accueil","item":"https:\/\/www.vetorino.com\/boutique\/"},{"@type":"ListItem","position":2,"name":"Produits","item":"https:\/\/www.vetorino.com\/boutique\/"},{"@type":"ListItem","position":3,"name":"C for Hepa B12 +"}]},{"@type":"WebSite","@id":"https:\/\/www.vetorino.com\/boutique\/#website","url":"https:\/\/www.vetorino.com\/boutique\/","name":"V\u00e9torino","description":"","publisher":{"@id":"https:\/\/www.vetorino.com\/boutique\/#organization"},"potentialAction":[{"@type":"SearchAction","target":{"@type":"EntryPoint","urlTemplate":"https:\/\/www.vetorino.com\/boutique\/?s={search_term_string}"},"query-input":{"@type":"PropertyValueSpecification","valueRequired":true,"valueName":"search_term_string"}}],"inLanguage":"fr-FR"},{"@type":"Organization","@id":"https:\/\/www.vetorino.com\/boutique\/#organization","name":"V\u00e9torino","url":"https:\/\/www.vetorino.com\/boutique\/","logo":{"@type":"ImageObject","inLanguage":"fr-FR","@id":"https:\/\/www.vetorino.com\/boutique\/#\/schema\/logo\/image\/","url":"https:\/\/www.vetorino.com\/boutique\/wp-content\/uploads\/2024\/10\/logo.jpg","contentUrl":"https:\/\/www.vetorino.com\/boutique\/wp-content\/uploads\/2024\/10\/logo.jpg","width":1200,"height":610,"caption":"V\u00e9torino"},"image":{"@id":"https:\/\/www.vetorino.com\/boutique\/#\/schema\/logo\/image\/"},"sameAs":["https:\/\/www.facebook.com\/Vetorino\/","https:\/\/www.instagram.com\/vetorino_off\/","https:\/\/www.linkedin.com\/company\/vtorino\/"]}]},"product_brand":"Savetis","product_price_amount":"64.46","product_price_currency":"EUR","og_availability":"instock","product_availability":"instock","product_retailer_item_id":"A-1850940","product_condition":"new"},"_links":{"self":[{"href":"https:\/\/www.vetorino.com\/veterinaire\/beugnies-59216\/boutique\/wp-json\/wp\/v2\/product\/187164","targetHints":{"allow":["GET"]}}],"collection":[{"href":"https:\/\/www.vetorino.com\/veterinaire\/beugnies-59216\/boutique\/wp-json\/wp\/v2\/product"}],"about":[{"href":"https:\/\/www.vetorino.com\/veterinaire\/beugnies-59216\/boutique\/wp-json\/wp\/v2\/types\/product"}],"wp:featuredmedia":[{"embeddable":true,"href":"https:\/\/www.vetorino.com\/veterinaire\/beugnies-59216\/boutique\/wp-json\/wp\/v2\/media\/904092"}],"wp:attachment":[{"href":"https:\/\/www.vetorino.com\/veterinaire\/beugnies-59216\/boutique\/wp-json\/wp\/v2\/media?parent=187164"}],"wp:term":[{"taxonomy":"product_cat","embeddable":true,"href":"https:\/\/www.vetorino.com\/veterinaire\/beugnies-59216\/boutique\/wp-json\/wp\/v2\/product_cat?post=187164"},{"taxonomy":"product_tag","embeddable":true,"href":"https:\/\/www.vetorino.com\/veterinaire\/beugnies-59216\/boutique\/wp-json\/wp\/v2\/product_tag?post=187164"}],"curies":[{"name":"wp","href":"https:\/\/api.w.org\/{rel}","templated":true}]}}