{"id":187212,"date":"2021-05-31T20:34:18","date_gmt":"2021-05-31T18:34:18","guid":{"rendered":"https:\/\/www.vetorino.com\/boutique\/product\/douxo-s3-pyo-pads-3\/"},"modified":"2024-04-04T12:33:03","modified_gmt":"2024-04-04T10:33:03","slug":"douxo-s3-pyo-pads-3","status":"publish","type":"product","link":"https:\/\/www.vetorino.com\/veterinaire\/beugnies-59216\/boutique\/product\/douxo-s3-pyo-pads-3\/","title":{"rendered":"Douxo S3 Pyo Pads"},"content":{"rendered":"<p><strong>Cotons impr\u00e9gn\u00e9es de solution antiseptique et hypo-allerg\u00e9nique.<\/strong><\/p>\n<p><strong>Utilisation :<br \/>\n<\/strong><\/p>\n<ul>\n<li>Chez le chien et le chat<\/li>\n<li>Nettoyage et d\u00e9sinfection des zones de pyodermites localis\u00e9es, zones des plis, espaces interdigit\u00e9s ou pavillons auriculaires.<\/li>\n<\/ul>\n<p><strong>Avantages :<\/strong><\/p>\n<div class=\"styleh1\">\n<ul>\n<li>Une solution puissante<\/li>\n<li>Respecte l\u2019\u00e9quilibre cutan\u00e9 : nettoie en douceur, sans alcool, fluide non gras<\/li>\n<li>Anti-inflammatoire<\/li>\n<li>Pratique \u00e0 utiliser<\/li>\n<li>Contient \u00e9galement un agent hydratant\u00a0et restructurant, qui permet le d\u00e9p\u00f4t, sur la surface cutan\u00e9e, d&#8217;un film lipoprotidique qui persiste apr\u00e8s rin\u00e7age,\u00a0<strong>\u00e9vitant ainsi d&#8217;ass\u00e9cher et d&#8217;irriter la peau.<\/strong><\/li>\n<\/ul>\n<\/div>\n","protected":false},"excerpt":{"rendered":"<p><strong>Cotons impr\u00e9gn\u00e9es de solution antiseptique et hypo-allerg\u00e9nique.<\/strong><\/p>\n<p><strong>Utilisation :<br \/>\n<\/strong><\/p>\n<ul>\n<li>Chez le chien et le chat<\/li>\n<li>Nettoyage et d\u00e9sinfection des zones de pyodermites localis\u00e9es, zones des plis, espaces interdigit\u00e9s ou pavillons auriculaires.<\/li>\n<\/ul>\n","protected":false},"featured_media":886673,"template":"","meta":[],"product_cat":[2697,12611,12560],"product_tag":[],"class_list":{"0":"post-187212","1":"product","2":"type-product","3":"status-publish","4":"has-post-thumbnail","6":"product_cat-chat","7":"product_cat-hygiene-de-la-peau-et-du-pelage-du-chat","8":"product_cat-hygiene-du-chat","9":"pa_marque-douxo","11":"first","12":"instock","13":"taxable","14":"shipping-taxable","15":"purchasable","16":"product-type-simple"},"yoast_head":"<!-- This site is optimized with the Yoast SEO plugin v27.3 - https:\/\/yoast.com\/product\/yoast-seo-wordpress\/ -->\n<title>Douxo Douxo S3 Pyo Pads Douxo - V\u00e9torino<\/title>\n<meta name=\"description\" content=\"Cotons impr\u00e9gn\u00e9es de solution antiseptique et hypo-allerg\u00e9nique.  Utilisation :    Chez le chien et le chat  Nettoyage et d\u00e9sinfection des zones de pyodermites localis\u00e9es, zones des plis, espaces interdigit\u00e9s ou pavillons auriculaires.\" \/>\n<meta name=\"robots\" content=\"noindex, nofollow\" \/>\n<meta property=\"og:locale\" content=\"fr_FR\" \/>\n<meta property=\"og:type\" content=\"article\" \/>\n<meta property=\"og:title\" content=\"Douxo Douxo S3 Pyo Pads Douxo - V\u00e9torino\" \/>\n<meta property=\"og:description\" content=\"Cotons impr\u00e9gn\u00e9es de solution antiseptique et hypo-allerg\u00e9nique.  Utilisation :    Chez le chien et le chat  Nettoyage et d\u00e9sinfection des zones de pyodermites localis\u00e9es, zones des plis, espaces interdigit\u00e9s ou pavillons auriculaires.\" \/>\n<meta property=\"og:url\" content=\"https:\/\/www.vetorino.com\/veterinaire\/beugnies-59216\/boutique\/product\/douxo-s3-pyo-pads-3\/\" \/>\n<meta property=\"og:site_name\" content=\"V\u00e9torino\" \/>\n<meta property=\"article:publisher\" content=\"https:\/\/www.facebook.com\/Vetorino\/\" \/>\n<meta property=\"article:modified_time\" content=\"2024-04-04T10:33:03+00:00\" \/>\n<meta property=\"og:image\" content=\"https:\/\/www.vetorino.com\/boutique\/wp-content\/uploads\/2021\/05\/77e7bc693a74-douxo-pyo-pads.png.png\" \/>\n\t<meta property=\"og:image:width\" content=\"575\" \/>\n\t<meta property=\"og:image:height\" content=\"600\" \/>\n\t<meta property=\"og:image:type\" content=\"image\/png\" \/>\n<meta name=\"twitter:card\" content=\"summary_large_image\" \/>\n<meta name=\"twitter:label1\" content=\"Prix\" \/>\n\t<meta name=\"twitter:data1\" content=\"12,52&euro;\" \/>\n\t<meta name=\"twitter:label2\" content=\"Disponibilit\u00e9\" \/>\n\t<meta name=\"twitter:data2\" content=\"En stock\" \/>\n<script type=\"application\/ld+json\" class=\"yoast-schema-graph\">{\"@context\":\"https:\\\/\\\/schema.org\",\"@graph\":[{\"@type\":\"WebPage\",\"@id\":\"https:\\\/\\\/www.vetorino.com\\\/boutique\\\/product\\\/douxo-s3-pyo-pads-3\\\/\",\"url\":\"https:\\\/\\\/www.vetorino.com\\\/boutique\\\/product\\\/douxo-s3-pyo-pads-3\\\/\",\"name\":\"Douxo Douxo S3 Pyo Pads Douxo - V\u00e9torino\",\"isPartOf\":{\"@id\":\"https:\\\/\\\/www.vetorino.com\\\/boutique\\\/#website\"},\"primaryImageOfPage\":{\"@id\":\"https:\\\/\\\/www.vetorino.com\\\/boutique\\\/product\\\/douxo-s3-pyo-pads-3\\\/#primaryimage\"},\"image\":{\"@id\":\"https:\\\/\\\/www.vetorino.com\\\/boutique\\\/product\\\/douxo-s3-pyo-pads-3\\\/#primaryimage\"},\"thumbnailUrl\":\"https:\\\/\\\/www.vetorino.com\\\/boutique\\\/wp-content\\\/uploads\\\/2021\\\/05\\\/77e7bc693a74-douxo-pyo-pads.png.png\",\"datePublished\":\"2021-05-31T18:34:18+00:00\",\"dateModified\":\"2024-04-04T10:33:03+00:00\",\"description\":\"Cotons impr\u00e9gn\u00e9es de solution antiseptique et hypo-allerg\u00e9nique. Utilisation : Chez le chien et le chat Nettoyage et d\u00e9sinfection des zones de pyodermites localis\u00e9es, zones des plis, espaces interdigit\u00e9s ou pavillons auriculaires.\",\"breadcrumb\":{\"@id\":\"https:\\\/\\\/www.vetorino.com\\\/boutique\\\/product\\\/douxo-s3-pyo-pads-3\\\/#breadcrumb\"},\"inLanguage\":\"fr-FR\",\"potentialAction\":[{\"@type\":\"ReadAction\",\"target\":[\"https:\\\/\\\/www.vetorino.com\\\/boutique\\\/product\\\/douxo-s3-pyo-pads-3\\\/\"]}]},{\"@type\":\"ImageObject\",\"inLanguage\":\"fr-FR\",\"@id\":\"https:\\\/\\\/www.vetorino.com\\\/boutique\\\/product\\\/douxo-s3-pyo-pads-3\\\/#primaryimage\",\"url\":\"https:\\\/\\\/www.vetorino.com\\\/boutique\\\/wp-content\\\/uploads\\\/2021\\\/05\\\/77e7bc693a74-douxo-pyo-pads.png.png\",\"contentUrl\":\"https:\\\/\\\/www.vetorino.com\\\/boutique\\\/wp-content\\\/uploads\\\/2021\\\/05\\\/77e7bc693a74-douxo-pyo-pads.png.png\",\"width\":575,\"height\":600},{\"@type\":\"BreadcrumbList\",\"@id\":\"https:\\\/\\\/www.vetorino.com\\\/boutique\\\/product\\\/douxo-s3-pyo-pads-3\\\/#breadcrumb\",\"itemListElement\":[{\"@type\":\"ListItem\",\"position\":1,\"name\":\"Accueil\",\"item\":\"https:\\\/\\\/www.vetorino.com\\\/boutique\\\/\"},{\"@type\":\"ListItem\",\"position\":2,\"name\":\"Produits\",\"item\":\"https:\\\/\\\/www.vetorino.com\\\/boutique\\\/\"},{\"@type\":\"ListItem\",\"position\":3,\"name\":\"Douxo S3 Pyo Pads\"}]},{\"@type\":\"WebSite\",\"@id\":\"https:\\\/\\\/www.vetorino.com\\\/boutique\\\/#website\",\"url\":\"https:\\\/\\\/www.vetorino.com\\\/boutique\\\/\",\"name\":\"V\u00e9torino\",\"description\":\"\",\"publisher\":{\"@id\":\"https:\\\/\\\/www.vetorino.com\\\/boutique\\\/#organization\"},\"potentialAction\":[{\"@type\":\"SearchAction\",\"target\":{\"@type\":\"EntryPoint\",\"urlTemplate\":\"https:\\\/\\\/www.vetorino.com\\\/boutique\\\/?s={search_term_string}\"},\"query-input\":{\"@type\":\"PropertyValueSpecification\",\"valueRequired\":true,\"valueName\":\"search_term_string\"}}],\"inLanguage\":\"fr-FR\"},{\"@type\":\"Organization\",\"@id\":\"https:\\\/\\\/www.vetorino.com\\\/boutique\\\/#organization\",\"name\":\"V\u00e9torino\",\"url\":\"https:\\\/\\\/www.vetorino.com\\\/boutique\\\/\",\"logo\":{\"@type\":\"ImageObject\",\"inLanguage\":\"fr-FR\",\"@id\":\"https:\\\/\\\/www.vetorino.com\\\/boutique\\\/#\\\/schema\\\/logo\\\/image\\\/\",\"url\":\"https:\\\/\\\/www.vetorino.com\\\/boutique\\\/wp-content\\\/uploads\\\/2024\\\/10\\\/logo.jpg\",\"contentUrl\":\"https:\\\/\\\/www.vetorino.com\\\/boutique\\\/wp-content\\\/uploads\\\/2024\\\/10\\\/logo.jpg\",\"width\":1200,\"height\":610,\"caption\":\"V\u00e9torino\"},\"image\":{\"@id\":\"https:\\\/\\\/www.vetorino.com\\\/boutique\\\/#\\\/schema\\\/logo\\\/image\\\/\"},\"sameAs\":[\"https:\\\/\\\/www.facebook.com\\\/Vetorino\\\/\",\"https:\\\/\\\/www.instagram.com\\\/vetorino_off\\\/\",\"https:\\\/\\\/www.linkedin.com\\\/company\\\/vtorino\\\/\"]}]}<\/script>\n<meta property=\"product:brand\" content=\"Douxo\" \/>\n<meta property=\"product:price:amount\" content=\"12.52\" \/>\n<meta property=\"product:price:currency\" content=\"EUR\" \/>\n<meta property=\"og:availability\" content=\"instock\" \/>\n<meta property=\"product:availability\" content=\"instock\" \/>\n<meta property=\"product:retailer_item_id\" content=\"A-1853150\" \/>\n<meta property=\"product:condition\" content=\"new\" \/>\n<!-- \/ Yoast SEO plugin. -->","yoast_head_json":{"title":"Douxo Douxo S3 Pyo Pads Douxo - V\u00e9torino","description":"Cotons impr\u00e9gn\u00e9es de solution antiseptique et hypo-allerg\u00e9nique.  Utilisation :    Chez le chien et le chat  Nettoyage et d\u00e9sinfection des zones de pyodermites localis\u00e9es, zones des plis, espaces interdigit\u00e9s ou pavillons auriculaires.","robots":{"index":"noindex","follow":"nofollow"},"og_locale":"fr_FR","og_type":"article","og_title":"Douxo Douxo S3 Pyo Pads Douxo - V\u00e9torino","og_description":"Cotons impr\u00e9gn\u00e9es de solution antiseptique et hypo-allerg\u00e9nique.  Utilisation :    Chez le chien et le chat  Nettoyage et d\u00e9sinfection des zones de pyodermites localis\u00e9es, zones des plis, espaces interdigit\u00e9s ou pavillons auriculaires.","og_url":"https:\/\/www.vetorino.com\/veterinaire\/beugnies-59216\/boutique\/product\/douxo-s3-pyo-pads-3\/","og_site_name":"V\u00e9torino","article_publisher":"https:\/\/www.facebook.com\/Vetorino\/","article_modified_time":"2024-04-04T10:33:03+00:00","og_image":[{"width":575,"height":600,"url":"https:\/\/www.vetorino.com\/boutique\/wp-content\/uploads\/2021\/05\/77e7bc693a74-douxo-pyo-pads.png.png","type":"image\/png"}],"twitter_card":"summary_large_image","twitter_misc":{"Prix":"12,52&euro;","Disponibilit\u00e9":"En stock"},"schema":{"@context":"https:\/\/schema.org","@graph":[{"@type":"WebPage","@id":"https:\/\/www.vetorino.com\/boutique\/product\/douxo-s3-pyo-pads-3\/","url":"https:\/\/www.vetorino.com\/boutique\/product\/douxo-s3-pyo-pads-3\/","name":"Douxo Douxo S3 Pyo Pads Douxo - V\u00e9torino","isPartOf":{"@id":"https:\/\/www.vetorino.com\/boutique\/#website"},"primaryImageOfPage":{"@id":"https:\/\/www.vetorino.com\/boutique\/product\/douxo-s3-pyo-pads-3\/#primaryimage"},"image":{"@id":"https:\/\/www.vetorino.com\/boutique\/product\/douxo-s3-pyo-pads-3\/#primaryimage"},"thumbnailUrl":"https:\/\/www.vetorino.com\/boutique\/wp-content\/uploads\/2021\/05\/77e7bc693a74-douxo-pyo-pads.png.png","datePublished":"2021-05-31T18:34:18+00:00","dateModified":"2024-04-04T10:33:03+00:00","description":"Cotons impr\u00e9gn\u00e9es de solution antiseptique et hypo-allerg\u00e9nique. Utilisation : Chez le chien et le chat Nettoyage et d\u00e9sinfection des zones de pyodermites localis\u00e9es, zones des plis, espaces interdigit\u00e9s ou pavillons auriculaires.","breadcrumb":{"@id":"https:\/\/www.vetorino.com\/boutique\/product\/douxo-s3-pyo-pads-3\/#breadcrumb"},"inLanguage":"fr-FR","potentialAction":[{"@type":"ReadAction","target":["https:\/\/www.vetorino.com\/boutique\/product\/douxo-s3-pyo-pads-3\/"]}]},{"@type":"ImageObject","inLanguage":"fr-FR","@id":"https:\/\/www.vetorino.com\/boutique\/product\/douxo-s3-pyo-pads-3\/#primaryimage","url":"https:\/\/www.vetorino.com\/boutique\/wp-content\/uploads\/2021\/05\/77e7bc693a74-douxo-pyo-pads.png.png","contentUrl":"https:\/\/www.vetorino.com\/boutique\/wp-content\/uploads\/2021\/05\/77e7bc693a74-douxo-pyo-pads.png.png","width":575,"height":600},{"@type":"BreadcrumbList","@id":"https:\/\/www.vetorino.com\/boutique\/product\/douxo-s3-pyo-pads-3\/#breadcrumb","itemListElement":[{"@type":"ListItem","position":1,"name":"Accueil","item":"https:\/\/www.vetorino.com\/boutique\/"},{"@type":"ListItem","position":2,"name":"Produits","item":"https:\/\/www.vetorino.com\/boutique\/"},{"@type":"ListItem","position":3,"name":"Douxo S3 Pyo Pads"}]},{"@type":"WebSite","@id":"https:\/\/www.vetorino.com\/boutique\/#website","url":"https:\/\/www.vetorino.com\/boutique\/","name":"V\u00e9torino","description":"","publisher":{"@id":"https:\/\/www.vetorino.com\/boutique\/#organization"},"potentialAction":[{"@type":"SearchAction","target":{"@type":"EntryPoint","urlTemplate":"https:\/\/www.vetorino.com\/boutique\/?s={search_term_string}"},"query-input":{"@type":"PropertyValueSpecification","valueRequired":true,"valueName":"search_term_string"}}],"inLanguage":"fr-FR"},{"@type":"Organization","@id":"https:\/\/www.vetorino.com\/boutique\/#organization","name":"V\u00e9torino","url":"https:\/\/www.vetorino.com\/boutique\/","logo":{"@type":"ImageObject","inLanguage":"fr-FR","@id":"https:\/\/www.vetorino.com\/boutique\/#\/schema\/logo\/image\/","url":"https:\/\/www.vetorino.com\/boutique\/wp-content\/uploads\/2024\/10\/logo.jpg","contentUrl":"https:\/\/www.vetorino.com\/boutique\/wp-content\/uploads\/2024\/10\/logo.jpg","width":1200,"height":610,"caption":"V\u00e9torino"},"image":{"@id":"https:\/\/www.vetorino.com\/boutique\/#\/schema\/logo\/image\/"},"sameAs":["https:\/\/www.facebook.com\/Vetorino\/","https:\/\/www.instagram.com\/vetorino_off\/","https:\/\/www.linkedin.com\/company\/vtorino\/"]}]},"product_brand":"Douxo","product_price_amount":"12.52","product_price_currency":"EUR","og_availability":"instock","product_availability":"instock","product_retailer_item_id":"A-1853150","product_condition":"new"},"_links":{"self":[{"href":"https:\/\/www.vetorino.com\/veterinaire\/beugnies-59216\/boutique\/wp-json\/wp\/v2\/product\/187212","targetHints":{"allow":["GET"]}}],"collection":[{"href":"https:\/\/www.vetorino.com\/veterinaire\/beugnies-59216\/boutique\/wp-json\/wp\/v2\/product"}],"about":[{"href":"https:\/\/www.vetorino.com\/veterinaire\/beugnies-59216\/boutique\/wp-json\/wp\/v2\/types\/product"}],"wp:featuredmedia":[{"embeddable":true,"href":"https:\/\/www.vetorino.com\/veterinaire\/beugnies-59216\/boutique\/wp-json\/wp\/v2\/media\/886673"}],"wp:attachment":[{"href":"https:\/\/www.vetorino.com\/veterinaire\/beugnies-59216\/boutique\/wp-json\/wp\/v2\/media?parent=187212"}],"wp:term":[{"taxonomy":"product_cat","embeddable":true,"href":"https:\/\/www.vetorino.com\/veterinaire\/beugnies-59216\/boutique\/wp-json\/wp\/v2\/product_cat?post=187212"},{"taxonomy":"product_tag","embeddable":true,"href":"https:\/\/www.vetorino.com\/veterinaire\/beugnies-59216\/boutique\/wp-json\/wp\/v2\/product_tag?post=187212"}],"curies":[{"name":"wp","href":"https:\/\/api.w.org\/{rel}","templated":true}]}}