{"id":218023,"date":"2021-08-25T10:15:29","date_gmt":"2021-08-25T08:15:29","guid":{"rendered":"https:\/\/www.vetorino.com\/boutique\/product\/vetessentials-chat-healthy-digestive-biome-saumon\/"},"modified":"2025-11-06T15:47:12","modified_gmt":"2025-11-06T14:47:12","slug":"vetessentials-chat-healthy-digestive-biome-saumon","status":"publish","type":"product","link":"https:\/\/www.vetorino.com\/veterinaire\/beugnies-59216\/boutique\/product\/vetessentials-chat-healthy-digestive-biome-saumon\/","title":{"rendered":"Multi-Benefit + Digestion Adult Saumon &#8211; chat"},"content":{"rendered":"<p><strong>Croquettes au saumon qui favorisent une digestion saine en nourrissant uniquement les bonnes bact\u00e9ries qui vivent dans l&#8217;intestin de votre chat, tout en favorisant la sant\u00e9 de son syst\u00e8me urinaire.<\/strong><\/p>\n<p><strong>Utilisation :<\/strong><\/p>\n<ul>\n<li>Chat adulte \u00e0 partir de un an<\/li>\n<\/ul>\n<p><strong>Contre indications :<\/strong><\/p>\n<ul>\n<li>Chatons<\/li>\n<li>Chats adultes \u00e2g\u00e9s de 7 ans et plus<\/li>\n<li>Chattes gestantes ou allaitantes<\/li>\n<\/ul>\n<p><strong>Bienfaits essentiels :<\/strong><\/p>\n<ul>\n<li>Une alimentation <strong>savoureuse<\/strong> qui contribue \u00e0 transformer la vie de votre animal.<\/li>\n<li>Avec le m\u00e9lange de fibres ActivBiome+ cliniquement prouv\u00e9 pour <strong>favoriser des selles saines<\/strong> et la r\u00e9gularit\u00e9 du transit intestinal<\/li>\n<li>Avec du saumon de<strong> haute qualit\u00e9<\/strong> pour favoriser la sant\u00e9 musculaire.<\/li>\n<li>Favorise la<strong> sant\u00e9 du syst\u00e8me urinaire.<\/strong><\/li>\n<li>Avec des acides gras Om\u00e9ga-6 et Om\u00e9ga-3 pour une peau saine et un <strong>pelage luxuriant<\/strong>.<\/li>\n<li>Des <strong>antioxydants<\/strong> cliniquement prouv\u00e9s pour soutenir le syst\u00e8me immunitaire gr\u00e2ce \u00e0 un m\u00e9lange exclusif de vitamines C et E.<\/li>\n<\/ul>\n","protected":false},"excerpt":{"rendered":"<p><strong>Croquettes au saumon qui favorisent une digestion saine en nourrissant uniquement les bonnes bact\u00e9ries qui vivent dans l&#8217;intestin de votre chat, tout en favorisant la sant\u00e9 de son syst\u00e8me urinaire.<\/strong><\/p>\n<p><strong>Utilisation :<\/strong><\/p>\n<ul>\n<li>Chat adulte \u00e0 partir de un an<\/li>\n<\/ul>\n<p>&nbsp;<\/p>\n","protected":false},"featured_media":983086,"template":"","meta":[],"product_cat":[12551,12583,2697,12635],"product_tag":[],"class_list":{"0":"post-218023","1":"product","2":"type-product","3":"status-publish","4":"has-post-thumbnail","6":"product_cat-alimentation-du-chat","7":"product_cat-alimentation-premium-pour-chat","8":"product_cat-chat","9":"product_cat-systeme-digestif-du-chat","10":"pa_marque-hills-pet-nutrition","12":"first","13":"instock","14":"taxable","15":"shipping-taxable","16":"purchasable","17":"product-type-variable"},"yoast_head":"<!-- This site is optimized with the Yoast SEO plugin v27.3 - https:\/\/yoast.com\/product\/yoast-seo-wordpress\/ -->\n<title>Vetessentials (Hill&#039;s) Multi-Benefit + Digestion Adult Saumon - chat Hill&#039;s - V\u00e9torino<\/title>\n<meta name=\"description\" content=\"Croquettes au saumon qui favorisent une digestion saine en nourrissant uniquement les bonnes bact\u00e9ries qui vivent dans l&#039;intestin de votre chat, tout en favorisant la sant\u00e9 de son syst\u00e8me urinaire.  Utilisation :   Chat adulte \u00e0 partir de un an  &nbsp;\" \/>\n<meta name=\"robots\" content=\"noindex, nofollow\" \/>\n<meta property=\"og:locale\" content=\"fr_FR\" \/>\n<meta property=\"og:type\" content=\"article\" \/>\n<meta property=\"og:title\" content=\"Vetessentials (Hill&#039;s) Multi-Benefit + Digestion Adult Saumon - chat Hill&#039;s - V\u00e9torino\" \/>\n<meta property=\"og:description\" content=\"Croquettes au saumon qui favorisent une digestion saine en nourrissant uniquement les bonnes bact\u00e9ries qui vivent dans l&#039;intestin de votre chat, tout en favorisant la sant\u00e9 de son syst\u00e8me urinaire.  Utilisation :   Chat adulte \u00e0 partir de un an  &nbsp;\" \/>\n<meta property=\"og:url\" content=\"https:\/\/www.vetorino.com\/veterinaire\/beugnies-59216\/boutique\/product\/vetessentials-chat-healthy-digestive-biome-saumon\/\" \/>\n<meta property=\"og:site_name\" content=\"V\u00e9torino\" \/>\n<meta property=\"article:publisher\" content=\"https:\/\/www.facebook.com\/Vetorino\/\" \/>\n<meta property=\"article:modified_time\" content=\"2025-11-06T14:47:12+00:00\" \/>\n<meta property=\"og:image\" content=\"https:\/\/www.vetorino.com\/boutique\/wp-content\/uploads\/2021\/08\/chat-multi-benefit-digestion-adult-saumon-2-1.jpg\" \/>\n\t<meta property=\"og:image:width\" content=\"540\" \/>\n\t<meta property=\"og:image:height\" content=\"540\" \/>\n\t<meta property=\"og:image:type\" content=\"image\/jpeg\" \/>\n<meta name=\"twitter:card\" content=\"summary_large_image\" \/>\n<meta name=\"twitter:label1\" content=\"Disponibilit\u00e9\" \/>\n\t<meta name=\"twitter:data1\" content=\"En stock\" \/>\n<script type=\"application\/ld+json\" class=\"yoast-schema-graph\">{\"@context\":\"https:\\\/\\\/schema.org\",\"@graph\":[{\"@type\":\"WebPage\",\"@id\":\"https:\\\/\\\/www.vetorino.com\\\/veterinaire\\\/briancon-05100\\\/boutique\\\/product\\\/vetessentials-chat-healthy-digestive-biome-saumon\\\/\",\"url\":\"https:\\\/\\\/www.vetorino.com\\\/veterinaire\\\/briancon-05100\\\/boutique\\\/product\\\/vetessentials-chat-healthy-digestive-biome-saumon\\\/\",\"name\":\"Vetessentials (Hill's) Multi-Benefit + Digestion Adult Saumon - chat Hill's - V\u00e9torino\",\"isPartOf\":{\"@id\":\"https:\\\/\\\/www.vetorino.com\\\/boutique\\\/#website\"},\"primaryImageOfPage\":{\"@id\":\"https:\\\/\\\/www.vetorino.com\\\/veterinaire\\\/briancon-05100\\\/boutique\\\/product\\\/vetessentials-chat-healthy-digestive-biome-saumon\\\/#primaryimage\"},\"image\":{\"@id\":\"https:\\\/\\\/www.vetorino.com\\\/veterinaire\\\/briancon-05100\\\/boutique\\\/product\\\/vetessentials-chat-healthy-digestive-biome-saumon\\\/#primaryimage\"},\"thumbnailUrl\":\"https:\\\/\\\/www.vetorino.com\\\/boutique\\\/wp-content\\\/uploads\\\/2021\\\/08\\\/chat-multi-benefit-digestion-adult-saumon-2-1.jpg\",\"datePublished\":\"2021-08-25T08:15:29+00:00\",\"dateModified\":\"2025-11-06T14:47:12+00:00\",\"description\":\"Croquettes au saumon qui favorisent une digestion saine en nourrissant uniquement les bonnes bact\u00e9ries qui vivent dans l'intestin de votre chat, tout en favorisant la sant\u00e9 de son syst\u00e8me urinaire. Utilisation : Chat adulte \u00e0 partir de un an &nbsp;\",\"breadcrumb\":{\"@id\":\"https:\\\/\\\/www.vetorino.com\\\/veterinaire\\\/briancon-05100\\\/boutique\\\/product\\\/vetessentials-chat-healthy-digestive-biome-saumon\\\/#breadcrumb\"},\"inLanguage\":\"fr-FR\",\"potentialAction\":[{\"@type\":\"ReadAction\",\"target\":[\"https:\\\/\\\/www.vetorino.com\\\/veterinaire\\\/briancon-05100\\\/boutique\\\/product\\\/vetessentials-chat-healthy-digestive-biome-saumon\\\/\"]}]},{\"@type\":\"ImageObject\",\"inLanguage\":\"fr-FR\",\"@id\":\"https:\\\/\\\/www.vetorino.com\\\/veterinaire\\\/briancon-05100\\\/boutique\\\/product\\\/vetessentials-chat-healthy-digestive-biome-saumon\\\/#primaryimage\",\"url\":\"https:\\\/\\\/www.vetorino.com\\\/boutique\\\/wp-content\\\/uploads\\\/2021\\\/08\\\/chat-multi-benefit-digestion-adult-saumon-2-1.jpg\",\"contentUrl\":\"https:\\\/\\\/www.vetorino.com\\\/boutique\\\/wp-content\\\/uploads\\\/2021\\\/08\\\/chat-multi-benefit-digestion-adult-saumon-2-1.jpg\",\"width\":540,\"height\":540},{\"@type\":\"BreadcrumbList\",\"@id\":\"https:\\\/\\\/www.vetorino.com\\\/veterinaire\\\/briancon-05100\\\/boutique\\\/product\\\/vetessentials-chat-healthy-digestive-biome-saumon\\\/#breadcrumb\",\"itemListElement\":[{\"@type\":\"ListItem\",\"position\":1,\"name\":\"Accueil\",\"item\":\"https:\\\/\\\/www.vetorino.com\\\/boutique\\\/\"},{\"@type\":\"ListItem\",\"position\":2,\"name\":\"Produits\",\"item\":\"https:\\\/\\\/www.vetorino.com\\\/boutique\\\/\"},{\"@type\":\"ListItem\",\"position\":3,\"name\":\"Multi-Benefit + Digestion Adult Saumon &#8211; chat\"}]},{\"@type\":\"WebSite\",\"@id\":\"https:\\\/\\\/www.vetorino.com\\\/boutique\\\/#website\",\"url\":\"https:\\\/\\\/www.vetorino.com\\\/boutique\\\/\",\"name\":\"V\u00e9torino\",\"description\":\"\",\"publisher\":{\"@id\":\"https:\\\/\\\/www.vetorino.com\\\/boutique\\\/#organization\"},\"potentialAction\":[{\"@type\":\"SearchAction\",\"target\":{\"@type\":\"EntryPoint\",\"urlTemplate\":\"https:\\\/\\\/www.vetorino.com\\\/boutique\\\/?s={search_term_string}\"},\"query-input\":{\"@type\":\"PropertyValueSpecification\",\"valueRequired\":true,\"valueName\":\"search_term_string\"}}],\"inLanguage\":\"fr-FR\"},{\"@type\":\"Organization\",\"@id\":\"https:\\\/\\\/www.vetorino.com\\\/boutique\\\/#organization\",\"name\":\"V\u00e9torino\",\"url\":\"https:\\\/\\\/www.vetorino.com\\\/boutique\\\/\",\"logo\":{\"@type\":\"ImageObject\",\"inLanguage\":\"fr-FR\",\"@id\":\"https:\\\/\\\/www.vetorino.com\\\/boutique\\\/#\\\/schema\\\/logo\\\/image\\\/\",\"url\":\"https:\\\/\\\/www.vetorino.com\\\/boutique\\\/wp-content\\\/uploads\\\/2024\\\/10\\\/logo.jpg\",\"contentUrl\":\"https:\\\/\\\/www.vetorino.com\\\/boutique\\\/wp-content\\\/uploads\\\/2024\\\/10\\\/logo.jpg\",\"width\":1200,\"height\":610,\"caption\":\"V\u00e9torino\"},\"image\":{\"@id\":\"https:\\\/\\\/www.vetorino.com\\\/boutique\\\/#\\\/schema\\\/logo\\\/image\\\/\"},\"sameAs\":[\"https:\\\/\\\/www.facebook.com\\\/Vetorino\\\/\",\"https:\\\/\\\/www.instagram.com\\\/vetorino_off\\\/\",\"https:\\\/\\\/www.linkedin.com\\\/company\\\/vtorino\\\/\"]}]}<\/script>\n<meta property=\"product:brand\" content=\"Hill&#039;s\" \/>\n<meta property=\"og:availability\" content=\"instock\" \/>\n<meta property=\"product:availability\" content=\"instock\" \/>\n<meta property=\"product:condition\" content=\"new\" \/>\n<!-- \/ Yoast SEO plugin. -->","yoast_head_json":{"title":"Vetessentials (Hill's) Multi-Benefit + Digestion Adult Saumon - chat Hill's - V\u00e9torino","description":"Croquettes au saumon qui favorisent une digestion saine en nourrissant uniquement les bonnes bact\u00e9ries qui vivent dans l'intestin de votre chat, tout en favorisant la sant\u00e9 de son syst\u00e8me urinaire.  Utilisation :   Chat adulte \u00e0 partir de un an  &nbsp;","robots":{"index":"noindex","follow":"nofollow"},"og_locale":"fr_FR","og_type":"article","og_title":"Vetessentials (Hill's) Multi-Benefit + Digestion Adult Saumon - chat Hill's - V\u00e9torino","og_description":"Croquettes au saumon qui favorisent une digestion saine en nourrissant uniquement les bonnes bact\u00e9ries qui vivent dans l'intestin de votre chat, tout en favorisant la sant\u00e9 de son syst\u00e8me urinaire.  Utilisation :   Chat adulte \u00e0 partir de un an  &nbsp;","og_url":"https:\/\/www.vetorino.com\/veterinaire\/beugnies-59216\/boutique\/product\/vetessentials-chat-healthy-digestive-biome-saumon\/","og_site_name":"V\u00e9torino","article_publisher":"https:\/\/www.facebook.com\/Vetorino\/","article_modified_time":"2025-11-06T14:47:12+00:00","og_image":[{"width":540,"height":540,"url":"https:\/\/www.vetorino.com\/boutique\/wp-content\/uploads\/2021\/08\/chat-multi-benefit-digestion-adult-saumon-2-1.jpg","type":"image\/jpeg"}],"twitter_card":"summary_large_image","twitter_misc":{"Disponibilit\u00e9":"En stock"},"schema":{"@context":"https:\/\/schema.org","@graph":[{"@type":"WebPage","@id":"https:\/\/www.vetorino.com\/veterinaire\/briancon-05100\/boutique\/product\/vetessentials-chat-healthy-digestive-biome-saumon\/","url":"https:\/\/www.vetorino.com\/veterinaire\/briancon-05100\/boutique\/product\/vetessentials-chat-healthy-digestive-biome-saumon\/","name":"Vetessentials (Hill's) Multi-Benefit + Digestion Adult Saumon - chat Hill's - V\u00e9torino","isPartOf":{"@id":"https:\/\/www.vetorino.com\/boutique\/#website"},"primaryImageOfPage":{"@id":"https:\/\/www.vetorino.com\/veterinaire\/briancon-05100\/boutique\/product\/vetessentials-chat-healthy-digestive-biome-saumon\/#primaryimage"},"image":{"@id":"https:\/\/www.vetorino.com\/veterinaire\/briancon-05100\/boutique\/product\/vetessentials-chat-healthy-digestive-biome-saumon\/#primaryimage"},"thumbnailUrl":"https:\/\/www.vetorino.com\/boutique\/wp-content\/uploads\/2021\/08\/chat-multi-benefit-digestion-adult-saumon-2-1.jpg","datePublished":"2021-08-25T08:15:29+00:00","dateModified":"2025-11-06T14:47:12+00:00","description":"Croquettes au saumon qui favorisent une digestion saine en nourrissant uniquement les bonnes bact\u00e9ries qui vivent dans l'intestin de votre chat, tout en favorisant la sant\u00e9 de son syst\u00e8me urinaire. Utilisation : Chat adulte \u00e0 partir de un an &nbsp;","breadcrumb":{"@id":"https:\/\/www.vetorino.com\/veterinaire\/briancon-05100\/boutique\/product\/vetessentials-chat-healthy-digestive-biome-saumon\/#breadcrumb"},"inLanguage":"fr-FR","potentialAction":[{"@type":"ReadAction","target":["https:\/\/www.vetorino.com\/veterinaire\/briancon-05100\/boutique\/product\/vetessentials-chat-healthy-digestive-biome-saumon\/"]}]},{"@type":"ImageObject","inLanguage":"fr-FR","@id":"https:\/\/www.vetorino.com\/veterinaire\/briancon-05100\/boutique\/product\/vetessentials-chat-healthy-digestive-biome-saumon\/#primaryimage","url":"https:\/\/www.vetorino.com\/boutique\/wp-content\/uploads\/2021\/08\/chat-multi-benefit-digestion-adult-saumon-2-1.jpg","contentUrl":"https:\/\/www.vetorino.com\/boutique\/wp-content\/uploads\/2021\/08\/chat-multi-benefit-digestion-adult-saumon-2-1.jpg","width":540,"height":540},{"@type":"BreadcrumbList","@id":"https:\/\/www.vetorino.com\/veterinaire\/briancon-05100\/boutique\/product\/vetessentials-chat-healthy-digestive-biome-saumon\/#breadcrumb","itemListElement":[{"@type":"ListItem","position":1,"name":"Accueil","item":"https:\/\/www.vetorino.com\/boutique\/"},{"@type":"ListItem","position":2,"name":"Produits","item":"https:\/\/www.vetorino.com\/boutique\/"},{"@type":"ListItem","position":3,"name":"Multi-Benefit + Digestion Adult Saumon &#8211; chat"}]},{"@type":"WebSite","@id":"https:\/\/www.vetorino.com\/boutique\/#website","url":"https:\/\/www.vetorino.com\/boutique\/","name":"V\u00e9torino","description":"","publisher":{"@id":"https:\/\/www.vetorino.com\/boutique\/#organization"},"potentialAction":[{"@type":"SearchAction","target":{"@type":"EntryPoint","urlTemplate":"https:\/\/www.vetorino.com\/boutique\/?s={search_term_string}"},"query-input":{"@type":"PropertyValueSpecification","valueRequired":true,"valueName":"search_term_string"}}],"inLanguage":"fr-FR"},{"@type":"Organization","@id":"https:\/\/www.vetorino.com\/boutique\/#organization","name":"V\u00e9torino","url":"https:\/\/www.vetorino.com\/boutique\/","logo":{"@type":"ImageObject","inLanguage":"fr-FR","@id":"https:\/\/www.vetorino.com\/boutique\/#\/schema\/logo\/image\/","url":"https:\/\/www.vetorino.com\/boutique\/wp-content\/uploads\/2024\/10\/logo.jpg","contentUrl":"https:\/\/www.vetorino.com\/boutique\/wp-content\/uploads\/2024\/10\/logo.jpg","width":1200,"height":610,"caption":"V\u00e9torino"},"image":{"@id":"https:\/\/www.vetorino.com\/boutique\/#\/schema\/logo\/image\/"},"sameAs":["https:\/\/www.facebook.com\/Vetorino\/","https:\/\/www.instagram.com\/vetorino_off\/","https:\/\/www.linkedin.com\/company\/vtorino\/"]}]},"product_brand":"Hill's","og_availability":"instock","product_availability":"instock","product_condition":"new"},"_links":{"self":[{"href":"https:\/\/www.vetorino.com\/veterinaire\/beugnies-59216\/boutique\/wp-json\/wp\/v2\/product\/218023","targetHints":{"allow":["GET"]}}],"collection":[{"href":"https:\/\/www.vetorino.com\/veterinaire\/beugnies-59216\/boutique\/wp-json\/wp\/v2\/product"}],"about":[{"href":"https:\/\/www.vetorino.com\/veterinaire\/beugnies-59216\/boutique\/wp-json\/wp\/v2\/types\/product"}],"wp:featuredmedia":[{"embeddable":true,"href":"https:\/\/www.vetorino.com\/veterinaire\/beugnies-59216\/boutique\/wp-json\/wp\/v2\/media\/983086"}],"wp:attachment":[{"href":"https:\/\/www.vetorino.com\/veterinaire\/beugnies-59216\/boutique\/wp-json\/wp\/v2\/media?parent=218023"}],"wp:term":[{"taxonomy":"product_cat","embeddable":true,"href":"https:\/\/www.vetorino.com\/veterinaire\/beugnies-59216\/boutique\/wp-json\/wp\/v2\/product_cat?post=218023"},{"taxonomy":"product_tag","embeddable":true,"href":"https:\/\/www.vetorino.com\/veterinaire\/beugnies-59216\/boutique\/wp-json\/wp\/v2\/product_tag?post=218023"}],"curies":[{"name":"wp","href":"https:\/\/api.w.org\/{rel}","templated":true}]}}