{"id":314367,"date":"2022-04-14T19:16:38","date_gmt":"2022-04-14T17:16:38","guid":{"rendered":"https:\/\/www.vetorino.com\/boutique\/product\/canine-c-d-mijotes-au-poulet\/"},"modified":"2025-11-18T11:16:03","modified_gmt":"2025-11-18T10:16:03","slug":"canine-c-d-mijotes-au-poulet","status":"publish","type":"product","link":"https:\/\/www.vetorino.com\/veterinaire\/beugnies-59216\/boutique\/product\/canine-c-d-mijotes-au-poulet\/","title":{"rendered":"Chien c\/d Urinary Care Mijot\u00e9s Poulet &amp; L\u00e9gumes"},"content":{"rendered":"<p><strong>Les mijot\u00e9s Hill&#8217;s c\/d\u00a0est\u00a0une alimentation humide formul\u00e9e pour r\u00e9duire le risque de calculs urinaires chez le chien.<\/strong><\/p>\n<p>Prescription Diet\u2122 c\/d\u2122 Multicare Canine Mijot\u00e9 est un aliment di\u00e9t\u00e9tique complet destin\u00e9 \u00e0 la r\u00e9duction de la r\u00e9cidive des calculs de struvite et \u00e0 la dissolution des calculs de struvite chez le chien adulte. Cet aliment di\u00e9t\u00e9tique pr\u00e9sente des propri\u00e9t\u00e9s acidifiantes pour l\u2019urine, une faible teneur en magn\u00e9sium et une teneur limit\u00e9e en prot\u00e9ines, mais de haute qualit\u00e9.<\/p>\n<p><strong>Utilisation :<\/strong><\/p>\n<ul>\n<li>Chien\u00a0sujet aux cristaux et calculs de struvite, d&#8217;oxalate de calcium et de phosphate de calcium<\/li>\n<\/ul>\n<p><strong>Bienfaits essentiels :<\/strong><\/p>\n<ul>\n<li>Aide \u00e0\u00a0<strong>limiter<\/strong>\u00a0les \u00e9l\u00e9ments constitutifs de la formation de\u00a0<strong>calculs de struvite et d&#8217;oxalate de calcium<\/strong><\/li>\n<li>Aide \u00e0\u00a0<strong>r\u00e9duire l&#8217;excr\u00e9tion de calcium dans l&#8217;urine<\/strong><\/li>\n<li>Aide \u00e0\u00a0<strong>rompre le cycle<\/strong>\u00a0de l&#8217;inflammation associ\u00e9 aux\u00a0<strong>ITU<\/strong>\u00a0et aux\u00a0<strong>cristaux<\/strong><\/li>\n<li>Aide \u00e0\u00a0<strong>r\u00e9duire le risque<\/strong>\u00a0de calculs et de cristaux d&#8217;oxalate de calcium<\/li>\n<li>La\u00a0<strong>vitamine E<\/strong>\u00a0et le\u00a0<strong>b\u00eata-carot\u00e8ne<\/strong>\u00a0aident \u00e0 prot\u00e9ger les cellules de l&#8217;oxydation par les radicaux libres<\/li>\n<\/ul>\n<p><strong>Contre-indications :<\/strong><\/p>\n<ul>\n<li>Chiots, femelles en gestation ou lactation<\/li>\n<\/ul>\n<p><strong>Cet aliment est\u00a0destin\u00e9 \u00e0 la prise en charge d&#8217;une maladie, il est conseill\u00e9 de consulter votre v\u00e9t\u00e9rinaire avant\u00a0de le donner \u00e0 votre animal.<\/strong><\/p>\n","protected":false},"excerpt":{"rendered":"<p><strong>Mijot\u00e9s au poulet et l\u00e9gumes ajout\u00e9s pour chiens ayant des troubles urinaires.<\/strong><\/p>\n<p><strong>Utilisation :<\/strong><\/p>\n<ul>\n<li>Chien\u00a0sujet aux cristaux et calculs de struvite, d&#8217;oxalate de calcium et de phosphate de calcium<\/li>\n<\/ul>\n<p><strong>Cet aliment est\u00a0destin\u00e9 \u00e0 la prise en charge d&#8217;une maladie, il est conseill\u00e9 de consulter votre v\u00e9t\u00e9rinaire avant\u00a0de le donner \u00e0 votre animal.<\/strong><\/p>\n","protected":false},"featured_media":490354,"template":"","meta":[],"product_cat":[12552,12582,2698,12646],"product_tag":[],"class_list":{"0":"post-314367","1":"product","2":"type-product","3":"status-publish","4":"has-post-thumbnail","6":"product_cat-alimentation-du-chien","7":"product_cat-alimentation-medicalisee-pour-chien","8":"product_cat-chien","9":"product_cat-systeme-urinaire-du-chien","10":"pa_marque-hills-pet-nutrition","12":"first","13":"instock","14":"taxable","15":"shipping-taxable","16":"purchasable","17":"product-type-variable"},"yoast_head":"<!-- This site is optimized with the Yoast SEO plugin v27.3 - https:\/\/yoast.com\/product\/yoast-seo-wordpress\/ -->\n<title>Prescription Diet (Hill&#039;s) Chien c\/d Urinary Care Mijot\u00e9s Poulet &amp; L\u00e9gumes Hill&#039;s - V\u00e9torino<\/title>\n<meta name=\"description\" content=\"Mijot\u00e9s au poulet et l\u00e9gumes ajout\u00e9s pour chiens ayant des troubles urinaires.  Utilisation :   Chien\u00a0sujet aux cristaux et calculs de struvite, d&#039;oxalate de calcium et de phosphate de calcium  Cet aliment est\u00a0destin\u00e9 \u00e0 la prise en charge d&#039;une maladie, il est conseill\u00e9 de consulter votre v\u00e9t\u00e9rinaire avant\u00a0de le donner \u00e0 votre animal.\" \/>\n<meta name=\"robots\" content=\"noindex, nofollow\" \/>\n<meta property=\"og:locale\" content=\"fr_FR\" \/>\n<meta property=\"og:type\" content=\"article\" \/>\n<meta property=\"og:title\" content=\"Prescription Diet (Hill&#039;s) Chien c\/d Urinary Care Mijot\u00e9s Poulet &amp; L\u00e9gumes Hill&#039;s - V\u00e9torino\" \/>\n<meta property=\"og:description\" content=\"Mijot\u00e9s au poulet et l\u00e9gumes ajout\u00e9s pour chiens ayant des troubles urinaires.  Utilisation :   Chien\u00a0sujet aux cristaux et calculs de struvite, d&#039;oxalate de calcium et de phosphate de calcium  Cet aliment est\u00a0destin\u00e9 \u00e0 la prise en charge d&#039;une maladie, il est conseill\u00e9 de consulter votre v\u00e9t\u00e9rinaire avant\u00a0de le donner \u00e0 votre animal.\" \/>\n<meta property=\"og:url\" content=\"https:\/\/www.vetorino.com\/veterinaire\/beugnies-59216\/boutique\/product\/canine-c-d-mijotes-au-poulet\/\" \/>\n<meta property=\"og:site_name\" content=\"V\u00e9torino\" \/>\n<meta property=\"article:publisher\" content=\"https:\/\/www.facebook.com\/Vetorino\/\" \/>\n<meta property=\"article:modified_time\" content=\"2025-11-18T10:16:03+00:00\" \/>\n<meta property=\"og:image\" content=\"https:\/\/www.vetorino.com\/boutique\/wp-content\/uploads\/2022\/04\/canine-c-d-multicare-mijotes-poulet-legumes-boite-1-1.jpg\" \/>\n\t<meta property=\"og:image:width\" content=\"555\" \/>\n\t<meta property=\"og:image:height\" content=\"555\" \/>\n\t<meta property=\"og:image:type\" content=\"image\/jpeg\" \/>\n<meta name=\"twitter:card\" content=\"summary_large_image\" \/>\n<meta name=\"twitter:label1\" content=\"Disponibilit\u00e9\" \/>\n\t<meta name=\"twitter:data1\" content=\"En stock\" \/>\n<script type=\"application\/ld+json\" class=\"yoast-schema-graph\">{\"@context\":\"https:\\\/\\\/schema.org\",\"@graph\":[{\"@type\":\"WebPage\",\"@id\":\"https:\\\/\\\/www.vetorino.com\\\/veterinaire\\\/briancon-05100\\\/boutique\\\/product\\\/canine-c-d-mijotes-au-poulet\\\/\",\"url\":\"https:\\\/\\\/www.vetorino.com\\\/veterinaire\\\/briancon-05100\\\/boutique\\\/product\\\/canine-c-d-mijotes-au-poulet\\\/\",\"name\":\"Prescription Diet (Hill's) Chien c\\\/d Urinary Care Mijot\u00e9s Poulet &amp; L\u00e9gumes Hill's - V\u00e9torino\",\"isPartOf\":{\"@id\":\"https:\\\/\\\/www.vetorino.com\\\/boutique\\\/#website\"},\"primaryImageOfPage\":{\"@id\":\"https:\\\/\\\/www.vetorino.com\\\/veterinaire\\\/briancon-05100\\\/boutique\\\/product\\\/canine-c-d-mijotes-au-poulet\\\/#primaryimage\"},\"image\":{\"@id\":\"https:\\\/\\\/www.vetorino.com\\\/veterinaire\\\/briancon-05100\\\/boutique\\\/product\\\/canine-c-d-mijotes-au-poulet\\\/#primaryimage\"},\"thumbnailUrl\":\"https:\\\/\\\/www.vetorino.com\\\/boutique\\\/wp-content\\\/uploads\\\/2022\\\/04\\\/canine-c-d-multicare-mijotes-poulet-legumes-boite-1-1.jpg\",\"datePublished\":\"2022-04-14T17:16:38+00:00\",\"dateModified\":\"2025-11-18T10:16:03+00:00\",\"description\":\"Mijot\u00e9s au poulet et l\u00e9gumes ajout\u00e9s pour chiens ayant des troubles urinaires. Utilisation : Chien\u00a0sujet aux cristaux et calculs de struvite, d'oxalate de calcium et de phosphate de calcium Cet aliment est\u00a0destin\u00e9 \u00e0 la prise en charge d'une maladie, il est conseill\u00e9 de consulter votre v\u00e9t\u00e9rinaire avant\u00a0de le donner \u00e0 votre animal.\",\"breadcrumb\":{\"@id\":\"https:\\\/\\\/www.vetorino.com\\\/veterinaire\\\/briancon-05100\\\/boutique\\\/product\\\/canine-c-d-mijotes-au-poulet\\\/#breadcrumb\"},\"inLanguage\":\"fr-FR\",\"potentialAction\":[{\"@type\":\"ReadAction\",\"target\":[\"https:\\\/\\\/www.vetorino.com\\\/veterinaire\\\/briancon-05100\\\/boutique\\\/product\\\/canine-c-d-mijotes-au-poulet\\\/\"]}]},{\"@type\":\"ImageObject\",\"inLanguage\":\"fr-FR\",\"@id\":\"https:\\\/\\\/www.vetorino.com\\\/veterinaire\\\/briancon-05100\\\/boutique\\\/product\\\/canine-c-d-mijotes-au-poulet\\\/#primaryimage\",\"url\":\"https:\\\/\\\/www.vetorino.com\\\/boutique\\\/wp-content\\\/uploads\\\/2022\\\/04\\\/canine-c-d-multicare-mijotes-poulet-legumes-boite-1-1.jpg\",\"contentUrl\":\"https:\\\/\\\/www.vetorino.com\\\/boutique\\\/wp-content\\\/uploads\\\/2022\\\/04\\\/canine-c-d-multicare-mijotes-poulet-legumes-boite-1-1.jpg\",\"width\":555,\"height\":555},{\"@type\":\"BreadcrumbList\",\"@id\":\"https:\\\/\\\/www.vetorino.com\\\/veterinaire\\\/briancon-05100\\\/boutique\\\/product\\\/canine-c-d-mijotes-au-poulet\\\/#breadcrumb\",\"itemListElement\":[{\"@type\":\"ListItem\",\"position\":1,\"name\":\"Accueil\",\"item\":\"https:\\\/\\\/www.vetorino.com\\\/boutique\\\/\"},{\"@type\":\"ListItem\",\"position\":2,\"name\":\"Produits\",\"item\":\"https:\\\/\\\/www.vetorino.com\\\/boutique\\\/\"},{\"@type\":\"ListItem\",\"position\":3,\"name\":\"Chien c\\\/d Urinary Care Mijot\u00e9s Poulet &amp; L\u00e9gumes\"}]},{\"@type\":\"WebSite\",\"@id\":\"https:\\\/\\\/www.vetorino.com\\\/boutique\\\/#website\",\"url\":\"https:\\\/\\\/www.vetorino.com\\\/boutique\\\/\",\"name\":\"V\u00e9torino\",\"description\":\"\",\"publisher\":{\"@id\":\"https:\\\/\\\/www.vetorino.com\\\/boutique\\\/#organization\"},\"potentialAction\":[{\"@type\":\"SearchAction\",\"target\":{\"@type\":\"EntryPoint\",\"urlTemplate\":\"https:\\\/\\\/www.vetorino.com\\\/boutique\\\/?s={search_term_string}\"},\"query-input\":{\"@type\":\"PropertyValueSpecification\",\"valueRequired\":true,\"valueName\":\"search_term_string\"}}],\"inLanguage\":\"fr-FR\"},{\"@type\":\"Organization\",\"@id\":\"https:\\\/\\\/www.vetorino.com\\\/boutique\\\/#organization\",\"name\":\"V\u00e9torino\",\"url\":\"https:\\\/\\\/www.vetorino.com\\\/boutique\\\/\",\"logo\":{\"@type\":\"ImageObject\",\"inLanguage\":\"fr-FR\",\"@id\":\"https:\\\/\\\/www.vetorino.com\\\/boutique\\\/#\\\/schema\\\/logo\\\/image\\\/\",\"url\":\"https:\\\/\\\/www.vetorino.com\\\/boutique\\\/wp-content\\\/uploads\\\/2024\\\/10\\\/logo.jpg\",\"contentUrl\":\"https:\\\/\\\/www.vetorino.com\\\/boutique\\\/wp-content\\\/uploads\\\/2024\\\/10\\\/logo.jpg\",\"width\":1200,\"height\":610,\"caption\":\"V\u00e9torino\"},\"image\":{\"@id\":\"https:\\\/\\\/www.vetorino.com\\\/boutique\\\/#\\\/schema\\\/logo\\\/image\\\/\"},\"sameAs\":[\"https:\\\/\\\/www.facebook.com\\\/Vetorino\\\/\",\"https:\\\/\\\/www.instagram.com\\\/vetorino_off\\\/\",\"https:\\\/\\\/www.linkedin.com\\\/company\\\/vtorino\\\/\"]}]}<\/script>\n<meta property=\"product:brand\" content=\"Hill&#039;s\" \/>\n<meta property=\"og:availability\" content=\"instock\" \/>\n<meta property=\"product:availability\" content=\"instock\" \/>\n<meta property=\"product:condition\" content=\"new\" \/>\n<!-- \/ Yoast SEO plugin. -->","yoast_head_json":{"title":"Prescription Diet (Hill's) Chien c\/d Urinary Care Mijot\u00e9s Poulet &amp; L\u00e9gumes Hill's - V\u00e9torino","description":"Mijot\u00e9s au poulet et l\u00e9gumes ajout\u00e9s pour chiens ayant des troubles urinaires.  Utilisation :   Chien\u00a0sujet aux cristaux et calculs de struvite, d'oxalate de calcium et de phosphate de calcium  Cet aliment est\u00a0destin\u00e9 \u00e0 la prise en charge d'une maladie, il est conseill\u00e9 de consulter votre v\u00e9t\u00e9rinaire avant\u00a0de le donner \u00e0 votre animal.","robots":{"index":"noindex","follow":"nofollow"},"og_locale":"fr_FR","og_type":"article","og_title":"Prescription Diet (Hill's) Chien c\/d Urinary Care Mijot\u00e9s Poulet &amp; L\u00e9gumes Hill's - V\u00e9torino","og_description":"Mijot\u00e9s au poulet et l\u00e9gumes ajout\u00e9s pour chiens ayant des troubles urinaires.  Utilisation :   Chien\u00a0sujet aux cristaux et calculs de struvite, d'oxalate de calcium et de phosphate de calcium  Cet aliment est\u00a0destin\u00e9 \u00e0 la prise en charge d'une maladie, il est conseill\u00e9 de consulter votre v\u00e9t\u00e9rinaire avant\u00a0de le donner \u00e0 votre animal.","og_url":"https:\/\/www.vetorino.com\/veterinaire\/beugnies-59216\/boutique\/product\/canine-c-d-mijotes-au-poulet\/","og_site_name":"V\u00e9torino","article_publisher":"https:\/\/www.facebook.com\/Vetorino\/","article_modified_time":"2025-11-18T10:16:03+00:00","og_image":[{"width":555,"height":555,"url":"https:\/\/www.vetorino.com\/boutique\/wp-content\/uploads\/2022\/04\/canine-c-d-multicare-mijotes-poulet-legumes-boite-1-1.jpg","type":"image\/jpeg"}],"twitter_card":"summary_large_image","twitter_misc":{"Disponibilit\u00e9":"En stock"},"schema":{"@context":"https:\/\/schema.org","@graph":[{"@type":"WebPage","@id":"https:\/\/www.vetorino.com\/veterinaire\/briancon-05100\/boutique\/product\/canine-c-d-mijotes-au-poulet\/","url":"https:\/\/www.vetorino.com\/veterinaire\/briancon-05100\/boutique\/product\/canine-c-d-mijotes-au-poulet\/","name":"Prescription Diet (Hill's) Chien c\/d Urinary Care Mijot\u00e9s Poulet &amp; L\u00e9gumes Hill's - V\u00e9torino","isPartOf":{"@id":"https:\/\/www.vetorino.com\/boutique\/#website"},"primaryImageOfPage":{"@id":"https:\/\/www.vetorino.com\/veterinaire\/briancon-05100\/boutique\/product\/canine-c-d-mijotes-au-poulet\/#primaryimage"},"image":{"@id":"https:\/\/www.vetorino.com\/veterinaire\/briancon-05100\/boutique\/product\/canine-c-d-mijotes-au-poulet\/#primaryimage"},"thumbnailUrl":"https:\/\/www.vetorino.com\/boutique\/wp-content\/uploads\/2022\/04\/canine-c-d-multicare-mijotes-poulet-legumes-boite-1-1.jpg","datePublished":"2022-04-14T17:16:38+00:00","dateModified":"2025-11-18T10:16:03+00:00","description":"Mijot\u00e9s au poulet et l\u00e9gumes ajout\u00e9s pour chiens ayant des troubles urinaires. Utilisation : Chien\u00a0sujet aux cristaux et calculs de struvite, d'oxalate de calcium et de phosphate de calcium Cet aliment est\u00a0destin\u00e9 \u00e0 la prise en charge d'une maladie, il est conseill\u00e9 de consulter votre v\u00e9t\u00e9rinaire avant\u00a0de le donner \u00e0 votre animal.","breadcrumb":{"@id":"https:\/\/www.vetorino.com\/veterinaire\/briancon-05100\/boutique\/product\/canine-c-d-mijotes-au-poulet\/#breadcrumb"},"inLanguage":"fr-FR","potentialAction":[{"@type":"ReadAction","target":["https:\/\/www.vetorino.com\/veterinaire\/briancon-05100\/boutique\/product\/canine-c-d-mijotes-au-poulet\/"]}]},{"@type":"ImageObject","inLanguage":"fr-FR","@id":"https:\/\/www.vetorino.com\/veterinaire\/briancon-05100\/boutique\/product\/canine-c-d-mijotes-au-poulet\/#primaryimage","url":"https:\/\/www.vetorino.com\/boutique\/wp-content\/uploads\/2022\/04\/canine-c-d-multicare-mijotes-poulet-legumes-boite-1-1.jpg","contentUrl":"https:\/\/www.vetorino.com\/boutique\/wp-content\/uploads\/2022\/04\/canine-c-d-multicare-mijotes-poulet-legumes-boite-1-1.jpg","width":555,"height":555},{"@type":"BreadcrumbList","@id":"https:\/\/www.vetorino.com\/veterinaire\/briancon-05100\/boutique\/product\/canine-c-d-mijotes-au-poulet\/#breadcrumb","itemListElement":[{"@type":"ListItem","position":1,"name":"Accueil","item":"https:\/\/www.vetorino.com\/boutique\/"},{"@type":"ListItem","position":2,"name":"Produits","item":"https:\/\/www.vetorino.com\/boutique\/"},{"@type":"ListItem","position":3,"name":"Chien c\/d Urinary Care Mijot\u00e9s Poulet &amp; L\u00e9gumes"}]},{"@type":"WebSite","@id":"https:\/\/www.vetorino.com\/boutique\/#website","url":"https:\/\/www.vetorino.com\/boutique\/","name":"V\u00e9torino","description":"","publisher":{"@id":"https:\/\/www.vetorino.com\/boutique\/#organization"},"potentialAction":[{"@type":"SearchAction","target":{"@type":"EntryPoint","urlTemplate":"https:\/\/www.vetorino.com\/boutique\/?s={search_term_string}"},"query-input":{"@type":"PropertyValueSpecification","valueRequired":true,"valueName":"search_term_string"}}],"inLanguage":"fr-FR"},{"@type":"Organization","@id":"https:\/\/www.vetorino.com\/boutique\/#organization","name":"V\u00e9torino","url":"https:\/\/www.vetorino.com\/boutique\/","logo":{"@type":"ImageObject","inLanguage":"fr-FR","@id":"https:\/\/www.vetorino.com\/boutique\/#\/schema\/logo\/image\/","url":"https:\/\/www.vetorino.com\/boutique\/wp-content\/uploads\/2024\/10\/logo.jpg","contentUrl":"https:\/\/www.vetorino.com\/boutique\/wp-content\/uploads\/2024\/10\/logo.jpg","width":1200,"height":610,"caption":"V\u00e9torino"},"image":{"@id":"https:\/\/www.vetorino.com\/boutique\/#\/schema\/logo\/image\/"},"sameAs":["https:\/\/www.facebook.com\/Vetorino\/","https:\/\/www.instagram.com\/vetorino_off\/","https:\/\/www.linkedin.com\/company\/vtorino\/"]}]},"product_brand":"Hill's","og_availability":"instock","product_availability":"instock","product_condition":"new"},"_links":{"self":[{"href":"https:\/\/www.vetorino.com\/veterinaire\/beugnies-59216\/boutique\/wp-json\/wp\/v2\/product\/314367","targetHints":{"allow":["GET"]}}],"collection":[{"href":"https:\/\/www.vetorino.com\/veterinaire\/beugnies-59216\/boutique\/wp-json\/wp\/v2\/product"}],"about":[{"href":"https:\/\/www.vetorino.com\/veterinaire\/beugnies-59216\/boutique\/wp-json\/wp\/v2\/types\/product"}],"wp:featuredmedia":[{"embeddable":true,"href":"https:\/\/www.vetorino.com\/veterinaire\/beugnies-59216\/boutique\/wp-json\/wp\/v2\/media\/490354"}],"wp:attachment":[{"href":"https:\/\/www.vetorino.com\/veterinaire\/beugnies-59216\/boutique\/wp-json\/wp\/v2\/media?parent=314367"}],"wp:term":[{"taxonomy":"product_cat","embeddable":true,"href":"https:\/\/www.vetorino.com\/veterinaire\/beugnies-59216\/boutique\/wp-json\/wp\/v2\/product_cat?post=314367"},{"taxonomy":"product_tag","embeddable":true,"href":"https:\/\/www.vetorino.com\/veterinaire\/beugnies-59216\/boutique\/wp-json\/wp\/v2\/product_tag?post=314367"}],"curies":[{"name":"wp","href":"https:\/\/api.w.org\/{rel}","templated":true}]}}