{"id":326040,"date":"2022-05-24T10:46:32","date_gmt":"2022-05-24T08:46:32","guid":{"rendered":"https:\/\/www.vetorino.com\/boutique\/product\/wamine-confort-cutane\/"},"modified":"2022-05-24T10:51:46","modified_gmt":"2022-05-24T08:51:46","slug":"wamine-confort-cutane","status":"publish","type":"product","link":"https:\/\/www.vetorino.com\/veterinaire\/beugnies-59216\/boutique\/product\/wamine-confort-cutane\/","title":{"rendered":"Wamine  Confort Cutane"},"content":{"rendered":"<div class=\"hidden\">Peau\/pelage<\/div>\n<p>Suppl\u00e9ment nutritionnel \u00e0 base de probiotiques pour chien et chat.<br \/>\n&#8211; Renforce la flore digestive.<br \/>\n&#8211; Contient un complexe vitaminique, prot\u00e9inique et d&#8217;oligo-\u00e9l\u00e9ments pour l&#8217;\u00e9quilibre de la peau (derme et poils).<\/p>\n<p><span data-sheets-value=\"{&quot;1&quot;:2,&quot;2&quot;:&quot;Maltodextrine de ma\u00efs, extrait de bambou Bambusanvulgaris (exsudat) (5,9 %), levure de bi\u00e8re.nAdditif technologique : silice collo\u00efdale (E551b).nAdditifs sensoriels : m\u00e9lange de substances aromatiques.nAdditifs nutritionnels : Taurine (12,7%), cystine (6,35%), s\u00e9l\u00e9nom\u00e9thionine (origine levure de bi\u00e8re) (1,75%), vitamine B9 (1,4%), vitamine E (0,84%), oxyde de zinc (E6) (0,79%), vitamine B3 (0,63%), vitamine B5 (0,41%), sulfate de cuivre (E4) (0,25%), vitamine B6 (0,14%), vitamine B1 (0,14%), vitamine B2 (0,03%), vitamine B8 (0,03%), folate (0,01%).&quot;}\" data-sheets-userformat=\"{&quot;2&quot;:12733,&quot;3&quot;:{&quot;1&quot;:0,&quot;3&quot;:1},&quot;5&quot;:{&quot;1&quot;:[{&quot;1&quot;:2,&quot;2&quot;:0,&quot;5&quot;:{&quot;1&quot;:2,&quot;2&quot;:0}},{&quot;1&quot;:0,&quot;2&quot;:0,&quot;3&quot;:3},{&quot;1&quot;:1,&quot;2&quot;:0,&quot;4&quot;:1}]},&quot;6&quot;:{&quot;1&quot;:[{&quot;1&quot;:2,&quot;2&quot;:0,&quot;5&quot;:{&quot;1&quot;:2,&quot;2&quot;:0}},{&quot;1&quot;:0,&quot;2&quot;:0,&quot;3&quot;:3},{&quot;1&quot;:1,&quot;2&quot;:0,&quot;4&quot;:1}]},&quot;7&quot;:{&quot;1&quot;:[{&quot;1&quot;:2,&quot;2&quot;:0,&quot;5&quot;:{&quot;1&quot;:2,&quot;2&quot;:0}},{&quot;1&quot;:0,&quot;2&quot;:0,&quot;3&quot;:3},{&quot;1&quot;:1,&quot;2&quot;:0,&quot;4&quot;:1}]},&quot;8&quot;:{&quot;1&quot;:[{&quot;1&quot;:2,&quot;2&quot;:0,&quot;5&quot;:{&quot;1&quot;:2,&quot;2&quot;:0}},{&quot;1&quot;:0,&quot;2&quot;:0,&quot;3&quot;:3},{&quot;1&quot;:1,&quot;2&quot;:0,&quot;4&quot;:1}]},&quot;10&quot;:0,&quot;11&quot;:4,&quot;15&quot;:&quot;Calibri&quot;,&quot;16&quot;:11}\" data-sheets-textstyleruns=\"{&quot;1&quot;:0}\uee10{&quot;1&quot;:41,&quot;2&quot;:{&quot;3&quot;:&quot;Calibri&quot;,&quot;4&quot;:11,&quot;6&quot;:1}}\uee10{&quot;1&quot;:57,&quot;2&quot;:{&quot;3&quot;:&quot;Calibri&quot;,&quot;4&quot;:11}}\uee10{&quot;1&quot;:94,&quot;2&quot;:{&quot;3&quot;:&quot;Calibri&quot;,&quot;4&quot;:11,&quot;5&quot;:1}}\uee10{&quot;1&quot;:115,&quot;2&quot;:{&quot;3&quot;:&quot;Calibri&quot;,&quot;4&quot;:11}}\uee10{&quot;1&quot;:145,&quot;2&quot;:{&quot;3&quot;:&quot;Calibri&quot;,&quot;4&quot;:11,&quot;5&quot;:1}}\uee10{&quot;1&quot;:164,&quot;2&quot;:{&quot;3&quot;:&quot;Calibri&quot;,&quot;4&quot;:11}}\uee10{&quot;1&quot;:202,&quot;2&quot;:{&quot;3&quot;:&quot;Calibri&quot;,&quot;4&quot;:11,&quot;5&quot;:1}}\uee10{&quot;1&quot;:224,&quot;2&quot;:{&quot;3&quot;:&quot;Calibri&quot;,&quot;4&quot;:11}}\">Maltodextrine de ma\u00efs, extrait de bambou Bambusa<br \/>\nvulgaris (exsudat) (5,9 %), levure de bi\u00e8re.<br \/>\nAdditif technologique : silice collo\u00efdale (E551b).<br \/>\nAdditifs sensoriels : m\u00e9lange de substances aromatiques.<br \/>\nAdditifs nutritionnels : Taurine (12,7%), cystine (6,35%), s\u00e9l\u00e9nom\u00e9thionine (origine levure de bi\u00e8re) (1,75%), vitamine B9 (1,4%), vitamine E (0,84%), oxyde de zinc (E6) (0,79%), vitamine B3 (0,63%), vitamine B5 (0,41%), sulfate de cuivre (E4) (0,25%), vitamine B6 (0,14%), vitamine B1 (0,14%), vitamine B2 (0,03%), vitamine B8 (0,03%), folate (0,01%).<\/span><\/p>\n<p><span style=\"color: #000000;font-style: normal;font-weight: normal;letter-spacing: normal;text-align: start;text-indent: 0px;text-transform: none;text-decoration: none;font-size: 11pt;font-family: Calibri, Arial\" data-sheets-value=\"{&quot;1&quot;:2,&quot;2&quot;:&quot;Chez les chiens et chats :n\u2022 Poids \u2264 15 kg \u25b6 1\/2 sachet\/jour.n\u2022 Poids &gt; 15 kg \u25b6 1 sachet\/jour.nSelon avis du v\u00e9t\u00e9rinaire.nPoudre app\u00e9tente pouvant \u00eatre ajout\u00e9e \u00e0 la ration alimentaire.nDur\u00e9e de la compl\u00e9mentation : 20 jours - renouvelable.&quot;}\" data-sheets-userformat=\"{&quot;2&quot;:12733,&quot;3&quot;:{&quot;1&quot;:0,&quot;3&quot;:1},&quot;5&quot;:{&quot;1&quot;:[{&quot;1&quot;:2,&quot;2&quot;:0,&quot;5&quot;:{&quot;1&quot;:2,&quot;2&quot;:0}},{&quot;1&quot;:0,&quot;2&quot;:0,&quot;3&quot;:3},{&quot;1&quot;:1,&quot;2&quot;:0,&quot;4&quot;:1}]},&quot;6&quot;:{&quot;1&quot;:[{&quot;1&quot;:2,&quot;2&quot;:0,&quot;5&quot;:{&quot;1&quot;:2,&quot;2&quot;:0}},{&quot;1&quot;:0,&quot;2&quot;:0,&quot;3&quot;:3},{&quot;1&quot;:1,&quot;2&quot;:0,&quot;4&quot;:1}]},&quot;7&quot;:{&quot;1&quot;:[{&quot;1&quot;:2,&quot;2&quot;:0,&quot;5&quot;:{&quot;1&quot;:2,&quot;2&quot;:0}},{&quot;1&quot;:0,&quot;2&quot;:0,&quot;3&quot;:3},{&quot;1&quot;:1,&quot;2&quot;:0,&quot;4&quot;:1}]},&quot;8&quot;:{&quot;1&quot;:[{&quot;1&quot;:2,&quot;2&quot;:0,&quot;5&quot;:{&quot;1&quot;:2,&quot;2&quot;:0}},{&quot;1&quot;:0,&quot;2&quot;:0,&quot;3&quot;:3},{&quot;1&quot;:1,&quot;2&quot;:0,&quot;4&quot;:1}]},&quot;10&quot;:0,&quot;11&quot;:4,&quot;15&quot;:&quot;Calibri&quot;,&quot;16&quot;:11}\">Chez les chiens et chats :<br \/>\n\u2022 Poids \u2264 15 kg \u25b6 1\/2 sachet\/jour.<br \/>\n\u2022 Poids &gt; 15 kg \u25b6 1 sachet\/jour.<br \/>\nSelon avis du v\u00e9t\u00e9rinaire.<br \/>\nPoudre app\u00e9tente pouvant \u00eatre ajout\u00e9e \u00e0 la ration alimentaire.<br \/>\nDur\u00e9e de la compl\u00e9mentation : 20 jours &#8211; renouvelable.<\/span><\/p>\n","protected":false},"excerpt":{"rendered":"<p><span data-sheets-value=\"{&quot;1&quot;:2,&quot;2&quot;:&quot;Aliment compl\u00e9mentaire pour chiens et chats&quot;}\" data-sheets-userformat=\"{&quot;2&quot;:14781,&quot;3&quot;:{&quot;1&quot;:0,&quot;3&quot;:1},&quot;5&quot;:{&quot;1&quot;:[{&quot;1&quot;:2,&quot;2&quot;:0,&quot;5&quot;:{&quot;1&quot;:2,&quot;2&quot;:0}},{&quot;1&quot;:0,&quot;2&quot;:0,&quot;3&quot;:3},{&quot;1&quot;:1,&quot;2&quot;:0,&quot;4&quot;:1}]},&quot;6&quot;:{&quot;1&quot;:[{&quot;1&quot;:2,&quot;2&quot;:0,&quot;5&quot;:{&quot;1&quot;:2,&quot;2&quot;:0}},{&quot;1&quot;:0,&quot;2&quot;:0,&quot;3&quot;:3},{&quot;1&quot;:1,&quot;2&quot;:0,&quot;4&quot;:1}]},&quot;7&quot;:{&quot;1&quot;:[{&quot;1&quot;:2,&quot;2&quot;:0,&quot;5&quot;:{&quot;1&quot;:2,&quot;2&quot;:0}},{&quot;1&quot;:0,&quot;2&quot;:0,&quot;3&quot;:3},{&quot;1&quot;:1,&quot;2&quot;:0,&quot;4&quot;:1}]},&quot;8&quot;:{&quot;1&quot;:[{&quot;1&quot;:2,&quot;2&quot;:0,&quot;5&quot;:{&quot;1&quot;:2,&quot;2&quot;:0}},{&quot;1&quot;:0,&quot;2&quot;:0,&quot;3&quot;:3},{&quot;1&quot;:1,&quot;2&quot;:0,&quot;4&quot;:1}]},&quot;10&quot;:0,&quot;11&quot;:4,&quot;14&quot;:{&quot;1&quot;:3,&quot;3&quot;:1},&quot;15&quot;:&quot;Calibri&quot;,&quot;16&quot;:11}\">Aliment compl\u00e9mentaire pour chiens et chats<\/span><\/p>\n<p><strong>Contribue au maintien d\u2019une peau et d\u2019un pelage normaux<\/strong><\/p>\n","protected":false},"featured_media":326037,"template":"","meta":[],"product_cat":[2697,2698,12611,12612],"product_tag":[],"class_list":{"0":"post-326040","1":"product","2":"type-product","3":"status-publish","4":"has-post-thumbnail","6":"product_cat-chat","7":"product_cat-chien","8":"product_cat-hygiene-de-la-peau-et-du-pelage-du-chat","9":"product_cat-hygiene-de-la-peau-et-du-pelage-du-chien","10":"pa_marque-wamine","12":"first","13":"outofstock","14":"taxable","15":"shipping-taxable","16":"purchasable","17":"product-type-simple"},"yoast_head":"<!-- This site is optimized with the Yoast SEO plugin v27.3 - https:\/\/yoast.com\/product\/yoast-seo-wordpress\/ -->\n<title>Wamine Confort Cutane Wamine - V\u00e9torino<\/title>\n<meta name=\"description\" content=\"Aliment compl\u00e9mentaire pour chiens et chats  Contribue au maintien d\u2019une peau et d\u2019un pelage normaux\" \/>\n<meta name=\"robots\" content=\"noindex, nofollow\" \/>\n<meta property=\"og:locale\" content=\"fr_FR\" \/>\n<meta property=\"og:type\" content=\"article\" \/>\n<meta property=\"og:title\" content=\"Wamine Confort Cutane Wamine - V\u00e9torino\" \/>\n<meta property=\"og:description\" content=\"Aliment compl\u00e9mentaire pour chiens et chats  Contribue au maintien d\u2019une peau et d\u2019un pelage normaux\" \/>\n<meta property=\"og:url\" content=\"https:\/\/www.vetorino.com\/veterinaire\/beugnies-59216\/boutique\/product\/wamine-confort-cutane\/\" \/>\n<meta property=\"og:site_name\" content=\"V\u00e9torino\" \/>\n<meta property=\"article:publisher\" content=\"https:\/\/www.facebook.com\/Vetorino\/\" \/>\n<meta property=\"article:modified_time\" content=\"2022-05-24T08:51:46+00:00\" \/>\n<meta property=\"og:image\" content=\"https:\/\/www.vetorino.com\/boutique\/wp-content\/uploads\/2021\/05\/CONFORT-CUTANE-20S.jpg\" \/>\n\t<meta property=\"og:image:width\" content=\"2488\" \/>\n\t<meta property=\"og:image:height\" content=\"2244\" \/>\n\t<meta property=\"og:image:type\" content=\"image\/jpeg\" \/>\n<meta name=\"twitter:card\" content=\"summary_large_image\" \/>\n<meta name=\"twitter:label1\" content=\"Prix\" \/>\n\t<meta name=\"twitter:data1\" content=\"33,35&euro;\" \/>\n\t<meta name=\"twitter:label2\" content=\"Disponibilit\u00e9\" \/>\n\t<meta name=\"twitter:data2\" content=\"Rupture de stock\" \/>\n<script type=\"application\/ld+json\" class=\"yoast-schema-graph\">{\"@context\":\"https:\\\/\\\/schema.org\",\"@graph\":[{\"@type\":\"WebPage\",\"@id\":\"https:\\\/\\\/www.vetorino.com\\\/boutique\\\/product\\\/wamine-confort-cutane\\\/\",\"url\":\"https:\\\/\\\/www.vetorino.com\\\/boutique\\\/product\\\/wamine-confort-cutane\\\/\",\"name\":\"Wamine Confort Cutane Wamine - V\u00e9torino\",\"isPartOf\":{\"@id\":\"https:\\\/\\\/www.vetorino.com\\\/boutique\\\/#website\"},\"primaryImageOfPage\":{\"@id\":\"https:\\\/\\\/www.vetorino.com\\\/boutique\\\/product\\\/wamine-confort-cutane\\\/#primaryimage\"},\"image\":{\"@id\":\"https:\\\/\\\/www.vetorino.com\\\/boutique\\\/product\\\/wamine-confort-cutane\\\/#primaryimage\"},\"thumbnailUrl\":\"https:\\\/\\\/www.vetorino.com\\\/boutique\\\/wp-content\\\/uploads\\\/2021\\\/05\\\/CONFORT-CUTANE-20S.jpg\",\"datePublished\":\"2022-05-24T08:46:32+00:00\",\"dateModified\":\"2022-05-24T08:51:46+00:00\",\"description\":\"Aliment compl\u00e9mentaire pour chiens et chats Contribue au maintien d\u2019une peau et d\u2019un pelage normaux\",\"breadcrumb\":{\"@id\":\"https:\\\/\\\/www.vetorino.com\\\/boutique\\\/product\\\/wamine-confort-cutane\\\/#breadcrumb\"},\"inLanguage\":\"fr-FR\",\"potentialAction\":[{\"@type\":\"ReadAction\",\"target\":[\"https:\\\/\\\/www.vetorino.com\\\/boutique\\\/product\\\/wamine-confort-cutane\\\/\"]}]},{\"@type\":\"ImageObject\",\"inLanguage\":\"fr-FR\",\"@id\":\"https:\\\/\\\/www.vetorino.com\\\/boutique\\\/product\\\/wamine-confort-cutane\\\/#primaryimage\",\"url\":\"https:\\\/\\\/www.vetorino.com\\\/boutique\\\/wp-content\\\/uploads\\\/2021\\\/05\\\/CONFORT-CUTANE-20S.jpg\",\"contentUrl\":\"https:\\\/\\\/www.vetorino.com\\\/boutique\\\/wp-content\\\/uploads\\\/2021\\\/05\\\/CONFORT-CUTANE-20S.jpg\",\"width\":2488,\"height\":2244},{\"@type\":\"BreadcrumbList\",\"@id\":\"https:\\\/\\\/www.vetorino.com\\\/boutique\\\/product\\\/wamine-confort-cutane\\\/#breadcrumb\",\"itemListElement\":[{\"@type\":\"ListItem\",\"position\":1,\"name\":\"Accueil\",\"item\":\"https:\\\/\\\/www.vetorino.com\\\/boutique\\\/\"},{\"@type\":\"ListItem\",\"position\":2,\"name\":\"Produits\",\"item\":\"https:\\\/\\\/www.vetorino.com\\\/boutique\\\/\"},{\"@type\":\"ListItem\",\"position\":3,\"name\":\"Wamine Confort Cutane\"}]},{\"@type\":\"WebSite\",\"@id\":\"https:\\\/\\\/www.vetorino.com\\\/boutique\\\/#website\",\"url\":\"https:\\\/\\\/www.vetorino.com\\\/boutique\\\/\",\"name\":\"V\u00e9torino\",\"description\":\"\",\"publisher\":{\"@id\":\"https:\\\/\\\/www.vetorino.com\\\/boutique\\\/#organization\"},\"potentialAction\":[{\"@type\":\"SearchAction\",\"target\":{\"@type\":\"EntryPoint\",\"urlTemplate\":\"https:\\\/\\\/www.vetorino.com\\\/boutique\\\/?s={search_term_string}\"},\"query-input\":{\"@type\":\"PropertyValueSpecification\",\"valueRequired\":true,\"valueName\":\"search_term_string\"}}],\"inLanguage\":\"fr-FR\"},{\"@type\":\"Organization\",\"@id\":\"https:\\\/\\\/www.vetorino.com\\\/boutique\\\/#organization\",\"name\":\"V\u00e9torino\",\"url\":\"https:\\\/\\\/www.vetorino.com\\\/boutique\\\/\",\"logo\":{\"@type\":\"ImageObject\",\"inLanguage\":\"fr-FR\",\"@id\":\"https:\\\/\\\/www.vetorino.com\\\/boutique\\\/#\\\/schema\\\/logo\\\/image\\\/\",\"url\":\"https:\\\/\\\/www.vetorino.com\\\/boutique\\\/wp-content\\\/uploads\\\/2024\\\/10\\\/logo.jpg\",\"contentUrl\":\"https:\\\/\\\/www.vetorino.com\\\/boutique\\\/wp-content\\\/uploads\\\/2024\\\/10\\\/logo.jpg\",\"width\":1200,\"height\":610,\"caption\":\"V\u00e9torino\"},\"image\":{\"@id\":\"https:\\\/\\\/www.vetorino.com\\\/boutique\\\/#\\\/schema\\\/logo\\\/image\\\/\"},\"sameAs\":[\"https:\\\/\\\/www.facebook.com\\\/Vetorino\\\/\",\"https:\\\/\\\/www.instagram.com\\\/vetorino_off\\\/\",\"https:\\\/\\\/www.linkedin.com\\\/company\\\/vtorino\\\/\"]}]}<\/script>\n<meta property=\"product:brand\" content=\"Wamine\" \/>\n<meta property=\"product:price:amount\" content=\"33.35\" \/>\n<meta property=\"product:price:currency\" content=\"EUR\" \/>\n<meta property=\"og:availability\" content=\"out of stock\" \/>\n<meta property=\"product:availability\" content=\"out of stock\" \/>\n<meta property=\"product:retailer_item_id\" content=\"A-1852460\" \/>\n<meta property=\"product:condition\" content=\"new\" \/>\n<!-- \/ Yoast SEO plugin. -->","yoast_head_json":{"title":"Wamine Confort Cutane Wamine - V\u00e9torino","description":"Aliment compl\u00e9mentaire pour chiens et chats  Contribue au maintien d\u2019une peau et d\u2019un pelage normaux","robots":{"index":"noindex","follow":"nofollow"},"og_locale":"fr_FR","og_type":"article","og_title":"Wamine Confort Cutane Wamine - V\u00e9torino","og_description":"Aliment compl\u00e9mentaire pour chiens et chats  Contribue au maintien d\u2019une peau et d\u2019un pelage normaux","og_url":"https:\/\/www.vetorino.com\/veterinaire\/beugnies-59216\/boutique\/product\/wamine-confort-cutane\/","og_site_name":"V\u00e9torino","article_publisher":"https:\/\/www.facebook.com\/Vetorino\/","article_modified_time":"2022-05-24T08:51:46+00:00","og_image":[{"width":2488,"height":2244,"url":"https:\/\/www.vetorino.com\/boutique\/wp-content\/uploads\/2021\/05\/CONFORT-CUTANE-20S.jpg","type":"image\/jpeg"}],"twitter_card":"summary_large_image","twitter_misc":{"Prix":"33,35&euro;","Disponibilit\u00e9":"Rupture de stock"},"schema":{"@context":"https:\/\/schema.org","@graph":[{"@type":"WebPage","@id":"https:\/\/www.vetorino.com\/boutique\/product\/wamine-confort-cutane\/","url":"https:\/\/www.vetorino.com\/boutique\/product\/wamine-confort-cutane\/","name":"Wamine Confort Cutane Wamine - V\u00e9torino","isPartOf":{"@id":"https:\/\/www.vetorino.com\/boutique\/#website"},"primaryImageOfPage":{"@id":"https:\/\/www.vetorino.com\/boutique\/product\/wamine-confort-cutane\/#primaryimage"},"image":{"@id":"https:\/\/www.vetorino.com\/boutique\/product\/wamine-confort-cutane\/#primaryimage"},"thumbnailUrl":"https:\/\/www.vetorino.com\/boutique\/wp-content\/uploads\/2021\/05\/CONFORT-CUTANE-20S.jpg","datePublished":"2022-05-24T08:46:32+00:00","dateModified":"2022-05-24T08:51:46+00:00","description":"Aliment compl\u00e9mentaire pour chiens et chats Contribue au maintien d\u2019une peau et d\u2019un pelage normaux","breadcrumb":{"@id":"https:\/\/www.vetorino.com\/boutique\/product\/wamine-confort-cutane\/#breadcrumb"},"inLanguage":"fr-FR","potentialAction":[{"@type":"ReadAction","target":["https:\/\/www.vetorino.com\/boutique\/product\/wamine-confort-cutane\/"]}]},{"@type":"ImageObject","inLanguage":"fr-FR","@id":"https:\/\/www.vetorino.com\/boutique\/product\/wamine-confort-cutane\/#primaryimage","url":"https:\/\/www.vetorino.com\/boutique\/wp-content\/uploads\/2021\/05\/CONFORT-CUTANE-20S.jpg","contentUrl":"https:\/\/www.vetorino.com\/boutique\/wp-content\/uploads\/2021\/05\/CONFORT-CUTANE-20S.jpg","width":2488,"height":2244},{"@type":"BreadcrumbList","@id":"https:\/\/www.vetorino.com\/boutique\/product\/wamine-confort-cutane\/#breadcrumb","itemListElement":[{"@type":"ListItem","position":1,"name":"Accueil","item":"https:\/\/www.vetorino.com\/boutique\/"},{"@type":"ListItem","position":2,"name":"Produits","item":"https:\/\/www.vetorino.com\/boutique\/"},{"@type":"ListItem","position":3,"name":"Wamine Confort Cutane"}]},{"@type":"WebSite","@id":"https:\/\/www.vetorino.com\/boutique\/#website","url":"https:\/\/www.vetorino.com\/boutique\/","name":"V\u00e9torino","description":"","publisher":{"@id":"https:\/\/www.vetorino.com\/boutique\/#organization"},"potentialAction":[{"@type":"SearchAction","target":{"@type":"EntryPoint","urlTemplate":"https:\/\/www.vetorino.com\/boutique\/?s={search_term_string}"},"query-input":{"@type":"PropertyValueSpecification","valueRequired":true,"valueName":"search_term_string"}}],"inLanguage":"fr-FR"},{"@type":"Organization","@id":"https:\/\/www.vetorino.com\/boutique\/#organization","name":"V\u00e9torino","url":"https:\/\/www.vetorino.com\/boutique\/","logo":{"@type":"ImageObject","inLanguage":"fr-FR","@id":"https:\/\/www.vetorino.com\/boutique\/#\/schema\/logo\/image\/","url":"https:\/\/www.vetorino.com\/boutique\/wp-content\/uploads\/2024\/10\/logo.jpg","contentUrl":"https:\/\/www.vetorino.com\/boutique\/wp-content\/uploads\/2024\/10\/logo.jpg","width":1200,"height":610,"caption":"V\u00e9torino"},"image":{"@id":"https:\/\/www.vetorino.com\/boutique\/#\/schema\/logo\/image\/"},"sameAs":["https:\/\/www.facebook.com\/Vetorino\/","https:\/\/www.instagram.com\/vetorino_off\/","https:\/\/www.linkedin.com\/company\/vtorino\/"]}]},"product_brand":"Wamine","product_price_amount":"33.35","product_price_currency":"EUR","og_availability":"out of stock","product_availability":"out of stock","product_retailer_item_id":"A-1852460","product_condition":"new"},"_links":{"self":[{"href":"https:\/\/www.vetorino.com\/veterinaire\/beugnies-59216\/boutique\/wp-json\/wp\/v2\/product\/326040","targetHints":{"allow":["GET"]}}],"collection":[{"href":"https:\/\/www.vetorino.com\/veterinaire\/beugnies-59216\/boutique\/wp-json\/wp\/v2\/product"}],"about":[{"href":"https:\/\/www.vetorino.com\/veterinaire\/beugnies-59216\/boutique\/wp-json\/wp\/v2\/types\/product"}],"wp:featuredmedia":[{"embeddable":true,"href":"https:\/\/www.vetorino.com\/veterinaire\/beugnies-59216\/boutique\/wp-json\/wp\/v2\/media\/326037"}],"wp:attachment":[{"href":"https:\/\/www.vetorino.com\/veterinaire\/beugnies-59216\/boutique\/wp-json\/wp\/v2\/media?parent=326040"}],"wp:term":[{"taxonomy":"product_cat","embeddable":true,"href":"https:\/\/www.vetorino.com\/veterinaire\/beugnies-59216\/boutique\/wp-json\/wp\/v2\/product_cat?post=326040"},{"taxonomy":"product_tag","embeddable":true,"href":"https:\/\/www.vetorino.com\/veterinaire\/beugnies-59216\/boutique\/wp-json\/wp\/v2\/product_tag?post=326040"}],"curies":[{"name":"wp","href":"https:\/\/api.w.org\/{rel}","templated":true}]}}