{"id":33670,"date":"2020-03-04T21:58:04","date_gmt":"2020-03-04T20:58:04","guid":{"rendered":"https:\/\/www.vetorino.com\/boutique\/product\/vetexpert-noprol-xl\/"},"modified":"2026-01-26T14:12:29","modified_gmt":"2026-01-26T13:12:29","slug":"vetexpert-noprol-xl","status":"publish","type":"product","link":"https:\/\/www.vetorino.com\/veterinaire\/beugnies-59216\/boutique\/product\/vetexpert-noprol-xl\/","title":{"rendered":"Noprol XL"},"content":{"rendered":"<div class=\"hidden\">\n<p><strong>Le GATTILER<\/strong> est un rem\u00e8de naturel qui est souvent utilis\u00e9 pour aider \u00e0 <strong>r\u00e9guler les d\u00e9s\u00e9quilibres hormonaux<\/strong> chez les chiens. Il r\u00e9duit la production de prolactine, une hormone impliqu\u00e9e dans la lactation et le comportement. En r\u00e9duisant les taux de prolactine, le GATTILIER peut \u00eatre utile pour g\u00e9rer les grossesses nerveuses et d&#8217;autres d\u00e9s\u00e9quilibres hormonaux chez les chiennes.<\/p>\n<p><strong>Le PERSIL<\/strong> est un diur\u00e9tique naturel qui peut aider \u00e0 <strong>r\u00e9duire les \u0153d\u00e8mes et les gonflements mammaires.<\/strong> Il est \u00e9galement une riche source d&#8217;antioxydants et peut aider \u00e0<strong> soutenir la sant\u00e9 et la fonction immunitaire en g\u00e9n\u00e9ral.<\/strong><\/p>\n<p><strong>Le PISSENLIT<\/strong> est un autre diur\u00e9tique naturel qui peut aider \u00e0 <strong>r\u00e9duire la r\u00e9tention hydrique et le gonflement mammaire.<\/strong> C&#8217;est \u00e9galement une <strong>riche source de vitamines<\/strong> <strong>et de min\u00e9raux<\/strong>, dont la vitamine A, la vitamine C et le potassium.<\/p>\n<p><strong>Le MARRON D\u2019INDE<\/strong> est un produit naturel qui peut aider \u00e0<strong> am\u00e9liorer la circulation sanguine et \u00e0 r\u00e9duire l&#8217;inflammation<\/strong> chez les chiens. Il peut \u00eatre utile pour traiter les signes associ\u00e9s aux grossesses nerveuses, tels que gonflement et g\u00eane.<\/p>\n<p><strong>Utilisation :<\/strong><\/p>\n<p>1 comprim\u00e9 par jour pour 15kg entre la 4\u00e8me\/5\u00e8me semaine et la 9\u00e8me\/11\u00e8me semaine \u00e0 partir de la fin de l&#8217;\u0153strus.<\/p>\n<p>Il faut confirmer que la chienne n&#8217;est pas gestante.<\/p>\n<p>Administr\u00e9 avant ou pendant les repas. Les comprim\u00e9s peuvent \u00eatre \u00e9cras\u00e9s. Si la quantit\u00e9 quotidienne permet l&#8217;administration de plusieurs comprim\u00e9s, elle peut \u00eatre divis\u00e9e en 2-3 portions. Les chiennes devront toujours avoir de l\u2019eau \u00e0 disposition.<\/p>\n<p><strong>Toujours demander conseil \u00e0 un v\u00e9t\u00e9rinaire avant utilisation.<\/strong><\/p>\n<p>&nbsp;<\/p>\n<\/div>\n","protected":false},"excerpt":{"rendered":"<p><strong>Aliment compl\u00e9mentaire destin\u00e9 aux chiennes de grandes races et de races g\u00e9antes en cas de pseudo gestation physiologique. <\/strong><\/p>\n<p>Ses composants emp\u00eachent le gonflement des mamelles, pr\u00e9sentent des propri\u00e9t\u00e9s astringentes et inhibent naturellement la s\u00e9cr\u00e9tion de prolactine.<\/p>\n<p>Id\u00e9al <strong>pour une utilisation chez les chiennes ayant tendance \u00e0 d\u00e9velopper des grossesses nerveuses<\/strong> apr\u00e8s les chaleurs, avant ou apr\u00e8s l&#8217;apparition des signes.<\/p>\n<p>NOPROL contrecarre les inconv\u00e9nients d&#8217;une grossesse nerveuses d&#8217;une <strong>mani\u00e8re s\u00fbre, douce et naturelle, sans effets ind\u00e9sirables.<\/strong><\/p>\n","protected":false},"featured_media":1673703,"template":"","meta":[],"product_cat":[2738,2698],"product_tag":[],"class_list":{"0":"post-33670","1":"product","2":"type-product","3":"status-publish","4":"has-post-thumbnail","6":"product_cat-aliments-complementaires-pour-chien","7":"product_cat-chien","8":"pa_marque-vetexpert","10":"first","11":"instock","12":"taxable","13":"shipping-taxable","14":"purchasable","15":"product-type-variable"},"yoast_head":"<!-- This site is optimized with the Yoast SEO plugin v27.3 - https:\/\/yoast.com\/product\/yoast-seo-wordpress\/ -->\n<title>Noprol XL Vetexpert - V\u00e9torino<\/title>\n<meta name=\"description\" content=\"Aliment compl\u00e9mentaire destin\u00e9 aux chiennes de grandes races et de races g\u00e9antes en cas de pseudo gestation physiologique.   Ses composants emp\u00eachent le gonflement des mamelles, pr\u00e9sentent des propri\u00e9t\u00e9s astringentes et inhibent naturellement la s\u00e9cr\u00e9tion de prolactine.  Id\u00e9al pour une utilisation chez les chiennes ayant tendance \u00e0 d\u00e9velopper des grossesses nerveuses apr\u00e8s les chaleurs, avant ou apr\u00e8s l&#039;apparition des signes.  NOPROL contrecarre les inconv\u00e9nients d&#039;une grossesse nerveuses d&#039;une mani\u00e8re s\u00fbre, douce et naturelle, sans effets ind\u00e9sirables.\" \/>\n<meta name=\"robots\" content=\"noindex, nofollow\" \/>\n<meta property=\"og:locale\" content=\"fr_FR\" \/>\n<meta property=\"og:type\" content=\"article\" \/>\n<meta property=\"og:title\" content=\"Noprol XL Vetexpert - V\u00e9torino\" \/>\n<meta property=\"og:description\" content=\"Aliment compl\u00e9mentaire destin\u00e9 aux chiennes de grandes races et de races g\u00e9antes en cas de pseudo gestation physiologique.   Ses composants emp\u00eachent le gonflement des mamelles, pr\u00e9sentent des propri\u00e9t\u00e9s astringentes et inhibent naturellement la s\u00e9cr\u00e9tion de prolactine.  Id\u00e9al pour une utilisation chez les chiennes ayant tendance \u00e0 d\u00e9velopper des grossesses nerveuses apr\u00e8s les chaleurs, avant ou apr\u00e8s l&#039;apparition des signes.  NOPROL contrecarre les inconv\u00e9nients d&#039;une grossesse nerveuses d&#039;une mani\u00e8re s\u00fbre, douce et naturelle, sans effets ind\u00e9sirables.\" \/>\n<meta property=\"og:url\" content=\"https:\/\/www.vetorino.com\/veterinaire\/beugnies-59216\/boutique\/product\/vetexpert-noprol-xl\/\" \/>\n<meta property=\"og:site_name\" content=\"V\u00e9torino\" \/>\n<meta property=\"article:publisher\" content=\"https:\/\/www.facebook.com\/Vetorino\/\" \/>\n<meta property=\"article:modified_time\" content=\"2026-01-26T13:12:29+00:00\" \/>\n<meta property=\"og:image\" content=\"https:\/\/www.vetorino.com\/boutique\/wp-content\/uploads\/2020\/03\/noprol-xl.webp\" \/>\n\t<meta property=\"og:image:width\" content=\"800\" \/>\n\t<meta property=\"og:image:height\" content=\"800\" \/>\n\t<meta property=\"og:image:type\" content=\"image\/webp\" \/>\n<meta name=\"twitter:card\" content=\"summary_large_image\" \/>\n<meta name=\"twitter:label1\" content=\"Disponibilit\u00e9\" \/>\n\t<meta name=\"twitter:data1\" content=\"En stock\" \/>\n<script type=\"application\/ld+json\" class=\"yoast-schema-graph\">{\"@context\":\"https:\\\/\\\/schema.org\",\"@graph\":[{\"@type\":\"WebPage\",\"@id\":\"https:\\\/\\\/www.vetorino.com\\\/boutique\\\/product\\\/vetexpert-noprol-xl\\\/\",\"url\":\"https:\\\/\\\/www.vetorino.com\\\/boutique\\\/product\\\/vetexpert-noprol-xl\\\/\",\"name\":\"Noprol XL Vetexpert - V\u00e9torino\",\"isPartOf\":{\"@id\":\"https:\\\/\\\/www.vetorino.com\\\/boutique\\\/#website\"},\"primaryImageOfPage\":{\"@id\":\"https:\\\/\\\/www.vetorino.com\\\/boutique\\\/product\\\/vetexpert-noprol-xl\\\/#primaryimage\"},\"image\":{\"@id\":\"https:\\\/\\\/www.vetorino.com\\\/boutique\\\/product\\\/vetexpert-noprol-xl\\\/#primaryimage\"},\"thumbnailUrl\":\"https:\\\/\\\/www.vetorino.com\\\/boutique\\\/wp-content\\\/uploads\\\/2020\\\/03\\\/noprol-xl.webp\",\"datePublished\":\"2020-03-04T20:58:04+00:00\",\"dateModified\":\"2026-01-26T13:12:29+00:00\",\"description\":\"Aliment compl\u00e9mentaire destin\u00e9 aux chiennes de grandes races et de races g\u00e9antes en cas de pseudo gestation physiologique. Ses composants emp\u00eachent le gonflement des mamelles, pr\u00e9sentent des propri\u00e9t\u00e9s astringentes et inhibent naturellement la s\u00e9cr\u00e9tion de prolactine. Id\u00e9al pour une utilisation chez les chiennes ayant tendance \u00e0 d\u00e9velopper des grossesses nerveuses apr\u00e8s les chaleurs, avant ou apr\u00e8s l'apparition des signes. NOPROL contrecarre les inconv\u00e9nients d'une grossesse nerveuses d'une mani\u00e8re s\u00fbre, douce et naturelle, sans effets ind\u00e9sirables.\",\"breadcrumb\":{\"@id\":\"https:\\\/\\\/www.vetorino.com\\\/boutique\\\/product\\\/vetexpert-noprol-xl\\\/#breadcrumb\"},\"inLanguage\":\"fr-FR\",\"potentialAction\":[{\"@type\":\"ReadAction\",\"target\":[\"https:\\\/\\\/www.vetorino.com\\\/boutique\\\/product\\\/vetexpert-noprol-xl\\\/\"]}]},{\"@type\":\"ImageObject\",\"inLanguage\":\"fr-FR\",\"@id\":\"https:\\\/\\\/www.vetorino.com\\\/boutique\\\/product\\\/vetexpert-noprol-xl\\\/#primaryimage\",\"url\":\"https:\\\/\\\/www.vetorino.com\\\/boutique\\\/wp-content\\\/uploads\\\/2020\\\/03\\\/noprol-xl.webp\",\"contentUrl\":\"https:\\\/\\\/www.vetorino.com\\\/boutique\\\/wp-content\\\/uploads\\\/2020\\\/03\\\/noprol-xl.webp\",\"width\":800,\"height\":800},{\"@type\":\"BreadcrumbList\",\"@id\":\"https:\\\/\\\/www.vetorino.com\\\/boutique\\\/product\\\/vetexpert-noprol-xl\\\/#breadcrumb\",\"itemListElement\":[{\"@type\":\"ListItem\",\"position\":1,\"name\":\"Accueil\",\"item\":\"https:\\\/\\\/www.vetorino.com\\\/boutique\\\/\"},{\"@type\":\"ListItem\",\"position\":2,\"name\":\"Produits\",\"item\":\"https:\\\/\\\/www.vetorino.com\\\/boutique\\\/\"},{\"@type\":\"ListItem\",\"position\":3,\"name\":\"Noprol XL\"}]},{\"@type\":\"WebSite\",\"@id\":\"https:\\\/\\\/www.vetorino.com\\\/boutique\\\/#website\",\"url\":\"https:\\\/\\\/www.vetorino.com\\\/boutique\\\/\",\"name\":\"V\u00e9torino\",\"description\":\"\",\"publisher\":{\"@id\":\"https:\\\/\\\/www.vetorino.com\\\/boutique\\\/#organization\"},\"potentialAction\":[{\"@type\":\"SearchAction\",\"target\":{\"@type\":\"EntryPoint\",\"urlTemplate\":\"https:\\\/\\\/www.vetorino.com\\\/boutique\\\/?s={search_term_string}\"},\"query-input\":{\"@type\":\"PropertyValueSpecification\",\"valueRequired\":true,\"valueName\":\"search_term_string\"}}],\"inLanguage\":\"fr-FR\"},{\"@type\":\"Organization\",\"@id\":\"https:\\\/\\\/www.vetorino.com\\\/boutique\\\/#organization\",\"name\":\"V\u00e9torino\",\"url\":\"https:\\\/\\\/www.vetorino.com\\\/boutique\\\/\",\"logo\":{\"@type\":\"ImageObject\",\"inLanguage\":\"fr-FR\",\"@id\":\"https:\\\/\\\/www.vetorino.com\\\/boutique\\\/#\\\/schema\\\/logo\\\/image\\\/\",\"url\":\"https:\\\/\\\/www.vetorino.com\\\/boutique\\\/wp-content\\\/uploads\\\/2024\\\/10\\\/logo.jpg\",\"contentUrl\":\"https:\\\/\\\/www.vetorino.com\\\/boutique\\\/wp-content\\\/uploads\\\/2024\\\/10\\\/logo.jpg\",\"width\":1200,\"height\":610,\"caption\":\"V\u00e9torino\"},\"image\":{\"@id\":\"https:\\\/\\\/www.vetorino.com\\\/boutique\\\/#\\\/schema\\\/logo\\\/image\\\/\"},\"sameAs\":[\"https:\\\/\\\/www.facebook.com\\\/Vetorino\\\/\",\"https:\\\/\\\/www.instagram.com\\\/vetorino_off\\\/\",\"https:\\\/\\\/www.linkedin.com\\\/company\\\/vtorino\\\/\"]}]}<\/script>\n<meta property=\"product:brand\" content=\"Vetexpert\" \/>\n<meta property=\"og:availability\" content=\"instock\" \/>\n<meta property=\"product:availability\" content=\"instock\" \/>\n<meta property=\"product:condition\" content=\"new\" \/>\n<!-- \/ Yoast SEO plugin. -->","yoast_head_json":{"title":"Noprol XL Vetexpert - V\u00e9torino","description":"Aliment compl\u00e9mentaire destin\u00e9 aux chiennes de grandes races et de races g\u00e9antes en cas de pseudo gestation physiologique.   Ses composants emp\u00eachent le gonflement des mamelles, pr\u00e9sentent des propri\u00e9t\u00e9s astringentes et inhibent naturellement la s\u00e9cr\u00e9tion de prolactine.  Id\u00e9al pour une utilisation chez les chiennes ayant tendance \u00e0 d\u00e9velopper des grossesses nerveuses apr\u00e8s les chaleurs, avant ou apr\u00e8s l'apparition des signes.  NOPROL contrecarre les inconv\u00e9nients d'une grossesse nerveuses d'une mani\u00e8re s\u00fbre, douce et naturelle, sans effets ind\u00e9sirables.","robots":{"index":"noindex","follow":"nofollow"},"og_locale":"fr_FR","og_type":"article","og_title":"Noprol XL Vetexpert - V\u00e9torino","og_description":"Aliment compl\u00e9mentaire destin\u00e9 aux chiennes de grandes races et de races g\u00e9antes en cas de pseudo gestation physiologique.   Ses composants emp\u00eachent le gonflement des mamelles, pr\u00e9sentent des propri\u00e9t\u00e9s astringentes et inhibent naturellement la s\u00e9cr\u00e9tion de prolactine.  Id\u00e9al pour une utilisation chez les chiennes ayant tendance \u00e0 d\u00e9velopper des grossesses nerveuses apr\u00e8s les chaleurs, avant ou apr\u00e8s l'apparition des signes.  NOPROL contrecarre les inconv\u00e9nients d'une grossesse nerveuses d'une mani\u00e8re s\u00fbre, douce et naturelle, sans effets ind\u00e9sirables.","og_url":"https:\/\/www.vetorino.com\/veterinaire\/beugnies-59216\/boutique\/product\/vetexpert-noprol-xl\/","og_site_name":"V\u00e9torino","article_publisher":"https:\/\/www.facebook.com\/Vetorino\/","article_modified_time":"2026-01-26T13:12:29+00:00","og_image":[{"width":800,"height":800,"url":"https:\/\/www.vetorino.com\/boutique\/wp-content\/uploads\/2020\/03\/noprol-xl.webp","type":"image\/webp"}],"twitter_card":"summary_large_image","twitter_misc":{"Disponibilit\u00e9":"En stock"},"schema":{"@context":"https:\/\/schema.org","@graph":[{"@type":"WebPage","@id":"https:\/\/www.vetorino.com\/boutique\/product\/vetexpert-noprol-xl\/","url":"https:\/\/www.vetorino.com\/boutique\/product\/vetexpert-noprol-xl\/","name":"Noprol XL Vetexpert - V\u00e9torino","isPartOf":{"@id":"https:\/\/www.vetorino.com\/boutique\/#website"},"primaryImageOfPage":{"@id":"https:\/\/www.vetorino.com\/boutique\/product\/vetexpert-noprol-xl\/#primaryimage"},"image":{"@id":"https:\/\/www.vetorino.com\/boutique\/product\/vetexpert-noprol-xl\/#primaryimage"},"thumbnailUrl":"https:\/\/www.vetorino.com\/boutique\/wp-content\/uploads\/2020\/03\/noprol-xl.webp","datePublished":"2020-03-04T20:58:04+00:00","dateModified":"2026-01-26T13:12:29+00:00","description":"Aliment compl\u00e9mentaire destin\u00e9 aux chiennes de grandes races et de races g\u00e9antes en cas de pseudo gestation physiologique. Ses composants emp\u00eachent le gonflement des mamelles, pr\u00e9sentent des propri\u00e9t\u00e9s astringentes et inhibent naturellement la s\u00e9cr\u00e9tion de prolactine. Id\u00e9al pour une utilisation chez les chiennes ayant tendance \u00e0 d\u00e9velopper des grossesses nerveuses apr\u00e8s les chaleurs, avant ou apr\u00e8s l'apparition des signes. NOPROL contrecarre les inconv\u00e9nients d'une grossesse nerveuses d'une mani\u00e8re s\u00fbre, douce et naturelle, sans effets ind\u00e9sirables.","breadcrumb":{"@id":"https:\/\/www.vetorino.com\/boutique\/product\/vetexpert-noprol-xl\/#breadcrumb"},"inLanguage":"fr-FR","potentialAction":[{"@type":"ReadAction","target":["https:\/\/www.vetorino.com\/boutique\/product\/vetexpert-noprol-xl\/"]}]},{"@type":"ImageObject","inLanguage":"fr-FR","@id":"https:\/\/www.vetorino.com\/boutique\/product\/vetexpert-noprol-xl\/#primaryimage","url":"https:\/\/www.vetorino.com\/boutique\/wp-content\/uploads\/2020\/03\/noprol-xl.webp","contentUrl":"https:\/\/www.vetorino.com\/boutique\/wp-content\/uploads\/2020\/03\/noprol-xl.webp","width":800,"height":800},{"@type":"BreadcrumbList","@id":"https:\/\/www.vetorino.com\/boutique\/product\/vetexpert-noprol-xl\/#breadcrumb","itemListElement":[{"@type":"ListItem","position":1,"name":"Accueil","item":"https:\/\/www.vetorino.com\/boutique\/"},{"@type":"ListItem","position":2,"name":"Produits","item":"https:\/\/www.vetorino.com\/boutique\/"},{"@type":"ListItem","position":3,"name":"Noprol XL"}]},{"@type":"WebSite","@id":"https:\/\/www.vetorino.com\/boutique\/#website","url":"https:\/\/www.vetorino.com\/boutique\/","name":"V\u00e9torino","description":"","publisher":{"@id":"https:\/\/www.vetorino.com\/boutique\/#organization"},"potentialAction":[{"@type":"SearchAction","target":{"@type":"EntryPoint","urlTemplate":"https:\/\/www.vetorino.com\/boutique\/?s={search_term_string}"},"query-input":{"@type":"PropertyValueSpecification","valueRequired":true,"valueName":"search_term_string"}}],"inLanguage":"fr-FR"},{"@type":"Organization","@id":"https:\/\/www.vetorino.com\/boutique\/#organization","name":"V\u00e9torino","url":"https:\/\/www.vetorino.com\/boutique\/","logo":{"@type":"ImageObject","inLanguage":"fr-FR","@id":"https:\/\/www.vetorino.com\/boutique\/#\/schema\/logo\/image\/","url":"https:\/\/www.vetorino.com\/boutique\/wp-content\/uploads\/2024\/10\/logo.jpg","contentUrl":"https:\/\/www.vetorino.com\/boutique\/wp-content\/uploads\/2024\/10\/logo.jpg","width":1200,"height":610,"caption":"V\u00e9torino"},"image":{"@id":"https:\/\/www.vetorino.com\/boutique\/#\/schema\/logo\/image\/"},"sameAs":["https:\/\/www.facebook.com\/Vetorino\/","https:\/\/www.instagram.com\/vetorino_off\/","https:\/\/www.linkedin.com\/company\/vtorino\/"]}]},"product_brand":"Vetexpert","og_availability":"instock","product_availability":"instock","product_condition":"new"},"_links":{"self":[{"href":"https:\/\/www.vetorino.com\/veterinaire\/beugnies-59216\/boutique\/wp-json\/wp\/v2\/product\/33670","targetHints":{"allow":["GET"]}}],"collection":[{"href":"https:\/\/www.vetorino.com\/veterinaire\/beugnies-59216\/boutique\/wp-json\/wp\/v2\/product"}],"about":[{"href":"https:\/\/www.vetorino.com\/veterinaire\/beugnies-59216\/boutique\/wp-json\/wp\/v2\/types\/product"}],"wp:featuredmedia":[{"embeddable":true,"href":"https:\/\/www.vetorino.com\/veterinaire\/beugnies-59216\/boutique\/wp-json\/wp\/v2\/media\/1673703"}],"wp:attachment":[{"href":"https:\/\/www.vetorino.com\/veterinaire\/beugnies-59216\/boutique\/wp-json\/wp\/v2\/media?parent=33670"}],"wp:term":[{"taxonomy":"product_cat","embeddable":true,"href":"https:\/\/www.vetorino.com\/veterinaire\/beugnies-59216\/boutique\/wp-json\/wp\/v2\/product_cat?post=33670"},{"taxonomy":"product_tag","embeddable":true,"href":"https:\/\/www.vetorino.com\/veterinaire\/beugnies-59216\/boutique\/wp-json\/wp\/v2\/product_tag?post=33670"}],"curies":[{"name":"wp","href":"https:\/\/api.w.org\/{rel}","templated":true}]}}