{"id":338029,"date":"2022-06-29T15:54:06","date_gmt":"2022-06-29T13:54:06","guid":{"rendered":"https:\/\/www.vetorino.com\/boutique\/product\/carbodote-chien-chat-nac\/"},"modified":"2024-04-16T09:53:17","modified_gmt":"2024-04-16T07:53:17","slug":"carbodote-chien-chat-nac","status":"publish","type":"product","link":"https:\/\/www.vetorino.com\/veterinaire\/beugnies-59216\/boutique\/product\/carbodote-chien-chat-nac\/","title":{"rendered":"Carbodote Chien Chat Nac"},"content":{"rendered":"<div class=\"hidden\">TVM<\/div>\n<div class=\"hidden\">Furets<\/div>\n<div class=\"hidden\">Syst\u00e8me h\u00e9pato-digestif<\/div>\n<p style=\"text-align: justify\">Chez le\u00a0chien, chat et NAC \u00a0suspension buvable \u00e0 base de charbon v\u00e9g\u00e9tal activ\u00e9, \u00e0 utiliser lors d&#8217;ingestion de substances ind\u00e9sirables et aussi en cas d&#8217;inconfort intestinal.<br \/>\nLors d&#8217;ingestion d&#8217;\u00e9l\u00e9ments ou de compos\u00e9es potentiellement toxiques, il faut agir au plus vite pour en limiter l&#8217;absorption.<br \/>\nPouvoir d&#8217;absorption \u00e9lev\u00e9 : apporte les propri\u00e9t\u00e9s captatrices et adsorbantes du charbon activ\u00e9 sur les toxiques, les bact\u00e9ries, leurs toxines ainsi que sur les gaz produits dans les \u00e9tats diarrh\u00e9iques.<\/p>\n","protected":false},"excerpt":{"rendered":"<p>Les animaux de compagnie peuvent fr\u00e9quemment ing\u00e9rer accidentellement des produits potentiellement toxiques. Il convient lorsque c&#8217;est le cas de pouvoir agir rapidement pour limiter l&#8217;absorption de ce toxique par l&#8217;organisme.<\/p>\n<p><strong> Carbodote<\/strong> est une suspension fluide et stable de charbon activ\u00e9. C&#8217;est un adsorbant naturel.<\/p>\n<p><strong>Utilisation<\/strong> :<\/p>\n<ul>\n<li>Chien<\/li>\n<li>Chat<\/li>\n<li>NAC<\/li>\n<\/ul>\n","protected":false},"featured_media":897178,"template":"","meta":[],"product_cat":[2698],"product_tag":[],"class_list":{"0":"post-338029","1":"product","2":"type-product","3":"status-publish","4":"has-post-thumbnail","6":"product_cat-chien","7":"pa_marque-tvm","9":"first","10":"instock","11":"taxable","12":"shipping-taxable","13":"purchasable","14":"product-type-simple"},"yoast_head":"<!-- This site is optimized with the Yoast SEO plugin v27.3 - https:\/\/yoast.com\/product\/yoast-seo-wordpress\/ -->\n<title>Carbodote Chien Chat Nac D\u00f4mes Pharma TVM - V\u00e9torino<\/title>\n<meta name=\"description\" content=\"Les animaux de compagnie peuvent fr\u00e9quemment ing\u00e9rer accidentellement des produits potentiellement toxiques. Il convient lorsque c&#039;est le cas de pouvoir agir rapidement pour limiter l&#039;absorption de ce toxique par l&#039;organisme.   Carbodote est une suspension fluide et stable de charbon activ\u00e9. C&#039;est un adsorbant naturel.  Utilisation :   Chien  Chat  NAC\" \/>\n<meta name=\"robots\" content=\"noindex, nofollow\" \/>\n<meta property=\"og:locale\" content=\"fr_FR\" \/>\n<meta property=\"og:type\" content=\"article\" \/>\n<meta property=\"og:title\" content=\"Carbodote Chien Chat Nac D\u00f4mes Pharma TVM - V\u00e9torino\" \/>\n<meta property=\"og:description\" content=\"Les animaux de compagnie peuvent fr\u00e9quemment ing\u00e9rer accidentellement des produits potentiellement toxiques. Il convient lorsque c&#039;est le cas de pouvoir agir rapidement pour limiter l&#039;absorption de ce toxique par l&#039;organisme.   Carbodote est une suspension fluide et stable de charbon activ\u00e9. C&#039;est un adsorbant naturel.  Utilisation :   Chien  Chat  NAC\" \/>\n<meta property=\"og:url\" content=\"https:\/\/www.vetorino.com\/veterinaire\/beugnies-59216\/boutique\/product\/carbodote-chien-chat-nac\/\" \/>\n<meta property=\"og:site_name\" content=\"V\u00e9torino\" \/>\n<meta property=\"article:publisher\" content=\"https:\/\/www.facebook.com\/Vetorino\/\" \/>\n<meta property=\"article:modified_time\" content=\"2024-04-16T07:53:17+00:00\" \/>\n<meta property=\"og:image\" content=\"https:\/\/www.vetorino.com\/boutique\/wp-content\/uploads\/2022\/06\/carbodote.jpg\" \/>\n\t<meta property=\"og:image:width\" content=\"800\" \/>\n\t<meta property=\"og:image:height\" content=\"800\" \/>\n\t<meta property=\"og:image:type\" content=\"image\/jpeg\" \/>\n<meta name=\"twitter:card\" content=\"summary_large_image\" \/>\n<meta name=\"twitter:label1\" content=\"Prix\" \/>\n\t<meta name=\"twitter:data1\" content=\"16,26&euro;\" \/>\n\t<meta name=\"twitter:label2\" content=\"Disponibilit\u00e9\" \/>\n\t<meta name=\"twitter:data2\" content=\"En stock\" \/>\n<script type=\"application\/ld+json\" class=\"yoast-schema-graph\">{\"@context\":\"https:\\\/\\\/schema.org\",\"@graph\":[{\"@type\":\"WebPage\",\"@id\":\"https:\\\/\\\/www.vetorino.com\\\/boutique\\\/product\\\/carbodote-chien-chat-nac\\\/\",\"url\":\"https:\\\/\\\/www.vetorino.com\\\/boutique\\\/product\\\/carbodote-chien-chat-nac\\\/\",\"name\":\"Carbodote Chien Chat Nac D\u00f4mes Pharma TVM - V\u00e9torino\",\"isPartOf\":{\"@id\":\"https:\\\/\\\/www.vetorino.com\\\/boutique\\\/#website\"},\"primaryImageOfPage\":{\"@id\":\"https:\\\/\\\/www.vetorino.com\\\/boutique\\\/product\\\/carbodote-chien-chat-nac\\\/#primaryimage\"},\"image\":{\"@id\":\"https:\\\/\\\/www.vetorino.com\\\/boutique\\\/product\\\/carbodote-chien-chat-nac\\\/#primaryimage\"},\"thumbnailUrl\":\"https:\\\/\\\/www.vetorino.com\\\/boutique\\\/wp-content\\\/uploads\\\/2022\\\/06\\\/carbodote.jpg\",\"datePublished\":\"2022-06-29T13:54:06+00:00\",\"dateModified\":\"2024-04-16T07:53:17+00:00\",\"description\":\"Les animaux de compagnie peuvent fr\u00e9quemment ing\u00e9rer accidentellement des produits potentiellement toxiques. Il convient lorsque c'est le cas de pouvoir agir rapidement pour limiter l'absorption de ce toxique par l'organisme. Carbodote est une suspension fluide et stable de charbon activ\u00e9. C'est un adsorbant naturel. Utilisation : Chien Chat NAC\",\"breadcrumb\":{\"@id\":\"https:\\\/\\\/www.vetorino.com\\\/boutique\\\/product\\\/carbodote-chien-chat-nac\\\/#breadcrumb\"},\"inLanguage\":\"fr-FR\",\"potentialAction\":[{\"@type\":\"ReadAction\",\"target\":[\"https:\\\/\\\/www.vetorino.com\\\/boutique\\\/product\\\/carbodote-chien-chat-nac\\\/\"]}]},{\"@type\":\"ImageObject\",\"inLanguage\":\"fr-FR\",\"@id\":\"https:\\\/\\\/www.vetorino.com\\\/boutique\\\/product\\\/carbodote-chien-chat-nac\\\/#primaryimage\",\"url\":\"https:\\\/\\\/www.vetorino.com\\\/boutique\\\/wp-content\\\/uploads\\\/2022\\\/06\\\/carbodote.jpg\",\"contentUrl\":\"https:\\\/\\\/www.vetorino.com\\\/boutique\\\/wp-content\\\/uploads\\\/2022\\\/06\\\/carbodote.jpg\",\"width\":800,\"height\":800},{\"@type\":\"BreadcrumbList\",\"@id\":\"https:\\\/\\\/www.vetorino.com\\\/boutique\\\/product\\\/carbodote-chien-chat-nac\\\/#breadcrumb\",\"itemListElement\":[{\"@type\":\"ListItem\",\"position\":1,\"name\":\"Accueil\",\"item\":\"https:\\\/\\\/www.vetorino.com\\\/boutique\\\/\"},{\"@type\":\"ListItem\",\"position\":2,\"name\":\"Produits\",\"item\":\"https:\\\/\\\/www.vetorino.com\\\/boutique\\\/\"},{\"@type\":\"ListItem\",\"position\":3,\"name\":\"Carbodote Chien Chat Nac\"}]},{\"@type\":\"WebSite\",\"@id\":\"https:\\\/\\\/www.vetorino.com\\\/boutique\\\/#website\",\"url\":\"https:\\\/\\\/www.vetorino.com\\\/boutique\\\/\",\"name\":\"V\u00e9torino\",\"description\":\"\",\"publisher\":{\"@id\":\"https:\\\/\\\/www.vetorino.com\\\/boutique\\\/#organization\"},\"potentialAction\":[{\"@type\":\"SearchAction\",\"target\":{\"@type\":\"EntryPoint\",\"urlTemplate\":\"https:\\\/\\\/www.vetorino.com\\\/boutique\\\/?s={search_term_string}\"},\"query-input\":{\"@type\":\"PropertyValueSpecification\",\"valueRequired\":true,\"valueName\":\"search_term_string\"}}],\"inLanguage\":\"fr-FR\"},{\"@type\":\"Organization\",\"@id\":\"https:\\\/\\\/www.vetorino.com\\\/boutique\\\/#organization\",\"name\":\"V\u00e9torino\",\"url\":\"https:\\\/\\\/www.vetorino.com\\\/boutique\\\/\",\"logo\":{\"@type\":\"ImageObject\",\"inLanguage\":\"fr-FR\",\"@id\":\"https:\\\/\\\/www.vetorino.com\\\/boutique\\\/#\\\/schema\\\/logo\\\/image\\\/\",\"url\":\"https:\\\/\\\/www.vetorino.com\\\/boutique\\\/wp-content\\\/uploads\\\/2024\\\/10\\\/logo.jpg\",\"contentUrl\":\"https:\\\/\\\/www.vetorino.com\\\/boutique\\\/wp-content\\\/uploads\\\/2024\\\/10\\\/logo.jpg\",\"width\":1200,\"height\":610,\"caption\":\"V\u00e9torino\"},\"image\":{\"@id\":\"https:\\\/\\\/www.vetorino.com\\\/boutique\\\/#\\\/schema\\\/logo\\\/image\\\/\"},\"sameAs\":[\"https:\\\/\\\/www.facebook.com\\\/Vetorino\\\/\",\"https:\\\/\\\/www.instagram.com\\\/vetorino_off\\\/\",\"https:\\\/\\\/www.linkedin.com\\\/company\\\/vtorino\\\/\"]}]}<\/script>\n<meta property=\"product:brand\" content=\"D\u00f4mes Pharma TVM\" \/>\n<meta property=\"product:price:amount\" content=\"16.26\" \/>\n<meta property=\"product:price:currency\" content=\"EUR\" \/>\n<meta property=\"og:availability\" content=\"instock\" \/>\n<meta property=\"product:availability\" content=\"instock\" \/>\n<meta property=\"product:retailer_item_id\" content=\"A-1807500\" \/>\n<meta property=\"product:condition\" content=\"new\" \/>\n<!-- \/ Yoast SEO plugin. -->","yoast_head_json":{"title":"Carbodote Chien Chat Nac D\u00f4mes Pharma TVM - V\u00e9torino","description":"Les animaux de compagnie peuvent fr\u00e9quemment ing\u00e9rer accidentellement des produits potentiellement toxiques. Il convient lorsque c'est le cas de pouvoir agir rapidement pour limiter l'absorption de ce toxique par l'organisme.   Carbodote est une suspension fluide et stable de charbon activ\u00e9. C'est un adsorbant naturel.  Utilisation :   Chien  Chat  NAC","robots":{"index":"noindex","follow":"nofollow"},"og_locale":"fr_FR","og_type":"article","og_title":"Carbodote Chien Chat Nac D\u00f4mes Pharma TVM - V\u00e9torino","og_description":"Les animaux de compagnie peuvent fr\u00e9quemment ing\u00e9rer accidentellement des produits potentiellement toxiques. Il convient lorsque c'est le cas de pouvoir agir rapidement pour limiter l'absorption de ce toxique par l'organisme.   Carbodote est une suspension fluide et stable de charbon activ\u00e9. C'est un adsorbant naturel.  Utilisation :   Chien  Chat  NAC","og_url":"https:\/\/www.vetorino.com\/veterinaire\/beugnies-59216\/boutique\/product\/carbodote-chien-chat-nac\/","og_site_name":"V\u00e9torino","article_publisher":"https:\/\/www.facebook.com\/Vetorino\/","article_modified_time":"2024-04-16T07:53:17+00:00","og_image":[{"width":800,"height":800,"url":"https:\/\/www.vetorino.com\/boutique\/wp-content\/uploads\/2022\/06\/carbodote.jpg","type":"image\/jpeg"}],"twitter_card":"summary_large_image","twitter_misc":{"Prix":"16,26&euro;","Disponibilit\u00e9":"En stock"},"schema":{"@context":"https:\/\/schema.org","@graph":[{"@type":"WebPage","@id":"https:\/\/www.vetorino.com\/boutique\/product\/carbodote-chien-chat-nac\/","url":"https:\/\/www.vetorino.com\/boutique\/product\/carbodote-chien-chat-nac\/","name":"Carbodote Chien Chat Nac D\u00f4mes Pharma TVM - V\u00e9torino","isPartOf":{"@id":"https:\/\/www.vetorino.com\/boutique\/#website"},"primaryImageOfPage":{"@id":"https:\/\/www.vetorino.com\/boutique\/product\/carbodote-chien-chat-nac\/#primaryimage"},"image":{"@id":"https:\/\/www.vetorino.com\/boutique\/product\/carbodote-chien-chat-nac\/#primaryimage"},"thumbnailUrl":"https:\/\/www.vetorino.com\/boutique\/wp-content\/uploads\/2022\/06\/carbodote.jpg","datePublished":"2022-06-29T13:54:06+00:00","dateModified":"2024-04-16T07:53:17+00:00","description":"Les animaux de compagnie peuvent fr\u00e9quemment ing\u00e9rer accidentellement des produits potentiellement toxiques. Il convient lorsque c'est le cas de pouvoir agir rapidement pour limiter l'absorption de ce toxique par l'organisme. Carbodote est une suspension fluide et stable de charbon activ\u00e9. C'est un adsorbant naturel. Utilisation : Chien Chat NAC","breadcrumb":{"@id":"https:\/\/www.vetorino.com\/boutique\/product\/carbodote-chien-chat-nac\/#breadcrumb"},"inLanguage":"fr-FR","potentialAction":[{"@type":"ReadAction","target":["https:\/\/www.vetorino.com\/boutique\/product\/carbodote-chien-chat-nac\/"]}]},{"@type":"ImageObject","inLanguage":"fr-FR","@id":"https:\/\/www.vetorino.com\/boutique\/product\/carbodote-chien-chat-nac\/#primaryimage","url":"https:\/\/www.vetorino.com\/boutique\/wp-content\/uploads\/2022\/06\/carbodote.jpg","contentUrl":"https:\/\/www.vetorino.com\/boutique\/wp-content\/uploads\/2022\/06\/carbodote.jpg","width":800,"height":800},{"@type":"BreadcrumbList","@id":"https:\/\/www.vetorino.com\/boutique\/product\/carbodote-chien-chat-nac\/#breadcrumb","itemListElement":[{"@type":"ListItem","position":1,"name":"Accueil","item":"https:\/\/www.vetorino.com\/boutique\/"},{"@type":"ListItem","position":2,"name":"Produits","item":"https:\/\/www.vetorino.com\/boutique\/"},{"@type":"ListItem","position":3,"name":"Carbodote Chien Chat Nac"}]},{"@type":"WebSite","@id":"https:\/\/www.vetorino.com\/boutique\/#website","url":"https:\/\/www.vetorino.com\/boutique\/","name":"V\u00e9torino","description":"","publisher":{"@id":"https:\/\/www.vetorino.com\/boutique\/#organization"},"potentialAction":[{"@type":"SearchAction","target":{"@type":"EntryPoint","urlTemplate":"https:\/\/www.vetorino.com\/boutique\/?s={search_term_string}"},"query-input":{"@type":"PropertyValueSpecification","valueRequired":true,"valueName":"search_term_string"}}],"inLanguage":"fr-FR"},{"@type":"Organization","@id":"https:\/\/www.vetorino.com\/boutique\/#organization","name":"V\u00e9torino","url":"https:\/\/www.vetorino.com\/boutique\/","logo":{"@type":"ImageObject","inLanguage":"fr-FR","@id":"https:\/\/www.vetorino.com\/boutique\/#\/schema\/logo\/image\/","url":"https:\/\/www.vetorino.com\/boutique\/wp-content\/uploads\/2024\/10\/logo.jpg","contentUrl":"https:\/\/www.vetorino.com\/boutique\/wp-content\/uploads\/2024\/10\/logo.jpg","width":1200,"height":610,"caption":"V\u00e9torino"},"image":{"@id":"https:\/\/www.vetorino.com\/boutique\/#\/schema\/logo\/image\/"},"sameAs":["https:\/\/www.facebook.com\/Vetorino\/","https:\/\/www.instagram.com\/vetorino_off\/","https:\/\/www.linkedin.com\/company\/vtorino\/"]}]},"product_brand":"D\u00f4mes Pharma TVM","product_price_amount":"16.26","product_price_currency":"EUR","og_availability":"instock","product_availability":"instock","product_retailer_item_id":"A-1807500","product_condition":"new"},"_links":{"self":[{"href":"https:\/\/www.vetorino.com\/veterinaire\/beugnies-59216\/boutique\/wp-json\/wp\/v2\/product\/338029","targetHints":{"allow":["GET"]}}],"collection":[{"href":"https:\/\/www.vetorino.com\/veterinaire\/beugnies-59216\/boutique\/wp-json\/wp\/v2\/product"}],"about":[{"href":"https:\/\/www.vetorino.com\/veterinaire\/beugnies-59216\/boutique\/wp-json\/wp\/v2\/types\/product"}],"wp:featuredmedia":[{"embeddable":true,"href":"https:\/\/www.vetorino.com\/veterinaire\/beugnies-59216\/boutique\/wp-json\/wp\/v2\/media\/897178"}],"wp:attachment":[{"href":"https:\/\/www.vetorino.com\/veterinaire\/beugnies-59216\/boutique\/wp-json\/wp\/v2\/media?parent=338029"}],"wp:term":[{"taxonomy":"product_cat","embeddable":true,"href":"https:\/\/www.vetorino.com\/veterinaire\/beugnies-59216\/boutique\/wp-json\/wp\/v2\/product_cat?post=338029"},{"taxonomy":"product_tag","embeddable":true,"href":"https:\/\/www.vetorino.com\/veterinaire\/beugnies-59216\/boutique\/wp-json\/wp\/v2\/product_tag?post=338029"}],"curies":[{"name":"wp","href":"https:\/\/api.w.org\/{rel}","templated":true}]}}