{"id":342583,"date":"2022-07-07T10:51:52","date_gmt":"2022-07-07T08:51:52","guid":{"rendered":"https:\/\/www.vetorino.com\/boutique\/product\/feliway-help-pack-3-cartouches-7-jr\/"},"modified":"2024-04-25T17:32:21","modified_gmt":"2024-04-25T15:32:21","slug":"feliway-help-pack-3-cartouches-7-jr","status":"publish","type":"product","link":"https:\/\/www.vetorino.com\/veterinaire\/beugnies-59216\/boutique\/product\/feliway-help-pack-3-cartouches-7-jr\/","title":{"rendered":"Feliway Help"},"content":{"rendered":"<h5 style=\"font-weight: 500\"><b><strong>RECHARGE POUR DIFFUSEUR.<\/strong><\/b><\/h5>\n<p style=\"font-weight: 400\"><b><strong>Aide \u00e0 r\u00e9duire les comportements ind\u00e9sirables du chat lorsqu\u2019il fait face \u00e0 des situations stressantes ponctuelles.<\/strong><\/b><\/p>\n<p style=\"font-weight: 400\"><b><strong>Utilisation :<\/strong><\/b><\/p>\n<ul style=\"font-weight: 400\">\n<li>Il est recommand\u00e9 de brancher le diffuseur en continu dans la pi\u00e8ce (50 m2 max) o\u00f9 les chats passent le plus de temps.<\/li>\n<li>Pack de 3 cartouches : une recharge de diffuseur a une dur\u00e9e de vie de 7 jours<\/li>\n<\/ul>\n<p style=\"font-weight: 400\"><b><strong>Aide \u00e0 r\u00e9duire les comportements ind\u00e9sirables du chat lorsqu\u2019il fait face \u00e0 des situations stressantes ponctuelles.<\/strong><\/b><\/p>\n<p style=\"font-weight: 400\"><b><strong>Utilisation :<\/strong><\/b><\/p>\n<ul style=\"font-weight: 400\">\n<li>Il est recommand\u00e9 de brancher le diffuseur en continu dans une pi\u00e8ce d&#8217;int\u00e9rieur o\u00f9 les chats passent le plus de temps.<\/li>\n<li>Dur\u00e9e de vie de 7 jours<\/li>\n<\/ul>\n","protected":false},"excerpt":{"rendered":"<p style=\"font-weight: 400\"><b><strong>Aide \u00e0 r\u00e9duire les comportements ind\u00e9sirables du chat lorsqu\u2019il fait face \u00e0 des situations stressantes ponctuelles.<\/strong><\/b><\/p>\n<p style=\"font-weight: 400\"><b><strong>Utilisation :<\/strong><\/b><\/p>\n<ul style=\"font-weight: 400\">\n<li>Il est recommand\u00e9 de brancher le diffuseur en continu dans la pi\u00e8ce (50 m2 max) o\u00f9 les chats passent le plus de temps.<\/li>\n<li>Pack de 3 cartouches : une recharge de diffuseur a une dur\u00e9e de vie de 7 jours<\/li>\n<\/ul>\n","protected":false},"featured_media":905338,"template":"","meta":[],"product_cat":[2759,2697],"product_tag":[],"class_list":{"0":"post-342583","1":"product","2":"type-product","3":"status-publish","4":"has-post-thumbnail","6":"product_cat-anti-stress-et-anxiete-pour-chat","7":"product_cat-chat","8":"pa_marque-ceva","10":"first","11":"instock","12":"taxable","13":"shipping-taxable","14":"purchasable","15":"product-type-variable"},"yoast_head":"<!-- This site is optimized with the Yoast SEO plugin v27.3 - https:\/\/yoast.com\/product\/yoast-seo-wordpress\/ -->\n<title>Feliway Help Ceva - V\u00e9torino<\/title>\n<meta name=\"description\" content=\"Aide \u00e0 r\u00e9duire les comportements ind\u00e9sirables du chat lorsqu\u2019il fait face \u00e0 des situations stressantes ponctuelles. Utilisation :    Il est recommand\u00e9 de brancher le diffuseur en continu dans la pi\u00e8ce (50 m2 max) o\u00f9 les chats passent le plus de temps.  Pack de 3 cartouches : une recharge de diffuseur a une dur\u00e9e de vie de 7 jours\" \/>\n<meta name=\"robots\" content=\"noindex, nofollow\" \/>\n<meta property=\"og:locale\" content=\"fr_FR\" \/>\n<meta property=\"og:type\" content=\"article\" \/>\n<meta property=\"og:title\" content=\"Feliway Help Ceva - V\u00e9torino\" \/>\n<meta property=\"og:description\" content=\"Aide \u00e0 r\u00e9duire les comportements ind\u00e9sirables du chat lorsqu\u2019il fait face \u00e0 des situations stressantes ponctuelles. Utilisation :    Il est recommand\u00e9 de brancher le diffuseur en continu dans la pi\u00e8ce (50 m2 max) o\u00f9 les chats passent le plus de temps.  Pack de 3 cartouches : une recharge de diffuseur a une dur\u00e9e de vie de 7 jours\" \/>\n<meta property=\"og:url\" content=\"https:\/\/www.vetorino.com\/veterinaire\/beugnies-59216\/boutique\/product\/feliway-help-pack-3-cartouches-7-jr\/\" \/>\n<meta property=\"og:site_name\" content=\"V\u00e9torino\" \/>\n<meta property=\"article:publisher\" content=\"https:\/\/www.facebook.com\/Vetorino\/\" \/>\n<meta property=\"article:modified_time\" content=\"2024-04-25T15:32:21+00:00\" \/>\n<meta property=\"og:image\" content=\"https:\/\/www.vetorino.com\/boutique\/wp-content\/uploads\/2022\/07\/pack-de-3-recharges-feliway-help.webp\" \/>\n\t<meta property=\"og:image:width\" content=\"800\" \/>\n\t<meta property=\"og:image:height\" content=\"800\" \/>\n\t<meta property=\"og:image:type\" content=\"image\/webp\" \/>\n<meta name=\"twitter:card\" content=\"summary_large_image\" \/>\n<meta name=\"twitter:label1\" content=\"Disponibilit\u00e9\" \/>\n\t<meta name=\"twitter:data1\" content=\"En stock\" \/>\n<script type=\"application\/ld+json\" class=\"yoast-schema-graph\">{\"@context\":\"https:\\\/\\\/schema.org\",\"@graph\":[{\"@type\":\"WebPage\",\"@id\":\"https:\\\/\\\/www.vetorino.com\\\/boutique\\\/product\\\/feliway-help-pack-3-cartouches-7-jr\\\/\",\"url\":\"https:\\\/\\\/www.vetorino.com\\\/boutique\\\/product\\\/feliway-help-pack-3-cartouches-7-jr\\\/\",\"name\":\"Feliway Help Ceva - V\u00e9torino\",\"isPartOf\":{\"@id\":\"https:\\\/\\\/www.vetorino.com\\\/boutique\\\/#website\"},\"primaryImageOfPage\":{\"@id\":\"https:\\\/\\\/www.vetorino.com\\\/boutique\\\/product\\\/feliway-help-pack-3-cartouches-7-jr\\\/#primaryimage\"},\"image\":{\"@id\":\"https:\\\/\\\/www.vetorino.com\\\/boutique\\\/product\\\/feliway-help-pack-3-cartouches-7-jr\\\/#primaryimage\"},\"thumbnailUrl\":\"https:\\\/\\\/www.vetorino.com\\\/boutique\\\/wp-content\\\/uploads\\\/2022\\\/07\\\/pack-de-3-recharges-feliway-help.webp\",\"datePublished\":\"2022-07-07T08:51:52+00:00\",\"dateModified\":\"2024-04-25T15:32:21+00:00\",\"description\":\"Aide \u00e0 r\u00e9duire les comportements ind\u00e9sirables du chat lorsqu\u2019il fait face \u00e0 des situations stressantes ponctuelles. Utilisation : Il est recommand\u00e9 de brancher le diffuseur en continu dans la pi\u00e8ce (50 m2 max) o\u00f9 les chats passent le plus de temps. Pack de 3 cartouches : une recharge de diffuseur a une dur\u00e9e de vie de 7 jours\",\"breadcrumb\":{\"@id\":\"https:\\\/\\\/www.vetorino.com\\\/boutique\\\/product\\\/feliway-help-pack-3-cartouches-7-jr\\\/#breadcrumb\"},\"inLanguage\":\"fr-FR\",\"potentialAction\":[{\"@type\":\"ReadAction\",\"target\":[\"https:\\\/\\\/www.vetorino.com\\\/boutique\\\/product\\\/feliway-help-pack-3-cartouches-7-jr\\\/\"]}]},{\"@type\":\"ImageObject\",\"inLanguage\":\"fr-FR\",\"@id\":\"https:\\\/\\\/www.vetorino.com\\\/boutique\\\/product\\\/feliway-help-pack-3-cartouches-7-jr\\\/#primaryimage\",\"url\":\"https:\\\/\\\/www.vetorino.com\\\/boutique\\\/wp-content\\\/uploads\\\/2022\\\/07\\\/pack-de-3-recharges-feliway-help.webp\",\"contentUrl\":\"https:\\\/\\\/www.vetorino.com\\\/boutique\\\/wp-content\\\/uploads\\\/2022\\\/07\\\/pack-de-3-recharges-feliway-help.webp\",\"width\":800,\"height\":800},{\"@type\":\"BreadcrumbList\",\"@id\":\"https:\\\/\\\/www.vetorino.com\\\/boutique\\\/product\\\/feliway-help-pack-3-cartouches-7-jr\\\/#breadcrumb\",\"itemListElement\":[{\"@type\":\"ListItem\",\"position\":1,\"name\":\"Accueil\",\"item\":\"https:\\\/\\\/www.vetorino.com\\\/boutique\\\/\"},{\"@type\":\"ListItem\",\"position\":2,\"name\":\"Produits\",\"item\":\"https:\\\/\\\/www.vetorino.com\\\/boutique\\\/\"},{\"@type\":\"ListItem\",\"position\":3,\"name\":\"Feliway Help\"}]},{\"@type\":\"WebSite\",\"@id\":\"https:\\\/\\\/www.vetorino.com\\\/boutique\\\/#website\",\"url\":\"https:\\\/\\\/www.vetorino.com\\\/boutique\\\/\",\"name\":\"V\u00e9torino\",\"description\":\"\",\"publisher\":{\"@id\":\"https:\\\/\\\/www.vetorino.com\\\/boutique\\\/#organization\"},\"potentialAction\":[{\"@type\":\"SearchAction\",\"target\":{\"@type\":\"EntryPoint\",\"urlTemplate\":\"https:\\\/\\\/www.vetorino.com\\\/boutique\\\/?s={search_term_string}\"},\"query-input\":{\"@type\":\"PropertyValueSpecification\",\"valueRequired\":true,\"valueName\":\"search_term_string\"}}],\"inLanguage\":\"fr-FR\"},{\"@type\":\"Organization\",\"@id\":\"https:\\\/\\\/www.vetorino.com\\\/boutique\\\/#organization\",\"name\":\"V\u00e9torino\",\"url\":\"https:\\\/\\\/www.vetorino.com\\\/boutique\\\/\",\"logo\":{\"@type\":\"ImageObject\",\"inLanguage\":\"fr-FR\",\"@id\":\"https:\\\/\\\/www.vetorino.com\\\/boutique\\\/#\\\/schema\\\/logo\\\/image\\\/\",\"url\":\"https:\\\/\\\/www.vetorino.com\\\/boutique\\\/wp-content\\\/uploads\\\/2024\\\/10\\\/logo.jpg\",\"contentUrl\":\"https:\\\/\\\/www.vetorino.com\\\/boutique\\\/wp-content\\\/uploads\\\/2024\\\/10\\\/logo.jpg\",\"width\":1200,\"height\":610,\"caption\":\"V\u00e9torino\"},\"image\":{\"@id\":\"https:\\\/\\\/www.vetorino.com\\\/boutique\\\/#\\\/schema\\\/logo\\\/image\\\/\"},\"sameAs\":[\"https:\\\/\\\/www.facebook.com\\\/Vetorino\\\/\",\"https:\\\/\\\/www.instagram.com\\\/vetorino_off\\\/\",\"https:\\\/\\\/www.linkedin.com\\\/company\\\/vtorino\\\/\"]}]}<\/script>\n<meta property=\"product:brand\" content=\"Ceva\" \/>\n<meta property=\"og:availability\" content=\"instock\" \/>\n<meta property=\"product:availability\" content=\"instock\" \/>\n<meta property=\"product:condition\" content=\"new\" \/>\n<!-- \/ Yoast SEO plugin. -->","yoast_head_json":{"title":"Feliway Help Ceva - V\u00e9torino","description":"Aide \u00e0 r\u00e9duire les comportements ind\u00e9sirables du chat lorsqu\u2019il fait face \u00e0 des situations stressantes ponctuelles. Utilisation :    Il est recommand\u00e9 de brancher le diffuseur en continu dans la pi\u00e8ce (50 m2 max) o\u00f9 les chats passent le plus de temps.  Pack de 3 cartouches : une recharge de diffuseur a une dur\u00e9e de vie de 7 jours","robots":{"index":"noindex","follow":"nofollow"},"og_locale":"fr_FR","og_type":"article","og_title":"Feliway Help Ceva - V\u00e9torino","og_description":"Aide \u00e0 r\u00e9duire les comportements ind\u00e9sirables du chat lorsqu\u2019il fait face \u00e0 des situations stressantes ponctuelles. Utilisation :    Il est recommand\u00e9 de brancher le diffuseur en continu dans la pi\u00e8ce (50 m2 max) o\u00f9 les chats passent le plus de temps.  Pack de 3 cartouches : une recharge de diffuseur a une dur\u00e9e de vie de 7 jours","og_url":"https:\/\/www.vetorino.com\/veterinaire\/beugnies-59216\/boutique\/product\/feliway-help-pack-3-cartouches-7-jr\/","og_site_name":"V\u00e9torino","article_publisher":"https:\/\/www.facebook.com\/Vetorino\/","article_modified_time":"2024-04-25T15:32:21+00:00","og_image":[{"width":800,"height":800,"url":"https:\/\/www.vetorino.com\/boutique\/wp-content\/uploads\/2022\/07\/pack-de-3-recharges-feliway-help.webp","type":"image\/webp"}],"twitter_card":"summary_large_image","twitter_misc":{"Disponibilit\u00e9":"En stock"},"schema":{"@context":"https:\/\/schema.org","@graph":[{"@type":"WebPage","@id":"https:\/\/www.vetorino.com\/boutique\/product\/feliway-help-pack-3-cartouches-7-jr\/","url":"https:\/\/www.vetorino.com\/boutique\/product\/feliway-help-pack-3-cartouches-7-jr\/","name":"Feliway Help Ceva - V\u00e9torino","isPartOf":{"@id":"https:\/\/www.vetorino.com\/boutique\/#website"},"primaryImageOfPage":{"@id":"https:\/\/www.vetorino.com\/boutique\/product\/feliway-help-pack-3-cartouches-7-jr\/#primaryimage"},"image":{"@id":"https:\/\/www.vetorino.com\/boutique\/product\/feliway-help-pack-3-cartouches-7-jr\/#primaryimage"},"thumbnailUrl":"https:\/\/www.vetorino.com\/boutique\/wp-content\/uploads\/2022\/07\/pack-de-3-recharges-feliway-help.webp","datePublished":"2022-07-07T08:51:52+00:00","dateModified":"2024-04-25T15:32:21+00:00","description":"Aide \u00e0 r\u00e9duire les comportements ind\u00e9sirables du chat lorsqu\u2019il fait face \u00e0 des situations stressantes ponctuelles. Utilisation : Il est recommand\u00e9 de brancher le diffuseur en continu dans la pi\u00e8ce (50 m2 max) o\u00f9 les chats passent le plus de temps. Pack de 3 cartouches : une recharge de diffuseur a une dur\u00e9e de vie de 7 jours","breadcrumb":{"@id":"https:\/\/www.vetorino.com\/boutique\/product\/feliway-help-pack-3-cartouches-7-jr\/#breadcrumb"},"inLanguage":"fr-FR","potentialAction":[{"@type":"ReadAction","target":["https:\/\/www.vetorino.com\/boutique\/product\/feliway-help-pack-3-cartouches-7-jr\/"]}]},{"@type":"ImageObject","inLanguage":"fr-FR","@id":"https:\/\/www.vetorino.com\/boutique\/product\/feliway-help-pack-3-cartouches-7-jr\/#primaryimage","url":"https:\/\/www.vetorino.com\/boutique\/wp-content\/uploads\/2022\/07\/pack-de-3-recharges-feliway-help.webp","contentUrl":"https:\/\/www.vetorino.com\/boutique\/wp-content\/uploads\/2022\/07\/pack-de-3-recharges-feliway-help.webp","width":800,"height":800},{"@type":"BreadcrumbList","@id":"https:\/\/www.vetorino.com\/boutique\/product\/feliway-help-pack-3-cartouches-7-jr\/#breadcrumb","itemListElement":[{"@type":"ListItem","position":1,"name":"Accueil","item":"https:\/\/www.vetorino.com\/boutique\/"},{"@type":"ListItem","position":2,"name":"Produits","item":"https:\/\/www.vetorino.com\/boutique\/"},{"@type":"ListItem","position":3,"name":"Feliway Help"}]},{"@type":"WebSite","@id":"https:\/\/www.vetorino.com\/boutique\/#website","url":"https:\/\/www.vetorino.com\/boutique\/","name":"V\u00e9torino","description":"","publisher":{"@id":"https:\/\/www.vetorino.com\/boutique\/#organization"},"potentialAction":[{"@type":"SearchAction","target":{"@type":"EntryPoint","urlTemplate":"https:\/\/www.vetorino.com\/boutique\/?s={search_term_string}"},"query-input":{"@type":"PropertyValueSpecification","valueRequired":true,"valueName":"search_term_string"}}],"inLanguage":"fr-FR"},{"@type":"Organization","@id":"https:\/\/www.vetorino.com\/boutique\/#organization","name":"V\u00e9torino","url":"https:\/\/www.vetorino.com\/boutique\/","logo":{"@type":"ImageObject","inLanguage":"fr-FR","@id":"https:\/\/www.vetorino.com\/boutique\/#\/schema\/logo\/image\/","url":"https:\/\/www.vetorino.com\/boutique\/wp-content\/uploads\/2024\/10\/logo.jpg","contentUrl":"https:\/\/www.vetorino.com\/boutique\/wp-content\/uploads\/2024\/10\/logo.jpg","width":1200,"height":610,"caption":"V\u00e9torino"},"image":{"@id":"https:\/\/www.vetorino.com\/boutique\/#\/schema\/logo\/image\/"},"sameAs":["https:\/\/www.facebook.com\/Vetorino\/","https:\/\/www.instagram.com\/vetorino_off\/","https:\/\/www.linkedin.com\/company\/vtorino\/"]}]},"product_brand":"Ceva","og_availability":"instock","product_availability":"instock","product_condition":"new"},"_links":{"self":[{"href":"https:\/\/www.vetorino.com\/veterinaire\/beugnies-59216\/boutique\/wp-json\/wp\/v2\/product\/342583","targetHints":{"allow":["GET"]}}],"collection":[{"href":"https:\/\/www.vetorino.com\/veterinaire\/beugnies-59216\/boutique\/wp-json\/wp\/v2\/product"}],"about":[{"href":"https:\/\/www.vetorino.com\/veterinaire\/beugnies-59216\/boutique\/wp-json\/wp\/v2\/types\/product"}],"wp:featuredmedia":[{"embeddable":true,"href":"https:\/\/www.vetorino.com\/veterinaire\/beugnies-59216\/boutique\/wp-json\/wp\/v2\/media\/905338"}],"wp:attachment":[{"href":"https:\/\/www.vetorino.com\/veterinaire\/beugnies-59216\/boutique\/wp-json\/wp\/v2\/media?parent=342583"}],"wp:term":[{"taxonomy":"product_cat","embeddable":true,"href":"https:\/\/www.vetorino.com\/veterinaire\/beugnies-59216\/boutique\/wp-json\/wp\/v2\/product_cat?post=342583"},{"taxonomy":"product_tag","embeddable":true,"href":"https:\/\/www.vetorino.com\/veterinaire\/beugnies-59216\/boutique\/wp-json\/wp\/v2\/product_tag?post=342583"}],"curies":[{"name":"wp","href":"https:\/\/api.w.org\/{rel}","templated":true}]}}