{"id":34696,"date":"2020-03-04T22:03:21","date_gmt":"2020-03-04T21:03:21","guid":{"rendered":"https:\/\/www.vetorino.com\/boutique\/product\/rhodeo-la-nac\/"},"modified":"2020-12-15T02:53:43","modified_gmt":"2020-12-15T01:53:43","slug":"rhodeo-la-nac","status":"publish","type":"product","link":"https:\/\/www.vetorino.com\/veterinaire\/beugnies-59216\/boutique\/product\/rhodeo-la-nac\/","title":{"rendered":"Solution RHODEO L.A. Nac 4 pip."},"content":{"rendered":"<div class='hidden'> Greenvet <\/div>\n<p><b>Caract\u00e9risiques<\/b><br \/>Cet antiparasitaire, fabriqu\u00e9 en France, est formul\u00e9\u00a0\u00e0 base d?un complexe original de diff\u00e9rents principes actifs naturels qui repousse les insectes (puces, poux, moustiques) et les acariens (tiques, ao\u00fbtats). Il est efficace dans les 24 heures apr\u00e8s application et son action longue dur\u00e9e prot\u00e8ge l?animal pendant environ un mois. La solution d\u00e9gage une douce odeur de pin et de lavande.Conditionnement : Bo\u00efte de 4 pipettes de 0.375 ml.<br \/><b>Bon \u00e0 savoir<\/b><br \/>Convient aux petits animaux pesant entre 250 g et 1.5 kg. Au-del\u00e0 de 1,5 kg, utilisez 2 pipettes.Demandez conseil \u00e0 votre v\u00e9t\u00e9rinaire.Produit biocide. Utilisez les biocides avec pr\u00e9caution.  Avant toute utilisation, lisez l?\u00e9tiquette et les informations concernant le produit.\u00a0\u00a0A conserver hors de port\u00e9e des enfants.Renouvellement possible apr\u00e8s 2 \u00e0 3 semaines si une forte pression parasitaire existe.COMPOSITIONType de pr\u00e9paration TP 19 (r\u00e9pulsif). G\u00e9raniol : 54 mg\/ml (CAS n\u00b0 106-24-1), Pyr\u00e8thre : 12 mg\/ml (CAS n\u00b08003-34-7).<\/p>\n","protected":false},"excerpt":{"rendered":"<p>La solution RHODEO L.A. pour lapin, cobaye, rat, chinchilla et furet, aide prot\u00e9ger l?animal contre les insectes et les acariens.<\/p>\n","protected":false},"featured_media":77151,"template":"","meta":[],"product_cat":[2744,2727],"product_tag":[],"class_list":{"0":"post-34696","1":"product","2":"type-product","3":"status-publish","4":"has-post-thumbnail","6":"product_cat-furet","7":"product_cat-nac","8":"pa_marque-greenvet","10":"first","11":"instock","12":"taxable","13":"shipping-taxable","14":"purchasable","15":"product-type-simple"},"yoast_head":"<!-- This site is optimized with the Yoast SEO plugin v27.3 - https:\/\/yoast.com\/product\/yoast-seo-wordpress\/ -->\n<title>Solution RHODEO L.A. Nac 4 pip. Greenvet - V\u00e9torino<\/title>\n<meta name=\"description\" content=\"La solution RHODEO L.A. pour lapin, cobaye, rat, chinchilla et furet, aide prot\u00e9ger l?animal contre les insectes et les acariens.\" \/>\n<meta name=\"robots\" content=\"noindex, nofollow\" \/>\n<meta property=\"og:locale\" content=\"fr_FR\" \/>\n<meta property=\"og:type\" content=\"article\" \/>\n<meta property=\"og:title\" content=\"Solution RHODEO L.A. Nac 4 pip. Greenvet - V\u00e9torino\" \/>\n<meta property=\"og:description\" content=\"La solution RHODEO L.A. pour lapin, cobaye, rat, chinchilla et furet, aide prot\u00e9ger l?animal contre les insectes et les acariens.\" \/>\n<meta property=\"og:url\" content=\"https:\/\/www.vetorino.com\/veterinaire\/beugnies-59216\/boutique\/product\/rhodeo-la-nac\/\" \/>\n<meta property=\"og:site_name\" content=\"V\u00e9torino\" \/>\n<meta property=\"article:publisher\" content=\"https:\/\/www.facebook.com\/Vetorino\/\" \/>\n<meta property=\"article:modified_time\" content=\"2020-12-15T01:53:43+00:00\" \/>\n<meta property=\"og:image\" content=\"https:\/\/www.vetorino.com\/boutique\/wp-content\/uploads\/2020\/03\/solution-rhodeo-la-nac-4-pip-17.jpg\" \/>\n\t<meta property=\"og:image:width\" content=\"800\" \/>\n\t<meta property=\"og:image:height\" content=\"800\" \/>\n\t<meta property=\"og:image:type\" content=\"image\/jpeg\" \/>\n<meta name=\"twitter:card\" content=\"summary_large_image\" \/>\n<meta name=\"twitter:label1\" content=\"Prix\" \/>\n\t<meta name=\"twitter:data1\" content=\"10,66&euro;\" \/>\n\t<meta name=\"twitter:label2\" content=\"Disponibilit\u00e9\" \/>\n\t<meta name=\"twitter:data2\" content=\"En stock\" \/>\n<script type=\"application\/ld+json\" class=\"yoast-schema-graph\">{\"@context\":\"https:\\\/\\\/schema.org\",\"@graph\":[{\"@type\":\"WebPage\",\"@id\":\"https:\\\/\\\/www.vetorino.com\\\/boutique\\\/product\\\/rhodeo-la-nac\\\/\",\"url\":\"https:\\\/\\\/www.vetorino.com\\\/boutique\\\/product\\\/rhodeo-la-nac\\\/\",\"name\":\"Solution RHODEO L.A. Nac 4 pip. Greenvet - V\u00e9torino\",\"isPartOf\":{\"@id\":\"https:\\\/\\\/www.vetorino.com\\\/boutique\\\/#website\"},\"primaryImageOfPage\":{\"@id\":\"https:\\\/\\\/www.vetorino.com\\\/boutique\\\/product\\\/rhodeo-la-nac\\\/#primaryimage\"},\"image\":{\"@id\":\"https:\\\/\\\/www.vetorino.com\\\/boutique\\\/product\\\/rhodeo-la-nac\\\/#primaryimage\"},\"thumbnailUrl\":\"https:\\\/\\\/www.vetorino.com\\\/boutique\\\/wp-content\\\/uploads\\\/2020\\\/03\\\/solution-rhodeo-la-nac-4-pip-17.jpg\",\"datePublished\":\"2020-03-04T21:03:21+00:00\",\"dateModified\":\"2020-12-15T01:53:43+00:00\",\"description\":\"La solution RHODEO L.A. pour lapin, cobaye, rat, chinchilla et furet, aide prot\u00e9ger l?animal contre les insectes et les acariens.\",\"breadcrumb\":{\"@id\":\"https:\\\/\\\/www.vetorino.com\\\/boutique\\\/product\\\/rhodeo-la-nac\\\/#breadcrumb\"},\"inLanguage\":\"fr-FR\",\"potentialAction\":[{\"@type\":\"ReadAction\",\"target\":[\"https:\\\/\\\/www.vetorino.com\\\/boutique\\\/product\\\/rhodeo-la-nac\\\/\"]}]},{\"@type\":\"ImageObject\",\"inLanguage\":\"fr-FR\",\"@id\":\"https:\\\/\\\/www.vetorino.com\\\/boutique\\\/product\\\/rhodeo-la-nac\\\/#primaryimage\",\"url\":\"https:\\\/\\\/www.vetorino.com\\\/boutique\\\/wp-content\\\/uploads\\\/2020\\\/03\\\/solution-rhodeo-la-nac-4-pip-17.jpg\",\"contentUrl\":\"https:\\\/\\\/www.vetorino.com\\\/boutique\\\/wp-content\\\/uploads\\\/2020\\\/03\\\/solution-rhodeo-la-nac-4-pip-17.jpg\",\"width\":800,\"height\":800},{\"@type\":\"BreadcrumbList\",\"@id\":\"https:\\\/\\\/www.vetorino.com\\\/boutique\\\/product\\\/rhodeo-la-nac\\\/#breadcrumb\",\"itemListElement\":[{\"@type\":\"ListItem\",\"position\":1,\"name\":\"Accueil\",\"item\":\"https:\\\/\\\/www.vetorino.com\\\/boutique\\\/\"},{\"@type\":\"ListItem\",\"position\":2,\"name\":\"Produits\",\"item\":\"https:\\\/\\\/www.vetorino.com\\\/boutique\\\/\"},{\"@type\":\"ListItem\",\"position\":3,\"name\":\"Solution RHODEO L.A. Nac 4 pip.\"}]},{\"@type\":\"WebSite\",\"@id\":\"https:\\\/\\\/www.vetorino.com\\\/boutique\\\/#website\",\"url\":\"https:\\\/\\\/www.vetorino.com\\\/boutique\\\/\",\"name\":\"V\u00e9torino\",\"description\":\"\",\"publisher\":{\"@id\":\"https:\\\/\\\/www.vetorino.com\\\/boutique\\\/#organization\"},\"potentialAction\":[{\"@type\":\"SearchAction\",\"target\":{\"@type\":\"EntryPoint\",\"urlTemplate\":\"https:\\\/\\\/www.vetorino.com\\\/boutique\\\/?s={search_term_string}\"},\"query-input\":{\"@type\":\"PropertyValueSpecification\",\"valueRequired\":true,\"valueName\":\"search_term_string\"}}],\"inLanguage\":\"fr-FR\"},{\"@type\":\"Organization\",\"@id\":\"https:\\\/\\\/www.vetorino.com\\\/boutique\\\/#organization\",\"name\":\"V\u00e9torino\",\"url\":\"https:\\\/\\\/www.vetorino.com\\\/boutique\\\/\",\"logo\":{\"@type\":\"ImageObject\",\"inLanguage\":\"fr-FR\",\"@id\":\"https:\\\/\\\/www.vetorino.com\\\/boutique\\\/#\\\/schema\\\/logo\\\/image\\\/\",\"url\":\"https:\\\/\\\/www.vetorino.com\\\/boutique\\\/wp-content\\\/uploads\\\/2024\\\/10\\\/logo.jpg\",\"contentUrl\":\"https:\\\/\\\/www.vetorino.com\\\/boutique\\\/wp-content\\\/uploads\\\/2024\\\/10\\\/logo.jpg\",\"width\":1200,\"height\":610,\"caption\":\"V\u00e9torino\"},\"image\":{\"@id\":\"https:\\\/\\\/www.vetorino.com\\\/boutique\\\/#\\\/schema\\\/logo\\\/image\\\/\"},\"sameAs\":[\"https:\\\/\\\/www.facebook.com\\\/Vetorino\\\/\",\"https:\\\/\\\/www.instagram.com\\\/vetorino_off\\\/\",\"https:\\\/\\\/www.linkedin.com\\\/company\\\/vtorino\\\/\"]}]}<\/script>\n<meta property=\"product:brand\" content=\"Greenvet\" \/>\n<meta property=\"product:price:amount\" content=\"10.66\" \/>\n<meta property=\"product:price:currency\" content=\"EUR\" \/>\n<meta property=\"og:availability\" content=\"instock\" \/>\n<meta property=\"product:availability\" content=\"instock\" \/>\n<meta property=\"product:retailer_item_id\" content=\"A-8094874\" \/>\n<meta property=\"product:condition\" content=\"new\" \/>\n<!-- \/ Yoast SEO plugin. -->","yoast_head_json":{"title":"Solution RHODEO L.A. Nac 4 pip. Greenvet - V\u00e9torino","description":"La solution RHODEO L.A. pour lapin, cobaye, rat, chinchilla et furet, aide prot\u00e9ger l?animal contre les insectes et les acariens.","robots":{"index":"noindex","follow":"nofollow"},"og_locale":"fr_FR","og_type":"article","og_title":"Solution RHODEO L.A. Nac 4 pip. Greenvet - V\u00e9torino","og_description":"La solution RHODEO L.A. pour lapin, cobaye, rat, chinchilla et furet, aide prot\u00e9ger l?animal contre les insectes et les acariens.","og_url":"https:\/\/www.vetorino.com\/veterinaire\/beugnies-59216\/boutique\/product\/rhodeo-la-nac\/","og_site_name":"V\u00e9torino","article_publisher":"https:\/\/www.facebook.com\/Vetorino\/","article_modified_time":"2020-12-15T01:53:43+00:00","og_image":[{"width":800,"height":800,"url":"https:\/\/www.vetorino.com\/boutique\/wp-content\/uploads\/2020\/03\/solution-rhodeo-la-nac-4-pip-17.jpg","type":"image\/jpeg"}],"twitter_card":"summary_large_image","twitter_misc":{"Prix":"10,66&euro;","Disponibilit\u00e9":"En stock"},"schema":{"@context":"https:\/\/schema.org","@graph":[{"@type":"WebPage","@id":"https:\/\/www.vetorino.com\/boutique\/product\/rhodeo-la-nac\/","url":"https:\/\/www.vetorino.com\/boutique\/product\/rhodeo-la-nac\/","name":"Solution RHODEO L.A. Nac 4 pip. Greenvet - V\u00e9torino","isPartOf":{"@id":"https:\/\/www.vetorino.com\/boutique\/#website"},"primaryImageOfPage":{"@id":"https:\/\/www.vetorino.com\/boutique\/product\/rhodeo-la-nac\/#primaryimage"},"image":{"@id":"https:\/\/www.vetorino.com\/boutique\/product\/rhodeo-la-nac\/#primaryimage"},"thumbnailUrl":"https:\/\/www.vetorino.com\/boutique\/wp-content\/uploads\/2020\/03\/solution-rhodeo-la-nac-4-pip-17.jpg","datePublished":"2020-03-04T21:03:21+00:00","dateModified":"2020-12-15T01:53:43+00:00","description":"La solution RHODEO L.A. pour lapin, cobaye, rat, chinchilla et furet, aide prot\u00e9ger l?animal contre les insectes et les acariens.","breadcrumb":{"@id":"https:\/\/www.vetorino.com\/boutique\/product\/rhodeo-la-nac\/#breadcrumb"},"inLanguage":"fr-FR","potentialAction":[{"@type":"ReadAction","target":["https:\/\/www.vetorino.com\/boutique\/product\/rhodeo-la-nac\/"]}]},{"@type":"ImageObject","inLanguage":"fr-FR","@id":"https:\/\/www.vetorino.com\/boutique\/product\/rhodeo-la-nac\/#primaryimage","url":"https:\/\/www.vetorino.com\/boutique\/wp-content\/uploads\/2020\/03\/solution-rhodeo-la-nac-4-pip-17.jpg","contentUrl":"https:\/\/www.vetorino.com\/boutique\/wp-content\/uploads\/2020\/03\/solution-rhodeo-la-nac-4-pip-17.jpg","width":800,"height":800},{"@type":"BreadcrumbList","@id":"https:\/\/www.vetorino.com\/boutique\/product\/rhodeo-la-nac\/#breadcrumb","itemListElement":[{"@type":"ListItem","position":1,"name":"Accueil","item":"https:\/\/www.vetorino.com\/boutique\/"},{"@type":"ListItem","position":2,"name":"Produits","item":"https:\/\/www.vetorino.com\/boutique\/"},{"@type":"ListItem","position":3,"name":"Solution RHODEO L.A. Nac 4 pip."}]},{"@type":"WebSite","@id":"https:\/\/www.vetorino.com\/boutique\/#website","url":"https:\/\/www.vetorino.com\/boutique\/","name":"V\u00e9torino","description":"","publisher":{"@id":"https:\/\/www.vetorino.com\/boutique\/#organization"},"potentialAction":[{"@type":"SearchAction","target":{"@type":"EntryPoint","urlTemplate":"https:\/\/www.vetorino.com\/boutique\/?s={search_term_string}"},"query-input":{"@type":"PropertyValueSpecification","valueRequired":true,"valueName":"search_term_string"}}],"inLanguage":"fr-FR"},{"@type":"Organization","@id":"https:\/\/www.vetorino.com\/boutique\/#organization","name":"V\u00e9torino","url":"https:\/\/www.vetorino.com\/boutique\/","logo":{"@type":"ImageObject","inLanguage":"fr-FR","@id":"https:\/\/www.vetorino.com\/boutique\/#\/schema\/logo\/image\/","url":"https:\/\/www.vetorino.com\/boutique\/wp-content\/uploads\/2024\/10\/logo.jpg","contentUrl":"https:\/\/www.vetorino.com\/boutique\/wp-content\/uploads\/2024\/10\/logo.jpg","width":1200,"height":610,"caption":"V\u00e9torino"},"image":{"@id":"https:\/\/www.vetorino.com\/boutique\/#\/schema\/logo\/image\/"},"sameAs":["https:\/\/www.facebook.com\/Vetorino\/","https:\/\/www.instagram.com\/vetorino_off\/","https:\/\/www.linkedin.com\/company\/vtorino\/"]}]},"product_brand":"Greenvet","product_price_amount":"10.66","product_price_currency":"EUR","og_availability":"instock","product_availability":"instock","product_retailer_item_id":"A-8094874","product_condition":"new"},"_links":{"self":[{"href":"https:\/\/www.vetorino.com\/veterinaire\/beugnies-59216\/boutique\/wp-json\/wp\/v2\/product\/34696","targetHints":{"allow":["GET"]}}],"collection":[{"href":"https:\/\/www.vetorino.com\/veterinaire\/beugnies-59216\/boutique\/wp-json\/wp\/v2\/product"}],"about":[{"href":"https:\/\/www.vetorino.com\/veterinaire\/beugnies-59216\/boutique\/wp-json\/wp\/v2\/types\/product"}],"wp:featuredmedia":[{"embeddable":true,"href":"https:\/\/www.vetorino.com\/veterinaire\/beugnies-59216\/boutique\/wp-json\/wp\/v2\/media\/77151"}],"wp:attachment":[{"href":"https:\/\/www.vetorino.com\/veterinaire\/beugnies-59216\/boutique\/wp-json\/wp\/v2\/media?parent=34696"}],"wp:term":[{"taxonomy":"product_cat","embeddable":true,"href":"https:\/\/www.vetorino.com\/veterinaire\/beugnies-59216\/boutique\/wp-json\/wp\/v2\/product_cat?post=34696"},{"taxonomy":"product_tag","embeddable":true,"href":"https:\/\/www.vetorino.com\/veterinaire\/beugnies-59216\/boutique\/wp-json\/wp\/v2\/product_tag?post=34696"}],"curies":[{"name":"wp","href":"https:\/\/api.w.org\/{rel}","templated":true}]}}