{"id":35146,"date":"2020-03-04T22:54:06","date_gmt":"2020-03-04T21:54:06","guid":{"rendered":"https:\/\/www.vetorino.com\/boutique\/product\/tris-nac\/"},"modified":"2024-06-21T16:10:10","modified_gmt":"2024-06-21T14:10:10","slug":"tris-nac","status":"publish","type":"product","link":"https:\/\/www.vetorino.com\/veterinaire\/beugnies-59216\/boutique\/product\/tris-nac\/","title":{"rendered":"Solution st\u00e9rile TRIS NAC"},"content":{"rendered":"<p>Solution st\u00e9rile pour le nettoyage auriculaire et cutan\u00e9 des chiens et chats, contribuant \u00e0 combattre les biofilms bact\u00e9riens et fongiques.<\/p>\n<p><strong>Caract\u00e9ristiques du soin\u00a0Tris-Nac pour chiens et chats<\/strong><\/p>\n<ul>\n<li>Contient deux actifs synergiques et innovants qui aident \u00e0 lutter contre les biofilms bact\u00e9riens et fongiques, et est dot\u00e9 d&#8217;une force ionique \u00e9lev\u00e9e<\/li>\n<li>Lorsque le biofilm existe d\u00e9j\u00e0, Tris-Nac permet sa d\u00e9sagr\u00e9gation<\/li>\n<li>Le Tris-EDTA modifie la perm\u00e9abilit\u00e9 des membranes cellulaires des bact\u00e9ries et des champignons et aide \u00e0 pr\u00e9venir la formation de nouveaux biofilms<\/li>\n<li>La N-ac\u00e9tylcyst\u00e9ine aide \u00e0 lutter contre les biofilms existants<\/li>\n<\/ul>\n<p><strong>Composition<\/strong><\/p>\n<p>TRIS-EDTA, N-Ac\u00e9tylcyst\u00e9ine, Solution st\u00e9rile.<\/p>\n<p><strong>Mode d&#8217;emploi:<\/strong><\/p>\n<p>Les actifs sont fournis dans des flacons s\u00e9par\u00e9s et doivent \u00eatre m\u00e9lang\u00e9s avant l&#8217;utilisation. Le Tris-EDTA est fourni dans un flacon (flacon A) et la N-ac\u00e9tylcyst\u00e9ine dans un bouchon (bouchon B).<\/p>\n<ul>\n<li>Retirer le couvercle du flacon A<\/li>\n<li>Retirer le sceau de protection en plastique du bouchon B<\/li>\n<li>Visser le bouchon B sur le flacon A<\/li>\n<li>Une fois viss\u00e9 sur le flacon A, appuyer fortement sur le bouchon B (jusqu&#8217;\u00e0 ce qu&#8217;un d\u00e9clic se fasse entendre) pour lib\u00e9rer la N-ac\u00e9tylcyst\u00e9ine dans le flacon A<\/li>\n<li>Agiter vigoureusement le flacon et retirer le bouchon B<\/li>\n<li>Verser un petit volume de la solution dans un petit r\u00e9cipient de votre choix<\/li>\n<li>Utiliser l&#8217;applicateur pour pr\u00e9lever un volume de solution dans le r\u00e9cipient, conform\u00e9ment aux instructions du v\u00e9t\u00e9rinaire<\/li>\n<li>Appliquer la solution Tris-NAC\u00ae selon le besoin<\/li>\n<li>Conduit auditif : Presser la solution dans le conduit auditif et masser doucement la base de l&#8217;oreille. Laisser agir pendant 3 \u00e0 5 minutes et retirer l&#8217;exc\u00e9dent \u00e0 l&#8217;aide d&#8217;un disque de coton. Dosage indicatif pour le nettoyage des oreilles :<br \/>\n&#8211; Petit chien\/chat : 1 ml<br \/>\n&#8211; Chien de taille moyenne : 2-3 ml<br \/>\n&#8211; Grand chien : 3-5 ml<\/li>\n<li>Peau : Appliquer directement sur la peau en veillant \u00e0 couvrir toute la surface. Ajoutez de la solution si n\u00e9cessaire (ou selon les instructions du v\u00e9t\u00e9rinaire). Laisser s\u00e9cher<\/li>\n<li>R\u00e9p\u00e9ter l&#8217;application si n\u00e9cessaire (ou selon les instructions du v\u00e9t\u00e9rinaire)<\/li>\n<li>D&#8217;autres produits peuvent \u00eatre utilis\u00e9s 10 minutes apr\u00e8s l&#8217;application<\/li>\n<li>La dur\u00e9e de conservation de la solution m\u00e9lang\u00e9e est de 50 jours<\/li>\n<\/ul>\n","protected":false},"excerpt":{"rendered":"<p>Solution st\u00e9rile pour le nettoyage auriculaire et cutan\u00e9 des chiens et chats, contribuant \u00e0 combattre les biofilms bact\u00e9riens et fongiques.<\/p>\n","protected":false},"featured_media":953538,"template":"","meta":[],"product_cat":[2697,12613,12560],"product_tag":[],"class_list":{"0":"post-35146","1":"product","2":"type-product","3":"status-publish","4":"has-post-thumbnail","6":"product_cat-chat","7":"product_cat-hygiene-des-oreilles-du-chat","8":"product_cat-hygiene-du-chat","9":"pa_marque-mp-labo","11":"first","12":"instock","13":"taxable","14":"shipping-taxable","15":"purchasable","16":"product-type-simple"},"yoast_head":"<!-- This site is optimized with the Yoast SEO plugin v27.3 - https:\/\/yoast.com\/product\/yoast-seo-wordpress\/ -->\n<title>Solution st\u00e9rile TRIS NAC Mp Labo - V\u00e9torino<\/title>\n<meta name=\"description\" content=\"Solution st\u00e9rile pour le nettoyage auriculaire et cutan\u00e9 des chiens et chats, contribuant \u00e0 combattre les biofilms bact\u00e9riens et fongiques.\" \/>\n<meta name=\"robots\" content=\"noindex, nofollow\" \/>\n<meta property=\"og:locale\" content=\"fr_FR\" \/>\n<meta property=\"og:type\" content=\"article\" \/>\n<meta property=\"og:title\" content=\"Solution st\u00e9rile TRIS NAC Mp Labo - V\u00e9torino\" \/>\n<meta property=\"og:description\" content=\"Solution st\u00e9rile pour le nettoyage auriculaire et cutan\u00e9 des chiens et chats, contribuant \u00e0 combattre les biofilms bact\u00e9riens et fongiques.\" \/>\n<meta property=\"og:url\" content=\"https:\/\/www.vetorino.com\/veterinaire\/beugnies-59216\/boutique\/product\/tris-nac\/\" \/>\n<meta property=\"og:site_name\" content=\"V\u00e9torino\" \/>\n<meta property=\"article:publisher\" content=\"https:\/\/www.facebook.com\/Vetorino\/\" \/>\n<meta property=\"article:modified_time\" content=\"2024-06-21T14:10:10+00:00\" \/>\n<meta property=\"og:image\" content=\"https:\/\/www.vetorino.com\/boutique\/wp-content\/uploads\/2020\/03\/tris-nac-flacon-de-120-ml.jpg\" \/>\n\t<meta property=\"og:image:width\" content=\"800\" \/>\n\t<meta property=\"og:image:height\" content=\"800\" \/>\n\t<meta property=\"og:image:type\" content=\"image\/jpeg\" \/>\n<meta name=\"twitter:card\" content=\"summary_large_image\" \/>\n<meta name=\"twitter:label1\" content=\"Prix\" \/>\n\t<meta name=\"twitter:data1\" content=\"31,54&euro;\" \/>\n\t<meta name=\"twitter:label2\" content=\"Disponibilit\u00e9\" \/>\n\t<meta name=\"twitter:data2\" content=\"En stock\" \/>\n<script type=\"application\/ld+json\" class=\"yoast-schema-graph\">{\"@context\":\"https:\\\/\\\/schema.org\",\"@graph\":[{\"@type\":\"WebPage\",\"@id\":\"https:\\\/\\\/www.vetorino.com\\\/boutique\\\/product\\\/tris-nac\\\/\",\"url\":\"https:\\\/\\\/www.vetorino.com\\\/boutique\\\/product\\\/tris-nac\\\/\",\"name\":\"Solution st\u00e9rile TRIS NAC Mp Labo - V\u00e9torino\",\"isPartOf\":{\"@id\":\"https:\\\/\\\/www.vetorino.com\\\/boutique\\\/#website\"},\"primaryImageOfPage\":{\"@id\":\"https:\\\/\\\/www.vetorino.com\\\/boutique\\\/product\\\/tris-nac\\\/#primaryimage\"},\"image\":{\"@id\":\"https:\\\/\\\/www.vetorino.com\\\/boutique\\\/product\\\/tris-nac\\\/#primaryimage\"},\"thumbnailUrl\":\"https:\\\/\\\/www.vetorino.com\\\/boutique\\\/wp-content\\\/uploads\\\/2020\\\/03\\\/tris-nac-flacon-de-120-ml.jpg\",\"datePublished\":\"2020-03-04T21:54:06+00:00\",\"dateModified\":\"2024-06-21T14:10:10+00:00\",\"description\":\"Solution st\u00e9rile pour le nettoyage auriculaire et cutan\u00e9 des chiens et chats, contribuant \u00e0 combattre les biofilms bact\u00e9riens et fongiques.\",\"breadcrumb\":{\"@id\":\"https:\\\/\\\/www.vetorino.com\\\/boutique\\\/product\\\/tris-nac\\\/#breadcrumb\"},\"inLanguage\":\"fr-FR\",\"potentialAction\":[{\"@type\":\"ReadAction\",\"target\":[\"https:\\\/\\\/www.vetorino.com\\\/boutique\\\/product\\\/tris-nac\\\/\"]}]},{\"@type\":\"ImageObject\",\"inLanguage\":\"fr-FR\",\"@id\":\"https:\\\/\\\/www.vetorino.com\\\/boutique\\\/product\\\/tris-nac\\\/#primaryimage\",\"url\":\"https:\\\/\\\/www.vetorino.com\\\/boutique\\\/wp-content\\\/uploads\\\/2020\\\/03\\\/tris-nac-flacon-de-120-ml.jpg\",\"contentUrl\":\"https:\\\/\\\/www.vetorino.com\\\/boutique\\\/wp-content\\\/uploads\\\/2020\\\/03\\\/tris-nac-flacon-de-120-ml.jpg\",\"width\":800,\"height\":800},{\"@type\":\"BreadcrumbList\",\"@id\":\"https:\\\/\\\/www.vetorino.com\\\/boutique\\\/product\\\/tris-nac\\\/#breadcrumb\",\"itemListElement\":[{\"@type\":\"ListItem\",\"position\":1,\"name\":\"Accueil\",\"item\":\"https:\\\/\\\/www.vetorino.com\\\/boutique\\\/\"},{\"@type\":\"ListItem\",\"position\":2,\"name\":\"Produits\",\"item\":\"https:\\\/\\\/www.vetorino.com\\\/boutique\\\/\"},{\"@type\":\"ListItem\",\"position\":3,\"name\":\"Solution st\u00e9rile TRIS NAC\"}]},{\"@type\":\"WebSite\",\"@id\":\"https:\\\/\\\/www.vetorino.com\\\/boutique\\\/#website\",\"url\":\"https:\\\/\\\/www.vetorino.com\\\/boutique\\\/\",\"name\":\"V\u00e9torino\",\"description\":\"\",\"publisher\":{\"@id\":\"https:\\\/\\\/www.vetorino.com\\\/boutique\\\/#organization\"},\"potentialAction\":[{\"@type\":\"SearchAction\",\"target\":{\"@type\":\"EntryPoint\",\"urlTemplate\":\"https:\\\/\\\/www.vetorino.com\\\/boutique\\\/?s={search_term_string}\"},\"query-input\":{\"@type\":\"PropertyValueSpecification\",\"valueRequired\":true,\"valueName\":\"search_term_string\"}}],\"inLanguage\":\"fr-FR\"},{\"@type\":\"Organization\",\"@id\":\"https:\\\/\\\/www.vetorino.com\\\/boutique\\\/#organization\",\"name\":\"V\u00e9torino\",\"url\":\"https:\\\/\\\/www.vetorino.com\\\/boutique\\\/\",\"logo\":{\"@type\":\"ImageObject\",\"inLanguage\":\"fr-FR\",\"@id\":\"https:\\\/\\\/www.vetorino.com\\\/boutique\\\/#\\\/schema\\\/logo\\\/image\\\/\",\"url\":\"https:\\\/\\\/www.vetorino.com\\\/boutique\\\/wp-content\\\/uploads\\\/2024\\\/10\\\/logo.jpg\",\"contentUrl\":\"https:\\\/\\\/www.vetorino.com\\\/boutique\\\/wp-content\\\/uploads\\\/2024\\\/10\\\/logo.jpg\",\"width\":1200,\"height\":610,\"caption\":\"V\u00e9torino\"},\"image\":{\"@id\":\"https:\\\/\\\/www.vetorino.com\\\/boutique\\\/#\\\/schema\\\/logo\\\/image\\\/\"},\"sameAs\":[\"https:\\\/\\\/www.facebook.com\\\/Vetorino\\\/\",\"https:\\\/\\\/www.instagram.com\\\/vetorino_off\\\/\",\"https:\\\/\\\/www.linkedin.com\\\/company\\\/vtorino\\\/\"]}]}<\/script>\n<meta property=\"product:brand\" content=\"Mp Labo\" \/>\n<meta property=\"product:price:amount\" content=\"31.54\" \/>\n<meta property=\"product:price:currency\" content=\"EUR\" \/>\n<meta property=\"og:availability\" content=\"instock\" \/>\n<meta property=\"product:availability\" content=\"instock\" \/>\n<meta property=\"product:retailer_item_id\" content=\"A-1832200\" \/>\n<meta property=\"product:condition\" content=\"new\" \/>\n<!-- \/ Yoast SEO plugin. -->","yoast_head_json":{"title":"Solution st\u00e9rile TRIS NAC Mp Labo - V\u00e9torino","description":"Solution st\u00e9rile pour le nettoyage auriculaire et cutan\u00e9 des chiens et chats, contribuant \u00e0 combattre les biofilms bact\u00e9riens et fongiques.","robots":{"index":"noindex","follow":"nofollow"},"og_locale":"fr_FR","og_type":"article","og_title":"Solution st\u00e9rile TRIS NAC Mp Labo - V\u00e9torino","og_description":"Solution st\u00e9rile pour le nettoyage auriculaire et cutan\u00e9 des chiens et chats, contribuant \u00e0 combattre les biofilms bact\u00e9riens et fongiques.","og_url":"https:\/\/www.vetorino.com\/veterinaire\/beugnies-59216\/boutique\/product\/tris-nac\/","og_site_name":"V\u00e9torino","article_publisher":"https:\/\/www.facebook.com\/Vetorino\/","article_modified_time":"2024-06-21T14:10:10+00:00","og_image":[{"width":800,"height":800,"url":"https:\/\/www.vetorino.com\/boutique\/wp-content\/uploads\/2020\/03\/tris-nac-flacon-de-120-ml.jpg","type":"image\/jpeg"}],"twitter_card":"summary_large_image","twitter_misc":{"Prix":"31,54&euro;","Disponibilit\u00e9":"En stock"},"schema":{"@context":"https:\/\/schema.org","@graph":[{"@type":"WebPage","@id":"https:\/\/www.vetorino.com\/boutique\/product\/tris-nac\/","url":"https:\/\/www.vetorino.com\/boutique\/product\/tris-nac\/","name":"Solution st\u00e9rile TRIS NAC Mp Labo - V\u00e9torino","isPartOf":{"@id":"https:\/\/www.vetorino.com\/boutique\/#website"},"primaryImageOfPage":{"@id":"https:\/\/www.vetorino.com\/boutique\/product\/tris-nac\/#primaryimage"},"image":{"@id":"https:\/\/www.vetorino.com\/boutique\/product\/tris-nac\/#primaryimage"},"thumbnailUrl":"https:\/\/www.vetorino.com\/boutique\/wp-content\/uploads\/2020\/03\/tris-nac-flacon-de-120-ml.jpg","datePublished":"2020-03-04T21:54:06+00:00","dateModified":"2024-06-21T14:10:10+00:00","description":"Solution st\u00e9rile pour le nettoyage auriculaire et cutan\u00e9 des chiens et chats, contribuant \u00e0 combattre les biofilms bact\u00e9riens et fongiques.","breadcrumb":{"@id":"https:\/\/www.vetorino.com\/boutique\/product\/tris-nac\/#breadcrumb"},"inLanguage":"fr-FR","potentialAction":[{"@type":"ReadAction","target":["https:\/\/www.vetorino.com\/boutique\/product\/tris-nac\/"]}]},{"@type":"ImageObject","inLanguage":"fr-FR","@id":"https:\/\/www.vetorino.com\/boutique\/product\/tris-nac\/#primaryimage","url":"https:\/\/www.vetorino.com\/boutique\/wp-content\/uploads\/2020\/03\/tris-nac-flacon-de-120-ml.jpg","contentUrl":"https:\/\/www.vetorino.com\/boutique\/wp-content\/uploads\/2020\/03\/tris-nac-flacon-de-120-ml.jpg","width":800,"height":800},{"@type":"BreadcrumbList","@id":"https:\/\/www.vetorino.com\/boutique\/product\/tris-nac\/#breadcrumb","itemListElement":[{"@type":"ListItem","position":1,"name":"Accueil","item":"https:\/\/www.vetorino.com\/boutique\/"},{"@type":"ListItem","position":2,"name":"Produits","item":"https:\/\/www.vetorino.com\/boutique\/"},{"@type":"ListItem","position":3,"name":"Solution st\u00e9rile TRIS NAC"}]},{"@type":"WebSite","@id":"https:\/\/www.vetorino.com\/boutique\/#website","url":"https:\/\/www.vetorino.com\/boutique\/","name":"V\u00e9torino","description":"","publisher":{"@id":"https:\/\/www.vetorino.com\/boutique\/#organization"},"potentialAction":[{"@type":"SearchAction","target":{"@type":"EntryPoint","urlTemplate":"https:\/\/www.vetorino.com\/boutique\/?s={search_term_string}"},"query-input":{"@type":"PropertyValueSpecification","valueRequired":true,"valueName":"search_term_string"}}],"inLanguage":"fr-FR"},{"@type":"Organization","@id":"https:\/\/www.vetorino.com\/boutique\/#organization","name":"V\u00e9torino","url":"https:\/\/www.vetorino.com\/boutique\/","logo":{"@type":"ImageObject","inLanguage":"fr-FR","@id":"https:\/\/www.vetorino.com\/boutique\/#\/schema\/logo\/image\/","url":"https:\/\/www.vetorino.com\/boutique\/wp-content\/uploads\/2024\/10\/logo.jpg","contentUrl":"https:\/\/www.vetorino.com\/boutique\/wp-content\/uploads\/2024\/10\/logo.jpg","width":1200,"height":610,"caption":"V\u00e9torino"},"image":{"@id":"https:\/\/www.vetorino.com\/boutique\/#\/schema\/logo\/image\/"},"sameAs":["https:\/\/www.facebook.com\/Vetorino\/","https:\/\/www.instagram.com\/vetorino_off\/","https:\/\/www.linkedin.com\/company\/vtorino\/"]}]},"product_brand":"Mp Labo","product_price_amount":"31.54","product_price_currency":"EUR","og_availability":"instock","product_availability":"instock","product_retailer_item_id":"A-1832200","product_condition":"new"},"_links":{"self":[{"href":"https:\/\/www.vetorino.com\/veterinaire\/beugnies-59216\/boutique\/wp-json\/wp\/v2\/product\/35146","targetHints":{"allow":["GET"]}}],"collection":[{"href":"https:\/\/www.vetorino.com\/veterinaire\/beugnies-59216\/boutique\/wp-json\/wp\/v2\/product"}],"about":[{"href":"https:\/\/www.vetorino.com\/veterinaire\/beugnies-59216\/boutique\/wp-json\/wp\/v2\/types\/product"}],"wp:featuredmedia":[{"embeddable":true,"href":"https:\/\/www.vetorino.com\/veterinaire\/beugnies-59216\/boutique\/wp-json\/wp\/v2\/media\/953538"}],"wp:attachment":[{"href":"https:\/\/www.vetorino.com\/veterinaire\/beugnies-59216\/boutique\/wp-json\/wp\/v2\/media?parent=35146"}],"wp:term":[{"taxonomy":"product_cat","embeddable":true,"href":"https:\/\/www.vetorino.com\/veterinaire\/beugnies-59216\/boutique\/wp-json\/wp\/v2\/product_cat?post=35146"},{"taxonomy":"product_tag","embeddable":true,"href":"https:\/\/www.vetorino.com\/veterinaire\/beugnies-59216\/boutique\/wp-json\/wp\/v2\/product_tag?post=35146"}],"curies":[{"name":"wp","href":"https:\/\/api.w.org\/{rel}","templated":true}]}}