{"id":35162,"date":"2020-03-04T22:54:12","date_gmt":"2020-03-04T21:54:12","guid":{"rendered":"https:\/\/www.vetorino.com\/boutique\/product\/prozym-canin-mini\/"},"modified":"2024-06-18T16:33:03","modified_gmt":"2024-06-18T14:33:03","slug":"prozym-canin-mini","status":"publish","type":"product","link":"https:\/\/www.vetorino.com\/veterinaire\/beugnies-59216\/boutique\/product\/prozym-canin-mini\/","title":{"rendered":"Prozym Canin Lamelles S"},"content":{"rendered":"<p>Les <strong>LAMELLES PROZYM<\/strong> sont des lamelles \u00e0 m\u00e2cher en peau de b\u0153uf 100 % extrud\u00e9es recouvertes d\u2019un enrobage enzymatique. L\u2019extrusion consiste \u00e0 agglom\u00e9rer entre eux puis \u00e0 compacter des petits morceaux de peau de b\u0153uf.<\/p>\n<ul>\n<li><strong>R\u00e9\u00e9quilibre la flore buccale<\/strong><\/li>\n<li><strong>Retarde la prolif\u00e9ration des mauvaises bact\u00e9ries impliqu\u00e9es dans la formation de la plaque dentaire, du tartre et de la mauvaise haleine<\/strong><\/li>\n<li><strong>Nettoie les surfaces dentaires en douceur<\/strong><\/li>\n<li><strong>Stimule le r\u00e9flexe naturel de mastication<\/strong><\/li>\n<\/ul>\n<p><strong>Utilisation :<\/strong><br \/>\nChien de petite race <strong>(entre 5 et 15 kg)<\/strong><br \/>\n1 lamelle par jour, de pr\u00e9f\u00e9rence apr\u00e8s le repas.<\/p>\n<p><strong>Bienfaits essentiels :<\/strong><br \/>\nMorceaux de peau de b\u0153uf cuits et recouverts d&#8217;un enrobage app\u00e9tent \u00e0 base d&#8217;ar\u00f4me de poulet et de boeuf.<br \/>\nLa mastication r\u00e9guli\u00e8re des lamelles permet de r\u00e9duire la formation de la plaque dentaire et l&#8217;apparition du tartre.<br \/>\nPermet de lutter contre la mauvaise haleine.<\/p>\n<p><strong>Composition :<\/strong><br \/>\nPeau de b\u0153uf, dextrose, prot\u00e9ines v\u00e9g\u00e9tales hydrolys\u00e9es, levure de bi\u00e8re, thiocyanate de potassium, concentr\u00e9 prot\u00e9ique de lactos\u00e9rum (source de lactop\u00e9roxydase, de lactoferrine et de lysozyme).<\/p>\n<p><strong>Constituants analytiques :<\/strong><br \/>\nProt\u00e9ines brutes &#8211; minimum 70 %<br \/>\nMati\u00e8res grasses brutes &#8211; minimum 2,5 %<br \/>\nFibres brutes &#8211; maximum 2 %<br \/>\nCendres brutes &#8211; maximum 4 %<br \/>\nHumidit\u00e9 &#8211; maximum 22 %<\/p>\n<p><strong>Ceva Sant\u00e9 Animale<\/strong> a \u00e9t\u00e9 class\u00e9e parmi les 10 soci\u00e9t\u00e9s pharmaceutiques ayant connu la croissance la plus rapide dans le monde durant ses 10 premi\u00e8res ann\u00e9es d&#8217;existence. Ses deux domaines d&#8217;expertise sont la pharmacie et la biologie. <strong>Ils s&#8217;efforcent toujours de trouver de meilleurs rem\u00e8des aux maladies existantes et nouvelles, permettant ainsi d\u2019am\u00e9liorer la sant\u00e9 animale et la productivit\u00e9.<\/strong><br \/>\n<strong>Ceva affiche son soutien et sa contribution \u00e0 divers programmes sociaux et caritatifs dans le monde entier.<\/strong> Son travail int\u00e8gre la recherche, le d\u00e9veloppement, la fabrication et la distribution de produits v\u00e9t\u00e9rinaires aupr\u00e8s des \u00e9leveurs les plus pauvres dans le monde.<\/p>\n","protected":false},"excerpt":{"rendered":"<div><\/div>\n<p>Les lamelles Prozym, \u00e0 la fois naturelles et savoureuses, sont id\u00e9ales pour satisfaire m\u00eame les chiens les plus exigeants. Elles agissent efficacement contre la formation de la plaque dentaire.<\/p>\n<p><strong>Utilisation :<\/strong><\/p>\n<ul>\n<li>Chien de petite race (entre 5 et 15 kg)<\/li>\n<li>1 lamelle par jour, de pr\u00e9f\u00e9rence apr\u00e8s le repas.<\/li>\n<\/ul>\n","protected":false},"featured_media":950849,"template":"","meta":[],"product_cat":[2698,12610,12561],"product_tag":[],"class_list":{"0":"post-35162","1":"product","2":"type-product","3":"status-publish","4":"has-post-thumbnail","6":"product_cat-chien","7":"product_cat-hygiene-bucco-dentaire-du-chien","8":"product_cat-hygiene-du-chien","9":"pa_marque-ceva","11":"first","12":"instock","13":"taxable","14":"shipping-taxable","15":"purchasable","16":"product-type-simple"},"yoast_head":"<!-- This site is optimized with the Yoast SEO plugin v27.3 - https:\/\/yoast.com\/product\/yoast-seo-wordpress\/ -->\n<title>Prozym Prozym Canin Lamelles S Ceva - V\u00e9torino<\/title>\n<meta name=\"description\" content=\"Naturelles et app\u00e9tentes, les lamelles Prozym satisferont tous les chiens, m\u00eame les plus difficiles. Elles agissent directement contre la formation de la plaque dentaire.\" \/>\n<meta name=\"robots\" content=\"noindex, nofollow\" \/>\n<meta property=\"og:locale\" content=\"fr_FR\" \/>\n<meta property=\"og:type\" content=\"article\" \/>\n<meta property=\"og:title\" content=\"Prozym Prozym Canin Lamelles S Ceva - V\u00e9torino\" \/>\n<meta property=\"og:description\" content=\"Naturelles et app\u00e9tentes, les lamelles Prozym satisferont tous les chiens, m\u00eame les plus difficiles. Elles agissent directement contre la formation de la plaque dentaire.\" \/>\n<meta property=\"og:url\" content=\"https:\/\/www.vetorino.com\/veterinaire\/beugnies-59216\/boutique\/product\/prozym-canin-mini\/\" \/>\n<meta property=\"og:site_name\" content=\"V\u00e9torino\" \/>\n<meta property=\"article:publisher\" content=\"https:\/\/www.facebook.com\/Vetorino\/\" \/>\n<meta property=\"article:modified_time\" content=\"2024-06-18T14:33:03+00:00\" \/>\n<meta property=\"og:image\" content=\"https:\/\/www.vetorino.com\/boutique\/wp-content\/uploads\/2020\/03\/b68ea77d004bf2c9c4d8f03627846a43.webp\" \/>\n\t<meta property=\"og:image:width\" content=\"650\" \/>\n\t<meta property=\"og:image:height\" content=\"650\" \/>\n\t<meta property=\"og:image:type\" content=\"image\/webp\" \/>\n<meta name=\"twitter:card\" content=\"summary_large_image\" \/>\n<meta name=\"twitter:label1\" content=\"Prix\" \/>\n\t<meta name=\"twitter:data1\" content=\"3,90&euro;\" \/>\n\t<meta name=\"twitter:label2\" content=\"Disponibilit\u00e9\" \/>\n\t<meta name=\"twitter:data2\" content=\"En stock\" \/>\n<script type=\"application\/ld+json\" class=\"yoast-schema-graph\">{\"@context\":\"https:\\\/\\\/schema.org\",\"@graph\":[{\"@type\":\"WebPage\",\"@id\":\"https:\\\/\\\/www.vetorino.com\\\/boutique\\\/product\\\/prozym-canin-mini\\\/\",\"url\":\"https:\\\/\\\/www.vetorino.com\\\/boutique\\\/product\\\/prozym-canin-mini\\\/\",\"name\":\"Prozym Prozym Canin Lamelles S Ceva - V\u00e9torino\",\"isPartOf\":{\"@id\":\"https:\\\/\\\/www.vetorino.com\\\/boutique\\\/#website\"},\"primaryImageOfPage\":{\"@id\":\"https:\\\/\\\/www.vetorino.com\\\/boutique\\\/product\\\/prozym-canin-mini\\\/#primaryimage\"},\"image\":{\"@id\":\"https:\\\/\\\/www.vetorino.com\\\/boutique\\\/product\\\/prozym-canin-mini\\\/#primaryimage\"},\"thumbnailUrl\":\"https:\\\/\\\/www.vetorino.com\\\/boutique\\\/wp-content\\\/uploads\\\/2020\\\/03\\\/b68ea77d004bf2c9c4d8f03627846a43.webp\",\"datePublished\":\"2020-03-04T21:54:12+00:00\",\"dateModified\":\"2024-06-18T14:33:03+00:00\",\"description\":\"Naturelles et app\u00e9tentes, les lamelles Prozym satisferont tous les chiens, m\u00eame les plus difficiles. Elles agissent directement contre la formation de la plaque dentaire.\",\"breadcrumb\":{\"@id\":\"https:\\\/\\\/www.vetorino.com\\\/boutique\\\/product\\\/prozym-canin-mini\\\/#breadcrumb\"},\"inLanguage\":\"fr-FR\",\"potentialAction\":[{\"@type\":\"ReadAction\",\"target\":[\"https:\\\/\\\/www.vetorino.com\\\/boutique\\\/product\\\/prozym-canin-mini\\\/\"]}]},{\"@type\":\"ImageObject\",\"inLanguage\":\"fr-FR\",\"@id\":\"https:\\\/\\\/www.vetorino.com\\\/boutique\\\/product\\\/prozym-canin-mini\\\/#primaryimage\",\"url\":\"https:\\\/\\\/www.vetorino.com\\\/boutique\\\/wp-content\\\/uploads\\\/2020\\\/03\\\/b68ea77d004bf2c9c4d8f03627846a43.webp\",\"contentUrl\":\"https:\\\/\\\/www.vetorino.com\\\/boutique\\\/wp-content\\\/uploads\\\/2020\\\/03\\\/b68ea77d004bf2c9c4d8f03627846a43.webp\",\"width\":650,\"height\":650},{\"@type\":\"BreadcrumbList\",\"@id\":\"https:\\\/\\\/www.vetorino.com\\\/boutique\\\/product\\\/prozym-canin-mini\\\/#breadcrumb\",\"itemListElement\":[{\"@type\":\"ListItem\",\"position\":1,\"name\":\"Accueil\",\"item\":\"https:\\\/\\\/www.vetorino.com\\\/boutique\\\/\"},{\"@type\":\"ListItem\",\"position\":2,\"name\":\"Produits\",\"item\":\"https:\\\/\\\/www.vetorino.com\\\/boutique\\\/\"},{\"@type\":\"ListItem\",\"position\":3,\"name\":\"Prozym Canin Lamelles S\"}]},{\"@type\":\"WebSite\",\"@id\":\"https:\\\/\\\/www.vetorino.com\\\/boutique\\\/#website\",\"url\":\"https:\\\/\\\/www.vetorino.com\\\/boutique\\\/\",\"name\":\"V\u00e9torino\",\"description\":\"\",\"publisher\":{\"@id\":\"https:\\\/\\\/www.vetorino.com\\\/boutique\\\/#organization\"},\"potentialAction\":[{\"@type\":\"SearchAction\",\"target\":{\"@type\":\"EntryPoint\",\"urlTemplate\":\"https:\\\/\\\/www.vetorino.com\\\/boutique\\\/?s={search_term_string}\"},\"query-input\":{\"@type\":\"PropertyValueSpecification\",\"valueRequired\":true,\"valueName\":\"search_term_string\"}}],\"inLanguage\":\"fr-FR\"},{\"@type\":\"Organization\",\"@id\":\"https:\\\/\\\/www.vetorino.com\\\/boutique\\\/#organization\",\"name\":\"V\u00e9torino\",\"url\":\"https:\\\/\\\/www.vetorino.com\\\/boutique\\\/\",\"logo\":{\"@type\":\"ImageObject\",\"inLanguage\":\"fr-FR\",\"@id\":\"https:\\\/\\\/www.vetorino.com\\\/boutique\\\/#\\\/schema\\\/logo\\\/image\\\/\",\"url\":\"https:\\\/\\\/www.vetorino.com\\\/boutique\\\/wp-content\\\/uploads\\\/2024\\\/10\\\/logo.jpg\",\"contentUrl\":\"https:\\\/\\\/www.vetorino.com\\\/boutique\\\/wp-content\\\/uploads\\\/2024\\\/10\\\/logo.jpg\",\"width\":1200,\"height\":610,\"caption\":\"V\u00e9torino\"},\"image\":{\"@id\":\"https:\\\/\\\/www.vetorino.com\\\/boutique\\\/#\\\/schema\\\/logo\\\/image\\\/\"},\"sameAs\":[\"https:\\\/\\\/www.facebook.com\\\/Vetorino\\\/\",\"https:\\\/\\\/www.instagram.com\\\/vetorino_off\\\/\",\"https:\\\/\\\/www.linkedin.com\\\/company\\\/vtorino\\\/\"]}]}<\/script>\n<meta property=\"product:brand\" content=\"Ceva\" \/>\n<meta property=\"product:price:amount\" content=\"3.90\" \/>\n<meta property=\"product:price:currency\" content=\"EUR\" \/>\n<meta property=\"og:availability\" content=\"instock\" \/>\n<meta property=\"product:availability\" content=\"instock\" \/>\n<meta property=\"product:retailer_item_id\" content=\"A-1829720\" \/>\n<meta property=\"product:condition\" content=\"new\" \/>\n<!-- \/ Yoast SEO plugin. -->","yoast_head_json":{"title":"Prozym Prozym Canin Lamelles S Ceva - V\u00e9torino","description":"Naturelles et app\u00e9tentes, les lamelles Prozym satisferont tous les chiens, m\u00eame les plus difficiles. Elles agissent directement contre la formation de la plaque dentaire.","robots":{"index":"noindex","follow":"nofollow"},"og_locale":"fr_FR","og_type":"article","og_title":"Prozym Prozym Canin Lamelles S Ceva - V\u00e9torino","og_description":"Naturelles et app\u00e9tentes, les lamelles Prozym satisferont tous les chiens, m\u00eame les plus difficiles. Elles agissent directement contre la formation de la plaque dentaire.","og_url":"https:\/\/www.vetorino.com\/veterinaire\/beugnies-59216\/boutique\/product\/prozym-canin-mini\/","og_site_name":"V\u00e9torino","article_publisher":"https:\/\/www.facebook.com\/Vetorino\/","article_modified_time":"2024-06-18T14:33:03+00:00","og_image":[{"width":650,"height":650,"url":"https:\/\/www.vetorino.com\/boutique\/wp-content\/uploads\/2020\/03\/b68ea77d004bf2c9c4d8f03627846a43.webp","type":"image\/webp"}],"twitter_card":"summary_large_image","twitter_misc":{"Prix":"3,90&euro;","Disponibilit\u00e9":"En stock"},"schema":{"@context":"https:\/\/schema.org","@graph":[{"@type":"WebPage","@id":"https:\/\/www.vetorino.com\/boutique\/product\/prozym-canin-mini\/","url":"https:\/\/www.vetorino.com\/boutique\/product\/prozym-canin-mini\/","name":"Prozym Prozym Canin Lamelles S Ceva - V\u00e9torino","isPartOf":{"@id":"https:\/\/www.vetorino.com\/boutique\/#website"},"primaryImageOfPage":{"@id":"https:\/\/www.vetorino.com\/boutique\/product\/prozym-canin-mini\/#primaryimage"},"image":{"@id":"https:\/\/www.vetorino.com\/boutique\/product\/prozym-canin-mini\/#primaryimage"},"thumbnailUrl":"https:\/\/www.vetorino.com\/boutique\/wp-content\/uploads\/2020\/03\/b68ea77d004bf2c9c4d8f03627846a43.webp","datePublished":"2020-03-04T21:54:12+00:00","dateModified":"2024-06-18T14:33:03+00:00","description":"Naturelles et app\u00e9tentes, les lamelles Prozym satisferont tous les chiens, m\u00eame les plus difficiles. Elles agissent directement contre la formation de la plaque dentaire.","breadcrumb":{"@id":"https:\/\/www.vetorino.com\/boutique\/product\/prozym-canin-mini\/#breadcrumb"},"inLanguage":"fr-FR","potentialAction":[{"@type":"ReadAction","target":["https:\/\/www.vetorino.com\/boutique\/product\/prozym-canin-mini\/"]}]},{"@type":"ImageObject","inLanguage":"fr-FR","@id":"https:\/\/www.vetorino.com\/boutique\/product\/prozym-canin-mini\/#primaryimage","url":"https:\/\/www.vetorino.com\/boutique\/wp-content\/uploads\/2020\/03\/b68ea77d004bf2c9c4d8f03627846a43.webp","contentUrl":"https:\/\/www.vetorino.com\/boutique\/wp-content\/uploads\/2020\/03\/b68ea77d004bf2c9c4d8f03627846a43.webp","width":650,"height":650},{"@type":"BreadcrumbList","@id":"https:\/\/www.vetorino.com\/boutique\/product\/prozym-canin-mini\/#breadcrumb","itemListElement":[{"@type":"ListItem","position":1,"name":"Accueil","item":"https:\/\/www.vetorino.com\/boutique\/"},{"@type":"ListItem","position":2,"name":"Produits","item":"https:\/\/www.vetorino.com\/boutique\/"},{"@type":"ListItem","position":3,"name":"Prozym Canin Lamelles S"}]},{"@type":"WebSite","@id":"https:\/\/www.vetorino.com\/boutique\/#website","url":"https:\/\/www.vetorino.com\/boutique\/","name":"V\u00e9torino","description":"","publisher":{"@id":"https:\/\/www.vetorino.com\/boutique\/#organization"},"potentialAction":[{"@type":"SearchAction","target":{"@type":"EntryPoint","urlTemplate":"https:\/\/www.vetorino.com\/boutique\/?s={search_term_string}"},"query-input":{"@type":"PropertyValueSpecification","valueRequired":true,"valueName":"search_term_string"}}],"inLanguage":"fr-FR"},{"@type":"Organization","@id":"https:\/\/www.vetorino.com\/boutique\/#organization","name":"V\u00e9torino","url":"https:\/\/www.vetorino.com\/boutique\/","logo":{"@type":"ImageObject","inLanguage":"fr-FR","@id":"https:\/\/www.vetorino.com\/boutique\/#\/schema\/logo\/image\/","url":"https:\/\/www.vetorino.com\/boutique\/wp-content\/uploads\/2024\/10\/logo.jpg","contentUrl":"https:\/\/www.vetorino.com\/boutique\/wp-content\/uploads\/2024\/10\/logo.jpg","width":1200,"height":610,"caption":"V\u00e9torino"},"image":{"@id":"https:\/\/www.vetorino.com\/boutique\/#\/schema\/logo\/image\/"},"sameAs":["https:\/\/www.facebook.com\/Vetorino\/","https:\/\/www.instagram.com\/vetorino_off\/","https:\/\/www.linkedin.com\/company\/vtorino\/"]}]},"product_brand":"Ceva","product_price_amount":"3.90","product_price_currency":"EUR","og_availability":"instock","product_availability":"instock","product_retailer_item_id":"A-1829720","product_condition":"new"},"_links":{"self":[{"href":"https:\/\/www.vetorino.com\/veterinaire\/beugnies-59216\/boutique\/wp-json\/wp\/v2\/product\/35162","targetHints":{"allow":["GET"]}}],"collection":[{"href":"https:\/\/www.vetorino.com\/veterinaire\/beugnies-59216\/boutique\/wp-json\/wp\/v2\/product"}],"about":[{"href":"https:\/\/www.vetorino.com\/veterinaire\/beugnies-59216\/boutique\/wp-json\/wp\/v2\/types\/product"}],"wp:featuredmedia":[{"embeddable":true,"href":"https:\/\/www.vetorino.com\/veterinaire\/beugnies-59216\/boutique\/wp-json\/wp\/v2\/media\/950849"}],"wp:attachment":[{"href":"https:\/\/www.vetorino.com\/veterinaire\/beugnies-59216\/boutique\/wp-json\/wp\/v2\/media?parent=35162"}],"wp:term":[{"taxonomy":"product_cat","embeddable":true,"href":"https:\/\/www.vetorino.com\/veterinaire\/beugnies-59216\/boutique\/wp-json\/wp\/v2\/product_cat?post=35162"},{"taxonomy":"product_tag","embeddable":true,"href":"https:\/\/www.vetorino.com\/veterinaire\/beugnies-59216\/boutique\/wp-json\/wp\/v2\/product_tag?post=35162"}],"curies":[{"name":"wp","href":"https:\/\/api.w.org\/{rel}","templated":true}]}}