{"id":35469,"date":"2020-03-04T22:55:56","date_gmt":"2020-03-04T21:55:56","guid":{"rendered":"https:\/\/www.vetorino.com\/boutique\/product\/bamboostick\/"},"modified":"2024-04-25T11:19:11","modified_gmt":"2024-04-25T09:19:11","slug":"bamboostick","status":"publish","type":"product","link":"https:\/\/www.vetorino.com\/veterinaire\/beugnies-59216\/boutique\/product\/bamboostick\/","title":{"rendered":"Bamboostick\u00ae"},"content":{"rendered":"<p><b>Caract\u00e9risiques<\/b><br \/>\nCes b\u00e2tonnets 100% biod\u00e9gradables, ont \u00e9t\u00e9 sp\u00e9cialement \u00e9tudi\u00e9s pour les oreilles des grands chiens. Ils permettent d&#8217;absorber rapidement le liquide r\u00e9siduel et d?\u00e9liminer les salet\u00e9s sur le pavillon et l&#8217;entr\u00e9e du conduit auditif. La forme et la dimension des b\u00e2tonnets emp\u00eachent de franchir ce coude et d&#8217;atteindre le tympan pour un nettoyage en toute s\u00e9curit\u00e9. Longueur : 14 cm, diam\u00e8tre : 8 mm. Conditionnement : Sachet de 50 b\u00e2tonnets.<br \/>\n<b>Bon \u00e0 savoir<\/b><br \/>\nDemandez conseil \u00e0 votre v\u00e9t\u00e9rinaire. Lire attentivement la notice. Tenir la t\u00eate du chien puis verser quelque ml de liquide nettoyant dans le conduit auditif. Masser la base du conduit auditif pendant environ une minute. Laisser le chien secouer la t\u00eate puis utiliser un b\u00e2tonnet pour absorber le liquide restant et \u00e9liminer les salet\u00e9s et les s\u00e9cr\u00e9tions coll\u00e9es sur le pavillon et l?entr\u00e9e du conduit auditif.COMPOSITION Embout ouat\u00e9\u00a0: 100% d?ouate de coton de qualit\u00e9 m\u00e9dicale, b\u00e2tonnet\u00a0: 100% de bois de bambou.<\/p>\n","protected":false},"excerpt":{"rendered":"<p><strong>BambooStick<\/strong>\u00ae est un b\u00e2tonnet ouat\u00e9 de grand format, sp\u00e9cialement \u00e9tudi\u00e9 pour les soins des oreilles des chiens.<br \/>\nSurface de coton importante pour un nettoyage complet et efficace.<br \/>\n<strong>Capacit\u00e9 dabsorption 12 fois sup\u00e9rieure<\/strong> \u00e0 celle dun coton-tige \u00abhumain\u00bb.<br \/>\nS\u00e9curit\u00e9 dutilisation : permet de nettoyer loreille sans risque pour le tympan.<br \/>\nPermet un soin rapide, facile et sans douleur. \u00b7 100 % biod\u00e9gradable : peut \u00eatre incin\u00e9r\u00e9 sans pollution.<\/p>\n","protected":false},"featured_media":905070,"template":"","meta":[],"product_cat":[2698,12614,12561],"product_tag":[],"class_list":{"0":"post-35469","1":"product","2":"type-product","3":"status-publish","4":"has-post-thumbnail","6":"product_cat-chien","7":"product_cat-hygiene-des-oreilles-du-chien","8":"product_cat-hygiene-du-chien","9":"pa_marque-bamboostick","11":"first","12":"instock","13":"taxable","14":"shipping-taxable","15":"purchasable","16":"product-type-variable"},"yoast_head":"<!-- This site is optimized with the Yoast SEO plugin v27.3 - https:\/\/yoast.com\/product\/yoast-seo-wordpress\/ -->\n<title>Bamboostick\u00ae Bamboostick - V\u00e9torino<\/title>\n<meta name=\"description\" content=\"BambooStick\u00ae est un b\u00e2tonnet ouat\u00e9 de grand format, sp\u00e9cialement \u00e9tudi\u00e9 pour les soins des oreilles des chiens. Surface de coton importante pour un nettoyage complet et efficace. Capacit\u00e9 dabsorption 12 fois sup\u00e9rieure \u00e0 celle dun coton-tige \u00abhumain\u00bb. S\u00e9curit\u00e9 dutilisation : permet de nettoyer loreille sans risque pour le tympan. Permet un soin rapide, facile et sans douleur. \u00b7 100 % biod\u00e9gradable : peut \u00eatre incin\u00e9r\u00e9 sans pollution.\" \/>\n<meta name=\"robots\" content=\"noindex, nofollow\" \/>\n<meta property=\"og:locale\" content=\"fr_FR\" \/>\n<meta property=\"og:type\" content=\"article\" \/>\n<meta property=\"og:title\" content=\"Bamboostick\u00ae Bamboostick - V\u00e9torino\" \/>\n<meta property=\"og:description\" content=\"BambooStick\u00ae est un b\u00e2tonnet ouat\u00e9 de grand format, sp\u00e9cialement \u00e9tudi\u00e9 pour les soins des oreilles des chiens. Surface de coton importante pour un nettoyage complet et efficace. Capacit\u00e9 dabsorption 12 fois sup\u00e9rieure \u00e0 celle dun coton-tige \u00abhumain\u00bb. S\u00e9curit\u00e9 dutilisation : permet de nettoyer loreille sans risque pour le tympan. Permet un soin rapide, facile et sans douleur. \u00b7 100 % biod\u00e9gradable : peut \u00eatre incin\u00e9r\u00e9 sans pollution.\" \/>\n<meta property=\"og:url\" content=\"https:\/\/www.vetorino.com\/veterinaire\/beugnies-59216\/boutique\/product\/bamboostick\/\" \/>\n<meta property=\"og:site_name\" content=\"V\u00e9torino\" \/>\n<meta property=\"article:publisher\" content=\"https:\/\/www.facebook.com\/Vetorino\/\" \/>\n<meta property=\"article:modified_time\" content=\"2024-04-25T09:19:11+00:00\" \/>\n<meta property=\"og:image\" content=\"https:\/\/www.vetorino.com\/boutique\/wp-content\/uploads\/2020\/03\/8218394-2-9.jpg\" \/>\n\t<meta property=\"og:image:width\" content=\"567\" \/>\n\t<meta property=\"og:image:height\" content=\"425\" \/>\n\t<meta property=\"og:image:type\" content=\"image\/jpeg\" \/>\n<meta name=\"twitter:card\" content=\"summary_large_image\" \/>\n<meta name=\"twitter:label1\" content=\"Disponibilit\u00e9\" \/>\n\t<meta name=\"twitter:data1\" content=\"En stock\" \/>\n<script type=\"application\/ld+json\" class=\"yoast-schema-graph\">{\"@context\":\"https:\\\/\\\/schema.org\",\"@graph\":[{\"@type\":\"WebPage\",\"@id\":\"https:\\\/\\\/www.vetorino.com\\\/boutique\\\/product\\\/bamboostick\\\/\",\"url\":\"https:\\\/\\\/www.vetorino.com\\\/boutique\\\/product\\\/bamboostick\\\/\",\"name\":\"Bamboostick\u00ae Bamboostick - V\u00e9torino\",\"isPartOf\":{\"@id\":\"https:\\\/\\\/www.vetorino.com\\\/boutique\\\/#website\"},\"primaryImageOfPage\":{\"@id\":\"https:\\\/\\\/www.vetorino.com\\\/boutique\\\/product\\\/bamboostick\\\/#primaryimage\"},\"image\":{\"@id\":\"https:\\\/\\\/www.vetorino.com\\\/boutique\\\/product\\\/bamboostick\\\/#primaryimage\"},\"thumbnailUrl\":\"https:\\\/\\\/www.vetorino.com\\\/boutique\\\/wp-content\\\/uploads\\\/2020\\\/03\\\/8218394-2-9.jpg\",\"datePublished\":\"2020-03-04T21:55:56+00:00\",\"dateModified\":\"2024-04-25T09:19:11+00:00\",\"description\":\"BambooStick\u00ae est un b\u00e2tonnet ouat\u00e9 de grand format, sp\u00e9cialement \u00e9tudi\u00e9 pour les soins des oreilles des chiens. Surface de coton importante pour un nettoyage complet et efficace. Capacit\u00e9 dabsorption 12 fois sup\u00e9rieure \u00e0 celle dun coton-tige \u00abhumain\u00bb. S\u00e9curit\u00e9 dutilisation : permet de nettoyer loreille sans risque pour le tympan. Permet un soin rapide, facile et sans douleur. \u00b7 100 % biod\u00e9gradable : peut \u00eatre incin\u00e9r\u00e9 sans pollution.\",\"breadcrumb\":{\"@id\":\"https:\\\/\\\/www.vetorino.com\\\/boutique\\\/product\\\/bamboostick\\\/#breadcrumb\"},\"inLanguage\":\"fr-FR\",\"potentialAction\":[{\"@type\":\"ReadAction\",\"target\":[\"https:\\\/\\\/www.vetorino.com\\\/boutique\\\/product\\\/bamboostick\\\/\"]}]},{\"@type\":\"ImageObject\",\"inLanguage\":\"fr-FR\",\"@id\":\"https:\\\/\\\/www.vetorino.com\\\/boutique\\\/product\\\/bamboostick\\\/#primaryimage\",\"url\":\"https:\\\/\\\/www.vetorino.com\\\/boutique\\\/wp-content\\\/uploads\\\/2020\\\/03\\\/8218394-2-9.jpg\",\"contentUrl\":\"https:\\\/\\\/www.vetorino.com\\\/boutique\\\/wp-content\\\/uploads\\\/2020\\\/03\\\/8218394-2-9.jpg\",\"width\":567,\"height\":425},{\"@type\":\"BreadcrumbList\",\"@id\":\"https:\\\/\\\/www.vetorino.com\\\/boutique\\\/product\\\/bamboostick\\\/#breadcrumb\",\"itemListElement\":[{\"@type\":\"ListItem\",\"position\":1,\"name\":\"Accueil\",\"item\":\"https:\\\/\\\/www.vetorino.com\\\/boutique\\\/\"},{\"@type\":\"ListItem\",\"position\":2,\"name\":\"Produits\",\"item\":\"https:\\\/\\\/www.vetorino.com\\\/boutique\\\/\"},{\"@type\":\"ListItem\",\"position\":3,\"name\":\"Bamboostick\u00ae\"}]},{\"@type\":\"WebSite\",\"@id\":\"https:\\\/\\\/www.vetorino.com\\\/boutique\\\/#website\",\"url\":\"https:\\\/\\\/www.vetorino.com\\\/boutique\\\/\",\"name\":\"V\u00e9torino\",\"description\":\"\",\"publisher\":{\"@id\":\"https:\\\/\\\/www.vetorino.com\\\/boutique\\\/#organization\"},\"potentialAction\":[{\"@type\":\"SearchAction\",\"target\":{\"@type\":\"EntryPoint\",\"urlTemplate\":\"https:\\\/\\\/www.vetorino.com\\\/boutique\\\/?s={search_term_string}\"},\"query-input\":{\"@type\":\"PropertyValueSpecification\",\"valueRequired\":true,\"valueName\":\"search_term_string\"}}],\"inLanguage\":\"fr-FR\"},{\"@type\":\"Organization\",\"@id\":\"https:\\\/\\\/www.vetorino.com\\\/boutique\\\/#organization\",\"name\":\"V\u00e9torino\",\"url\":\"https:\\\/\\\/www.vetorino.com\\\/boutique\\\/\",\"logo\":{\"@type\":\"ImageObject\",\"inLanguage\":\"fr-FR\",\"@id\":\"https:\\\/\\\/www.vetorino.com\\\/boutique\\\/#\\\/schema\\\/logo\\\/image\\\/\",\"url\":\"https:\\\/\\\/www.vetorino.com\\\/boutique\\\/wp-content\\\/uploads\\\/2024\\\/10\\\/logo.jpg\",\"contentUrl\":\"https:\\\/\\\/www.vetorino.com\\\/boutique\\\/wp-content\\\/uploads\\\/2024\\\/10\\\/logo.jpg\",\"width\":1200,\"height\":610,\"caption\":\"V\u00e9torino\"},\"image\":{\"@id\":\"https:\\\/\\\/www.vetorino.com\\\/boutique\\\/#\\\/schema\\\/logo\\\/image\\\/\"},\"sameAs\":[\"https:\\\/\\\/www.facebook.com\\\/Vetorino\\\/\",\"https:\\\/\\\/www.instagram.com\\\/vetorino_off\\\/\",\"https:\\\/\\\/www.linkedin.com\\\/company\\\/vtorino\\\/\"]}]}<\/script>\n<meta property=\"product:brand\" content=\"Bamboostick\" \/>\n<meta property=\"og:availability\" content=\"instock\" \/>\n<meta property=\"product:availability\" content=\"instock\" \/>\n<meta property=\"product:condition\" content=\"new\" \/>\n<!-- \/ Yoast SEO plugin. -->","yoast_head_json":{"title":"Bamboostick\u00ae Bamboostick - V\u00e9torino","description":"BambooStick\u00ae est un b\u00e2tonnet ouat\u00e9 de grand format, sp\u00e9cialement \u00e9tudi\u00e9 pour les soins des oreilles des chiens. Surface de coton importante pour un nettoyage complet et efficace. Capacit\u00e9 dabsorption 12 fois sup\u00e9rieure \u00e0 celle dun coton-tige \u00abhumain\u00bb. S\u00e9curit\u00e9 dutilisation : permet de nettoyer loreille sans risque pour le tympan. Permet un soin rapide, facile et sans douleur. \u00b7 100 % biod\u00e9gradable : peut \u00eatre incin\u00e9r\u00e9 sans pollution.","robots":{"index":"noindex","follow":"nofollow"},"og_locale":"fr_FR","og_type":"article","og_title":"Bamboostick\u00ae Bamboostick - V\u00e9torino","og_description":"BambooStick\u00ae est un b\u00e2tonnet ouat\u00e9 de grand format, sp\u00e9cialement \u00e9tudi\u00e9 pour les soins des oreilles des chiens. Surface de coton importante pour un nettoyage complet et efficace. Capacit\u00e9 dabsorption 12 fois sup\u00e9rieure \u00e0 celle dun coton-tige \u00abhumain\u00bb. S\u00e9curit\u00e9 dutilisation : permet de nettoyer loreille sans risque pour le tympan. Permet un soin rapide, facile et sans douleur. \u00b7 100 % biod\u00e9gradable : peut \u00eatre incin\u00e9r\u00e9 sans pollution.","og_url":"https:\/\/www.vetorino.com\/veterinaire\/beugnies-59216\/boutique\/product\/bamboostick\/","og_site_name":"V\u00e9torino","article_publisher":"https:\/\/www.facebook.com\/Vetorino\/","article_modified_time":"2024-04-25T09:19:11+00:00","og_image":[{"width":567,"height":425,"url":"https:\/\/www.vetorino.com\/boutique\/wp-content\/uploads\/2020\/03\/8218394-2-9.jpg","type":"image\/jpeg"}],"twitter_card":"summary_large_image","twitter_misc":{"Disponibilit\u00e9":"En stock"},"schema":{"@context":"https:\/\/schema.org","@graph":[{"@type":"WebPage","@id":"https:\/\/www.vetorino.com\/boutique\/product\/bamboostick\/","url":"https:\/\/www.vetorino.com\/boutique\/product\/bamboostick\/","name":"Bamboostick\u00ae Bamboostick - V\u00e9torino","isPartOf":{"@id":"https:\/\/www.vetorino.com\/boutique\/#website"},"primaryImageOfPage":{"@id":"https:\/\/www.vetorino.com\/boutique\/product\/bamboostick\/#primaryimage"},"image":{"@id":"https:\/\/www.vetorino.com\/boutique\/product\/bamboostick\/#primaryimage"},"thumbnailUrl":"https:\/\/www.vetorino.com\/boutique\/wp-content\/uploads\/2020\/03\/8218394-2-9.jpg","datePublished":"2020-03-04T21:55:56+00:00","dateModified":"2024-04-25T09:19:11+00:00","description":"BambooStick\u00ae est un b\u00e2tonnet ouat\u00e9 de grand format, sp\u00e9cialement \u00e9tudi\u00e9 pour les soins des oreilles des chiens. Surface de coton importante pour un nettoyage complet et efficace. Capacit\u00e9 dabsorption 12 fois sup\u00e9rieure \u00e0 celle dun coton-tige \u00abhumain\u00bb. S\u00e9curit\u00e9 dutilisation : permet de nettoyer loreille sans risque pour le tympan. Permet un soin rapide, facile et sans douleur. \u00b7 100 % biod\u00e9gradable : peut \u00eatre incin\u00e9r\u00e9 sans pollution.","breadcrumb":{"@id":"https:\/\/www.vetorino.com\/boutique\/product\/bamboostick\/#breadcrumb"},"inLanguage":"fr-FR","potentialAction":[{"@type":"ReadAction","target":["https:\/\/www.vetorino.com\/boutique\/product\/bamboostick\/"]}]},{"@type":"ImageObject","inLanguage":"fr-FR","@id":"https:\/\/www.vetorino.com\/boutique\/product\/bamboostick\/#primaryimage","url":"https:\/\/www.vetorino.com\/boutique\/wp-content\/uploads\/2020\/03\/8218394-2-9.jpg","contentUrl":"https:\/\/www.vetorino.com\/boutique\/wp-content\/uploads\/2020\/03\/8218394-2-9.jpg","width":567,"height":425},{"@type":"BreadcrumbList","@id":"https:\/\/www.vetorino.com\/boutique\/product\/bamboostick\/#breadcrumb","itemListElement":[{"@type":"ListItem","position":1,"name":"Accueil","item":"https:\/\/www.vetorino.com\/boutique\/"},{"@type":"ListItem","position":2,"name":"Produits","item":"https:\/\/www.vetorino.com\/boutique\/"},{"@type":"ListItem","position":3,"name":"Bamboostick\u00ae"}]},{"@type":"WebSite","@id":"https:\/\/www.vetorino.com\/boutique\/#website","url":"https:\/\/www.vetorino.com\/boutique\/","name":"V\u00e9torino","description":"","publisher":{"@id":"https:\/\/www.vetorino.com\/boutique\/#organization"},"potentialAction":[{"@type":"SearchAction","target":{"@type":"EntryPoint","urlTemplate":"https:\/\/www.vetorino.com\/boutique\/?s={search_term_string}"},"query-input":{"@type":"PropertyValueSpecification","valueRequired":true,"valueName":"search_term_string"}}],"inLanguage":"fr-FR"},{"@type":"Organization","@id":"https:\/\/www.vetorino.com\/boutique\/#organization","name":"V\u00e9torino","url":"https:\/\/www.vetorino.com\/boutique\/","logo":{"@type":"ImageObject","inLanguage":"fr-FR","@id":"https:\/\/www.vetorino.com\/boutique\/#\/schema\/logo\/image\/","url":"https:\/\/www.vetorino.com\/boutique\/wp-content\/uploads\/2024\/10\/logo.jpg","contentUrl":"https:\/\/www.vetorino.com\/boutique\/wp-content\/uploads\/2024\/10\/logo.jpg","width":1200,"height":610,"caption":"V\u00e9torino"},"image":{"@id":"https:\/\/www.vetorino.com\/boutique\/#\/schema\/logo\/image\/"},"sameAs":["https:\/\/www.facebook.com\/Vetorino\/","https:\/\/www.instagram.com\/vetorino_off\/","https:\/\/www.linkedin.com\/company\/vtorino\/"]}]},"product_brand":"Bamboostick","og_availability":"instock","product_availability":"instock","product_condition":"new"},"_links":{"self":[{"href":"https:\/\/www.vetorino.com\/veterinaire\/beugnies-59216\/boutique\/wp-json\/wp\/v2\/product\/35469","targetHints":{"allow":["GET"]}}],"collection":[{"href":"https:\/\/www.vetorino.com\/veterinaire\/beugnies-59216\/boutique\/wp-json\/wp\/v2\/product"}],"about":[{"href":"https:\/\/www.vetorino.com\/veterinaire\/beugnies-59216\/boutique\/wp-json\/wp\/v2\/types\/product"}],"wp:featuredmedia":[{"embeddable":true,"href":"https:\/\/www.vetorino.com\/veterinaire\/beugnies-59216\/boutique\/wp-json\/wp\/v2\/media\/905070"}],"wp:attachment":[{"href":"https:\/\/www.vetorino.com\/veterinaire\/beugnies-59216\/boutique\/wp-json\/wp\/v2\/media?parent=35469"}],"wp:term":[{"taxonomy":"product_cat","embeddable":true,"href":"https:\/\/www.vetorino.com\/veterinaire\/beugnies-59216\/boutique\/wp-json\/wp\/v2\/product_cat?post=35469"},{"taxonomy":"product_tag","embeddable":true,"href":"https:\/\/www.vetorino.com\/veterinaire\/beugnies-59216\/boutique\/wp-json\/wp\/v2\/product_tag?post=35469"}],"curies":[{"name":"wp","href":"https:\/\/api.w.org\/{rel}","templated":true}]}}