{"id":36156,"date":"2020-03-04T23:02:05","date_gmt":"2020-03-04T22:02:05","guid":{"rendered":"https:\/\/www.vetorino.com\/boutique\/product\/securiderm-baume\/"},"modified":"2024-06-27T12:16:37","modified_gmt":"2024-06-27T10:16:37","slug":"securiderm-baume","status":"publish","type":"product","link":"https:\/\/www.vetorino.com\/veterinaire\/beugnies-59216\/boutique\/product\/securiderm-baume\/","title":{"rendered":"Securiderm Baume"},"content":{"rendered":"<p>SECURIDERM Baume est destin\u00e9 aux chiens et chats afin d\u2019am\u00e9liorer leurs <strong>probl\u00e8mes dermatologiques<\/strong> associ\u00e9s notamment \u00e0 une composante de stress.<\/p>\n<p>SECURIDERM BAUME est formul\u00e9 avec de l\u2019<strong>huile essentielle de Thym blanc et de la Propolis<\/strong>, des <strong>ingr\u00e9dients naturels poss\u00e9dant des propri\u00e9t\u00e9s antiseptiques<\/strong>.<\/p>\n<p>L\u2019association de la Securidaca, reconnue pour ses <strong>propri\u00e9t\u00e9s anti-inflammatoires<\/strong>, de la Vaseline et de la Lanoline apporte une <strong>sensation d\u2019apaisement et de douceur<\/strong> \u00e0 votre animal.<\/p>\n<p>Conseils d\u2019utilisation<\/p>\n<p>Apr\u00e8s nettoyage et d\u00e9sinfection de la l\u00e9sion, proc\u00e9der \u00e0 un s\u00e9chage au moyen d\u2019une compresse, puis appliquer le baume sur la l\u00e9sion.<\/p>\n<p>A utiliser une ou plusieurs fois par jour.<\/p>\n<p>Eviter le l\u00e9chage en isolant la l\u00e9sion, \u00e0 l\u2019aide d\u2019un pansement ou d\u2019une collerette.<\/p>\n","protected":false},"excerpt":{"rendered":"<p>SECURIDERM BAUME est formul\u00e9 avec de l\u2019<strong>huile essentielle de Thym blanc et de la Propolis<\/strong>, des <strong>ingr\u00e9dients naturels poss\u00e9dant des propri\u00e9t\u00e9s antiseptiques<\/strong>.<\/p>\n","protected":false},"featured_media":958223,"template":"","meta":[],"product_cat":[2697,2698,12611,12612,12560,12561],"product_tag":[],"class_list":{"0":"post-36156","1":"product","2":"type-product","3":"status-publish","4":"has-post-thumbnail","6":"product_cat-chat","7":"product_cat-chien","8":"product_cat-hygiene-de-la-peau-et-du-pelage-du-chat","9":"product_cat-hygiene-de-la-peau-et-du-pelage-du-chien","10":"product_cat-hygiene-du-chat","11":"product_cat-hygiene-du-chien","12":"pa_marque-greenvet","14":"first","15":"instock","16":"taxable","17":"shipping-taxable","18":"purchasable","19":"product-type-simple"},"yoast_head":"<!-- This site is optimized with the Yoast SEO plugin v27.3 - https:\/\/yoast.com\/product\/yoast-seo-wordpress\/ -->\n<title>Securiderm Baume Greenvet - V\u00e9torino<\/title>\n<meta name=\"description\" content=\"SECURIDERM BAUME est formul\u00e9 avec de l\u2019huile essentielle de Thym blanc et de la Propolis, des ingr\u00e9dients naturels poss\u00e9dant des propri\u00e9t\u00e9s antiseptiques.\" \/>\n<meta name=\"robots\" content=\"noindex, nofollow\" \/>\n<meta property=\"og:locale\" content=\"fr_FR\" \/>\n<meta property=\"og:type\" content=\"article\" \/>\n<meta property=\"og:title\" content=\"Securiderm Baume Greenvet - V\u00e9torino\" \/>\n<meta property=\"og:description\" content=\"SECURIDERM BAUME est formul\u00e9 avec de l\u2019huile essentielle de Thym blanc et de la Propolis, des ingr\u00e9dients naturels poss\u00e9dant des propri\u00e9t\u00e9s antiseptiques.\" \/>\n<meta property=\"og:url\" content=\"https:\/\/www.vetorino.com\/veterinaire\/beugnies-59216\/boutique\/product\/securiderm-baume\/\" \/>\n<meta property=\"og:site_name\" content=\"V\u00e9torino\" \/>\n<meta property=\"article:publisher\" content=\"https:\/\/www.facebook.com\/Vetorino\/\" \/>\n<meta property=\"article:modified_time\" content=\"2024-06-27T10:16:37+00:00\" \/>\n<meta property=\"og:image\" content=\"https:\/\/www.vetorino.com\/boutique\/wp-content\/uploads\/2020\/03\/securiderm-baume.webp\" \/>\n\t<meta property=\"og:image:width\" content=\"800\" \/>\n\t<meta property=\"og:image:height\" content=\"800\" \/>\n\t<meta property=\"og:image:type\" content=\"image\/webp\" \/>\n<meta name=\"twitter:card\" content=\"summary_large_image\" \/>\n<meta name=\"twitter:label1\" content=\"Prix\" \/>\n\t<meta name=\"twitter:data1\" content=\"13,49&euro;\" \/>\n\t<meta name=\"twitter:label2\" content=\"Disponibilit\u00e9\" \/>\n\t<meta name=\"twitter:data2\" content=\"En stock\" \/>\n<script type=\"application\/ld+json\" class=\"yoast-schema-graph\">{\"@context\":\"https:\\\/\\\/schema.org\",\"@graph\":[{\"@type\":\"WebPage\",\"@id\":\"https:\\\/\\\/www.vetorino.com\\\/boutique\\\/product\\\/securiderm-baume\\\/\",\"url\":\"https:\\\/\\\/www.vetorino.com\\\/boutique\\\/product\\\/securiderm-baume\\\/\",\"name\":\"Securiderm Baume Greenvet - V\u00e9torino\",\"isPartOf\":{\"@id\":\"https:\\\/\\\/www.vetorino.com\\\/boutique\\\/#website\"},\"primaryImageOfPage\":{\"@id\":\"https:\\\/\\\/www.vetorino.com\\\/boutique\\\/product\\\/securiderm-baume\\\/#primaryimage\"},\"image\":{\"@id\":\"https:\\\/\\\/www.vetorino.com\\\/boutique\\\/product\\\/securiderm-baume\\\/#primaryimage\"},\"thumbnailUrl\":\"https:\\\/\\\/www.vetorino.com\\\/boutique\\\/wp-content\\\/uploads\\\/2020\\\/03\\\/securiderm-baume.webp\",\"datePublished\":\"2020-03-04T22:02:05+00:00\",\"dateModified\":\"2024-06-27T10:16:37+00:00\",\"description\":\"SECURIDERM BAUME est formul\u00e9 avec de l\u2019huile essentielle de Thym blanc et de la Propolis, des ingr\u00e9dients naturels poss\u00e9dant des propri\u00e9t\u00e9s antiseptiques.\",\"breadcrumb\":{\"@id\":\"https:\\\/\\\/www.vetorino.com\\\/boutique\\\/product\\\/securiderm-baume\\\/#breadcrumb\"},\"inLanguage\":\"fr-FR\",\"potentialAction\":[{\"@type\":\"ReadAction\",\"target\":[\"https:\\\/\\\/www.vetorino.com\\\/boutique\\\/product\\\/securiderm-baume\\\/\"]}]},{\"@type\":\"ImageObject\",\"inLanguage\":\"fr-FR\",\"@id\":\"https:\\\/\\\/www.vetorino.com\\\/boutique\\\/product\\\/securiderm-baume\\\/#primaryimage\",\"url\":\"https:\\\/\\\/www.vetorino.com\\\/boutique\\\/wp-content\\\/uploads\\\/2020\\\/03\\\/securiderm-baume.webp\",\"contentUrl\":\"https:\\\/\\\/www.vetorino.com\\\/boutique\\\/wp-content\\\/uploads\\\/2020\\\/03\\\/securiderm-baume.webp\",\"width\":800,\"height\":800},{\"@type\":\"BreadcrumbList\",\"@id\":\"https:\\\/\\\/www.vetorino.com\\\/boutique\\\/product\\\/securiderm-baume\\\/#breadcrumb\",\"itemListElement\":[{\"@type\":\"ListItem\",\"position\":1,\"name\":\"Accueil\",\"item\":\"https:\\\/\\\/www.vetorino.com\\\/boutique\\\/\"},{\"@type\":\"ListItem\",\"position\":2,\"name\":\"Produits\",\"item\":\"https:\\\/\\\/www.vetorino.com\\\/boutique\\\/\"},{\"@type\":\"ListItem\",\"position\":3,\"name\":\"Securiderm Baume\"}]},{\"@type\":\"WebSite\",\"@id\":\"https:\\\/\\\/www.vetorino.com\\\/boutique\\\/#website\",\"url\":\"https:\\\/\\\/www.vetorino.com\\\/boutique\\\/\",\"name\":\"V\u00e9torino\",\"description\":\"\",\"publisher\":{\"@id\":\"https:\\\/\\\/www.vetorino.com\\\/boutique\\\/#organization\"},\"potentialAction\":[{\"@type\":\"SearchAction\",\"target\":{\"@type\":\"EntryPoint\",\"urlTemplate\":\"https:\\\/\\\/www.vetorino.com\\\/boutique\\\/?s={search_term_string}\"},\"query-input\":{\"@type\":\"PropertyValueSpecification\",\"valueRequired\":true,\"valueName\":\"search_term_string\"}}],\"inLanguage\":\"fr-FR\"},{\"@type\":\"Organization\",\"@id\":\"https:\\\/\\\/www.vetorino.com\\\/boutique\\\/#organization\",\"name\":\"V\u00e9torino\",\"url\":\"https:\\\/\\\/www.vetorino.com\\\/boutique\\\/\",\"logo\":{\"@type\":\"ImageObject\",\"inLanguage\":\"fr-FR\",\"@id\":\"https:\\\/\\\/www.vetorino.com\\\/boutique\\\/#\\\/schema\\\/logo\\\/image\\\/\",\"url\":\"https:\\\/\\\/www.vetorino.com\\\/boutique\\\/wp-content\\\/uploads\\\/2024\\\/10\\\/logo.jpg\",\"contentUrl\":\"https:\\\/\\\/www.vetorino.com\\\/boutique\\\/wp-content\\\/uploads\\\/2024\\\/10\\\/logo.jpg\",\"width\":1200,\"height\":610,\"caption\":\"V\u00e9torino\"},\"image\":{\"@id\":\"https:\\\/\\\/www.vetorino.com\\\/boutique\\\/#\\\/schema\\\/logo\\\/image\\\/\"},\"sameAs\":[\"https:\\\/\\\/www.facebook.com\\\/Vetorino\\\/\",\"https:\\\/\\\/www.instagram.com\\\/vetorino_off\\\/\",\"https:\\\/\\\/www.linkedin.com\\\/company\\\/vtorino\\\/\"]}]}<\/script>\n<meta property=\"product:brand\" content=\"Greenvet\" \/>\n<meta property=\"product:price:amount\" content=\"13.49\" \/>\n<meta property=\"product:price:currency\" content=\"EUR\" \/>\n<meta property=\"og:availability\" content=\"instock\" \/>\n<meta property=\"product:availability\" content=\"instock\" \/>\n<meta property=\"product:retailer_item_id\" content=\"A-8119166\" \/>\n<meta property=\"product:condition\" content=\"new\" \/>\n<!-- \/ Yoast SEO plugin. -->","yoast_head_json":{"title":"Securiderm Baume Greenvet - V\u00e9torino","description":"SECURIDERM BAUME est formul\u00e9 avec de l\u2019huile essentielle de Thym blanc et de la Propolis, des ingr\u00e9dients naturels poss\u00e9dant des propri\u00e9t\u00e9s antiseptiques.","robots":{"index":"noindex","follow":"nofollow"},"og_locale":"fr_FR","og_type":"article","og_title":"Securiderm Baume Greenvet - V\u00e9torino","og_description":"SECURIDERM BAUME est formul\u00e9 avec de l\u2019huile essentielle de Thym blanc et de la Propolis, des ingr\u00e9dients naturels poss\u00e9dant des propri\u00e9t\u00e9s antiseptiques.","og_url":"https:\/\/www.vetorino.com\/veterinaire\/beugnies-59216\/boutique\/product\/securiderm-baume\/","og_site_name":"V\u00e9torino","article_publisher":"https:\/\/www.facebook.com\/Vetorino\/","article_modified_time":"2024-06-27T10:16:37+00:00","og_image":[{"width":800,"height":800,"url":"https:\/\/www.vetorino.com\/boutique\/wp-content\/uploads\/2020\/03\/securiderm-baume.webp","type":"image\/webp"}],"twitter_card":"summary_large_image","twitter_misc":{"Prix":"13,49&euro;","Disponibilit\u00e9":"En stock"},"schema":{"@context":"https:\/\/schema.org","@graph":[{"@type":"WebPage","@id":"https:\/\/www.vetorino.com\/boutique\/product\/securiderm-baume\/","url":"https:\/\/www.vetorino.com\/boutique\/product\/securiderm-baume\/","name":"Securiderm Baume Greenvet - V\u00e9torino","isPartOf":{"@id":"https:\/\/www.vetorino.com\/boutique\/#website"},"primaryImageOfPage":{"@id":"https:\/\/www.vetorino.com\/boutique\/product\/securiderm-baume\/#primaryimage"},"image":{"@id":"https:\/\/www.vetorino.com\/boutique\/product\/securiderm-baume\/#primaryimage"},"thumbnailUrl":"https:\/\/www.vetorino.com\/boutique\/wp-content\/uploads\/2020\/03\/securiderm-baume.webp","datePublished":"2020-03-04T22:02:05+00:00","dateModified":"2024-06-27T10:16:37+00:00","description":"SECURIDERM BAUME est formul\u00e9 avec de l\u2019huile essentielle de Thym blanc et de la Propolis, des ingr\u00e9dients naturels poss\u00e9dant des propri\u00e9t\u00e9s antiseptiques.","breadcrumb":{"@id":"https:\/\/www.vetorino.com\/boutique\/product\/securiderm-baume\/#breadcrumb"},"inLanguage":"fr-FR","potentialAction":[{"@type":"ReadAction","target":["https:\/\/www.vetorino.com\/boutique\/product\/securiderm-baume\/"]}]},{"@type":"ImageObject","inLanguage":"fr-FR","@id":"https:\/\/www.vetorino.com\/boutique\/product\/securiderm-baume\/#primaryimage","url":"https:\/\/www.vetorino.com\/boutique\/wp-content\/uploads\/2020\/03\/securiderm-baume.webp","contentUrl":"https:\/\/www.vetorino.com\/boutique\/wp-content\/uploads\/2020\/03\/securiderm-baume.webp","width":800,"height":800},{"@type":"BreadcrumbList","@id":"https:\/\/www.vetorino.com\/boutique\/product\/securiderm-baume\/#breadcrumb","itemListElement":[{"@type":"ListItem","position":1,"name":"Accueil","item":"https:\/\/www.vetorino.com\/boutique\/"},{"@type":"ListItem","position":2,"name":"Produits","item":"https:\/\/www.vetorino.com\/boutique\/"},{"@type":"ListItem","position":3,"name":"Securiderm Baume"}]},{"@type":"WebSite","@id":"https:\/\/www.vetorino.com\/boutique\/#website","url":"https:\/\/www.vetorino.com\/boutique\/","name":"V\u00e9torino","description":"","publisher":{"@id":"https:\/\/www.vetorino.com\/boutique\/#organization"},"potentialAction":[{"@type":"SearchAction","target":{"@type":"EntryPoint","urlTemplate":"https:\/\/www.vetorino.com\/boutique\/?s={search_term_string}"},"query-input":{"@type":"PropertyValueSpecification","valueRequired":true,"valueName":"search_term_string"}}],"inLanguage":"fr-FR"},{"@type":"Organization","@id":"https:\/\/www.vetorino.com\/boutique\/#organization","name":"V\u00e9torino","url":"https:\/\/www.vetorino.com\/boutique\/","logo":{"@type":"ImageObject","inLanguage":"fr-FR","@id":"https:\/\/www.vetorino.com\/boutique\/#\/schema\/logo\/image\/","url":"https:\/\/www.vetorino.com\/boutique\/wp-content\/uploads\/2024\/10\/logo.jpg","contentUrl":"https:\/\/www.vetorino.com\/boutique\/wp-content\/uploads\/2024\/10\/logo.jpg","width":1200,"height":610,"caption":"V\u00e9torino"},"image":{"@id":"https:\/\/www.vetorino.com\/boutique\/#\/schema\/logo\/image\/"},"sameAs":["https:\/\/www.facebook.com\/Vetorino\/","https:\/\/www.instagram.com\/vetorino_off\/","https:\/\/www.linkedin.com\/company\/vtorino\/"]}]},"product_brand":"Greenvet","product_price_amount":"13.49","product_price_currency":"EUR","og_availability":"instock","product_availability":"instock","product_retailer_item_id":"A-8119166","product_condition":"new"},"_links":{"self":[{"href":"https:\/\/www.vetorino.com\/veterinaire\/beugnies-59216\/boutique\/wp-json\/wp\/v2\/product\/36156","targetHints":{"allow":["GET"]}}],"collection":[{"href":"https:\/\/www.vetorino.com\/veterinaire\/beugnies-59216\/boutique\/wp-json\/wp\/v2\/product"}],"about":[{"href":"https:\/\/www.vetorino.com\/veterinaire\/beugnies-59216\/boutique\/wp-json\/wp\/v2\/types\/product"}],"wp:featuredmedia":[{"embeddable":true,"href":"https:\/\/www.vetorino.com\/veterinaire\/beugnies-59216\/boutique\/wp-json\/wp\/v2\/media\/958223"}],"wp:attachment":[{"href":"https:\/\/www.vetorino.com\/veterinaire\/beugnies-59216\/boutique\/wp-json\/wp\/v2\/media?parent=36156"}],"wp:term":[{"taxonomy":"product_cat","embeddable":true,"href":"https:\/\/www.vetorino.com\/veterinaire\/beugnies-59216\/boutique\/wp-json\/wp\/v2\/product_cat?post=36156"},{"taxonomy":"product_tag","embeddable":true,"href":"https:\/\/www.vetorino.com\/veterinaire\/beugnies-59216\/boutique\/wp-json\/wp\/v2\/product_tag?post=36156"}],"curies":[{"name":"wp","href":"https:\/\/api.w.org\/{rel}","templated":true}]}}