{"id":37091,"date":"2020-03-04T23:12:07","date_gmt":"2020-03-04T22:12:07","guid":{"rendered":"https:\/\/www.vetorino.com\/boutique\/product\/laisse-metal\/"},"modified":"2024-07-16T10:54:03","modified_gmt":"2024-07-16T08:54:03","slug":"laisse-metal","status":"publish","type":"product","link":"https:\/\/www.vetorino.com\/veterinaire\/beugnies-59216\/boutique\/product\/laisse-metal\/","title":{"rendered":"LAISSE METAL FINE 1M NATUREL"},"content":{"rendered":"<p>Poign\u00e9e ouvrante, en cuir pleine fleur, permettant d&#8217;attacher le chien \u00e0 un support.<\/p>\n<p>La laisse m\u00e9tallique plus ou moins \u00e9paisse avec une poign\u00e9e en cuir r\u00e9siste particuli\u00e8rement bien aux coups de dents.<\/p>\n<p><strong>Dimensions :<\/strong><\/p>\n<ul>\n<li>Laisse Fine &#8211; 1\u00a0m\u00e8tre<\/li>\n<li>Laisse\u00a0Moyenne &#8211; 1\u00a0m\u00e8tre<\/li>\n<li>Laisse\u00a0Forte &#8211; 1 m\u00e8tre<\/li>\n<li>Laisse\u00a0Courte &#8211; 40 cm<\/li>\n<\/ul>\n","protected":false},"excerpt":{"rendered":"<p>Poign\u00e9e ouvrante, en cuir pleine fleur, permettant d&#8217;attacher le chien \u00e0 un support.<\/p>\n<p>La laisse m\u00e9tallique plus ou moins \u00e9paisse avec une poign\u00e9e en cuir r\u00e9siste particuli\u00e8rement bien aux coups de dents.<\/p>\n<p><strong>Dimensions :<\/strong><\/p>\n<ul>\n<li>Laisse Fine &#8211; 1\u00a0m\u00e8tre<\/li>\n<li>Laisse\u00a0Moyenne &#8211; 1\u00a0m\u00e8tre<\/li>\n<li>Laisse\u00a0Forte &#8211; 1 m\u00e8tre<\/li>\n<li>Laisse\u00a0Courte &#8211; 40 cm<\/li>\n<\/ul>\n","protected":false},"featured_media":690942,"template":"","meta":[],"product_cat":[12550,2698,2777],"product_tag":[],"class_list":{"0":"post-37091","1":"product","2":"type-product","3":"status-publish","4":"has-post-thumbnail","6":"product_cat-accessoires-du-chien","7":"product_cat-chien","8":"product_cat-colliers-laisses-et-harnais-pour-chien","9":"pa_marque-wouapy","11":"first","12":"instock","13":"taxable","14":"shipping-taxable","15":"purchasable","16":"product-type-variable"},"yoast_head":"<!-- This site is optimized with the Yoast SEO plugin v27.3 - https:\/\/yoast.com\/product\/yoast-seo-wordpress\/ -->\n<title>LAISSE METAL FINE 1M NATUREL Wouapy - V\u00e9torino<\/title>\n<meta name=\"description\" content=\"Poign\u00e9e ouvrante, en cuir pleine fleur, permettant d&#039;attacher le chien \u00e0 un support.  La laisse m\u00e9tallique plus ou moins \u00e9paisse avec une poign\u00e9e en cuir r\u00e9siste particuli\u00e8rement bien aux coups de dents.  Dimensions :   Laisse Fine - 1\u00a0m\u00e8tre  Laisse\u00a0Moyenne - 1\u00a0m\u00e8tre  Laisse\u00a0Forte - 1 m\u00e8tre  Laisse\u00a0Courte - 40 cm\" \/>\n<meta name=\"robots\" content=\"noindex, nofollow\" \/>\n<meta property=\"og:locale\" content=\"fr_FR\" \/>\n<meta property=\"og:type\" content=\"article\" \/>\n<meta property=\"og:title\" content=\"LAISSE METAL FINE 1M NATUREL Wouapy - V\u00e9torino\" \/>\n<meta property=\"og:description\" content=\"Poign\u00e9e ouvrante, en cuir pleine fleur, permettant d&#039;attacher le chien \u00e0 un support.  La laisse m\u00e9tallique plus ou moins \u00e9paisse avec une poign\u00e9e en cuir r\u00e9siste particuli\u00e8rement bien aux coups de dents.  Dimensions :   Laisse Fine - 1\u00a0m\u00e8tre  Laisse\u00a0Moyenne - 1\u00a0m\u00e8tre  Laisse\u00a0Forte - 1 m\u00e8tre  Laisse\u00a0Courte - 40 cm\" \/>\n<meta property=\"og:url\" content=\"https:\/\/www.vetorino.com\/veterinaire\/beugnies-59216\/boutique\/product\/laisse-metal\/\" \/>\n<meta property=\"og:site_name\" content=\"V\u00e9torino\" \/>\n<meta property=\"article:publisher\" content=\"https:\/\/www.facebook.com\/Vetorino\/\" \/>\n<meta property=\"article:modified_time\" content=\"2024-07-16T08:54:03+00:00\" \/>\n<meta property=\"og:image\" content=\"https:\/\/www.vetorino.com\/boutique\/wp-content\/uploads\/2020\/03\/laisse-metal-fine-1m-naturel-13.jpg\" \/>\n\t<meta property=\"og:image:width\" content=\"700\" \/>\n\t<meta property=\"og:image:height\" content=\"800\" \/>\n\t<meta property=\"og:image:type\" content=\"image\/jpeg\" \/>\n<meta name=\"twitter:card\" content=\"summary_large_image\" \/>\n<meta name=\"twitter:label1\" content=\"Disponibilit\u00e9\" \/>\n\t<meta name=\"twitter:data1\" content=\"En stock\" \/>\n<script type=\"application\/ld+json\" class=\"yoast-schema-graph\">{\"@context\":\"https:\\\/\\\/schema.org\",\"@graph\":[{\"@type\":\"WebPage\",\"@id\":\"https:\\\/\\\/www.vetorino.com\\\/boutique\\\/product\\\/laisse-metal\\\/\",\"url\":\"https:\\\/\\\/www.vetorino.com\\\/boutique\\\/product\\\/laisse-metal\\\/\",\"name\":\"LAISSE METAL FINE 1M NATUREL Wouapy - V\u00e9torino\",\"isPartOf\":{\"@id\":\"https:\\\/\\\/www.vetorino.com\\\/boutique\\\/#website\"},\"primaryImageOfPage\":{\"@id\":\"https:\\\/\\\/www.vetorino.com\\\/boutique\\\/product\\\/laisse-metal\\\/#primaryimage\"},\"image\":{\"@id\":\"https:\\\/\\\/www.vetorino.com\\\/boutique\\\/product\\\/laisse-metal\\\/#primaryimage\"},\"thumbnailUrl\":\"https:\\\/\\\/www.vetorino.com\\\/boutique\\\/wp-content\\\/uploads\\\/2020\\\/03\\\/laisse-metal-fine-1m-naturel-13.jpg\",\"datePublished\":\"2020-03-04T22:12:07+00:00\",\"dateModified\":\"2024-07-16T08:54:03+00:00\",\"description\":\"Poign\u00e9e ouvrante, en cuir pleine fleur, permettant d'attacher le chien \u00e0 un support. La laisse m\u00e9tallique plus ou moins \u00e9paisse avec une poign\u00e9e en cuir r\u00e9siste particuli\u00e8rement bien aux coups de dents. Dimensions : Laisse Fine - 1\u00a0m\u00e8tre Laisse\u00a0Moyenne - 1\u00a0m\u00e8tre Laisse\u00a0Forte - 1 m\u00e8tre Laisse\u00a0Courte - 40 cm\",\"breadcrumb\":{\"@id\":\"https:\\\/\\\/www.vetorino.com\\\/boutique\\\/product\\\/laisse-metal\\\/#breadcrumb\"},\"inLanguage\":\"fr-FR\",\"potentialAction\":[{\"@type\":\"ReadAction\",\"target\":[\"https:\\\/\\\/www.vetorino.com\\\/boutique\\\/product\\\/laisse-metal\\\/\"]}]},{\"@type\":\"ImageObject\",\"inLanguage\":\"fr-FR\",\"@id\":\"https:\\\/\\\/www.vetorino.com\\\/boutique\\\/product\\\/laisse-metal\\\/#primaryimage\",\"url\":\"https:\\\/\\\/www.vetorino.com\\\/boutique\\\/wp-content\\\/uploads\\\/2020\\\/03\\\/laisse-metal-fine-1m-naturel-13.jpg\",\"contentUrl\":\"https:\\\/\\\/www.vetorino.com\\\/boutique\\\/wp-content\\\/uploads\\\/2020\\\/03\\\/laisse-metal-fine-1m-naturel-13.jpg\",\"width\":700,\"height\":800},{\"@type\":\"BreadcrumbList\",\"@id\":\"https:\\\/\\\/www.vetorino.com\\\/boutique\\\/product\\\/laisse-metal\\\/#breadcrumb\",\"itemListElement\":[{\"@type\":\"ListItem\",\"position\":1,\"name\":\"Accueil\",\"item\":\"https:\\\/\\\/www.vetorino.com\\\/boutique\\\/\"},{\"@type\":\"ListItem\",\"position\":2,\"name\":\"Produits\",\"item\":\"https:\\\/\\\/www.vetorino.com\\\/boutique\\\/\"},{\"@type\":\"ListItem\",\"position\":3,\"name\":\"LAISSE METAL FINE 1M NATUREL\"}]},{\"@type\":\"WebSite\",\"@id\":\"https:\\\/\\\/www.vetorino.com\\\/boutique\\\/#website\",\"url\":\"https:\\\/\\\/www.vetorino.com\\\/boutique\\\/\",\"name\":\"V\u00e9torino\",\"description\":\"\",\"publisher\":{\"@id\":\"https:\\\/\\\/www.vetorino.com\\\/boutique\\\/#organization\"},\"potentialAction\":[{\"@type\":\"SearchAction\",\"target\":{\"@type\":\"EntryPoint\",\"urlTemplate\":\"https:\\\/\\\/www.vetorino.com\\\/boutique\\\/?s={search_term_string}\"},\"query-input\":{\"@type\":\"PropertyValueSpecification\",\"valueRequired\":true,\"valueName\":\"search_term_string\"}}],\"inLanguage\":\"fr-FR\"},{\"@type\":\"Organization\",\"@id\":\"https:\\\/\\\/www.vetorino.com\\\/boutique\\\/#organization\",\"name\":\"V\u00e9torino\",\"url\":\"https:\\\/\\\/www.vetorino.com\\\/boutique\\\/\",\"logo\":{\"@type\":\"ImageObject\",\"inLanguage\":\"fr-FR\",\"@id\":\"https:\\\/\\\/www.vetorino.com\\\/boutique\\\/#\\\/schema\\\/logo\\\/image\\\/\",\"url\":\"https:\\\/\\\/www.vetorino.com\\\/boutique\\\/wp-content\\\/uploads\\\/2024\\\/10\\\/logo.jpg\",\"contentUrl\":\"https:\\\/\\\/www.vetorino.com\\\/boutique\\\/wp-content\\\/uploads\\\/2024\\\/10\\\/logo.jpg\",\"width\":1200,\"height\":610,\"caption\":\"V\u00e9torino\"},\"image\":{\"@id\":\"https:\\\/\\\/www.vetorino.com\\\/boutique\\\/#\\\/schema\\\/logo\\\/image\\\/\"},\"sameAs\":[\"https:\\\/\\\/www.facebook.com\\\/Vetorino\\\/\",\"https:\\\/\\\/www.instagram.com\\\/vetorino_off\\\/\",\"https:\\\/\\\/www.linkedin.com\\\/company\\\/vtorino\\\/\"]}]}<\/script>\n<meta property=\"product:brand\" content=\"Wouapy\" \/>\n<meta property=\"og:availability\" content=\"instock\" \/>\n<meta property=\"product:availability\" content=\"instock\" \/>\n<meta property=\"product:condition\" content=\"new\" \/>\n<!-- \/ Yoast SEO plugin. -->","yoast_head_json":{"title":"LAISSE METAL FINE 1M NATUREL Wouapy - V\u00e9torino","description":"Poign\u00e9e ouvrante, en cuir pleine fleur, permettant d'attacher le chien \u00e0 un support.  La laisse m\u00e9tallique plus ou moins \u00e9paisse avec une poign\u00e9e en cuir r\u00e9siste particuli\u00e8rement bien aux coups de dents.  Dimensions :   Laisse Fine - 1\u00a0m\u00e8tre  Laisse\u00a0Moyenne - 1\u00a0m\u00e8tre  Laisse\u00a0Forte - 1 m\u00e8tre  Laisse\u00a0Courte - 40 cm","robots":{"index":"noindex","follow":"nofollow"},"og_locale":"fr_FR","og_type":"article","og_title":"LAISSE METAL FINE 1M NATUREL Wouapy - V\u00e9torino","og_description":"Poign\u00e9e ouvrante, en cuir pleine fleur, permettant d'attacher le chien \u00e0 un support.  La laisse m\u00e9tallique plus ou moins \u00e9paisse avec une poign\u00e9e en cuir r\u00e9siste particuli\u00e8rement bien aux coups de dents.  Dimensions :   Laisse Fine - 1\u00a0m\u00e8tre  Laisse\u00a0Moyenne - 1\u00a0m\u00e8tre  Laisse\u00a0Forte - 1 m\u00e8tre  Laisse\u00a0Courte - 40 cm","og_url":"https:\/\/www.vetorino.com\/veterinaire\/beugnies-59216\/boutique\/product\/laisse-metal\/","og_site_name":"V\u00e9torino","article_publisher":"https:\/\/www.facebook.com\/Vetorino\/","article_modified_time":"2024-07-16T08:54:03+00:00","og_image":[{"width":700,"height":800,"url":"https:\/\/www.vetorino.com\/boutique\/wp-content\/uploads\/2020\/03\/laisse-metal-fine-1m-naturel-13.jpg","type":"image\/jpeg"}],"twitter_card":"summary_large_image","twitter_misc":{"Disponibilit\u00e9":"En stock"},"schema":{"@context":"https:\/\/schema.org","@graph":[{"@type":"WebPage","@id":"https:\/\/www.vetorino.com\/boutique\/product\/laisse-metal\/","url":"https:\/\/www.vetorino.com\/boutique\/product\/laisse-metal\/","name":"LAISSE METAL FINE 1M NATUREL Wouapy - V\u00e9torino","isPartOf":{"@id":"https:\/\/www.vetorino.com\/boutique\/#website"},"primaryImageOfPage":{"@id":"https:\/\/www.vetorino.com\/boutique\/product\/laisse-metal\/#primaryimage"},"image":{"@id":"https:\/\/www.vetorino.com\/boutique\/product\/laisse-metal\/#primaryimage"},"thumbnailUrl":"https:\/\/www.vetorino.com\/boutique\/wp-content\/uploads\/2020\/03\/laisse-metal-fine-1m-naturel-13.jpg","datePublished":"2020-03-04T22:12:07+00:00","dateModified":"2024-07-16T08:54:03+00:00","description":"Poign\u00e9e ouvrante, en cuir pleine fleur, permettant d'attacher le chien \u00e0 un support. La laisse m\u00e9tallique plus ou moins \u00e9paisse avec une poign\u00e9e en cuir r\u00e9siste particuli\u00e8rement bien aux coups de dents. Dimensions : Laisse Fine - 1\u00a0m\u00e8tre Laisse\u00a0Moyenne - 1\u00a0m\u00e8tre Laisse\u00a0Forte - 1 m\u00e8tre Laisse\u00a0Courte - 40 cm","breadcrumb":{"@id":"https:\/\/www.vetorino.com\/boutique\/product\/laisse-metal\/#breadcrumb"},"inLanguage":"fr-FR","potentialAction":[{"@type":"ReadAction","target":["https:\/\/www.vetorino.com\/boutique\/product\/laisse-metal\/"]}]},{"@type":"ImageObject","inLanguage":"fr-FR","@id":"https:\/\/www.vetorino.com\/boutique\/product\/laisse-metal\/#primaryimage","url":"https:\/\/www.vetorino.com\/boutique\/wp-content\/uploads\/2020\/03\/laisse-metal-fine-1m-naturel-13.jpg","contentUrl":"https:\/\/www.vetorino.com\/boutique\/wp-content\/uploads\/2020\/03\/laisse-metal-fine-1m-naturel-13.jpg","width":700,"height":800},{"@type":"BreadcrumbList","@id":"https:\/\/www.vetorino.com\/boutique\/product\/laisse-metal\/#breadcrumb","itemListElement":[{"@type":"ListItem","position":1,"name":"Accueil","item":"https:\/\/www.vetorino.com\/boutique\/"},{"@type":"ListItem","position":2,"name":"Produits","item":"https:\/\/www.vetorino.com\/boutique\/"},{"@type":"ListItem","position":3,"name":"LAISSE METAL FINE 1M NATUREL"}]},{"@type":"WebSite","@id":"https:\/\/www.vetorino.com\/boutique\/#website","url":"https:\/\/www.vetorino.com\/boutique\/","name":"V\u00e9torino","description":"","publisher":{"@id":"https:\/\/www.vetorino.com\/boutique\/#organization"},"potentialAction":[{"@type":"SearchAction","target":{"@type":"EntryPoint","urlTemplate":"https:\/\/www.vetorino.com\/boutique\/?s={search_term_string}"},"query-input":{"@type":"PropertyValueSpecification","valueRequired":true,"valueName":"search_term_string"}}],"inLanguage":"fr-FR"},{"@type":"Organization","@id":"https:\/\/www.vetorino.com\/boutique\/#organization","name":"V\u00e9torino","url":"https:\/\/www.vetorino.com\/boutique\/","logo":{"@type":"ImageObject","inLanguage":"fr-FR","@id":"https:\/\/www.vetorino.com\/boutique\/#\/schema\/logo\/image\/","url":"https:\/\/www.vetorino.com\/boutique\/wp-content\/uploads\/2024\/10\/logo.jpg","contentUrl":"https:\/\/www.vetorino.com\/boutique\/wp-content\/uploads\/2024\/10\/logo.jpg","width":1200,"height":610,"caption":"V\u00e9torino"},"image":{"@id":"https:\/\/www.vetorino.com\/boutique\/#\/schema\/logo\/image\/"},"sameAs":["https:\/\/www.facebook.com\/Vetorino\/","https:\/\/www.instagram.com\/vetorino_off\/","https:\/\/www.linkedin.com\/company\/vtorino\/"]}]},"product_brand":"Wouapy","og_availability":"instock","product_availability":"instock","product_condition":"new"},"_links":{"self":[{"href":"https:\/\/www.vetorino.com\/veterinaire\/beugnies-59216\/boutique\/wp-json\/wp\/v2\/product\/37091","targetHints":{"allow":["GET"]}}],"collection":[{"href":"https:\/\/www.vetorino.com\/veterinaire\/beugnies-59216\/boutique\/wp-json\/wp\/v2\/product"}],"about":[{"href":"https:\/\/www.vetorino.com\/veterinaire\/beugnies-59216\/boutique\/wp-json\/wp\/v2\/types\/product"}],"wp:featuredmedia":[{"embeddable":true,"href":"https:\/\/www.vetorino.com\/veterinaire\/beugnies-59216\/boutique\/wp-json\/wp\/v2\/media\/690942"}],"wp:attachment":[{"href":"https:\/\/www.vetorino.com\/veterinaire\/beugnies-59216\/boutique\/wp-json\/wp\/v2\/media?parent=37091"}],"wp:term":[{"taxonomy":"product_cat","embeddable":true,"href":"https:\/\/www.vetorino.com\/veterinaire\/beugnies-59216\/boutique\/wp-json\/wp\/v2\/product_cat?post=37091"},{"taxonomy":"product_tag","embeddable":true,"href":"https:\/\/www.vetorino.com\/veterinaire\/beugnies-59216\/boutique\/wp-json\/wp\/v2\/product_tag?post=37091"}],"curies":[{"name":"wp","href":"https:\/\/api.w.org\/{rel}","templated":true}]}}