{"id":37120,"date":"2020-03-04T23:12:16","date_gmt":"2020-03-04T22:12:16","guid":{"rendered":"https:\/\/www.vetorino.com\/boutique\/product\/collier-molosse\/"},"modified":"2024-07-12T16:59:36","modified_gmt":"2024-07-12T14:59:36","slug":"collier-molosse","status":"publish","type":"product","link":"https:\/\/www.vetorino.com\/veterinaire\/beugnies-59216\/boutique\/product\/collier-molosse\/","title":{"rendered":"Collier pour molosse"},"content":{"rendered":"<p>Le <strong>collier molosse Bobby<\/strong>\u00a0a \u00e9t\u00e9 sp\u00e9cialement con\u00e7u pour l&#8217;\u00e9ducation ou une utilisation intense des chiens.\u00a0Ce collier comprend une poign\u00e9e bomb\u00e9e pour un meilleur maintien de l\u2019animal et le confort du ma\u00eetre. Il permet d&#8217;attraper votre chien directement, avant m\u00eame d&#8217;attacher la laisse.<\/p>\n<ul>\n<li>Mati\u00e8re : cuir<\/li>\n<li>Coloris : noir<\/li>\n<li>Convient aux grands et tr\u00e8s grands chiens<\/li>\n<\/ul>\n<h3><strong>Guide des tailles\u00a0<\/strong><\/h3>\n<div class=\"table_container\">\n<table border=\"1\" cellspacing=\"1\" cellpadding=\"1\">\n<thead>\n<tr>\n<th scope=\"col\">Taille<\/th>\n<th scope=\"col\">Longueur (cm)<\/th>\n<th scope=\"col\">Largueur (mm)<\/th>\n<\/tr>\n<\/thead>\n<tbody>\n<tr>\n<td>1<\/td>\n<td>65 cm<\/td>\n<td>47 mm<\/td>\n<\/tr>\n<tr>\n<td>3<\/td>\n<td>85 cm<\/td>\n<td>47 mm<\/td>\n<\/tr>\n<\/tbody>\n<\/table>\n<\/div>\n","protected":false},"excerpt":{"rendered":"<p>Le <strong>collier molosse Bobby<\/strong>\u00a0a \u00e9t\u00e9 sp\u00e9cialement con\u00e7u pour l&#8217;\u00e9ducation ou une utilisation intense des chiens.\u00a0Ce collier comprend une poign\u00e9e bomb\u00e9e pour un meilleur maintien de l\u2019animal et le confort du ma\u00eetre. Il permet d&#8217;attraper votre chien directement, avant m\u00eame d&#8217;attacher la laisse.<\/p>\n","protected":false},"featured_media":971979,"template":"","meta":[],"product_cat":[12550,2775,2698,2777],"product_tag":[],"class_list":{"0":"post-37120","1":"product","2":"type-product","3":"status-publish","4":"has-post-thumbnail","6":"product_cat-accessoires-du-chien","7":"product_cat-aliments-medicalises-pour-chien","8":"product_cat-chien","9":"product_cat-colliers-laisses-et-harnais-pour-chien","10":"pa_marque-bobby","12":"first","13":"outofstock","14":"taxable","15":"shipping-taxable","16":"purchasable","17":"product-type-variable"},"yoast_head":"<!-- This site is optimized with the Yoast SEO plugin v27.3 - https:\/\/yoast.com\/product\/yoast-seo-wordpress\/ -->\n<title>Collier pour molosse Bobby - V\u00e9torino<\/title>\n<meta name=\"description\" content=\"Le collier molosse Bobby\u00a0a \u00e9t\u00e9 sp\u00e9cialement con\u00e7u pour l&#039;\u00e9ducation ou une utilisation intense des chiens.\u00a0Ce collier comprend une poign\u00e9e bomb\u00e9e pour un meilleur maintien de l\u2019animal et le confort du ma\u00eetre. Il permet d&#039;attraper votre chien directement, avant m\u00eame d&#039;attacher la laisse.\" \/>\n<meta name=\"robots\" content=\"noindex, nofollow\" \/>\n<meta property=\"og:locale\" content=\"fr_FR\" \/>\n<meta property=\"og:type\" content=\"article\" \/>\n<meta property=\"og:title\" content=\"Collier pour molosse Bobby - V\u00e9torino\" \/>\n<meta property=\"og:description\" content=\"Le collier molosse Bobby\u00a0a \u00e9t\u00e9 sp\u00e9cialement con\u00e7u pour l&#039;\u00e9ducation ou une utilisation intense des chiens.\u00a0Ce collier comprend une poign\u00e9e bomb\u00e9e pour un meilleur maintien de l\u2019animal et le confort du ma\u00eetre. Il permet d&#039;attraper votre chien directement, avant m\u00eame d&#039;attacher la laisse.\" \/>\n<meta property=\"og:url\" content=\"https:\/\/www.vetorino.com\/veterinaire\/beugnies-59216\/boutique\/product\/collier-molosse\/\" \/>\n<meta property=\"og:site_name\" content=\"V\u00e9torino\" \/>\n<meta property=\"article:publisher\" content=\"https:\/\/www.facebook.com\/Vetorino\/\" \/>\n<meta property=\"article:modified_time\" content=\"2024-07-12T14:59:36+00:00\" \/>\n<meta property=\"og:image\" content=\"https:\/\/www.vetorino.com\/boutique\/wp-content\/uploads\/2020\/03\/collier-pour-molosse-bobby.jpg\" \/>\n\t<meta property=\"og:image:width\" content=\"800\" \/>\n\t<meta property=\"og:image:height\" content=\"800\" \/>\n\t<meta property=\"og:image:type\" content=\"image\/jpeg\" \/>\n<meta name=\"twitter:card\" content=\"summary_large_image\" \/>\n<meta name=\"twitter:label1\" content=\"Disponibilit\u00e9\" \/>\n\t<meta name=\"twitter:data1\" content=\"Rupture de stock\" \/>\n<script type=\"application\/ld+json\" class=\"yoast-schema-graph\">{\"@context\":\"https:\\\/\\\/schema.org\",\"@graph\":[{\"@type\":\"WebPage\",\"@id\":\"https:\\\/\\\/www.vetorino.com\\\/boutique\\\/product\\\/collier-molosse\\\/\",\"url\":\"https:\\\/\\\/www.vetorino.com\\\/boutique\\\/product\\\/collier-molosse\\\/\",\"name\":\"Collier pour molosse Bobby - V\u00e9torino\",\"isPartOf\":{\"@id\":\"https:\\\/\\\/www.vetorino.com\\\/boutique\\\/#website\"},\"primaryImageOfPage\":{\"@id\":\"https:\\\/\\\/www.vetorino.com\\\/boutique\\\/product\\\/collier-molosse\\\/#primaryimage\"},\"image\":{\"@id\":\"https:\\\/\\\/www.vetorino.com\\\/boutique\\\/product\\\/collier-molosse\\\/#primaryimage\"},\"thumbnailUrl\":\"https:\\\/\\\/www.vetorino.com\\\/boutique\\\/wp-content\\\/uploads\\\/2020\\\/03\\\/collier-pour-molosse-bobby.jpg\",\"datePublished\":\"2020-03-04T22:12:16+00:00\",\"dateModified\":\"2024-07-12T14:59:36+00:00\",\"description\":\"Le collier molosse Bobby\u00a0a \u00e9t\u00e9 sp\u00e9cialement con\u00e7u pour l'\u00e9ducation ou une utilisation intense des chiens.\u00a0Ce collier comprend une poign\u00e9e bomb\u00e9e pour un meilleur maintien de l\u2019animal et le confort du ma\u00eetre. Il permet d'attraper votre chien directement, avant m\u00eame d'attacher la laisse.\",\"breadcrumb\":{\"@id\":\"https:\\\/\\\/www.vetorino.com\\\/boutique\\\/product\\\/collier-molosse\\\/#breadcrumb\"},\"inLanguage\":\"fr-FR\",\"potentialAction\":[{\"@type\":\"ReadAction\",\"target\":[\"https:\\\/\\\/www.vetorino.com\\\/boutique\\\/product\\\/collier-molosse\\\/\"]}]},{\"@type\":\"ImageObject\",\"inLanguage\":\"fr-FR\",\"@id\":\"https:\\\/\\\/www.vetorino.com\\\/boutique\\\/product\\\/collier-molosse\\\/#primaryimage\",\"url\":\"https:\\\/\\\/www.vetorino.com\\\/boutique\\\/wp-content\\\/uploads\\\/2020\\\/03\\\/collier-pour-molosse-bobby.jpg\",\"contentUrl\":\"https:\\\/\\\/www.vetorino.com\\\/boutique\\\/wp-content\\\/uploads\\\/2020\\\/03\\\/collier-pour-molosse-bobby.jpg\",\"width\":800,\"height\":800},{\"@type\":\"BreadcrumbList\",\"@id\":\"https:\\\/\\\/www.vetorino.com\\\/boutique\\\/product\\\/collier-molosse\\\/#breadcrumb\",\"itemListElement\":[{\"@type\":\"ListItem\",\"position\":1,\"name\":\"Accueil\",\"item\":\"https:\\\/\\\/www.vetorino.com\\\/boutique\\\/\"},{\"@type\":\"ListItem\",\"position\":2,\"name\":\"Produits\",\"item\":\"https:\\\/\\\/www.vetorino.com\\\/boutique\\\/\"},{\"@type\":\"ListItem\",\"position\":3,\"name\":\"Collier pour molosse\"}]},{\"@type\":\"WebSite\",\"@id\":\"https:\\\/\\\/www.vetorino.com\\\/boutique\\\/#website\",\"url\":\"https:\\\/\\\/www.vetorino.com\\\/boutique\\\/\",\"name\":\"V\u00e9torino\",\"description\":\"\",\"publisher\":{\"@id\":\"https:\\\/\\\/www.vetorino.com\\\/boutique\\\/#organization\"},\"potentialAction\":[{\"@type\":\"SearchAction\",\"target\":{\"@type\":\"EntryPoint\",\"urlTemplate\":\"https:\\\/\\\/www.vetorino.com\\\/boutique\\\/?s={search_term_string}\"},\"query-input\":{\"@type\":\"PropertyValueSpecification\",\"valueRequired\":true,\"valueName\":\"search_term_string\"}}],\"inLanguage\":\"fr-FR\"},{\"@type\":\"Organization\",\"@id\":\"https:\\\/\\\/www.vetorino.com\\\/boutique\\\/#organization\",\"name\":\"V\u00e9torino\",\"url\":\"https:\\\/\\\/www.vetorino.com\\\/boutique\\\/\",\"logo\":{\"@type\":\"ImageObject\",\"inLanguage\":\"fr-FR\",\"@id\":\"https:\\\/\\\/www.vetorino.com\\\/boutique\\\/#\\\/schema\\\/logo\\\/image\\\/\",\"url\":\"https:\\\/\\\/www.vetorino.com\\\/boutique\\\/wp-content\\\/uploads\\\/2024\\\/10\\\/logo.jpg\",\"contentUrl\":\"https:\\\/\\\/www.vetorino.com\\\/boutique\\\/wp-content\\\/uploads\\\/2024\\\/10\\\/logo.jpg\",\"width\":1200,\"height\":610,\"caption\":\"V\u00e9torino\"},\"image\":{\"@id\":\"https:\\\/\\\/www.vetorino.com\\\/boutique\\\/#\\\/schema\\\/logo\\\/image\\\/\"},\"sameAs\":[\"https:\\\/\\\/www.facebook.com\\\/Vetorino\\\/\",\"https:\\\/\\\/www.instagram.com\\\/vetorino_off\\\/\",\"https:\\\/\\\/www.linkedin.com\\\/company\\\/vtorino\\\/\"]}]}<\/script>\n<meta property=\"product:brand\" content=\"Bobby\" \/>\n<meta property=\"og:availability\" content=\"out of stock\" \/>\n<meta property=\"product:availability\" content=\"out of stock\" \/>\n<meta property=\"product:condition\" content=\"new\" \/>\n<!-- \/ Yoast SEO plugin. -->","yoast_head_json":{"title":"Collier pour molosse Bobby - V\u00e9torino","description":"Le collier molosse Bobby\u00a0a \u00e9t\u00e9 sp\u00e9cialement con\u00e7u pour l'\u00e9ducation ou une utilisation intense des chiens.\u00a0Ce collier comprend une poign\u00e9e bomb\u00e9e pour un meilleur maintien de l\u2019animal et le confort du ma\u00eetre. Il permet d'attraper votre chien directement, avant m\u00eame d'attacher la laisse.","robots":{"index":"noindex","follow":"nofollow"},"og_locale":"fr_FR","og_type":"article","og_title":"Collier pour molosse Bobby - V\u00e9torino","og_description":"Le collier molosse Bobby\u00a0a \u00e9t\u00e9 sp\u00e9cialement con\u00e7u pour l'\u00e9ducation ou une utilisation intense des chiens.\u00a0Ce collier comprend une poign\u00e9e bomb\u00e9e pour un meilleur maintien de l\u2019animal et le confort du ma\u00eetre. Il permet d'attraper votre chien directement, avant m\u00eame d'attacher la laisse.","og_url":"https:\/\/www.vetorino.com\/veterinaire\/beugnies-59216\/boutique\/product\/collier-molosse\/","og_site_name":"V\u00e9torino","article_publisher":"https:\/\/www.facebook.com\/Vetorino\/","article_modified_time":"2024-07-12T14:59:36+00:00","og_image":[{"width":800,"height":800,"url":"https:\/\/www.vetorino.com\/boutique\/wp-content\/uploads\/2020\/03\/collier-pour-molosse-bobby.jpg","type":"image\/jpeg"}],"twitter_card":"summary_large_image","twitter_misc":{"Disponibilit\u00e9":"Rupture de stock"},"schema":{"@context":"https:\/\/schema.org","@graph":[{"@type":"WebPage","@id":"https:\/\/www.vetorino.com\/boutique\/product\/collier-molosse\/","url":"https:\/\/www.vetorino.com\/boutique\/product\/collier-molosse\/","name":"Collier pour molosse Bobby - V\u00e9torino","isPartOf":{"@id":"https:\/\/www.vetorino.com\/boutique\/#website"},"primaryImageOfPage":{"@id":"https:\/\/www.vetorino.com\/boutique\/product\/collier-molosse\/#primaryimage"},"image":{"@id":"https:\/\/www.vetorino.com\/boutique\/product\/collier-molosse\/#primaryimage"},"thumbnailUrl":"https:\/\/www.vetorino.com\/boutique\/wp-content\/uploads\/2020\/03\/collier-pour-molosse-bobby.jpg","datePublished":"2020-03-04T22:12:16+00:00","dateModified":"2024-07-12T14:59:36+00:00","description":"Le collier molosse Bobby\u00a0a \u00e9t\u00e9 sp\u00e9cialement con\u00e7u pour l'\u00e9ducation ou une utilisation intense des chiens.\u00a0Ce collier comprend une poign\u00e9e bomb\u00e9e pour un meilleur maintien de l\u2019animal et le confort du ma\u00eetre. Il permet d'attraper votre chien directement, avant m\u00eame d'attacher la laisse.","breadcrumb":{"@id":"https:\/\/www.vetorino.com\/boutique\/product\/collier-molosse\/#breadcrumb"},"inLanguage":"fr-FR","potentialAction":[{"@type":"ReadAction","target":["https:\/\/www.vetorino.com\/boutique\/product\/collier-molosse\/"]}]},{"@type":"ImageObject","inLanguage":"fr-FR","@id":"https:\/\/www.vetorino.com\/boutique\/product\/collier-molosse\/#primaryimage","url":"https:\/\/www.vetorino.com\/boutique\/wp-content\/uploads\/2020\/03\/collier-pour-molosse-bobby.jpg","contentUrl":"https:\/\/www.vetorino.com\/boutique\/wp-content\/uploads\/2020\/03\/collier-pour-molosse-bobby.jpg","width":800,"height":800},{"@type":"BreadcrumbList","@id":"https:\/\/www.vetorino.com\/boutique\/product\/collier-molosse\/#breadcrumb","itemListElement":[{"@type":"ListItem","position":1,"name":"Accueil","item":"https:\/\/www.vetorino.com\/boutique\/"},{"@type":"ListItem","position":2,"name":"Produits","item":"https:\/\/www.vetorino.com\/boutique\/"},{"@type":"ListItem","position":3,"name":"Collier pour molosse"}]},{"@type":"WebSite","@id":"https:\/\/www.vetorino.com\/boutique\/#website","url":"https:\/\/www.vetorino.com\/boutique\/","name":"V\u00e9torino","description":"","publisher":{"@id":"https:\/\/www.vetorino.com\/boutique\/#organization"},"potentialAction":[{"@type":"SearchAction","target":{"@type":"EntryPoint","urlTemplate":"https:\/\/www.vetorino.com\/boutique\/?s={search_term_string}"},"query-input":{"@type":"PropertyValueSpecification","valueRequired":true,"valueName":"search_term_string"}}],"inLanguage":"fr-FR"},{"@type":"Organization","@id":"https:\/\/www.vetorino.com\/boutique\/#organization","name":"V\u00e9torino","url":"https:\/\/www.vetorino.com\/boutique\/","logo":{"@type":"ImageObject","inLanguage":"fr-FR","@id":"https:\/\/www.vetorino.com\/boutique\/#\/schema\/logo\/image\/","url":"https:\/\/www.vetorino.com\/boutique\/wp-content\/uploads\/2024\/10\/logo.jpg","contentUrl":"https:\/\/www.vetorino.com\/boutique\/wp-content\/uploads\/2024\/10\/logo.jpg","width":1200,"height":610,"caption":"V\u00e9torino"},"image":{"@id":"https:\/\/www.vetorino.com\/boutique\/#\/schema\/logo\/image\/"},"sameAs":["https:\/\/www.facebook.com\/Vetorino\/","https:\/\/www.instagram.com\/vetorino_off\/","https:\/\/www.linkedin.com\/company\/vtorino\/"]}]},"product_brand":"Bobby","og_availability":"out of stock","product_availability":"out of stock","product_condition":"new"},"_links":{"self":[{"href":"https:\/\/www.vetorino.com\/veterinaire\/beugnies-59216\/boutique\/wp-json\/wp\/v2\/product\/37120","targetHints":{"allow":["GET"]}}],"collection":[{"href":"https:\/\/www.vetorino.com\/veterinaire\/beugnies-59216\/boutique\/wp-json\/wp\/v2\/product"}],"about":[{"href":"https:\/\/www.vetorino.com\/veterinaire\/beugnies-59216\/boutique\/wp-json\/wp\/v2\/types\/product"}],"wp:featuredmedia":[{"embeddable":true,"href":"https:\/\/www.vetorino.com\/veterinaire\/beugnies-59216\/boutique\/wp-json\/wp\/v2\/media\/971979"}],"wp:attachment":[{"href":"https:\/\/www.vetorino.com\/veterinaire\/beugnies-59216\/boutique\/wp-json\/wp\/v2\/media?parent=37120"}],"wp:term":[{"taxonomy":"product_cat","embeddable":true,"href":"https:\/\/www.vetorino.com\/veterinaire\/beugnies-59216\/boutique\/wp-json\/wp\/v2\/product_cat?post=37120"},{"taxonomy":"product_tag","embeddable":true,"href":"https:\/\/www.vetorino.com\/veterinaire\/beugnies-59216\/boutique\/wp-json\/wp\/v2\/product_tag?post=37120"}],"curies":[{"name":"wp","href":"https:\/\/api.w.org\/{rel}","templated":true}]}}