{"id":37613,"date":"2020-03-04T23:55:39","date_gmt":"2020-03-04T22:55:39","guid":{"rendered":"https:\/\/www.vetorino.com\/boutique\/product\/nutribound-chats\/"},"modified":"2025-02-21T14:47:22","modified_gmt":"2025-02-21T13:47:22","slug":"nutribound-chats","status":"publish","type":"product","link":"https:\/\/www.vetorino.com\/veterinaire\/beugnies-59216\/boutique\/product\/nutribound-chats\/","title":{"rendered":"Nutribound Chat"},"content":{"rendered":"<div class=\"hidden\">\n<p><strong>Solution orale tr\u00e8s app\u00e9tente et pr\u00eate \u00e0 l&#8217;emploi qui stimule la prise alimentaire et la prise de boisson\u00a0tout en fournissant\u00a0les nutriments essentiels sp\u00e9cifiquement recommand\u00e9s pour la convalescence de l&#8217;animal, d\u00e8s les stades pr\u00e9coces.<\/strong><\/p>\n<p>Bo\u00eete contenant\u00a03 bouteilles de 150ml et un\u00a01 gobelet doseur.<\/p>\n<p><strong>Utilisation :<\/strong><\/p>\n<ul>\n<li>Aide au r\u00e9tablissement apr\u00e8s intervention chirurgicale et en cas d&#8217;anorexie ou de convalescence<\/li>\n<li>Stimule la prise alimentaire et la prise de boisson du chat<\/li>\n<\/ul>\n<p><strong>Avantages :<\/strong><\/p>\n<ul>\n<li>Sans colorant ni conservateur artificiel.<\/li>\n<li>Fournit les nutriments essentiels sp\u00e9cifiquement recommand\u00e9s pour la convalescence de l&#8217;animal, d\u00e8s les stades pr\u00e9coces.<\/li>\n<\/ul>\n<p><strong>Mode d&#8217;emploi :<\/strong><\/p>\n<p>Peut \u00eatre administr\u00e9 pur, dans l\u2019eau de boisson ou d\u00e9pos\u00e9 sur la nourriture. La forme liquide permet aussi l\u2019administration avec une seringue ou une sonde. De l\u2019eau fra\u00eeche doit \u00eatre disponible en permanence.<br \/>\nBien agiter avant utilisation. La formation de s\u00e9diments est naturelle.<\/p>\n<p>Une administration quotidienne de 6 ml par kg est recommand\u00e9e, en une ou plusieurs prise(s).<br \/>\nUtiliser le gobelet doseur pr\u00e9sent dans la bo\u00eete pour un dosage pr\u00e9cis.<\/p>\n<p><strong>Il est recommand\u00e9 de consulter votre v\u00e9t\u00e9rinaire avant utilisation.<\/strong><\/p>\n<\/div>\n","protected":false},"excerpt":{"rendered":"<p><strong>Solution orale tr\u00e8s app\u00e9tente et pr\u00eate \u00e0 l&#8217;emploi qui stimule la prise alimentaire et la prise de boisson\u00a0tout en fournissant les nutriments essentiels sp\u00e9cifiquement recommand\u00e9s pour la convalescence de l&#8217;animal, d\u00e8s les stades pr\u00e9coces.<\/strong><\/p>\n<p>Bo\u00eete contenant\u00a03 bouteilles de 150ml et un\u00a01 gobelet doseur.<\/p>\n<p><strong>Utilisation :<\/strong><\/p>\n<ul>\n<li>Aide au r\u00e9tablissement apr\u00e8s intervention chirurgicale et en cas d&#8217;anorexie ou de convalescence<\/li>\n<li>Stimule la prise alimentaire et la prise de boisson du\u00a0chat<\/li>\n<\/ul>\n","protected":false},"featured_media":1060527,"template":"","meta":[],"product_cat":[12551,2730,2697],"product_tag":[],"class_list":{"0":"post-37613","1":"product","2":"type-product","3":"status-publish","4":"has-post-thumbnail","6":"product_cat-alimentation-du-chat","7":"product_cat-aliments-complementaires-pour-chat","8":"product_cat-chat","9":"pa_marque-virbac","11":"first","12":"instock","13":"taxable","14":"shipping-taxable","15":"purchasable","16":"product-type-simple"},"yoast_head":"<!-- This site is optimized with the Yoast SEO plugin v27.3 - https:\/\/yoast.com\/product\/yoast-seo-wordpress\/ -->\n<title>Nutribound Chat Virbac - V\u00e9torino<\/title>\n<meta name=\"description\" content=\"Solution orale tr\u00e8s app\u00e9tente et pr\u00eate \u00e0 l&#039;emploi qui stimule la prise alimentaire et la prise de boisson\u00a0tout en fournissant les nutriments essentiels sp\u00e9cifiquement recommand\u00e9s pour la convalescence de l&#039;animal, d\u00e8s les stades pr\u00e9coces.  Bo\u00eete contenant\u00a03 bouteilles de 150ml et un\u00a01 gobelet doseur.  Utilisation :   Aide au r\u00e9tablissement apr\u00e8s intervention chirurgicale et en cas d&#039;anorexie ou de convalescence  Stimule la prise alimentaire et la prise de boisson du\u00a0chat\" \/>\n<meta name=\"robots\" content=\"noindex, nofollow\" \/>\n<meta property=\"og:locale\" content=\"fr_FR\" \/>\n<meta property=\"og:type\" content=\"article\" \/>\n<meta property=\"og:title\" content=\"Nutribound Chat Virbac - V\u00e9torino\" \/>\n<meta property=\"og:description\" content=\"Solution orale tr\u00e8s app\u00e9tente et pr\u00eate \u00e0 l&#039;emploi qui stimule la prise alimentaire et la prise de boisson\u00a0tout en fournissant les nutriments essentiels sp\u00e9cifiquement recommand\u00e9s pour la convalescence de l&#039;animal, d\u00e8s les stades pr\u00e9coces.  Bo\u00eete contenant\u00a03 bouteilles de 150ml et un\u00a01 gobelet doseur.  Utilisation :   Aide au r\u00e9tablissement apr\u00e8s intervention chirurgicale et en cas d&#039;anorexie ou de convalescence  Stimule la prise alimentaire et la prise de boisson du\u00a0chat\" \/>\n<meta property=\"og:url\" content=\"https:\/\/www.vetorino.com\/veterinaire\/beugnies-59216\/boutique\/product\/nutribound-chats\/\" \/>\n<meta property=\"og:site_name\" content=\"V\u00e9torino\" \/>\n<meta property=\"article:publisher\" content=\"https:\/\/www.facebook.com\/Vetorino\/\" \/>\n<meta property=\"article:modified_time\" content=\"2025-02-21T13:47:22+00:00\" \/>\n<meta property=\"og:image\" content=\"https:\/\/www.vetorino.com\/boutique\/wp-content\/uploads\/2020\/03\/Nutribound-pour-chats-_-0306755.webp\" \/>\n\t<meta property=\"og:image:width\" content=\"1000\" \/>\n\t<meta property=\"og:image:height\" content=\"1000\" \/>\n\t<meta property=\"og:image:type\" content=\"image\/webp\" \/>\n<meta name=\"twitter:card\" content=\"summary_large_image\" \/>\n<meta name=\"twitter:label1\" content=\"Prix\" \/>\n\t<meta name=\"twitter:data1\" content=\"31,40&euro;\" \/>\n\t<meta name=\"twitter:label2\" content=\"Disponibilit\u00e9\" \/>\n\t<meta name=\"twitter:data2\" content=\"En stock\" \/>\n<script type=\"application\/ld+json\" class=\"yoast-schema-graph\">{\"@context\":\"https:\\\/\\\/schema.org\",\"@graph\":[{\"@type\":\"WebPage\",\"@id\":\"https:\\\/\\\/www.vetorino.com\\\/veterinaire\\\/pontarlier-25300\\\/boutique\\\/product\\\/nutribound-chats\\\/\",\"url\":\"https:\\\/\\\/www.vetorino.com\\\/veterinaire\\\/pontarlier-25300\\\/boutique\\\/product\\\/nutribound-chats\\\/\",\"name\":\"Nutribound Chat Virbac - V\u00e9torino\",\"isPartOf\":{\"@id\":\"https:\\\/\\\/www.vetorino.com\\\/boutique\\\/#website\"},\"primaryImageOfPage\":{\"@id\":\"https:\\\/\\\/www.vetorino.com\\\/veterinaire\\\/pontarlier-25300\\\/boutique\\\/product\\\/nutribound-chats\\\/#primaryimage\"},\"image\":{\"@id\":\"https:\\\/\\\/www.vetorino.com\\\/veterinaire\\\/pontarlier-25300\\\/boutique\\\/product\\\/nutribound-chats\\\/#primaryimage\"},\"thumbnailUrl\":\"https:\\\/\\\/www.vetorino.com\\\/boutique\\\/wp-content\\\/uploads\\\/2020\\\/03\\\/Nutribound-pour-chats-_-0306755.webp\",\"datePublished\":\"2020-03-04T22:55:39+00:00\",\"dateModified\":\"2025-02-21T13:47:22+00:00\",\"description\":\"Solution orale tr\u00e8s app\u00e9tente et pr\u00eate \u00e0 l'emploi qui stimule la prise alimentaire et la prise de boisson\u00a0tout en fournissant les nutriments essentiels sp\u00e9cifiquement recommand\u00e9s pour la convalescence de l'animal, d\u00e8s les stades pr\u00e9coces. Bo\u00eete contenant\u00a03 bouteilles de 150ml et un\u00a01 gobelet doseur. Utilisation : Aide au r\u00e9tablissement apr\u00e8s intervention chirurgicale et en cas d'anorexie ou de convalescence Stimule la prise alimentaire et la prise de boisson du\u00a0chat\",\"breadcrumb\":{\"@id\":\"https:\\\/\\\/www.vetorino.com\\\/veterinaire\\\/pontarlier-25300\\\/boutique\\\/product\\\/nutribound-chats\\\/#breadcrumb\"},\"inLanguage\":\"fr-FR\",\"potentialAction\":[{\"@type\":\"ReadAction\",\"target\":[\"https:\\\/\\\/www.vetorino.com\\\/veterinaire\\\/pontarlier-25300\\\/boutique\\\/product\\\/nutribound-chats\\\/\"]}]},{\"@type\":\"ImageObject\",\"inLanguage\":\"fr-FR\",\"@id\":\"https:\\\/\\\/www.vetorino.com\\\/veterinaire\\\/pontarlier-25300\\\/boutique\\\/product\\\/nutribound-chats\\\/#primaryimage\",\"url\":\"https:\\\/\\\/www.vetorino.com\\\/boutique\\\/wp-content\\\/uploads\\\/2020\\\/03\\\/Nutribound-pour-chats-_-0306755.webp\",\"contentUrl\":\"https:\\\/\\\/www.vetorino.com\\\/boutique\\\/wp-content\\\/uploads\\\/2020\\\/03\\\/Nutribound-pour-chats-_-0306755.webp\",\"width\":1000,\"height\":1000},{\"@type\":\"BreadcrumbList\",\"@id\":\"https:\\\/\\\/www.vetorino.com\\\/veterinaire\\\/pontarlier-25300\\\/boutique\\\/product\\\/nutribound-chats\\\/#breadcrumb\",\"itemListElement\":[{\"@type\":\"ListItem\",\"position\":1,\"name\":\"Accueil\",\"item\":\"https:\\\/\\\/www.vetorino.com\\\/boutique\\\/\"},{\"@type\":\"ListItem\",\"position\":2,\"name\":\"Produits\",\"item\":\"https:\\\/\\\/www.vetorino.com\\\/boutique\\\/\"},{\"@type\":\"ListItem\",\"position\":3,\"name\":\"Nutribound Chat\"}]},{\"@type\":\"WebSite\",\"@id\":\"https:\\\/\\\/www.vetorino.com\\\/boutique\\\/#website\",\"url\":\"https:\\\/\\\/www.vetorino.com\\\/boutique\\\/\",\"name\":\"V\u00e9torino\",\"description\":\"\",\"publisher\":{\"@id\":\"https:\\\/\\\/www.vetorino.com\\\/boutique\\\/#organization\"},\"potentialAction\":[{\"@type\":\"SearchAction\",\"target\":{\"@type\":\"EntryPoint\",\"urlTemplate\":\"https:\\\/\\\/www.vetorino.com\\\/boutique\\\/?s={search_term_string}\"},\"query-input\":{\"@type\":\"PropertyValueSpecification\",\"valueRequired\":true,\"valueName\":\"search_term_string\"}}],\"inLanguage\":\"fr-FR\"},{\"@type\":\"Organization\",\"@id\":\"https:\\\/\\\/www.vetorino.com\\\/boutique\\\/#organization\",\"name\":\"V\u00e9torino\",\"url\":\"https:\\\/\\\/www.vetorino.com\\\/boutique\\\/\",\"logo\":{\"@type\":\"ImageObject\",\"inLanguage\":\"fr-FR\",\"@id\":\"https:\\\/\\\/www.vetorino.com\\\/boutique\\\/#\\\/schema\\\/logo\\\/image\\\/\",\"url\":\"https:\\\/\\\/www.vetorino.com\\\/boutique\\\/wp-content\\\/uploads\\\/2024\\\/10\\\/logo.jpg\",\"contentUrl\":\"https:\\\/\\\/www.vetorino.com\\\/boutique\\\/wp-content\\\/uploads\\\/2024\\\/10\\\/logo.jpg\",\"width\":1200,\"height\":610,\"caption\":\"V\u00e9torino\"},\"image\":{\"@id\":\"https:\\\/\\\/www.vetorino.com\\\/boutique\\\/#\\\/schema\\\/logo\\\/image\\\/\"},\"sameAs\":[\"https:\\\/\\\/www.facebook.com\\\/Vetorino\\\/\",\"https:\\\/\\\/www.instagram.com\\\/vetorino_off\\\/\",\"https:\\\/\\\/www.linkedin.com\\\/company\\\/vtorino\\\/\"]}]}<\/script>\n<meta property=\"product:brand\" content=\"Virbac\" \/>\n<meta property=\"product:price:amount\" content=\"31.40\" \/>\n<meta property=\"product:price:currency\" content=\"EUR\" \/>\n<meta property=\"og:availability\" content=\"instock\" \/>\n<meta property=\"product:availability\" content=\"instock\" \/>\n<meta property=\"product:retailer_item_id\" content=\"A-1802110\" \/>\n<meta property=\"product:condition\" content=\"new\" \/>\n<!-- \/ Yoast SEO plugin. -->","yoast_head_json":{"title":"Nutribound Chat Virbac - V\u00e9torino","description":"Solution orale tr\u00e8s app\u00e9tente et pr\u00eate \u00e0 l'emploi qui stimule la prise alimentaire et la prise de boisson\u00a0tout en fournissant les nutriments essentiels sp\u00e9cifiquement recommand\u00e9s pour la convalescence de l'animal, d\u00e8s les stades pr\u00e9coces.  Bo\u00eete contenant\u00a03 bouteilles de 150ml et un\u00a01 gobelet doseur.  Utilisation :   Aide au r\u00e9tablissement apr\u00e8s intervention chirurgicale et en cas d'anorexie ou de convalescence  Stimule la prise alimentaire et la prise de boisson du\u00a0chat","robots":{"index":"noindex","follow":"nofollow"},"og_locale":"fr_FR","og_type":"article","og_title":"Nutribound Chat Virbac - V\u00e9torino","og_description":"Solution orale tr\u00e8s app\u00e9tente et pr\u00eate \u00e0 l'emploi qui stimule la prise alimentaire et la prise de boisson\u00a0tout en fournissant les nutriments essentiels sp\u00e9cifiquement recommand\u00e9s pour la convalescence de l'animal, d\u00e8s les stades pr\u00e9coces.  Bo\u00eete contenant\u00a03 bouteilles de 150ml et un\u00a01 gobelet doseur.  Utilisation :   Aide au r\u00e9tablissement apr\u00e8s intervention chirurgicale et en cas d'anorexie ou de convalescence  Stimule la prise alimentaire et la prise de boisson du\u00a0chat","og_url":"https:\/\/www.vetorino.com\/veterinaire\/beugnies-59216\/boutique\/product\/nutribound-chats\/","og_site_name":"V\u00e9torino","article_publisher":"https:\/\/www.facebook.com\/Vetorino\/","article_modified_time":"2025-02-21T13:47:22+00:00","og_image":[{"width":1000,"height":1000,"url":"https:\/\/www.vetorino.com\/boutique\/wp-content\/uploads\/2020\/03\/Nutribound-pour-chats-_-0306755.webp","type":"image\/webp"}],"twitter_card":"summary_large_image","twitter_misc":{"Prix":"31,40&euro;","Disponibilit\u00e9":"En stock"},"schema":{"@context":"https:\/\/schema.org","@graph":[{"@type":"WebPage","@id":"https:\/\/www.vetorino.com\/veterinaire\/pontarlier-25300\/boutique\/product\/nutribound-chats\/","url":"https:\/\/www.vetorino.com\/veterinaire\/pontarlier-25300\/boutique\/product\/nutribound-chats\/","name":"Nutribound Chat Virbac - V\u00e9torino","isPartOf":{"@id":"https:\/\/www.vetorino.com\/boutique\/#website"},"primaryImageOfPage":{"@id":"https:\/\/www.vetorino.com\/veterinaire\/pontarlier-25300\/boutique\/product\/nutribound-chats\/#primaryimage"},"image":{"@id":"https:\/\/www.vetorino.com\/veterinaire\/pontarlier-25300\/boutique\/product\/nutribound-chats\/#primaryimage"},"thumbnailUrl":"https:\/\/www.vetorino.com\/boutique\/wp-content\/uploads\/2020\/03\/Nutribound-pour-chats-_-0306755.webp","datePublished":"2020-03-04T22:55:39+00:00","dateModified":"2025-02-21T13:47:22+00:00","description":"Solution orale tr\u00e8s app\u00e9tente et pr\u00eate \u00e0 l'emploi qui stimule la prise alimentaire et la prise de boisson\u00a0tout en fournissant les nutriments essentiels sp\u00e9cifiquement recommand\u00e9s pour la convalescence de l'animal, d\u00e8s les stades pr\u00e9coces. Bo\u00eete contenant\u00a03 bouteilles de 150ml et un\u00a01 gobelet doseur. Utilisation : Aide au r\u00e9tablissement apr\u00e8s intervention chirurgicale et en cas d'anorexie ou de convalescence Stimule la prise alimentaire et la prise de boisson du\u00a0chat","breadcrumb":{"@id":"https:\/\/www.vetorino.com\/veterinaire\/pontarlier-25300\/boutique\/product\/nutribound-chats\/#breadcrumb"},"inLanguage":"fr-FR","potentialAction":[{"@type":"ReadAction","target":["https:\/\/www.vetorino.com\/veterinaire\/pontarlier-25300\/boutique\/product\/nutribound-chats\/"]}]},{"@type":"ImageObject","inLanguage":"fr-FR","@id":"https:\/\/www.vetorino.com\/veterinaire\/pontarlier-25300\/boutique\/product\/nutribound-chats\/#primaryimage","url":"https:\/\/www.vetorino.com\/boutique\/wp-content\/uploads\/2020\/03\/Nutribound-pour-chats-_-0306755.webp","contentUrl":"https:\/\/www.vetorino.com\/boutique\/wp-content\/uploads\/2020\/03\/Nutribound-pour-chats-_-0306755.webp","width":1000,"height":1000},{"@type":"BreadcrumbList","@id":"https:\/\/www.vetorino.com\/veterinaire\/pontarlier-25300\/boutique\/product\/nutribound-chats\/#breadcrumb","itemListElement":[{"@type":"ListItem","position":1,"name":"Accueil","item":"https:\/\/www.vetorino.com\/boutique\/"},{"@type":"ListItem","position":2,"name":"Produits","item":"https:\/\/www.vetorino.com\/boutique\/"},{"@type":"ListItem","position":3,"name":"Nutribound Chat"}]},{"@type":"WebSite","@id":"https:\/\/www.vetorino.com\/boutique\/#website","url":"https:\/\/www.vetorino.com\/boutique\/","name":"V\u00e9torino","description":"","publisher":{"@id":"https:\/\/www.vetorino.com\/boutique\/#organization"},"potentialAction":[{"@type":"SearchAction","target":{"@type":"EntryPoint","urlTemplate":"https:\/\/www.vetorino.com\/boutique\/?s={search_term_string}"},"query-input":{"@type":"PropertyValueSpecification","valueRequired":true,"valueName":"search_term_string"}}],"inLanguage":"fr-FR"},{"@type":"Organization","@id":"https:\/\/www.vetorino.com\/boutique\/#organization","name":"V\u00e9torino","url":"https:\/\/www.vetorino.com\/boutique\/","logo":{"@type":"ImageObject","inLanguage":"fr-FR","@id":"https:\/\/www.vetorino.com\/boutique\/#\/schema\/logo\/image\/","url":"https:\/\/www.vetorino.com\/boutique\/wp-content\/uploads\/2024\/10\/logo.jpg","contentUrl":"https:\/\/www.vetorino.com\/boutique\/wp-content\/uploads\/2024\/10\/logo.jpg","width":1200,"height":610,"caption":"V\u00e9torino"},"image":{"@id":"https:\/\/www.vetorino.com\/boutique\/#\/schema\/logo\/image\/"},"sameAs":["https:\/\/www.facebook.com\/Vetorino\/","https:\/\/www.instagram.com\/vetorino_off\/","https:\/\/www.linkedin.com\/company\/vtorino\/"]}]},"product_brand":"Virbac","product_price_amount":"31.40","product_price_currency":"EUR","og_availability":"instock","product_availability":"instock","product_retailer_item_id":"A-1802110","product_condition":"new"},"_links":{"self":[{"href":"https:\/\/www.vetorino.com\/veterinaire\/beugnies-59216\/boutique\/wp-json\/wp\/v2\/product\/37613","targetHints":{"allow":["GET"]}}],"collection":[{"href":"https:\/\/www.vetorino.com\/veterinaire\/beugnies-59216\/boutique\/wp-json\/wp\/v2\/product"}],"about":[{"href":"https:\/\/www.vetorino.com\/veterinaire\/beugnies-59216\/boutique\/wp-json\/wp\/v2\/types\/product"}],"wp:featuredmedia":[{"embeddable":true,"href":"https:\/\/www.vetorino.com\/veterinaire\/beugnies-59216\/boutique\/wp-json\/wp\/v2\/media\/1060527"}],"wp:attachment":[{"href":"https:\/\/www.vetorino.com\/veterinaire\/beugnies-59216\/boutique\/wp-json\/wp\/v2\/media?parent=37613"}],"wp:term":[{"taxonomy":"product_cat","embeddable":true,"href":"https:\/\/www.vetorino.com\/veterinaire\/beugnies-59216\/boutique\/wp-json\/wp\/v2\/product_cat?post=37613"},{"taxonomy":"product_tag","embeddable":true,"href":"https:\/\/www.vetorino.com\/veterinaire\/beugnies-59216\/boutique\/wp-json\/wp\/v2\/product_tag?post=37613"}],"curies":[{"name":"wp","href":"https:\/\/api.w.org\/{rel}","templated":true}]}}