{"id":37815,"date":"2020-03-04T23:56:44","date_gmt":"2020-03-04T22:56:44","guid":{"rendered":"https:\/\/www.vetorino.com\/boutique\/product\/vdiet-cat-calm\/"},"modified":"2025-10-09T11:11:04","modified_gmt":"2025-10-09T09:11:04","slug":"vdiet-cat-calm","status":"publish","type":"product","link":"https:\/\/www.vetorino.com\/veterinaire\/beugnies-59216\/boutique\/product\/vdiet-cat-calm\/","title":{"rendered":"Cat Calm"},"content":{"rendered":"<p><strong>Royal Canin Cat Calm<\/strong> est un aliment recommand\u00e9 pour aider le chat \u00e0 g\u00e9rer des situations difficiles et\u00a0\u00e0 r\u00e9duire les manifestations digestives, cutan\u00e9es et urinaires li\u00e9es au stress ou \u00e0 un changement d&#8217;environnement.<\/p>\n<p><strong>Utilisation :<\/strong><\/p>\n<ul>\n<li>Chat adulte sujet au stress<\/li>\n<\/ul>\n<p><strong>B\u00e9n\u00e9fices<\/strong> :<\/p>\n<ul>\n<li>Contribue \u00e0 r\u00e9guler l&#8217;anxi\u00e9t\u00e9, le sommeil et l&#8217;app\u00e9tit.<\/li>\n<li>Stimule la synth\u00e8se de c\u00e9ramides, pour renforcer la barri\u00e8re cutan\u00e9e et r\u00e9duire les pertes d&#8217;eau trans\u00e9pidermiques.<\/li>\n<li>Une combinaison de prot\u00e9ines tr\u00e8s hautement digestibles, de pulpe de betterave et d&#8217;huile de poisson contribue \u00e0 assurer une tol\u00e9rance digestive maximale.<\/li>\n<li>Le psyllium et les fibres alimentaires facilitent l&#8217;\u00e9limination des boules de poils et limitent les d\u00e9sagr\u00e9ments induits: vomissements et\/ou constipation<\/li>\n<\/ul>\n<p><strong>Contres Indications<\/strong> :<\/p>\n<ul>\n<li>Gestation, lactation<\/li>\n<li>Croissance jusqu&#8217;\u00e0 la st\u00e9rilisation<\/li>\n<li>Insuffisance r\u00e9nale chronique, acidose m\u00e9tabolique<\/li>\n<li>Insuffisance cardiaque<\/li>\n<li>Hypertension<\/li>\n<\/ul>\n","protected":false},"excerpt":{"rendered":"<p>Les croquettes m\u00e9dicalis\u00e9es<strong> Royal Canin Cat Calm<\/strong> sont un aliment recommand\u00e9 pour aider le chat \u00e0 g\u00e9rer des situations difficiles et \u00e0 r\u00e9duire les manifestations digestives, cutan\u00e9es et urinaires li\u00e9es au stress ou \u00e0 un changement d&#8217;environnement.<\/p>\n<p><strong>Utilisation :<\/strong><\/p>\n<ul>\n<li>Chat adulte sujet au stress<\/li>\n<\/ul>\n","protected":false},"featured_media":896225,"template":"","meta":[],"product_cat":[12551,12581,2697],"product_tag":[],"class_list":{"0":"post-37815","1":"product","2":"type-product","3":"status-publish","4":"has-post-thumbnail","6":"product_cat-alimentation-du-chat","7":"product_cat-alimentation-medicalisee-pour-chat","8":"product_cat-chat","9":"pa_marque-royal-canin","11":"first","12":"instock","13":"taxable","14":"shipping-taxable","15":"purchasable","16":"product-type-variable"},"yoast_head":"<!-- This site is optimized with the Yoast SEO plugin v27.3 - https:\/\/yoast.com\/product\/yoast-seo-wordpress\/ -->\n<title>Veterinary Diet (Royal Canin) Cat Calm Royal Canin - V\u00e9torino<\/title>\n<meta name=\"description\" content=\"Les croquettes m\u00e9dicalis\u00e9es Royal Canin Cat Calm sont un aliment recommand\u00e9 pour aider le chat \u00e0 g\u00e9rer des situations difficiles et \u00e0 r\u00e9duire les manifestations digestives, cutan\u00e9es et urinaires li\u00e9es au stress ou \u00e0 un changement d&#039;environnement.  Utilisation :   Chat adulte sujet au stress\" \/>\n<meta name=\"robots\" content=\"noindex, nofollow\" \/>\n<meta property=\"og:locale\" content=\"fr_FR\" \/>\n<meta property=\"og:type\" content=\"article\" \/>\n<meta property=\"og:title\" content=\"Veterinary Diet (Royal Canin) Cat Calm Royal Canin - V\u00e9torino\" \/>\n<meta property=\"og:description\" content=\"Les croquettes m\u00e9dicalis\u00e9es Royal Canin Cat Calm sont un aliment recommand\u00e9 pour aider le chat \u00e0 g\u00e9rer des situations difficiles et \u00e0 r\u00e9duire les manifestations digestives, cutan\u00e9es et urinaires li\u00e9es au stress ou \u00e0 un changement d&#039;environnement.  Utilisation :   Chat adulte sujet au stress\" \/>\n<meta property=\"og:url\" content=\"https:\/\/www.vetorino.com\/veterinaire\/beugnies-59216\/boutique\/product\/vdiet-cat-calm\/\" \/>\n<meta property=\"og:site_name\" content=\"V\u00e9torino\" \/>\n<meta property=\"article:publisher\" content=\"https:\/\/www.facebook.com\/Vetorino\/\" \/>\n<meta property=\"article:modified_time\" content=\"2025-10-09T09:11:04+00:00\" \/>\n<meta property=\"og:image\" content=\"https:\/\/www.vetorino.com\/boutique\/wp-content\/uploads\/2020\/06\/cat-calm.jpg\" \/>\n\t<meta property=\"og:image:width\" content=\"800\" \/>\n\t<meta property=\"og:image:height\" content=\"800\" \/>\n\t<meta property=\"og:image:type\" content=\"image\/jpeg\" \/>\n<meta name=\"twitter:card\" content=\"summary_large_image\" \/>\n<meta name=\"twitter:label1\" content=\"Disponibilit\u00e9\" \/>\n\t<meta name=\"twitter:data1\" content=\"En stock\" \/>\n<script type=\"application\/ld+json\" class=\"yoast-schema-graph\">{\"@context\":\"https:\\\/\\\/schema.org\",\"@graph\":[{\"@type\":\"WebPage\",\"@id\":\"https:\\\/\\\/www.vetorino.com\\\/veterinaire\\\/briancon-05100\\\/boutique\\\/product\\\/vdiet-cat-calm\\\/\",\"url\":\"https:\\\/\\\/www.vetorino.com\\\/veterinaire\\\/briancon-05100\\\/boutique\\\/product\\\/vdiet-cat-calm\\\/\",\"name\":\"Veterinary Diet (Royal Canin) Cat Calm Royal Canin - V\u00e9torino\",\"isPartOf\":{\"@id\":\"https:\\\/\\\/www.vetorino.com\\\/boutique\\\/#website\"},\"primaryImageOfPage\":{\"@id\":\"https:\\\/\\\/www.vetorino.com\\\/veterinaire\\\/briancon-05100\\\/boutique\\\/product\\\/vdiet-cat-calm\\\/#primaryimage\"},\"image\":{\"@id\":\"https:\\\/\\\/www.vetorino.com\\\/veterinaire\\\/briancon-05100\\\/boutique\\\/product\\\/vdiet-cat-calm\\\/#primaryimage\"},\"thumbnailUrl\":\"https:\\\/\\\/www.vetorino.com\\\/boutique\\\/wp-content\\\/uploads\\\/2020\\\/06\\\/cat-calm.jpg\",\"datePublished\":\"2020-03-04T22:56:44+00:00\",\"dateModified\":\"2025-10-09T09:11:04+00:00\",\"description\":\"Les croquettes m\u00e9dicalis\u00e9es Royal Canin Cat Calm sont un aliment recommand\u00e9 pour aider le chat \u00e0 g\u00e9rer des situations difficiles et \u00e0 r\u00e9duire les manifestations digestives, cutan\u00e9es et urinaires li\u00e9es au stress ou \u00e0 un changement d'environnement. Utilisation : Chat adulte sujet au stress\",\"breadcrumb\":{\"@id\":\"https:\\\/\\\/www.vetorino.com\\\/veterinaire\\\/briancon-05100\\\/boutique\\\/product\\\/vdiet-cat-calm\\\/#breadcrumb\"},\"inLanguage\":\"fr-FR\",\"potentialAction\":[{\"@type\":\"ReadAction\",\"target\":[\"https:\\\/\\\/www.vetorino.com\\\/veterinaire\\\/briancon-05100\\\/boutique\\\/product\\\/vdiet-cat-calm\\\/\"]}]},{\"@type\":\"ImageObject\",\"inLanguage\":\"fr-FR\",\"@id\":\"https:\\\/\\\/www.vetorino.com\\\/veterinaire\\\/briancon-05100\\\/boutique\\\/product\\\/vdiet-cat-calm\\\/#primaryimage\",\"url\":\"https:\\\/\\\/www.vetorino.com\\\/boutique\\\/wp-content\\\/uploads\\\/2020\\\/06\\\/cat-calm.jpg\",\"contentUrl\":\"https:\\\/\\\/www.vetorino.com\\\/boutique\\\/wp-content\\\/uploads\\\/2020\\\/06\\\/cat-calm.jpg\",\"width\":800,\"height\":800},{\"@type\":\"BreadcrumbList\",\"@id\":\"https:\\\/\\\/www.vetorino.com\\\/veterinaire\\\/briancon-05100\\\/boutique\\\/product\\\/vdiet-cat-calm\\\/#breadcrumb\",\"itemListElement\":[{\"@type\":\"ListItem\",\"position\":1,\"name\":\"Accueil\",\"item\":\"https:\\\/\\\/www.vetorino.com\\\/boutique\\\/\"},{\"@type\":\"ListItem\",\"position\":2,\"name\":\"Produits\",\"item\":\"https:\\\/\\\/www.vetorino.com\\\/boutique\\\/\"},{\"@type\":\"ListItem\",\"position\":3,\"name\":\"Cat Calm\"}]},{\"@type\":\"WebSite\",\"@id\":\"https:\\\/\\\/www.vetorino.com\\\/boutique\\\/#website\",\"url\":\"https:\\\/\\\/www.vetorino.com\\\/boutique\\\/\",\"name\":\"V\u00e9torino\",\"description\":\"\",\"publisher\":{\"@id\":\"https:\\\/\\\/www.vetorino.com\\\/boutique\\\/#organization\"},\"potentialAction\":[{\"@type\":\"SearchAction\",\"target\":{\"@type\":\"EntryPoint\",\"urlTemplate\":\"https:\\\/\\\/www.vetorino.com\\\/boutique\\\/?s={search_term_string}\"},\"query-input\":{\"@type\":\"PropertyValueSpecification\",\"valueRequired\":true,\"valueName\":\"search_term_string\"}}],\"inLanguage\":\"fr-FR\"},{\"@type\":\"Organization\",\"@id\":\"https:\\\/\\\/www.vetorino.com\\\/boutique\\\/#organization\",\"name\":\"V\u00e9torino\",\"url\":\"https:\\\/\\\/www.vetorino.com\\\/boutique\\\/\",\"logo\":{\"@type\":\"ImageObject\",\"inLanguage\":\"fr-FR\",\"@id\":\"https:\\\/\\\/www.vetorino.com\\\/boutique\\\/#\\\/schema\\\/logo\\\/image\\\/\",\"url\":\"https:\\\/\\\/www.vetorino.com\\\/boutique\\\/wp-content\\\/uploads\\\/2024\\\/10\\\/logo.jpg\",\"contentUrl\":\"https:\\\/\\\/www.vetorino.com\\\/boutique\\\/wp-content\\\/uploads\\\/2024\\\/10\\\/logo.jpg\",\"width\":1200,\"height\":610,\"caption\":\"V\u00e9torino\"},\"image\":{\"@id\":\"https:\\\/\\\/www.vetorino.com\\\/boutique\\\/#\\\/schema\\\/logo\\\/image\\\/\"},\"sameAs\":[\"https:\\\/\\\/www.facebook.com\\\/Vetorino\\\/\",\"https:\\\/\\\/www.instagram.com\\\/vetorino_off\\\/\",\"https:\\\/\\\/www.linkedin.com\\\/company\\\/vtorino\\\/\"]}]}<\/script>\n<meta property=\"product:brand\" content=\"Royal Canin\" \/>\n<meta property=\"og:availability\" content=\"instock\" \/>\n<meta property=\"product:availability\" content=\"instock\" \/>\n<meta property=\"product:condition\" content=\"new\" \/>\n<!-- \/ Yoast SEO plugin. -->","yoast_head_json":{"title":"Veterinary Diet (Royal Canin) Cat Calm Royal Canin - V\u00e9torino","description":"Les croquettes m\u00e9dicalis\u00e9es Royal Canin Cat Calm sont un aliment recommand\u00e9 pour aider le chat \u00e0 g\u00e9rer des situations difficiles et \u00e0 r\u00e9duire les manifestations digestives, cutan\u00e9es et urinaires li\u00e9es au stress ou \u00e0 un changement d'environnement.  Utilisation :   Chat adulte sujet au stress","robots":{"index":"noindex","follow":"nofollow"},"og_locale":"fr_FR","og_type":"article","og_title":"Veterinary Diet (Royal Canin) Cat Calm Royal Canin - V\u00e9torino","og_description":"Les croquettes m\u00e9dicalis\u00e9es Royal Canin Cat Calm sont un aliment recommand\u00e9 pour aider le chat \u00e0 g\u00e9rer des situations difficiles et \u00e0 r\u00e9duire les manifestations digestives, cutan\u00e9es et urinaires li\u00e9es au stress ou \u00e0 un changement d'environnement.  Utilisation :   Chat adulte sujet au stress","og_url":"https:\/\/www.vetorino.com\/veterinaire\/beugnies-59216\/boutique\/product\/vdiet-cat-calm\/","og_site_name":"V\u00e9torino","article_publisher":"https:\/\/www.facebook.com\/Vetorino\/","article_modified_time":"2025-10-09T09:11:04+00:00","og_image":[{"width":800,"height":800,"url":"https:\/\/www.vetorino.com\/boutique\/wp-content\/uploads\/2020\/06\/cat-calm.jpg","type":"image\/jpeg"}],"twitter_card":"summary_large_image","twitter_misc":{"Disponibilit\u00e9":"En stock"},"schema":{"@context":"https:\/\/schema.org","@graph":[{"@type":"WebPage","@id":"https:\/\/www.vetorino.com\/veterinaire\/briancon-05100\/boutique\/product\/vdiet-cat-calm\/","url":"https:\/\/www.vetorino.com\/veterinaire\/briancon-05100\/boutique\/product\/vdiet-cat-calm\/","name":"Veterinary Diet (Royal Canin) Cat Calm Royal Canin - V\u00e9torino","isPartOf":{"@id":"https:\/\/www.vetorino.com\/boutique\/#website"},"primaryImageOfPage":{"@id":"https:\/\/www.vetorino.com\/veterinaire\/briancon-05100\/boutique\/product\/vdiet-cat-calm\/#primaryimage"},"image":{"@id":"https:\/\/www.vetorino.com\/veterinaire\/briancon-05100\/boutique\/product\/vdiet-cat-calm\/#primaryimage"},"thumbnailUrl":"https:\/\/www.vetorino.com\/boutique\/wp-content\/uploads\/2020\/06\/cat-calm.jpg","datePublished":"2020-03-04T22:56:44+00:00","dateModified":"2025-10-09T09:11:04+00:00","description":"Les croquettes m\u00e9dicalis\u00e9es Royal Canin Cat Calm sont un aliment recommand\u00e9 pour aider le chat \u00e0 g\u00e9rer des situations difficiles et \u00e0 r\u00e9duire les manifestations digestives, cutan\u00e9es et urinaires li\u00e9es au stress ou \u00e0 un changement d'environnement. Utilisation : Chat adulte sujet au stress","breadcrumb":{"@id":"https:\/\/www.vetorino.com\/veterinaire\/briancon-05100\/boutique\/product\/vdiet-cat-calm\/#breadcrumb"},"inLanguage":"fr-FR","potentialAction":[{"@type":"ReadAction","target":["https:\/\/www.vetorino.com\/veterinaire\/briancon-05100\/boutique\/product\/vdiet-cat-calm\/"]}]},{"@type":"ImageObject","inLanguage":"fr-FR","@id":"https:\/\/www.vetorino.com\/veterinaire\/briancon-05100\/boutique\/product\/vdiet-cat-calm\/#primaryimage","url":"https:\/\/www.vetorino.com\/boutique\/wp-content\/uploads\/2020\/06\/cat-calm.jpg","contentUrl":"https:\/\/www.vetorino.com\/boutique\/wp-content\/uploads\/2020\/06\/cat-calm.jpg","width":800,"height":800},{"@type":"BreadcrumbList","@id":"https:\/\/www.vetorino.com\/veterinaire\/briancon-05100\/boutique\/product\/vdiet-cat-calm\/#breadcrumb","itemListElement":[{"@type":"ListItem","position":1,"name":"Accueil","item":"https:\/\/www.vetorino.com\/boutique\/"},{"@type":"ListItem","position":2,"name":"Produits","item":"https:\/\/www.vetorino.com\/boutique\/"},{"@type":"ListItem","position":3,"name":"Cat Calm"}]},{"@type":"WebSite","@id":"https:\/\/www.vetorino.com\/boutique\/#website","url":"https:\/\/www.vetorino.com\/boutique\/","name":"V\u00e9torino","description":"","publisher":{"@id":"https:\/\/www.vetorino.com\/boutique\/#organization"},"potentialAction":[{"@type":"SearchAction","target":{"@type":"EntryPoint","urlTemplate":"https:\/\/www.vetorino.com\/boutique\/?s={search_term_string}"},"query-input":{"@type":"PropertyValueSpecification","valueRequired":true,"valueName":"search_term_string"}}],"inLanguage":"fr-FR"},{"@type":"Organization","@id":"https:\/\/www.vetorino.com\/boutique\/#organization","name":"V\u00e9torino","url":"https:\/\/www.vetorino.com\/boutique\/","logo":{"@type":"ImageObject","inLanguage":"fr-FR","@id":"https:\/\/www.vetorino.com\/boutique\/#\/schema\/logo\/image\/","url":"https:\/\/www.vetorino.com\/boutique\/wp-content\/uploads\/2024\/10\/logo.jpg","contentUrl":"https:\/\/www.vetorino.com\/boutique\/wp-content\/uploads\/2024\/10\/logo.jpg","width":1200,"height":610,"caption":"V\u00e9torino"},"image":{"@id":"https:\/\/www.vetorino.com\/boutique\/#\/schema\/logo\/image\/"},"sameAs":["https:\/\/www.facebook.com\/Vetorino\/","https:\/\/www.instagram.com\/vetorino_off\/","https:\/\/www.linkedin.com\/company\/vtorino\/"]}]},"product_brand":"Royal Canin","og_availability":"instock","product_availability":"instock","product_condition":"new"},"_links":{"self":[{"href":"https:\/\/www.vetorino.com\/veterinaire\/beugnies-59216\/boutique\/wp-json\/wp\/v2\/product\/37815","targetHints":{"allow":["GET"]}}],"collection":[{"href":"https:\/\/www.vetorino.com\/veterinaire\/beugnies-59216\/boutique\/wp-json\/wp\/v2\/product"}],"about":[{"href":"https:\/\/www.vetorino.com\/veterinaire\/beugnies-59216\/boutique\/wp-json\/wp\/v2\/types\/product"}],"wp:featuredmedia":[{"embeddable":true,"href":"https:\/\/www.vetorino.com\/veterinaire\/beugnies-59216\/boutique\/wp-json\/wp\/v2\/media\/896225"}],"wp:attachment":[{"href":"https:\/\/www.vetorino.com\/veterinaire\/beugnies-59216\/boutique\/wp-json\/wp\/v2\/media?parent=37815"}],"wp:term":[{"taxonomy":"product_cat","embeddable":true,"href":"https:\/\/www.vetorino.com\/veterinaire\/beugnies-59216\/boutique\/wp-json\/wp\/v2\/product_cat?post=37815"},{"taxonomy":"product_tag","embeddable":true,"href":"https:\/\/www.vetorino.com\/veterinaire\/beugnies-59216\/boutique\/wp-json\/wp\/v2\/product_tag?post=37815"}],"curies":[{"name":"wp","href":"https:\/\/api.w.org\/{rel}","templated":true}]}}