{"id":37950,"date":"2020-03-04T23:57:34","date_gmt":"2020-03-04T22:57:34","guid":{"rendered":"https:\/\/www.vetorino.com\/boutique\/product\/articles-tresses-chat\/"},"modified":"2024-04-30T10:42:40","modified_gmt":"2024-04-30T08:42:40","slug":"articles-tresses-chat","status":"publish","type":"product","link":"https:\/\/www.vetorino.com\/veterinaire\/beugnies-59216\/boutique\/product\/articles-tresses-chat\/","title":{"rendered":"Collier, Harnais et Laisse Tress\u00e9 pour chat"},"content":{"rendered":"<p><strong>Les colliers pour chat en nylon<\/strong> extensible est \u00e0 la fois r\u00e9sistant et solide, avec des couleurs vives pour mieux rep\u00e9rer votre chat lors de ses escapades ext\u00e9rieures. Le c\u00f4t\u00e9 extensible du collier permet \u00e0 votre chat de ne pas rester coinc\u00e9 lors de ses d\u00e9placements. Ce collier simple et pratique est le plus vendu pour les f\u00e9lins, il est \u00e9galement \u00e9quip\u00e9 d&#8217;un grelot pour vous permettre de localiser facilement votre chat dans l&#8217;environnement.<\/p>\n<p><strong>D\u00e9couvrez notre harnais pour chat<\/strong>, \u00e9l\u00e9gamment tress\u00e9, disponible en rouge ou noir et ajustable de 35 \u00e0 40 cm, parfait pour allier confort et style lors de vos promenades.<\/p>\n<p>La nouvelle <strong>collection protect<\/strong> vous garantit des sorties s\u00e9curis\u00e9es.<\/p>\n<p>Con\u00e7ue pour les <strong>chats<\/strong> et les <strong>chatons<\/strong>, cette sellerie est en nylon r\u00e9sistant.<\/p>\n<p>Elle est tiss\u00e9e avec des fils r\u00e9fl\u00e9chissants sur 3 rang\u00e9es am\u00e9liorant la visibilit\u00e9 de votre f\u00e9lin lors de ses balades nocturnes.<\/p>\n<p>Les <strong>colliers<\/strong> et <strong>harnais<\/strong> poss\u00e8dent une boucle de s\u00e9curit\u00e9 ainsi qu\u2019un grelot amovible.<\/p>\n","protected":false},"excerpt":{"rendered":"<p>La nouvelle <strong>collection protect<\/strong> vous garantit des sorties s\u00e9curis\u00e9es.<\/p>\n<p>Con\u00e7ue pour les <strong>chats<\/strong> et les <strong>chatons<\/strong>, cette sellerie est en nylon r\u00e9sistant.<\/p>\n","protected":false},"featured_media":909547,"template":"","meta":[],"product_cat":[12548,2697,12631],"product_tag":[],"class_list":{"0":"post-37950","1":"product","2":"type-product","3":"status-publish","4":"has-post-thumbnail","6":"product_cat-accessoire-du-chat","7":"product_cat-chat","8":"product_cat-sortie-du-chat","9":"pa_marque-wouapy","11":"first","12":"instock","13":"taxable","14":"shipping-taxable","15":"purchasable","16":"product-type-variable"},"yoast_head":"<!-- This site is optimized with the Yoast SEO plugin v27.3 - https:\/\/yoast.com\/product\/yoast-seo-wordpress\/ -->\n<title>Collier, Harnais et Laisse Tress\u00e9 pour chat Wouapy - V\u00e9torino<\/title>\n<meta name=\"description\" content=\"La nouvelle collection protect vous garantit des sorties s\u00e9curis\u00e9es.  Con\u00e7ue pour les chats et les chatons, cette sellerie est en nylon r\u00e9sistant.\" \/>\n<meta name=\"robots\" content=\"noindex, nofollow\" \/>\n<meta property=\"og:locale\" content=\"fr_FR\" \/>\n<meta property=\"og:type\" content=\"article\" \/>\n<meta property=\"og:title\" content=\"Collier, Harnais et Laisse Tress\u00e9 pour chat Wouapy - V\u00e9torino\" \/>\n<meta property=\"og:description\" content=\"La nouvelle collection protect vous garantit des sorties s\u00e9curis\u00e9es.  Con\u00e7ue pour les chats et les chatons, cette sellerie est en nylon r\u00e9sistant.\" \/>\n<meta property=\"og:url\" content=\"https:\/\/www.vetorino.com\/veterinaire\/beugnies-59216\/boutique\/product\/articles-tresses-chat\/\" \/>\n<meta property=\"og:site_name\" content=\"V\u00e9torino\" \/>\n<meta property=\"article:publisher\" content=\"https:\/\/www.facebook.com\/Vetorino\/\" \/>\n<meta property=\"article:modified_time\" content=\"2024-04-30T08:42:40+00:00\" \/>\n<meta property=\"og:image\" content=\"https:\/\/www.vetorino.com\/boutique\/wp-content\/uploads\/2020\/03\/collier-pour-chat-en-nylon-elastique-et-extensible.jpg\" \/>\n\t<meta property=\"og:image:width\" content=\"1100\" \/>\n\t<meta property=\"og:image:height\" content=\"1422\" \/>\n\t<meta property=\"og:image:type\" content=\"image\/jpeg\" \/>\n<meta name=\"twitter:card\" content=\"summary_large_image\" \/>\n<meta name=\"twitter:label1\" content=\"Disponibilit\u00e9\" \/>\n\t<meta name=\"twitter:data1\" content=\"En stock\" \/>\n<script type=\"application\/ld+json\" class=\"yoast-schema-graph\">{\"@context\":\"https:\\\/\\\/schema.org\",\"@graph\":[{\"@type\":\"WebPage\",\"@id\":\"https:\\\/\\\/www.vetorino.com\\\/boutique\\\/product\\\/articles-tresses-chat\\\/\",\"url\":\"https:\\\/\\\/www.vetorino.com\\\/boutique\\\/product\\\/articles-tresses-chat\\\/\",\"name\":\"Collier, Harnais et Laisse Tress\u00e9 pour chat Wouapy - V\u00e9torino\",\"isPartOf\":{\"@id\":\"https:\\\/\\\/www.vetorino.com\\\/boutique\\\/#website\"},\"primaryImageOfPage\":{\"@id\":\"https:\\\/\\\/www.vetorino.com\\\/boutique\\\/product\\\/articles-tresses-chat\\\/#primaryimage\"},\"image\":{\"@id\":\"https:\\\/\\\/www.vetorino.com\\\/boutique\\\/product\\\/articles-tresses-chat\\\/#primaryimage\"},\"thumbnailUrl\":\"https:\\\/\\\/www.vetorino.com\\\/boutique\\\/wp-content\\\/uploads\\\/2020\\\/03\\\/collier-pour-chat-en-nylon-elastique-et-extensible.jpg\",\"datePublished\":\"2020-03-04T22:57:34+00:00\",\"dateModified\":\"2024-04-30T08:42:40+00:00\",\"description\":\"La nouvelle collection protect vous garantit des sorties s\u00e9curis\u00e9es. Con\u00e7ue pour les chats et les chatons, cette sellerie est en nylon r\u00e9sistant.\",\"breadcrumb\":{\"@id\":\"https:\\\/\\\/www.vetorino.com\\\/boutique\\\/product\\\/articles-tresses-chat\\\/#breadcrumb\"},\"inLanguage\":\"fr-FR\",\"potentialAction\":[{\"@type\":\"ReadAction\",\"target\":[\"https:\\\/\\\/www.vetorino.com\\\/boutique\\\/product\\\/articles-tresses-chat\\\/\"]}]},{\"@type\":\"ImageObject\",\"inLanguage\":\"fr-FR\",\"@id\":\"https:\\\/\\\/www.vetorino.com\\\/boutique\\\/product\\\/articles-tresses-chat\\\/#primaryimage\",\"url\":\"https:\\\/\\\/www.vetorino.com\\\/boutique\\\/wp-content\\\/uploads\\\/2020\\\/03\\\/collier-pour-chat-en-nylon-elastique-et-extensible.jpg\",\"contentUrl\":\"https:\\\/\\\/www.vetorino.com\\\/boutique\\\/wp-content\\\/uploads\\\/2020\\\/03\\\/collier-pour-chat-en-nylon-elastique-et-extensible.jpg\",\"width\":1100,\"height\":1422},{\"@type\":\"BreadcrumbList\",\"@id\":\"https:\\\/\\\/www.vetorino.com\\\/boutique\\\/product\\\/articles-tresses-chat\\\/#breadcrumb\",\"itemListElement\":[{\"@type\":\"ListItem\",\"position\":1,\"name\":\"Accueil\",\"item\":\"https:\\\/\\\/www.vetorino.com\\\/boutique\\\/\"},{\"@type\":\"ListItem\",\"position\":2,\"name\":\"Produits\",\"item\":\"https:\\\/\\\/www.vetorino.com\\\/boutique\\\/\"},{\"@type\":\"ListItem\",\"position\":3,\"name\":\"Collier, Harnais et Laisse Tress\u00e9 pour chat\"}]},{\"@type\":\"WebSite\",\"@id\":\"https:\\\/\\\/www.vetorino.com\\\/boutique\\\/#website\",\"url\":\"https:\\\/\\\/www.vetorino.com\\\/boutique\\\/\",\"name\":\"V\u00e9torino\",\"description\":\"\",\"publisher\":{\"@id\":\"https:\\\/\\\/www.vetorino.com\\\/boutique\\\/#organization\"},\"potentialAction\":[{\"@type\":\"SearchAction\",\"target\":{\"@type\":\"EntryPoint\",\"urlTemplate\":\"https:\\\/\\\/www.vetorino.com\\\/boutique\\\/?s={search_term_string}\"},\"query-input\":{\"@type\":\"PropertyValueSpecification\",\"valueRequired\":true,\"valueName\":\"search_term_string\"}}],\"inLanguage\":\"fr-FR\"},{\"@type\":\"Organization\",\"@id\":\"https:\\\/\\\/www.vetorino.com\\\/boutique\\\/#organization\",\"name\":\"V\u00e9torino\",\"url\":\"https:\\\/\\\/www.vetorino.com\\\/boutique\\\/\",\"logo\":{\"@type\":\"ImageObject\",\"inLanguage\":\"fr-FR\",\"@id\":\"https:\\\/\\\/www.vetorino.com\\\/boutique\\\/#\\\/schema\\\/logo\\\/image\\\/\",\"url\":\"https:\\\/\\\/www.vetorino.com\\\/boutique\\\/wp-content\\\/uploads\\\/2024\\\/10\\\/logo.jpg\",\"contentUrl\":\"https:\\\/\\\/www.vetorino.com\\\/boutique\\\/wp-content\\\/uploads\\\/2024\\\/10\\\/logo.jpg\",\"width\":1200,\"height\":610,\"caption\":\"V\u00e9torino\"},\"image\":{\"@id\":\"https:\\\/\\\/www.vetorino.com\\\/boutique\\\/#\\\/schema\\\/logo\\\/image\\\/\"},\"sameAs\":[\"https:\\\/\\\/www.facebook.com\\\/Vetorino\\\/\",\"https:\\\/\\\/www.instagram.com\\\/vetorino_off\\\/\",\"https:\\\/\\\/www.linkedin.com\\\/company\\\/vtorino\\\/\"]}]}<\/script>\n<meta property=\"product:brand\" content=\"Wouapy\" \/>\n<meta property=\"og:availability\" content=\"instock\" \/>\n<meta property=\"product:availability\" content=\"instock\" \/>\n<meta property=\"product:condition\" content=\"new\" \/>\n<!-- \/ Yoast SEO plugin. -->","yoast_head_json":{"title":"Collier, Harnais et Laisse Tress\u00e9 pour chat Wouapy - V\u00e9torino","description":"La nouvelle collection protect vous garantit des sorties s\u00e9curis\u00e9es.  Con\u00e7ue pour les chats et les chatons, cette sellerie est en nylon r\u00e9sistant.","robots":{"index":"noindex","follow":"nofollow"},"og_locale":"fr_FR","og_type":"article","og_title":"Collier, Harnais et Laisse Tress\u00e9 pour chat Wouapy - V\u00e9torino","og_description":"La nouvelle collection protect vous garantit des sorties s\u00e9curis\u00e9es.  Con\u00e7ue pour les chats et les chatons, cette sellerie est en nylon r\u00e9sistant.","og_url":"https:\/\/www.vetorino.com\/veterinaire\/beugnies-59216\/boutique\/product\/articles-tresses-chat\/","og_site_name":"V\u00e9torino","article_publisher":"https:\/\/www.facebook.com\/Vetorino\/","article_modified_time":"2024-04-30T08:42:40+00:00","og_image":[{"width":1100,"height":1422,"url":"https:\/\/www.vetorino.com\/boutique\/wp-content\/uploads\/2020\/03\/collier-pour-chat-en-nylon-elastique-et-extensible.jpg","type":"image\/jpeg"}],"twitter_card":"summary_large_image","twitter_misc":{"Disponibilit\u00e9":"En stock"},"schema":{"@context":"https:\/\/schema.org","@graph":[{"@type":"WebPage","@id":"https:\/\/www.vetorino.com\/boutique\/product\/articles-tresses-chat\/","url":"https:\/\/www.vetorino.com\/boutique\/product\/articles-tresses-chat\/","name":"Collier, Harnais et Laisse Tress\u00e9 pour chat Wouapy - V\u00e9torino","isPartOf":{"@id":"https:\/\/www.vetorino.com\/boutique\/#website"},"primaryImageOfPage":{"@id":"https:\/\/www.vetorino.com\/boutique\/product\/articles-tresses-chat\/#primaryimage"},"image":{"@id":"https:\/\/www.vetorino.com\/boutique\/product\/articles-tresses-chat\/#primaryimage"},"thumbnailUrl":"https:\/\/www.vetorino.com\/boutique\/wp-content\/uploads\/2020\/03\/collier-pour-chat-en-nylon-elastique-et-extensible.jpg","datePublished":"2020-03-04T22:57:34+00:00","dateModified":"2024-04-30T08:42:40+00:00","description":"La nouvelle collection protect vous garantit des sorties s\u00e9curis\u00e9es. Con\u00e7ue pour les chats et les chatons, cette sellerie est en nylon r\u00e9sistant.","breadcrumb":{"@id":"https:\/\/www.vetorino.com\/boutique\/product\/articles-tresses-chat\/#breadcrumb"},"inLanguage":"fr-FR","potentialAction":[{"@type":"ReadAction","target":["https:\/\/www.vetorino.com\/boutique\/product\/articles-tresses-chat\/"]}]},{"@type":"ImageObject","inLanguage":"fr-FR","@id":"https:\/\/www.vetorino.com\/boutique\/product\/articles-tresses-chat\/#primaryimage","url":"https:\/\/www.vetorino.com\/boutique\/wp-content\/uploads\/2020\/03\/collier-pour-chat-en-nylon-elastique-et-extensible.jpg","contentUrl":"https:\/\/www.vetorino.com\/boutique\/wp-content\/uploads\/2020\/03\/collier-pour-chat-en-nylon-elastique-et-extensible.jpg","width":1100,"height":1422},{"@type":"BreadcrumbList","@id":"https:\/\/www.vetorino.com\/boutique\/product\/articles-tresses-chat\/#breadcrumb","itemListElement":[{"@type":"ListItem","position":1,"name":"Accueil","item":"https:\/\/www.vetorino.com\/boutique\/"},{"@type":"ListItem","position":2,"name":"Produits","item":"https:\/\/www.vetorino.com\/boutique\/"},{"@type":"ListItem","position":3,"name":"Collier, Harnais et Laisse Tress\u00e9 pour chat"}]},{"@type":"WebSite","@id":"https:\/\/www.vetorino.com\/boutique\/#website","url":"https:\/\/www.vetorino.com\/boutique\/","name":"V\u00e9torino","description":"","publisher":{"@id":"https:\/\/www.vetorino.com\/boutique\/#organization"},"potentialAction":[{"@type":"SearchAction","target":{"@type":"EntryPoint","urlTemplate":"https:\/\/www.vetorino.com\/boutique\/?s={search_term_string}"},"query-input":{"@type":"PropertyValueSpecification","valueRequired":true,"valueName":"search_term_string"}}],"inLanguage":"fr-FR"},{"@type":"Organization","@id":"https:\/\/www.vetorino.com\/boutique\/#organization","name":"V\u00e9torino","url":"https:\/\/www.vetorino.com\/boutique\/","logo":{"@type":"ImageObject","inLanguage":"fr-FR","@id":"https:\/\/www.vetorino.com\/boutique\/#\/schema\/logo\/image\/","url":"https:\/\/www.vetorino.com\/boutique\/wp-content\/uploads\/2024\/10\/logo.jpg","contentUrl":"https:\/\/www.vetorino.com\/boutique\/wp-content\/uploads\/2024\/10\/logo.jpg","width":1200,"height":610,"caption":"V\u00e9torino"},"image":{"@id":"https:\/\/www.vetorino.com\/boutique\/#\/schema\/logo\/image\/"},"sameAs":["https:\/\/www.facebook.com\/Vetorino\/","https:\/\/www.instagram.com\/vetorino_off\/","https:\/\/www.linkedin.com\/company\/vtorino\/"]}]},"product_brand":"Wouapy","og_availability":"instock","product_availability":"instock","product_condition":"new"},"_links":{"self":[{"href":"https:\/\/www.vetorino.com\/veterinaire\/beugnies-59216\/boutique\/wp-json\/wp\/v2\/product\/37950","targetHints":{"allow":["GET"]}}],"collection":[{"href":"https:\/\/www.vetorino.com\/veterinaire\/beugnies-59216\/boutique\/wp-json\/wp\/v2\/product"}],"about":[{"href":"https:\/\/www.vetorino.com\/veterinaire\/beugnies-59216\/boutique\/wp-json\/wp\/v2\/types\/product"}],"wp:featuredmedia":[{"embeddable":true,"href":"https:\/\/www.vetorino.com\/veterinaire\/beugnies-59216\/boutique\/wp-json\/wp\/v2\/media\/909547"}],"wp:attachment":[{"href":"https:\/\/www.vetorino.com\/veterinaire\/beugnies-59216\/boutique\/wp-json\/wp\/v2\/media?parent=37950"}],"wp:term":[{"taxonomy":"product_cat","embeddable":true,"href":"https:\/\/www.vetorino.com\/veterinaire\/beugnies-59216\/boutique\/wp-json\/wp\/v2\/product_cat?post=37950"},{"taxonomy":"product_tag","embeddable":true,"href":"https:\/\/www.vetorino.com\/veterinaire\/beugnies-59216\/boutique\/wp-json\/wp\/v2\/product_tag?post=37950"}],"curies":[{"name":"wp","href":"https:\/\/api.w.org\/{rel}","templated":true}]}}