{"id":37978,"date":"2020-03-04T23:57:45","date_gmt":"2020-03-04T22:57:45","guid":{"rendered":"https:\/\/www.vetorino.com\/boutique\/product\/litiere-perlinette-chat-chaton-nac\/"},"modified":"2024-04-24T10:41:56","modified_gmt":"2024-04-24T08:41:56","slug":"litiere-perlinette-chat-chaton-nac","status":"publish","type":"product","link":"https:\/\/www.vetorino.com\/veterinaire\/beugnies-59216\/boutique\/product\/litiere-perlinette-chat-chaton-nac\/","title":{"rendered":"Liti\u00e8re absorbante Perlinette Micro-granules (chat, chaton, NAC)"},"content":{"rendered":"<p>Liti\u00e8re \u00e0 base de silice sous forme de granules tr\u00e8s fins permettant une absorption maximale.<\/p>\n<ul>\n<li>Confortable, elle ne colle pas aux pattes et permet donc de garder le coin liti\u00e8re de votre chat propre.<\/li>\n<li>Tr\u00e8s absorbante, elle retient aussi bien les odeurs que les liquides<\/li>\n<li>Pratique, sa forme poudreuse de microgranules tr\u00e8s fines permet une utilisation facile de la pelle \u00e0 liti\u00e8re.<\/li>\n<li>Inhibe les bact\u00e9ries : gr\u00e2ce \u00e0 son action absorbante, Perlinette liti\u00e8re pour Animaux reste toujours s\u00e8che. Priv\u00e9es d&#8217;eau, les bact\u00e9ries ne se multiplient plus. Vous avez une liti\u00e8re saine.<\/li>\n<\/ul>\n","protected":false},"excerpt":{"rendered":"<p><strong>Liti\u00e8re \u00e0 grains de tr\u00e8s petite taille, antistatique, l\u00e9g\u00e8re et compacte, en silice 100% biod\u00e9gradable.<\/strong><\/p>\n<p>Tr\u00e8s absorbante, elle reste toujours s\u00e8che et les odeurs sont emprisonn\u00e9es. Doux pour les pattes.<\/p>\n","protected":false},"featured_media":904129,"template":"","meta":[],"product_cat":[12548,2697,2744,12563,12625,12626,12627,12628,2727,12570],"product_tag":[],"class_list":{"0":"post-37978","1":"product","2":"type-product","3":"status-publish","4":"has-post-thumbnail","6":"product_cat-accessoire-du-chat","7":"product_cat-chat","8":"product_cat-furet","9":"product_cat-lapin","10":"product_cat-litiere-pour-furet","11":"product_cat-litiere-pour-lapin","12":"product_cat-litiere-pour-rongeur","13":"product_cat-litieres-du-chat","14":"product_cat-nac","15":"product_cat-rongeur","16":"pa_marque-perlinette","18":"first","19":"instock","20":"taxable","21":"shipping-taxable","22":"purchasable","23":"product-type-simple"},"yoast_head":"<!-- This site is optimized with the Yoast SEO plugin v27.3 - https:\/\/yoast.com\/product\/yoast-seo-wordpress\/ -->\n<title>Liti\u00e8re absorbante Perlinette Micro-granules (chat, chaton, NAC) Perlinette - V\u00e9torino<\/title>\n<meta name=\"description\" content=\"Liti\u00e8re \u00e0 grains de tr\u00e8s petite taille, antistatique, l\u00e9g\u00e8re et compacte, en silice 100% biod\u00e9gradable.  Tr\u00e8s absorbante, elle reste toujours s\u00e8che et les odeurs sont emprisonn\u00e9es. Doux pour les pattes.\" \/>\n<meta name=\"robots\" content=\"noindex, nofollow\" \/>\n<meta property=\"og:locale\" content=\"fr_FR\" \/>\n<meta property=\"og:type\" content=\"article\" \/>\n<meta property=\"og:title\" content=\"Liti\u00e8re absorbante Perlinette Micro-granules (chat, chaton, NAC) Perlinette - V\u00e9torino\" \/>\n<meta property=\"og:description\" content=\"Liti\u00e8re \u00e0 grains de tr\u00e8s petite taille, antistatique, l\u00e9g\u00e8re et compacte, en silice 100% biod\u00e9gradable.  Tr\u00e8s absorbante, elle reste toujours s\u00e8che et les odeurs sont emprisonn\u00e9es. Doux pour les pattes.\" \/>\n<meta property=\"og:url\" content=\"https:\/\/www.vetorino.com\/veterinaire\/beugnies-59216\/boutique\/product\/litiere-perlinette-chat-chaton-nac\/\" \/>\n<meta property=\"og:site_name\" content=\"V\u00e9torino\" \/>\n<meta property=\"article:publisher\" content=\"https:\/\/www.facebook.com\/Vetorino\/\" \/>\n<meta property=\"article:modified_time\" content=\"2024-04-24T08:41:56+00:00\" \/>\n<meta property=\"og:image\" content=\"https:\/\/www.vetorino.com\/boutique\/wp-content\/uploads\/2020\/03\/8383124-1.jpg\" \/>\n\t<meta property=\"og:image:width\" content=\"1345\" \/>\n\t<meta property=\"og:image:height\" content=\"1564\" \/>\n\t<meta property=\"og:image:type\" content=\"image\/jpeg\" \/>\n<meta name=\"twitter:card\" content=\"summary_large_image\" \/>\n<meta name=\"twitter:label1\" content=\"Prix\" \/>\n\t<meta name=\"twitter:data1\" content=\"8,43&euro;\" \/>\n\t<meta name=\"twitter:label2\" content=\"Disponibilit\u00e9\" \/>\n\t<meta name=\"twitter:data2\" content=\"En stock\" \/>\n<script type=\"application\/ld+json\" class=\"yoast-schema-graph\">{\"@context\":\"https:\\\/\\\/schema.org\",\"@graph\":[{\"@type\":\"WebPage\",\"@id\":\"https:\\\/\\\/www.vetorino.com\\\/boutique\\\/product\\\/litiere-perlinette-chat-chaton-nac\\\/\",\"url\":\"https:\\\/\\\/www.vetorino.com\\\/boutique\\\/product\\\/litiere-perlinette-chat-chaton-nac\\\/\",\"name\":\"Liti\u00e8re absorbante Perlinette Micro-granules (chat, chaton, NAC) Perlinette - V\u00e9torino\",\"isPartOf\":{\"@id\":\"https:\\\/\\\/www.vetorino.com\\\/boutique\\\/#website\"},\"primaryImageOfPage\":{\"@id\":\"https:\\\/\\\/www.vetorino.com\\\/boutique\\\/product\\\/litiere-perlinette-chat-chaton-nac\\\/#primaryimage\"},\"image\":{\"@id\":\"https:\\\/\\\/www.vetorino.com\\\/boutique\\\/product\\\/litiere-perlinette-chat-chaton-nac\\\/#primaryimage\"},\"thumbnailUrl\":\"https:\\\/\\\/www.vetorino.com\\\/boutique\\\/wp-content\\\/uploads\\\/2020\\\/03\\\/8383124-1.jpg\",\"datePublished\":\"2020-03-04T22:57:45+00:00\",\"dateModified\":\"2024-04-24T08:41:56+00:00\",\"description\":\"Liti\u00e8re \u00e0 grains de tr\u00e8s petite taille, antistatique, l\u00e9g\u00e8re et compacte, en silice 100% biod\u00e9gradable. Tr\u00e8s absorbante, elle reste toujours s\u00e8che et les odeurs sont emprisonn\u00e9es. Doux pour les pattes.\",\"breadcrumb\":{\"@id\":\"https:\\\/\\\/www.vetorino.com\\\/boutique\\\/product\\\/litiere-perlinette-chat-chaton-nac\\\/#breadcrumb\"},\"inLanguage\":\"fr-FR\",\"potentialAction\":[{\"@type\":\"ReadAction\",\"target\":[\"https:\\\/\\\/www.vetorino.com\\\/boutique\\\/product\\\/litiere-perlinette-chat-chaton-nac\\\/\"]}]},{\"@type\":\"ImageObject\",\"inLanguage\":\"fr-FR\",\"@id\":\"https:\\\/\\\/www.vetorino.com\\\/boutique\\\/product\\\/litiere-perlinette-chat-chaton-nac\\\/#primaryimage\",\"url\":\"https:\\\/\\\/www.vetorino.com\\\/boutique\\\/wp-content\\\/uploads\\\/2020\\\/03\\\/8383124-1.jpg\",\"contentUrl\":\"https:\\\/\\\/www.vetorino.com\\\/boutique\\\/wp-content\\\/uploads\\\/2020\\\/03\\\/8383124-1.jpg\",\"width\":1345,\"height\":1564},{\"@type\":\"BreadcrumbList\",\"@id\":\"https:\\\/\\\/www.vetorino.com\\\/boutique\\\/product\\\/litiere-perlinette-chat-chaton-nac\\\/#breadcrumb\",\"itemListElement\":[{\"@type\":\"ListItem\",\"position\":1,\"name\":\"Accueil\",\"item\":\"https:\\\/\\\/www.vetorino.com\\\/boutique\\\/\"},{\"@type\":\"ListItem\",\"position\":2,\"name\":\"Produits\",\"item\":\"https:\\\/\\\/www.vetorino.com\\\/boutique\\\/\"},{\"@type\":\"ListItem\",\"position\":3,\"name\":\"Liti\u00e8re absorbante Perlinette Micro-granules (chat, chaton, NAC)\"}]},{\"@type\":\"WebSite\",\"@id\":\"https:\\\/\\\/www.vetorino.com\\\/boutique\\\/#website\",\"url\":\"https:\\\/\\\/www.vetorino.com\\\/boutique\\\/\",\"name\":\"V\u00e9torino\",\"description\":\"\",\"publisher\":{\"@id\":\"https:\\\/\\\/www.vetorino.com\\\/boutique\\\/#organization\"},\"potentialAction\":[{\"@type\":\"SearchAction\",\"target\":{\"@type\":\"EntryPoint\",\"urlTemplate\":\"https:\\\/\\\/www.vetorino.com\\\/boutique\\\/?s={search_term_string}\"},\"query-input\":{\"@type\":\"PropertyValueSpecification\",\"valueRequired\":true,\"valueName\":\"search_term_string\"}}],\"inLanguage\":\"fr-FR\"},{\"@type\":\"Organization\",\"@id\":\"https:\\\/\\\/www.vetorino.com\\\/boutique\\\/#organization\",\"name\":\"V\u00e9torino\",\"url\":\"https:\\\/\\\/www.vetorino.com\\\/boutique\\\/\",\"logo\":{\"@type\":\"ImageObject\",\"inLanguage\":\"fr-FR\",\"@id\":\"https:\\\/\\\/www.vetorino.com\\\/boutique\\\/#\\\/schema\\\/logo\\\/image\\\/\",\"url\":\"https:\\\/\\\/www.vetorino.com\\\/boutique\\\/wp-content\\\/uploads\\\/2024\\\/10\\\/logo.jpg\",\"contentUrl\":\"https:\\\/\\\/www.vetorino.com\\\/boutique\\\/wp-content\\\/uploads\\\/2024\\\/10\\\/logo.jpg\",\"width\":1200,\"height\":610,\"caption\":\"V\u00e9torino\"},\"image\":{\"@id\":\"https:\\\/\\\/www.vetorino.com\\\/boutique\\\/#\\\/schema\\\/logo\\\/image\\\/\"},\"sameAs\":[\"https:\\\/\\\/www.facebook.com\\\/Vetorino\\\/\",\"https:\\\/\\\/www.instagram.com\\\/vetorino_off\\\/\",\"https:\\\/\\\/www.linkedin.com\\\/company\\\/vtorino\\\/\"]}]}<\/script>\n<meta property=\"product:brand\" content=\"Perlinette\" \/>\n<meta property=\"product:price:amount\" content=\"8.43\" \/>\n<meta property=\"product:price:currency\" content=\"EUR\" \/>\n<meta property=\"og:availability\" content=\"instock\" \/>\n<meta property=\"product:availability\" content=\"instock\" \/>\n<meta property=\"product:retailer_item_id\" content=\"A-8383124\" \/>\n<meta property=\"product:condition\" content=\"new\" \/>\n<!-- \/ Yoast SEO plugin. -->","yoast_head_json":{"title":"Liti\u00e8re absorbante Perlinette Micro-granules (chat, chaton, NAC) Perlinette - V\u00e9torino","description":"Liti\u00e8re \u00e0 grains de tr\u00e8s petite taille, antistatique, l\u00e9g\u00e8re et compacte, en silice 100% biod\u00e9gradable.  Tr\u00e8s absorbante, elle reste toujours s\u00e8che et les odeurs sont emprisonn\u00e9es. Doux pour les pattes.","robots":{"index":"noindex","follow":"nofollow"},"og_locale":"fr_FR","og_type":"article","og_title":"Liti\u00e8re absorbante Perlinette Micro-granules (chat, chaton, NAC) Perlinette - V\u00e9torino","og_description":"Liti\u00e8re \u00e0 grains de tr\u00e8s petite taille, antistatique, l\u00e9g\u00e8re et compacte, en silice 100% biod\u00e9gradable.  Tr\u00e8s absorbante, elle reste toujours s\u00e8che et les odeurs sont emprisonn\u00e9es. Doux pour les pattes.","og_url":"https:\/\/www.vetorino.com\/veterinaire\/beugnies-59216\/boutique\/product\/litiere-perlinette-chat-chaton-nac\/","og_site_name":"V\u00e9torino","article_publisher":"https:\/\/www.facebook.com\/Vetorino\/","article_modified_time":"2024-04-24T08:41:56+00:00","og_image":[{"width":1345,"height":1564,"url":"https:\/\/www.vetorino.com\/boutique\/wp-content\/uploads\/2020\/03\/8383124-1.jpg","type":"image\/jpeg"}],"twitter_card":"summary_large_image","twitter_misc":{"Prix":"8,43&euro;","Disponibilit\u00e9":"En stock"},"schema":{"@context":"https:\/\/schema.org","@graph":[{"@type":"WebPage","@id":"https:\/\/www.vetorino.com\/boutique\/product\/litiere-perlinette-chat-chaton-nac\/","url":"https:\/\/www.vetorino.com\/boutique\/product\/litiere-perlinette-chat-chaton-nac\/","name":"Liti\u00e8re absorbante Perlinette Micro-granules (chat, chaton, NAC) Perlinette - V\u00e9torino","isPartOf":{"@id":"https:\/\/www.vetorino.com\/boutique\/#website"},"primaryImageOfPage":{"@id":"https:\/\/www.vetorino.com\/boutique\/product\/litiere-perlinette-chat-chaton-nac\/#primaryimage"},"image":{"@id":"https:\/\/www.vetorino.com\/boutique\/product\/litiere-perlinette-chat-chaton-nac\/#primaryimage"},"thumbnailUrl":"https:\/\/www.vetorino.com\/boutique\/wp-content\/uploads\/2020\/03\/8383124-1.jpg","datePublished":"2020-03-04T22:57:45+00:00","dateModified":"2024-04-24T08:41:56+00:00","description":"Liti\u00e8re \u00e0 grains de tr\u00e8s petite taille, antistatique, l\u00e9g\u00e8re et compacte, en silice 100% biod\u00e9gradable. Tr\u00e8s absorbante, elle reste toujours s\u00e8che et les odeurs sont emprisonn\u00e9es. Doux pour les pattes.","breadcrumb":{"@id":"https:\/\/www.vetorino.com\/boutique\/product\/litiere-perlinette-chat-chaton-nac\/#breadcrumb"},"inLanguage":"fr-FR","potentialAction":[{"@type":"ReadAction","target":["https:\/\/www.vetorino.com\/boutique\/product\/litiere-perlinette-chat-chaton-nac\/"]}]},{"@type":"ImageObject","inLanguage":"fr-FR","@id":"https:\/\/www.vetorino.com\/boutique\/product\/litiere-perlinette-chat-chaton-nac\/#primaryimage","url":"https:\/\/www.vetorino.com\/boutique\/wp-content\/uploads\/2020\/03\/8383124-1.jpg","contentUrl":"https:\/\/www.vetorino.com\/boutique\/wp-content\/uploads\/2020\/03\/8383124-1.jpg","width":1345,"height":1564},{"@type":"BreadcrumbList","@id":"https:\/\/www.vetorino.com\/boutique\/product\/litiere-perlinette-chat-chaton-nac\/#breadcrumb","itemListElement":[{"@type":"ListItem","position":1,"name":"Accueil","item":"https:\/\/www.vetorino.com\/boutique\/"},{"@type":"ListItem","position":2,"name":"Produits","item":"https:\/\/www.vetorino.com\/boutique\/"},{"@type":"ListItem","position":3,"name":"Liti\u00e8re absorbante Perlinette Micro-granules (chat, chaton, NAC)"}]},{"@type":"WebSite","@id":"https:\/\/www.vetorino.com\/boutique\/#website","url":"https:\/\/www.vetorino.com\/boutique\/","name":"V\u00e9torino","description":"","publisher":{"@id":"https:\/\/www.vetorino.com\/boutique\/#organization"},"potentialAction":[{"@type":"SearchAction","target":{"@type":"EntryPoint","urlTemplate":"https:\/\/www.vetorino.com\/boutique\/?s={search_term_string}"},"query-input":{"@type":"PropertyValueSpecification","valueRequired":true,"valueName":"search_term_string"}}],"inLanguage":"fr-FR"},{"@type":"Organization","@id":"https:\/\/www.vetorino.com\/boutique\/#organization","name":"V\u00e9torino","url":"https:\/\/www.vetorino.com\/boutique\/","logo":{"@type":"ImageObject","inLanguage":"fr-FR","@id":"https:\/\/www.vetorino.com\/boutique\/#\/schema\/logo\/image\/","url":"https:\/\/www.vetorino.com\/boutique\/wp-content\/uploads\/2024\/10\/logo.jpg","contentUrl":"https:\/\/www.vetorino.com\/boutique\/wp-content\/uploads\/2024\/10\/logo.jpg","width":1200,"height":610,"caption":"V\u00e9torino"},"image":{"@id":"https:\/\/www.vetorino.com\/boutique\/#\/schema\/logo\/image\/"},"sameAs":["https:\/\/www.facebook.com\/Vetorino\/","https:\/\/www.instagram.com\/vetorino_off\/","https:\/\/www.linkedin.com\/company\/vtorino\/"]}]},"product_brand":"Perlinette","product_price_amount":"8.43","product_price_currency":"EUR","og_availability":"instock","product_availability":"instock","product_retailer_item_id":"A-8383124","product_condition":"new"},"_links":{"self":[{"href":"https:\/\/www.vetorino.com\/veterinaire\/beugnies-59216\/boutique\/wp-json\/wp\/v2\/product\/37978","targetHints":{"allow":["GET"]}}],"collection":[{"href":"https:\/\/www.vetorino.com\/veterinaire\/beugnies-59216\/boutique\/wp-json\/wp\/v2\/product"}],"about":[{"href":"https:\/\/www.vetorino.com\/veterinaire\/beugnies-59216\/boutique\/wp-json\/wp\/v2\/types\/product"}],"wp:featuredmedia":[{"embeddable":true,"href":"https:\/\/www.vetorino.com\/veterinaire\/beugnies-59216\/boutique\/wp-json\/wp\/v2\/media\/904129"}],"wp:attachment":[{"href":"https:\/\/www.vetorino.com\/veterinaire\/beugnies-59216\/boutique\/wp-json\/wp\/v2\/media?parent=37978"}],"wp:term":[{"taxonomy":"product_cat","embeddable":true,"href":"https:\/\/www.vetorino.com\/veterinaire\/beugnies-59216\/boutique\/wp-json\/wp\/v2\/product_cat?post=37978"},{"taxonomy":"product_tag","embeddable":true,"href":"https:\/\/www.vetorino.com\/veterinaire\/beugnies-59216\/boutique\/wp-json\/wp\/v2\/product_tag?post=37978"}],"curies":[{"name":"wp","href":"https:\/\/api.w.org\/{rel}","templated":true}]}}