{"id":38058,"date":"2020-03-04T23:58:15","date_gmt":"2020-03-04T22:58:15","guid":{"rendered":"https:\/\/www.vetorino.com\/boutique\/product\/recovery-plus-petit-herbivore\/"},"modified":"2024-06-18T17:21:06","modified_gmt":"2024-06-18T15:21:06","slug":"recovery-plus-petit-herbivore","status":"publish","type":"product","link":"https:\/\/www.vetorino.com\/veterinaire\/beugnies-59216\/boutique\/product\/recovery-plus-petit-herbivore\/","title":{"rendered":"Selective RecoveryPlus Liquide"},"content":{"rendered":"<p><strong>Recovery est un r\u00e9gime nutritionnel complet et r\u00e9hydratable, destin\u00e9 aux petits herbivores malades ou en convalescence.<br \/>\n<\/strong><\/p>\n<p>Il convient \u00e0 une alimentation liquide \u00e0 long terme et est id\u00e9al pour l\u2019alimentation par seringue ou l\u2019auto-alimentation dans un bol. Il aide \u00e0 favoriser la r\u00e9cup\u00e9ration efficace de la stase Gastrique et fournit un soutien nutritionnel pendant les situations de soins critiques.<\/p>\n<p><strong>Utilisation :\u00a0<\/strong><\/p>\n<ul>\n<li>Petits herbivores malades ou convalescents.<\/li>\n<li>Convient aux lapins, cochons d&#8217;Inde, chinchillas ou octodons.<\/li>\n<\/ul>\n<p><strong>Bienfaits essentiels :<\/strong><\/p>\n<ul>\n<li>R\u00e9hydratable, permet de reconstituer un aliment complet liquide pour les petits animaux malades ou convalescents.<\/li>\n<li>Convient pour un nourrissage \u00e0 la seringue &#8211; une seringue est offerte dans chaque boite.<\/li>\n<li>App\u00e9tence \u00e9lev\u00e9e afin de stimuler l&#8217;app\u00e9tit<\/li>\n<li>Sans sucres ajout\u00e9s ni colorants artificiels.<\/li>\n<li>Riche en fibres.<\/li>\n<\/ul>\n","protected":false},"excerpt":{"rendered":"<p><strong>RecoveryPlus est un r\u00e9gime nutritionnel complet et r\u00e9hydratable con\u00e7u pour fournir un soutien nutritionnel intensif aux petits herbivores malades ou en convalescence.<\/strong><br \/>\n<strong>Utilisation :<\/strong><\/p>\n<ul>\n<li>Petits herbivores malades ou convalescents.<\/li>\n<\/ul>\n","protected":false},"featured_media":950900,"template":"","meta":[],"product_cat":[12578,12580,12661,2812,12563,2727,12570],"product_tag":[],"class_list":{"0":"post-38058","1":"product","2":"type-product","3":"status-publish","4":"has-post-thumbnail","6":"product_cat-alimentation-du-lapin","7":"product_cat-alimentation-du-rongeur","8":"product_cat-alimentation-medicalisee-pour-rongeur","9":"product_cat-alimentation-pour-lapin-rongeur","10":"product_cat-lapin","11":"product_cat-nac","12":"product_cat-rongeur","13":"pa_marque-supreme-petfoods","15":"first","16":"instock","17":"taxable","18":"shipping-taxable","19":"purchasable","20":"product-type-simple"},"yoast_head":"<!-- This site is optimized with the Yoast SEO plugin v27.3 - https:\/\/yoast.com\/product\/yoast-seo-wordpress\/ -->\n<title>Selective RecoveryPlus Liquide Supreme Petfoods - V\u00e9torino<\/title>\n<meta name=\"description\" content=\"RecoveryPlus est un r\u00e9gime nutritionnel complet et r\u00e9hydratable con\u00e7u pour fournir un soutien nutritionnel intensif aux petits herbivores malades ou en convalescence. Utilisation :   Petits herbivores malades ou convalescents.\" \/>\n<meta name=\"robots\" content=\"noindex, nofollow\" \/>\n<meta property=\"og:locale\" content=\"fr_FR\" \/>\n<meta property=\"og:type\" content=\"article\" \/>\n<meta property=\"og:title\" content=\"Selective RecoveryPlus Liquide Supreme Petfoods - V\u00e9torino\" \/>\n<meta property=\"og:description\" content=\"RecoveryPlus est un r\u00e9gime nutritionnel complet et r\u00e9hydratable con\u00e7u pour fournir un soutien nutritionnel intensif aux petits herbivores malades ou en convalescence. Utilisation :   Petits herbivores malades ou convalescents.\" \/>\n<meta property=\"og:url\" content=\"https:\/\/www.vetorino.com\/veterinaire\/beugnies-59216\/boutique\/product\/recovery-plus-petit-herbivore\/\" \/>\n<meta property=\"og:site_name\" content=\"V\u00e9torino\" \/>\n<meta property=\"article:publisher\" content=\"https:\/\/www.facebook.com\/Vetorino\/\" \/>\n<meta property=\"article:modified_time\" content=\"2024-06-18T15:21:06+00:00\" \/>\n<meta property=\"og:image\" content=\"https:\/\/www.vetorino.com\/boutique\/wp-content\/uploads\/2020\/03\/ALINAC-8111590.png\" \/>\n\t<meta property=\"og:image:width\" content=\"828\" \/>\n\t<meta property=\"og:image:height\" content=\"720\" \/>\n\t<meta property=\"og:image:type\" content=\"image\/png\" \/>\n<meta name=\"twitter:card\" content=\"summary_large_image\" \/>\n<meta name=\"twitter:label1\" content=\"Prix\" \/>\n\t<meta name=\"twitter:data1\" content=\"40,81&euro;\" \/>\n\t<meta name=\"twitter:label2\" content=\"Disponibilit\u00e9\" \/>\n\t<meta name=\"twitter:data2\" content=\"En stock\" \/>\n<script type=\"application\/ld+json\" class=\"yoast-schema-graph\">{\"@context\":\"https:\\\/\\\/schema.org\",\"@graph\":[{\"@type\":\"WebPage\",\"@id\":\"https:\\\/\\\/www.vetorino.com\\\/boutique\\\/product\\\/recovery-plus-petit-herbivore\\\/\",\"url\":\"https:\\\/\\\/www.vetorino.com\\\/boutique\\\/product\\\/recovery-plus-petit-herbivore\\\/\",\"name\":\"Selective RecoveryPlus Liquide Supreme Petfoods - V\u00e9torino\",\"isPartOf\":{\"@id\":\"https:\\\/\\\/www.vetorino.com\\\/boutique\\\/#website\"},\"primaryImageOfPage\":{\"@id\":\"https:\\\/\\\/www.vetorino.com\\\/boutique\\\/product\\\/recovery-plus-petit-herbivore\\\/#primaryimage\"},\"image\":{\"@id\":\"https:\\\/\\\/www.vetorino.com\\\/boutique\\\/product\\\/recovery-plus-petit-herbivore\\\/#primaryimage\"},\"thumbnailUrl\":\"https:\\\/\\\/www.vetorino.com\\\/boutique\\\/wp-content\\\/uploads\\\/2020\\\/03\\\/ALINAC-8111590.png\",\"datePublished\":\"2020-03-04T22:58:15+00:00\",\"dateModified\":\"2024-06-18T15:21:06+00:00\",\"description\":\"RecoveryPlus est un r\u00e9gime nutritionnel complet et r\u00e9hydratable con\u00e7u pour fournir un soutien nutritionnel intensif aux petits herbivores malades ou en convalescence. Utilisation : Petits herbivores malades ou convalescents.\",\"breadcrumb\":{\"@id\":\"https:\\\/\\\/www.vetorino.com\\\/boutique\\\/product\\\/recovery-plus-petit-herbivore\\\/#breadcrumb\"},\"inLanguage\":\"fr-FR\",\"potentialAction\":[{\"@type\":\"ReadAction\",\"target\":[\"https:\\\/\\\/www.vetorino.com\\\/boutique\\\/product\\\/recovery-plus-petit-herbivore\\\/\"]}]},{\"@type\":\"ImageObject\",\"inLanguage\":\"fr-FR\",\"@id\":\"https:\\\/\\\/www.vetorino.com\\\/boutique\\\/product\\\/recovery-plus-petit-herbivore\\\/#primaryimage\",\"url\":\"https:\\\/\\\/www.vetorino.com\\\/boutique\\\/wp-content\\\/uploads\\\/2020\\\/03\\\/ALINAC-8111590.png\",\"contentUrl\":\"https:\\\/\\\/www.vetorino.com\\\/boutique\\\/wp-content\\\/uploads\\\/2020\\\/03\\\/ALINAC-8111590.png\",\"width\":828,\"height\":720},{\"@type\":\"BreadcrumbList\",\"@id\":\"https:\\\/\\\/www.vetorino.com\\\/boutique\\\/product\\\/recovery-plus-petit-herbivore\\\/#breadcrumb\",\"itemListElement\":[{\"@type\":\"ListItem\",\"position\":1,\"name\":\"Accueil\",\"item\":\"https:\\\/\\\/www.vetorino.com\\\/boutique\\\/\"},{\"@type\":\"ListItem\",\"position\":2,\"name\":\"Produits\",\"item\":\"https:\\\/\\\/www.vetorino.com\\\/boutique\\\/\"},{\"@type\":\"ListItem\",\"position\":3,\"name\":\"Selective RecoveryPlus Liquide\"}]},{\"@type\":\"WebSite\",\"@id\":\"https:\\\/\\\/www.vetorino.com\\\/boutique\\\/#website\",\"url\":\"https:\\\/\\\/www.vetorino.com\\\/boutique\\\/\",\"name\":\"V\u00e9torino\",\"description\":\"\",\"publisher\":{\"@id\":\"https:\\\/\\\/www.vetorino.com\\\/boutique\\\/#organization\"},\"potentialAction\":[{\"@type\":\"SearchAction\",\"target\":{\"@type\":\"EntryPoint\",\"urlTemplate\":\"https:\\\/\\\/www.vetorino.com\\\/boutique\\\/?s={search_term_string}\"},\"query-input\":{\"@type\":\"PropertyValueSpecification\",\"valueRequired\":true,\"valueName\":\"search_term_string\"}}],\"inLanguage\":\"fr-FR\"},{\"@type\":\"Organization\",\"@id\":\"https:\\\/\\\/www.vetorino.com\\\/boutique\\\/#organization\",\"name\":\"V\u00e9torino\",\"url\":\"https:\\\/\\\/www.vetorino.com\\\/boutique\\\/\",\"logo\":{\"@type\":\"ImageObject\",\"inLanguage\":\"fr-FR\",\"@id\":\"https:\\\/\\\/www.vetorino.com\\\/boutique\\\/#\\\/schema\\\/logo\\\/image\\\/\",\"url\":\"https:\\\/\\\/www.vetorino.com\\\/boutique\\\/wp-content\\\/uploads\\\/2024\\\/10\\\/logo.jpg\",\"contentUrl\":\"https:\\\/\\\/www.vetorino.com\\\/boutique\\\/wp-content\\\/uploads\\\/2024\\\/10\\\/logo.jpg\",\"width\":1200,\"height\":610,\"caption\":\"V\u00e9torino\"},\"image\":{\"@id\":\"https:\\\/\\\/www.vetorino.com\\\/boutique\\\/#\\\/schema\\\/logo\\\/image\\\/\"},\"sameAs\":[\"https:\\\/\\\/www.facebook.com\\\/Vetorino\\\/\",\"https:\\\/\\\/www.instagram.com\\\/vetorino_off\\\/\",\"https:\\\/\\\/www.linkedin.com\\\/company\\\/vtorino\\\/\"]}]}<\/script>\n<meta property=\"product:brand\" content=\"Supreme Petfoods\" \/>\n<meta property=\"product:price:amount\" content=\"40.81\" \/>\n<meta property=\"product:price:currency\" content=\"EUR\" \/>\n<meta property=\"og:availability\" content=\"instock\" \/>\n<meta property=\"product:availability\" content=\"instock\" \/>\n<meta property=\"product:retailer_item_id\" content=\"A-8111590\" \/>\n<meta property=\"product:condition\" content=\"new\" \/>\n<!-- \/ Yoast SEO plugin. -->","yoast_head_json":{"title":"Selective RecoveryPlus Liquide Supreme Petfoods - V\u00e9torino","description":"RecoveryPlus est un r\u00e9gime nutritionnel complet et r\u00e9hydratable con\u00e7u pour fournir un soutien nutritionnel intensif aux petits herbivores malades ou en convalescence. Utilisation :   Petits herbivores malades ou convalescents.","robots":{"index":"noindex","follow":"nofollow"},"og_locale":"fr_FR","og_type":"article","og_title":"Selective RecoveryPlus Liquide Supreme Petfoods - V\u00e9torino","og_description":"RecoveryPlus est un r\u00e9gime nutritionnel complet et r\u00e9hydratable con\u00e7u pour fournir un soutien nutritionnel intensif aux petits herbivores malades ou en convalescence. Utilisation :   Petits herbivores malades ou convalescents.","og_url":"https:\/\/www.vetorino.com\/veterinaire\/beugnies-59216\/boutique\/product\/recovery-plus-petit-herbivore\/","og_site_name":"V\u00e9torino","article_publisher":"https:\/\/www.facebook.com\/Vetorino\/","article_modified_time":"2024-06-18T15:21:06+00:00","og_image":[{"width":828,"height":720,"url":"https:\/\/www.vetorino.com\/boutique\/wp-content\/uploads\/2020\/03\/ALINAC-8111590.png","type":"image\/png"}],"twitter_card":"summary_large_image","twitter_misc":{"Prix":"40,81&euro;","Disponibilit\u00e9":"En stock"},"schema":{"@context":"https:\/\/schema.org","@graph":[{"@type":"WebPage","@id":"https:\/\/www.vetorino.com\/boutique\/product\/recovery-plus-petit-herbivore\/","url":"https:\/\/www.vetorino.com\/boutique\/product\/recovery-plus-petit-herbivore\/","name":"Selective RecoveryPlus Liquide Supreme Petfoods - V\u00e9torino","isPartOf":{"@id":"https:\/\/www.vetorino.com\/boutique\/#website"},"primaryImageOfPage":{"@id":"https:\/\/www.vetorino.com\/boutique\/product\/recovery-plus-petit-herbivore\/#primaryimage"},"image":{"@id":"https:\/\/www.vetorino.com\/boutique\/product\/recovery-plus-petit-herbivore\/#primaryimage"},"thumbnailUrl":"https:\/\/www.vetorino.com\/boutique\/wp-content\/uploads\/2020\/03\/ALINAC-8111590.png","datePublished":"2020-03-04T22:58:15+00:00","dateModified":"2024-06-18T15:21:06+00:00","description":"RecoveryPlus est un r\u00e9gime nutritionnel complet et r\u00e9hydratable con\u00e7u pour fournir un soutien nutritionnel intensif aux petits herbivores malades ou en convalescence. Utilisation : Petits herbivores malades ou convalescents.","breadcrumb":{"@id":"https:\/\/www.vetorino.com\/boutique\/product\/recovery-plus-petit-herbivore\/#breadcrumb"},"inLanguage":"fr-FR","potentialAction":[{"@type":"ReadAction","target":["https:\/\/www.vetorino.com\/boutique\/product\/recovery-plus-petit-herbivore\/"]}]},{"@type":"ImageObject","inLanguage":"fr-FR","@id":"https:\/\/www.vetorino.com\/boutique\/product\/recovery-plus-petit-herbivore\/#primaryimage","url":"https:\/\/www.vetorino.com\/boutique\/wp-content\/uploads\/2020\/03\/ALINAC-8111590.png","contentUrl":"https:\/\/www.vetorino.com\/boutique\/wp-content\/uploads\/2020\/03\/ALINAC-8111590.png","width":828,"height":720},{"@type":"BreadcrumbList","@id":"https:\/\/www.vetorino.com\/boutique\/product\/recovery-plus-petit-herbivore\/#breadcrumb","itemListElement":[{"@type":"ListItem","position":1,"name":"Accueil","item":"https:\/\/www.vetorino.com\/boutique\/"},{"@type":"ListItem","position":2,"name":"Produits","item":"https:\/\/www.vetorino.com\/boutique\/"},{"@type":"ListItem","position":3,"name":"Selective RecoveryPlus Liquide"}]},{"@type":"WebSite","@id":"https:\/\/www.vetorino.com\/boutique\/#website","url":"https:\/\/www.vetorino.com\/boutique\/","name":"V\u00e9torino","description":"","publisher":{"@id":"https:\/\/www.vetorino.com\/boutique\/#organization"},"potentialAction":[{"@type":"SearchAction","target":{"@type":"EntryPoint","urlTemplate":"https:\/\/www.vetorino.com\/boutique\/?s={search_term_string}"},"query-input":{"@type":"PropertyValueSpecification","valueRequired":true,"valueName":"search_term_string"}}],"inLanguage":"fr-FR"},{"@type":"Organization","@id":"https:\/\/www.vetorino.com\/boutique\/#organization","name":"V\u00e9torino","url":"https:\/\/www.vetorino.com\/boutique\/","logo":{"@type":"ImageObject","inLanguage":"fr-FR","@id":"https:\/\/www.vetorino.com\/boutique\/#\/schema\/logo\/image\/","url":"https:\/\/www.vetorino.com\/boutique\/wp-content\/uploads\/2024\/10\/logo.jpg","contentUrl":"https:\/\/www.vetorino.com\/boutique\/wp-content\/uploads\/2024\/10\/logo.jpg","width":1200,"height":610,"caption":"V\u00e9torino"},"image":{"@id":"https:\/\/www.vetorino.com\/boutique\/#\/schema\/logo\/image\/"},"sameAs":["https:\/\/www.facebook.com\/Vetorino\/","https:\/\/www.instagram.com\/vetorino_off\/","https:\/\/www.linkedin.com\/company\/vtorino\/"]}]},"product_brand":"Supreme Petfoods","product_price_amount":"40.81","product_price_currency":"EUR","og_availability":"instock","product_availability":"instock","product_retailer_item_id":"A-8111590","product_condition":"new"},"_links":{"self":[{"href":"https:\/\/www.vetorino.com\/veterinaire\/beugnies-59216\/boutique\/wp-json\/wp\/v2\/product\/38058","targetHints":{"allow":["GET"]}}],"collection":[{"href":"https:\/\/www.vetorino.com\/veterinaire\/beugnies-59216\/boutique\/wp-json\/wp\/v2\/product"}],"about":[{"href":"https:\/\/www.vetorino.com\/veterinaire\/beugnies-59216\/boutique\/wp-json\/wp\/v2\/types\/product"}],"wp:featuredmedia":[{"embeddable":true,"href":"https:\/\/www.vetorino.com\/veterinaire\/beugnies-59216\/boutique\/wp-json\/wp\/v2\/media\/950900"}],"wp:attachment":[{"href":"https:\/\/www.vetorino.com\/veterinaire\/beugnies-59216\/boutique\/wp-json\/wp\/v2\/media?parent=38058"}],"wp:term":[{"taxonomy":"product_cat","embeddable":true,"href":"https:\/\/www.vetorino.com\/veterinaire\/beugnies-59216\/boutique\/wp-json\/wp\/v2\/product_cat?post=38058"},{"taxonomy":"product_tag","embeddable":true,"href":"https:\/\/www.vetorino.com\/veterinaire\/beugnies-59216\/boutique\/wp-json\/wp\/v2\/product_tag?post=38058"}],"curies":[{"name":"wp","href":"https:\/\/api.w.org\/{rel}","templated":true}]}}